{"id":17969,"date":"2025-04-23T14:19:55","date_gmt":"2025-04-23T11:19:55","guid":{"rendered":"https:\/\/skaitytaknyga.lt\/?post_type=product&#038;p=17969"},"modified":"2025-05-15T13:25:25","modified_gmt":"2025-05-15T10:25:25","slug":"pasaka-apie-galiuna-dziuga","status":"publish","type":"product","link":"https:\/\/skaitytaknyga.lt\/en\/produktas\/pasaka-apie-galiuna-dziuga\/","title":{"rendered":"Pasaka apie gali\u016bn\u0105 D\u017eiug\u0105"},"content":{"rendered":"<p>Kokia buvo \u017demaitijos sostin\u0117s \u2013 Tel\u0161i\u0173 \u2013 \u012fk\u016br\u0117jo gali\u016bno D\u017eiugo vaikyst\u0117, kaip jis augo ir tvirt\u0117jo, nuveikdamas tik gerus darbus, \u2013 visa tai su\u017einosite, jei \u0161ioje knygel\u0117je leisit\u0117s su D\u017eiugu \u012f jo pasaul\u012f, kupin\u0105 nepatirt\u0173 nuotyki\u0173 ir netik\u0117t\u0173 atradim\u0173.<\/p>\n<p class=\"\" data-start=\"893\" data-end=\"916\"><strong data-start=\"893\" data-end=\"916\">Knygos informacija:<\/strong><\/p>\n<ul>\n<li data-start=\"920\" data-end=\"973\"><strong data-start=\"920\" data-end=\"933\">Autorius:<\/strong> <span class=\"relative -mx-px my-[-0.2rem] rounded px-px py-[0.2rem] transition-colors duration-100 ease-in-out\">Steponas Algirdas Da\u010dkevi\u010dius<\/span><\/li>\n<li data-start=\"976\" data-end=\"994\"><strong data-start=\"976\" data-end=\"989\">Leid\u0117jas:<\/strong> Vaga<\/li>\n<li data-start=\"997\" data-end=\"1012\"><strong data-start=\"997\" data-end=\"1007\">Metai:<\/strong> 2013<\/li>\n<li data-start=\"1015\" data-end=\"1032\"><strong data-start=\"1015\" data-end=\"1029\">Puslapiai:<\/strong> 32<\/li>\n<li data-start=\"1035\" data-end=\"1084\"><strong data-start=\"1035\" data-end=\"1044\">ISBN:<\/strong> <span class=\"relative -mx-px my-[-0.2rem] rounded px-px py-[0.2rem] transition-colors duration-100 ease-in-out\">9789955466499<\/span><\/li>\n<li data-start=\"1087\" data-end=\"1140\"><strong data-start=\"1087\" data-end=\"1100\">Formatas:<\/strong> <span class=\"relative -mx-px my-[-0.2rem] rounded px-px py-[0.2rem] transition-colors duration-100 ease-in-out\">21,5 x 20,5 cm, kieti vir\u0161eliai<\/span><\/li>\n<li data-start=\"1143\" data-end=\"1193\"><strong data-start=\"1143\" data-end=\"1153\">Kalba:<\/strong> <span class=\"relative -mx-px my-[-0.2rem] rounded px-px py-[0.2rem] transition-colors duration-100 ease-in-out\">Lietuvi\u0173<\/span><\/li>\n<\/ul>\n","protected":false},"excerpt":{"rendered":"<p>Kokia buvo \u017demaitijos sostin\u0117s \u2013 Tel\u0161i\u0173 \u2013 \u012fk\u016br\u0117jo gali\u016bno D\u017eiugo vaikyst\u0117, kaip jis augo ir tvirt\u0117jo, nuveikdamas tik gerus darbus, \u2013 visa tai su\u017einosite, jei \u0161ioje knygel\u0117je leisit\u0117s su D\u017eiugu \u012f jo pasaul\u012f, kupin\u0105 nepatirt\u0173 nuotyki\u0173 ir netik\u0117t\u0173 atradim\u0173. Knygos informacija: Autorius: Steponas Algirdas Da\u010dkevi\u010dius Leid\u0117jas: Vaga Metai: 2013 Puslapiai: 32 ISBN: 9789955466499 Formatas: 21,5 x 20,5 cm, kieti vir\u0161eliai Kalba: Lietuvi\u0173<\/p>\n","protected":false},"featured_media":18048,"comment_status":"open","ping_status":"closed","template":"","meta":{"_acf_changed":false,"site-sidebar-layout":"default","site-content-layout":"","ast-site-content-layout":"default","site-content-style":"default","site-sidebar-style":"default","ast-global-header-display":"","ast-banner-title-visibility":"","ast-main-header-display":"","ast-hfb-above-header-display":"","ast-hfb-below-header-display":"","ast-hfb-mobile-header-display":"","site-post-title":"","ast-breadcrumbs-content":"","ast-featured-img":"","footer-sml-layout":"","ast-disable-related-posts":"","theme-transparent-header-meta":"default","adv-header-id-meta":"","stick-header-meta":"","header-above-stick-meta":"","header-main-stick-meta":"","header-below-stick-meta":"","astra-migrate-meta-layouts":"set","ast-page-background-enabled":"default","ast-page-background-meta":{"desktop":{"background-color":"","background-image":"","background-repeat":"repeat","background-position":"center center","background-size":"auto","background-attachment":"scroll","background-type":"","background-media":"","overlay-type":"","overlay-color":"","overlay-opacity":"","overlay-gradient":""},"tablet":{"background-color":"","background-image":"","background-repeat":"repeat","background-position":"center center","background-size":"auto","background-attachment":"scroll","background-type":"","background-media":"","overlay-type":"","overlay-color":"","overlay-opacity":"","overlay-gradient":""},"mobile":{"background-color":"","background-image":"","background-repeat":"repeat","background-position":"center center","background-size":"auto","background-attachment":"scroll","background-type":"","background-media":"","overlay-type":"","overlay-color":"","overlay-opacity":"","overlay-gradient":""}},"ast-content-background-meta":{"desktop":{"background-color":"var(--ast-global-color-4)","background-image":"","background-repeat":"repeat","background-position":"center center","background-size":"auto","background-attachment":"scroll","background-type":"","background-media":"","overlay-type":"","overlay-color":"","overlay-opacity":"","overlay-gradient":""},"tablet":{"background-color":"var(--ast-global-color-4)","background-image":"","background-repeat":"repeat","background-position":"center center","background-size":"auto","background-attachment":"scroll","background-type":"","background-media":"","overlay-type":"","overlay-color":"","overlay-opacity":"","overlay-gradient":""},"mobile":{"background-color":"var(--ast-global-color-4)","background-image":"","background-repeat":"repeat","background-position":"center center","background-size":"auto","background-attachment":"scroll","background-type":"","background-media":"","overlay-type":"","overlay-color":"","overlay-opacity":"","overlay-gradient":""}}},"product_brand":[],"product_cat":[35,15],"product_tag":[3361,1451,3360,3362,3131],"class_list":{"0":"post-17969","1":"product","2":"type-product","3":"status-publish","4":"has-post-thumbnail","6":"product_cat-vaikams-ir-paaugliams","7":"product_cat-uncategorized","8":"product_tag-galiunas-dziugas","9":"product_tag-nuotykiai","10":"product_tag-steponas-algirdas-dackevicius","11":"product_tag-telsiai","12":"product_tag-vaikyste","13":"desktop-align-left","14":"tablet-align-left","15":"mobile-align-left","17":"first","18":"instock","19":"shipping-taxable","20":"purchasable","21":"product-type-simple"},"acf":[],"yoast_head":"<!-- This site is optimized with the Yoast SEO plugin v27.4 - https:\/\/yoast.com\/product\/yoast-seo-wordpress\/ -->\n<title>Pasaka apie gali\u016bn\u0105 D\u017eiug\u0105<\/title>\n<meta name=\"description\" content=\"Kokia buvo \u017demaitijos sostin\u0117s \u2013 Tel\u0161i\u0173 \u2013 \u012fk\u016br\u0117jo gali\u016bno D\u017eiugo vaikyst\u0117, kaip jis augo ir tvirt\u0117jo, nuveikdamas tik gerus darbus, \u2013 visa tai su\u017einosite,\" \/>\n<meta name=\"robots\" content=\"index, follow, max-snippet:-1, max-image-preview:large, max-video-preview:-1\" \/>\n<link rel=\"canonical\" href=\"https:\/\/skaitytaknyga.lt\/en\/produktas\/pasaka-apie-galiuna-dziuga\/\" \/>\n<meta property=\"og:locale\" content=\"en_GB\" \/>\n<meta property=\"og:locale:alternate\" content=\"lt_LT\" \/>\n<meta property=\"og:type\" content=\"article\" \/>\n<meta property=\"og:title\" content=\"Pasaka apie gali\u016bn\u0105 D\u017eiug\u0105\" \/>\n<meta property=\"og:description\" content=\"Kokia buvo \u017demaitijos sostin\u0117s \u2013 Tel\u0161i\u0173 \u2013 \u012fk\u016br\u0117jo gali\u016bno D\u017eiugo vaikyst\u0117, kaip jis augo ir tvirt\u0117jo, nuveikdamas tik gerus darbus, \u2013 visa tai su\u017einosite,\" \/>\n<meta property=\"og:url\" content=\"https:\/\/skaitytaknyga.lt\/en\/produktas\/pasaka-apie-galiuna-dziuga\/\" \/>\n<meta property=\"og:site_name\" content=\"Skaitytaknyga\" \/>\n<meta property=\"article:publisher\" content=\"https:\/\/www.facebook.com\/skaitytaknyga\/\" \/>\n<meta property=\"article:modified_time\" content=\"2025-05-15T10:25:25+00:00\" \/>\n<meta property=\"og:image\" content=\"https:\/\/skaitytaknyga.lt\/wp-content\/uploads\/2025\/04\/Pasaka-apie-galiuna-Dziuga.webp\" \/>\n\t<meta property=\"og:image:width\" content=\"834\" \/>\n\t<meta property=\"og:image:height\" content=\"800\" \/>\n\t<meta property=\"og:image:type\" content=\"image\/webp\" \/>\n<meta name=\"twitter:card\" content=\"summary_large_image\" \/>\n<meta name=\"twitter:label1\" content=\"Estimated reading time\" \/>\n\t<meta name=\"twitter:data1\" content=\"1 minute\" \/>\n<script type=\"application\/ld+json\" class=\"yoast-schema-graph\">{\"@context\":\"https:\\\/\\\/schema.org\",\"@graph\":[{\"@type\":\"WebPage\",\"@id\":\"https:\\\/\\\/skaitytaknyga.lt\\\/produktas\\\/pasaka-apie-galiuna-dziuga\\\/\",\"url\":\"https:\\\/\\\/skaitytaknyga.lt\\\/produktas\\\/pasaka-apie-galiuna-dziuga\\\/\",\"name\":\"Pasaka apie gali\u016bn\u0105 D\u017eiug\u0105\",\"isPartOf\":{\"@id\":\"https:\\\/\\\/skaitytaknyga.lt\\\/#website\"},\"primaryImageOfPage\":{\"@id\":\"https:\\\/\\\/skaitytaknyga.lt\\\/produktas\\\/pasaka-apie-galiuna-dziuga\\\/#primaryimage\"},\"image\":{\"@id\":\"https:\\\/\\\/skaitytaknyga.lt\\\/produktas\\\/pasaka-apie-galiuna-dziuga\\\/#primaryimage\"},\"thumbnailUrl\":\"https:\\\/\\\/skaitytaknyga.lt\\\/wp-content\\\/uploads\\\/2025\\\/04\\\/Pasaka-apie-galiuna-Dziuga.webp\",\"datePublished\":\"2025-04-23T11:19:55+00:00\",\"dateModified\":\"2025-05-15T10:25:25+00:00\",\"description\":\"Kokia buvo \u017demaitijos sostin\u0117s \u2013 Tel\u0161i\u0173 \u2013 \u012fk\u016br\u0117jo gali\u016bno D\u017eiugo vaikyst\u0117, kaip jis augo ir tvirt\u0117jo, nuveikdamas tik gerus darbus, \u2013 visa tai su\u017einosite,\",\"breadcrumb\":{\"@id\":\"https:\\\/\\\/skaitytaknyga.lt\\\/produktas\\\/pasaka-apie-galiuna-dziuga\\\/#breadcrumb\"},\"inLanguage\":\"en-GB\",\"potentialAction\":[{\"@type\":\"ReadAction\",\"target\":[\"https:\\\/\\\/skaitytaknyga.lt\\\/produktas\\\/pasaka-apie-galiuna-dziuga\\\/\"]}]},{\"@type\":\"ImageObject\",\"inLanguage\":\"en-GB\",\"@id\":\"https:\\\/\\\/skaitytaknyga.lt\\\/produktas\\\/pasaka-apie-galiuna-dziuga\\\/#primaryimage\",\"url\":\"https:\\\/\\\/skaitytaknyga.lt\\\/wp-content\\\/uploads\\\/2025\\\/04\\\/Pasaka-apie-galiuna-Dziuga.webp\",\"contentUrl\":\"https:\\\/\\\/skaitytaknyga.lt\\\/wp-content\\\/uploads\\\/2025\\\/04\\\/Pasaka-apie-galiuna-Dziuga.webp\",\"width\":834,\"height\":800,\"caption\":\"Pasaka apie gali\u016bn\u0105 D\u017eiug\u0105\"},{\"@type\":\"BreadcrumbList\",\"@id\":\"https:\\\/\\\/skaitytaknyga.lt\\\/produktas\\\/pasaka-apie-galiuna-dziuga\\\/#breadcrumb\",\"itemListElement\":[{\"@type\":\"ListItem\",\"position\":1,\"name\":\"Home\",\"item\":\"https:\\\/\\\/skaitytaknyga.lt\\\/\"},{\"@type\":\"ListItem\",\"position\":2,\"name\":\"Parduotuv\u0117\",\"item\":\"https:\\\/\\\/skaitytaknyga.lt\\\/knygu-parduotuve\\\/\"},{\"@type\":\"ListItem\",\"position\":3,\"name\":\"Pasaka apie gali\u016bn\u0105 D\u017eiug\u0105\"}]},{\"@type\":\"WebSite\",\"@id\":\"https:\\\/\\\/skaitytaknyga.lt\\\/#website\",\"url\":\"https:\\\/\\\/skaitytaknyga.lt\\\/\",\"name\":\"skaitytaknyga.lt\",\"description\":\"Skaitytaknyga.lt \u2013 tai ma\u017eas \u0161eimos verslas, kuris prasid\u0117jo nuo meil\u0117s knygoms ir siekio i\u0161gelb\u0117ti knygas nuo likimo prie konteinerio. Kas vienam nereikalingas daiktas \u2013 kitam lobis, o mes esame tarpininkai, kurie padeda abiems tapti laimingesniems ???? \u017dinome kaip nelengva i\u0161gyventi ma\u017eiems verslams, tad nuo \u0161iol, \u010dia rasite ir kit\u0173, ma\u017e\u0173 \u0161eim\u0173 versl\u0173, rank\u0173 darbo, dovan\u0173 sau ir artimiesiems.\",\"publisher\":{\"@id\":\"https:\\\/\\\/skaitytaknyga.lt\\\/#organization\"},\"potentialAction\":[{\"@type\":\"SearchAction\",\"target\":{\"@type\":\"EntryPoint\",\"urlTemplate\":\"https:\\\/\\\/skaitytaknyga.lt\\\/?s={search_term_string}\"},\"query-input\":{\"@type\":\"PropertyValueSpecification\",\"valueRequired\":true,\"valueName\":\"search_term_string\"}}],\"inLanguage\":\"en-GB\"},{\"@type\":\"Organization\",\"@id\":\"https:\\\/\\\/skaitytaknyga.lt\\\/#organization\",\"name\":\"skaitytaknyga.lt\",\"url\":\"https:\\\/\\\/skaitytaknyga.lt\\\/\",\"logo\":{\"@type\":\"ImageObject\",\"inLanguage\":\"en-GB\",\"@id\":\"https:\\\/\\\/skaitytaknyga.lt\\\/#\\\/schema\\\/logo\\\/image\\\/\",\"url\":\"https:\\\/\\\/skaitytaknyga.lt\\\/wp-content\\\/uploads\\\/2024\\\/05\\\/cropped-cropped-cropped-02_00843_jt3bggkj1j3HLc7SyY6rEUpg.jpeg\",\"contentUrl\":\"https:\\\/\\\/skaitytaknyga.lt\\\/wp-content\\\/uploads\\\/2024\\\/05\\\/cropped-cropped-cropped-02_00843_jt3bggkj1j3HLc7SyY6rEUpg.jpeg\",\"width\":1600,\"height\":1600,\"caption\":\"skaitytaknyga.lt\"},\"image\":{\"@id\":\"https:\\\/\\\/skaitytaknyga.lt\\\/#\\\/schema\\\/logo\\\/image\\\/\"},\"sameAs\":[\"https:\\\/\\\/www.facebook.com\\\/skaitytaknyga\\\/\"]}]}<\/script>\n<!-- \/ Yoast SEO plugin. -->","yoast_head_json":{"title":"Pasaka apie gali\u016bn\u0105 D\u017eiug\u0105","description":"Kokia buvo \u017demaitijos sostin\u0117s \u2013 Tel\u0161i\u0173 \u2013 \u012fk\u016br\u0117jo gali\u016bno D\u017eiugo vaikyst\u0117, kaip jis augo ir tvirt\u0117jo, nuveikdamas tik gerus darbus, \u2013 visa tai su\u017einosite,","robots":{"index":"index","follow":"follow","max-snippet":"max-snippet:-1","max-image-preview":"max-image-preview:large","max-video-preview":"max-video-preview:-1"},"canonical":"https:\/\/skaitytaknyga.lt\/en\/produktas\/pasaka-apie-galiuna-dziuga\/","og_locale":"en_GB","og_type":"article","og_title":"[:lt]Pasaka apie gali\u016bn\u0105 D\u017eiug\u0105[:] - Skaitytaknyga","og_description":"Kokia buvo \u017demaitijos sostin\u0117s \u2013 Tel\u0161i\u0173 \u2013 \u012fk\u016br\u0117jo gali\u016bno D\u017eiugo vaikyst\u0117, kaip jis augo ir tvirt\u0117jo, nuveikdamas tik gerus darbus, \u2013 visa tai su\u017einosite,","og_url":"https:\/\/skaitytaknyga.lt\/en\/produktas\/pasaka-apie-galiuna-dziuga\/","og_site_name":"Skaitytaknyga","article_publisher":"https:\/\/www.facebook.com\/skaitytaknyga\/","article_modified_time":"2025-05-15T10:25:25+00:00","og_image":[{"width":834,"height":800,"url":"https:\/\/skaitytaknyga.lt\/wp-content\/uploads\/2025\/04\/Pasaka-apie-galiuna-Dziuga.webp","type":"image\/webp"}],"twitter_card":"summary_large_image","twitter_misc":{"Estimated reading time":"1 minute"},"schema":{"@context":"https:\/\/schema.org","@graph":[{"@type":"WebPage","@id":"https:\/\/skaitytaknyga.lt\/produktas\/pasaka-apie-galiuna-dziuga\/","url":"https:\/\/skaitytaknyga.lt\/produktas\/pasaka-apie-galiuna-dziuga\/","name":"Pasaka apie gali\u016bn\u0105 D\u017eiug\u0105","isPartOf":{"@id":"https:\/\/skaitytaknyga.lt\/#website"},"primaryImageOfPage":{"@id":"https:\/\/skaitytaknyga.lt\/produktas\/pasaka-apie-galiuna-dziuga\/#primaryimage"},"image":{"@id":"https:\/\/skaitytaknyga.lt\/produktas\/pasaka-apie-galiuna-dziuga\/#primaryimage"},"thumbnailUrl":"https:\/\/skaitytaknyga.lt\/wp-content\/uploads\/2025\/04\/Pasaka-apie-galiuna-Dziuga.webp","datePublished":"2025-04-23T11:19:55+00:00","dateModified":"2025-05-15T10:25:25+00:00","description":"Kokia buvo \u017demaitijos sostin\u0117s \u2013 Tel\u0161i\u0173 \u2013 \u012fk\u016br\u0117jo gali\u016bno D\u017eiugo vaikyst\u0117, kaip jis augo ir tvirt\u0117jo, nuveikdamas tik gerus darbus, \u2013 visa tai su\u017einosite,","breadcrumb":{"@id":"https:\/\/skaitytaknyga.lt\/produktas\/pasaka-apie-galiuna-dziuga\/#breadcrumb"},"inLanguage":"en-GB","potentialAction":[{"@type":"ReadAction","target":["https:\/\/skaitytaknyga.lt\/produktas\/pasaka-apie-galiuna-dziuga\/"]}]},{"@type":"ImageObject","inLanguage":"en-GB","@id":"https:\/\/skaitytaknyga.lt\/produktas\/pasaka-apie-galiuna-dziuga\/#primaryimage","url":"https:\/\/skaitytaknyga.lt\/wp-content\/uploads\/2025\/04\/Pasaka-apie-galiuna-Dziuga.webp","contentUrl":"https:\/\/skaitytaknyga.lt\/wp-content\/uploads\/2025\/04\/Pasaka-apie-galiuna-Dziuga.webp","width":834,"height":800,"caption":"Pasaka apie gali\u016bn\u0105 D\u017eiug\u0105"},{"@type":"BreadcrumbList","@id":"https:\/\/skaitytaknyga.lt\/produktas\/pasaka-apie-galiuna-dziuga\/#breadcrumb","itemListElement":[{"@type":"ListItem","position":1,"name":"Home","item":"https:\/\/skaitytaknyga.lt\/"},{"@type":"ListItem","position":2,"name":"Parduotuv\u0117","item":"https:\/\/skaitytaknyga.lt\/knygu-parduotuve\/"},{"@type":"ListItem","position":3,"name":"Pasaka apie gali\u016bn\u0105 D\u017eiug\u0105"}]},{"@type":"WebSite","@id":"https:\/\/skaitytaknyga.lt\/#website","url":"https:\/\/skaitytaknyga.lt\/","name":"skaitytaknyga.lt","description":"Skaitytaknyga.lt \u2013 tai ma\u017eas \u0161eimos verslas, kuris prasid\u0117jo nuo meil\u0117s knygoms ir siekio i\u0161gelb\u0117ti knygas nuo likimo prie konteinerio. Kas vienam nereikalingas daiktas \u2013 kitam lobis, o mes esame tarpininkai, kurie padeda abiems tapti laimingesniems ???? \u017dinome kaip nelengva i\u0161gyventi ma\u017eiems verslams, tad nuo \u0161iol, \u010dia rasite ir kit\u0173, ma\u017e\u0173 \u0161eim\u0173 versl\u0173, rank\u0173 darbo, dovan\u0173 sau ir artimiesiems.","publisher":{"@id":"https:\/\/skaitytaknyga.lt\/#organization"},"potentialAction":[{"@type":"SearchAction","target":{"@type":"EntryPoint","urlTemplate":"https:\/\/skaitytaknyga.lt\/?s={search_term_string}"},"query-input":{"@type":"PropertyValueSpecification","valueRequired":true,"valueName":"search_term_string"}}],"inLanguage":"en-GB"},{"@type":"Organization","@id":"https:\/\/skaitytaknyga.lt\/#organization","name":"skaitytaknyga.lt","url":"https:\/\/skaitytaknyga.lt\/","logo":{"@type":"ImageObject","inLanguage":"en-GB","@id":"https:\/\/skaitytaknyga.lt\/#\/schema\/logo\/image\/","url":"https:\/\/skaitytaknyga.lt\/wp-content\/uploads\/2024\/05\/cropped-cropped-cropped-02_00843_jt3bggkj1j3HLc7SyY6rEUpg.jpeg","contentUrl":"https:\/\/skaitytaknyga.lt\/wp-content\/uploads\/2024\/05\/cropped-cropped-cropped-02_00843_jt3bggkj1j3HLc7SyY6rEUpg.jpeg","width":1600,"height":1600,"caption":"skaitytaknyga.lt"},"image":{"@id":"https:\/\/skaitytaknyga.lt\/#\/schema\/logo\/image\/"},"sameAs":["https:\/\/www.facebook.com\/skaitytaknyga\/"]}]}},"_links":{"self":[{"href":"https:\/\/skaitytaknyga.lt\/en\/wp-json\/wp\/v2\/product\/17969","targetHints":{"allow":["GET"]}}],"collection":[{"href":"https:\/\/skaitytaknyga.lt\/en\/wp-json\/wp\/v2\/product"}],"about":[{"href":"https:\/\/skaitytaknyga.lt\/en\/wp-json\/wp\/v2\/types\/product"}],"replies":[{"embeddable":true,"href":"https:\/\/skaitytaknyga.lt\/en\/wp-json\/wp\/v2\/comments?post=17969"}],"wp:featuredmedia":[{"embeddable":true,"href":"https:\/\/skaitytaknyga.lt\/en\/wp-json\/wp\/v2\/media\/18048"}],"wp:attachment":[{"href":"https:\/\/skaitytaknyga.lt\/en\/wp-json\/wp\/v2\/media?parent=17969"}],"wp:term":[{"taxonomy":"product_brand","embeddable":true,"href":"https:\/\/skaitytaknyga.lt\/en\/wp-json\/wp\/v2\/product_brand?post=17969"},{"taxonomy":"product_cat","embeddable":true,"href":"https:\/\/skaitytaknyga.lt\/en\/wp-json\/wp\/v2\/product_cat?post=17969"},{"taxonomy":"product_tag","embeddable":true,"href":"https:\/\/skaitytaknyga.lt\/en\/wp-json\/wp\/v2\/product_tag?post=17969"}],"curies":[{"name":"wp","href":"https:\/\/api.w.org\/{rel}","templated":true}]}}