{"id":17966,"date":"2025-05-12T14:53:49","date_gmt":"2025-05-12T11:53:49","guid":{"rendered":"https:\/\/skaitytaknyga.lt\/?post_type=product&#038;p=17966"},"modified":"2025-05-13T10:32:10","modified_gmt":"2025-05-13T07:32:10","slug":"nesutramdomoji-anzelika-2","status":"publish","type":"product","link":"https:\/\/skaitytaknyga.lt\/en\/produktas\/nesutramdomoji-anzelika-2\/","title":{"rendered":"Kak\u0117 Mak\u0117 ir Netvarkos nyk\u0161tukas"},"content":{"rendered":"<p>Knygel\u0117\u00a0<strong>\u201eKak\u0117 Mak\u0117 ir Netvarkos nyk\u0161tukas\u201c<\/strong>\u00a0\u2013 pirmoji knyga i\u0161 Kak\u0117s Mak\u0117s knygeli\u0173 serijos. Tai istorija apie Netvarkos nyk\u0161tuk\u0105 ir netvarkingai i\u0161m\u0117tytus vaik\u0173 \u017eaislus, kurie dingsta. Kur? Su\u017einosite perskait\u0119 \u0161ia nuostabi\u0105 knyg\u0105. Taip pat su\u017einosite, kaip suaugusieji gali pad\u0117ti vaikams formuoti teisingus kasdienius \u012fpro\u010dius. Tvarkos palaikymas \u2013 vienas j\u0173. Netvarkos nyk\u0161tukas suaugusiesiems atskleis svarbias paslaptis, kurias u\u017eaug\u0119 \u017emon\u0117s da\u017enai pamir\u0161ta ir pad\u0117s ugdyti vaik\u0173 emocin\u012f intelekt\u0105. \u0160i\u0105 knygel\u0119 labai greitai pam\u0117go ne tik vaikai, bet ir t\u0117veliai. Ji tapo puikia edukacine priemone, pad\u0117jusia nema\u017eai daliai Lietuvos t\u0117veli\u0173 i\u0161spr\u0119sti netvarkos problemas.<\/p>\n<p>K\u016brin\u012f palankiai \u012fvertino ir vaik\u0173 literat\u016bros kritikai \u2013 2010 m. \u0161i knyga IBBY (Tarptautin\u0117s vaik\u0173 ir jaunimo literat\u016bros tarybos) buvo pripa\u017einta geriausia met\u0173 knyga ma\u017eiausiems skaitytojams.<\/p>\n","protected":false},"excerpt":{"rendered":"<p>Knygel\u0117\u00a0\u201eKak\u0117 Mak\u0117 ir Netvarkos nyk\u0161tukas\u201c\u00a0\u2013 pirmoji knyga i\u0161 Kak\u0117s Mak\u0117s knygeli\u0173 serijos. Tai istorija apie Netvarkos nyk\u0161tuk\u0105 ir netvarkingai i\u0161m\u0117tytus vaik\u0173 \u017eaislus, kurie dingsta. Kur? Su\u017einosite perskait\u0119 \u0161ia nuostabi\u0105 knyg\u0105. Taip pat su\u017einosite, kaip suaugusieji gali pad\u0117ti vaikams formuoti teisingus kasdienius \u012fpro\u010dius. Tvarkos palaikymas \u2013 vienas j\u0173. Netvarkos nyk\u0161tukas suaugusiesiems atskleis svarbias paslaptis, kurias u\u017eaug\u0119 \u017emon\u0117s da\u017enai pamir\u0161ta ir pad\u0117s ugdyti vaik\u0173 emocin\u012f intelekt\u0105. \u0160i\u0105 knygel\u0119 labai greitai pam\u0117go ne tik vaikai, bet ir t\u0117veliai. Ji tapo puikia edukacine priemone, pad\u0117jusia nema\u017eai daliai Lietuvos t\u0117veli\u0173 i\u0161spr\u0119sti netvarkos problemas. K\u016brin\u012f palankiai \u012fvertino ir vaik\u0173 literat\u016bros kritikai \u2013 2010 m. \u0161i knyga IBBY (Tarptautin\u0117s vaik\u0173 ir jaunimo literat\u016bros tarybos) buvo pripa\u017einta geriausia met\u0173 knyga ma\u017eiausiems skaitytojams.<\/p>\n","protected":false},"featured_media":18267,"comment_status":"closed","ping_status":"closed","template":"","meta":{"_acf_changed":false,"site-sidebar-layout":"default","site-content-layout":"","ast-site-content-layout":"default","site-content-style":"default","site-sidebar-style":"default","ast-global-header-display":"","ast-banner-title-visibility":"","ast-main-header-display":"","ast-hfb-above-header-display":"","ast-hfb-below-header-display":"","ast-hfb-mobile-header-display":"","site-post-title":"","ast-breadcrumbs-content":"","ast-featured-img":"","footer-sml-layout":"","ast-disable-related-posts":"","theme-transparent-header-meta":"","adv-header-id-meta":"","stick-header-meta":"","header-above-stick-meta":"","header-main-stick-meta":"","header-below-stick-meta":"","astra-migrate-meta-layouts":"default","ast-page-background-enabled":"default","ast-page-background-meta":{"desktop":{"background-color":"","background-image":"","background-repeat":"repeat","background-position":"center center","background-size":"auto","background-attachment":"scroll","background-type":"","background-media":"","overlay-type":"","overlay-color":"","overlay-opacity":"","overlay-gradient":""},"tablet":{"background-color":"","background-image":"","background-repeat":"repeat","background-position":"center center","background-size":"auto","background-attachment":"scroll","background-type":"","background-media":"","overlay-type":"","overlay-color":"","overlay-opacity":"","overlay-gradient":""},"mobile":{"background-color":"","background-image":"","background-repeat":"repeat","background-position":"center center","background-size":"auto","background-attachment":"scroll","background-type":"","background-media":"","overlay-type":"","overlay-color":"","overlay-opacity":"","overlay-gradient":""}},"ast-content-background-meta":{"desktop":{"background-color":"var(--ast-global-color-4)","background-image":"","background-repeat":"repeat","background-position":"center center","background-size":"auto","background-attachment":"scroll","background-type":"","background-media":"","overlay-type":"","overlay-color":"","overlay-opacity":"","overlay-gradient":""},"tablet":{"background-color":"var(--ast-global-color-4)","background-image":"","background-repeat":"repeat","background-position":"center center","background-size":"auto","background-attachment":"scroll","background-type":"","background-media":"","overlay-type":"","overlay-color":"","overlay-opacity":"","overlay-gradient":""},"mobile":{"background-color":"var(--ast-global-color-4)","background-image":"","background-repeat":"repeat","background-position":"center center","background-size":"auto","background-attachment":"scroll","background-type":"","background-media":"","overlay-type":"","overlay-color":"","overlay-opacity":"","overlay-gradient":""}}},"product_brand":[],"product_cat":[15],"product_tag":[1647,2050,1451,1978],"class_list":{"0":"post-17966","1":"product","2":"type-product","3":"status-publish","4":"has-post-thumbnail","6":"product_cat-uncategorized","7":"product_tag-draugyste","8":"product_tag-kake-make","9":"product_tag-nuotykiai","10":"product_tag-vaiku-knyga","11":"desktop-align-left","12":"tablet-align-left","13":"mobile-align-left","15":"first","16":"instock","17":"shipping-taxable","18":"purchasable","19":"product-type-simple"},"acf":[],"yoast_head":"<!-- This site is optimized with the Yoast SEO plugin v27.0 - https:\/\/yoast.com\/product\/yoast-seo-wordpress\/ -->\n<title>Kak\u0117 Mak\u0117 ir Netvarkos nyk\u0161tukas<\/title>\n<meta name=\"description\" content=\"Knygel\u0117\u00a0\u201eKak\u0117 Mak\u0117 ir Netvarkos nyk\u0161tukas\u201c\u00a0\u2013 pirmoji knyga i\u0161 Kak\u0117s Mak\u0117s knygeli\u0173 serijos. Tai istorija apie Netvarkos nyk\u0161tuk\u0105 ir netvarkingai i\u0161m\u0117tytus\" \/>\n<meta name=\"robots\" content=\"index, follow, max-snippet:-1, max-image-preview:large, max-video-preview:-1\" \/>\n<link rel=\"canonical\" href=\"https:\/\/skaitytaknyga.lt\/en\/produktas\/nesutramdomoji-anzelika-2\/\" \/>\n<meta property=\"og:locale\" content=\"en_GB\" \/>\n<meta property=\"og:locale:alternate\" content=\"lt_LT\" \/>\n<meta property=\"og:type\" content=\"article\" \/>\n<meta property=\"og:title\" content=\"Kak\u0117 Mak\u0117 ir Netvarkos nyk\u0161tukas\" \/>\n<meta property=\"og:description\" content=\"Knygel\u0117\u00a0\u201eKak\u0117 Mak\u0117 ir Netvarkos nyk\u0161tukas\u201c\u00a0\u2013 pirmoji knyga i\u0161 Kak\u0117s Mak\u0117s knygeli\u0173 serijos. Tai istorija apie Netvarkos nyk\u0161tuk\u0105 ir netvarkingai i\u0161m\u0117tytus\" \/>\n<meta property=\"og:url\" content=\"https:\/\/skaitytaknyga.lt\/en\/produktas\/nesutramdomoji-anzelika-2\/\" \/>\n<meta property=\"og:site_name\" content=\"Skaitytaknyga\" \/>\n<meta property=\"article:publisher\" content=\"https:\/\/www.facebook.com\/skaitytaknyga\/\" \/>\n<meta property=\"article:modified_time\" content=\"2025-05-13T07:32:10+00:00\" \/>\n<meta property=\"og:image\" content=\"https:\/\/skaitytaknyga.lt\/wp-content\/uploads\/2025\/05\/Kake-Make-ir-Netvarkos-nykstukas.webp\" \/>\n\t<meta property=\"og:image:width\" content=\"400\" \/>\n\t<meta property=\"og:image:height\" content=\"409\" \/>\n\t<meta property=\"og:image:type\" content=\"image\/webp\" \/>\n<meta name=\"twitter:card\" content=\"summary_large_image\" \/>\n<meta name=\"twitter:label1\" content=\"Estimated reading time\" \/>\n\t<meta name=\"twitter:data1\" content=\"1 minute\" \/>\n<script type=\"application\/ld+json\" class=\"yoast-schema-graph\">{\"@context\":\"https:\/\/schema.org\",\"@graph\":[{\"@type\":\"WebPage\",\"@id\":\"https:\/\/skaitytaknyga.lt\/produktas\/nesutramdomoji-anzelika-2\/\",\"url\":\"https:\/\/skaitytaknyga.lt\/produktas\/nesutramdomoji-anzelika-2\/\",\"name\":\"Kak\u0117 Mak\u0117 ir Netvarkos nyk\u0161tukas\",\"isPartOf\":{\"@id\":\"https:\/\/skaitytaknyga.lt\/#website\"},\"primaryImageOfPage\":{\"@id\":\"https:\/\/skaitytaknyga.lt\/produktas\/nesutramdomoji-anzelika-2\/#primaryimage\"},\"image\":{\"@id\":\"https:\/\/skaitytaknyga.lt\/produktas\/nesutramdomoji-anzelika-2\/#primaryimage\"},\"thumbnailUrl\":\"https:\/\/skaitytaknyga.lt\/wp-content\/uploads\/2025\/05\/Kake-Make-ir-Netvarkos-nykstukas.webp\",\"datePublished\":\"2025-05-12T11:53:49+00:00\",\"dateModified\":\"2025-05-13T07:32:10+00:00\",\"description\":\"Knygel\u0117\u00a0\u201eKak\u0117 Mak\u0117 ir Netvarkos nyk\u0161tukas\u201c\u00a0\u2013 pirmoji knyga i\u0161 Kak\u0117s Mak\u0117s knygeli\u0173 serijos. Tai istorija apie Netvarkos nyk\u0161tuk\u0105 ir netvarkingai i\u0161m\u0117tytus\",\"breadcrumb\":{\"@id\":\"https:\/\/skaitytaknyga.lt\/produktas\/nesutramdomoji-anzelika-2\/#breadcrumb\"},\"inLanguage\":\"en-GB\",\"potentialAction\":[{\"@type\":\"ReadAction\",\"target\":[\"https:\/\/skaitytaknyga.lt\/produktas\/nesutramdomoji-anzelika-2\/\"]}]},{\"@type\":\"ImageObject\",\"inLanguage\":\"en-GB\",\"@id\":\"https:\/\/skaitytaknyga.lt\/produktas\/nesutramdomoji-anzelika-2\/#primaryimage\",\"url\":\"https:\/\/skaitytaknyga.lt\/wp-content\/uploads\/2025\/05\/Kake-Make-ir-Netvarkos-nykstukas.webp\",\"contentUrl\":\"https:\/\/skaitytaknyga.lt\/wp-content\/uploads\/2025\/05\/Kake-Make-ir-Netvarkos-nykstukas.webp\",\"width\":400,\"height\":409},{\"@type\":\"BreadcrumbList\",\"@id\":\"https:\/\/skaitytaknyga.lt\/produktas\/nesutramdomoji-anzelika-2\/#breadcrumb\",\"itemListElement\":[{\"@type\":\"ListItem\",\"position\":1,\"name\":\"Home\",\"item\":\"https:\/\/skaitytaknyga.lt\/\"},{\"@type\":\"ListItem\",\"position\":2,\"name\":\"Parduotuv\u0117\",\"item\":\"https:\/\/skaitytaknyga.lt\/knygu-parduotuve\/\"},{\"@type\":\"ListItem\",\"position\":3,\"name\":\"Kak\u0117 Mak\u0117 ir Netvarkos nyk\u0161tukas\"}]},{\"@type\":\"WebSite\",\"@id\":\"https:\/\/skaitytaknyga.lt\/#website\",\"url\":\"https:\/\/skaitytaknyga.lt\/\",\"name\":\"skaitytaknyga.lt\",\"description\":\"Skaitytaknyga.lt \u2013 tai ma\u017eas \u0161eimos verslas, kuris prasid\u0117jo nuo meil\u0117s knygoms ir siekio i\u0161gelb\u0117ti knygas nuo likimo prie konteinerio. Kas vienam nereikalingas daiktas \u2013 kitam lobis, o mes esame tarpininkai, kurie padeda abiems tapti laimingesniems ???? \u017dinome kaip nelengva i\u0161gyventi ma\u017eiems verslams, tad nuo \u0161iol, \u010dia rasite ir kit\u0173, ma\u017e\u0173 \u0161eim\u0173 versl\u0173, rank\u0173 darbo, dovan\u0173 sau ir artimiesiems.\",\"publisher\":{\"@id\":\"https:\/\/skaitytaknyga.lt\/#organization\"},\"potentialAction\":[{\"@type\":\"SearchAction\",\"target\":{\"@type\":\"EntryPoint\",\"urlTemplate\":\"https:\/\/skaitytaknyga.lt\/?s={search_term_string}\"},\"query-input\":{\"@type\":\"PropertyValueSpecification\",\"valueRequired\":true,\"valueName\":\"search_term_string\"}}],\"inLanguage\":\"en-GB\"},{\"@type\":\"Organization\",\"@id\":\"https:\/\/skaitytaknyga.lt\/#organization\",\"name\":\"skaitytaknyga.lt\",\"url\":\"https:\/\/skaitytaknyga.lt\/\",\"logo\":{\"@type\":\"ImageObject\",\"inLanguage\":\"en-GB\",\"@id\":\"https:\/\/skaitytaknyga.lt\/#\/schema\/logo\/image\/\",\"url\":\"https:\/\/skaitytaknyga.lt\/wp-content\/uploads\/2024\/05\/cropped-cropped-cropped-02_00843_jt3bggkj1j3HLc7SyY6rEUpg.jpeg\",\"contentUrl\":\"https:\/\/skaitytaknyga.lt\/wp-content\/uploads\/2024\/05\/cropped-cropped-cropped-02_00843_jt3bggkj1j3HLc7SyY6rEUpg.jpeg\",\"width\":1600,\"height\":1600,\"caption\":\"skaitytaknyga.lt\"},\"image\":{\"@id\":\"https:\/\/skaitytaknyga.lt\/#\/schema\/logo\/image\/\"},\"sameAs\":[\"https:\/\/www.facebook.com\/skaitytaknyga\/\"]}]}<\/script>\n<!-- \/ Yoast SEO plugin. -->","yoast_head_json":{"title":"Kak\u0117 Mak\u0117 ir Netvarkos nyk\u0161tukas","description":"Knygel\u0117\u00a0\u201eKak\u0117 Mak\u0117 ir Netvarkos nyk\u0161tukas\u201c\u00a0\u2013 pirmoji knyga i\u0161 Kak\u0117s Mak\u0117s knygeli\u0173 serijos. Tai istorija apie Netvarkos nyk\u0161tuk\u0105 ir netvarkingai i\u0161m\u0117tytus","robots":{"index":"index","follow":"follow","max-snippet":"max-snippet:-1","max-image-preview":"max-image-preview:large","max-video-preview":"max-video-preview:-1"},"canonical":"https:\/\/skaitytaknyga.lt\/en\/produktas\/nesutramdomoji-anzelika-2\/","og_locale":"en_GB","og_type":"article","og_title":"[:lt]Kak\u0117 Mak\u0117 ir Netvarkos nyk\u0161tukas[:] - Skaitytaknyga","og_description":"Knygel\u0117\u00a0\u201eKak\u0117 Mak\u0117 ir Netvarkos nyk\u0161tukas\u201c\u00a0\u2013 pirmoji knyga i\u0161 Kak\u0117s Mak\u0117s knygeli\u0173 serijos. Tai istorija apie Netvarkos nyk\u0161tuk\u0105 ir netvarkingai i\u0161m\u0117tytus","og_url":"https:\/\/skaitytaknyga.lt\/en\/produktas\/nesutramdomoji-anzelika-2\/","og_site_name":"Skaitytaknyga","article_publisher":"https:\/\/www.facebook.com\/skaitytaknyga\/","article_modified_time":"2025-05-13T07:32:10+00:00","og_image":[{"width":400,"height":409,"url":"https:\/\/skaitytaknyga.lt\/wp-content\/uploads\/2025\/05\/Kake-Make-ir-Netvarkos-nykstukas.webp","type":"image\/webp"}],"twitter_card":"summary_large_image","twitter_misc":{"Estimated reading time":"1 minute"},"schema":{"@context":"https:\/\/schema.org","@graph":[{"@type":"WebPage","@id":"https:\/\/skaitytaknyga.lt\/produktas\/nesutramdomoji-anzelika-2\/","url":"https:\/\/skaitytaknyga.lt\/produktas\/nesutramdomoji-anzelika-2\/","name":"Kak\u0117 Mak\u0117 ir Netvarkos nyk\u0161tukas","isPartOf":{"@id":"https:\/\/skaitytaknyga.lt\/#website"},"primaryImageOfPage":{"@id":"https:\/\/skaitytaknyga.lt\/produktas\/nesutramdomoji-anzelika-2\/#primaryimage"},"image":{"@id":"https:\/\/skaitytaknyga.lt\/produktas\/nesutramdomoji-anzelika-2\/#primaryimage"},"thumbnailUrl":"https:\/\/skaitytaknyga.lt\/wp-content\/uploads\/2025\/05\/Kake-Make-ir-Netvarkos-nykstukas.webp","datePublished":"2025-05-12T11:53:49+00:00","dateModified":"2025-05-13T07:32:10+00:00","description":"Knygel\u0117\u00a0\u201eKak\u0117 Mak\u0117 ir Netvarkos nyk\u0161tukas\u201c\u00a0\u2013 pirmoji knyga i\u0161 Kak\u0117s Mak\u0117s knygeli\u0173 serijos. Tai istorija apie Netvarkos nyk\u0161tuk\u0105 ir netvarkingai i\u0161m\u0117tytus","breadcrumb":{"@id":"https:\/\/skaitytaknyga.lt\/produktas\/nesutramdomoji-anzelika-2\/#breadcrumb"},"inLanguage":"en-GB","potentialAction":[{"@type":"ReadAction","target":["https:\/\/skaitytaknyga.lt\/produktas\/nesutramdomoji-anzelika-2\/"]}]},{"@type":"ImageObject","inLanguage":"en-GB","@id":"https:\/\/skaitytaknyga.lt\/produktas\/nesutramdomoji-anzelika-2\/#primaryimage","url":"https:\/\/skaitytaknyga.lt\/wp-content\/uploads\/2025\/05\/Kake-Make-ir-Netvarkos-nykstukas.webp","contentUrl":"https:\/\/skaitytaknyga.lt\/wp-content\/uploads\/2025\/05\/Kake-Make-ir-Netvarkos-nykstukas.webp","width":400,"height":409},{"@type":"BreadcrumbList","@id":"https:\/\/skaitytaknyga.lt\/produktas\/nesutramdomoji-anzelika-2\/#breadcrumb","itemListElement":[{"@type":"ListItem","position":1,"name":"Home","item":"https:\/\/skaitytaknyga.lt\/"},{"@type":"ListItem","position":2,"name":"Parduotuv\u0117","item":"https:\/\/skaitytaknyga.lt\/knygu-parduotuve\/"},{"@type":"ListItem","position":3,"name":"Kak\u0117 Mak\u0117 ir Netvarkos nyk\u0161tukas"}]},{"@type":"WebSite","@id":"https:\/\/skaitytaknyga.lt\/#website","url":"https:\/\/skaitytaknyga.lt\/","name":"skaitytaknyga.lt","description":"Skaitytaknyga.lt \u2013 tai ma\u017eas \u0161eimos verslas, kuris prasid\u0117jo nuo meil\u0117s knygoms ir siekio i\u0161gelb\u0117ti knygas nuo likimo prie konteinerio. Kas vienam nereikalingas daiktas \u2013 kitam lobis, o mes esame tarpininkai, kurie padeda abiems tapti laimingesniems ???? \u017dinome kaip nelengva i\u0161gyventi ma\u017eiems verslams, tad nuo \u0161iol, \u010dia rasite ir kit\u0173, ma\u017e\u0173 \u0161eim\u0173 versl\u0173, rank\u0173 darbo, dovan\u0173 sau ir artimiesiems.","publisher":{"@id":"https:\/\/skaitytaknyga.lt\/#organization"},"potentialAction":[{"@type":"SearchAction","target":{"@type":"EntryPoint","urlTemplate":"https:\/\/skaitytaknyga.lt\/?s={search_term_string}"},"query-input":{"@type":"PropertyValueSpecification","valueRequired":true,"valueName":"search_term_string"}}],"inLanguage":"en-GB"},{"@type":"Organization","@id":"https:\/\/skaitytaknyga.lt\/#organization","name":"skaitytaknyga.lt","url":"https:\/\/skaitytaknyga.lt\/","logo":{"@type":"ImageObject","inLanguage":"en-GB","@id":"https:\/\/skaitytaknyga.lt\/#\/schema\/logo\/image\/","url":"https:\/\/skaitytaknyga.lt\/wp-content\/uploads\/2024\/05\/cropped-cropped-cropped-02_00843_jt3bggkj1j3HLc7SyY6rEUpg.jpeg","contentUrl":"https:\/\/skaitytaknyga.lt\/wp-content\/uploads\/2024\/05\/cropped-cropped-cropped-02_00843_jt3bggkj1j3HLc7SyY6rEUpg.jpeg","width":1600,"height":1600,"caption":"skaitytaknyga.lt"},"image":{"@id":"https:\/\/skaitytaknyga.lt\/#\/schema\/logo\/image\/"},"sameAs":["https:\/\/www.facebook.com\/skaitytaknyga\/"]}]}},"_links":{"self":[{"href":"https:\/\/skaitytaknyga.lt\/en\/wp-json\/wp\/v2\/product\/17966","targetHints":{"allow":["GET"]}}],"collection":[{"href":"https:\/\/skaitytaknyga.lt\/en\/wp-json\/wp\/v2\/product"}],"about":[{"href":"https:\/\/skaitytaknyga.lt\/en\/wp-json\/wp\/v2\/types\/product"}],"replies":[{"embeddable":true,"href":"https:\/\/skaitytaknyga.lt\/en\/wp-json\/wp\/v2\/comments?post=17966"}],"wp:featuredmedia":[{"embeddable":true,"href":"https:\/\/skaitytaknyga.lt\/en\/wp-json\/wp\/v2\/media\/18267"}],"wp:attachment":[{"href":"https:\/\/skaitytaknyga.lt\/en\/wp-json\/wp\/v2\/media?parent=17966"}],"wp:term":[{"taxonomy":"product_brand","embeddable":true,"href":"https:\/\/skaitytaknyga.lt\/en\/wp-json\/wp\/v2\/product_brand?post=17966"},{"taxonomy":"product_cat","embeddable":true,"href":"https:\/\/skaitytaknyga.lt\/en\/wp-json\/wp\/v2\/product_cat?post=17966"},{"taxonomy":"product_tag","embeddable":true,"href":"https:\/\/skaitytaknyga.lt\/en\/wp-json\/wp\/v2\/product_tag?post=17966"}],"curies":[{"name":"wp","href":"https:\/\/api.w.org\/{rel}","templated":true}]}}