{"id":17961,"date":"2025-04-22T15:58:07","date_gmt":"2025-04-22T12:58:07","guid":{"rendered":"https:\/\/skaitytaknyga.lt\/?post_type=product&#038;p=17961"},"modified":"2025-05-15T13:25:25","modified_gmt":"2025-05-15T10:25:25","slug":"matomas-mokymasis-mokytojo-vadovas","status":"publish","type":"product","link":"https:\/\/skaitytaknyga.lt\/en\/produktas\/matomas-mokymasis-mokytojo-vadovas\/","title":{"rendered":"Matomas mokymasis. Mokytojo vadovas"},"content":{"rendered":"<p>\u0160ioje knygoje:<\/p>\n<p>\u2022 did\u017eiausio kada nors vykdyto tiriamojo mokymo metod\u0173 projekto<\/p>\n<p>rezultatai susiejami su praktine veikla per pamokas;<\/p>\n<p>\u2022 ginamas ir mokytoj\u0173, ir mokini\u0173 po\u017ei\u016bris, pateikiama patarim\u0173, kaip per<\/p>\n<p>pamok\u0105 ir toliau dirbant po pamokos pama\u017eu \u012fgyvendinti si\u016blomus<\/p>\n<p>principus, \u012fskaitant pasirengim\u0105 pamokoms, mokymosi interpretavim\u0105 ir<\/p>\n<p>gr\u012f\u017etam\u0105j\u0105 informacij\u0105;<\/p>\n<p>\u2022 pateikiami kontroliniai s\u0105ra\u0161ai, u\u017eduotys, konkre\u010di\u0173 atvej\u0173 tyrimai ir<\/p>\n<p>gerosios patirties scenarijai, padedantys gerinti pasiekimus;<\/p>\n<p>\u2022 \u012ftraukiami visos mokyklos kontroliniai s\u0105ra\u0161ai ir patarimai mokykl\u0173<\/p>\n<p>vadovams, kaip vadovaujamoje \u012fstaigoje sukurti kuo palankesnes<\/p>\n<p>s\u0105lygas, kad suklest\u0117t\u0173 matomas mokymasis;<\/p>\n<p>\u2022 \u012ftraukta ir papildoma metaanaliz\u0117, taigi knygoje apibendrinti i\u0161 viso<\/p>\n<p>daugiau kaip 931 tyrimo rezultatai (vir\u0161 240 mln. mokini\u0173);<\/p>\n<p>\u2022 nuodugniai i\u0161nagrin\u0117ta daugelis mokymosi veiklos sri\u010di\u0173, \u012fskaitant<\/p>\n<p>mokini\u0173 skatinim\u0105, ugdymo turin\u012f, metapa\u017eintinius metodus, elges\u012f,<\/p>\n<p>mokymo b\u016bdus ir klas\u0117s valdym\u0105.<\/p>\n","protected":false},"excerpt":{"rendered":"<p>\u0160ioje knygoje: \u2022 did\u017eiausio kada nors vykdyto tiriamojo mokymo metod\u0173 projekto rezultatai susiejami su praktine veikla per pamokas; \u2022 ginamas ir mokytoj\u0173, ir mokini\u0173 po\u017ei\u016bris, pateikiama patarim\u0173, kaip per pamok\u0105 ir toliau dirbant po pamokos pama\u017eu \u012fgyvendinti si\u016blomus principus, \u012fskaitant pasirengim\u0105 pamokoms, mokymosi interpretavim\u0105 ir gr\u012f\u017etam\u0105j\u0105 informacij\u0105; \u2022 pateikiami kontroliniai s\u0105ra\u0161ai, u\u017eduotys, konkre\u010di\u0173 atvej\u0173 tyrimai ir gerosios patirties scenarijai, padedantys gerinti pasiekimus; \u2022 \u012ftraukiami visos mokyklos kontroliniai s\u0105ra\u0161ai ir patarimai mokykl\u0173 vadovams, kaip vadovaujamoje \u012fstaigoje sukurti kuo palankesnes s\u0105lygas, kad suklest\u0117t\u0173 matomas mokymasis; \u2022 \u012ftraukta ir papildoma metaanaliz\u0117, taigi knygoje apibendrinti i\u0161 viso daugiau kaip 931 tyrimo rezultatai (vir\u0161 240 mln. mokini\u0173); \u2022 nuodugniai i\u0161nagrin\u0117ta daugelis mokymosi veiklos sri\u010di\u0173, \u012fskaitant mokini\u0173 skatinim\u0105, ugdymo turin\u012f, metapa\u017eintinius metodus, elges\u012f, mokymo b\u016bdus ir klas\u0117s valdym\u0105.<\/p>\n","protected":false},"featured_media":17964,"comment_status":"open","ping_status":"closed","template":"","meta":{"_acf_changed":false,"site-sidebar-layout":"default","site-content-layout":"","ast-site-content-layout":"default","site-content-style":"default","site-sidebar-style":"default","ast-global-header-display":"","ast-banner-title-visibility":"","ast-main-header-display":"","ast-hfb-above-header-display":"","ast-hfb-below-header-display":"","ast-hfb-mobile-header-display":"","site-post-title":"","ast-breadcrumbs-content":"","ast-featured-img":"","footer-sml-layout":"","ast-disable-related-posts":"","theme-transparent-header-meta":"default","adv-header-id-meta":"","stick-header-meta":"","header-above-stick-meta":"","header-main-stick-meta":"","header-below-stick-meta":"","astra-migrate-meta-layouts":"set","ast-page-background-enabled":"default","ast-page-background-meta":{"desktop":{"background-color":"","background-image":"","background-repeat":"repeat","background-position":"center center","background-size":"auto","background-attachment":"scroll","background-type":"","background-media":"","overlay-type":"","overlay-color":"","overlay-opacity":"","overlay-gradient":""},"tablet":{"background-color":"","background-image":"","background-repeat":"repeat","background-position":"center center","background-size":"auto","background-attachment":"scroll","background-type":"","background-media":"","overlay-type":"","overlay-color":"","overlay-opacity":"","overlay-gradient":""},"mobile":{"background-color":"","background-image":"","background-repeat":"repeat","background-position":"center center","background-size":"auto","background-attachment":"scroll","background-type":"","background-media":"","overlay-type":"","overlay-color":"","overlay-opacity":"","overlay-gradient":""}},"ast-content-background-meta":{"desktop":{"background-color":"var(--ast-global-color-4)","background-image":"","background-repeat":"repeat","background-position":"center center","background-size":"auto","background-attachment":"scroll","background-type":"","background-media":"","overlay-type":"","overlay-color":"","overlay-opacity":"","overlay-gradient":""},"tablet":{"background-color":"var(--ast-global-color-4)","background-image":"","background-repeat":"repeat","background-position":"center center","background-size":"auto","background-attachment":"scroll","background-type":"","background-media":"","overlay-type":"","overlay-color":"","overlay-opacity":"","overlay-gradient":""},"mobile":{"background-color":"var(--ast-global-color-4)","background-image":"","background-repeat":"repeat","background-position":"center center","background-size":"auto","background-attachment":"scroll","background-type":"","background-media":"","overlay-type":"","overlay-color":"","overlay-opacity":"","overlay-gradient":""}}},"product_brand":[],"product_cat":[392,15],"product_tag":[3342,3351,3353,1648,3352,3354],"class_list":{"0":"post-17961","1":"product","2":"type-product","3":"status-publish","4":"has-post-thumbnail","6":"product_cat-edukologija","7":"product_cat-uncategorized","8":"product_tag-edukacija","9":"product_tag-john-hattie","10":"product_tag-mokyklos-veikla","11":"product_tag-mokymasis","12":"product_tag-mokytojas","13":"product_tag-tyrimai","14":"desktop-align-left","15":"tablet-align-left","16":"mobile-align-left","18":"first","19":"outofstock","20":"shipping-taxable","21":"purchasable","22":"product-type-simple"},"acf":[],"yoast_head":"<!-- This site is optimized with the Yoast SEO plugin v27.0 - https:\/\/yoast.com\/product\/yoast-seo-wordpress\/ -->\n<title>Matomas mokymasis. Mokytojo vadovas<\/title>\n<meta name=\"description\" content=\"\u0160ioje knygoje: \u2022 did\u017eiausio kada nors vykdyto tiriamojo mokymo metod\u0173 projekto rezultatai susiejami su praktine veikla per pamokas; \u2022 ginamas ir mokytoj\u0173,\" \/>\n<meta name=\"robots\" content=\"index, follow, max-snippet:-1, max-image-preview:large, max-video-preview:-1\" \/>\n<link rel=\"canonical\" href=\"https:\/\/skaitytaknyga.lt\/en\/produktas\/matomas-mokymasis-mokytojo-vadovas\/\" \/>\n<meta property=\"og:locale\" content=\"en_GB\" \/>\n<meta property=\"og:locale:alternate\" content=\"lt_LT\" \/>\n<meta property=\"og:type\" content=\"article\" \/>\n<meta property=\"og:title\" content=\"Matomas mokymasis. Mokytojo vadovas\" \/>\n<meta property=\"og:description\" content=\"\u0160ioje knygoje: \u2022 did\u017eiausio kada nors vykdyto tiriamojo mokymo metod\u0173 projekto rezultatai susiejami su praktine veikla per pamokas; \u2022 ginamas ir mokytoj\u0173,\" \/>\n<meta property=\"og:url\" content=\"https:\/\/skaitytaknyga.lt\/en\/produktas\/matomas-mokymasis-mokytojo-vadovas\/\" \/>\n<meta property=\"og:site_name\" content=\"Skaitytaknyga\" \/>\n<meta property=\"article:publisher\" content=\"https:\/\/www.facebook.com\/skaitytaknyga\/\" \/>\n<meta property=\"article:modified_time\" content=\"2025-05-15T10:25:25+00:00\" \/>\n<meta property=\"og:image\" content=\"https:\/\/skaitytaknyga.lt\/wp-content\/uploads\/2025\/04\/Matomas-mokymasis.-Mokytojo-vadovas.jpg\" \/>\n\t<meta property=\"og:image:width\" content=\"184\" \/>\n\t<meta property=\"og:image:height\" content=\"274\" \/>\n\t<meta property=\"og:image:type\" content=\"image\/jpeg\" \/>\n<meta name=\"twitter:card\" content=\"summary_large_image\" \/>\n<meta name=\"twitter:label1\" content=\"Estimated reading time\" \/>\n\t<meta name=\"twitter:data1\" content=\"1 minute\" \/>\n<script type=\"application\/ld+json\" class=\"yoast-schema-graph\">{\"@context\":\"https:\/\/schema.org\",\"@graph\":[{\"@type\":\"WebPage\",\"@id\":\"https:\/\/skaitytaknyga.lt\/produktas\/matomas-mokymasis-mokytojo-vadovas\/\",\"url\":\"https:\/\/skaitytaknyga.lt\/produktas\/matomas-mokymasis-mokytojo-vadovas\/\",\"name\":\"Matomas mokymasis. Mokytojo vadovas\",\"isPartOf\":{\"@id\":\"https:\/\/skaitytaknyga.lt\/#website\"},\"primaryImageOfPage\":{\"@id\":\"https:\/\/skaitytaknyga.lt\/produktas\/matomas-mokymasis-mokytojo-vadovas\/#primaryimage\"},\"image\":{\"@id\":\"https:\/\/skaitytaknyga.lt\/produktas\/matomas-mokymasis-mokytojo-vadovas\/#primaryimage\"},\"thumbnailUrl\":\"https:\/\/skaitytaknyga.lt\/wp-content\/uploads\/2025\/04\/Matomas-mokymasis.-Mokytojo-vadovas.jpg\",\"datePublished\":\"2025-04-22T12:58:07+00:00\",\"dateModified\":\"2025-05-15T10:25:25+00:00\",\"description\":\"\u0160ioje knygoje: \u2022 did\u017eiausio kada nors vykdyto tiriamojo mokymo metod\u0173 projekto rezultatai susiejami su praktine veikla per pamokas; \u2022 ginamas ir mokytoj\u0173,\",\"breadcrumb\":{\"@id\":\"https:\/\/skaitytaknyga.lt\/produktas\/matomas-mokymasis-mokytojo-vadovas\/#breadcrumb\"},\"inLanguage\":\"en-GB\",\"potentialAction\":[{\"@type\":\"ReadAction\",\"target\":[\"https:\/\/skaitytaknyga.lt\/produktas\/matomas-mokymasis-mokytojo-vadovas\/\"]}]},{\"@type\":\"ImageObject\",\"inLanguage\":\"en-GB\",\"@id\":\"https:\/\/skaitytaknyga.lt\/produktas\/matomas-mokymasis-mokytojo-vadovas\/#primaryimage\",\"url\":\"https:\/\/skaitytaknyga.lt\/wp-content\/uploads\/2025\/04\/Matomas-mokymasis.-Mokytojo-vadovas.jpg\",\"contentUrl\":\"https:\/\/skaitytaknyga.lt\/wp-content\/uploads\/2025\/04\/Matomas-mokymasis.-Mokytojo-vadovas.jpg\",\"width\":184,\"height\":274,\"caption\":\"Matomas mokymasis. Mokytojo vadovas\"},{\"@type\":\"BreadcrumbList\",\"@id\":\"https:\/\/skaitytaknyga.lt\/produktas\/matomas-mokymasis-mokytojo-vadovas\/#breadcrumb\",\"itemListElement\":[{\"@type\":\"ListItem\",\"position\":1,\"name\":\"Home\",\"item\":\"https:\/\/skaitytaknyga.lt\/\"},{\"@type\":\"ListItem\",\"position\":2,\"name\":\"Parduotuv\u0117\",\"item\":\"https:\/\/skaitytaknyga.lt\/knygu-parduotuve\/\"},{\"@type\":\"ListItem\",\"position\":3,\"name\":\"Matomas mokymasis. Mokytojo vadovas\"}]},{\"@type\":\"WebSite\",\"@id\":\"https:\/\/skaitytaknyga.lt\/#website\",\"url\":\"https:\/\/skaitytaknyga.lt\/\",\"name\":\"skaitytaknyga.lt\",\"description\":\"Skaitytaknyga.lt \u2013 tai ma\u017eas \u0161eimos verslas, kuris prasid\u0117jo nuo meil\u0117s knygoms ir siekio i\u0161gelb\u0117ti knygas nuo likimo prie konteinerio. Kas vienam nereikalingas daiktas \u2013 kitam lobis, o mes esame tarpininkai, kurie padeda abiems tapti laimingesniems ???? \u017dinome kaip nelengva i\u0161gyventi ma\u017eiems verslams, tad nuo \u0161iol, \u010dia rasite ir kit\u0173, ma\u017e\u0173 \u0161eim\u0173 versl\u0173, rank\u0173 darbo, dovan\u0173 sau ir artimiesiems.\",\"publisher\":{\"@id\":\"https:\/\/skaitytaknyga.lt\/#organization\"},\"potentialAction\":[{\"@type\":\"SearchAction\",\"target\":{\"@type\":\"EntryPoint\",\"urlTemplate\":\"https:\/\/skaitytaknyga.lt\/?s={search_term_string}\"},\"query-input\":{\"@type\":\"PropertyValueSpecification\",\"valueRequired\":true,\"valueName\":\"search_term_string\"}}],\"inLanguage\":\"en-GB\"},{\"@type\":\"Organization\",\"@id\":\"https:\/\/skaitytaknyga.lt\/#organization\",\"name\":\"skaitytaknyga.lt\",\"url\":\"https:\/\/skaitytaknyga.lt\/\",\"logo\":{\"@type\":\"ImageObject\",\"inLanguage\":\"en-GB\",\"@id\":\"https:\/\/skaitytaknyga.lt\/#\/schema\/logo\/image\/\",\"url\":\"https:\/\/skaitytaknyga.lt\/wp-content\/uploads\/2024\/05\/cropped-cropped-cropped-02_00843_jt3bggkj1j3HLc7SyY6rEUpg.jpeg\",\"contentUrl\":\"https:\/\/skaitytaknyga.lt\/wp-content\/uploads\/2024\/05\/cropped-cropped-cropped-02_00843_jt3bggkj1j3HLc7SyY6rEUpg.jpeg\",\"width\":1600,\"height\":1600,\"caption\":\"skaitytaknyga.lt\"},\"image\":{\"@id\":\"https:\/\/skaitytaknyga.lt\/#\/schema\/logo\/image\/\"},\"sameAs\":[\"https:\/\/www.facebook.com\/skaitytaknyga\/\"]}]}<\/script>\n<!-- \/ Yoast SEO plugin. -->","yoast_head_json":{"title":"Matomas mokymasis. Mokytojo vadovas","description":"\u0160ioje knygoje: \u2022 did\u017eiausio kada nors vykdyto tiriamojo mokymo metod\u0173 projekto rezultatai susiejami su praktine veikla per pamokas; \u2022 ginamas ir mokytoj\u0173,","robots":{"index":"index","follow":"follow","max-snippet":"max-snippet:-1","max-image-preview":"max-image-preview:large","max-video-preview":"max-video-preview:-1"},"canonical":"https:\/\/skaitytaknyga.lt\/en\/produktas\/matomas-mokymasis-mokytojo-vadovas\/","og_locale":"en_GB","og_type":"article","og_title":"[:lt]Matomas mokymasis. Mokytojo vadovas[:] - Skaitytaknyga","og_description":"\u0160ioje knygoje: \u2022 did\u017eiausio kada nors vykdyto tiriamojo mokymo metod\u0173 projekto rezultatai susiejami su praktine veikla per pamokas; \u2022 ginamas ir mokytoj\u0173,","og_url":"https:\/\/skaitytaknyga.lt\/en\/produktas\/matomas-mokymasis-mokytojo-vadovas\/","og_site_name":"Skaitytaknyga","article_publisher":"https:\/\/www.facebook.com\/skaitytaknyga\/","article_modified_time":"2025-05-15T10:25:25+00:00","og_image":[{"width":184,"height":274,"url":"https:\/\/skaitytaknyga.lt\/wp-content\/uploads\/2025\/04\/Matomas-mokymasis.-Mokytojo-vadovas.jpg","type":"image\/jpeg"}],"twitter_card":"summary_large_image","twitter_misc":{"Estimated reading time":"1 minute"},"schema":{"@context":"https:\/\/schema.org","@graph":[{"@type":"WebPage","@id":"https:\/\/skaitytaknyga.lt\/produktas\/matomas-mokymasis-mokytojo-vadovas\/","url":"https:\/\/skaitytaknyga.lt\/produktas\/matomas-mokymasis-mokytojo-vadovas\/","name":"Matomas mokymasis. Mokytojo vadovas","isPartOf":{"@id":"https:\/\/skaitytaknyga.lt\/#website"},"primaryImageOfPage":{"@id":"https:\/\/skaitytaknyga.lt\/produktas\/matomas-mokymasis-mokytojo-vadovas\/#primaryimage"},"image":{"@id":"https:\/\/skaitytaknyga.lt\/produktas\/matomas-mokymasis-mokytojo-vadovas\/#primaryimage"},"thumbnailUrl":"https:\/\/skaitytaknyga.lt\/wp-content\/uploads\/2025\/04\/Matomas-mokymasis.-Mokytojo-vadovas.jpg","datePublished":"2025-04-22T12:58:07+00:00","dateModified":"2025-05-15T10:25:25+00:00","description":"\u0160ioje knygoje: \u2022 did\u017eiausio kada nors vykdyto tiriamojo mokymo metod\u0173 projekto rezultatai susiejami su praktine veikla per pamokas; \u2022 ginamas ir mokytoj\u0173,","breadcrumb":{"@id":"https:\/\/skaitytaknyga.lt\/produktas\/matomas-mokymasis-mokytojo-vadovas\/#breadcrumb"},"inLanguage":"en-GB","potentialAction":[{"@type":"ReadAction","target":["https:\/\/skaitytaknyga.lt\/produktas\/matomas-mokymasis-mokytojo-vadovas\/"]}]},{"@type":"ImageObject","inLanguage":"en-GB","@id":"https:\/\/skaitytaknyga.lt\/produktas\/matomas-mokymasis-mokytojo-vadovas\/#primaryimage","url":"https:\/\/skaitytaknyga.lt\/wp-content\/uploads\/2025\/04\/Matomas-mokymasis.-Mokytojo-vadovas.jpg","contentUrl":"https:\/\/skaitytaknyga.lt\/wp-content\/uploads\/2025\/04\/Matomas-mokymasis.-Mokytojo-vadovas.jpg","width":184,"height":274,"caption":"Matomas mokymasis. Mokytojo vadovas"},{"@type":"BreadcrumbList","@id":"https:\/\/skaitytaknyga.lt\/produktas\/matomas-mokymasis-mokytojo-vadovas\/#breadcrumb","itemListElement":[{"@type":"ListItem","position":1,"name":"Home","item":"https:\/\/skaitytaknyga.lt\/"},{"@type":"ListItem","position":2,"name":"Parduotuv\u0117","item":"https:\/\/skaitytaknyga.lt\/knygu-parduotuve\/"},{"@type":"ListItem","position":3,"name":"Matomas mokymasis. Mokytojo vadovas"}]},{"@type":"WebSite","@id":"https:\/\/skaitytaknyga.lt\/#website","url":"https:\/\/skaitytaknyga.lt\/","name":"skaitytaknyga.lt","description":"Skaitytaknyga.lt \u2013 tai ma\u017eas \u0161eimos verslas, kuris prasid\u0117jo nuo meil\u0117s knygoms ir siekio i\u0161gelb\u0117ti knygas nuo likimo prie konteinerio. Kas vienam nereikalingas daiktas \u2013 kitam lobis, o mes esame tarpininkai, kurie padeda abiems tapti laimingesniems ???? \u017dinome kaip nelengva i\u0161gyventi ma\u017eiems verslams, tad nuo \u0161iol, \u010dia rasite ir kit\u0173, ma\u017e\u0173 \u0161eim\u0173 versl\u0173, rank\u0173 darbo, dovan\u0173 sau ir artimiesiems.","publisher":{"@id":"https:\/\/skaitytaknyga.lt\/#organization"},"potentialAction":[{"@type":"SearchAction","target":{"@type":"EntryPoint","urlTemplate":"https:\/\/skaitytaknyga.lt\/?s={search_term_string}"},"query-input":{"@type":"PropertyValueSpecification","valueRequired":true,"valueName":"search_term_string"}}],"inLanguage":"en-GB"},{"@type":"Organization","@id":"https:\/\/skaitytaknyga.lt\/#organization","name":"skaitytaknyga.lt","url":"https:\/\/skaitytaknyga.lt\/","logo":{"@type":"ImageObject","inLanguage":"en-GB","@id":"https:\/\/skaitytaknyga.lt\/#\/schema\/logo\/image\/","url":"https:\/\/skaitytaknyga.lt\/wp-content\/uploads\/2024\/05\/cropped-cropped-cropped-02_00843_jt3bggkj1j3HLc7SyY6rEUpg.jpeg","contentUrl":"https:\/\/skaitytaknyga.lt\/wp-content\/uploads\/2024\/05\/cropped-cropped-cropped-02_00843_jt3bggkj1j3HLc7SyY6rEUpg.jpeg","width":1600,"height":1600,"caption":"skaitytaknyga.lt"},"image":{"@id":"https:\/\/skaitytaknyga.lt\/#\/schema\/logo\/image\/"},"sameAs":["https:\/\/www.facebook.com\/skaitytaknyga\/"]}]}},"_links":{"self":[{"href":"https:\/\/skaitytaknyga.lt\/en\/wp-json\/wp\/v2\/product\/17961","targetHints":{"allow":["GET"]}}],"collection":[{"href":"https:\/\/skaitytaknyga.lt\/en\/wp-json\/wp\/v2\/product"}],"about":[{"href":"https:\/\/skaitytaknyga.lt\/en\/wp-json\/wp\/v2\/types\/product"}],"replies":[{"embeddable":true,"href":"https:\/\/skaitytaknyga.lt\/en\/wp-json\/wp\/v2\/comments?post=17961"}],"wp:featuredmedia":[{"embeddable":true,"href":"https:\/\/skaitytaknyga.lt\/en\/wp-json\/wp\/v2\/media\/17964"}],"wp:attachment":[{"href":"https:\/\/skaitytaknyga.lt\/en\/wp-json\/wp\/v2\/media?parent=17961"}],"wp:term":[{"taxonomy":"product_brand","embeddable":true,"href":"https:\/\/skaitytaknyga.lt\/en\/wp-json\/wp\/v2\/product_brand?post=17961"},{"taxonomy":"product_cat","embeddable":true,"href":"https:\/\/skaitytaknyga.lt\/en\/wp-json\/wp\/v2\/product_cat?post=17961"},{"taxonomy":"product_tag","embeddable":true,"href":"https:\/\/skaitytaknyga.lt\/en\/wp-json\/wp\/v2\/product_tag?post=17961"}],"curies":[{"name":"wp","href":"https:\/\/api.w.org\/{rel}","templated":true}]}}