{"id":17960,"date":"2025-04-22T15:58:07","date_gmt":"2025-04-22T12:58:07","guid":{"rendered":"https:\/\/skaitytaknyga.lt\/?post_type=product&#038;p=17960"},"modified":"2025-05-15T13:25:25","modified_gmt":"2025-05-15T10:25:25","slug":"kas-vyksta-klaseje-desimtasis-leidimas","status":"publish","type":"product","link":"https:\/\/skaitytaknyga.lt\/en\/produktas\/kas-vyksta-klaseje-desimtasis-leidimas\/","title":{"rendered":"Kas vyksta klas\u0117je. De\u0161imtasis leidimas"},"content":{"rendered":"<p>\u0160i klasikai priskirtina knyga, kuri\u0105 para\u0161\u0117 \u012f\u017eym\u016bs mokslininkai, yra visapusi\u0161ka, moksliniais tyrimais pagr\u012fsta veiksmingiausi\u0173 mokymo ir mokymosi metod\u0173 visuma.<\/p>\n<p>\u010cia pateikiama informacija apie mokini\u0173 motyvacij\u0105, mokym\u0105 per pamokas, mokytoj\u0173 l\u016bkes\u010dius ir mokymo pritaikym\u0105 atskiriems besimokan\u010di\u0173 poreikiams patenkinti.<\/p>\n<p>\u0160i knyga skirta esminei mokyklos veiklai \u2013 pamokai \u2013 tobulinti.<\/p>\n<ul>\n<li>Autorius: Thomas L. Good, Jere Brophy<\/li>\n<li>Metai: 2014<\/li>\n<li>Puslapiai: 511<\/li>\n<li>ISBN : 9789955788263<\/li>\n<li>Formatas: 17,5 x 25,5 cm, kieti vir\u0161eliai<\/li>\n<li>Kalba: Lietuvi\u0173<\/li>\n<\/ul>\n","protected":false},"excerpt":{"rendered":"<p>\u0160i klasikai priskirtina knyga, kuri\u0105 para\u0161\u0117 \u012f\u017eym\u016bs mokslininkai, yra visapusi\u0161ka, moksliniais tyrimais pagr\u012fsta veiksmingiausi\u0173 mokymo ir mokymosi metod\u0173 visuma. \u010cia pateikiama informacija apie mokini\u0173 motyvacij\u0105, mokym\u0105 per pamokas, mokytoj\u0173 l\u016bkes\u010dius ir mokymo pritaikym\u0105 atskiriems besimokan\u010di\u0173 poreikiams patenkinti. \u0160i knyga skirta esminei mokyklos veiklai \u2013 pamokai \u2013 tobulinti. Autorius: Thomas L. Good, Jere Brophy Metai: 2014 Puslapiai: 511 ISBN : 9789955788263 Formatas: 17,5 x 25,5 cm, kieti vir\u0161eliai Kalba: Lietuvi\u0173<\/p>\n","protected":false},"featured_media":17963,"comment_status":"open","ping_status":"closed","template":"","meta":{"_acf_changed":false,"site-sidebar-layout":"default","site-content-layout":"","ast-site-content-layout":"default","site-content-style":"default","site-sidebar-style":"default","ast-global-header-display":"","ast-banner-title-visibility":"","ast-main-header-display":"","ast-hfb-above-header-display":"","ast-hfb-below-header-display":"","ast-hfb-mobile-header-display":"","site-post-title":"","ast-breadcrumbs-content":"","ast-featured-img":"","footer-sml-layout":"","ast-disable-related-posts":"","theme-transparent-header-meta":"default","adv-header-id-meta":"","stick-header-meta":"","header-above-stick-meta":"","header-main-stick-meta":"","header-below-stick-meta":"","astra-migrate-meta-layouts":"set","ast-page-background-enabled":"default","ast-page-background-meta":{"desktop":{"background-color":"","background-image":"","background-repeat":"repeat","background-position":"center center","background-size":"auto","background-attachment":"scroll","background-type":"","background-media":"","overlay-type":"","overlay-color":"","overlay-opacity":"","overlay-gradient":""},"tablet":{"background-color":"","background-image":"","background-repeat":"repeat","background-position":"center center","background-size":"auto","background-attachment":"scroll","background-type":"","background-media":"","overlay-type":"","overlay-color":"","overlay-opacity":"","overlay-gradient":""},"mobile":{"background-color":"","background-image":"","background-repeat":"repeat","background-position":"center center","background-size":"auto","background-attachment":"scroll","background-type":"","background-media":"","overlay-type":"","overlay-color":"","overlay-opacity":"","overlay-gradient":""}},"ast-content-background-meta":{"desktop":{"background-color":"var(--ast-global-color-4)","background-image":"","background-repeat":"repeat","background-position":"center center","background-size":"auto","background-attachment":"scroll","background-type":"","background-media":"","overlay-type":"","overlay-color":"","overlay-opacity":"","overlay-gradient":""},"tablet":{"background-color":"var(--ast-global-color-4)","background-image":"","background-repeat":"repeat","background-position":"center center","background-size":"auto","background-attachment":"scroll","background-type":"","background-media":"","overlay-type":"","overlay-color":"","overlay-opacity":"","overlay-gradient":""},"mobile":{"background-color":"var(--ast-global-color-4)","background-image":"","background-repeat":"repeat","background-position":"center center","background-size":"auto","background-attachment":"scroll","background-type":"","background-media":"","overlay-type":"","overlay-color":"","overlay-opacity":"","overlay-gradient":""}}},"product_brand":[],"product_cat":[392,15],"product_tag":[3347,3349,3340,2350,3348,1409,3346],"class_list":{"0":"post-17960","1":"product","2":"type-product","3":"status-publish","4":"has-post-thumbnail","6":"product_cat-edukologija","7":"product_cat-uncategorized","8":"product_tag-jere-brophy","9":"product_tag-metodai","10":"product_tag-mokiniai","11":"product_tag-mokymas","12":"product_tag-mokytojai","13":"product_tag-motyvacija","14":"product_tag-thomas-l-good","15":"desktop-align-left","16":"tablet-align-left","17":"mobile-align-left","19":"first","20":"outofstock","21":"shipping-taxable","22":"purchasable","23":"product-type-simple"},"acf":[],"yoast_head":"<!-- This site is optimized with the Yoast SEO plugin v27.0 - https:\/\/yoast.com\/product\/yoast-seo-wordpress\/ -->\n<title>Kas vyksta klas\u0117je. De\u0161imtasis leidimas<\/title>\n<meta name=\"description\" content=\"\u0160i klasikai priskirtina knyga, kuri\u0105 para\u0161\u0117 \u012f\u017eym\u016bs mokslininkai, yra visapusi\u0161ka, moksliniais tyrimais pagr\u012fsta veiksmingiausi\u0173 mokymo ir mokymosi metod\u0173\" \/>\n<meta name=\"robots\" content=\"index, follow, max-snippet:-1, max-image-preview:large, max-video-preview:-1\" \/>\n<link rel=\"canonical\" href=\"https:\/\/skaitytaknyga.lt\/en\/produktas\/kas-vyksta-klaseje-desimtasis-leidimas\/\" \/>\n<meta property=\"og:locale\" content=\"en_GB\" \/>\n<meta property=\"og:locale:alternate\" content=\"lt_LT\" \/>\n<meta property=\"og:type\" content=\"article\" \/>\n<meta property=\"og:title\" content=\"Kas vyksta klas\u0117je. De\u0161imtasis leidimas\" \/>\n<meta property=\"og:description\" content=\"\u0160i klasikai priskirtina knyga, kuri\u0105 para\u0161\u0117 \u012f\u017eym\u016bs mokslininkai, yra visapusi\u0161ka, moksliniais tyrimais pagr\u012fsta veiksmingiausi\u0173 mokymo ir mokymosi metod\u0173\" \/>\n<meta property=\"og:url\" content=\"https:\/\/skaitytaknyga.lt\/en\/produktas\/kas-vyksta-klaseje-desimtasis-leidimas\/\" \/>\n<meta property=\"og:site_name\" content=\"Skaitytaknyga\" \/>\n<meta property=\"article:publisher\" content=\"https:\/\/www.facebook.com\/skaitytaknyga\/\" \/>\n<meta property=\"article:modified_time\" content=\"2025-05-15T10:25:25+00:00\" \/>\n<meta property=\"og:image\" content=\"https:\/\/skaitytaknyga.lt\/wp-content\/uploads\/2025\/04\/Kas-vyksta-klaseje.-Desimtasis-leidimas.webp\" \/>\n\t<meta property=\"og:image:width\" content=\"440\" \/>\n\t<meta property=\"og:image:height\" content=\"600\" \/>\n\t<meta property=\"og:image:type\" content=\"image\/webp\" \/>\n<meta name=\"twitter:card\" content=\"summary_large_image\" \/>\n<meta name=\"twitter:label1\" content=\"Estimated reading time\" \/>\n\t<meta name=\"twitter:data1\" content=\"1 minute\" \/>\n<script type=\"application\/ld+json\" class=\"yoast-schema-graph\">{\"@context\":\"https:\/\/schema.org\",\"@graph\":[{\"@type\":\"WebPage\",\"@id\":\"https:\/\/skaitytaknyga.lt\/produktas\/kas-vyksta-klaseje-desimtasis-leidimas\/\",\"url\":\"https:\/\/skaitytaknyga.lt\/produktas\/kas-vyksta-klaseje-desimtasis-leidimas\/\",\"name\":\"Kas vyksta klas\u0117je. De\u0161imtasis leidimas\",\"isPartOf\":{\"@id\":\"https:\/\/skaitytaknyga.lt\/#website\"},\"primaryImageOfPage\":{\"@id\":\"https:\/\/skaitytaknyga.lt\/produktas\/kas-vyksta-klaseje-desimtasis-leidimas\/#primaryimage\"},\"image\":{\"@id\":\"https:\/\/skaitytaknyga.lt\/produktas\/kas-vyksta-klaseje-desimtasis-leidimas\/#primaryimage\"},\"thumbnailUrl\":\"https:\/\/skaitytaknyga.lt\/wp-content\/uploads\/2025\/04\/Kas-vyksta-klaseje.-Desimtasis-leidimas.webp\",\"datePublished\":\"2025-04-22T12:58:07+00:00\",\"dateModified\":\"2025-05-15T10:25:25+00:00\",\"description\":\"\u0160i klasikai priskirtina knyga, kuri\u0105 para\u0161\u0117 \u012f\u017eym\u016bs mokslininkai, yra visapusi\u0161ka, moksliniais tyrimais pagr\u012fsta veiksmingiausi\u0173 mokymo ir mokymosi metod\u0173\",\"breadcrumb\":{\"@id\":\"https:\/\/skaitytaknyga.lt\/produktas\/kas-vyksta-klaseje-desimtasis-leidimas\/#breadcrumb\"},\"inLanguage\":\"en-GB\",\"potentialAction\":[{\"@type\":\"ReadAction\",\"target\":[\"https:\/\/skaitytaknyga.lt\/produktas\/kas-vyksta-klaseje-desimtasis-leidimas\/\"]}]},{\"@type\":\"ImageObject\",\"inLanguage\":\"en-GB\",\"@id\":\"https:\/\/skaitytaknyga.lt\/produktas\/kas-vyksta-klaseje-desimtasis-leidimas\/#primaryimage\",\"url\":\"https:\/\/skaitytaknyga.lt\/wp-content\/uploads\/2025\/04\/Kas-vyksta-klaseje.-Desimtasis-leidimas.webp\",\"contentUrl\":\"https:\/\/skaitytaknyga.lt\/wp-content\/uploads\/2025\/04\/Kas-vyksta-klaseje.-Desimtasis-leidimas.webp\",\"width\":440,\"height\":600,\"caption\":\"Kas vyksta klas\u0117je. De\u0161imtasis leidimas\"},{\"@type\":\"BreadcrumbList\",\"@id\":\"https:\/\/skaitytaknyga.lt\/produktas\/kas-vyksta-klaseje-desimtasis-leidimas\/#breadcrumb\",\"itemListElement\":[{\"@type\":\"ListItem\",\"position\":1,\"name\":\"Home\",\"item\":\"https:\/\/skaitytaknyga.lt\/\"},{\"@type\":\"ListItem\",\"position\":2,\"name\":\"Parduotuv\u0117\",\"item\":\"https:\/\/skaitytaknyga.lt\/knygu-parduotuve\/\"},{\"@type\":\"ListItem\",\"position\":3,\"name\":\"Kas vyksta klas\u0117je. De\u0161imtasis leidimas\"}]},{\"@type\":\"WebSite\",\"@id\":\"https:\/\/skaitytaknyga.lt\/#website\",\"url\":\"https:\/\/skaitytaknyga.lt\/\",\"name\":\"skaitytaknyga.lt\",\"description\":\"Skaitytaknyga.lt \u2013 tai ma\u017eas \u0161eimos verslas, kuris prasid\u0117jo nuo meil\u0117s knygoms ir siekio i\u0161gelb\u0117ti knygas nuo likimo prie konteinerio. Kas vienam nereikalingas daiktas \u2013 kitam lobis, o mes esame tarpininkai, kurie padeda abiems tapti laimingesniems ???? \u017dinome kaip nelengva i\u0161gyventi ma\u017eiems verslams, tad nuo \u0161iol, \u010dia rasite ir kit\u0173, ma\u017e\u0173 \u0161eim\u0173 versl\u0173, rank\u0173 darbo, dovan\u0173 sau ir artimiesiems.\",\"publisher\":{\"@id\":\"https:\/\/skaitytaknyga.lt\/#organization\"},\"potentialAction\":[{\"@type\":\"SearchAction\",\"target\":{\"@type\":\"EntryPoint\",\"urlTemplate\":\"https:\/\/skaitytaknyga.lt\/?s={search_term_string}\"},\"query-input\":{\"@type\":\"PropertyValueSpecification\",\"valueRequired\":true,\"valueName\":\"search_term_string\"}}],\"inLanguage\":\"en-GB\"},{\"@type\":\"Organization\",\"@id\":\"https:\/\/skaitytaknyga.lt\/#organization\",\"name\":\"skaitytaknyga.lt\",\"url\":\"https:\/\/skaitytaknyga.lt\/\",\"logo\":{\"@type\":\"ImageObject\",\"inLanguage\":\"en-GB\",\"@id\":\"https:\/\/skaitytaknyga.lt\/#\/schema\/logo\/image\/\",\"url\":\"https:\/\/skaitytaknyga.lt\/wp-content\/uploads\/2024\/05\/cropped-cropped-cropped-02_00843_jt3bggkj1j3HLc7SyY6rEUpg.jpeg\",\"contentUrl\":\"https:\/\/skaitytaknyga.lt\/wp-content\/uploads\/2024\/05\/cropped-cropped-cropped-02_00843_jt3bggkj1j3HLc7SyY6rEUpg.jpeg\",\"width\":1600,\"height\":1600,\"caption\":\"skaitytaknyga.lt\"},\"image\":{\"@id\":\"https:\/\/skaitytaknyga.lt\/#\/schema\/logo\/image\/\"},\"sameAs\":[\"https:\/\/www.facebook.com\/skaitytaknyga\/\"]}]}<\/script>\n<!-- \/ Yoast SEO plugin. -->","yoast_head_json":{"title":"Kas vyksta klas\u0117je. De\u0161imtasis leidimas","description":"\u0160i klasikai priskirtina knyga, kuri\u0105 para\u0161\u0117 \u012f\u017eym\u016bs mokslininkai, yra visapusi\u0161ka, moksliniais tyrimais pagr\u012fsta veiksmingiausi\u0173 mokymo ir mokymosi metod\u0173","robots":{"index":"index","follow":"follow","max-snippet":"max-snippet:-1","max-image-preview":"max-image-preview:large","max-video-preview":"max-video-preview:-1"},"canonical":"https:\/\/skaitytaknyga.lt\/en\/produktas\/kas-vyksta-klaseje-desimtasis-leidimas\/","og_locale":"en_GB","og_type":"article","og_title":"[:lt]Kas vyksta klas\u0117je. De\u0161imtasis leidimas[:] - Skaitytaknyga","og_description":"\u0160i klasikai priskirtina knyga, kuri\u0105 para\u0161\u0117 \u012f\u017eym\u016bs mokslininkai, yra visapusi\u0161ka, moksliniais tyrimais pagr\u012fsta veiksmingiausi\u0173 mokymo ir mokymosi metod\u0173","og_url":"https:\/\/skaitytaknyga.lt\/en\/produktas\/kas-vyksta-klaseje-desimtasis-leidimas\/","og_site_name":"Skaitytaknyga","article_publisher":"https:\/\/www.facebook.com\/skaitytaknyga\/","article_modified_time":"2025-05-15T10:25:25+00:00","og_image":[{"width":440,"height":600,"url":"https:\/\/skaitytaknyga.lt\/wp-content\/uploads\/2025\/04\/Kas-vyksta-klaseje.-Desimtasis-leidimas.webp","type":"image\/webp"}],"twitter_card":"summary_large_image","twitter_misc":{"Estimated reading time":"1 minute"},"schema":{"@context":"https:\/\/schema.org","@graph":[{"@type":"WebPage","@id":"https:\/\/skaitytaknyga.lt\/produktas\/kas-vyksta-klaseje-desimtasis-leidimas\/","url":"https:\/\/skaitytaknyga.lt\/produktas\/kas-vyksta-klaseje-desimtasis-leidimas\/","name":"Kas vyksta klas\u0117je. De\u0161imtasis leidimas","isPartOf":{"@id":"https:\/\/skaitytaknyga.lt\/#website"},"primaryImageOfPage":{"@id":"https:\/\/skaitytaknyga.lt\/produktas\/kas-vyksta-klaseje-desimtasis-leidimas\/#primaryimage"},"image":{"@id":"https:\/\/skaitytaknyga.lt\/produktas\/kas-vyksta-klaseje-desimtasis-leidimas\/#primaryimage"},"thumbnailUrl":"https:\/\/skaitytaknyga.lt\/wp-content\/uploads\/2025\/04\/Kas-vyksta-klaseje.-Desimtasis-leidimas.webp","datePublished":"2025-04-22T12:58:07+00:00","dateModified":"2025-05-15T10:25:25+00:00","description":"\u0160i klasikai priskirtina knyga, kuri\u0105 para\u0161\u0117 \u012f\u017eym\u016bs mokslininkai, yra visapusi\u0161ka, moksliniais tyrimais pagr\u012fsta veiksmingiausi\u0173 mokymo ir mokymosi metod\u0173","breadcrumb":{"@id":"https:\/\/skaitytaknyga.lt\/produktas\/kas-vyksta-klaseje-desimtasis-leidimas\/#breadcrumb"},"inLanguage":"en-GB","potentialAction":[{"@type":"ReadAction","target":["https:\/\/skaitytaknyga.lt\/produktas\/kas-vyksta-klaseje-desimtasis-leidimas\/"]}]},{"@type":"ImageObject","inLanguage":"en-GB","@id":"https:\/\/skaitytaknyga.lt\/produktas\/kas-vyksta-klaseje-desimtasis-leidimas\/#primaryimage","url":"https:\/\/skaitytaknyga.lt\/wp-content\/uploads\/2025\/04\/Kas-vyksta-klaseje.-Desimtasis-leidimas.webp","contentUrl":"https:\/\/skaitytaknyga.lt\/wp-content\/uploads\/2025\/04\/Kas-vyksta-klaseje.-Desimtasis-leidimas.webp","width":440,"height":600,"caption":"Kas vyksta klas\u0117je. De\u0161imtasis leidimas"},{"@type":"BreadcrumbList","@id":"https:\/\/skaitytaknyga.lt\/produktas\/kas-vyksta-klaseje-desimtasis-leidimas\/#breadcrumb","itemListElement":[{"@type":"ListItem","position":1,"name":"Home","item":"https:\/\/skaitytaknyga.lt\/"},{"@type":"ListItem","position":2,"name":"Parduotuv\u0117","item":"https:\/\/skaitytaknyga.lt\/knygu-parduotuve\/"},{"@type":"ListItem","position":3,"name":"Kas vyksta klas\u0117je. De\u0161imtasis leidimas"}]},{"@type":"WebSite","@id":"https:\/\/skaitytaknyga.lt\/#website","url":"https:\/\/skaitytaknyga.lt\/","name":"skaitytaknyga.lt","description":"Skaitytaknyga.lt \u2013 tai ma\u017eas \u0161eimos verslas, kuris prasid\u0117jo nuo meil\u0117s knygoms ir siekio i\u0161gelb\u0117ti knygas nuo likimo prie konteinerio. Kas vienam nereikalingas daiktas \u2013 kitam lobis, o mes esame tarpininkai, kurie padeda abiems tapti laimingesniems ???? \u017dinome kaip nelengva i\u0161gyventi ma\u017eiems verslams, tad nuo \u0161iol, \u010dia rasite ir kit\u0173, ma\u017e\u0173 \u0161eim\u0173 versl\u0173, rank\u0173 darbo, dovan\u0173 sau ir artimiesiems.","publisher":{"@id":"https:\/\/skaitytaknyga.lt\/#organization"},"potentialAction":[{"@type":"SearchAction","target":{"@type":"EntryPoint","urlTemplate":"https:\/\/skaitytaknyga.lt\/?s={search_term_string}"},"query-input":{"@type":"PropertyValueSpecification","valueRequired":true,"valueName":"search_term_string"}}],"inLanguage":"en-GB"},{"@type":"Organization","@id":"https:\/\/skaitytaknyga.lt\/#organization","name":"skaitytaknyga.lt","url":"https:\/\/skaitytaknyga.lt\/","logo":{"@type":"ImageObject","inLanguage":"en-GB","@id":"https:\/\/skaitytaknyga.lt\/#\/schema\/logo\/image\/","url":"https:\/\/skaitytaknyga.lt\/wp-content\/uploads\/2024\/05\/cropped-cropped-cropped-02_00843_jt3bggkj1j3HLc7SyY6rEUpg.jpeg","contentUrl":"https:\/\/skaitytaknyga.lt\/wp-content\/uploads\/2024\/05\/cropped-cropped-cropped-02_00843_jt3bggkj1j3HLc7SyY6rEUpg.jpeg","width":1600,"height":1600,"caption":"skaitytaknyga.lt"},"image":{"@id":"https:\/\/skaitytaknyga.lt\/#\/schema\/logo\/image\/"},"sameAs":["https:\/\/www.facebook.com\/skaitytaknyga\/"]}]}},"_links":{"self":[{"href":"https:\/\/skaitytaknyga.lt\/en\/wp-json\/wp\/v2\/product\/17960","targetHints":{"allow":["GET"]}}],"collection":[{"href":"https:\/\/skaitytaknyga.lt\/en\/wp-json\/wp\/v2\/product"}],"about":[{"href":"https:\/\/skaitytaknyga.lt\/en\/wp-json\/wp\/v2\/types\/product"}],"replies":[{"embeddable":true,"href":"https:\/\/skaitytaknyga.lt\/en\/wp-json\/wp\/v2\/comments?post=17960"}],"wp:featuredmedia":[{"embeddable":true,"href":"https:\/\/skaitytaknyga.lt\/en\/wp-json\/wp\/v2\/media\/17963"}],"wp:attachment":[{"href":"https:\/\/skaitytaknyga.lt\/en\/wp-json\/wp\/v2\/media?parent=17960"}],"wp:term":[{"taxonomy":"product_brand","embeddable":true,"href":"https:\/\/skaitytaknyga.lt\/en\/wp-json\/wp\/v2\/product_brand?post=17960"},{"taxonomy":"product_cat","embeddable":true,"href":"https:\/\/skaitytaknyga.lt\/en\/wp-json\/wp\/v2\/product_cat?post=17960"},{"taxonomy":"product_tag","embeddable":true,"href":"https:\/\/skaitytaknyga.lt\/en\/wp-json\/wp\/v2\/product_tag?post=17960"}],"curies":[{"name":"wp","href":"https:\/\/api.w.org\/{rel}","templated":true}]}}