{"id":17959,"date":"2025-04-22T15:58:06","date_gmt":"2025-04-22T12:58:06","guid":{"rendered":"https:\/\/skaitytaknyga.lt\/?post_type=product&#038;p=17959"},"modified":"2025-05-15T13:25:25","modified_gmt":"2025-05-15T10:25:25","slug":"siuolaikinis-mokymas-praktinis-vadovas","status":"publish","type":"product","link":"https:\/\/skaitytaknyga.lt\/en\/produktas\/siuolaikinis-mokymas-praktinis-vadovas\/","title":{"rendered":"\u0160iuolaikinis mokymas. Praktinis vadovas"},"content":{"rendered":"<p>\u0160i praktin\u0117 knyga, para\u0161yta gyvai ir \u0161maik\u0161\u010diai, skirta pedagogams \u2013 mokytojams, d\u0117stytojams, \u012fvairi\u0173 kurs\u0173 lektoriams, trumpai tariant \u2013 visiems, kuriems r\u016bpi, kaip pad\u0117ti i\u0161mokti. Jos tikslas \u2013 paprastai ir ai\u0161kiai atsakyti \u012f klausim\u0105, kaip mokyti: kaip planuoti pamokas ir motyvuoti mokinius, kaip sukurti drausming\u0105, bet smagi\u0105 aplink\u0105 savo mokiniams. Pateikiama m\u0105stym\u0105 skatinan\u010di\u0173 test\u0173 ir praktini\u0173 pratim\u0173, i\u0161sami mokymo metod\u0173 ap\u017evalga ir j\u0173 taikymo pavyzd\u017eiai.<\/p>\n<ul>\n<li>Autorius: Geoff Petty<\/li>\n<li>Leid\u0117jas Tyto alba<\/li>\n<li>Metai: 2006<\/li>\n<li>Puslapiai: 668<\/li>\n<li>ISBN : 9789986164753<\/li>\n<li>Formatas: 16,5 x 23,5 x 3,5 cm, mink\u0161ti vir\u0161eliai<\/li>\n<li>Kalba: Lietuvi\u0173<\/li>\n<li>Vert\u0117jas: Ieva Simanavi\u010di\u016bt\u0117<\/li>\n<\/ul>\n","protected":false},"excerpt":{"rendered":"<p>\u0160i praktin\u0117 knyga, para\u0161yta gyvai ir \u0161maik\u0161\u010diai, skirta pedagogams \u2013 mokytojams, d\u0117stytojams, \u012fvairi\u0173 kurs\u0173 lektoriams, trumpai tariant \u2013 visiems, kuriems r\u016bpi, kaip pad\u0117ti i\u0161mokti. Jos tikslas \u2013 paprastai ir ai\u0161kiai atsakyti \u012f klausim\u0105, kaip mokyti: kaip planuoti pamokas ir motyvuoti mokinius, kaip sukurti drausming\u0105, bet smagi\u0105 aplink\u0105 savo mokiniams. Pateikiama m\u0105stym\u0105 skatinan\u010di\u0173 test\u0173 ir praktini\u0173 pratim\u0173, i\u0161sami mokymo metod\u0173 ap\u017evalga ir j\u0173 taikymo pavyzd\u017eiai. Autorius: Geoff Petty Leid\u0117jas Tyto alba Metai: 2006 Puslapiai: 668 ISBN : 9789986164753 Formatas: 16,5 x 23,5 x 3,5 cm, mink\u0161ti vir\u0161eliai Kalba: Lietuvi\u0173 Vert\u0117jas: Ieva Simanavi\u010di\u016bt\u0117<\/p>\n","protected":false},"featured_media":17962,"comment_status":"open","ping_status":"closed","template":"","meta":{"_acf_changed":false,"site-sidebar-layout":"default","site-content-layout":"","ast-site-content-layout":"default","site-content-style":"default","site-sidebar-style":"default","ast-global-header-display":"","ast-banner-title-visibility":"","ast-main-header-display":"","ast-hfb-above-header-display":"","ast-hfb-below-header-display":"","ast-hfb-mobile-header-display":"","site-post-title":"","ast-breadcrumbs-content":"","ast-featured-img":"","footer-sml-layout":"","ast-disable-related-posts":"","theme-transparent-header-meta":"default","adv-header-id-meta":"","stick-header-meta":"","header-above-stick-meta":"","header-main-stick-meta":"","header-below-stick-meta":"","astra-migrate-meta-layouts":"set","ast-page-background-enabled":"default","ast-page-background-meta":{"desktop":{"background-color":"","background-image":"","background-repeat":"repeat","background-position":"center center","background-size":"auto","background-attachment":"scroll","background-type":"","background-media":"","overlay-type":"","overlay-color":"","overlay-opacity":"","overlay-gradient":""},"tablet":{"background-color":"","background-image":"","background-repeat":"repeat","background-position":"center center","background-size":"auto","background-attachment":"scroll","background-type":"","background-media":"","overlay-type":"","overlay-color":"","overlay-opacity":"","overlay-gradient":""},"mobile":{"background-color":"","background-image":"","background-repeat":"repeat","background-position":"center center","background-size":"auto","background-attachment":"scroll","background-type":"","background-media":"","overlay-type":"","overlay-color":"","overlay-opacity":"","overlay-gradient":""}},"ast-content-background-meta":{"desktop":{"background-color":"var(--ast-global-color-4)","background-image":"","background-repeat":"repeat","background-position":"center center","background-size":"auto","background-attachment":"scroll","background-type":"","background-media":"","overlay-type":"","overlay-color":"","overlay-opacity":"","overlay-gradient":""},"tablet":{"background-color":"var(--ast-global-color-4)","background-image":"","background-repeat":"repeat","background-position":"center center","background-size":"auto","background-attachment":"scroll","background-type":"","background-media":"","overlay-type":"","overlay-color":"","overlay-opacity":"","overlay-gradient":""},"mobile":{"background-color":"var(--ast-global-color-4)","background-image":"","background-repeat":"repeat","background-position":"center center","background-size":"auto","background-attachment":"scroll","background-type":"","background-media":"","overlay-type":"","overlay-color":"","overlay-opacity":"","overlay-gradient":""}}},"product_brand":[],"product_cat":[392,15],"product_tag":[3341,3342,3338,3340,2350,3339,3343],"class_list":{"0":"post-17959","1":"product","2":"type-product","3":"status-publish","4":"has-post-thumbnail","6":"product_cat-edukologija","7":"product_cat-uncategorized","8":"product_tag-drausme","9":"product_tag-edukacija","10":"product_tag-geoff-petty","11":"product_tag-mokiniai","12":"product_tag-mokymas","13":"product_tag-pamokos","14":"product_tag-praktika","15":"desktop-align-left","16":"tablet-align-left","17":"mobile-align-left","19":"first","20":"outofstock","21":"shipping-taxable","22":"purchasable","23":"product-type-simple"},"acf":[],"yoast_head":"<!-- This site is optimized with the Yoast SEO plugin v27.0 - https:\/\/yoast.com\/product\/yoast-seo-wordpress\/ -->\n<title>\u0160iuolaikinis mokymas. Praktinis vadovas<\/title>\n<meta name=\"description\" content=\"\u0160i praktin\u0117 knyga, para\u0161yta gyvai ir \u0161maik\u0161\u010diai, skirta pedagogams \u2013 mokytojams, d\u0117stytojams, \u012fvairi\u0173 kurs\u0173 lektoriams, trumpai tariant \u2013 visiems, kuriems\" \/>\n<meta name=\"robots\" content=\"index, follow, max-snippet:-1, max-image-preview:large, max-video-preview:-1\" \/>\n<link rel=\"canonical\" href=\"https:\/\/skaitytaknyga.lt\/en\/produktas\/siuolaikinis-mokymas-praktinis-vadovas\/\" \/>\n<meta property=\"og:locale\" content=\"en_GB\" \/>\n<meta property=\"og:locale:alternate\" content=\"lt_LT\" \/>\n<meta property=\"og:type\" content=\"article\" \/>\n<meta property=\"og:title\" content=\"\u0160iuolaikinis mokymas. Praktinis vadovas\" \/>\n<meta property=\"og:description\" content=\"\u0160i praktin\u0117 knyga, para\u0161yta gyvai ir \u0161maik\u0161\u010diai, skirta pedagogams \u2013 mokytojams, d\u0117stytojams, \u012fvairi\u0173 kurs\u0173 lektoriams, trumpai tariant \u2013 visiems, kuriems\" \/>\n<meta property=\"og:url\" content=\"https:\/\/skaitytaknyga.lt\/en\/produktas\/siuolaikinis-mokymas-praktinis-vadovas\/\" \/>\n<meta property=\"og:site_name\" content=\"Skaitytaknyga\" \/>\n<meta property=\"article:publisher\" content=\"https:\/\/www.facebook.com\/skaitytaknyga\/\" \/>\n<meta property=\"article:modified_time\" content=\"2025-05-15T10:25:25+00:00\" \/>\n<meta property=\"og:image\" content=\"https:\/\/skaitytaknyga.lt\/wp-content\/uploads\/2025\/04\/Siuolaikinis-mokymas.-Praktinis-vadovas.webp\" \/>\n\t<meta property=\"og:image:width\" content=\"549\" \/>\n\t<meta property=\"og:image:height\" content=\"800\" \/>\n\t<meta property=\"og:image:type\" content=\"image\/webp\" \/>\n<meta name=\"twitter:card\" content=\"summary_large_image\" \/>\n<meta name=\"twitter:label1\" content=\"Estimated reading time\" \/>\n\t<meta name=\"twitter:data1\" content=\"1 minute\" \/>\n<script type=\"application\/ld+json\" class=\"yoast-schema-graph\">{\"@context\":\"https:\/\/schema.org\",\"@graph\":[{\"@type\":\"WebPage\",\"@id\":\"https:\/\/skaitytaknyga.lt\/produktas\/siuolaikinis-mokymas-praktinis-vadovas\/\",\"url\":\"https:\/\/skaitytaknyga.lt\/produktas\/siuolaikinis-mokymas-praktinis-vadovas\/\",\"name\":\"\u0160iuolaikinis mokymas. Praktinis vadovas\",\"isPartOf\":{\"@id\":\"https:\/\/skaitytaknyga.lt\/#website\"},\"primaryImageOfPage\":{\"@id\":\"https:\/\/skaitytaknyga.lt\/produktas\/siuolaikinis-mokymas-praktinis-vadovas\/#primaryimage\"},\"image\":{\"@id\":\"https:\/\/skaitytaknyga.lt\/produktas\/siuolaikinis-mokymas-praktinis-vadovas\/#primaryimage\"},\"thumbnailUrl\":\"https:\/\/skaitytaknyga.lt\/wp-content\/uploads\/2025\/04\/Siuolaikinis-mokymas.-Praktinis-vadovas.webp\",\"datePublished\":\"2025-04-22T12:58:06+00:00\",\"dateModified\":\"2025-05-15T10:25:25+00:00\",\"description\":\"\u0160i praktin\u0117 knyga, para\u0161yta gyvai ir \u0161maik\u0161\u010diai, skirta pedagogams \u2013 mokytojams, d\u0117stytojams, \u012fvairi\u0173 kurs\u0173 lektoriams, trumpai tariant \u2013 visiems, kuriems\",\"breadcrumb\":{\"@id\":\"https:\/\/skaitytaknyga.lt\/produktas\/siuolaikinis-mokymas-praktinis-vadovas\/#breadcrumb\"},\"inLanguage\":\"en-GB\",\"potentialAction\":[{\"@type\":\"ReadAction\",\"target\":[\"https:\/\/skaitytaknyga.lt\/produktas\/siuolaikinis-mokymas-praktinis-vadovas\/\"]}]},{\"@type\":\"ImageObject\",\"inLanguage\":\"en-GB\",\"@id\":\"https:\/\/skaitytaknyga.lt\/produktas\/siuolaikinis-mokymas-praktinis-vadovas\/#primaryimage\",\"url\":\"https:\/\/skaitytaknyga.lt\/wp-content\/uploads\/2025\/04\/Siuolaikinis-mokymas.-Praktinis-vadovas.webp\",\"contentUrl\":\"https:\/\/skaitytaknyga.lt\/wp-content\/uploads\/2025\/04\/Siuolaikinis-mokymas.-Praktinis-vadovas.webp\",\"width\":549,\"height\":800,\"caption\":\"\u0160iuolaikinis mokymas. Praktinis vadovas\"},{\"@type\":\"BreadcrumbList\",\"@id\":\"https:\/\/skaitytaknyga.lt\/produktas\/siuolaikinis-mokymas-praktinis-vadovas\/#breadcrumb\",\"itemListElement\":[{\"@type\":\"ListItem\",\"position\":1,\"name\":\"Home\",\"item\":\"https:\/\/skaitytaknyga.lt\/\"},{\"@type\":\"ListItem\",\"position\":2,\"name\":\"Parduotuv\u0117\",\"item\":\"https:\/\/skaitytaknyga.lt\/knygu-parduotuve\/\"},{\"@type\":\"ListItem\",\"position\":3,\"name\":\"\u0160iuolaikinis mokymas. Praktinis vadovas\"}]},{\"@type\":\"WebSite\",\"@id\":\"https:\/\/skaitytaknyga.lt\/#website\",\"url\":\"https:\/\/skaitytaknyga.lt\/\",\"name\":\"skaitytaknyga.lt\",\"description\":\"Skaitytaknyga.lt \u2013 tai ma\u017eas \u0161eimos verslas, kuris prasid\u0117jo nuo meil\u0117s knygoms ir siekio i\u0161gelb\u0117ti knygas nuo likimo prie konteinerio. Kas vienam nereikalingas daiktas \u2013 kitam lobis, o mes esame tarpininkai, kurie padeda abiems tapti laimingesniems ???? \u017dinome kaip nelengva i\u0161gyventi ma\u017eiems verslams, tad nuo \u0161iol, \u010dia rasite ir kit\u0173, ma\u017e\u0173 \u0161eim\u0173 versl\u0173, rank\u0173 darbo, dovan\u0173 sau ir artimiesiems.\",\"publisher\":{\"@id\":\"https:\/\/skaitytaknyga.lt\/#organization\"},\"potentialAction\":[{\"@type\":\"SearchAction\",\"target\":{\"@type\":\"EntryPoint\",\"urlTemplate\":\"https:\/\/skaitytaknyga.lt\/?s={search_term_string}\"},\"query-input\":{\"@type\":\"PropertyValueSpecification\",\"valueRequired\":true,\"valueName\":\"search_term_string\"}}],\"inLanguage\":\"en-GB\"},{\"@type\":\"Organization\",\"@id\":\"https:\/\/skaitytaknyga.lt\/#organization\",\"name\":\"skaitytaknyga.lt\",\"url\":\"https:\/\/skaitytaknyga.lt\/\",\"logo\":{\"@type\":\"ImageObject\",\"inLanguage\":\"en-GB\",\"@id\":\"https:\/\/skaitytaknyga.lt\/#\/schema\/logo\/image\/\",\"url\":\"https:\/\/skaitytaknyga.lt\/wp-content\/uploads\/2024\/05\/cropped-cropped-cropped-02_00843_jt3bggkj1j3HLc7SyY6rEUpg.jpeg\",\"contentUrl\":\"https:\/\/skaitytaknyga.lt\/wp-content\/uploads\/2024\/05\/cropped-cropped-cropped-02_00843_jt3bggkj1j3HLc7SyY6rEUpg.jpeg\",\"width\":1600,\"height\":1600,\"caption\":\"skaitytaknyga.lt\"},\"image\":{\"@id\":\"https:\/\/skaitytaknyga.lt\/#\/schema\/logo\/image\/\"},\"sameAs\":[\"https:\/\/www.facebook.com\/skaitytaknyga\/\"]}]}<\/script>\n<!-- \/ Yoast SEO plugin. -->","yoast_head_json":{"title":"\u0160iuolaikinis mokymas. Praktinis vadovas","description":"\u0160i praktin\u0117 knyga, para\u0161yta gyvai ir \u0161maik\u0161\u010diai, skirta pedagogams \u2013 mokytojams, d\u0117stytojams, \u012fvairi\u0173 kurs\u0173 lektoriams, trumpai tariant \u2013 visiems, kuriems","robots":{"index":"index","follow":"follow","max-snippet":"max-snippet:-1","max-image-preview":"max-image-preview:large","max-video-preview":"max-video-preview:-1"},"canonical":"https:\/\/skaitytaknyga.lt\/en\/produktas\/siuolaikinis-mokymas-praktinis-vadovas\/","og_locale":"en_GB","og_type":"article","og_title":"[:lt]\u0160iuolaikinis mokymas. Praktinis vadovas[:] - Skaitytaknyga","og_description":"\u0160i praktin\u0117 knyga, para\u0161yta gyvai ir \u0161maik\u0161\u010diai, skirta pedagogams \u2013 mokytojams, d\u0117stytojams, \u012fvairi\u0173 kurs\u0173 lektoriams, trumpai tariant \u2013 visiems, kuriems","og_url":"https:\/\/skaitytaknyga.lt\/en\/produktas\/siuolaikinis-mokymas-praktinis-vadovas\/","og_site_name":"Skaitytaknyga","article_publisher":"https:\/\/www.facebook.com\/skaitytaknyga\/","article_modified_time":"2025-05-15T10:25:25+00:00","og_image":[{"width":549,"height":800,"url":"https:\/\/skaitytaknyga.lt\/wp-content\/uploads\/2025\/04\/Siuolaikinis-mokymas.-Praktinis-vadovas.webp","type":"image\/webp"}],"twitter_card":"summary_large_image","twitter_misc":{"Estimated reading time":"1 minute"},"schema":{"@context":"https:\/\/schema.org","@graph":[{"@type":"WebPage","@id":"https:\/\/skaitytaknyga.lt\/produktas\/siuolaikinis-mokymas-praktinis-vadovas\/","url":"https:\/\/skaitytaknyga.lt\/produktas\/siuolaikinis-mokymas-praktinis-vadovas\/","name":"\u0160iuolaikinis mokymas. Praktinis vadovas","isPartOf":{"@id":"https:\/\/skaitytaknyga.lt\/#website"},"primaryImageOfPage":{"@id":"https:\/\/skaitytaknyga.lt\/produktas\/siuolaikinis-mokymas-praktinis-vadovas\/#primaryimage"},"image":{"@id":"https:\/\/skaitytaknyga.lt\/produktas\/siuolaikinis-mokymas-praktinis-vadovas\/#primaryimage"},"thumbnailUrl":"https:\/\/skaitytaknyga.lt\/wp-content\/uploads\/2025\/04\/Siuolaikinis-mokymas.-Praktinis-vadovas.webp","datePublished":"2025-04-22T12:58:06+00:00","dateModified":"2025-05-15T10:25:25+00:00","description":"\u0160i praktin\u0117 knyga, para\u0161yta gyvai ir \u0161maik\u0161\u010diai, skirta pedagogams \u2013 mokytojams, d\u0117stytojams, \u012fvairi\u0173 kurs\u0173 lektoriams, trumpai tariant \u2013 visiems, kuriems","breadcrumb":{"@id":"https:\/\/skaitytaknyga.lt\/produktas\/siuolaikinis-mokymas-praktinis-vadovas\/#breadcrumb"},"inLanguage":"en-GB","potentialAction":[{"@type":"ReadAction","target":["https:\/\/skaitytaknyga.lt\/produktas\/siuolaikinis-mokymas-praktinis-vadovas\/"]}]},{"@type":"ImageObject","inLanguage":"en-GB","@id":"https:\/\/skaitytaknyga.lt\/produktas\/siuolaikinis-mokymas-praktinis-vadovas\/#primaryimage","url":"https:\/\/skaitytaknyga.lt\/wp-content\/uploads\/2025\/04\/Siuolaikinis-mokymas.-Praktinis-vadovas.webp","contentUrl":"https:\/\/skaitytaknyga.lt\/wp-content\/uploads\/2025\/04\/Siuolaikinis-mokymas.-Praktinis-vadovas.webp","width":549,"height":800,"caption":"\u0160iuolaikinis mokymas. Praktinis vadovas"},{"@type":"BreadcrumbList","@id":"https:\/\/skaitytaknyga.lt\/produktas\/siuolaikinis-mokymas-praktinis-vadovas\/#breadcrumb","itemListElement":[{"@type":"ListItem","position":1,"name":"Home","item":"https:\/\/skaitytaknyga.lt\/"},{"@type":"ListItem","position":2,"name":"Parduotuv\u0117","item":"https:\/\/skaitytaknyga.lt\/knygu-parduotuve\/"},{"@type":"ListItem","position":3,"name":"\u0160iuolaikinis mokymas. Praktinis vadovas"}]},{"@type":"WebSite","@id":"https:\/\/skaitytaknyga.lt\/#website","url":"https:\/\/skaitytaknyga.lt\/","name":"skaitytaknyga.lt","description":"Skaitytaknyga.lt \u2013 tai ma\u017eas \u0161eimos verslas, kuris prasid\u0117jo nuo meil\u0117s knygoms ir siekio i\u0161gelb\u0117ti knygas nuo likimo prie konteinerio. Kas vienam nereikalingas daiktas \u2013 kitam lobis, o mes esame tarpininkai, kurie padeda abiems tapti laimingesniems ???? \u017dinome kaip nelengva i\u0161gyventi ma\u017eiems verslams, tad nuo \u0161iol, \u010dia rasite ir kit\u0173, ma\u017e\u0173 \u0161eim\u0173 versl\u0173, rank\u0173 darbo, dovan\u0173 sau ir artimiesiems.","publisher":{"@id":"https:\/\/skaitytaknyga.lt\/#organization"},"potentialAction":[{"@type":"SearchAction","target":{"@type":"EntryPoint","urlTemplate":"https:\/\/skaitytaknyga.lt\/?s={search_term_string}"},"query-input":{"@type":"PropertyValueSpecification","valueRequired":true,"valueName":"search_term_string"}}],"inLanguage":"en-GB"},{"@type":"Organization","@id":"https:\/\/skaitytaknyga.lt\/#organization","name":"skaitytaknyga.lt","url":"https:\/\/skaitytaknyga.lt\/","logo":{"@type":"ImageObject","inLanguage":"en-GB","@id":"https:\/\/skaitytaknyga.lt\/#\/schema\/logo\/image\/","url":"https:\/\/skaitytaknyga.lt\/wp-content\/uploads\/2024\/05\/cropped-cropped-cropped-02_00843_jt3bggkj1j3HLc7SyY6rEUpg.jpeg","contentUrl":"https:\/\/skaitytaknyga.lt\/wp-content\/uploads\/2024\/05\/cropped-cropped-cropped-02_00843_jt3bggkj1j3HLc7SyY6rEUpg.jpeg","width":1600,"height":1600,"caption":"skaitytaknyga.lt"},"image":{"@id":"https:\/\/skaitytaknyga.lt\/#\/schema\/logo\/image\/"},"sameAs":["https:\/\/www.facebook.com\/skaitytaknyga\/"]}]}},"_links":{"self":[{"href":"https:\/\/skaitytaknyga.lt\/en\/wp-json\/wp\/v2\/product\/17959","targetHints":{"allow":["GET"]}}],"collection":[{"href":"https:\/\/skaitytaknyga.lt\/en\/wp-json\/wp\/v2\/product"}],"about":[{"href":"https:\/\/skaitytaknyga.lt\/en\/wp-json\/wp\/v2\/types\/product"}],"replies":[{"embeddable":true,"href":"https:\/\/skaitytaknyga.lt\/en\/wp-json\/wp\/v2\/comments?post=17959"}],"wp:featuredmedia":[{"embeddable":true,"href":"https:\/\/skaitytaknyga.lt\/en\/wp-json\/wp\/v2\/media\/17962"}],"wp:attachment":[{"href":"https:\/\/skaitytaknyga.lt\/en\/wp-json\/wp\/v2\/media?parent=17959"}],"wp:term":[{"taxonomy":"product_brand","embeddable":true,"href":"https:\/\/skaitytaknyga.lt\/en\/wp-json\/wp\/v2\/product_brand?post=17959"},{"taxonomy":"product_cat","embeddable":true,"href":"https:\/\/skaitytaknyga.lt\/en\/wp-json\/wp\/v2\/product_cat?post=17959"},{"taxonomy":"product_tag","embeddable":true,"href":"https:\/\/skaitytaknyga.lt\/en\/wp-json\/wp\/v2\/product_tag?post=17959"}],"curies":[{"name":"wp","href":"https:\/\/api.w.org\/{rel}","templated":true}]}}