{"id":17909,"date":"2025-04-17T10:28:50","date_gmt":"2025-04-17T07:28:50","guid":{"rendered":"https:\/\/skaitytaknyga.lt\/?post_type=product&#038;p=17909"},"modified":"2025-05-15T13:33:00","modified_gmt":"2025-05-15T10:33:00","slug":"kiero-apaciu-legendos-ir-pranasystes","status":"publish","type":"product","link":"https:\/\/skaitytaknyga.lt\/en\/produktas\/kiero-apaciu-legendos-ir-pranasystes\/","title":{"rendered":"Kiero apa\u010di\u0173 legendos ir prana\u0161yst\u0117s"},"content":{"rendered":"<p>Knygos autor\u0117 &#8211; talentinga mistik\u0117, susiejanti senov\u0117s magij\u0105 su moderniuoju pasauliu. Ra\u0161ytoja atskleid\u017eia, kaip \u0161ventieji visatos d\u0117sniai \u012ftakoja m\u016bs\u0173 santykius su gamtos pasauliu, bendravim\u0105 su aplinka ir pagarb\u0105 vienas kitam. Legendose slypintis mokymas gali pad\u0117ti mums kasdieniame gyvenime.<\/p>\n<p>Jose pasakojama apie bendruomen\u0117s vystym\u0105si, papro\u010dius, gydym\u0105 ir sielos gyvenim\u0105.<\/p>\n<ul class=\"about-product d-none d-xl-block mt-4\">\n<li><strong>Autorius:<\/strong>\u00a0Maria Yraceburu<\/li>\n<li><strong>Leid\u0117jas<\/strong>\u00a0Dajalita<\/li>\n<li><strong>Metai:<\/strong>\u00a02007<\/li>\n<li><strong>Puslapiai:<\/strong>\u00a0216<\/li>\n<li class=\"toggleable type-new-formats \"><strong>ISBN-10 :\u00a0<\/strong>9955691396<\/li>\n<li class=\"toggleable type-new-formats \"><strong>ISBN-13 :\u00a0<\/strong>9789955691396<\/li>\n<li class=\"toggleable type-new-formats \"><strong>Formatas:<\/strong>\u00a014,5 x 21 cm, mink\u0161ti vir\u0161eliai<\/li>\n<li><strong>Kalba:<\/strong>\u00a0Lietuvi\u0173<\/li>\n<li><strong>Vert\u0117jas:<\/strong>\u00a0L. Lapinskien\u0117<\/li>\n<\/ul>\n","protected":false},"excerpt":{"rendered":"<p>Knygos autor\u0117 &#8211; talentinga mistik\u0117, susiejanti senov\u0117s magij\u0105 su moderniuoju pasauliu. Ra\u0161ytoja atskleid\u017eia, kaip \u0161ventieji visatos d\u0117sniai \u012ftakoja m\u016bs\u0173 santykius su gamtos pasauliu, bendravim\u0105 su aplinka ir pagarb\u0105 vienas kitam. Legendose slypintis mokymas gali pad\u0117ti mums kasdieniame gyvenime. Jose pasakojama apie bendruomen\u0117s vystym\u0105si, papro\u010dius, gydym\u0105 ir sielos gyvenim\u0105. Autorius:\u00a0Maria Yraceburu Leid\u0117jas\u00a0Dajalita Metai:\u00a02007 Puslapiai:\u00a0216 ISBN-10 :\u00a09955691396 ISBN-13 :\u00a09789955691396 Formatas:\u00a014,5 x 21 cm, mink\u0161ti vir\u0161eliai Kalba:\u00a0Lietuvi\u0173 Vert\u0117jas:\u00a0L. Lapinskien\u0117<\/p>\n","protected":false},"featured_media":17910,"comment_status":"open","ping_status":"closed","template":"","meta":{"_acf_changed":false,"site-sidebar-layout":"default","site-content-layout":"","ast-site-content-layout":"default","site-content-style":"default","site-sidebar-style":"default","ast-global-header-display":"","ast-banner-title-visibility":"","ast-main-header-display":"","ast-hfb-above-header-display":"","ast-hfb-below-header-display":"","ast-hfb-mobile-header-display":"","site-post-title":"","ast-breadcrumbs-content":"","ast-featured-img":"","footer-sml-layout":"","ast-disable-related-posts":"","theme-transparent-header-meta":"default","adv-header-id-meta":"","stick-header-meta":"","header-above-stick-meta":"","header-main-stick-meta":"","header-below-stick-meta":"","astra-migrate-meta-layouts":"set","ast-page-background-enabled":"default","ast-page-background-meta":{"desktop":{"background-color":"","background-image":"","background-repeat":"repeat","background-position":"center center","background-size":"auto","background-attachment":"scroll","background-type":"","background-media":"","overlay-type":"","overlay-color":"","overlay-opacity":"","overlay-gradient":""},"tablet":{"background-color":"","background-image":"","background-repeat":"repeat","background-position":"center center","background-size":"auto","background-attachment":"scroll","background-type":"","background-media":"","overlay-type":"","overlay-color":"","overlay-opacity":"","overlay-gradient":""},"mobile":{"background-color":"","background-image":"","background-repeat":"repeat","background-position":"center center","background-size":"auto","background-attachment":"scroll","background-type":"","background-media":"","overlay-type":"","overlay-color":"","overlay-opacity":"","overlay-gradient":""}},"ast-content-background-meta":{"desktop":{"background-color":"var(--ast-global-color-4)","background-image":"","background-repeat":"repeat","background-position":"center center","background-size":"auto","background-attachment":"scroll","background-type":"","background-media":"","overlay-type":"","overlay-color":"","overlay-opacity":"","overlay-gradient":""},"tablet":{"background-color":"var(--ast-global-color-4)","background-image":"","background-repeat":"repeat","background-position":"center center","background-size":"auto","background-attachment":"scroll","background-type":"","background-media":"","overlay-type":"","overlay-color":"","overlay-opacity":"","overlay-gradient":""},"mobile":{"background-color":"var(--ast-global-color-4)","background-image":"","background-repeat":"repeat","background-position":"center center","background-size":"auto","background-attachment":"scroll","background-type":"","background-media":"","overlay-type":"","overlay-color":"","overlay-opacity":"","overlay-gradient":""}}},"product_brand":[],"product_cat":[15,165],"product_tag":[3390,3393,1700,3385,2944,3387,3391,3389,3386,3392,3388],"class_list":{"0":"post-17909","1":"product","2":"type-product","3":"status-publish","4":"has-post-thumbnail","6":"product_cat-uncategorized","7":"product_cat-religija-filosofija-ir-ezoterika","8":"product_tag-bendruomene","9":"product_tag-dajalita","10":"product_tag-gydymas","11":"product_tag-maria-yraceburu","12":"product_tag-mistika","13":"product_tag-modernus-pasaulis","14":"product_tag-paprociai","15":"product_tag-santykiai-su-gamta","16":"product_tag-senoves-magija","17":"product_tag-sielos-gyvenimas","18":"product_tag-visatos-desniai","19":"desktop-align-left","20":"tablet-align-left","21":"mobile-align-left","23":"first","24":"instock","25":"shipping-taxable","26":"purchasable","27":"product-type-simple"},"acf":[],"yoast_head":"<!-- This site is optimized with the Yoast SEO plugin v27.0 - https:\/\/yoast.com\/product\/yoast-seo-wordpress\/ -->\n<title>Kiero apa\u010di\u0173 legendos ir prana\u0161yst\u0117s<\/title>\n<meta name=\"description\" content=\"Knygos autor\u0117 - talentinga mistik\u0117, susiejanti senov\u0117s magij\u0105 su moderniuoju pasauliu. Ra\u0161ytoja atskleid\u017eia, kaip \u0161ventieji visatos d\u0117sniai \u012ftakoja m\u016bs\u0173\" \/>\n<meta name=\"robots\" content=\"index, follow, max-snippet:-1, max-image-preview:large, max-video-preview:-1\" \/>\n<link rel=\"canonical\" href=\"https:\/\/skaitytaknyga.lt\/en\/produktas\/kiero-apaciu-legendos-ir-pranasystes\/\" \/>\n<meta property=\"og:locale\" content=\"en_GB\" \/>\n<meta property=\"og:locale:alternate\" content=\"lt_LT\" \/>\n<meta property=\"og:type\" content=\"article\" \/>\n<meta property=\"og:title\" content=\"Kiero apa\u010di\u0173 legendos ir prana\u0161yst\u0117s\" \/>\n<meta property=\"og:description\" content=\"Knygos autor\u0117 - talentinga mistik\u0117, susiejanti senov\u0117s magij\u0105 su moderniuoju pasauliu. Ra\u0161ytoja atskleid\u017eia, kaip \u0161ventieji visatos d\u0117sniai \u012ftakoja m\u016bs\u0173\" \/>\n<meta property=\"og:url\" content=\"https:\/\/skaitytaknyga.lt\/en\/produktas\/kiero-apaciu-legendos-ir-pranasystes\/\" \/>\n<meta property=\"og:site_name\" content=\"Skaitytaknyga\" \/>\n<meta property=\"article:publisher\" content=\"https:\/\/www.facebook.com\/skaitytaknyga\/\" \/>\n<meta property=\"article:modified_time\" content=\"2025-05-15T10:33:00+00:00\" \/>\n<meta property=\"og:image\" content=\"https:\/\/skaitytaknyga.lt\/wp-content\/uploads\/2025\/04\/Kiero-apaciu-legendos-ir-pranasystes.webp\" \/>\n\t<meta property=\"og:image:width\" content=\"533\" \/>\n\t<meta property=\"og:image:height\" content=\"800\" \/>\n\t<meta property=\"og:image:type\" content=\"image\/webp\" \/>\n<meta name=\"twitter:card\" content=\"summary_large_image\" \/>\n<meta name=\"twitter:label1\" content=\"Estimated reading time\" \/>\n\t<meta name=\"twitter:data1\" content=\"1 minute\" \/>\n<script type=\"application\/ld+json\" class=\"yoast-schema-graph\">{\"@context\":\"https:\/\/schema.org\",\"@graph\":[{\"@type\":\"WebPage\",\"@id\":\"https:\/\/skaitytaknyga.lt\/produktas\/kiero-apaciu-legendos-ir-pranasystes\/\",\"url\":\"https:\/\/skaitytaknyga.lt\/produktas\/kiero-apaciu-legendos-ir-pranasystes\/\",\"name\":\"Kiero apa\u010di\u0173 legendos ir prana\u0161yst\u0117s\",\"isPartOf\":{\"@id\":\"https:\/\/skaitytaknyga.lt\/#website\"},\"primaryImageOfPage\":{\"@id\":\"https:\/\/skaitytaknyga.lt\/produktas\/kiero-apaciu-legendos-ir-pranasystes\/#primaryimage\"},\"image\":{\"@id\":\"https:\/\/skaitytaknyga.lt\/produktas\/kiero-apaciu-legendos-ir-pranasystes\/#primaryimage\"},\"thumbnailUrl\":\"https:\/\/skaitytaknyga.lt\/wp-content\/uploads\/2025\/04\/Kiero-apaciu-legendos-ir-pranasystes.webp\",\"datePublished\":\"2025-04-17T07:28:50+00:00\",\"dateModified\":\"2025-05-15T10:33:00+00:00\",\"description\":\"Knygos autor\u0117 - talentinga mistik\u0117, susiejanti senov\u0117s magij\u0105 su moderniuoju pasauliu. Ra\u0161ytoja atskleid\u017eia, kaip \u0161ventieji visatos d\u0117sniai \u012ftakoja m\u016bs\u0173\",\"breadcrumb\":{\"@id\":\"https:\/\/skaitytaknyga.lt\/produktas\/kiero-apaciu-legendos-ir-pranasystes\/#breadcrumb\"},\"inLanguage\":\"en-GB\",\"potentialAction\":[{\"@type\":\"ReadAction\",\"target\":[\"https:\/\/skaitytaknyga.lt\/produktas\/kiero-apaciu-legendos-ir-pranasystes\/\"]}]},{\"@type\":\"ImageObject\",\"inLanguage\":\"en-GB\",\"@id\":\"https:\/\/skaitytaknyga.lt\/produktas\/kiero-apaciu-legendos-ir-pranasystes\/#primaryimage\",\"url\":\"https:\/\/skaitytaknyga.lt\/wp-content\/uploads\/2025\/04\/Kiero-apaciu-legendos-ir-pranasystes.webp\",\"contentUrl\":\"https:\/\/skaitytaknyga.lt\/wp-content\/uploads\/2025\/04\/Kiero-apaciu-legendos-ir-pranasystes.webp\",\"width\":533,\"height\":800,\"caption\":\"Kiero apa\u010di\u0173 legendos ir prana\u0161yst\u0117s\"},{\"@type\":\"BreadcrumbList\",\"@id\":\"https:\/\/skaitytaknyga.lt\/produktas\/kiero-apaciu-legendos-ir-pranasystes\/#breadcrumb\",\"itemListElement\":[{\"@type\":\"ListItem\",\"position\":1,\"name\":\"Home\",\"item\":\"https:\/\/skaitytaknyga.lt\/\"},{\"@type\":\"ListItem\",\"position\":2,\"name\":\"Parduotuv\u0117\",\"item\":\"https:\/\/skaitytaknyga.lt\/knygu-parduotuve\/\"},{\"@type\":\"ListItem\",\"position\":3,\"name\":\"Kiero apa\u010di\u0173 legendos ir prana\u0161yst\u0117s\"}]},{\"@type\":\"WebSite\",\"@id\":\"https:\/\/skaitytaknyga.lt\/#website\",\"url\":\"https:\/\/skaitytaknyga.lt\/\",\"name\":\"skaitytaknyga.lt\",\"description\":\"Skaitytaknyga.lt \u2013 tai ma\u017eas \u0161eimos verslas, kuris prasid\u0117jo nuo meil\u0117s knygoms ir siekio i\u0161gelb\u0117ti knygas nuo likimo prie konteinerio. Kas vienam nereikalingas daiktas \u2013 kitam lobis, o mes esame tarpininkai, kurie padeda abiems tapti laimingesniems ???? \u017dinome kaip nelengva i\u0161gyventi ma\u017eiems verslams, tad nuo \u0161iol, \u010dia rasite ir kit\u0173, ma\u017e\u0173 \u0161eim\u0173 versl\u0173, rank\u0173 darbo, dovan\u0173 sau ir artimiesiems.\",\"publisher\":{\"@id\":\"https:\/\/skaitytaknyga.lt\/#organization\"},\"potentialAction\":[{\"@type\":\"SearchAction\",\"target\":{\"@type\":\"EntryPoint\",\"urlTemplate\":\"https:\/\/skaitytaknyga.lt\/?s={search_term_string}\"},\"query-input\":{\"@type\":\"PropertyValueSpecification\",\"valueRequired\":true,\"valueName\":\"search_term_string\"}}],\"inLanguage\":\"en-GB\"},{\"@type\":\"Organization\",\"@id\":\"https:\/\/skaitytaknyga.lt\/#organization\",\"name\":\"skaitytaknyga.lt\",\"url\":\"https:\/\/skaitytaknyga.lt\/\",\"logo\":{\"@type\":\"ImageObject\",\"inLanguage\":\"en-GB\",\"@id\":\"https:\/\/skaitytaknyga.lt\/#\/schema\/logo\/image\/\",\"url\":\"https:\/\/skaitytaknyga.lt\/wp-content\/uploads\/2024\/05\/cropped-cropped-cropped-02_00843_jt3bggkj1j3HLc7SyY6rEUpg.jpeg\",\"contentUrl\":\"https:\/\/skaitytaknyga.lt\/wp-content\/uploads\/2024\/05\/cropped-cropped-cropped-02_00843_jt3bggkj1j3HLc7SyY6rEUpg.jpeg\",\"width\":1600,\"height\":1600,\"caption\":\"skaitytaknyga.lt\"},\"image\":{\"@id\":\"https:\/\/skaitytaknyga.lt\/#\/schema\/logo\/image\/\"},\"sameAs\":[\"https:\/\/www.facebook.com\/skaitytaknyga\/\"]}]}<\/script>\n<!-- \/ Yoast SEO plugin. -->","yoast_head_json":{"title":"Kiero apa\u010di\u0173 legendos ir prana\u0161yst\u0117s","description":"Knygos autor\u0117 - talentinga mistik\u0117, susiejanti senov\u0117s magij\u0105 su moderniuoju pasauliu. Ra\u0161ytoja atskleid\u017eia, kaip \u0161ventieji visatos d\u0117sniai \u012ftakoja m\u016bs\u0173","robots":{"index":"index","follow":"follow","max-snippet":"max-snippet:-1","max-image-preview":"max-image-preview:large","max-video-preview":"max-video-preview:-1"},"canonical":"https:\/\/skaitytaknyga.lt\/en\/produktas\/kiero-apaciu-legendos-ir-pranasystes\/","og_locale":"en_GB","og_type":"article","og_title":"[:lt]Kiero apa\u010di\u0173 legendos ir prana\u0161yst\u0117s[:] - Skaitytaknyga","og_description":"Knygos autor\u0117 - talentinga mistik\u0117, susiejanti senov\u0117s magij\u0105 su moderniuoju pasauliu. Ra\u0161ytoja atskleid\u017eia, kaip \u0161ventieji visatos d\u0117sniai \u012ftakoja m\u016bs\u0173","og_url":"https:\/\/skaitytaknyga.lt\/en\/produktas\/kiero-apaciu-legendos-ir-pranasystes\/","og_site_name":"Skaitytaknyga","article_publisher":"https:\/\/www.facebook.com\/skaitytaknyga\/","article_modified_time":"2025-05-15T10:33:00+00:00","og_image":[{"width":533,"height":800,"url":"https:\/\/skaitytaknyga.lt\/wp-content\/uploads\/2025\/04\/Kiero-apaciu-legendos-ir-pranasystes.webp","type":"image\/webp"}],"twitter_card":"summary_large_image","twitter_misc":{"Estimated reading time":"1 minute"},"schema":{"@context":"https:\/\/schema.org","@graph":[{"@type":"WebPage","@id":"https:\/\/skaitytaknyga.lt\/produktas\/kiero-apaciu-legendos-ir-pranasystes\/","url":"https:\/\/skaitytaknyga.lt\/produktas\/kiero-apaciu-legendos-ir-pranasystes\/","name":"Kiero apa\u010di\u0173 legendos ir prana\u0161yst\u0117s","isPartOf":{"@id":"https:\/\/skaitytaknyga.lt\/#website"},"primaryImageOfPage":{"@id":"https:\/\/skaitytaknyga.lt\/produktas\/kiero-apaciu-legendos-ir-pranasystes\/#primaryimage"},"image":{"@id":"https:\/\/skaitytaknyga.lt\/produktas\/kiero-apaciu-legendos-ir-pranasystes\/#primaryimage"},"thumbnailUrl":"https:\/\/skaitytaknyga.lt\/wp-content\/uploads\/2025\/04\/Kiero-apaciu-legendos-ir-pranasystes.webp","datePublished":"2025-04-17T07:28:50+00:00","dateModified":"2025-05-15T10:33:00+00:00","description":"Knygos autor\u0117 - talentinga mistik\u0117, susiejanti senov\u0117s magij\u0105 su moderniuoju pasauliu. Ra\u0161ytoja atskleid\u017eia, kaip \u0161ventieji visatos d\u0117sniai \u012ftakoja m\u016bs\u0173","breadcrumb":{"@id":"https:\/\/skaitytaknyga.lt\/produktas\/kiero-apaciu-legendos-ir-pranasystes\/#breadcrumb"},"inLanguage":"en-GB","potentialAction":[{"@type":"ReadAction","target":["https:\/\/skaitytaknyga.lt\/produktas\/kiero-apaciu-legendos-ir-pranasystes\/"]}]},{"@type":"ImageObject","inLanguage":"en-GB","@id":"https:\/\/skaitytaknyga.lt\/produktas\/kiero-apaciu-legendos-ir-pranasystes\/#primaryimage","url":"https:\/\/skaitytaknyga.lt\/wp-content\/uploads\/2025\/04\/Kiero-apaciu-legendos-ir-pranasystes.webp","contentUrl":"https:\/\/skaitytaknyga.lt\/wp-content\/uploads\/2025\/04\/Kiero-apaciu-legendos-ir-pranasystes.webp","width":533,"height":800,"caption":"Kiero apa\u010di\u0173 legendos ir prana\u0161yst\u0117s"},{"@type":"BreadcrumbList","@id":"https:\/\/skaitytaknyga.lt\/produktas\/kiero-apaciu-legendos-ir-pranasystes\/#breadcrumb","itemListElement":[{"@type":"ListItem","position":1,"name":"Home","item":"https:\/\/skaitytaknyga.lt\/"},{"@type":"ListItem","position":2,"name":"Parduotuv\u0117","item":"https:\/\/skaitytaknyga.lt\/knygu-parduotuve\/"},{"@type":"ListItem","position":3,"name":"Kiero apa\u010di\u0173 legendos ir prana\u0161yst\u0117s"}]},{"@type":"WebSite","@id":"https:\/\/skaitytaknyga.lt\/#website","url":"https:\/\/skaitytaknyga.lt\/","name":"skaitytaknyga.lt","description":"Skaitytaknyga.lt \u2013 tai ma\u017eas \u0161eimos verslas, kuris prasid\u0117jo nuo meil\u0117s knygoms ir siekio i\u0161gelb\u0117ti knygas nuo likimo prie konteinerio. Kas vienam nereikalingas daiktas \u2013 kitam lobis, o mes esame tarpininkai, kurie padeda abiems tapti laimingesniems ???? \u017dinome kaip nelengva i\u0161gyventi ma\u017eiems verslams, tad nuo \u0161iol, \u010dia rasite ir kit\u0173, ma\u017e\u0173 \u0161eim\u0173 versl\u0173, rank\u0173 darbo, dovan\u0173 sau ir artimiesiems.","publisher":{"@id":"https:\/\/skaitytaknyga.lt\/#organization"},"potentialAction":[{"@type":"SearchAction","target":{"@type":"EntryPoint","urlTemplate":"https:\/\/skaitytaknyga.lt\/?s={search_term_string}"},"query-input":{"@type":"PropertyValueSpecification","valueRequired":true,"valueName":"search_term_string"}}],"inLanguage":"en-GB"},{"@type":"Organization","@id":"https:\/\/skaitytaknyga.lt\/#organization","name":"skaitytaknyga.lt","url":"https:\/\/skaitytaknyga.lt\/","logo":{"@type":"ImageObject","inLanguage":"en-GB","@id":"https:\/\/skaitytaknyga.lt\/#\/schema\/logo\/image\/","url":"https:\/\/skaitytaknyga.lt\/wp-content\/uploads\/2024\/05\/cropped-cropped-cropped-02_00843_jt3bggkj1j3HLc7SyY6rEUpg.jpeg","contentUrl":"https:\/\/skaitytaknyga.lt\/wp-content\/uploads\/2024\/05\/cropped-cropped-cropped-02_00843_jt3bggkj1j3HLc7SyY6rEUpg.jpeg","width":1600,"height":1600,"caption":"skaitytaknyga.lt"},"image":{"@id":"https:\/\/skaitytaknyga.lt\/#\/schema\/logo\/image\/"},"sameAs":["https:\/\/www.facebook.com\/skaitytaknyga\/"]}]}},"_links":{"self":[{"href":"https:\/\/skaitytaknyga.lt\/en\/wp-json\/wp\/v2\/product\/17909","targetHints":{"allow":["GET"]}}],"collection":[{"href":"https:\/\/skaitytaknyga.lt\/en\/wp-json\/wp\/v2\/product"}],"about":[{"href":"https:\/\/skaitytaknyga.lt\/en\/wp-json\/wp\/v2\/types\/product"}],"replies":[{"embeddable":true,"href":"https:\/\/skaitytaknyga.lt\/en\/wp-json\/wp\/v2\/comments?post=17909"}],"wp:featuredmedia":[{"embeddable":true,"href":"https:\/\/skaitytaknyga.lt\/en\/wp-json\/wp\/v2\/media\/17910"}],"wp:attachment":[{"href":"https:\/\/skaitytaknyga.lt\/en\/wp-json\/wp\/v2\/media?parent=17909"}],"wp:term":[{"taxonomy":"product_brand","embeddable":true,"href":"https:\/\/skaitytaknyga.lt\/en\/wp-json\/wp\/v2\/product_brand?post=17909"},{"taxonomy":"product_cat","embeddable":true,"href":"https:\/\/skaitytaknyga.lt\/en\/wp-json\/wp\/v2\/product_cat?post=17909"},{"taxonomy":"product_tag","embeddable":true,"href":"https:\/\/skaitytaknyga.lt\/en\/wp-json\/wp\/v2\/product_tag?post=17909"}],"curies":[{"name":"wp","href":"https:\/\/api.w.org\/{rel}","templated":true}]}}