{"id":17907,"date":"2025-04-17T10:26:35","date_gmt":"2025-04-17T07:26:35","guid":{"rendered":"https:\/\/skaitytaknyga.lt\/?post_type=product&#038;p=17907"},"modified":"2026-03-18T14:59:47","modified_gmt":"2026-03-18T12:59:47","slug":"idejos-istorijos-pamokoms","status":"publish","type":"product","link":"https:\/\/skaitytaknyga.lt\/en\/produktas\/idejos-istorijos-pamokoms\/","title":{"rendered":"Id\u0117jos istorijos pamokoms"},"content":{"rendered":"<p>Mokytojo knygoje pateikiami 7 konkret\u016bs XX a. antrosios pus\u0117s pasaulio, Europos ir Lietuvos istorijos pateikimo b\u016bdai naudojant dokumentin\u012f film\u0105 \u201ePa\u010dios keis\u010diausios s\u0105jungos istorija\u201c.<\/p>\n<p>Kiekvienai pamokai suformuluotas tikslas, nurodytos galimos naudoti papildomos priemon\u0117s, pateikta didaktini\u0173 id\u0117j\u0173, kaip geriau organizuoti pokalb\u012f ar bendr\u0105 mokini\u0173 darba per pamokas, id\u0117ta dokument\u0173 i\u0161trak\u0173, u\u017eduo\u010di\u0173 ir klausim\u0173, pad\u0117sian\u010dia\u0173 pa\u012fvairinti darb\u0105 klas\u0117je.<\/p>\n<p>\u017dodyn\u0117lyje \u2013 svarbiausi istoriniai \u012fvykiai, kai kurie terminai ir asmenyb\u0117s.<\/p>\n<p>Skiriama bendrojo lavinimo mokykl\u0173 10\u201312 klasi\u0173 istorijos mokytojams.<\/p>\n<ul class=\"about-product d-none d-xl-block mt-4\">\n<li><strong>Autorius:<\/strong>\u00a0Laimutis Deveikis<\/li>\n<li><strong>Metai:<\/strong>\u00a02009<\/li>\n<li><strong>Puslapiai:<\/strong>\u00a083<\/li>\n<li class=\"toggleable type-new-formats \"><strong>ISBN :\u00a0<\/strong>9789955790600<\/li>\n<li class=\"toggleable type-new-formats \"><strong>Formatas:<\/strong>\u00a013 x 17 cm, kieti vir\u0161eliai<\/li>\n<li><strong>Kalba:<\/strong>\u00a0Lietuvi\u0173<\/li>\n<\/ul>\n","protected":false},"excerpt":{"rendered":"<p>Mokytojo knygoje pateikiami 7 konkret\u016bs XX a. antrosios pus\u0117s pasaulio, Europos ir Lietuvos istorijos pateikimo b\u016bdai naudojant dokumentin\u012f film\u0105 \u201ePa\u010dios keis\u010diausios s\u0105jungos istorija\u201c. Kiekvienai pamokai suformuluotas tikslas, nurodytos galimos naudoti papildomos priemon\u0117s, pateikta didaktini\u0173 id\u0117j\u0173, kaip geriau organizuoti pokalb\u012f ar bendr\u0105 mokini\u0173 darba per pamokas, id\u0117ta dokument\u0173 i\u0161trak\u0173, u\u017eduo\u010di\u0173 ir klausim\u0173, pad\u0117sian\u010dia\u0173 pa\u012fvairinti darb\u0105 klas\u0117je. \u017dodyn\u0117lyje \u2013 svarbiausi istoriniai \u012fvykiai, kai kurie terminai ir asmenyb\u0117s. Skiriama bendrojo lavinimo mokykl\u0173 10\u201312 klasi\u0173 istorijos mokytojams. Autorius:\u00a0Laimutis Deveikis Metai:\u00a02009 Puslapiai:\u00a083 ISBN :\u00a09789955790600 Formatas:\u00a013 x 17 cm, kieti vir\u0161eliai Kalba:\u00a0Lietuvi\u0173<\/p>\n","protected":false},"featured_media":17908,"comment_status":"closed","ping_status":"closed","template":"","meta":{"_acf_changed":false,"site-sidebar-layout":"default","site-content-layout":"","ast-site-content-layout":"default","site-content-style":"default","site-sidebar-style":"default","ast-global-header-display":"","ast-banner-title-visibility":"","ast-main-header-display":"","ast-hfb-above-header-display":"","ast-hfb-below-header-display":"","ast-hfb-mobile-header-display":"","site-post-title":"","ast-breadcrumbs-content":"","ast-featured-img":"","footer-sml-layout":"","ast-disable-related-posts":"","theme-transparent-header-meta":"default","adv-header-id-meta":"","stick-header-meta":"","header-above-stick-meta":"","header-main-stick-meta":"","header-below-stick-meta":"","astra-migrate-meta-layouts":"set","ast-page-background-enabled":"default","ast-page-background-meta":{"desktop":{"background-color":"","background-image":"","background-repeat":"repeat","background-position":"center center","background-size":"auto","background-attachment":"scroll","background-type":"","background-media":"","overlay-type":"","overlay-color":"","overlay-opacity":"","overlay-gradient":""},"tablet":{"background-color":"","background-image":"","background-repeat":"repeat","background-position":"center center","background-size":"auto","background-attachment":"scroll","background-type":"","background-media":"","overlay-type":"","overlay-color":"","overlay-opacity":"","overlay-gradient":""},"mobile":{"background-color":"","background-image":"","background-repeat":"repeat","background-position":"center center","background-size":"auto","background-attachment":"scroll","background-type":"","background-media":"","overlay-type":"","overlay-color":"","overlay-opacity":"","overlay-gradient":""}},"ast-content-background-meta":{"desktop":{"background-color":"var(--ast-global-color-4)","background-image":"","background-repeat":"repeat","background-position":"center center","background-size":"auto","background-attachment":"scroll","background-type":"","background-media":"","overlay-type":"","overlay-color":"","overlay-opacity":"","overlay-gradient":""},"tablet":{"background-color":"var(--ast-global-color-4)","background-image":"","background-repeat":"repeat","background-position":"center center","background-size":"auto","background-attachment":"scroll","background-type":"","background-media":"","overlay-type":"","overlay-color":"","overlay-opacity":"","overlay-gradient":""},"mobile":{"background-color":"var(--ast-global-color-4)","background-image":"","background-repeat":"repeat","background-position":"center center","background-size":"auto","background-attachment":"scroll","background-type":"","background-media":"","overlay-type":"","overlay-color":"","overlay-opacity":"","overlay-gradient":""}}},"product_brand":[],"product_cat":[9862,392,174],"product_tag":[3382,3380,2996,2224,3381,3378,2228,3383,3379,3384],"class_list":{"0":"post-17907","1":"product","2":"type-product","3":"status-publish","4":"has-post-thumbnail","6":"product_cat-lietuvos-istorija","7":"product_cat-edukologija","8":"product_cat-istorija-ir-politologija","9":"product_tag-didaktika","10":"product_tag-dokumentinis-filmas","11":"product_tag-europos-istorija","12":"product_tag-istorija","13":"product_tag-istorijos-pamokos","14":"product_tag-laimutis-deveikis","15":"product_tag-lietuvos-istorija","16":"product_tag-mokytoju-priemones","17":"product_tag-xx-a","18":"product_tag-zodynelis","19":"desktop-align-left","20":"tablet-align-left","21":"mobile-align-left","23":"first","24":"instock","25":"shipping-taxable","26":"purchasable","27":"product-type-simple"},"acf":[],"yoast_head":"<!-- This site is optimized with the Yoast SEO plugin v27.0 - https:\/\/yoast.com\/product\/yoast-seo-wordpress\/ -->\n<title>Id\u0117jos istorijos pamokoms<\/title>\n<meta name=\"description\" content=\"Mokytojo knygoje pateikiami 7 konkret\u016bs XX a. antrosios pus\u0117s pasaulio, Europos ir Lietuvos istorijos pateikimo b\u016bdai naudojant dokumentin\u012f film\u0105 \u201ePa\u010dios\" \/>\n<meta name=\"robots\" content=\"index, follow, max-snippet:-1, max-image-preview:large, max-video-preview:-1\" \/>\n<link rel=\"canonical\" href=\"https:\/\/skaitytaknyga.lt\/en\/produktas\/idejos-istorijos-pamokoms\/\" \/>\n<meta property=\"og:locale\" content=\"en_GB\" \/>\n<meta property=\"og:locale:alternate\" content=\"lt_LT\" \/>\n<meta property=\"og:type\" content=\"article\" \/>\n<meta property=\"og:title\" content=\"Id\u0117jos istorijos pamokoms\" \/>\n<meta property=\"og:description\" content=\"Mokytojo knygoje pateikiami 7 konkret\u016bs XX a. antrosios pus\u0117s pasaulio, Europos ir Lietuvos istorijos pateikimo b\u016bdai naudojant dokumentin\u012f film\u0105 \u201ePa\u010dios\" \/>\n<meta property=\"og:url\" content=\"https:\/\/skaitytaknyga.lt\/en\/produktas\/idejos-istorijos-pamokoms\/\" \/>\n<meta property=\"og:site_name\" content=\"Skaitytaknyga\" \/>\n<meta property=\"article:publisher\" content=\"https:\/\/www.facebook.com\/skaitytaknyga\/\" \/>\n<meta property=\"article:modified_time\" content=\"2026-03-18T12:59:47+00:00\" \/>\n<meta property=\"og:image\" content=\"https:\/\/skaitytaknyga.lt\/wp-content\/uploads\/2025\/04\/Idejos-istorijos-pamokoms.webp\" \/>\n\t<meta property=\"og:image:width\" content=\"336\" \/>\n\t<meta property=\"og:image:height\" content=\"499\" \/>\n\t<meta property=\"og:image:type\" content=\"image\/webp\" \/>\n<meta name=\"twitter:card\" content=\"summary_large_image\" \/>\n<meta name=\"twitter:label1\" content=\"Estimated reading time\" \/>\n\t<meta name=\"twitter:data1\" content=\"1 minute\" \/>\n<script type=\"application\/ld+json\" class=\"yoast-schema-graph\">{\"@context\":\"https:\/\/schema.org\",\"@graph\":[{\"@type\":\"WebPage\",\"@id\":\"https:\/\/skaitytaknyga.lt\/produktas\/idejos-istorijos-pamokoms\/\",\"url\":\"https:\/\/skaitytaknyga.lt\/produktas\/idejos-istorijos-pamokoms\/\",\"name\":\"Id\u0117jos istorijos pamokoms\",\"isPartOf\":{\"@id\":\"https:\/\/skaitytaknyga.lt\/#website\"},\"primaryImageOfPage\":{\"@id\":\"https:\/\/skaitytaknyga.lt\/produktas\/idejos-istorijos-pamokoms\/#primaryimage\"},\"image\":{\"@id\":\"https:\/\/skaitytaknyga.lt\/produktas\/idejos-istorijos-pamokoms\/#primaryimage\"},\"thumbnailUrl\":\"https:\/\/skaitytaknyga.lt\/wp-content\/uploads\/2025\/04\/Idejos-istorijos-pamokoms.webp\",\"datePublished\":\"2025-04-17T07:26:35+00:00\",\"dateModified\":\"2026-03-18T12:59:47+00:00\",\"description\":\"Mokytojo knygoje pateikiami 7 konkret\u016bs XX a. antrosios pus\u0117s pasaulio, Europos ir Lietuvos istorijos pateikimo b\u016bdai naudojant dokumentin\u012f film\u0105 \u201ePa\u010dios\",\"breadcrumb\":{\"@id\":\"https:\/\/skaitytaknyga.lt\/produktas\/idejos-istorijos-pamokoms\/#breadcrumb\"},\"inLanguage\":\"en-GB\",\"potentialAction\":[{\"@type\":\"ReadAction\",\"target\":[\"https:\/\/skaitytaknyga.lt\/produktas\/idejos-istorijos-pamokoms\/\"]}]},{\"@type\":\"ImageObject\",\"inLanguage\":\"en-GB\",\"@id\":\"https:\/\/skaitytaknyga.lt\/produktas\/idejos-istorijos-pamokoms\/#primaryimage\",\"url\":\"https:\/\/skaitytaknyga.lt\/wp-content\/uploads\/2025\/04\/Idejos-istorijos-pamokoms.webp\",\"contentUrl\":\"https:\/\/skaitytaknyga.lt\/wp-content\/uploads\/2025\/04\/Idejos-istorijos-pamokoms.webp\",\"width\":336,\"height\":499,\"caption\":\"Id\u0117jos istorijos pamokoms\"},{\"@type\":\"BreadcrumbList\",\"@id\":\"https:\/\/skaitytaknyga.lt\/produktas\/idejos-istorijos-pamokoms\/#breadcrumb\",\"itemListElement\":[{\"@type\":\"ListItem\",\"position\":1,\"name\":\"Home\",\"item\":\"https:\/\/skaitytaknyga.lt\/\"},{\"@type\":\"ListItem\",\"position\":2,\"name\":\"Parduotuv\u0117\",\"item\":\"https:\/\/skaitytaknyga.lt\/knygu-parduotuve\/\"},{\"@type\":\"ListItem\",\"position\":3,\"name\":\"Id\u0117jos istorijos pamokoms\"}]},{\"@type\":\"WebSite\",\"@id\":\"https:\/\/skaitytaknyga.lt\/#website\",\"url\":\"https:\/\/skaitytaknyga.lt\/\",\"name\":\"skaitytaknyga.lt\",\"description\":\"Skaitytaknyga.lt \u2013 tai ma\u017eas \u0161eimos verslas, kuris prasid\u0117jo nuo meil\u0117s knygoms ir siekio i\u0161gelb\u0117ti knygas nuo likimo prie konteinerio. Kas vienam nereikalingas daiktas \u2013 kitam lobis, o mes esame tarpininkai, kurie padeda abiems tapti laimingesniems ???? \u017dinome kaip nelengva i\u0161gyventi ma\u017eiems verslams, tad nuo \u0161iol, \u010dia rasite ir kit\u0173, ma\u017e\u0173 \u0161eim\u0173 versl\u0173, rank\u0173 darbo, dovan\u0173 sau ir artimiesiems.\",\"publisher\":{\"@id\":\"https:\/\/skaitytaknyga.lt\/#organization\"},\"potentialAction\":[{\"@type\":\"SearchAction\",\"target\":{\"@type\":\"EntryPoint\",\"urlTemplate\":\"https:\/\/skaitytaknyga.lt\/?s={search_term_string}\"},\"query-input\":{\"@type\":\"PropertyValueSpecification\",\"valueRequired\":true,\"valueName\":\"search_term_string\"}}],\"inLanguage\":\"en-GB\"},{\"@type\":\"Organization\",\"@id\":\"https:\/\/skaitytaknyga.lt\/#organization\",\"name\":\"skaitytaknyga.lt\",\"url\":\"https:\/\/skaitytaknyga.lt\/\",\"logo\":{\"@type\":\"ImageObject\",\"inLanguage\":\"en-GB\",\"@id\":\"https:\/\/skaitytaknyga.lt\/#\/schema\/logo\/image\/\",\"url\":\"https:\/\/skaitytaknyga.lt\/wp-content\/uploads\/2024\/05\/cropped-cropped-cropped-02_00843_jt3bggkj1j3HLc7SyY6rEUpg.jpeg\",\"contentUrl\":\"https:\/\/skaitytaknyga.lt\/wp-content\/uploads\/2024\/05\/cropped-cropped-cropped-02_00843_jt3bggkj1j3HLc7SyY6rEUpg.jpeg\",\"width\":1600,\"height\":1600,\"caption\":\"skaitytaknyga.lt\"},\"image\":{\"@id\":\"https:\/\/skaitytaknyga.lt\/#\/schema\/logo\/image\/\"},\"sameAs\":[\"https:\/\/www.facebook.com\/skaitytaknyga\/\"]}]}<\/script>\n<!-- \/ Yoast SEO plugin. -->","yoast_head_json":{"title":"Id\u0117jos istorijos pamokoms","description":"Mokytojo knygoje pateikiami 7 konkret\u016bs XX a. antrosios pus\u0117s pasaulio, Europos ir Lietuvos istorijos pateikimo b\u016bdai naudojant dokumentin\u012f film\u0105 \u201ePa\u010dios","robots":{"index":"index","follow":"follow","max-snippet":"max-snippet:-1","max-image-preview":"max-image-preview:large","max-video-preview":"max-video-preview:-1"},"canonical":"https:\/\/skaitytaknyga.lt\/en\/produktas\/idejos-istorijos-pamokoms\/","og_locale":"en_GB","og_type":"article","og_title":"[:lt]Id\u0117jos istorijos pamokoms[:] - Skaitytaknyga","og_description":"Mokytojo knygoje pateikiami 7 konkret\u016bs XX a. antrosios pus\u0117s pasaulio, Europos ir Lietuvos istorijos pateikimo b\u016bdai naudojant dokumentin\u012f film\u0105 \u201ePa\u010dios","og_url":"https:\/\/skaitytaknyga.lt\/en\/produktas\/idejos-istorijos-pamokoms\/","og_site_name":"Skaitytaknyga","article_publisher":"https:\/\/www.facebook.com\/skaitytaknyga\/","article_modified_time":"2026-03-18T12:59:47+00:00","og_image":[{"width":336,"height":499,"url":"https:\/\/skaitytaknyga.lt\/wp-content\/uploads\/2025\/04\/Idejos-istorijos-pamokoms.webp","type":"image\/webp"}],"twitter_card":"summary_large_image","twitter_misc":{"Estimated reading time":"1 minute"},"schema":{"@context":"https:\/\/schema.org","@graph":[{"@type":"WebPage","@id":"https:\/\/skaitytaknyga.lt\/produktas\/idejos-istorijos-pamokoms\/","url":"https:\/\/skaitytaknyga.lt\/produktas\/idejos-istorijos-pamokoms\/","name":"Id\u0117jos istorijos pamokoms","isPartOf":{"@id":"https:\/\/skaitytaknyga.lt\/#website"},"primaryImageOfPage":{"@id":"https:\/\/skaitytaknyga.lt\/produktas\/idejos-istorijos-pamokoms\/#primaryimage"},"image":{"@id":"https:\/\/skaitytaknyga.lt\/produktas\/idejos-istorijos-pamokoms\/#primaryimage"},"thumbnailUrl":"https:\/\/skaitytaknyga.lt\/wp-content\/uploads\/2025\/04\/Idejos-istorijos-pamokoms.webp","datePublished":"2025-04-17T07:26:35+00:00","dateModified":"2026-03-18T12:59:47+00:00","description":"Mokytojo knygoje pateikiami 7 konkret\u016bs XX a. antrosios pus\u0117s pasaulio, Europos ir Lietuvos istorijos pateikimo b\u016bdai naudojant dokumentin\u012f film\u0105 \u201ePa\u010dios","breadcrumb":{"@id":"https:\/\/skaitytaknyga.lt\/produktas\/idejos-istorijos-pamokoms\/#breadcrumb"},"inLanguage":"en-GB","potentialAction":[{"@type":"ReadAction","target":["https:\/\/skaitytaknyga.lt\/produktas\/idejos-istorijos-pamokoms\/"]}]},{"@type":"ImageObject","inLanguage":"en-GB","@id":"https:\/\/skaitytaknyga.lt\/produktas\/idejos-istorijos-pamokoms\/#primaryimage","url":"https:\/\/skaitytaknyga.lt\/wp-content\/uploads\/2025\/04\/Idejos-istorijos-pamokoms.webp","contentUrl":"https:\/\/skaitytaknyga.lt\/wp-content\/uploads\/2025\/04\/Idejos-istorijos-pamokoms.webp","width":336,"height":499,"caption":"Id\u0117jos istorijos pamokoms"},{"@type":"BreadcrumbList","@id":"https:\/\/skaitytaknyga.lt\/produktas\/idejos-istorijos-pamokoms\/#breadcrumb","itemListElement":[{"@type":"ListItem","position":1,"name":"Home","item":"https:\/\/skaitytaknyga.lt\/"},{"@type":"ListItem","position":2,"name":"Parduotuv\u0117","item":"https:\/\/skaitytaknyga.lt\/knygu-parduotuve\/"},{"@type":"ListItem","position":3,"name":"Id\u0117jos istorijos pamokoms"}]},{"@type":"WebSite","@id":"https:\/\/skaitytaknyga.lt\/#website","url":"https:\/\/skaitytaknyga.lt\/","name":"skaitytaknyga.lt","description":"Skaitytaknyga.lt \u2013 tai ma\u017eas \u0161eimos verslas, kuris prasid\u0117jo nuo meil\u0117s knygoms ir siekio i\u0161gelb\u0117ti knygas nuo likimo prie konteinerio. Kas vienam nereikalingas daiktas \u2013 kitam lobis, o mes esame tarpininkai, kurie padeda abiems tapti laimingesniems ???? \u017dinome kaip nelengva i\u0161gyventi ma\u017eiems verslams, tad nuo \u0161iol, \u010dia rasite ir kit\u0173, ma\u017e\u0173 \u0161eim\u0173 versl\u0173, rank\u0173 darbo, dovan\u0173 sau ir artimiesiems.","publisher":{"@id":"https:\/\/skaitytaknyga.lt\/#organization"},"potentialAction":[{"@type":"SearchAction","target":{"@type":"EntryPoint","urlTemplate":"https:\/\/skaitytaknyga.lt\/?s={search_term_string}"},"query-input":{"@type":"PropertyValueSpecification","valueRequired":true,"valueName":"search_term_string"}}],"inLanguage":"en-GB"},{"@type":"Organization","@id":"https:\/\/skaitytaknyga.lt\/#organization","name":"skaitytaknyga.lt","url":"https:\/\/skaitytaknyga.lt\/","logo":{"@type":"ImageObject","inLanguage":"en-GB","@id":"https:\/\/skaitytaknyga.lt\/#\/schema\/logo\/image\/","url":"https:\/\/skaitytaknyga.lt\/wp-content\/uploads\/2024\/05\/cropped-cropped-cropped-02_00843_jt3bggkj1j3HLc7SyY6rEUpg.jpeg","contentUrl":"https:\/\/skaitytaknyga.lt\/wp-content\/uploads\/2024\/05\/cropped-cropped-cropped-02_00843_jt3bggkj1j3HLc7SyY6rEUpg.jpeg","width":1600,"height":1600,"caption":"skaitytaknyga.lt"},"image":{"@id":"https:\/\/skaitytaknyga.lt\/#\/schema\/logo\/image\/"},"sameAs":["https:\/\/www.facebook.com\/skaitytaknyga\/"]}]}},"_links":{"self":[{"href":"https:\/\/skaitytaknyga.lt\/en\/wp-json\/wp\/v2\/product\/17907","targetHints":{"allow":["GET"]}}],"collection":[{"href":"https:\/\/skaitytaknyga.lt\/en\/wp-json\/wp\/v2\/product"}],"about":[{"href":"https:\/\/skaitytaknyga.lt\/en\/wp-json\/wp\/v2\/types\/product"}],"replies":[{"embeddable":true,"href":"https:\/\/skaitytaknyga.lt\/en\/wp-json\/wp\/v2\/comments?post=17907"}],"wp:featuredmedia":[{"embeddable":true,"href":"https:\/\/skaitytaknyga.lt\/en\/wp-json\/wp\/v2\/media\/17908"}],"wp:attachment":[{"href":"https:\/\/skaitytaknyga.lt\/en\/wp-json\/wp\/v2\/media?parent=17907"}],"wp:term":[{"taxonomy":"product_brand","embeddable":true,"href":"https:\/\/skaitytaknyga.lt\/en\/wp-json\/wp\/v2\/product_brand?post=17907"},{"taxonomy":"product_cat","embeddable":true,"href":"https:\/\/skaitytaknyga.lt\/en\/wp-json\/wp\/v2\/product_cat?post=17907"},{"taxonomy":"product_tag","embeddable":true,"href":"https:\/\/skaitytaknyga.lt\/en\/wp-json\/wp\/v2\/product_tag?post=17907"}],"curies":[{"name":"wp","href":"https:\/\/api.w.org\/{rel}","templated":true}]}}