{"id":17901,"date":"2025-04-17T10:12:36","date_gmt":"2025-04-17T07:12:36","guid":{"rendered":"https:\/\/skaitytaknyga.lt\/?post_type=product&#038;p=17901"},"modified":"2026-03-18T13:18:55","modified_gmt":"2026-03-18T11:18:55","slug":"gydymas-akiu-judesiu-technika","status":"publish","type":"product","link":"https:\/\/skaitytaknyga.lt\/en\/produktas\/gydymas-akiu-judesiu-technika\/","title":{"rendered":"Gydymas aki\u0173 judesi\u0173 technika"},"content":{"rendered":"<div>\n<p>XXI a. \u2013 streso am\u017eius. Kasdien susiduriame su asmenin\u0117mis, tarpusavio santyki\u0173 ir sveikatos problemomis. Ar galima i\u0161sivaduoti nuo streso be psicholog\u0173 pagalbos ir medicinini\u0173 preparat\u0173? Didel\u0119 praktik\u0105 turintis psichologas Fredas Friedbergas sako \u201etaip\u201c \u2013 taikykite aki\u0173 judesi\u0173 technik\u0105 (AJT)! \u0160i lengvai \u012fvaldoma technika \u2013 tai ne hipnoz\u0117s b\u016bdas ir ne laim\u0117s planas. AJT i\u0161naudoja nat\u016bralius m\u016bs\u0173 psichikos sugeb\u0117jimus sprend\u017eiant problemas. Pasitelkus nesud\u0117tingus pratimus:<\/p>\n<\/div>\n<div>\n<p>Atsikratoma stres\u0105 kelian\u010di\u0173 jausm\u0173 ir min\u010di\u0173<br \/>\nPatiriama gilioji relaksacija<br \/>\nSu\u017eadinamas naujas m\u0105stymas<br \/>\nAtitraukiamas d\u0117mesys nuo problemos<br \/>\nRandami nauji problem\u0173 sprendimo b\u016bdai<br \/>\nSu\u017eadinamas optimizmas<\/p>\n<\/div>\n<div>\n<p>Aki\u0173 judesi\u0173 technika galima pa\u0161alinti beveik bet kok\u012f stres\u0105 ir su\u0161velninti su juo susijusius emocinius ir fizinius simptomus. \u0160ia technika galima pasinaudoti sprend\u017eiant \u012fvairiausiais problemas: nerim\u0105 bei jaudul\u012f, fobijas, panikos priepuolius, depresij\u0105, nuolatin\u012f pykt\u012f ir fizin\u0119 \u012ftamp\u0105. Taikant AJT, gydomas fizinis skausmas ir nuovargis, taip pat su stresu susij\u0119s galvos skausmas.<br \/>\n\u0160i technika padeda sprend\u017eiant gyvybi\u0161kai svarbias problemas: darbe patiriam\u0105 stres\u0105, vidutinio am\u017eiaus kriz\u0119, svarbius gyvenimo poky\u010dius, \u0161eimyninius konfliktus ir asmenini\u0173 santyki\u0173 peripetijas.<\/p>\n<ul class=\"about-product d-none d-xl-block mt-4\">\n<li><strong>Autorius:<\/strong>\u00a0Fred Friedberg<\/li>\n<li><strong>Leid\u0117jas<\/strong>\u00a0Obuolys<\/li>\n<li><strong>Metai:<\/strong>\u00a02011<\/li>\n<li><strong>Puslapiai:<\/strong>\u00a0232<\/li>\n<li class=\"toggleable type-new-formats \"><strong>ISBN :\u00a0<\/strong>9786094032301<\/li>\n<li class=\"toggleable type-new-formats \"><strong>Formatas:<\/strong>\u00a014,5 x 21,4 cm, mink\u0161ti vir\u0161eliai<\/li>\n<li><strong>Kalba:<\/strong>\u00a0Lietuvi\u0173<\/li>\n<li><strong>Vert\u0117jas:<\/strong>\u00a0Lina Vy\u0161niauskien\u0117<\/li>\n<\/ul>\n<\/div>\n","protected":false},"excerpt":{"rendered":"<p>XXI a. \u2013 streso am\u017eius. Kasdien susiduriame su asmenin\u0117mis, tarpusavio santyki\u0173 ir sveikatos problemomis. Ar galima i\u0161sivaduoti nuo streso be psicholog\u0173 pagalbos ir medicinini\u0173 preparat\u0173? Didel\u0119 praktik\u0105 turintis psichologas Fredas Friedbergas sako \u201etaip\u201c \u2013 taikykite aki\u0173 judesi\u0173 technik\u0105 (AJT)! \u0160i lengvai \u012fvaldoma technika \u2013 tai ne hipnoz\u0117s b\u016bdas ir ne laim\u0117s planas. AJT i\u0161naudoja nat\u016bralius m\u016bs\u0173 psichikos sugeb\u0117jimus sprend\u017eiant problemas. Pasitelkus nesud\u0117tingus pratimus: Atsikratoma stres\u0105 kelian\u010di\u0173 jausm\u0173 ir min\u010di\u0173 Patiriama gilioji relaksacija Su\u017eadinamas naujas m\u0105stymas Atitraukiamas d\u0117mesys nuo problemos Randami nauji problem\u0173 sprendimo b\u016bdai Su\u017eadinamas optimizmas Aki\u0173 judesi\u0173 technika galima pa\u0161alinti beveik bet kok\u012f stres\u0105 ir su\u0161velninti su juo susijusius emocinius ir fizinius simptomus. \u0160ia technika galima pasinaudoti sprend\u017eiant \u012fvairiausiais problemas: nerim\u0105 bei jaudul\u012f, fobijas, panikos priepuolius, depresij\u0105, nuolatin\u012f pykt\u012f ir fizin\u0119 \u012ftamp\u0105. Taikant AJT, gydomas fizinis skausmas ir nuovargis, taip pat su stresu susij\u0119s galvos skausmas. \u0160i technika padeda sprend\u017eiant gyvybi\u0161kai svarbias problemas: darbe patiriam\u0105 stres\u0105, vidutinio am\u017eiaus kriz\u0119, svarbius gyvenimo poky\u010dius, \u0161eimyninius konfliktus ir asmenini\u0173 santyki\u0173 peripetijas. Autorius:\u00a0Fred Friedberg Leid\u0117jas\u00a0Obuolys Metai:\u00a02011 Puslapiai:\u00a0232 ISBN :\u00a09786094032301 Formatas:\u00a014,5 x 21,4 cm, mink\u0161ti vir\u0161eliai Kalba:\u00a0Lietuvi\u0173 Vert\u0117jas:\u00a0Lina Vy\u0161niauskien\u0117<\/p>\n","protected":false},"featured_media":17902,"comment_status":"open","ping_status":"closed","template":"","meta":{"_acf_changed":false,"site-sidebar-layout":"default","site-content-layout":"","ast-site-content-layout":"default","site-content-style":"default","site-sidebar-style":"default","ast-global-header-display":"","ast-banner-title-visibility":"","ast-main-header-display":"","ast-hfb-above-header-display":"","ast-hfb-below-header-display":"","ast-hfb-mobile-header-display":"","site-post-title":"","ast-breadcrumbs-content":"","ast-featured-img":"","footer-sml-layout":"","ast-disable-related-posts":"","theme-transparent-header-meta":"default","adv-header-id-meta":"","stick-header-meta":"","header-above-stick-meta":"","header-main-stick-meta":"","header-below-stick-meta":"","astra-migrate-meta-layouts":"set","ast-page-background-enabled":"default","ast-page-background-meta":{"desktop":{"background-color":"","background-image":"","background-repeat":"repeat","background-position":"center center","background-size":"auto","background-attachment":"scroll","background-type":"","background-media":"","overlay-type":"","overlay-color":"","overlay-opacity":"","overlay-gradient":""},"tablet":{"background-color":"","background-image":"","background-repeat":"repeat","background-position":"center center","background-size":"auto","background-attachment":"scroll","background-type":"","background-media":"","overlay-type":"","overlay-color":"","overlay-opacity":"","overlay-gradient":""},"mobile":{"background-color":"","background-image":"","background-repeat":"repeat","background-position":"center center","background-size":"auto","background-attachment":"scroll","background-type":"","background-media":"","overlay-type":"","overlay-color":"","overlay-opacity":"","overlay-gradient":""}},"ast-content-background-meta":{"desktop":{"background-color":"var(--ast-global-color-4)","background-image":"","background-repeat":"repeat","background-position":"center center","background-size":"auto","background-attachment":"scroll","background-type":"","background-media":"","overlay-type":"","overlay-color":"","overlay-opacity":"","overlay-gradient":""},"tablet":{"background-color":"var(--ast-global-color-4)","background-image":"","background-repeat":"repeat","background-position":"center center","background-size":"auto","background-attachment":"scroll","background-type":"","background-media":"","overlay-type":"","overlay-color":"","overlay-opacity":"","overlay-gradient":""},"mobile":{"background-color":"var(--ast-global-color-4)","background-image":"","background-repeat":"repeat","background-position":"center center","background-size":"auto","background-attachment":"scroll","background-type":"","background-media":"","overlay-type":"","overlay-color":"","overlay-opacity":"","overlay-gradient":""}}},"product_brand":[],"product_cat":[9856],"product_tag":[3324,3323,3322,1656,3329,3326,3321,3332,2375,1393,3331,2028,3327,1392,3328,3325,3333,3330,2961,1680],"class_list":{"0":"post-17901","1":"product","2":"type-product","3":"status-publish","4":"has-post-thumbnail","6":"product_cat-fizine-sveikata-sportas","7":"product_tag-ajt","8":"product_tag-akiu-judesiu-technika","9":"product_tag-asmeniniai-santykiai","10":"product_tag-depresija","11":"product_tag-fizine-itampa","12":"product_tag-fobijos","13":"product_tag-fred-friedberg","14":"product_tag-galvos-skausmas","15":"product_tag-mastymas","16":"product_tag-nerimas","17":"product_tag-nuovargis","18":"product_tag-optimizmas","19":"product_tag-panikos-priepuoliai","20":"product_tag-psichologija","21":"product_tag-pyktis","22":"product_tag-relaksacija","23":"product_tag-seimyniniai-konfliktai","24":"product_tag-skausmas","25":"product_tag-stresas","26":"product_tag-sveikata","27":"desktop-align-left","28":"tablet-align-left","29":"mobile-align-left","31":"first","32":"instock","33":"shipping-taxable","34":"purchasable","35":"product-type-simple"},"acf":[],"yoast_head":"<!-- This site is optimized with the Yoast SEO plugin v27.0 - https:\/\/yoast.com\/product\/yoast-seo-wordpress\/ -->\n<title>Gydymas aki\u0173 judesi\u0173 technika<\/title>\n<meta name=\"description\" content=\"XXI a. \u2013 streso am\u017eius. Kasdien susiduriame su asmenin\u0117mis, tarpusavio santyki\u0173 ir sveikatos problemomis. Ar galima i\u0161sivaduoti nuo streso be psicholog\u0173\" \/>\n<meta name=\"robots\" content=\"index, follow, max-snippet:-1, max-image-preview:large, max-video-preview:-1\" \/>\n<link rel=\"canonical\" href=\"https:\/\/skaitytaknyga.lt\/en\/produktas\/gydymas-akiu-judesiu-technika\/\" \/>\n<meta property=\"og:locale\" content=\"en_GB\" \/>\n<meta property=\"og:locale:alternate\" content=\"lt_LT\" \/>\n<meta property=\"og:type\" content=\"article\" \/>\n<meta property=\"og:title\" content=\"Gydymas aki\u0173 judesi\u0173 technika\" \/>\n<meta property=\"og:description\" content=\"XXI a. \u2013 streso am\u017eius. Kasdien susiduriame su asmenin\u0117mis, tarpusavio santyki\u0173 ir sveikatos problemomis. Ar galima i\u0161sivaduoti nuo streso be psicholog\u0173\" \/>\n<meta property=\"og:url\" content=\"https:\/\/skaitytaknyga.lt\/en\/produktas\/gydymas-akiu-judesiu-technika\/\" \/>\n<meta property=\"og:site_name\" content=\"Skaitytaknyga\" \/>\n<meta property=\"article:publisher\" content=\"https:\/\/www.facebook.com\/skaitytaknyga\/\" \/>\n<meta property=\"article:modified_time\" content=\"2026-03-18T11:18:55+00:00\" \/>\n<meta property=\"og:image\" content=\"https:\/\/skaitytaknyga.lt\/wp-content\/uploads\/2025\/04\/Gydymas-akiu-judesiu-technika.jpg\" \/>\n\t<meta property=\"og:image:width\" content=\"392\" \/>\n\t<meta property=\"og:image:height\" content=\"575\" \/>\n\t<meta property=\"og:image:type\" content=\"image\/jpeg\" \/>\n<meta name=\"twitter:card\" content=\"summary_large_image\" \/>\n<meta name=\"twitter:label1\" content=\"Estimated reading time\" \/>\n\t<meta name=\"twitter:data1\" content=\"2 minutes\" \/>\n<script type=\"application\/ld+json\" class=\"yoast-schema-graph\">{\"@context\":\"https:\/\/schema.org\",\"@graph\":[{\"@type\":\"WebPage\",\"@id\":\"https:\/\/skaitytaknyga.lt\/produktas\/gydymas-akiu-judesiu-technika\/\",\"url\":\"https:\/\/skaitytaknyga.lt\/produktas\/gydymas-akiu-judesiu-technika\/\",\"name\":\"Gydymas aki\u0173 judesi\u0173 technika\",\"isPartOf\":{\"@id\":\"https:\/\/skaitytaknyga.lt\/#website\"},\"primaryImageOfPage\":{\"@id\":\"https:\/\/skaitytaknyga.lt\/produktas\/gydymas-akiu-judesiu-technika\/#primaryimage\"},\"image\":{\"@id\":\"https:\/\/skaitytaknyga.lt\/produktas\/gydymas-akiu-judesiu-technika\/#primaryimage\"},\"thumbnailUrl\":\"https:\/\/skaitytaknyga.lt\/wp-content\/uploads\/2025\/04\/Gydymas-akiu-judesiu-technika.jpg\",\"datePublished\":\"2025-04-17T07:12:36+00:00\",\"dateModified\":\"2026-03-18T11:18:55+00:00\",\"description\":\"XXI a. \u2013 streso am\u017eius. Kasdien susiduriame su asmenin\u0117mis, tarpusavio santyki\u0173 ir sveikatos problemomis. Ar galima i\u0161sivaduoti nuo streso be psicholog\u0173\",\"breadcrumb\":{\"@id\":\"https:\/\/skaitytaknyga.lt\/produktas\/gydymas-akiu-judesiu-technika\/#breadcrumb\"},\"inLanguage\":\"en-GB\",\"potentialAction\":[{\"@type\":\"ReadAction\",\"target\":[\"https:\/\/skaitytaknyga.lt\/produktas\/gydymas-akiu-judesiu-technika\/\"]}]},{\"@type\":\"ImageObject\",\"inLanguage\":\"en-GB\",\"@id\":\"https:\/\/skaitytaknyga.lt\/produktas\/gydymas-akiu-judesiu-technika\/#primaryimage\",\"url\":\"https:\/\/skaitytaknyga.lt\/wp-content\/uploads\/2025\/04\/Gydymas-akiu-judesiu-technika.jpg\",\"contentUrl\":\"https:\/\/skaitytaknyga.lt\/wp-content\/uploads\/2025\/04\/Gydymas-akiu-judesiu-technika.jpg\",\"width\":392,\"height\":575,\"caption\":\"Gydymas aki\u0173 judesi\u0173 technika\"},{\"@type\":\"BreadcrumbList\",\"@id\":\"https:\/\/skaitytaknyga.lt\/produktas\/gydymas-akiu-judesiu-technika\/#breadcrumb\",\"itemListElement\":[{\"@type\":\"ListItem\",\"position\":1,\"name\":\"Home\",\"item\":\"https:\/\/skaitytaknyga.lt\/\"},{\"@type\":\"ListItem\",\"position\":2,\"name\":\"Parduotuv\u0117\",\"item\":\"https:\/\/skaitytaknyga.lt\/knygu-parduotuve\/\"},{\"@type\":\"ListItem\",\"position\":3,\"name\":\"Gydymas aki\u0173 judesi\u0173 technika\"}]},{\"@type\":\"WebSite\",\"@id\":\"https:\/\/skaitytaknyga.lt\/#website\",\"url\":\"https:\/\/skaitytaknyga.lt\/\",\"name\":\"skaitytaknyga.lt\",\"description\":\"Skaitytaknyga.lt \u2013 tai ma\u017eas \u0161eimos verslas, kuris prasid\u0117jo nuo meil\u0117s knygoms ir siekio i\u0161gelb\u0117ti knygas nuo likimo prie konteinerio. Kas vienam nereikalingas daiktas \u2013 kitam lobis, o mes esame tarpininkai, kurie padeda abiems tapti laimingesniems ???? \u017dinome kaip nelengva i\u0161gyventi ma\u017eiems verslams, tad nuo \u0161iol, \u010dia rasite ir kit\u0173, ma\u017e\u0173 \u0161eim\u0173 versl\u0173, rank\u0173 darbo, dovan\u0173 sau ir artimiesiems.\",\"publisher\":{\"@id\":\"https:\/\/skaitytaknyga.lt\/#organization\"},\"potentialAction\":[{\"@type\":\"SearchAction\",\"target\":{\"@type\":\"EntryPoint\",\"urlTemplate\":\"https:\/\/skaitytaknyga.lt\/?s={search_term_string}\"},\"query-input\":{\"@type\":\"PropertyValueSpecification\",\"valueRequired\":true,\"valueName\":\"search_term_string\"}}],\"inLanguage\":\"en-GB\"},{\"@type\":\"Organization\",\"@id\":\"https:\/\/skaitytaknyga.lt\/#organization\",\"name\":\"skaitytaknyga.lt\",\"url\":\"https:\/\/skaitytaknyga.lt\/\",\"logo\":{\"@type\":\"ImageObject\",\"inLanguage\":\"en-GB\",\"@id\":\"https:\/\/skaitytaknyga.lt\/#\/schema\/logo\/image\/\",\"url\":\"https:\/\/skaitytaknyga.lt\/wp-content\/uploads\/2024\/05\/cropped-cropped-cropped-02_00843_jt3bggkj1j3HLc7SyY6rEUpg.jpeg\",\"contentUrl\":\"https:\/\/skaitytaknyga.lt\/wp-content\/uploads\/2024\/05\/cropped-cropped-cropped-02_00843_jt3bggkj1j3HLc7SyY6rEUpg.jpeg\",\"width\":1600,\"height\":1600,\"caption\":\"skaitytaknyga.lt\"},\"image\":{\"@id\":\"https:\/\/skaitytaknyga.lt\/#\/schema\/logo\/image\/\"},\"sameAs\":[\"https:\/\/www.facebook.com\/skaitytaknyga\/\"]}]}<\/script>\n<!-- \/ Yoast SEO plugin. -->","yoast_head_json":{"title":"Gydymas aki\u0173 judesi\u0173 technika","description":"XXI a. \u2013 streso am\u017eius. Kasdien susiduriame su asmenin\u0117mis, tarpusavio santyki\u0173 ir sveikatos problemomis. Ar galima i\u0161sivaduoti nuo streso be psicholog\u0173","robots":{"index":"index","follow":"follow","max-snippet":"max-snippet:-1","max-image-preview":"max-image-preview:large","max-video-preview":"max-video-preview:-1"},"canonical":"https:\/\/skaitytaknyga.lt\/en\/produktas\/gydymas-akiu-judesiu-technika\/","og_locale":"en_GB","og_type":"article","og_title":"[:lt]Gydymas aki\u0173 judesi\u0173 technika[:] - Skaitytaknyga","og_description":"XXI a. \u2013 streso am\u017eius. Kasdien susiduriame su asmenin\u0117mis, tarpusavio santyki\u0173 ir sveikatos problemomis. Ar galima i\u0161sivaduoti nuo streso be psicholog\u0173","og_url":"https:\/\/skaitytaknyga.lt\/en\/produktas\/gydymas-akiu-judesiu-technika\/","og_site_name":"Skaitytaknyga","article_publisher":"https:\/\/www.facebook.com\/skaitytaknyga\/","article_modified_time":"2026-03-18T11:18:55+00:00","og_image":[{"width":392,"height":575,"url":"https:\/\/skaitytaknyga.lt\/wp-content\/uploads\/2025\/04\/Gydymas-akiu-judesiu-technika.jpg","type":"image\/jpeg"}],"twitter_card":"summary_large_image","twitter_misc":{"Estimated reading time":"2 minutes"},"schema":{"@context":"https:\/\/schema.org","@graph":[{"@type":"WebPage","@id":"https:\/\/skaitytaknyga.lt\/produktas\/gydymas-akiu-judesiu-technika\/","url":"https:\/\/skaitytaknyga.lt\/produktas\/gydymas-akiu-judesiu-technika\/","name":"Gydymas aki\u0173 judesi\u0173 technika","isPartOf":{"@id":"https:\/\/skaitytaknyga.lt\/#website"},"primaryImageOfPage":{"@id":"https:\/\/skaitytaknyga.lt\/produktas\/gydymas-akiu-judesiu-technika\/#primaryimage"},"image":{"@id":"https:\/\/skaitytaknyga.lt\/produktas\/gydymas-akiu-judesiu-technika\/#primaryimage"},"thumbnailUrl":"https:\/\/skaitytaknyga.lt\/wp-content\/uploads\/2025\/04\/Gydymas-akiu-judesiu-technika.jpg","datePublished":"2025-04-17T07:12:36+00:00","dateModified":"2026-03-18T11:18:55+00:00","description":"XXI a. \u2013 streso am\u017eius. Kasdien susiduriame su asmenin\u0117mis, tarpusavio santyki\u0173 ir sveikatos problemomis. Ar galima i\u0161sivaduoti nuo streso be psicholog\u0173","breadcrumb":{"@id":"https:\/\/skaitytaknyga.lt\/produktas\/gydymas-akiu-judesiu-technika\/#breadcrumb"},"inLanguage":"en-GB","potentialAction":[{"@type":"ReadAction","target":["https:\/\/skaitytaknyga.lt\/produktas\/gydymas-akiu-judesiu-technika\/"]}]},{"@type":"ImageObject","inLanguage":"en-GB","@id":"https:\/\/skaitytaknyga.lt\/produktas\/gydymas-akiu-judesiu-technika\/#primaryimage","url":"https:\/\/skaitytaknyga.lt\/wp-content\/uploads\/2025\/04\/Gydymas-akiu-judesiu-technika.jpg","contentUrl":"https:\/\/skaitytaknyga.lt\/wp-content\/uploads\/2025\/04\/Gydymas-akiu-judesiu-technika.jpg","width":392,"height":575,"caption":"Gydymas aki\u0173 judesi\u0173 technika"},{"@type":"BreadcrumbList","@id":"https:\/\/skaitytaknyga.lt\/produktas\/gydymas-akiu-judesiu-technika\/#breadcrumb","itemListElement":[{"@type":"ListItem","position":1,"name":"Home","item":"https:\/\/skaitytaknyga.lt\/"},{"@type":"ListItem","position":2,"name":"Parduotuv\u0117","item":"https:\/\/skaitytaknyga.lt\/knygu-parduotuve\/"},{"@type":"ListItem","position":3,"name":"Gydymas aki\u0173 judesi\u0173 technika"}]},{"@type":"WebSite","@id":"https:\/\/skaitytaknyga.lt\/#website","url":"https:\/\/skaitytaknyga.lt\/","name":"skaitytaknyga.lt","description":"Skaitytaknyga.lt \u2013 tai ma\u017eas \u0161eimos verslas, kuris prasid\u0117jo nuo meil\u0117s knygoms ir siekio i\u0161gelb\u0117ti knygas nuo likimo prie konteinerio. Kas vienam nereikalingas daiktas \u2013 kitam lobis, o mes esame tarpininkai, kurie padeda abiems tapti laimingesniems ???? \u017dinome kaip nelengva i\u0161gyventi ma\u017eiems verslams, tad nuo \u0161iol, \u010dia rasite ir kit\u0173, ma\u017e\u0173 \u0161eim\u0173 versl\u0173, rank\u0173 darbo, dovan\u0173 sau ir artimiesiems.","publisher":{"@id":"https:\/\/skaitytaknyga.lt\/#organization"},"potentialAction":[{"@type":"SearchAction","target":{"@type":"EntryPoint","urlTemplate":"https:\/\/skaitytaknyga.lt\/?s={search_term_string}"},"query-input":{"@type":"PropertyValueSpecification","valueRequired":true,"valueName":"search_term_string"}}],"inLanguage":"en-GB"},{"@type":"Organization","@id":"https:\/\/skaitytaknyga.lt\/#organization","name":"skaitytaknyga.lt","url":"https:\/\/skaitytaknyga.lt\/","logo":{"@type":"ImageObject","inLanguage":"en-GB","@id":"https:\/\/skaitytaknyga.lt\/#\/schema\/logo\/image\/","url":"https:\/\/skaitytaknyga.lt\/wp-content\/uploads\/2024\/05\/cropped-cropped-cropped-02_00843_jt3bggkj1j3HLc7SyY6rEUpg.jpeg","contentUrl":"https:\/\/skaitytaknyga.lt\/wp-content\/uploads\/2024\/05\/cropped-cropped-cropped-02_00843_jt3bggkj1j3HLc7SyY6rEUpg.jpeg","width":1600,"height":1600,"caption":"skaitytaknyga.lt"},"image":{"@id":"https:\/\/skaitytaknyga.lt\/#\/schema\/logo\/image\/"},"sameAs":["https:\/\/www.facebook.com\/skaitytaknyga\/"]}]}},"_links":{"self":[{"href":"https:\/\/skaitytaknyga.lt\/en\/wp-json\/wp\/v2\/product\/17901","targetHints":{"allow":["GET"]}}],"collection":[{"href":"https:\/\/skaitytaknyga.lt\/en\/wp-json\/wp\/v2\/product"}],"about":[{"href":"https:\/\/skaitytaknyga.lt\/en\/wp-json\/wp\/v2\/types\/product"}],"replies":[{"embeddable":true,"href":"https:\/\/skaitytaknyga.lt\/en\/wp-json\/wp\/v2\/comments?post=17901"}],"wp:featuredmedia":[{"embeddable":true,"href":"https:\/\/skaitytaknyga.lt\/en\/wp-json\/wp\/v2\/media\/17902"}],"wp:attachment":[{"href":"https:\/\/skaitytaknyga.lt\/en\/wp-json\/wp\/v2\/media?parent=17901"}],"wp:term":[{"taxonomy":"product_brand","embeddable":true,"href":"https:\/\/skaitytaknyga.lt\/en\/wp-json\/wp\/v2\/product_brand?post=17901"},{"taxonomy":"product_cat","embeddable":true,"href":"https:\/\/skaitytaknyga.lt\/en\/wp-json\/wp\/v2\/product_cat?post=17901"},{"taxonomy":"product_tag","embeddable":true,"href":"https:\/\/skaitytaknyga.lt\/en\/wp-json\/wp\/v2\/product_tag?post=17901"}],"curies":[{"name":"wp","href":"https:\/\/api.w.org\/{rel}","templated":true}]}}