{"id":17899,"date":"2025-04-17T10:09:49","date_gmt":"2025-04-17T07:09:49","guid":{"rendered":"https:\/\/skaitytaknyga.lt\/?post_type=product&#038;p=17899"},"modified":"2025-05-15T13:19:50","modified_gmt":"2025-05-15T10:19:50","slug":"rasputinas-gyvenimas-ir-mirtis","status":"publish","type":"product","link":"https:\/\/skaitytaknyga.lt\/en\/produktas\/rasputinas-gyvenimas-ir-mirtis\/","title":{"rendered":"Rasputinas: gyvenimas ir mirtis"},"content":{"rendered":"<p>Edvardo Radzinskio knyga \u201eRasputinas: gyvenimas ir mirtis\u201c \u2013 tai vienos paslaptingiausi\u0173 ir prie\u0161taringiausi\u0173 XX a. asmenybi\u0173 biografija. Tik dabar ai\u0161k\u0117ja Rasputino \u012ftaka to meto \u012fvykiams, kuomet \u017elugo Romanov\u0173 dinastija ir prasid\u0117jo revoliucija.<\/p>\n<p>Beveik vis\u0105 am\u017ei\u0173 istorikai gal\u0117jo tik sp\u0117lioti, koks buvo jo vaidmuo, kuomet \u017elugo carin\u0117 Rusija. Bet 1995 metais rasti dokumentai, kuriuose u\u017efiksuota Rasputino artimiausi\u0173 \u017emoni\u0173 apklausa. Naudodamasis \u0161iuo detaliu istoriniu \u012fra\u0161u, Edvardas Radzinskis para\u0161\u0117 i\u0161sami\u0105 biografij\u0105, pilnai atkurdamas \u012fsp\u016bding\u0105 gyvenim\u0105 asmenyb\u0117s, pakeitusios Rusijos istorij\u0105. Remdamasis rastais dokumentais autorius pateikia dr\u0105sias, kartais labai netik\u0117tas versijas.<\/p>\n<p>Rasputino portretas i\u0161kyla visomis prie\u0161taringomis briaunomis: kaip mu\u017eikas ir auk\u0161tuomen\u0117s atstovas, \u0161ventvagis ir \u0161ventvyris, prana\u0161as ir gydytojas \u2013 \u017emogus, nul\u0117m\u0119s did\u017eiausios to meto imperijos \u017elugim\u0105.<\/p>\n<ul class=\"about-product d-none d-xl-block mt-4\">\n<li><strong>Autorius:<\/strong>\u00a0Edvard Radzinsky<\/li>\n<li><strong>Leid\u0117jas<\/strong>\u00a0Alma littera<\/li>\n<li><strong>Metai:<\/strong>\u00a02011<\/li>\n<li><strong>Puslapiai:<\/strong>\u00a0566<\/li>\n<li class=\"toggleable type-new-formats \"><strong>ISBN :\u00a0<\/strong>9786090100332<\/li>\n<li><strong>Versijos kodas:<\/strong>\u00a0PT.<\/li>\n<li class=\"toggleable type-new-formats \"><strong>Formatas:<\/strong>\u00a014,5 x 24 cm, kieti vir\u0161eliai<\/li>\n<li><strong>Kalba:<\/strong>\u00a0Lietuvi\u0173<\/li>\n<li><strong>Vert\u0117jas:<\/strong>\u00a0Zita Marien\u0117<\/li>\n<\/ul>\n","protected":false},"excerpt":{"rendered":"<p>Edvardo Radzinskio knyga \u201eRasputinas: gyvenimas ir mirtis\u201c \u2013 tai vienos paslaptingiausi\u0173 ir prie\u0161taringiausi\u0173 XX a. asmenybi\u0173 biografija. Tik dabar ai\u0161k\u0117ja Rasputino \u012ftaka to meto \u012fvykiams, kuomet \u017elugo Romanov\u0173 dinastija ir prasid\u0117jo revoliucija. Beveik vis\u0105 am\u017ei\u0173 istorikai gal\u0117jo tik sp\u0117lioti, koks buvo jo vaidmuo, kuomet \u017elugo carin\u0117 Rusija. Bet 1995 metais rasti dokumentai, kuriuose u\u017efiksuota Rasputino artimiausi\u0173 \u017emoni\u0173 apklausa. Naudodamasis \u0161iuo detaliu istoriniu \u012fra\u0161u, Edvardas Radzinskis para\u0161\u0117 i\u0161sami\u0105 biografij\u0105, pilnai atkurdamas \u012fsp\u016bding\u0105 gyvenim\u0105 asmenyb\u0117s, pakeitusios Rusijos istorij\u0105. Remdamasis rastais dokumentais autorius pateikia dr\u0105sias, kartais labai netik\u0117tas versijas. Rasputino portretas i\u0161kyla visomis prie\u0161taringomis briaunomis: kaip mu\u017eikas ir auk\u0161tuomen\u0117s atstovas, \u0161ventvagis ir \u0161ventvyris, prana\u0161as ir gydytojas \u2013 \u017emogus, nul\u0117m\u0119s did\u017eiausios to meto imperijos \u017elugim\u0105. Autorius:\u00a0Edvard Radzinsky Leid\u0117jas\u00a0Alma littera Metai:\u00a02011 Puslapiai:\u00a0566 ISBN :\u00a09786090100332 Versijos kodas:\u00a0PT. Formatas:\u00a014,5 x 24 cm, kieti vir\u0161eliai Kalba:\u00a0Lietuvi\u0173 Vert\u0117jas:\u00a0Zita Marien\u0117<\/p>\n","protected":false},"featured_media":17900,"comment_status":"closed","ping_status":"closed","template":"","meta":{"_acf_changed":false,"site-sidebar-layout":"default","site-content-layout":"","ast-site-content-layout":"default","site-content-style":"default","site-sidebar-style":"default","ast-global-header-display":"","ast-banner-title-visibility":"","ast-main-header-display":"","ast-hfb-above-header-display":"","ast-hfb-below-header-display":"","ast-hfb-mobile-header-display":"","site-post-title":"","ast-breadcrumbs-content":"","ast-featured-img":"","footer-sml-layout":"","ast-disable-related-posts":"","theme-transparent-header-meta":"default","adv-header-id-meta":"","stick-header-meta":"","header-above-stick-meta":"","header-main-stick-meta":"","header-below-stick-meta":"","astra-migrate-meta-layouts":"set","ast-page-background-enabled":"default","ast-page-background-meta":{"desktop":{"background-color":"","background-image":"","background-repeat":"repeat","background-position":"center center","background-size":"auto","background-attachment":"scroll","background-type":"","background-media":"","overlay-type":"","overlay-color":"","overlay-opacity":"","overlay-gradient":""},"tablet":{"background-color":"","background-image":"","background-repeat":"repeat","background-position":"center center","background-size":"auto","background-attachment":"scroll","background-type":"","background-media":"","overlay-type":"","overlay-color":"","overlay-opacity":"","overlay-gradient":""},"mobile":{"background-color":"","background-image":"","background-repeat":"repeat","background-position":"center center","background-size":"auto","background-attachment":"scroll","background-type":"","background-media":"","overlay-type":"","overlay-color":"","overlay-opacity":"","overlay-gradient":""}},"ast-content-background-meta":{"desktop":{"background-color":"var(--ast-global-color-4)","background-image":"","background-repeat":"repeat","background-position":"center center","background-size":"auto","background-attachment":"scroll","background-type":"","background-media":"","overlay-type":"","overlay-color":"","overlay-opacity":"","overlay-gradient":""},"tablet":{"background-color":"var(--ast-global-color-4)","background-image":"","background-repeat":"repeat","background-position":"center center","background-size":"auto","background-attachment":"scroll","background-type":"","background-media":"","overlay-type":"","overlay-color":"","overlay-opacity":"","overlay-gradient":""},"mobile":{"background-color":"var(--ast-global-color-4)","background-image":"","background-repeat":"repeat","background-position":"center center","background-size":"auto","background-attachment":"scroll","background-type":"","background-media":"","overlay-type":"","overlay-color":"","overlay-opacity":"","overlay-gradient":""}}},"product_brand":[],"product_cat":[33,174],"product_tag":[3316,2045,3314,3315,3310,3317,3318,2224,3259,3311,3313,3312,3319],"class_list":{"0":"post-17899","1":"product","2":"type-product","3":"status-publish","4":"has-post-thumbnail","6":"product_cat-biografijos","7":"product_cat-istorija-ir-politologija","8":"product_tag-apklausa","9":"product_tag-biografija","10":"product_tag-carine-rusija","11":"product_tag-dokumentai","12":"product_tag-edvard-radzinsky","13":"product_tag-gydytojas","14":"product_tag-imperija","15":"product_tag-istorija","16":"product_tag-pranasas","17":"product_tag-rasputinas","18":"product_tag-revoliucija","19":"product_tag-romanovai","20":"product_tag-zlugimas","21":"desktop-align-left","22":"tablet-align-left","23":"mobile-align-left","25":"first","26":"instock","27":"shipping-taxable","28":"purchasable","29":"product-type-simple"},"acf":[],"yoast_head":"<!-- This site is optimized with the Yoast SEO plugin v27.4 - https:\/\/yoast.com\/product\/yoast-seo-wordpress\/ -->\n<title>Rasputinas: gyvenimas ir mirtis<\/title>\n<meta name=\"description\" content=\"Edvardo Radzinskio knyga \u201eRasputinas: gyvenimas ir mirtis\u201c \u2013 tai vienos paslaptingiausi\u0173 ir prie\u0161taringiausi\u0173 XX a. asmenybi\u0173 biografija. Tik dabar\" \/>\n<meta name=\"robots\" content=\"index, follow, max-snippet:-1, max-image-preview:large, max-video-preview:-1\" \/>\n<link rel=\"canonical\" href=\"https:\/\/skaitytaknyga.lt\/en\/produktas\/rasputinas-gyvenimas-ir-mirtis\/\" \/>\n<meta property=\"og:locale\" content=\"en_GB\" \/>\n<meta property=\"og:locale:alternate\" content=\"lt_LT\" \/>\n<meta property=\"og:type\" content=\"article\" \/>\n<meta property=\"og:title\" content=\"Rasputinas: gyvenimas ir mirtis\" \/>\n<meta property=\"og:description\" content=\"Edvardo Radzinskio knyga \u201eRasputinas: gyvenimas ir mirtis\u201c \u2013 tai vienos paslaptingiausi\u0173 ir prie\u0161taringiausi\u0173 XX a. asmenybi\u0173 biografija. Tik dabar\" \/>\n<meta property=\"og:url\" content=\"https:\/\/skaitytaknyga.lt\/en\/produktas\/rasputinas-gyvenimas-ir-mirtis\/\" \/>\n<meta property=\"og:site_name\" content=\"Skaitytaknyga\" \/>\n<meta property=\"article:publisher\" content=\"https:\/\/www.facebook.com\/skaitytaknyga\/\" \/>\n<meta property=\"article:modified_time\" content=\"2025-05-15T10:19:50+00:00\" \/>\n<meta property=\"og:image\" content=\"https:\/\/skaitytaknyga.lt\/wp-content\/uploads\/2025\/04\/Rasputinas-gyvenimas-ir-mirtis.webp\" \/>\n\t<meta property=\"og:image:width\" content=\"458\" \/>\n\t<meta property=\"og:image:height\" content=\"750\" \/>\n\t<meta property=\"og:image:type\" content=\"image\/webp\" \/>\n<meta name=\"twitter:card\" content=\"summary_large_image\" \/>\n<meta name=\"twitter:label1\" content=\"Estimated reading time\" \/>\n\t<meta name=\"twitter:data1\" content=\"1 minute\" \/>\n<script type=\"application\/ld+json\" class=\"yoast-schema-graph\">{\"@context\":\"https:\\\/\\\/schema.org\",\"@graph\":[{\"@type\":\"WebPage\",\"@id\":\"https:\\\/\\\/skaitytaknyga.lt\\\/produktas\\\/rasputinas-gyvenimas-ir-mirtis\\\/\",\"url\":\"https:\\\/\\\/skaitytaknyga.lt\\\/produktas\\\/rasputinas-gyvenimas-ir-mirtis\\\/\",\"name\":\"Rasputinas: gyvenimas ir mirtis\",\"isPartOf\":{\"@id\":\"https:\\\/\\\/skaitytaknyga.lt\\\/#website\"},\"primaryImageOfPage\":{\"@id\":\"https:\\\/\\\/skaitytaknyga.lt\\\/produktas\\\/rasputinas-gyvenimas-ir-mirtis\\\/#primaryimage\"},\"image\":{\"@id\":\"https:\\\/\\\/skaitytaknyga.lt\\\/produktas\\\/rasputinas-gyvenimas-ir-mirtis\\\/#primaryimage\"},\"thumbnailUrl\":\"https:\\\/\\\/skaitytaknyga.lt\\\/wp-content\\\/uploads\\\/2025\\\/04\\\/Rasputinas-gyvenimas-ir-mirtis.webp\",\"datePublished\":\"2025-04-17T07:09:49+00:00\",\"dateModified\":\"2025-05-15T10:19:50+00:00\",\"description\":\"Edvardo Radzinskio knyga \u201eRasputinas: gyvenimas ir mirtis\u201c \u2013 tai vienos paslaptingiausi\u0173 ir prie\u0161taringiausi\u0173 XX a. asmenybi\u0173 biografija. Tik dabar\",\"breadcrumb\":{\"@id\":\"https:\\\/\\\/skaitytaknyga.lt\\\/produktas\\\/rasputinas-gyvenimas-ir-mirtis\\\/#breadcrumb\"},\"inLanguage\":\"en-GB\",\"potentialAction\":[{\"@type\":\"ReadAction\",\"target\":[\"https:\\\/\\\/skaitytaknyga.lt\\\/produktas\\\/rasputinas-gyvenimas-ir-mirtis\\\/\"]}]},{\"@type\":\"ImageObject\",\"inLanguage\":\"en-GB\",\"@id\":\"https:\\\/\\\/skaitytaknyga.lt\\\/produktas\\\/rasputinas-gyvenimas-ir-mirtis\\\/#primaryimage\",\"url\":\"https:\\\/\\\/skaitytaknyga.lt\\\/wp-content\\\/uploads\\\/2025\\\/04\\\/Rasputinas-gyvenimas-ir-mirtis.webp\",\"contentUrl\":\"https:\\\/\\\/skaitytaknyga.lt\\\/wp-content\\\/uploads\\\/2025\\\/04\\\/Rasputinas-gyvenimas-ir-mirtis.webp\",\"width\":458,\"height\":750,\"caption\":\"Rasputinas: gyvenimas ir mirtis\"},{\"@type\":\"BreadcrumbList\",\"@id\":\"https:\\\/\\\/skaitytaknyga.lt\\\/produktas\\\/rasputinas-gyvenimas-ir-mirtis\\\/#breadcrumb\",\"itemListElement\":[{\"@type\":\"ListItem\",\"position\":1,\"name\":\"Home\",\"item\":\"https:\\\/\\\/skaitytaknyga.lt\\\/\"},{\"@type\":\"ListItem\",\"position\":2,\"name\":\"Parduotuv\u0117\",\"item\":\"https:\\\/\\\/skaitytaknyga.lt\\\/knygu-parduotuve\\\/\"},{\"@type\":\"ListItem\",\"position\":3,\"name\":\"Rasputinas: gyvenimas ir mirtis\"}]},{\"@type\":\"WebSite\",\"@id\":\"https:\\\/\\\/skaitytaknyga.lt\\\/#website\",\"url\":\"https:\\\/\\\/skaitytaknyga.lt\\\/\",\"name\":\"skaitytaknyga.lt\",\"description\":\"Skaitytaknyga.lt \u2013 tai ma\u017eas \u0161eimos verslas, kuris prasid\u0117jo nuo meil\u0117s knygoms ir siekio i\u0161gelb\u0117ti knygas nuo likimo prie konteinerio. Kas vienam nereikalingas daiktas \u2013 kitam lobis, o mes esame tarpininkai, kurie padeda abiems tapti laimingesniems ???? \u017dinome kaip nelengva i\u0161gyventi ma\u017eiems verslams, tad nuo \u0161iol, \u010dia rasite ir kit\u0173, ma\u017e\u0173 \u0161eim\u0173 versl\u0173, rank\u0173 darbo, dovan\u0173 sau ir artimiesiems.\",\"publisher\":{\"@id\":\"https:\\\/\\\/skaitytaknyga.lt\\\/#organization\"},\"potentialAction\":[{\"@type\":\"SearchAction\",\"target\":{\"@type\":\"EntryPoint\",\"urlTemplate\":\"https:\\\/\\\/skaitytaknyga.lt\\\/?s={search_term_string}\"},\"query-input\":{\"@type\":\"PropertyValueSpecification\",\"valueRequired\":true,\"valueName\":\"search_term_string\"}}],\"inLanguage\":\"en-GB\"},{\"@type\":\"Organization\",\"@id\":\"https:\\\/\\\/skaitytaknyga.lt\\\/#organization\",\"name\":\"skaitytaknyga.lt\",\"url\":\"https:\\\/\\\/skaitytaknyga.lt\\\/\",\"logo\":{\"@type\":\"ImageObject\",\"inLanguage\":\"en-GB\",\"@id\":\"https:\\\/\\\/skaitytaknyga.lt\\\/#\\\/schema\\\/logo\\\/image\\\/\",\"url\":\"https:\\\/\\\/skaitytaknyga.lt\\\/wp-content\\\/uploads\\\/2024\\\/05\\\/cropped-cropped-cropped-02_00843_jt3bggkj1j3HLc7SyY6rEUpg.jpeg\",\"contentUrl\":\"https:\\\/\\\/skaitytaknyga.lt\\\/wp-content\\\/uploads\\\/2024\\\/05\\\/cropped-cropped-cropped-02_00843_jt3bggkj1j3HLc7SyY6rEUpg.jpeg\",\"width\":1600,\"height\":1600,\"caption\":\"skaitytaknyga.lt\"},\"image\":{\"@id\":\"https:\\\/\\\/skaitytaknyga.lt\\\/#\\\/schema\\\/logo\\\/image\\\/\"},\"sameAs\":[\"https:\\\/\\\/www.facebook.com\\\/skaitytaknyga\\\/\"]}]}<\/script>\n<!-- \/ Yoast SEO plugin. -->","yoast_head_json":{"title":"Rasputinas: gyvenimas ir mirtis","description":"Edvardo Radzinskio knyga \u201eRasputinas: gyvenimas ir mirtis\u201c \u2013 tai vienos paslaptingiausi\u0173 ir prie\u0161taringiausi\u0173 XX a. asmenybi\u0173 biografija. Tik dabar","robots":{"index":"index","follow":"follow","max-snippet":"max-snippet:-1","max-image-preview":"max-image-preview:large","max-video-preview":"max-video-preview:-1"},"canonical":"https:\/\/skaitytaknyga.lt\/en\/produktas\/rasputinas-gyvenimas-ir-mirtis\/","og_locale":"en_GB","og_type":"article","og_title":"[:lt]Rasputinas: gyvenimas ir mirtis[:] - Skaitytaknyga","og_description":"Edvardo Radzinskio knyga \u201eRasputinas: gyvenimas ir mirtis\u201c \u2013 tai vienos paslaptingiausi\u0173 ir prie\u0161taringiausi\u0173 XX a. asmenybi\u0173 biografija. Tik dabar","og_url":"https:\/\/skaitytaknyga.lt\/en\/produktas\/rasputinas-gyvenimas-ir-mirtis\/","og_site_name":"Skaitytaknyga","article_publisher":"https:\/\/www.facebook.com\/skaitytaknyga\/","article_modified_time":"2025-05-15T10:19:50+00:00","og_image":[{"width":458,"height":750,"url":"https:\/\/skaitytaknyga.lt\/wp-content\/uploads\/2025\/04\/Rasputinas-gyvenimas-ir-mirtis.webp","type":"image\/webp"}],"twitter_card":"summary_large_image","twitter_misc":{"Estimated reading time":"1 minute"},"schema":{"@context":"https:\/\/schema.org","@graph":[{"@type":"WebPage","@id":"https:\/\/skaitytaknyga.lt\/produktas\/rasputinas-gyvenimas-ir-mirtis\/","url":"https:\/\/skaitytaknyga.lt\/produktas\/rasputinas-gyvenimas-ir-mirtis\/","name":"Rasputinas: gyvenimas ir mirtis","isPartOf":{"@id":"https:\/\/skaitytaknyga.lt\/#website"},"primaryImageOfPage":{"@id":"https:\/\/skaitytaknyga.lt\/produktas\/rasputinas-gyvenimas-ir-mirtis\/#primaryimage"},"image":{"@id":"https:\/\/skaitytaknyga.lt\/produktas\/rasputinas-gyvenimas-ir-mirtis\/#primaryimage"},"thumbnailUrl":"https:\/\/skaitytaknyga.lt\/wp-content\/uploads\/2025\/04\/Rasputinas-gyvenimas-ir-mirtis.webp","datePublished":"2025-04-17T07:09:49+00:00","dateModified":"2025-05-15T10:19:50+00:00","description":"Edvardo Radzinskio knyga \u201eRasputinas: gyvenimas ir mirtis\u201c \u2013 tai vienos paslaptingiausi\u0173 ir prie\u0161taringiausi\u0173 XX a. asmenybi\u0173 biografija. Tik dabar","breadcrumb":{"@id":"https:\/\/skaitytaknyga.lt\/produktas\/rasputinas-gyvenimas-ir-mirtis\/#breadcrumb"},"inLanguage":"en-GB","potentialAction":[{"@type":"ReadAction","target":["https:\/\/skaitytaknyga.lt\/produktas\/rasputinas-gyvenimas-ir-mirtis\/"]}]},{"@type":"ImageObject","inLanguage":"en-GB","@id":"https:\/\/skaitytaknyga.lt\/produktas\/rasputinas-gyvenimas-ir-mirtis\/#primaryimage","url":"https:\/\/skaitytaknyga.lt\/wp-content\/uploads\/2025\/04\/Rasputinas-gyvenimas-ir-mirtis.webp","contentUrl":"https:\/\/skaitytaknyga.lt\/wp-content\/uploads\/2025\/04\/Rasputinas-gyvenimas-ir-mirtis.webp","width":458,"height":750,"caption":"Rasputinas: gyvenimas ir mirtis"},{"@type":"BreadcrumbList","@id":"https:\/\/skaitytaknyga.lt\/produktas\/rasputinas-gyvenimas-ir-mirtis\/#breadcrumb","itemListElement":[{"@type":"ListItem","position":1,"name":"Home","item":"https:\/\/skaitytaknyga.lt\/"},{"@type":"ListItem","position":2,"name":"Parduotuv\u0117","item":"https:\/\/skaitytaknyga.lt\/knygu-parduotuve\/"},{"@type":"ListItem","position":3,"name":"Rasputinas: gyvenimas ir mirtis"}]},{"@type":"WebSite","@id":"https:\/\/skaitytaknyga.lt\/#website","url":"https:\/\/skaitytaknyga.lt\/","name":"skaitytaknyga.lt","description":"Skaitytaknyga.lt \u2013 tai ma\u017eas \u0161eimos verslas, kuris prasid\u0117jo nuo meil\u0117s knygoms ir siekio i\u0161gelb\u0117ti knygas nuo likimo prie konteinerio. Kas vienam nereikalingas daiktas \u2013 kitam lobis, o mes esame tarpininkai, kurie padeda abiems tapti laimingesniems ???? \u017dinome kaip nelengva i\u0161gyventi ma\u017eiems verslams, tad nuo \u0161iol, \u010dia rasite ir kit\u0173, ma\u017e\u0173 \u0161eim\u0173 versl\u0173, rank\u0173 darbo, dovan\u0173 sau ir artimiesiems.","publisher":{"@id":"https:\/\/skaitytaknyga.lt\/#organization"},"potentialAction":[{"@type":"SearchAction","target":{"@type":"EntryPoint","urlTemplate":"https:\/\/skaitytaknyga.lt\/?s={search_term_string}"},"query-input":{"@type":"PropertyValueSpecification","valueRequired":true,"valueName":"search_term_string"}}],"inLanguage":"en-GB"},{"@type":"Organization","@id":"https:\/\/skaitytaknyga.lt\/#organization","name":"skaitytaknyga.lt","url":"https:\/\/skaitytaknyga.lt\/","logo":{"@type":"ImageObject","inLanguage":"en-GB","@id":"https:\/\/skaitytaknyga.lt\/#\/schema\/logo\/image\/","url":"https:\/\/skaitytaknyga.lt\/wp-content\/uploads\/2024\/05\/cropped-cropped-cropped-02_00843_jt3bggkj1j3HLc7SyY6rEUpg.jpeg","contentUrl":"https:\/\/skaitytaknyga.lt\/wp-content\/uploads\/2024\/05\/cropped-cropped-cropped-02_00843_jt3bggkj1j3HLc7SyY6rEUpg.jpeg","width":1600,"height":1600,"caption":"skaitytaknyga.lt"},"image":{"@id":"https:\/\/skaitytaknyga.lt\/#\/schema\/logo\/image\/"},"sameAs":["https:\/\/www.facebook.com\/skaitytaknyga\/"]}]}},"_links":{"self":[{"href":"https:\/\/skaitytaknyga.lt\/en\/wp-json\/wp\/v2\/product\/17899","targetHints":{"allow":["GET"]}}],"collection":[{"href":"https:\/\/skaitytaknyga.lt\/en\/wp-json\/wp\/v2\/product"}],"about":[{"href":"https:\/\/skaitytaknyga.lt\/en\/wp-json\/wp\/v2\/types\/product"}],"replies":[{"embeddable":true,"href":"https:\/\/skaitytaknyga.lt\/en\/wp-json\/wp\/v2\/comments?post=17899"}],"wp:featuredmedia":[{"embeddable":true,"href":"https:\/\/skaitytaknyga.lt\/en\/wp-json\/wp\/v2\/media\/17900"}],"wp:attachment":[{"href":"https:\/\/skaitytaknyga.lt\/en\/wp-json\/wp\/v2\/media?parent=17899"}],"wp:term":[{"taxonomy":"product_brand","embeddable":true,"href":"https:\/\/skaitytaknyga.lt\/en\/wp-json\/wp\/v2\/product_brand?post=17899"},{"taxonomy":"product_cat","embeddable":true,"href":"https:\/\/skaitytaknyga.lt\/en\/wp-json\/wp\/v2\/product_cat?post=17899"},{"taxonomy":"product_tag","embeddable":true,"href":"https:\/\/skaitytaknyga.lt\/en\/wp-json\/wp\/v2\/product_tag?post=17899"}],"curies":[{"name":"wp","href":"https:\/\/api.w.org\/{rel}","templated":true}]}}