{"id":17895,"date":"2025-04-17T10:03:58","date_gmt":"2025-04-17T07:03:58","guid":{"rendered":"https:\/\/skaitytaknyga.lt\/?post_type=product&#038;p=17895"},"modified":"2025-05-15T13:19:50","modified_gmt":"2025-05-15T10:19:50","slug":"mes-visi-kartais-suklumpame","status":"publish","type":"product","link":"https:\/\/skaitytaknyga.lt\/en\/produktas\/mes-visi-kartais-suklumpame\/","title":{"rendered":"Mes visi kartais suklumpame"},"content":{"rendered":"<p>Knygos turinys ne tik intriguoja skaitytoj\u0105. Tai puikus vadybos vadov\u0117lis medikams, geras pagalbininkas kiekvienam, sprend\u017eian\u010diam sveikatingumo problemas. Autori\u0173 mintys mums lyg ir \u017einomos iki skausmo, juolab kad problemas spr\u0119sti bandoma vis da\u017eniau ir vis globaliau. Kartais atrodo, kad Vakar\u0173 \u0161ali\u0173 medikai n\u0117ra patyr\u0119 nei nuoskaud\u0173, nei nusivylim\u0173. Deja, visi \u0117jo pana\u0161iais keliais. Praktikoje \u012fgyta patirtis, populiariai atskleid\u017eiama bestseleriais tapusiuose vadybos vadov\u0117liuose. K\u0105 gydytojas, slaugytoja, farmacininkas, vaist\u0173 k\u016br\u0117jas ar gamintojas padar\u0117 d\u0117l paties svarbiausiojo \u2013 \u017emoni\u0173 sveikatos, \u2013 tai klausimai kurie ir gvildenami knygoje.<\/p>\n<ul class=\"about-product d-none d-xl-block mt-4\">\n<li><strong>Autorius:<\/strong>\u00a0Julie Wright,\u00a0Russ King<\/li>\n<li><strong>Leid\u0117jas<\/strong>\u00a0\u201eDiemed\u017eio\u201c leidykla<\/li>\n<li><strong>Metai:<\/strong>\u00a02007<\/li>\n<li><strong>Puslapiai:<\/strong>\u00a0280<\/li>\n<li class=\"toggleable type-new-formats \"><strong>ISBN :\u00a0<\/strong>9789986231363<\/li>\n<li class=\"toggleable type-new-formats \"><strong>Formatas:<\/strong>\u00a015 x 22 cm, kieti vir\u0161eliai<\/li>\n<li><strong>Kalba:<\/strong>\u00a0Lietuvi\u0173<\/li>\n<\/ul>\n","protected":false},"excerpt":{"rendered":"<p>Knygos turinys ne tik intriguoja skaitytoj\u0105. Tai puikus vadybos vadov\u0117lis medikams, geras pagalbininkas kiekvienam, sprend\u017eian\u010diam sveikatingumo problemas. Autori\u0173 mintys mums lyg ir \u017einomos iki skausmo, juolab kad problemas spr\u0119sti bandoma vis da\u017eniau ir vis globaliau. Kartais atrodo, kad Vakar\u0173 \u0161ali\u0173 medikai n\u0117ra patyr\u0119 nei nuoskaud\u0173, nei nusivylim\u0173. Deja, visi \u0117jo pana\u0161iais keliais. Praktikoje \u012fgyta patirtis, populiariai atskleid\u017eiama bestseleriais tapusiuose vadybos vadov\u0117liuose. K\u0105 gydytojas, slaugytoja, farmacininkas, vaist\u0173 k\u016br\u0117jas ar gamintojas padar\u0117 d\u0117l paties svarbiausiojo \u2013 \u017emoni\u0173 sveikatos, \u2013 tai klausimai kurie ir gvildenami knygoje. Autorius:\u00a0Julie Wright,\u00a0Russ King Leid\u0117jas\u00a0\u201eDiemed\u017eio\u201c leidykla Metai:\u00a02007 Puslapiai:\u00a0280 ISBN :\u00a09789986231363 Formatas:\u00a015 x 22 cm, kieti vir\u0161eliai Kalba:\u00a0Lietuvi\u0173<\/p>\n","protected":false},"featured_media":17896,"comment_status":"closed","ping_status":"closed","template":"","meta":{"_acf_changed":false,"site-sidebar-layout":"default","site-content-layout":"","ast-site-content-layout":"default","site-content-style":"default","site-sidebar-style":"default","ast-global-header-display":"","ast-banner-title-visibility":"","ast-main-header-display":"","ast-hfb-above-header-display":"","ast-hfb-below-header-display":"","ast-hfb-mobile-header-display":"","site-post-title":"","ast-breadcrumbs-content":"","ast-featured-img":"","footer-sml-layout":"","ast-disable-related-posts":"","theme-transparent-header-meta":"default","adv-header-id-meta":"","stick-header-meta":"","header-above-stick-meta":"","header-main-stick-meta":"","header-below-stick-meta":"","astra-migrate-meta-layouts":"set","ast-page-background-enabled":"default","ast-page-background-meta":{"desktop":{"background-color":"","background-image":"","background-repeat":"repeat","background-position":"center center","background-size":"auto","background-attachment":"scroll","background-type":"","background-media":"","overlay-type":"","overlay-color":"","overlay-opacity":"","overlay-gradient":""},"tablet":{"background-color":"","background-image":"","background-repeat":"repeat","background-position":"center center","background-size":"auto","background-attachment":"scroll","background-type":"","background-media":"","overlay-type":"","overlay-color":"","overlay-opacity":"","overlay-gradient":""},"mobile":{"background-color":"","background-image":"","background-repeat":"repeat","background-position":"center center","background-size":"auto","background-attachment":"scroll","background-type":"","background-media":"","overlay-type":"","overlay-color":"","overlay-opacity":"","overlay-gradient":""}},"ast-content-background-meta":{"desktop":{"background-color":"var(--ast-global-color-4)","background-image":"","background-repeat":"repeat","background-position":"center center","background-size":"auto","background-attachment":"scroll","background-type":"","background-media":"","overlay-type":"","overlay-color":"","overlay-opacity":"","overlay-gradient":""},"tablet":{"background-color":"var(--ast-global-color-4)","background-image":"","background-repeat":"repeat","background-position":"center center","background-size":"auto","background-attachment":"scroll","background-type":"","background-media":"","overlay-type":"","overlay-color":"","overlay-opacity":"","overlay-gradient":""},"mobile":{"background-color":"var(--ast-global-color-4)","background-image":"","background-repeat":"repeat","background-position":"center center","background-size":"auto","background-attachment":"scroll","background-type":"","background-media":"","overlay-type":"","overlay-color":"","overlay-opacity":"","overlay-gradient":""}}},"product_brand":[],"product_cat":[31],"product_tag":[3298,3291,3293,3295,3296,3297,3292,1680,3294,2310],"class_list":{"0":"post-17895","1":"product","2":"type-product","3":"status-publish","4":"has-post-thumbnail","6":"product_cat-grozine-literatura","7":"product_tag-bestseleris","8":"product_tag-julie-wright","9":"product_tag-medikai","10":"product_tag-nuoskaudos","11":"product_tag-nusivylimai","12":"product_tag-patirtis","13":"product_tag-russ-king","14":"product_tag-sveikata","15":"product_tag-sveikatingumas","16":"product_tag-vadyba","17":"pa_leidimo-metai-777","18":"pa_virselis-minkstas","19":"desktop-align-left","20":"tablet-align-left","21":"mobile-align-left","23":"first","24":"instock","25":"shipping-taxable","26":"purchasable","27":"product-type-simple"},"acf":[],"yoast_head":"<!-- This site is optimized with the Yoast SEO plugin v27.0 - https:\/\/yoast.com\/product\/yoast-seo-wordpress\/ -->\n<title>Mes visi kartais suklumpame<\/title>\n<meta name=\"description\" content=\"Knygos turinys ne tik intriguoja skaitytoj\u0105. Tai puikus vadybos vadov\u0117lis medikams, geras pagalbininkas kiekvienam, sprend\u017eian\u010diam sveikatingumo\" \/>\n<meta name=\"robots\" content=\"index, follow, max-snippet:-1, max-image-preview:large, max-video-preview:-1\" \/>\n<link rel=\"canonical\" href=\"https:\/\/skaitytaknyga.lt\/en\/produktas\/mes-visi-kartais-suklumpame\/\" \/>\n<meta property=\"og:locale\" content=\"en_GB\" \/>\n<meta property=\"og:locale:alternate\" content=\"lt_LT\" \/>\n<meta property=\"og:type\" content=\"article\" \/>\n<meta property=\"og:title\" content=\"Mes visi kartais suklumpame\" \/>\n<meta property=\"og:description\" content=\"Knygos turinys ne tik intriguoja skaitytoj\u0105. Tai puikus vadybos vadov\u0117lis medikams, geras pagalbininkas kiekvienam, sprend\u017eian\u010diam sveikatingumo\" \/>\n<meta property=\"og:url\" content=\"https:\/\/skaitytaknyga.lt\/en\/produktas\/mes-visi-kartais-suklumpame\/\" \/>\n<meta property=\"og:site_name\" content=\"Skaitytaknyga\" \/>\n<meta property=\"article:publisher\" content=\"https:\/\/www.facebook.com\/skaitytaknyga\/\" \/>\n<meta property=\"article:modified_time\" content=\"2025-05-15T10:19:50+00:00\" \/>\n<meta property=\"og:image\" content=\"https:\/\/skaitytaknyga.lt\/wp-content\/uploads\/2025\/04\/Mes-visi-kartais-suklumpame.webp\" \/>\n\t<meta property=\"og:image:width\" content=\"404\" \/>\n\t<meta property=\"og:image:height\" content=\"575\" \/>\n\t<meta property=\"og:image:type\" content=\"image\/webp\" \/>\n<meta name=\"twitter:card\" content=\"summary_large_image\" \/>\n<meta name=\"twitter:label1\" content=\"Estimated reading time\" \/>\n\t<meta name=\"twitter:data1\" content=\"1 minute\" \/>\n<script type=\"application\/ld+json\" class=\"yoast-schema-graph\">{\"@context\":\"https:\/\/schema.org\",\"@graph\":[{\"@type\":\"WebPage\",\"@id\":\"https:\/\/skaitytaknyga.lt\/produktas\/mes-visi-kartais-suklumpame\/\",\"url\":\"https:\/\/skaitytaknyga.lt\/produktas\/mes-visi-kartais-suklumpame\/\",\"name\":\"Mes visi kartais suklumpame\",\"isPartOf\":{\"@id\":\"https:\/\/skaitytaknyga.lt\/#website\"},\"primaryImageOfPage\":{\"@id\":\"https:\/\/skaitytaknyga.lt\/produktas\/mes-visi-kartais-suklumpame\/#primaryimage\"},\"image\":{\"@id\":\"https:\/\/skaitytaknyga.lt\/produktas\/mes-visi-kartais-suklumpame\/#primaryimage\"},\"thumbnailUrl\":\"https:\/\/skaitytaknyga.lt\/wp-content\/uploads\/2025\/04\/Mes-visi-kartais-suklumpame.webp\",\"datePublished\":\"2025-04-17T07:03:58+00:00\",\"dateModified\":\"2025-05-15T10:19:50+00:00\",\"description\":\"Knygos turinys ne tik intriguoja skaitytoj\u0105. Tai puikus vadybos vadov\u0117lis medikams, geras pagalbininkas kiekvienam, sprend\u017eian\u010diam sveikatingumo\",\"breadcrumb\":{\"@id\":\"https:\/\/skaitytaknyga.lt\/produktas\/mes-visi-kartais-suklumpame\/#breadcrumb\"},\"inLanguage\":\"en-GB\",\"potentialAction\":[{\"@type\":\"ReadAction\",\"target\":[\"https:\/\/skaitytaknyga.lt\/produktas\/mes-visi-kartais-suklumpame\/\"]}]},{\"@type\":\"ImageObject\",\"inLanguage\":\"en-GB\",\"@id\":\"https:\/\/skaitytaknyga.lt\/produktas\/mes-visi-kartais-suklumpame\/#primaryimage\",\"url\":\"https:\/\/skaitytaknyga.lt\/wp-content\/uploads\/2025\/04\/Mes-visi-kartais-suklumpame.webp\",\"contentUrl\":\"https:\/\/skaitytaknyga.lt\/wp-content\/uploads\/2025\/04\/Mes-visi-kartais-suklumpame.webp\",\"width\":404,\"height\":575,\"caption\":\"Mes visi kartais suklumpame\"},{\"@type\":\"BreadcrumbList\",\"@id\":\"https:\/\/skaitytaknyga.lt\/produktas\/mes-visi-kartais-suklumpame\/#breadcrumb\",\"itemListElement\":[{\"@type\":\"ListItem\",\"position\":1,\"name\":\"Home\",\"item\":\"https:\/\/skaitytaknyga.lt\/\"},{\"@type\":\"ListItem\",\"position\":2,\"name\":\"Parduotuv\u0117\",\"item\":\"https:\/\/skaitytaknyga.lt\/knygu-parduotuve\/\"},{\"@type\":\"ListItem\",\"position\":3,\"name\":\"Mes visi kartais suklumpame\"}]},{\"@type\":\"WebSite\",\"@id\":\"https:\/\/skaitytaknyga.lt\/#website\",\"url\":\"https:\/\/skaitytaknyga.lt\/\",\"name\":\"skaitytaknyga.lt\",\"description\":\"Skaitytaknyga.lt \u2013 tai ma\u017eas \u0161eimos verslas, kuris prasid\u0117jo nuo meil\u0117s knygoms ir siekio i\u0161gelb\u0117ti knygas nuo likimo prie konteinerio. Kas vienam nereikalingas daiktas \u2013 kitam lobis, o mes esame tarpininkai, kurie padeda abiems tapti laimingesniems ???? \u017dinome kaip nelengva i\u0161gyventi ma\u017eiems verslams, tad nuo \u0161iol, \u010dia rasite ir kit\u0173, ma\u017e\u0173 \u0161eim\u0173 versl\u0173, rank\u0173 darbo, dovan\u0173 sau ir artimiesiems.\",\"publisher\":{\"@id\":\"https:\/\/skaitytaknyga.lt\/#organization\"},\"potentialAction\":[{\"@type\":\"SearchAction\",\"target\":{\"@type\":\"EntryPoint\",\"urlTemplate\":\"https:\/\/skaitytaknyga.lt\/?s={search_term_string}\"},\"query-input\":{\"@type\":\"PropertyValueSpecification\",\"valueRequired\":true,\"valueName\":\"search_term_string\"}}],\"inLanguage\":\"en-GB\"},{\"@type\":\"Organization\",\"@id\":\"https:\/\/skaitytaknyga.lt\/#organization\",\"name\":\"skaitytaknyga.lt\",\"url\":\"https:\/\/skaitytaknyga.lt\/\",\"logo\":{\"@type\":\"ImageObject\",\"inLanguage\":\"en-GB\",\"@id\":\"https:\/\/skaitytaknyga.lt\/#\/schema\/logo\/image\/\",\"url\":\"https:\/\/skaitytaknyga.lt\/wp-content\/uploads\/2024\/05\/cropped-cropped-cropped-02_00843_jt3bggkj1j3HLc7SyY6rEUpg.jpeg\",\"contentUrl\":\"https:\/\/skaitytaknyga.lt\/wp-content\/uploads\/2024\/05\/cropped-cropped-cropped-02_00843_jt3bggkj1j3HLc7SyY6rEUpg.jpeg\",\"width\":1600,\"height\":1600,\"caption\":\"skaitytaknyga.lt\"},\"image\":{\"@id\":\"https:\/\/skaitytaknyga.lt\/#\/schema\/logo\/image\/\"},\"sameAs\":[\"https:\/\/www.facebook.com\/skaitytaknyga\/\"]}]}<\/script>\n<!-- \/ Yoast SEO plugin. -->","yoast_head_json":{"title":"Mes visi kartais suklumpame","description":"Knygos turinys ne tik intriguoja skaitytoj\u0105. Tai puikus vadybos vadov\u0117lis medikams, geras pagalbininkas kiekvienam, sprend\u017eian\u010diam sveikatingumo","robots":{"index":"index","follow":"follow","max-snippet":"max-snippet:-1","max-image-preview":"max-image-preview:large","max-video-preview":"max-video-preview:-1"},"canonical":"https:\/\/skaitytaknyga.lt\/en\/produktas\/mes-visi-kartais-suklumpame\/","og_locale":"en_GB","og_type":"article","og_title":"[:lt]Mes visi kartais suklumpame[:] - Skaitytaknyga","og_description":"Knygos turinys ne tik intriguoja skaitytoj\u0105. Tai puikus vadybos vadov\u0117lis medikams, geras pagalbininkas kiekvienam, sprend\u017eian\u010diam sveikatingumo","og_url":"https:\/\/skaitytaknyga.lt\/en\/produktas\/mes-visi-kartais-suklumpame\/","og_site_name":"Skaitytaknyga","article_publisher":"https:\/\/www.facebook.com\/skaitytaknyga\/","article_modified_time":"2025-05-15T10:19:50+00:00","og_image":[{"width":404,"height":575,"url":"https:\/\/skaitytaknyga.lt\/wp-content\/uploads\/2025\/04\/Mes-visi-kartais-suklumpame.webp","type":"image\/webp"}],"twitter_card":"summary_large_image","twitter_misc":{"Estimated reading time":"1 minute"},"schema":{"@context":"https:\/\/schema.org","@graph":[{"@type":"WebPage","@id":"https:\/\/skaitytaknyga.lt\/produktas\/mes-visi-kartais-suklumpame\/","url":"https:\/\/skaitytaknyga.lt\/produktas\/mes-visi-kartais-suklumpame\/","name":"Mes visi kartais suklumpame","isPartOf":{"@id":"https:\/\/skaitytaknyga.lt\/#website"},"primaryImageOfPage":{"@id":"https:\/\/skaitytaknyga.lt\/produktas\/mes-visi-kartais-suklumpame\/#primaryimage"},"image":{"@id":"https:\/\/skaitytaknyga.lt\/produktas\/mes-visi-kartais-suklumpame\/#primaryimage"},"thumbnailUrl":"https:\/\/skaitytaknyga.lt\/wp-content\/uploads\/2025\/04\/Mes-visi-kartais-suklumpame.webp","datePublished":"2025-04-17T07:03:58+00:00","dateModified":"2025-05-15T10:19:50+00:00","description":"Knygos turinys ne tik intriguoja skaitytoj\u0105. Tai puikus vadybos vadov\u0117lis medikams, geras pagalbininkas kiekvienam, sprend\u017eian\u010diam sveikatingumo","breadcrumb":{"@id":"https:\/\/skaitytaknyga.lt\/produktas\/mes-visi-kartais-suklumpame\/#breadcrumb"},"inLanguage":"en-GB","potentialAction":[{"@type":"ReadAction","target":["https:\/\/skaitytaknyga.lt\/produktas\/mes-visi-kartais-suklumpame\/"]}]},{"@type":"ImageObject","inLanguage":"en-GB","@id":"https:\/\/skaitytaknyga.lt\/produktas\/mes-visi-kartais-suklumpame\/#primaryimage","url":"https:\/\/skaitytaknyga.lt\/wp-content\/uploads\/2025\/04\/Mes-visi-kartais-suklumpame.webp","contentUrl":"https:\/\/skaitytaknyga.lt\/wp-content\/uploads\/2025\/04\/Mes-visi-kartais-suklumpame.webp","width":404,"height":575,"caption":"Mes visi kartais suklumpame"},{"@type":"BreadcrumbList","@id":"https:\/\/skaitytaknyga.lt\/produktas\/mes-visi-kartais-suklumpame\/#breadcrumb","itemListElement":[{"@type":"ListItem","position":1,"name":"Home","item":"https:\/\/skaitytaknyga.lt\/"},{"@type":"ListItem","position":2,"name":"Parduotuv\u0117","item":"https:\/\/skaitytaknyga.lt\/knygu-parduotuve\/"},{"@type":"ListItem","position":3,"name":"Mes visi kartais suklumpame"}]},{"@type":"WebSite","@id":"https:\/\/skaitytaknyga.lt\/#website","url":"https:\/\/skaitytaknyga.lt\/","name":"skaitytaknyga.lt","description":"Skaitytaknyga.lt \u2013 tai ma\u017eas \u0161eimos verslas, kuris prasid\u0117jo nuo meil\u0117s knygoms ir siekio i\u0161gelb\u0117ti knygas nuo likimo prie konteinerio. Kas vienam nereikalingas daiktas \u2013 kitam lobis, o mes esame tarpininkai, kurie padeda abiems tapti laimingesniems ???? \u017dinome kaip nelengva i\u0161gyventi ma\u017eiems verslams, tad nuo \u0161iol, \u010dia rasite ir kit\u0173, ma\u017e\u0173 \u0161eim\u0173 versl\u0173, rank\u0173 darbo, dovan\u0173 sau ir artimiesiems.","publisher":{"@id":"https:\/\/skaitytaknyga.lt\/#organization"},"potentialAction":[{"@type":"SearchAction","target":{"@type":"EntryPoint","urlTemplate":"https:\/\/skaitytaknyga.lt\/?s={search_term_string}"},"query-input":{"@type":"PropertyValueSpecification","valueRequired":true,"valueName":"search_term_string"}}],"inLanguage":"en-GB"},{"@type":"Organization","@id":"https:\/\/skaitytaknyga.lt\/#organization","name":"skaitytaknyga.lt","url":"https:\/\/skaitytaknyga.lt\/","logo":{"@type":"ImageObject","inLanguage":"en-GB","@id":"https:\/\/skaitytaknyga.lt\/#\/schema\/logo\/image\/","url":"https:\/\/skaitytaknyga.lt\/wp-content\/uploads\/2024\/05\/cropped-cropped-cropped-02_00843_jt3bggkj1j3HLc7SyY6rEUpg.jpeg","contentUrl":"https:\/\/skaitytaknyga.lt\/wp-content\/uploads\/2024\/05\/cropped-cropped-cropped-02_00843_jt3bggkj1j3HLc7SyY6rEUpg.jpeg","width":1600,"height":1600,"caption":"skaitytaknyga.lt"},"image":{"@id":"https:\/\/skaitytaknyga.lt\/#\/schema\/logo\/image\/"},"sameAs":["https:\/\/www.facebook.com\/skaitytaknyga\/"]}]}},"_links":{"self":[{"href":"https:\/\/skaitytaknyga.lt\/en\/wp-json\/wp\/v2\/product\/17895","targetHints":{"allow":["GET"]}}],"collection":[{"href":"https:\/\/skaitytaknyga.lt\/en\/wp-json\/wp\/v2\/product"}],"about":[{"href":"https:\/\/skaitytaknyga.lt\/en\/wp-json\/wp\/v2\/types\/product"}],"replies":[{"embeddable":true,"href":"https:\/\/skaitytaknyga.lt\/en\/wp-json\/wp\/v2\/comments?post=17895"}],"wp:featuredmedia":[{"embeddable":true,"href":"https:\/\/skaitytaknyga.lt\/en\/wp-json\/wp\/v2\/media\/17896"}],"wp:attachment":[{"href":"https:\/\/skaitytaknyga.lt\/en\/wp-json\/wp\/v2\/media?parent=17895"}],"wp:term":[{"taxonomy":"product_brand","embeddable":true,"href":"https:\/\/skaitytaknyga.lt\/en\/wp-json\/wp\/v2\/product_brand?post=17895"},{"taxonomy":"product_cat","embeddable":true,"href":"https:\/\/skaitytaknyga.lt\/en\/wp-json\/wp\/v2\/product_cat?post=17895"},{"taxonomy":"product_tag","embeddable":true,"href":"https:\/\/skaitytaknyga.lt\/en\/wp-json\/wp\/v2\/product_tag?post=17895"}],"curies":[{"name":"wp","href":"https:\/\/api.w.org\/{rel}","templated":true}]}}