{"id":17889,"date":"2025-04-17T09:53:17","date_gmt":"2025-04-17T06:53:17","guid":{"rendered":"https:\/\/skaitytaknyga.lt\/?post_type=product&#038;p=17889"},"modified":"2025-05-15T13:19:50","modified_gmt":"2025-05-15T10:19:50","slug":"bruce-lee-stulbinancios-mintys","status":"publish","type":"product","link":"https:\/\/skaitytaknyga.lt\/en\/produktas\/bruce-lee-stulbinancios-mintys\/","title":{"rendered":"Bruce Lee: Stulbinan\u010dios mintys"},"content":{"rendered":"<p>XX a. legenda Bruce Lee per neilg\u0105 savo gyvenim\u0105 pakeit\u0117 kovos menus, Azijos ir Amerikos kin\u0105, galyb\u0117s mokini\u0173 ir savo talento gerb\u0117j\u0173 pasaul\u012f. Ir tas poveikis nebuvo laikinas \u2013 Bruce Lee iki \u0161iol \u012fkv\u0117pia ir jaudina skirtingus visuomen\u0117s sluoksnius. Susidom\u0117jimas \u0161ia kultine asmenybe nuolat auga, dauguma j\u012f laiko \u0161iuolaikiniu filosofu ir net prana\u0161u, nes jo \u017eod\u017eiai padeda atrasti n\u016bdienos problem\u0173 sprendimus. Jis laikomas disciplinos, j\u0117gos ir i\u0161minties pavyzd\u017eiu.<\/p>\n<p>Knyga \u201eBruce Lee: Stulbinan\u010dios mintys&#8221; skirta laisvos valios \u017emon\u0117ms, kurie patys kuria savo gyvenim\u0105 ir nesivadovauja per\u0161amais po\u017ei\u016briais ar patarimais. Knyg\u0105 sudaro 825 \u201estulbinan\u010dios mintys\u201c tiems, kurie ie\u0161ko tikrojo kelio, bet dar nesurado jo tarp banalybi\u0173 ar dogm\u0173. Jei ken\u010diate, patiriate dvasini\u0173 problem\u0173, nerimaujate ar jaudinat\u0117s, Bruce Lee \u017eod\u017eiuose aptiksite \u012f\u017evalg\u0173, kurios sustiprins ir nuramins j\u016bs\u0173 sudirgusi\u0105 siel\u0105.<\/p>\n<ul class=\"about-product d-none d-xl-block mt-4\">\n<li><strong>Autorius:<\/strong>\u00a0Bruce Lee<\/li>\n<li><strong>Leid\u0117jas<\/strong>\u00a0Obuolys<\/li>\n<li><strong>Metai:<\/strong>\u00a02010<\/li>\n<li><strong>Puslapiai:<\/strong>\u00a0256<\/li>\n<li class=\"toggleable type-new-formats \"><strong>ISBN :\u00a0<\/strong>9786094031038<\/li>\n<li class=\"toggleable type-new-formats \"><strong>Formatas:<\/strong>\u00a014 x 21 cm, mink\u0161ti vir\u0161eliai<\/li>\n<li><strong>Kalba:<\/strong>\u00a0Lietuvi\u0173<\/li>\n<li><strong>Vert\u0117jas:<\/strong>\u00a0Andrius Puksas<\/li>\n<li><strong>Knyg\u0173 serija:<\/strong>\u00a0Guru<\/li>\n<\/ul>\n","protected":false},"excerpt":{"rendered":"<p>XX a. legenda Bruce Lee per neilg\u0105 savo gyvenim\u0105 pakeit\u0117 kovos menus, Azijos ir Amerikos kin\u0105, galyb\u0117s mokini\u0173 ir savo talento gerb\u0117j\u0173 pasaul\u012f. Ir tas poveikis nebuvo laikinas \u2013 Bruce Lee iki \u0161iol \u012fkv\u0117pia ir jaudina skirtingus visuomen\u0117s sluoksnius. Susidom\u0117jimas \u0161ia kultine asmenybe nuolat auga, dauguma j\u012f laiko \u0161iuolaikiniu filosofu ir net prana\u0161u, nes jo \u017eod\u017eiai padeda atrasti n\u016bdienos problem\u0173 sprendimus. Jis laikomas disciplinos, j\u0117gos ir i\u0161minties pavyzd\u017eiu. Knyga \u201eBruce Lee: Stulbinan\u010dios mintys&#8221; skirta laisvos valios \u017emon\u0117ms, kurie patys kuria savo gyvenim\u0105 ir nesivadovauja per\u0161amais po\u017ei\u016briais ar patarimais. Knyg\u0105 sudaro 825 \u201estulbinan\u010dios mintys\u201c tiems, kurie ie\u0161ko tikrojo kelio, bet dar nesurado jo tarp banalybi\u0173 ar dogm\u0173. Jei ken\u010diate, patiriate dvasini\u0173 problem\u0173, nerimaujate ar jaudinat\u0117s, Bruce Lee \u017eod\u017eiuose aptiksite \u012f\u017evalg\u0173, kurios sustiprins ir nuramins j\u016bs\u0173 sudirgusi\u0105 siel\u0105. Autorius:\u00a0Bruce Lee Leid\u0117jas\u00a0Obuolys Metai:\u00a02010 Puslapiai:\u00a0256 ISBN :\u00a09786094031038 Formatas:\u00a014 x 21 cm, mink\u0161ti vir\u0161eliai Kalba:\u00a0Lietuvi\u0173 Vert\u0117jas:\u00a0Andrius Puksas Knyg\u0173 serija:\u00a0Guru<\/p>\n","protected":false},"featured_media":17890,"comment_status":"closed","ping_status":"closed","template":"","meta":{"_acf_changed":false,"site-sidebar-layout":"default","site-content-layout":"","ast-site-content-layout":"default","site-content-style":"default","site-sidebar-style":"default","ast-global-header-display":"","ast-banner-title-visibility":"","ast-main-header-display":"","ast-hfb-above-header-display":"","ast-hfb-below-header-display":"","ast-hfb-mobile-header-display":"","site-post-title":"","ast-breadcrumbs-content":"","ast-featured-img":"","footer-sml-layout":"","ast-disable-related-posts":"","theme-transparent-header-meta":"default","adv-header-id-meta":"","stick-header-meta":"","header-above-stick-meta":"","header-main-stick-meta":"","header-below-stick-meta":"","astra-migrate-meta-layouts":"set","ast-page-background-enabled":"default","ast-page-background-meta":{"desktop":{"background-color":"","background-image":"","background-repeat":"repeat","background-position":"center center","background-size":"auto","background-attachment":"scroll","background-type":"","background-media":"","overlay-type":"","overlay-color":"","overlay-opacity":"","overlay-gradient":""},"tablet":{"background-color":"","background-image":"","background-repeat":"repeat","background-position":"center center","background-size":"auto","background-attachment":"scroll","background-type":"","background-media":"","overlay-type":"","overlay-color":"","overlay-opacity":"","overlay-gradient":""},"mobile":{"background-color":"","background-image":"","background-repeat":"repeat","background-position":"center center","background-size":"auto","background-attachment":"scroll","background-type":"","background-media":"","overlay-type":"","overlay-color":"","overlay-opacity":"","overlay-gradient":""}},"ast-content-background-meta":{"desktop":{"background-color":"var(--ast-global-color-4)","background-image":"","background-repeat":"repeat","background-position":"center center","background-size":"auto","background-attachment":"scroll","background-type":"","background-media":"","overlay-type":"","overlay-color":"","overlay-opacity":"","overlay-gradient":""},"tablet":{"background-color":"var(--ast-global-color-4)","background-image":"","background-repeat":"repeat","background-position":"center center","background-size":"auto","background-attachment":"scroll","background-type":"","background-media":"","overlay-type":"","overlay-color":"","overlay-opacity":"","overlay-gradient":""},"mobile":{"background-color":"var(--ast-global-color-4)","background-image":"","background-repeat":"repeat","background-position":"center center","background-size":"auto","background-attachment":"scroll","background-type":"","background-media":"","overlay-type":"","overlay-color":"","overlay-opacity":"","overlay-gradient":""}}},"product_brand":[],"product_cat":[30],"product_tag":[3258,3257,3255,3254,3264,3262,1467,3261,2826,3263,3265,3256,3259,3260],"class_list":{"0":"post-17889","1":"product","2":"type-product","3":"status-publish","4":"has-post-thumbnail","6":"product_cat-psichologija-ir-saviugda","7":"product_tag-amerika","8":"product_tag-azijos-kinas","9":"product_tag-bruce-lee-stulbinancios-mintys","10":"product_tag-bruce-lee","11":"product_tag-discipline","12":"product_tag-dvasines-problemos","13":"product_tag-filosofija","14":"product_tag-gyvenimo-kelias","15":"product_tag-ismintis","16":"product_tag-izvalgos","17":"product_tag-jega","18":"product_tag-kova","19":"product_tag-pranasas","20":"product_tag-zodziai","21":"desktop-align-left","22":"tablet-align-left","23":"mobile-align-left","25":"first","26":"outofstock","27":"shipping-taxable","28":"purchasable","29":"product-type-simple"},"acf":[],"yoast_head":"<!-- This site is optimized with the Yoast SEO plugin v27.0 - https:\/\/yoast.com\/product\/yoast-seo-wordpress\/ -->\n<title>Bruce Lee: Stulbinan\u010dios mintys<\/title>\n<meta name=\"description\" content=\"XX a. legenda Bruce Lee per neilg\u0105 savo gyvenim\u0105 pakeit\u0117 kovos menus, Azijos ir Amerikos kin\u0105, galyb\u0117s mokini\u0173 ir savo talento gerb\u0117j\u0173 pasaul\u012f. Ir tas\" \/>\n<meta name=\"robots\" content=\"index, follow, max-snippet:-1, max-image-preview:large, max-video-preview:-1\" \/>\n<link rel=\"canonical\" href=\"https:\/\/skaitytaknyga.lt\/en\/produktas\/bruce-lee-stulbinancios-mintys\/\" \/>\n<meta property=\"og:locale\" content=\"en_GB\" \/>\n<meta property=\"og:locale:alternate\" content=\"lt_LT\" \/>\n<meta property=\"og:type\" content=\"article\" \/>\n<meta property=\"og:title\" content=\"Bruce Lee: Stulbinan\u010dios mintys\" \/>\n<meta property=\"og:description\" content=\"XX a. legenda Bruce Lee per neilg\u0105 savo gyvenim\u0105 pakeit\u0117 kovos menus, Azijos ir Amerikos kin\u0105, galyb\u0117s mokini\u0173 ir savo talento gerb\u0117j\u0173 pasaul\u012f. Ir tas\" \/>\n<meta property=\"og:url\" content=\"https:\/\/skaitytaknyga.lt\/en\/produktas\/bruce-lee-stulbinancios-mintys\/\" \/>\n<meta property=\"og:site_name\" content=\"Skaitytaknyga\" \/>\n<meta property=\"article:publisher\" content=\"https:\/\/www.facebook.com\/skaitytaknyga\/\" \/>\n<meta property=\"article:modified_time\" content=\"2025-05-15T10:19:50+00:00\" \/>\n<meta property=\"og:image\" content=\"https:\/\/skaitytaknyga.lt\/wp-content\/uploads\/2025\/04\/Bruce-Lee-Stulbinancios-mintys.webp\" \/>\n\t<meta property=\"og:image:width\" content=\"359\" \/>\n\t<meta property=\"og:image:height\" content=\"575\" \/>\n\t<meta property=\"og:image:type\" content=\"image\/webp\" \/>\n<meta name=\"twitter:card\" content=\"summary_large_image\" \/>\n<meta name=\"twitter:label1\" content=\"Estimated reading time\" \/>\n\t<meta name=\"twitter:data1\" content=\"2 minutes\" \/>\n<script type=\"application\/ld+json\" class=\"yoast-schema-graph\">{\"@context\":\"https:\/\/schema.org\",\"@graph\":[{\"@type\":\"WebPage\",\"@id\":\"https:\/\/skaitytaknyga.lt\/produktas\/bruce-lee-stulbinancios-mintys\/\",\"url\":\"https:\/\/skaitytaknyga.lt\/produktas\/bruce-lee-stulbinancios-mintys\/\",\"name\":\"Bruce Lee: Stulbinan\u010dios mintys\",\"isPartOf\":{\"@id\":\"https:\/\/skaitytaknyga.lt\/#website\"},\"primaryImageOfPage\":{\"@id\":\"https:\/\/skaitytaknyga.lt\/produktas\/bruce-lee-stulbinancios-mintys\/#primaryimage\"},\"image\":{\"@id\":\"https:\/\/skaitytaknyga.lt\/produktas\/bruce-lee-stulbinancios-mintys\/#primaryimage\"},\"thumbnailUrl\":\"https:\/\/skaitytaknyga.lt\/wp-content\/uploads\/2025\/04\/Bruce-Lee-Stulbinancios-mintys.webp\",\"datePublished\":\"2025-04-17T06:53:17+00:00\",\"dateModified\":\"2025-05-15T10:19:50+00:00\",\"description\":\"XX a. legenda Bruce Lee per neilg\u0105 savo gyvenim\u0105 pakeit\u0117 kovos menus, Azijos ir Amerikos kin\u0105, galyb\u0117s mokini\u0173 ir savo talento gerb\u0117j\u0173 pasaul\u012f. Ir tas\",\"breadcrumb\":{\"@id\":\"https:\/\/skaitytaknyga.lt\/produktas\/bruce-lee-stulbinancios-mintys\/#breadcrumb\"},\"inLanguage\":\"en-GB\",\"potentialAction\":[{\"@type\":\"ReadAction\",\"target\":[\"https:\/\/skaitytaknyga.lt\/produktas\/bruce-lee-stulbinancios-mintys\/\"]}]},{\"@type\":\"ImageObject\",\"inLanguage\":\"en-GB\",\"@id\":\"https:\/\/skaitytaknyga.lt\/produktas\/bruce-lee-stulbinancios-mintys\/#primaryimage\",\"url\":\"https:\/\/skaitytaknyga.lt\/wp-content\/uploads\/2025\/04\/Bruce-Lee-Stulbinancios-mintys.webp\",\"contentUrl\":\"https:\/\/skaitytaknyga.lt\/wp-content\/uploads\/2025\/04\/Bruce-Lee-Stulbinancios-mintys.webp\",\"width\":359,\"height\":575,\"caption\":\"Bruce Lee: Stulbinan\u010dios mintys\"},{\"@type\":\"BreadcrumbList\",\"@id\":\"https:\/\/skaitytaknyga.lt\/produktas\/bruce-lee-stulbinancios-mintys\/#breadcrumb\",\"itemListElement\":[{\"@type\":\"ListItem\",\"position\":1,\"name\":\"Home\",\"item\":\"https:\/\/skaitytaknyga.lt\/\"},{\"@type\":\"ListItem\",\"position\":2,\"name\":\"Parduotuv\u0117\",\"item\":\"https:\/\/skaitytaknyga.lt\/knygu-parduotuve\/\"},{\"@type\":\"ListItem\",\"position\":3,\"name\":\"Bruce Lee: Stulbinan\u010dios mintys\"}]},{\"@type\":\"WebSite\",\"@id\":\"https:\/\/skaitytaknyga.lt\/#website\",\"url\":\"https:\/\/skaitytaknyga.lt\/\",\"name\":\"skaitytaknyga.lt\",\"description\":\"Skaitytaknyga.lt \u2013 tai ma\u017eas \u0161eimos verslas, kuris prasid\u0117jo nuo meil\u0117s knygoms ir siekio i\u0161gelb\u0117ti knygas nuo likimo prie konteinerio. Kas vienam nereikalingas daiktas \u2013 kitam lobis, o mes esame tarpininkai, kurie padeda abiems tapti laimingesniems ???? \u017dinome kaip nelengva i\u0161gyventi ma\u017eiems verslams, tad nuo \u0161iol, \u010dia rasite ir kit\u0173, ma\u017e\u0173 \u0161eim\u0173 versl\u0173, rank\u0173 darbo, dovan\u0173 sau ir artimiesiems.\",\"publisher\":{\"@id\":\"https:\/\/skaitytaknyga.lt\/#organization\"},\"potentialAction\":[{\"@type\":\"SearchAction\",\"target\":{\"@type\":\"EntryPoint\",\"urlTemplate\":\"https:\/\/skaitytaknyga.lt\/?s={search_term_string}\"},\"query-input\":{\"@type\":\"PropertyValueSpecification\",\"valueRequired\":true,\"valueName\":\"search_term_string\"}}],\"inLanguage\":\"en-GB\"},{\"@type\":\"Organization\",\"@id\":\"https:\/\/skaitytaknyga.lt\/#organization\",\"name\":\"skaitytaknyga.lt\",\"url\":\"https:\/\/skaitytaknyga.lt\/\",\"logo\":{\"@type\":\"ImageObject\",\"inLanguage\":\"en-GB\",\"@id\":\"https:\/\/skaitytaknyga.lt\/#\/schema\/logo\/image\/\",\"url\":\"https:\/\/skaitytaknyga.lt\/wp-content\/uploads\/2024\/05\/cropped-cropped-cropped-02_00843_jt3bggkj1j3HLc7SyY6rEUpg.jpeg\",\"contentUrl\":\"https:\/\/skaitytaknyga.lt\/wp-content\/uploads\/2024\/05\/cropped-cropped-cropped-02_00843_jt3bggkj1j3HLc7SyY6rEUpg.jpeg\",\"width\":1600,\"height\":1600,\"caption\":\"skaitytaknyga.lt\"},\"image\":{\"@id\":\"https:\/\/skaitytaknyga.lt\/#\/schema\/logo\/image\/\"},\"sameAs\":[\"https:\/\/www.facebook.com\/skaitytaknyga\/\"]}]}<\/script>\n<!-- \/ Yoast SEO plugin. -->","yoast_head_json":{"title":"Bruce Lee: Stulbinan\u010dios mintys","description":"XX a. legenda Bruce Lee per neilg\u0105 savo gyvenim\u0105 pakeit\u0117 kovos menus, Azijos ir Amerikos kin\u0105, galyb\u0117s mokini\u0173 ir savo talento gerb\u0117j\u0173 pasaul\u012f. Ir tas","robots":{"index":"index","follow":"follow","max-snippet":"max-snippet:-1","max-image-preview":"max-image-preview:large","max-video-preview":"max-video-preview:-1"},"canonical":"https:\/\/skaitytaknyga.lt\/en\/produktas\/bruce-lee-stulbinancios-mintys\/","og_locale":"en_GB","og_type":"article","og_title":"[:lt]Bruce Lee: Stulbinan\u010dios mintys[:] - Skaitytaknyga","og_description":"XX a. legenda Bruce Lee per neilg\u0105 savo gyvenim\u0105 pakeit\u0117 kovos menus, Azijos ir Amerikos kin\u0105, galyb\u0117s mokini\u0173 ir savo talento gerb\u0117j\u0173 pasaul\u012f. Ir tas","og_url":"https:\/\/skaitytaknyga.lt\/en\/produktas\/bruce-lee-stulbinancios-mintys\/","og_site_name":"Skaitytaknyga","article_publisher":"https:\/\/www.facebook.com\/skaitytaknyga\/","article_modified_time":"2025-05-15T10:19:50+00:00","og_image":[{"width":359,"height":575,"url":"https:\/\/skaitytaknyga.lt\/wp-content\/uploads\/2025\/04\/Bruce-Lee-Stulbinancios-mintys.webp","type":"image\/webp"}],"twitter_card":"summary_large_image","twitter_misc":{"Estimated reading time":"2 minutes"},"schema":{"@context":"https:\/\/schema.org","@graph":[{"@type":"WebPage","@id":"https:\/\/skaitytaknyga.lt\/produktas\/bruce-lee-stulbinancios-mintys\/","url":"https:\/\/skaitytaknyga.lt\/produktas\/bruce-lee-stulbinancios-mintys\/","name":"Bruce Lee: Stulbinan\u010dios mintys","isPartOf":{"@id":"https:\/\/skaitytaknyga.lt\/#website"},"primaryImageOfPage":{"@id":"https:\/\/skaitytaknyga.lt\/produktas\/bruce-lee-stulbinancios-mintys\/#primaryimage"},"image":{"@id":"https:\/\/skaitytaknyga.lt\/produktas\/bruce-lee-stulbinancios-mintys\/#primaryimage"},"thumbnailUrl":"https:\/\/skaitytaknyga.lt\/wp-content\/uploads\/2025\/04\/Bruce-Lee-Stulbinancios-mintys.webp","datePublished":"2025-04-17T06:53:17+00:00","dateModified":"2025-05-15T10:19:50+00:00","description":"XX a. legenda Bruce Lee per neilg\u0105 savo gyvenim\u0105 pakeit\u0117 kovos menus, Azijos ir Amerikos kin\u0105, galyb\u0117s mokini\u0173 ir savo talento gerb\u0117j\u0173 pasaul\u012f. Ir tas","breadcrumb":{"@id":"https:\/\/skaitytaknyga.lt\/produktas\/bruce-lee-stulbinancios-mintys\/#breadcrumb"},"inLanguage":"en-GB","potentialAction":[{"@type":"ReadAction","target":["https:\/\/skaitytaknyga.lt\/produktas\/bruce-lee-stulbinancios-mintys\/"]}]},{"@type":"ImageObject","inLanguage":"en-GB","@id":"https:\/\/skaitytaknyga.lt\/produktas\/bruce-lee-stulbinancios-mintys\/#primaryimage","url":"https:\/\/skaitytaknyga.lt\/wp-content\/uploads\/2025\/04\/Bruce-Lee-Stulbinancios-mintys.webp","contentUrl":"https:\/\/skaitytaknyga.lt\/wp-content\/uploads\/2025\/04\/Bruce-Lee-Stulbinancios-mintys.webp","width":359,"height":575,"caption":"Bruce Lee: Stulbinan\u010dios mintys"},{"@type":"BreadcrumbList","@id":"https:\/\/skaitytaknyga.lt\/produktas\/bruce-lee-stulbinancios-mintys\/#breadcrumb","itemListElement":[{"@type":"ListItem","position":1,"name":"Home","item":"https:\/\/skaitytaknyga.lt\/"},{"@type":"ListItem","position":2,"name":"Parduotuv\u0117","item":"https:\/\/skaitytaknyga.lt\/knygu-parduotuve\/"},{"@type":"ListItem","position":3,"name":"Bruce Lee: Stulbinan\u010dios mintys"}]},{"@type":"WebSite","@id":"https:\/\/skaitytaknyga.lt\/#website","url":"https:\/\/skaitytaknyga.lt\/","name":"skaitytaknyga.lt","description":"Skaitytaknyga.lt \u2013 tai ma\u017eas \u0161eimos verslas, kuris prasid\u0117jo nuo meil\u0117s knygoms ir siekio i\u0161gelb\u0117ti knygas nuo likimo prie konteinerio. Kas vienam nereikalingas daiktas \u2013 kitam lobis, o mes esame tarpininkai, kurie padeda abiems tapti laimingesniems ???? \u017dinome kaip nelengva i\u0161gyventi ma\u017eiems verslams, tad nuo \u0161iol, \u010dia rasite ir kit\u0173, ma\u017e\u0173 \u0161eim\u0173 versl\u0173, rank\u0173 darbo, dovan\u0173 sau ir artimiesiems.","publisher":{"@id":"https:\/\/skaitytaknyga.lt\/#organization"},"potentialAction":[{"@type":"SearchAction","target":{"@type":"EntryPoint","urlTemplate":"https:\/\/skaitytaknyga.lt\/?s={search_term_string}"},"query-input":{"@type":"PropertyValueSpecification","valueRequired":true,"valueName":"search_term_string"}}],"inLanguage":"en-GB"},{"@type":"Organization","@id":"https:\/\/skaitytaknyga.lt\/#organization","name":"skaitytaknyga.lt","url":"https:\/\/skaitytaknyga.lt\/","logo":{"@type":"ImageObject","inLanguage":"en-GB","@id":"https:\/\/skaitytaknyga.lt\/#\/schema\/logo\/image\/","url":"https:\/\/skaitytaknyga.lt\/wp-content\/uploads\/2024\/05\/cropped-cropped-cropped-02_00843_jt3bggkj1j3HLc7SyY6rEUpg.jpeg","contentUrl":"https:\/\/skaitytaknyga.lt\/wp-content\/uploads\/2024\/05\/cropped-cropped-cropped-02_00843_jt3bggkj1j3HLc7SyY6rEUpg.jpeg","width":1600,"height":1600,"caption":"skaitytaknyga.lt"},"image":{"@id":"https:\/\/skaitytaknyga.lt\/#\/schema\/logo\/image\/"},"sameAs":["https:\/\/www.facebook.com\/skaitytaknyga\/"]}]}},"_links":{"self":[{"href":"https:\/\/skaitytaknyga.lt\/en\/wp-json\/wp\/v2\/product\/17889","targetHints":{"allow":["GET"]}}],"collection":[{"href":"https:\/\/skaitytaknyga.lt\/en\/wp-json\/wp\/v2\/product"}],"about":[{"href":"https:\/\/skaitytaknyga.lt\/en\/wp-json\/wp\/v2\/types\/product"}],"replies":[{"embeddable":true,"href":"https:\/\/skaitytaknyga.lt\/en\/wp-json\/wp\/v2\/comments?post=17889"}],"wp:featuredmedia":[{"embeddable":true,"href":"https:\/\/skaitytaknyga.lt\/en\/wp-json\/wp\/v2\/media\/17890"}],"wp:attachment":[{"href":"https:\/\/skaitytaknyga.lt\/en\/wp-json\/wp\/v2\/media?parent=17889"}],"wp:term":[{"taxonomy":"product_brand","embeddable":true,"href":"https:\/\/skaitytaknyga.lt\/en\/wp-json\/wp\/v2\/product_brand?post=17889"},{"taxonomy":"product_cat","embeddable":true,"href":"https:\/\/skaitytaknyga.lt\/en\/wp-json\/wp\/v2\/product_cat?post=17889"},{"taxonomy":"product_tag","embeddable":true,"href":"https:\/\/skaitytaknyga.lt\/en\/wp-json\/wp\/v2\/product_tag?post=17889"}],"curies":[{"name":"wp","href":"https:\/\/api.w.org\/{rel}","templated":true}]}}