{"id":17886,"date":"2025-04-17T09:48:09","date_gmt":"2025-04-17T06:48:09","guid":{"rendered":"https:\/\/skaitytaknyga.lt\/?post_type=product&#038;p=17886"},"modified":"2026-03-18T14:59:47","modified_gmt":"2026-03-18T12:59:47","slug":"pavasari-pauksciai-sugrizta","status":"publish","type":"product","link":"https:\/\/skaitytaknyga.lt\/en\/produktas\/pavasari-pauksciai-sugrizta\/","title":{"rendered":"Pavasar\u012f pauk\u0161\u010diai sugr\u012f\u017eta"},"content":{"rendered":"<p>Remdamasis biografin\u0117mis knygomis bei atsiminimais ir archeologini\u0173 tyrin\u0117jim\u0173 med\u017eiaga,\u00a0<strong>Ernestas Kuckailis<\/strong>\u00a0seka vieno vokie\u010di\u0173 para\u0161iutinink\u0173 dalinio p\u0117dsakais Antrojo pasaulinio karo metais. Lyd\u0117damas pagrindin\u012f veik\u0117j\u0105, skaitytojas \u012ftraukiamas \u012f kautyni\u0173 s\u016bkurius Lenkijoje, Belgijoje, Kretoje, \u0160iaur\u0117s Afrikoje ir Lietuvoje.<\/p>\n<p>Pasak autoriaus, mintis ra\u0161yti istorin\u0119 apybrai\u017e\u0105 kilo Rum\u0161i\u0161ki\u0173 mi\u0161ke aptikus Antrojo pasaulinio karo met\u0173 vokie\u010di\u0173 apkasus. \u201eArcheologini\u0173 kasin\u0117jim\u0173 metu buvo i\u0161tirtas vienas apkasas, \u012f kur\u012f pataik\u0117 120 mm minosvaid\u017eio mina. Akyse pie\u0161\u0117si \u012fvair\u016bs vaizdai, o vaizduot\u0119 skatino gausyb\u0117 radini\u0173 ir ni\u016brus, dr\u0117gnas mi\u0161kas pelk\u0117s pakra\u0161ty.&#8221;<\/p>\n<p><strong>Ernestas Kuckailis<\/strong>, profesionalus Lietuvos kariuomen\u0117s narys, jau yra i\u0161leid\u0119s vien\u0105 knyg\u0105 &#8211; atsiminimus apie pirmojo speciali\u0173j\u0173 paj\u0117g\u0173 eskadrono \u201eErelis 02&#8243; misij\u0105 Afganistane \u201eTrisplavio erelio skrydis&#8221;.<\/p>\n<ul class=\"about-product d-none d-xl-block mt-4\">\n<li><strong>Autorius:<\/strong>\u00a0Ernestas Kuckailis<\/li>\n<li><strong>Leid\u0117jas<\/strong>\u00a0Vox Altera<\/li>\n<li><strong>Metai:<\/strong>\u00a02015<\/li>\n<li><strong>Puslapiai:<\/strong>\u00a0288<\/li>\n<li class=\"toggleable type-new-formats \"><strong>ISBN :\u00a0<\/strong>9786098088144<\/li>\n<li><strong>Versijos kodas:<\/strong>\u00a010<\/li>\n<li class=\"toggleable type-new-formats \"><strong>Formatas:<\/strong>\u00a015,5 x 23,5 cm, mink\u0161ti vir\u0161eliai<\/li>\n<li><strong>Kalba:<\/strong>\u00a0Lietuvi\u0173<\/li>\n<\/ul>\n","protected":false},"excerpt":{"rendered":"<p>Remdamasis biografin\u0117mis knygomis bei atsiminimais ir archeologini\u0173 tyrin\u0117jim\u0173 med\u017eiaga,\u00a0Ernestas Kuckailis\u00a0seka vieno vokie\u010di\u0173 para\u0161iutinink\u0173 dalinio p\u0117dsakais Antrojo pasaulinio karo metais. Lyd\u0117damas pagrindin\u012f veik\u0117j\u0105, skaitytojas \u012ftraukiamas \u012f kautyni\u0173 s\u016bkurius Lenkijoje, Belgijoje, Kretoje, \u0160iaur\u0117s Afrikoje ir Lietuvoje. Pasak autoriaus, mintis ra\u0161yti istorin\u0119 apybrai\u017e\u0105 kilo Rum\u0161i\u0161ki\u0173 mi\u0161ke aptikus Antrojo pasaulinio karo met\u0173 vokie\u010di\u0173 apkasus. \u201eArcheologini\u0173 kasin\u0117jim\u0173 metu buvo i\u0161tirtas vienas apkasas, \u012f kur\u012f pataik\u0117 120 mm minosvaid\u017eio mina. Akyse pie\u0161\u0117si \u012fvair\u016bs vaizdai, o vaizduot\u0119 skatino gausyb\u0117 radini\u0173 ir ni\u016brus, dr\u0117gnas mi\u0161kas pelk\u0117s pakra\u0161ty.&#8221; Ernestas Kuckailis, profesionalus Lietuvos kariuomen\u0117s narys, jau yra i\u0161leid\u0119s vien\u0105 knyg\u0105 &#8211; atsiminimus apie pirmojo speciali\u0173j\u0173 paj\u0117g\u0173 eskadrono \u201eErelis 02&#8243; misij\u0105 Afganistane \u201eTrisplavio erelio skrydis&#8221;. Autorius:\u00a0Ernestas Kuckailis Leid\u0117jas\u00a0Vox Altera Metai:\u00a02015 Puslapiai:\u00a0288 ISBN :\u00a09786098088144 Versijos kodas:\u00a010 Formatas:\u00a015,5 x 23,5 cm, mink\u0161ti vir\u0161eliai Kalba:\u00a0Lietuvi\u0173<\/p>\n","protected":false},"featured_media":17888,"comment_status":"closed","ping_status":"closed","template":"","meta":{"_acf_changed":false,"site-sidebar-layout":"default","site-content-layout":"","ast-site-content-layout":"default","site-content-style":"default","site-sidebar-style":"default","ast-global-header-display":"","ast-banner-title-visibility":"","ast-main-header-display":"","ast-hfb-above-header-display":"","ast-hfb-below-header-display":"","ast-hfb-mobile-header-display":"","site-post-title":"","ast-breadcrumbs-content":"","ast-featured-img":"","footer-sml-layout":"","ast-disable-related-posts":"","theme-transparent-header-meta":"default","adv-header-id-meta":"","stick-header-meta":"","header-above-stick-meta":"","header-main-stick-meta":"","header-below-stick-meta":"","astra-migrate-meta-layouts":"set","ast-page-background-enabled":"default","ast-page-background-meta":{"desktop":{"background-color":"","background-image":"","background-repeat":"repeat","background-position":"center center","background-size":"auto","background-attachment":"scroll","background-type":"","background-media":"","overlay-type":"","overlay-color":"","overlay-opacity":"","overlay-gradient":""},"tablet":{"background-color":"","background-image":"","background-repeat":"repeat","background-position":"center center","background-size":"auto","background-attachment":"scroll","background-type":"","background-media":"","overlay-type":"","overlay-color":"","overlay-opacity":"","overlay-gradient":""},"mobile":{"background-color":"","background-image":"","background-repeat":"repeat","background-position":"center center","background-size":"auto","background-attachment":"scroll","background-type":"","background-media":"","overlay-type":"","overlay-color":"","overlay-opacity":"","overlay-gradient":""}},"ast-content-background-meta":{"desktop":{"background-color":"var(--ast-global-color-4)","background-image":"","background-repeat":"repeat","background-position":"center center","background-size":"auto","background-attachment":"scroll","background-type":"","background-media":"","overlay-type":"","overlay-color":"","overlay-opacity":"","overlay-gradient":""},"tablet":{"background-color":"var(--ast-global-color-4)","background-image":"","background-repeat":"repeat","background-position":"center center","background-size":"auto","background-attachment":"scroll","background-type":"","background-media":"","overlay-type":"","overlay-color":"","overlay-opacity":"","overlay-gradient":""},"mobile":{"background-color":"var(--ast-global-color-4)","background-image":"","background-repeat":"repeat","background-position":"center center","background-size":"auto","background-attachment":"scroll","background-type":"","background-media":"","overlay-type":"","overlay-color":"","overlay-opacity":"","overlay-gradient":""}}},"product_brand":[],"product_cat":[9864,9862,174],"product_tag":[1095,3436,2384,3435,3434,2224,2231,2625,3437],"class_list":{"0":"post-17886","1":"product","2":"type-product","3":"status-publish","4":"has-post-thumbnail","6":"product_cat-karo-istorija","7":"product_cat-lietuvos-istorija","8":"product_cat-istorija-ir-politologija","9":"product_tag-antrasis-pasaulinis-karas","10":"product_tag-antrojo-pasaulinio-karo-apkasai","11":"product_tag-archeologija","12":"product_tag-biografine-knyga","13":"product_tag-ernestas-kuckailis","14":"product_tag-istorija","15":"product_tag-karo-istorija","16":"product_tag-lietuva","17":"product_tag-vokieciu-parasiutininkai","18":"desktop-align-left","19":"tablet-align-left","20":"mobile-align-left","22":"first","23":"instock","24":"shipping-taxable","25":"purchasable","26":"product-type-simple"},"acf":[],"yoast_head":"<!-- This site is optimized with the Yoast SEO plugin v27.0 - https:\/\/yoast.com\/product\/yoast-seo-wordpress\/ -->\n<title>Pavasar\u012f pauk\u0161\u010diai sugr\u012f\u017eta<\/title>\n<meta name=\"description\" content=\"Remdamasis biografin\u0117mis knygomis bei atsiminimais ir archeologini\u0173 tyrin\u0117jim\u0173 med\u017eiaga,\u00a0Ernestas Kuckailis\u00a0seka vieno vokie\u010di\u0173 para\u0161iutinink\u0173 dalinio\" \/>\n<meta name=\"robots\" content=\"index, follow, max-snippet:-1, max-image-preview:large, max-video-preview:-1\" \/>\n<link rel=\"canonical\" href=\"https:\/\/skaitytaknyga.lt\/en\/produktas\/pavasari-pauksciai-sugrizta\/\" \/>\n<meta property=\"og:locale\" content=\"en_GB\" \/>\n<meta property=\"og:locale:alternate\" content=\"lt_LT\" \/>\n<meta property=\"og:type\" content=\"article\" \/>\n<meta property=\"og:title\" content=\"Pavasar\u012f pauk\u0161\u010diai sugr\u012f\u017eta\" \/>\n<meta property=\"og:description\" content=\"Remdamasis biografin\u0117mis knygomis bei atsiminimais ir archeologini\u0173 tyrin\u0117jim\u0173 med\u017eiaga,\u00a0Ernestas Kuckailis\u00a0seka vieno vokie\u010di\u0173 para\u0161iutinink\u0173 dalinio\" \/>\n<meta property=\"og:url\" content=\"https:\/\/skaitytaknyga.lt\/en\/produktas\/pavasari-pauksciai-sugrizta\/\" \/>\n<meta property=\"og:site_name\" content=\"Skaitytaknyga\" \/>\n<meta property=\"article:publisher\" content=\"https:\/\/www.facebook.com\/skaitytaknyga\/\" \/>\n<meta property=\"article:modified_time\" content=\"2026-03-18T12:59:47+00:00\" \/>\n<meta property=\"og:image\" content=\"https:\/\/skaitytaknyga.lt\/wp-content\/uploads\/2025\/04\/Pavasari-pauksciai-sugrizta-1.webp\" \/>\n\t<meta property=\"og:image:width\" content=\"330\" \/>\n\t<meta property=\"og:image:height\" content=\"500\" \/>\n\t<meta property=\"og:image:type\" content=\"image\/webp\" \/>\n<meta name=\"twitter:card\" content=\"summary_large_image\" \/>\n<meta name=\"twitter:label1\" content=\"Estimated reading time\" \/>\n\t<meta name=\"twitter:data1\" content=\"1 minute\" \/>\n<script type=\"application\/ld+json\" class=\"yoast-schema-graph\">{\"@context\":\"https:\/\/schema.org\",\"@graph\":[{\"@type\":\"WebPage\",\"@id\":\"https:\/\/skaitytaknyga.lt\/produktas\/pavasari-pauksciai-sugrizta\/\",\"url\":\"https:\/\/skaitytaknyga.lt\/produktas\/pavasari-pauksciai-sugrizta\/\",\"name\":\"Pavasar\u012f pauk\u0161\u010diai sugr\u012f\u017eta\",\"isPartOf\":{\"@id\":\"https:\/\/skaitytaknyga.lt\/#website\"},\"primaryImageOfPage\":{\"@id\":\"https:\/\/skaitytaknyga.lt\/produktas\/pavasari-pauksciai-sugrizta\/#primaryimage\"},\"image\":{\"@id\":\"https:\/\/skaitytaknyga.lt\/produktas\/pavasari-pauksciai-sugrizta\/#primaryimage\"},\"thumbnailUrl\":\"https:\/\/skaitytaknyga.lt\/wp-content\/uploads\/2025\/04\/Pavasari-pauksciai-sugrizta-1.webp\",\"datePublished\":\"2025-04-17T06:48:09+00:00\",\"dateModified\":\"2026-03-18T12:59:47+00:00\",\"description\":\"Remdamasis biografin\u0117mis knygomis bei atsiminimais ir archeologini\u0173 tyrin\u0117jim\u0173 med\u017eiaga,\u00a0Ernestas Kuckailis\u00a0seka vieno vokie\u010di\u0173 para\u0161iutinink\u0173 dalinio\",\"breadcrumb\":{\"@id\":\"https:\/\/skaitytaknyga.lt\/produktas\/pavasari-pauksciai-sugrizta\/#breadcrumb\"},\"inLanguage\":\"en-GB\",\"potentialAction\":[{\"@type\":\"ReadAction\",\"target\":[\"https:\/\/skaitytaknyga.lt\/produktas\/pavasari-pauksciai-sugrizta\/\"]}]},{\"@type\":\"ImageObject\",\"inLanguage\":\"en-GB\",\"@id\":\"https:\/\/skaitytaknyga.lt\/produktas\/pavasari-pauksciai-sugrizta\/#primaryimage\",\"url\":\"https:\/\/skaitytaknyga.lt\/wp-content\/uploads\/2025\/04\/Pavasari-pauksciai-sugrizta-1.webp\",\"contentUrl\":\"https:\/\/skaitytaknyga.lt\/wp-content\/uploads\/2025\/04\/Pavasari-pauksciai-sugrizta-1.webp\",\"width\":330,\"height\":500,\"caption\":\"Pavasar\u012f pauk\u0161\u010diai sugr\u012f\u017eta\"},{\"@type\":\"BreadcrumbList\",\"@id\":\"https:\/\/skaitytaknyga.lt\/produktas\/pavasari-pauksciai-sugrizta\/#breadcrumb\",\"itemListElement\":[{\"@type\":\"ListItem\",\"position\":1,\"name\":\"Home\",\"item\":\"https:\/\/skaitytaknyga.lt\/\"},{\"@type\":\"ListItem\",\"position\":2,\"name\":\"Parduotuv\u0117\",\"item\":\"https:\/\/skaitytaknyga.lt\/knygu-parduotuve\/\"},{\"@type\":\"ListItem\",\"position\":3,\"name\":\"Pavasar\u012f pauk\u0161\u010diai sugr\u012f\u017eta\"}]},{\"@type\":\"WebSite\",\"@id\":\"https:\/\/skaitytaknyga.lt\/#website\",\"url\":\"https:\/\/skaitytaknyga.lt\/\",\"name\":\"skaitytaknyga.lt\",\"description\":\"Skaitytaknyga.lt \u2013 tai ma\u017eas \u0161eimos verslas, kuris prasid\u0117jo nuo meil\u0117s knygoms ir siekio i\u0161gelb\u0117ti knygas nuo likimo prie konteinerio. Kas vienam nereikalingas daiktas \u2013 kitam lobis, o mes esame tarpininkai, kurie padeda abiems tapti laimingesniems ???? \u017dinome kaip nelengva i\u0161gyventi ma\u017eiems verslams, tad nuo \u0161iol, \u010dia rasite ir kit\u0173, ma\u017e\u0173 \u0161eim\u0173 versl\u0173, rank\u0173 darbo, dovan\u0173 sau ir artimiesiems.\",\"publisher\":{\"@id\":\"https:\/\/skaitytaknyga.lt\/#organization\"},\"potentialAction\":[{\"@type\":\"SearchAction\",\"target\":{\"@type\":\"EntryPoint\",\"urlTemplate\":\"https:\/\/skaitytaknyga.lt\/?s={search_term_string}\"},\"query-input\":{\"@type\":\"PropertyValueSpecification\",\"valueRequired\":true,\"valueName\":\"search_term_string\"}}],\"inLanguage\":\"en-GB\"},{\"@type\":\"Organization\",\"@id\":\"https:\/\/skaitytaknyga.lt\/#organization\",\"name\":\"skaitytaknyga.lt\",\"url\":\"https:\/\/skaitytaknyga.lt\/\",\"logo\":{\"@type\":\"ImageObject\",\"inLanguage\":\"en-GB\",\"@id\":\"https:\/\/skaitytaknyga.lt\/#\/schema\/logo\/image\/\",\"url\":\"https:\/\/skaitytaknyga.lt\/wp-content\/uploads\/2024\/05\/cropped-cropped-cropped-02_00843_jt3bggkj1j3HLc7SyY6rEUpg.jpeg\",\"contentUrl\":\"https:\/\/skaitytaknyga.lt\/wp-content\/uploads\/2024\/05\/cropped-cropped-cropped-02_00843_jt3bggkj1j3HLc7SyY6rEUpg.jpeg\",\"width\":1600,\"height\":1600,\"caption\":\"skaitytaknyga.lt\"},\"image\":{\"@id\":\"https:\/\/skaitytaknyga.lt\/#\/schema\/logo\/image\/\"},\"sameAs\":[\"https:\/\/www.facebook.com\/skaitytaknyga\/\"]}]}<\/script>\n<!-- \/ Yoast SEO plugin. -->","yoast_head_json":{"title":"Pavasar\u012f pauk\u0161\u010diai sugr\u012f\u017eta","description":"Remdamasis biografin\u0117mis knygomis bei atsiminimais ir archeologini\u0173 tyrin\u0117jim\u0173 med\u017eiaga,\u00a0Ernestas Kuckailis\u00a0seka vieno vokie\u010di\u0173 para\u0161iutinink\u0173 dalinio","robots":{"index":"index","follow":"follow","max-snippet":"max-snippet:-1","max-image-preview":"max-image-preview:large","max-video-preview":"max-video-preview:-1"},"canonical":"https:\/\/skaitytaknyga.lt\/en\/produktas\/pavasari-pauksciai-sugrizta\/","og_locale":"en_GB","og_type":"article","og_title":"[:lt]Pavasar\u012f pauk\u0161\u010diai sugr\u012f\u017eta[:] - Skaitytaknyga","og_description":"Remdamasis biografin\u0117mis knygomis bei atsiminimais ir archeologini\u0173 tyrin\u0117jim\u0173 med\u017eiaga,\u00a0Ernestas Kuckailis\u00a0seka vieno vokie\u010di\u0173 para\u0161iutinink\u0173 dalinio","og_url":"https:\/\/skaitytaknyga.lt\/en\/produktas\/pavasari-pauksciai-sugrizta\/","og_site_name":"Skaitytaknyga","article_publisher":"https:\/\/www.facebook.com\/skaitytaknyga\/","article_modified_time":"2026-03-18T12:59:47+00:00","og_image":[{"width":330,"height":500,"url":"https:\/\/skaitytaknyga.lt\/wp-content\/uploads\/2025\/04\/Pavasari-pauksciai-sugrizta-1.webp","type":"image\/webp"}],"twitter_card":"summary_large_image","twitter_misc":{"Estimated reading time":"1 minute"},"schema":{"@context":"https:\/\/schema.org","@graph":[{"@type":"WebPage","@id":"https:\/\/skaitytaknyga.lt\/produktas\/pavasari-pauksciai-sugrizta\/","url":"https:\/\/skaitytaknyga.lt\/produktas\/pavasari-pauksciai-sugrizta\/","name":"Pavasar\u012f pauk\u0161\u010diai sugr\u012f\u017eta","isPartOf":{"@id":"https:\/\/skaitytaknyga.lt\/#website"},"primaryImageOfPage":{"@id":"https:\/\/skaitytaknyga.lt\/produktas\/pavasari-pauksciai-sugrizta\/#primaryimage"},"image":{"@id":"https:\/\/skaitytaknyga.lt\/produktas\/pavasari-pauksciai-sugrizta\/#primaryimage"},"thumbnailUrl":"https:\/\/skaitytaknyga.lt\/wp-content\/uploads\/2025\/04\/Pavasari-pauksciai-sugrizta-1.webp","datePublished":"2025-04-17T06:48:09+00:00","dateModified":"2026-03-18T12:59:47+00:00","description":"Remdamasis biografin\u0117mis knygomis bei atsiminimais ir archeologini\u0173 tyrin\u0117jim\u0173 med\u017eiaga,\u00a0Ernestas Kuckailis\u00a0seka vieno vokie\u010di\u0173 para\u0161iutinink\u0173 dalinio","breadcrumb":{"@id":"https:\/\/skaitytaknyga.lt\/produktas\/pavasari-pauksciai-sugrizta\/#breadcrumb"},"inLanguage":"en-GB","potentialAction":[{"@type":"ReadAction","target":["https:\/\/skaitytaknyga.lt\/produktas\/pavasari-pauksciai-sugrizta\/"]}]},{"@type":"ImageObject","inLanguage":"en-GB","@id":"https:\/\/skaitytaknyga.lt\/produktas\/pavasari-pauksciai-sugrizta\/#primaryimage","url":"https:\/\/skaitytaknyga.lt\/wp-content\/uploads\/2025\/04\/Pavasari-pauksciai-sugrizta-1.webp","contentUrl":"https:\/\/skaitytaknyga.lt\/wp-content\/uploads\/2025\/04\/Pavasari-pauksciai-sugrizta-1.webp","width":330,"height":500,"caption":"Pavasar\u012f pauk\u0161\u010diai sugr\u012f\u017eta"},{"@type":"BreadcrumbList","@id":"https:\/\/skaitytaknyga.lt\/produktas\/pavasari-pauksciai-sugrizta\/#breadcrumb","itemListElement":[{"@type":"ListItem","position":1,"name":"Home","item":"https:\/\/skaitytaknyga.lt\/"},{"@type":"ListItem","position":2,"name":"Parduotuv\u0117","item":"https:\/\/skaitytaknyga.lt\/knygu-parduotuve\/"},{"@type":"ListItem","position":3,"name":"Pavasar\u012f pauk\u0161\u010diai sugr\u012f\u017eta"}]},{"@type":"WebSite","@id":"https:\/\/skaitytaknyga.lt\/#website","url":"https:\/\/skaitytaknyga.lt\/","name":"skaitytaknyga.lt","description":"Skaitytaknyga.lt \u2013 tai ma\u017eas \u0161eimos verslas, kuris prasid\u0117jo nuo meil\u0117s knygoms ir siekio i\u0161gelb\u0117ti knygas nuo likimo prie konteinerio. Kas vienam nereikalingas daiktas \u2013 kitam lobis, o mes esame tarpininkai, kurie padeda abiems tapti laimingesniems ???? \u017dinome kaip nelengva i\u0161gyventi ma\u017eiems verslams, tad nuo \u0161iol, \u010dia rasite ir kit\u0173, ma\u017e\u0173 \u0161eim\u0173 versl\u0173, rank\u0173 darbo, dovan\u0173 sau ir artimiesiems.","publisher":{"@id":"https:\/\/skaitytaknyga.lt\/#organization"},"potentialAction":[{"@type":"SearchAction","target":{"@type":"EntryPoint","urlTemplate":"https:\/\/skaitytaknyga.lt\/?s={search_term_string}"},"query-input":{"@type":"PropertyValueSpecification","valueRequired":true,"valueName":"search_term_string"}}],"inLanguage":"en-GB"},{"@type":"Organization","@id":"https:\/\/skaitytaknyga.lt\/#organization","name":"skaitytaknyga.lt","url":"https:\/\/skaitytaknyga.lt\/","logo":{"@type":"ImageObject","inLanguage":"en-GB","@id":"https:\/\/skaitytaknyga.lt\/#\/schema\/logo\/image\/","url":"https:\/\/skaitytaknyga.lt\/wp-content\/uploads\/2024\/05\/cropped-cropped-cropped-02_00843_jt3bggkj1j3HLc7SyY6rEUpg.jpeg","contentUrl":"https:\/\/skaitytaknyga.lt\/wp-content\/uploads\/2024\/05\/cropped-cropped-cropped-02_00843_jt3bggkj1j3HLc7SyY6rEUpg.jpeg","width":1600,"height":1600,"caption":"skaitytaknyga.lt"},"image":{"@id":"https:\/\/skaitytaknyga.lt\/#\/schema\/logo\/image\/"},"sameAs":["https:\/\/www.facebook.com\/skaitytaknyga\/"]}]}},"_links":{"self":[{"href":"https:\/\/skaitytaknyga.lt\/en\/wp-json\/wp\/v2\/product\/17886","targetHints":{"allow":["GET"]}}],"collection":[{"href":"https:\/\/skaitytaknyga.lt\/en\/wp-json\/wp\/v2\/product"}],"about":[{"href":"https:\/\/skaitytaknyga.lt\/en\/wp-json\/wp\/v2\/types\/product"}],"replies":[{"embeddable":true,"href":"https:\/\/skaitytaknyga.lt\/en\/wp-json\/wp\/v2\/comments?post=17886"}],"wp:featuredmedia":[{"embeddable":true,"href":"https:\/\/skaitytaknyga.lt\/en\/wp-json\/wp\/v2\/media\/17888"}],"wp:attachment":[{"href":"https:\/\/skaitytaknyga.lt\/en\/wp-json\/wp\/v2\/media?parent=17886"}],"wp:term":[{"taxonomy":"product_brand","embeddable":true,"href":"https:\/\/skaitytaknyga.lt\/en\/wp-json\/wp\/v2\/product_brand?post=17886"},{"taxonomy":"product_cat","embeddable":true,"href":"https:\/\/skaitytaknyga.lt\/en\/wp-json\/wp\/v2\/product_cat?post=17886"},{"taxonomy":"product_tag","embeddable":true,"href":"https:\/\/skaitytaknyga.lt\/en\/wp-json\/wp\/v2\/product_tag?post=17886"}],"curies":[{"name":"wp","href":"https:\/\/api.w.org\/{rel}","templated":true}]}}