{"id":17884,"date":"2025-04-17T09:45:32","date_gmt":"2025-04-17T06:45:32","guid":{"rendered":"https:\/\/skaitytaknyga.lt\/?post_type=product&#038;p=17884"},"modified":"2025-05-15T13:44:53","modified_gmt":"2025-05-15T10:44:53","slug":"patarimai-besiporuojantiems","status":"publish","type":"product","link":"https:\/\/skaitytaknyga.lt\/en\/produktas\/patarimai-besiporuojantiems\/","title":{"rendered":"Patarimai besiporuojantiems, susiporavusiems ir aistringai geid\u017eiantiems susiporuoti"},"content":{"rendered":"<p>\u0160i knyga \u2013 prakti\u0161kas s\u0105moningo ir laimingo \u0161eimyninio gyvenimo k\u016brimo vadovas. Ji skirta ir svajojantiems sutikti mylim\u0105 \u017emog\u0173, ir jau turintiems \u0161eimyninio gyvenimo patirties. Knyga para\u0161yta remiantis konkre\u010diomis situacijomis, tod\u0117l \u010dia rasite tipi\u0161k\u0173 klaid\u0173, kurias \u017emon\u0117s daro asmeniniame ir \u0161eimyniniame gyvenime, apra\u0161ymus ir patarimus, kaip j\u0173 i\u0161vengti.<\/p>\n<p>Aleksandras Svija\u0161as \u2013 daugiau kaip de\u0161imties rekordiniais tira\u017eais Rusijoje ir u\u017esienyje leid\u017eiam\u0173 knyg\u0173 autorius, \u017einomas psichologas, unikalios nekonfliktinio ir s\u0117kmingo gyvenimo metodikos k\u016br\u0117jas.<\/p>\n<ul class=\"about-product d-none d-xl-block mt-4\">\n<li><strong>Autorius:<\/strong>\u00a0Aleksandras Svija\u0161as,\u00a0Julija Svija\u0161<\/li>\n<li><strong>Leid\u0117jas<\/strong>\u00a0Dajalita<\/li>\n<li><strong>Metai:<\/strong>\u00a02008<\/li>\n<li><strong>Puslapiai:<\/strong>\u00a0288<\/li>\n<li class=\"toggleable type-new-formats \"><strong>ISBN :\u00a0<\/strong>9789955691624<\/li>\n<li><strong>Versijos kodas:<\/strong>\u00a0PT.<\/li>\n<li class=\"toggleable type-new-formats \"><strong>Formatas:<\/strong>\u00a015 x 21 cm, mink\u0161ti vir\u0161eliai<\/li>\n<li><strong>Kalba:<\/strong>\u00a0Lietuvi\u0173<\/li>\n<li><strong>Vert\u0117jas:<\/strong>\u00a0V\u0117j\u016bn\u0117 Inyt\u0117<\/li>\n<\/ul>\n","protected":false},"excerpt":{"rendered":"<p>\u0160i knyga \u2013 prakti\u0161kas s\u0105moningo ir laimingo \u0161eimyninio gyvenimo k\u016brimo vadovas. Ji skirta ir svajojantiems sutikti mylim\u0105 \u017emog\u0173, ir jau turintiems \u0161eimyninio gyvenimo patirties. Knyga para\u0161yta remiantis konkre\u010diomis situacijomis, tod\u0117l \u010dia rasite tipi\u0161k\u0173 klaid\u0173, kurias \u017emon\u0117s daro asmeniniame ir \u0161eimyniniame gyvenime, apra\u0161ymus ir patarimus, kaip j\u0173 i\u0161vengti. Aleksandras Svija\u0161as \u2013 daugiau kaip de\u0161imties rekordiniais tira\u017eais Rusijoje ir u\u017esienyje leid\u017eiam\u0173 knyg\u0173 autorius, \u017einomas psichologas, unikalios nekonfliktinio ir s\u0117kmingo gyvenimo metodikos k\u016br\u0117jas. Autorius:\u00a0Aleksandras Svija\u0161as,\u00a0Julija Svija\u0161 Leid\u0117jas\u00a0Dajalita Metai:\u00a02008 Puslapiai:\u00a0288 ISBN :\u00a09789955691624 Versijos kodas:\u00a0PT. Formatas:\u00a015 x 21 cm, mink\u0161ti vir\u0161eliai Kalba:\u00a0Lietuvi\u0173 Vert\u0117jas:\u00a0V\u0117j\u016bn\u0117 Inyt\u0117<\/p>\n","protected":false},"featured_media":17885,"comment_status":"closed","ping_status":"closed","template":"","meta":{"_acf_changed":false,"site-sidebar-layout":"default","site-content-layout":"","ast-site-content-layout":"default","site-content-style":"default","site-sidebar-style":"default","ast-global-header-display":"","ast-banner-title-visibility":"","ast-main-header-display":"","ast-hfb-above-header-display":"","ast-hfb-below-header-display":"","ast-hfb-mobile-header-display":"","site-post-title":"","ast-breadcrumbs-content":"","ast-featured-img":"","footer-sml-layout":"","ast-disable-related-posts":"","theme-transparent-header-meta":"default","adv-header-id-meta":"","stick-header-meta":"","header-above-stick-meta":"","header-main-stick-meta":"","header-below-stick-meta":"","astra-migrate-meta-layouts":"set","ast-page-background-enabled":"default","ast-page-background-meta":{"desktop":{"background-color":"","background-image":"","background-repeat":"repeat","background-position":"center center","background-size":"auto","background-attachment":"scroll","background-type":"","background-media":"","overlay-type":"","overlay-color":"","overlay-opacity":"","overlay-gradient":""},"tablet":{"background-color":"","background-image":"","background-repeat":"repeat","background-position":"center center","background-size":"auto","background-attachment":"scroll","background-type":"","background-media":"","overlay-type":"","overlay-color":"","overlay-opacity":"","overlay-gradient":""},"mobile":{"background-color":"","background-image":"","background-repeat":"repeat","background-position":"center center","background-size":"auto","background-attachment":"scroll","background-type":"","background-media":"","overlay-type":"","overlay-color":"","overlay-opacity":"","overlay-gradient":""}},"ast-content-background-meta":{"desktop":{"background-color":"var(--ast-global-color-4)","background-image":"","background-repeat":"repeat","background-position":"center center","background-size":"auto","background-attachment":"scroll","background-type":"","background-media":"","overlay-type":"","overlay-color":"","overlay-opacity":"","overlay-gradient":""},"tablet":{"background-color":"var(--ast-global-color-4)","background-image":"","background-repeat":"repeat","background-position":"center center","background-size":"auto","background-attachment":"scroll","background-type":"","background-media":"","overlay-type":"","overlay-color":"","overlay-opacity":"","overlay-gradient":""},"mobile":{"background-color":"var(--ast-global-color-4)","background-image":"","background-repeat":"repeat","background-position":"center center","background-size":"auto","background-attachment":"scroll","background-type":"","background-media":"","overlay-type":"","overlay-color":"","overlay-opacity":"","overlay-gradient":""}}},"product_brand":[],"product_cat":[30],"product_tag":[2304,3430,3433,3432,1392,1417,1646,3431],"class_list":{"0":"post-17884","1":"product","2":"type-product","3":"status-publish","4":"has-post-thumbnail","6":"product_cat-psichologija-ir-saviugda","7":"product_tag-aleksandras-svijasas","8":"product_tag-julija-svijas","9":"product_tag-laimingas-gyvenimas","10":"product_tag-patarimai","11":"product_tag-psichologija","12":"product_tag-santykiai","13":"product_tag-seima","14":"product_tag-seimyninis-gyvenimas","15":"desktop-align-left","16":"tablet-align-left","17":"mobile-align-left","19":"first","20":"instock","21":"shipping-taxable","22":"purchasable","23":"product-type-simple"},"acf":[],"yoast_head":"<!-- This site is optimized with the Yoast SEO plugin v27.4 - https:\/\/yoast.com\/product\/yoast-seo-wordpress\/ -->\n<title>Patarimai besiporuojantiems, susiporavusiems ir aistringai geid\u017eiantiems susiporuoti<\/title>\n<meta name=\"description\" content=\"\u0160i knyga \u2013 prakti\u0161kas s\u0105moningo ir laimingo \u0161eimyninio gyvenimo k\u016brimo vadovas. Ji skirta ir svajojantiems sutikti mylim\u0105 \u017emog\u0173, ir jau turintiems\" \/>\n<meta name=\"robots\" content=\"index, follow, max-snippet:-1, max-image-preview:large, max-video-preview:-1\" \/>\n<link rel=\"canonical\" href=\"https:\/\/skaitytaknyga.lt\/en\/produktas\/patarimai-besiporuojantiems\/\" \/>\n<meta property=\"og:locale\" content=\"en_GB\" \/>\n<meta property=\"og:locale:alternate\" content=\"lt_LT\" \/>\n<meta property=\"og:type\" content=\"article\" \/>\n<meta property=\"og:title\" content=\"Patarimai besiporuojantiems, susiporavusiems ir aistringai geid\u017eiantiems susiporuoti\" \/>\n<meta property=\"og:description\" content=\"\u0160i knyga \u2013 prakti\u0161kas s\u0105moningo ir laimingo \u0161eimyninio gyvenimo k\u016brimo vadovas. Ji skirta ir svajojantiems sutikti mylim\u0105 \u017emog\u0173, ir jau turintiems\" \/>\n<meta property=\"og:url\" content=\"https:\/\/skaitytaknyga.lt\/en\/produktas\/patarimai-besiporuojantiems\/\" \/>\n<meta property=\"og:site_name\" content=\"Skaitytaknyga\" \/>\n<meta property=\"article:publisher\" content=\"https:\/\/www.facebook.com\/skaitytaknyga\/\" \/>\n<meta property=\"article:modified_time\" content=\"2025-05-15T10:44:53+00:00\" \/>\n<meta property=\"og:image\" content=\"https:\/\/skaitytaknyga.lt\/wp-content\/uploads\/2025\/04\/Patarimai-besiporuojantiems-susiporavusiems-ir-aistringai-geidziantiems-susiporuoti.webp\" \/>\n\t<meta property=\"og:image:width\" content=\"424\" \/>\n\t<meta property=\"og:image:height\" content=\"616\" \/>\n\t<meta property=\"og:image:type\" content=\"image\/webp\" \/>\n<meta name=\"twitter:card\" content=\"summary_large_image\" \/>\n<meta name=\"twitter:label1\" content=\"Estimated reading time\" \/>\n\t<meta name=\"twitter:data1\" content=\"1 minute\" \/>\n<script type=\"application\/ld+json\" class=\"yoast-schema-graph\">{\"@context\":\"https:\\\/\\\/schema.org\",\"@graph\":[{\"@type\":\"WebPage\",\"@id\":\"https:\\\/\\\/skaitytaknyga.lt\\\/produktas\\\/patarimai-besiporuojantiems\\\/\",\"url\":\"https:\\\/\\\/skaitytaknyga.lt\\\/produktas\\\/patarimai-besiporuojantiems\\\/\",\"name\":\"Patarimai besiporuojantiems, susiporavusiems ir aistringai geid\u017eiantiems susiporuoti\",\"isPartOf\":{\"@id\":\"https:\\\/\\\/skaitytaknyga.lt\\\/#website\"},\"primaryImageOfPage\":{\"@id\":\"https:\\\/\\\/skaitytaknyga.lt\\\/produktas\\\/patarimai-besiporuojantiems\\\/#primaryimage\"},\"image\":{\"@id\":\"https:\\\/\\\/skaitytaknyga.lt\\\/produktas\\\/patarimai-besiporuojantiems\\\/#primaryimage\"},\"thumbnailUrl\":\"https:\\\/\\\/skaitytaknyga.lt\\\/wp-content\\\/uploads\\\/2025\\\/04\\\/Patarimai-besiporuojantiems-susiporavusiems-ir-aistringai-geidziantiems-susiporuoti.webp\",\"datePublished\":\"2025-04-17T06:45:32+00:00\",\"dateModified\":\"2025-05-15T10:44:53+00:00\",\"description\":\"\u0160i knyga \u2013 prakti\u0161kas s\u0105moningo ir laimingo \u0161eimyninio gyvenimo k\u016brimo vadovas. Ji skirta ir svajojantiems sutikti mylim\u0105 \u017emog\u0173, ir jau turintiems\",\"breadcrumb\":{\"@id\":\"https:\\\/\\\/skaitytaknyga.lt\\\/produktas\\\/patarimai-besiporuojantiems\\\/#breadcrumb\"},\"inLanguage\":\"en-GB\",\"potentialAction\":[{\"@type\":\"ReadAction\",\"target\":[\"https:\\\/\\\/skaitytaknyga.lt\\\/produktas\\\/patarimai-besiporuojantiems\\\/\"]}]},{\"@type\":\"ImageObject\",\"inLanguage\":\"en-GB\",\"@id\":\"https:\\\/\\\/skaitytaknyga.lt\\\/produktas\\\/patarimai-besiporuojantiems\\\/#primaryimage\",\"url\":\"https:\\\/\\\/skaitytaknyga.lt\\\/wp-content\\\/uploads\\\/2025\\\/04\\\/Patarimai-besiporuojantiems-susiporavusiems-ir-aistringai-geidziantiems-susiporuoti.webp\",\"contentUrl\":\"https:\\\/\\\/skaitytaknyga.lt\\\/wp-content\\\/uploads\\\/2025\\\/04\\\/Patarimai-besiporuojantiems-susiporavusiems-ir-aistringai-geidziantiems-susiporuoti.webp\",\"width\":424,\"height\":616,\"caption\":\"Patarimai besiporuojantiems, susiporavusiems ir aistringai geid\u017eiantiems susiporuoti\"},{\"@type\":\"BreadcrumbList\",\"@id\":\"https:\\\/\\\/skaitytaknyga.lt\\\/produktas\\\/patarimai-besiporuojantiems\\\/#breadcrumb\",\"itemListElement\":[{\"@type\":\"ListItem\",\"position\":1,\"name\":\"Home\",\"item\":\"https:\\\/\\\/skaitytaknyga.lt\\\/\"},{\"@type\":\"ListItem\",\"position\":2,\"name\":\"Parduotuv\u0117\",\"item\":\"https:\\\/\\\/skaitytaknyga.lt\\\/knygu-parduotuve\\\/\"},{\"@type\":\"ListItem\",\"position\":3,\"name\":\"Patarimai besiporuojantiems, susiporavusiems ir aistringai geid\u017eiantiems susiporuoti\"}]},{\"@type\":\"WebSite\",\"@id\":\"https:\\\/\\\/skaitytaknyga.lt\\\/#website\",\"url\":\"https:\\\/\\\/skaitytaknyga.lt\\\/\",\"name\":\"skaitytaknyga.lt\",\"description\":\"Skaitytaknyga.lt \u2013 tai ma\u017eas \u0161eimos verslas, kuris prasid\u0117jo nuo meil\u0117s knygoms ir siekio i\u0161gelb\u0117ti knygas nuo likimo prie konteinerio. Kas vienam nereikalingas daiktas \u2013 kitam lobis, o mes esame tarpininkai, kurie padeda abiems tapti laimingesniems ???? \u017dinome kaip nelengva i\u0161gyventi ma\u017eiems verslams, tad nuo \u0161iol, \u010dia rasite ir kit\u0173, ma\u017e\u0173 \u0161eim\u0173 versl\u0173, rank\u0173 darbo, dovan\u0173 sau ir artimiesiems.\",\"publisher\":{\"@id\":\"https:\\\/\\\/skaitytaknyga.lt\\\/#organization\"},\"potentialAction\":[{\"@type\":\"SearchAction\",\"target\":{\"@type\":\"EntryPoint\",\"urlTemplate\":\"https:\\\/\\\/skaitytaknyga.lt\\\/?s={search_term_string}\"},\"query-input\":{\"@type\":\"PropertyValueSpecification\",\"valueRequired\":true,\"valueName\":\"search_term_string\"}}],\"inLanguage\":\"en-GB\"},{\"@type\":\"Organization\",\"@id\":\"https:\\\/\\\/skaitytaknyga.lt\\\/#organization\",\"name\":\"skaitytaknyga.lt\",\"url\":\"https:\\\/\\\/skaitytaknyga.lt\\\/\",\"logo\":{\"@type\":\"ImageObject\",\"inLanguage\":\"en-GB\",\"@id\":\"https:\\\/\\\/skaitytaknyga.lt\\\/#\\\/schema\\\/logo\\\/image\\\/\",\"url\":\"https:\\\/\\\/skaitytaknyga.lt\\\/wp-content\\\/uploads\\\/2024\\\/05\\\/cropped-cropped-cropped-02_00843_jt3bggkj1j3HLc7SyY6rEUpg.jpeg\",\"contentUrl\":\"https:\\\/\\\/skaitytaknyga.lt\\\/wp-content\\\/uploads\\\/2024\\\/05\\\/cropped-cropped-cropped-02_00843_jt3bggkj1j3HLc7SyY6rEUpg.jpeg\",\"width\":1600,\"height\":1600,\"caption\":\"skaitytaknyga.lt\"},\"image\":{\"@id\":\"https:\\\/\\\/skaitytaknyga.lt\\\/#\\\/schema\\\/logo\\\/image\\\/\"},\"sameAs\":[\"https:\\\/\\\/www.facebook.com\\\/skaitytaknyga\\\/\"]}]}<\/script>\n<!-- \/ Yoast SEO plugin. -->","yoast_head_json":{"title":"Patarimai besiporuojantiems, susiporavusiems ir aistringai geid\u017eiantiems susiporuoti","description":"\u0160i knyga \u2013 prakti\u0161kas s\u0105moningo ir laimingo \u0161eimyninio gyvenimo k\u016brimo vadovas. Ji skirta ir svajojantiems sutikti mylim\u0105 \u017emog\u0173, ir jau turintiems","robots":{"index":"index","follow":"follow","max-snippet":"max-snippet:-1","max-image-preview":"max-image-preview:large","max-video-preview":"max-video-preview:-1"},"canonical":"https:\/\/skaitytaknyga.lt\/en\/produktas\/patarimai-besiporuojantiems\/","og_locale":"en_GB","og_type":"article","og_title":"[:lt]Patarimai besiporuojantiems, susiporavusiems ir aistringai geid\u017eiantiems susiporuoti[:] - Skaitytaknyga","og_description":"\u0160i knyga \u2013 prakti\u0161kas s\u0105moningo ir laimingo \u0161eimyninio gyvenimo k\u016brimo vadovas. Ji skirta ir svajojantiems sutikti mylim\u0105 \u017emog\u0173, ir jau turintiems","og_url":"https:\/\/skaitytaknyga.lt\/en\/produktas\/patarimai-besiporuojantiems\/","og_site_name":"Skaitytaknyga","article_publisher":"https:\/\/www.facebook.com\/skaitytaknyga\/","article_modified_time":"2025-05-15T10:44:53+00:00","og_image":[{"width":424,"height":616,"url":"https:\/\/skaitytaknyga.lt\/wp-content\/uploads\/2025\/04\/Patarimai-besiporuojantiems-susiporavusiems-ir-aistringai-geidziantiems-susiporuoti.webp","type":"image\/webp"}],"twitter_card":"summary_large_image","twitter_misc":{"Estimated reading time":"1 minute"},"schema":{"@context":"https:\/\/schema.org","@graph":[{"@type":"WebPage","@id":"https:\/\/skaitytaknyga.lt\/produktas\/patarimai-besiporuojantiems\/","url":"https:\/\/skaitytaknyga.lt\/produktas\/patarimai-besiporuojantiems\/","name":"Patarimai besiporuojantiems, susiporavusiems ir aistringai geid\u017eiantiems susiporuoti","isPartOf":{"@id":"https:\/\/skaitytaknyga.lt\/#website"},"primaryImageOfPage":{"@id":"https:\/\/skaitytaknyga.lt\/produktas\/patarimai-besiporuojantiems\/#primaryimage"},"image":{"@id":"https:\/\/skaitytaknyga.lt\/produktas\/patarimai-besiporuojantiems\/#primaryimage"},"thumbnailUrl":"https:\/\/skaitytaknyga.lt\/wp-content\/uploads\/2025\/04\/Patarimai-besiporuojantiems-susiporavusiems-ir-aistringai-geidziantiems-susiporuoti.webp","datePublished":"2025-04-17T06:45:32+00:00","dateModified":"2025-05-15T10:44:53+00:00","description":"\u0160i knyga \u2013 prakti\u0161kas s\u0105moningo ir laimingo \u0161eimyninio gyvenimo k\u016brimo vadovas. Ji skirta ir svajojantiems sutikti mylim\u0105 \u017emog\u0173, ir jau turintiems","breadcrumb":{"@id":"https:\/\/skaitytaknyga.lt\/produktas\/patarimai-besiporuojantiems\/#breadcrumb"},"inLanguage":"en-GB","potentialAction":[{"@type":"ReadAction","target":["https:\/\/skaitytaknyga.lt\/produktas\/patarimai-besiporuojantiems\/"]}]},{"@type":"ImageObject","inLanguage":"en-GB","@id":"https:\/\/skaitytaknyga.lt\/produktas\/patarimai-besiporuojantiems\/#primaryimage","url":"https:\/\/skaitytaknyga.lt\/wp-content\/uploads\/2025\/04\/Patarimai-besiporuojantiems-susiporavusiems-ir-aistringai-geidziantiems-susiporuoti.webp","contentUrl":"https:\/\/skaitytaknyga.lt\/wp-content\/uploads\/2025\/04\/Patarimai-besiporuojantiems-susiporavusiems-ir-aistringai-geidziantiems-susiporuoti.webp","width":424,"height":616,"caption":"Patarimai besiporuojantiems, susiporavusiems ir aistringai geid\u017eiantiems susiporuoti"},{"@type":"BreadcrumbList","@id":"https:\/\/skaitytaknyga.lt\/produktas\/patarimai-besiporuojantiems\/#breadcrumb","itemListElement":[{"@type":"ListItem","position":1,"name":"Home","item":"https:\/\/skaitytaknyga.lt\/"},{"@type":"ListItem","position":2,"name":"Parduotuv\u0117","item":"https:\/\/skaitytaknyga.lt\/knygu-parduotuve\/"},{"@type":"ListItem","position":3,"name":"Patarimai besiporuojantiems, susiporavusiems ir aistringai geid\u017eiantiems susiporuoti"}]},{"@type":"WebSite","@id":"https:\/\/skaitytaknyga.lt\/#website","url":"https:\/\/skaitytaknyga.lt\/","name":"skaitytaknyga.lt","description":"Skaitytaknyga.lt \u2013 tai ma\u017eas \u0161eimos verslas, kuris prasid\u0117jo nuo meil\u0117s knygoms ir siekio i\u0161gelb\u0117ti knygas nuo likimo prie konteinerio. Kas vienam nereikalingas daiktas \u2013 kitam lobis, o mes esame tarpininkai, kurie padeda abiems tapti laimingesniems ???? \u017dinome kaip nelengva i\u0161gyventi ma\u017eiems verslams, tad nuo \u0161iol, \u010dia rasite ir kit\u0173, ma\u017e\u0173 \u0161eim\u0173 versl\u0173, rank\u0173 darbo, dovan\u0173 sau ir artimiesiems.","publisher":{"@id":"https:\/\/skaitytaknyga.lt\/#organization"},"potentialAction":[{"@type":"SearchAction","target":{"@type":"EntryPoint","urlTemplate":"https:\/\/skaitytaknyga.lt\/?s={search_term_string}"},"query-input":{"@type":"PropertyValueSpecification","valueRequired":true,"valueName":"search_term_string"}}],"inLanguage":"en-GB"},{"@type":"Organization","@id":"https:\/\/skaitytaknyga.lt\/#organization","name":"skaitytaknyga.lt","url":"https:\/\/skaitytaknyga.lt\/","logo":{"@type":"ImageObject","inLanguage":"en-GB","@id":"https:\/\/skaitytaknyga.lt\/#\/schema\/logo\/image\/","url":"https:\/\/skaitytaknyga.lt\/wp-content\/uploads\/2024\/05\/cropped-cropped-cropped-02_00843_jt3bggkj1j3HLc7SyY6rEUpg.jpeg","contentUrl":"https:\/\/skaitytaknyga.lt\/wp-content\/uploads\/2024\/05\/cropped-cropped-cropped-02_00843_jt3bggkj1j3HLc7SyY6rEUpg.jpeg","width":1600,"height":1600,"caption":"skaitytaknyga.lt"},"image":{"@id":"https:\/\/skaitytaknyga.lt\/#\/schema\/logo\/image\/"},"sameAs":["https:\/\/www.facebook.com\/skaitytaknyga\/"]}]}},"_links":{"self":[{"href":"https:\/\/skaitytaknyga.lt\/en\/wp-json\/wp\/v2\/product\/17884","targetHints":{"allow":["GET"]}}],"collection":[{"href":"https:\/\/skaitytaknyga.lt\/en\/wp-json\/wp\/v2\/product"}],"about":[{"href":"https:\/\/skaitytaknyga.lt\/en\/wp-json\/wp\/v2\/types\/product"}],"replies":[{"embeddable":true,"href":"https:\/\/skaitytaknyga.lt\/en\/wp-json\/wp\/v2\/comments?post=17884"}],"wp:featuredmedia":[{"embeddable":true,"href":"https:\/\/skaitytaknyga.lt\/en\/wp-json\/wp\/v2\/media\/17885"}],"wp:attachment":[{"href":"https:\/\/skaitytaknyga.lt\/en\/wp-json\/wp\/v2\/media?parent=17884"}],"wp:term":[{"taxonomy":"product_brand","embeddable":true,"href":"https:\/\/skaitytaknyga.lt\/en\/wp-json\/wp\/v2\/product_brand?post=17884"},{"taxonomy":"product_cat","embeddable":true,"href":"https:\/\/skaitytaknyga.lt\/en\/wp-json\/wp\/v2\/product_cat?post=17884"},{"taxonomy":"product_tag","embeddable":true,"href":"https:\/\/skaitytaknyga.lt\/en\/wp-json\/wp\/v2\/product_tag?post=17884"}],"curies":[{"name":"wp","href":"https:\/\/api.w.org\/{rel}","templated":true}]}}