{"id":17882,"date":"2025-04-17T09:44:16","date_gmt":"2025-04-17T06:44:16","guid":{"rendered":"https:\/\/skaitytaknyga.lt\/?post_type=product&#038;p=17882"},"modified":"2025-05-15T13:44:45","modified_gmt":"2025-05-15T10:44:45","slug":"kas-mums-trukdo-tureti-pinigu-ir-ka-daryti-kad-sis-stygius-musu-nevargintu","status":"publish","type":"product","link":"https:\/\/skaitytaknyga.lt\/en\/produktas\/kas-mums-trukdo-tureti-pinigu-ir-ka-daryti-kad-sis-stygius-musu-nevargintu\/","title":{"rendered":"Kas mums trukdo tur\u0117ti pinig\u0173 ir k\u0105 daryti, kad \u0161is stygius m\u016bs\u0173 nevargint\u0173"},"content":{"rendered":"<p>\u0160ioje knygoje garsus rus\u0173 psichoterapeutas Aleksandras Svija\u0161as pateikia i\u0161sami\u0105 metodik\u0105, kuri padeda atsikratyti neigiam\u0173 pas\u0105monini\u0173 program\u0173, ugdytis teigiamas nuostatas ir siekti finansin\u0117s gerov\u0117s. Aleksandras Svija\u0161as yra populiarus ra\u0161ytojas ir psichologas. Jo knygos ir asmenin\u0117s konsultacijos daugybei \u017emoni\u0173 pad\u0117jo i\u0161spr\u0119sti gyvenimo problemas, kurios pirmiau atrod\u0117 nei\u0161sprend\u017eiamos. Unikalus Aleksandro Svija\u0161o metodikos bruo\u017eas yra tas, kad jis klasikin\u0119 vakarieti\u0161k\u0105 saviugdos psichologij\u0105 papild\u0117 Ryt\u0173 filosofijos elementais. Tokios sintez\u0117s rezultatas yra praktin\u0117 sistema, kuri\u0105 gali \u012fvaldyti kiekvienas, kuris pasiry\u017eo pakeisti savo gyvenim\u0105&#8230;<\/p>\n<p>Pinigai yra m\u016bs\u0173 tikrov\u0117s dalis &#8211; norime to ar ne. Pinigais vertinami m\u016bs\u0173 talentai, profesionalumas, sugeb\u0117jimas atlikti pa\u010dias \u012fvairiausias u\u017eduotis, gal\u0173 gale pinigai, kuriuos sugebame u\u017edirbti, parodo, kiek mes apskritai esame verti. Deja, pinig\u0173 mums nuolatos tr\u016bksta. J\u0173 tr\u016bksta net tiems, kurie vie\u0161ai skelbia, kad ne pinigai yra laim\u0117.<\/p>\n<p>Tad k\u0105 daryti, kad m\u016bs\u0173 \u0161is stygius nealint\u0173? Kaip \u012f\u017eengti \u012f turting\u0173 \u017emoni\u0173 gretas ir nesikankinti, kai matome, kad atlyginimo diena dar toli?<\/p>\n<p>\u0160i knyga vis\u0173 pirma reikalinga tiems, kurie mano, kad dideli pinigai skirti ne jiems. Kuriems atrodo, kad tokius pinigus u\u017edirba tik nedori ir nes\u0105\u017einingi \u017emon\u0117s. Ir kur netiki, kad patys gali b\u016bti turtingi. \u012e visas tokias abejones yra vienas atsakymas: jeigu gim\u0117te \u0161iame pasaulyje j\u016bs turite teis\u0119 b\u016bti laimingi. O viena i\u0161 sudedam\u0173j\u0173 laim\u0117s dali\u0173 yra materiali gausa.<\/p>\n<ul class=\"about-product d-none d-xl-block mt-4\">\n<li><strong>Autorius:<\/strong>\u00a0Aleksandras Svija\u0161as<\/li>\n<li><strong>Leid\u0117jas<\/strong>\u00a0Luceo<\/li>\n<li><strong>Metai:<\/strong>\u00a02011<\/li>\n<li><strong>Puslapiai:<\/strong>\u00a0240<\/li>\n<li class=\"toggleable type-new-formats \"><strong>ISBN :\u00a0<\/strong>9789955678731<\/li>\n<li><strong>Versijos kodas:<\/strong>\u00a0PT.<\/li>\n<li class=\"toggleable type-new-formats \"><strong>Formatas:<\/strong>\u00a015 x 22 cm, kieti vir\u0161eliai<\/li>\n<li><strong>Kalba:<\/strong>\u00a0Lietuvi\u0173<\/li>\n<li><strong>Vert\u0117jas:<\/strong>\u00a0Virginija Bertul\u0117<\/li>\n<\/ul>\n","protected":false},"excerpt":{"rendered":"<p>\u0160ioje knygoje garsus rus\u0173 psichoterapeutas Aleksandras Svija\u0161as pateikia i\u0161sami\u0105 metodik\u0105, kuri padeda atsikratyti neigiam\u0173 pas\u0105monini\u0173 program\u0173, ugdytis teigiamas nuostatas ir siekti finansin\u0117s gerov\u0117s. Aleksandras Svija\u0161as yra populiarus ra\u0161ytojas ir psichologas. Jo knygos ir asmenin\u0117s konsultacijos daugybei \u017emoni\u0173 pad\u0117jo i\u0161spr\u0119sti gyvenimo problemas, kurios pirmiau atrod\u0117 nei\u0161sprend\u017eiamos. Unikalus Aleksandro Svija\u0161o metodikos bruo\u017eas yra tas, kad jis klasikin\u0119 vakarieti\u0161k\u0105 saviugdos psichologij\u0105 papild\u0117 Ryt\u0173 filosofijos elementais. Tokios sintez\u0117s rezultatas yra praktin\u0117 sistema, kuri\u0105 gali \u012fvaldyti kiekvienas, kuris pasiry\u017eo pakeisti savo gyvenim\u0105&#8230; Pinigai yra m\u016bs\u0173 tikrov\u0117s dalis &#8211; norime to ar ne. Pinigais vertinami m\u016bs\u0173 talentai, profesionalumas, sugeb\u0117jimas atlikti pa\u010dias \u012fvairiausias u\u017eduotis, gal\u0173 gale pinigai, kuriuos sugebame u\u017edirbti, parodo, kiek mes apskritai esame verti. Deja, pinig\u0173 mums nuolatos tr\u016bksta. J\u0173 tr\u016bksta net tiems, kurie vie\u0161ai skelbia, kad ne pinigai yra laim\u0117. Tad k\u0105 daryti, kad m\u016bs\u0173 \u0161is stygius nealint\u0173? Kaip \u012f\u017eengti \u012f turting\u0173 \u017emoni\u0173 gretas ir nesikankinti, kai matome, kad atlyginimo diena dar toli? \u0160i knyga vis\u0173 pirma reikalinga tiems, kurie mano, kad dideli pinigai skirti ne jiems. Kuriems atrodo, kad tokius pinigus u\u017edirba tik nedori ir nes\u0105\u017einingi \u017emon\u0117s. Ir kur netiki, kad patys gali b\u016bti turtingi. \u012e visas tokias abejones yra vienas atsakymas: jeigu gim\u0117te \u0161iame pasaulyje j\u016bs turite teis\u0119 b\u016bti laimingi. O viena i\u0161 sudedam\u0173j\u0173 laim\u0117s dali\u0173 yra materiali gausa. Autorius:\u00a0Aleksandras Svija\u0161as Leid\u0117jas\u00a0Luceo Metai:\u00a02011 Puslapiai:\u00a0240 ISBN :\u00a09789955678731 Versijos kodas:\u00a0PT. Formatas:\u00a015 x 22 cm, kieti vir\u0161eliai Kalba:\u00a0Lietuvi\u0173 Vert\u0117jas:\u00a0Virginija Bertul\u0117<\/p>\n","protected":false},"featured_media":17883,"comment_status":"closed","ping_status":"closed","template":"","meta":{"_acf_changed":false,"site-sidebar-layout":"default","site-content-layout":"","ast-site-content-layout":"default","site-content-style":"default","site-sidebar-style":"default","ast-global-header-display":"","ast-banner-title-visibility":"","ast-main-header-display":"","ast-hfb-above-header-display":"","ast-hfb-below-header-display":"","ast-hfb-mobile-header-display":"","site-post-title":"","ast-breadcrumbs-content":"","ast-featured-img":"","footer-sml-layout":"","ast-disable-related-posts":"","theme-transparent-header-meta":"default","adv-header-id-meta":"","stick-header-meta":"","header-above-stick-meta":"","header-main-stick-meta":"","header-below-stick-meta":"","astra-migrate-meta-layouts":"set","ast-page-background-enabled":"default","ast-page-background-meta":{"desktop":{"background-color":"","background-image":"","background-repeat":"repeat","background-position":"center center","background-size":"auto","background-attachment":"scroll","background-type":"","background-media":"","overlay-type":"","overlay-color":"","overlay-opacity":"","overlay-gradient":""},"tablet":{"background-color":"","background-image":"","background-repeat":"repeat","background-position":"center center","background-size":"auto","background-attachment":"scroll","background-type":"","background-media":"","overlay-type":"","overlay-color":"","overlay-opacity":"","overlay-gradient":""},"mobile":{"background-color":"","background-image":"","background-repeat":"repeat","background-position":"center center","background-size":"auto","background-attachment":"scroll","background-type":"","background-media":"","overlay-type":"","overlay-color":"","overlay-opacity":"","overlay-gradient":""}},"ast-content-background-meta":{"desktop":{"background-color":"var(--ast-global-color-4)","background-image":"","background-repeat":"repeat","background-position":"center center","background-size":"auto","background-attachment":"scroll","background-type":"","background-media":"","overlay-type":"","overlay-color":"","overlay-opacity":"","overlay-gradient":""},"tablet":{"background-color":"var(--ast-global-color-4)","background-image":"","background-repeat":"repeat","background-position":"center center","background-size":"auto","background-attachment":"scroll","background-type":"","background-media":"","overlay-type":"","overlay-color":"","overlay-opacity":"","overlay-gradient":""},"mobile":{"background-color":"var(--ast-global-color-4)","background-image":"","background-repeat":"repeat","background-position":"center center","background-size":"auto","background-attachment":"scroll","background-type":"","background-media":"","overlay-type":"","overlay-color":"","overlay-opacity":"","overlay-gradient":""}}},"product_brand":[],"product_cat":[30],"product_tag":[2304,2778,1642,2300,3429,2264,1396],"class_list":{"0":"post-17882","1":"product","2":"type-product","3":"status-publish","4":"has-post-thumbnail","6":"product_cat-psichologija-ir-saviugda","7":"product_tag-aleksandras-svijasas","8":"product_tag-finansine-gerove","9":"product_tag-finansu-valdymas","10":"product_tag-pinigai","11":"product_tag-psichoterapija","12":"product_tag-rytu-filosofija","13":"product_tag-saviugda","14":"desktop-align-left","15":"tablet-align-left","16":"mobile-align-left","18":"first","19":"instock","20":"shipping-taxable","21":"purchasable","22":"product-type-simple"},"acf":[],"yoast_head":"<!-- This site is optimized with the Yoast SEO plugin v27.0 - https:\/\/yoast.com\/product\/yoast-seo-wordpress\/ -->\n<title>Kas mums trukdo tur\u0117ti pinig\u0173 ir k\u0105 daryti, kad \u0161is stygius m\u016bs\u0173 nevargint\u0173<\/title>\n<meta name=\"description\" content=\"\u0160ioje knygoje garsus rus\u0173 psichoterapeutas Aleksandras Svija\u0161as pateikia i\u0161sami\u0105 metodik\u0105, kuri padeda atsikratyti neigiam\u0173 pas\u0105monini\u0173 program\u0173, ugdytis\" \/>\n<meta name=\"robots\" content=\"index, follow, max-snippet:-1, max-image-preview:large, max-video-preview:-1\" \/>\n<link rel=\"canonical\" href=\"https:\/\/skaitytaknyga.lt\/en\/produktas\/kas-mums-trukdo-tureti-pinigu-ir-ka-daryti-kad-sis-stygius-musu-nevargintu\/\" \/>\n<meta property=\"og:locale\" content=\"en_GB\" \/>\n<meta property=\"og:locale:alternate\" content=\"lt_LT\" \/>\n<meta property=\"og:type\" content=\"article\" \/>\n<meta property=\"og:title\" content=\"Kas mums trukdo tur\u0117ti pinig\u0173 ir k\u0105 daryti, kad \u0161is stygius m\u016bs\u0173 nevargint\u0173\" \/>\n<meta property=\"og:description\" content=\"\u0160ioje knygoje garsus rus\u0173 psichoterapeutas Aleksandras Svija\u0161as pateikia i\u0161sami\u0105 metodik\u0105, kuri padeda atsikratyti neigiam\u0173 pas\u0105monini\u0173 program\u0173, ugdytis\" \/>\n<meta property=\"og:url\" content=\"https:\/\/skaitytaknyga.lt\/en\/produktas\/kas-mums-trukdo-tureti-pinigu-ir-ka-daryti-kad-sis-stygius-musu-nevargintu\/\" \/>\n<meta property=\"og:site_name\" content=\"Skaitytaknyga\" \/>\n<meta property=\"article:publisher\" content=\"https:\/\/www.facebook.com\/skaitytaknyga\/\" \/>\n<meta property=\"article:modified_time\" content=\"2025-05-15T10:44:45+00:00\" \/>\n<meta property=\"og:image\" content=\"https:\/\/skaitytaknyga.lt\/wp-content\/uploads\/2025\/04\/Kas-mums-trukdo-tureti-pinigu-ir-ka-daryti-kad-sis-stygius-musu-nevargintu.webp\" \/>\n\t<meta property=\"og:image:width\" content=\"433\" \/>\n\t<meta property=\"og:image:height\" content=\"628\" \/>\n\t<meta property=\"og:image:type\" content=\"image\/webp\" \/>\n<meta name=\"twitter:card\" content=\"summary_large_image\" \/>\n<meta name=\"twitter:label1\" content=\"Estimated reading time\" \/>\n\t<meta name=\"twitter:data1\" content=\"2 minutes\" \/>\n<script type=\"application\/ld+json\" class=\"yoast-schema-graph\">{\"@context\":\"https:\/\/schema.org\",\"@graph\":[{\"@type\":\"WebPage\",\"@id\":\"https:\/\/skaitytaknyga.lt\/produktas\/kas-mums-trukdo-tureti-pinigu-ir-ka-daryti-kad-sis-stygius-musu-nevargintu\/\",\"url\":\"https:\/\/skaitytaknyga.lt\/produktas\/kas-mums-trukdo-tureti-pinigu-ir-ka-daryti-kad-sis-stygius-musu-nevargintu\/\",\"name\":\"Kas mums trukdo tur\u0117ti pinig\u0173 ir k\u0105 daryti, kad \u0161is stygius m\u016bs\u0173 nevargint\u0173\",\"isPartOf\":{\"@id\":\"https:\/\/skaitytaknyga.lt\/#website\"},\"primaryImageOfPage\":{\"@id\":\"https:\/\/skaitytaknyga.lt\/produktas\/kas-mums-trukdo-tureti-pinigu-ir-ka-daryti-kad-sis-stygius-musu-nevargintu\/#primaryimage\"},\"image\":{\"@id\":\"https:\/\/skaitytaknyga.lt\/produktas\/kas-mums-trukdo-tureti-pinigu-ir-ka-daryti-kad-sis-stygius-musu-nevargintu\/#primaryimage\"},\"thumbnailUrl\":\"https:\/\/skaitytaknyga.lt\/wp-content\/uploads\/2025\/04\/Kas-mums-trukdo-tureti-pinigu-ir-ka-daryti-kad-sis-stygius-musu-nevargintu.webp\",\"datePublished\":\"2025-04-17T06:44:16+00:00\",\"dateModified\":\"2025-05-15T10:44:45+00:00\",\"description\":\"\u0160ioje knygoje garsus rus\u0173 psichoterapeutas Aleksandras Svija\u0161as pateikia i\u0161sami\u0105 metodik\u0105, kuri padeda atsikratyti neigiam\u0173 pas\u0105monini\u0173 program\u0173, ugdytis\",\"breadcrumb\":{\"@id\":\"https:\/\/skaitytaknyga.lt\/produktas\/kas-mums-trukdo-tureti-pinigu-ir-ka-daryti-kad-sis-stygius-musu-nevargintu\/#breadcrumb\"},\"inLanguage\":\"en-GB\",\"potentialAction\":[{\"@type\":\"ReadAction\",\"target\":[\"https:\/\/skaitytaknyga.lt\/produktas\/kas-mums-trukdo-tureti-pinigu-ir-ka-daryti-kad-sis-stygius-musu-nevargintu\/\"]}]},{\"@type\":\"ImageObject\",\"inLanguage\":\"en-GB\",\"@id\":\"https:\/\/skaitytaknyga.lt\/produktas\/kas-mums-trukdo-tureti-pinigu-ir-ka-daryti-kad-sis-stygius-musu-nevargintu\/#primaryimage\",\"url\":\"https:\/\/skaitytaknyga.lt\/wp-content\/uploads\/2025\/04\/Kas-mums-trukdo-tureti-pinigu-ir-ka-daryti-kad-sis-stygius-musu-nevargintu.webp\",\"contentUrl\":\"https:\/\/skaitytaknyga.lt\/wp-content\/uploads\/2025\/04\/Kas-mums-trukdo-tureti-pinigu-ir-ka-daryti-kad-sis-stygius-musu-nevargintu.webp\",\"width\":433,\"height\":628,\"caption\":\"Kas mums trukdo tur\u0117ti pinig\u0173 ir k\u0105 daryti, kad \u0161is stygius m\u016bs\u0173 nevargint\u0173\"},{\"@type\":\"BreadcrumbList\",\"@id\":\"https:\/\/skaitytaknyga.lt\/produktas\/kas-mums-trukdo-tureti-pinigu-ir-ka-daryti-kad-sis-stygius-musu-nevargintu\/#breadcrumb\",\"itemListElement\":[{\"@type\":\"ListItem\",\"position\":1,\"name\":\"Home\",\"item\":\"https:\/\/skaitytaknyga.lt\/\"},{\"@type\":\"ListItem\",\"position\":2,\"name\":\"Parduotuv\u0117\",\"item\":\"https:\/\/skaitytaknyga.lt\/knygu-parduotuve\/\"},{\"@type\":\"ListItem\",\"position\":3,\"name\":\"Kas mums trukdo tur\u0117ti pinig\u0173 ir k\u0105 daryti, kad \u0161is stygius m\u016bs\u0173 nevargint\u0173\"}]},{\"@type\":\"WebSite\",\"@id\":\"https:\/\/skaitytaknyga.lt\/#website\",\"url\":\"https:\/\/skaitytaknyga.lt\/\",\"name\":\"skaitytaknyga.lt\",\"description\":\"Skaitytaknyga.lt \u2013 tai ma\u017eas \u0161eimos verslas, kuris prasid\u0117jo nuo meil\u0117s knygoms ir siekio i\u0161gelb\u0117ti knygas nuo likimo prie konteinerio. Kas vienam nereikalingas daiktas \u2013 kitam lobis, o mes esame tarpininkai, kurie padeda abiems tapti laimingesniems ???? \u017dinome kaip nelengva i\u0161gyventi ma\u017eiems verslams, tad nuo \u0161iol, \u010dia rasite ir kit\u0173, ma\u017e\u0173 \u0161eim\u0173 versl\u0173, rank\u0173 darbo, dovan\u0173 sau ir artimiesiems.\",\"publisher\":{\"@id\":\"https:\/\/skaitytaknyga.lt\/#organization\"},\"potentialAction\":[{\"@type\":\"SearchAction\",\"target\":{\"@type\":\"EntryPoint\",\"urlTemplate\":\"https:\/\/skaitytaknyga.lt\/?s={search_term_string}\"},\"query-input\":{\"@type\":\"PropertyValueSpecification\",\"valueRequired\":true,\"valueName\":\"search_term_string\"}}],\"inLanguage\":\"en-GB\"},{\"@type\":\"Organization\",\"@id\":\"https:\/\/skaitytaknyga.lt\/#organization\",\"name\":\"skaitytaknyga.lt\",\"url\":\"https:\/\/skaitytaknyga.lt\/\",\"logo\":{\"@type\":\"ImageObject\",\"inLanguage\":\"en-GB\",\"@id\":\"https:\/\/skaitytaknyga.lt\/#\/schema\/logo\/image\/\",\"url\":\"https:\/\/skaitytaknyga.lt\/wp-content\/uploads\/2024\/05\/cropped-cropped-cropped-02_00843_jt3bggkj1j3HLc7SyY6rEUpg.jpeg\",\"contentUrl\":\"https:\/\/skaitytaknyga.lt\/wp-content\/uploads\/2024\/05\/cropped-cropped-cropped-02_00843_jt3bggkj1j3HLc7SyY6rEUpg.jpeg\",\"width\":1600,\"height\":1600,\"caption\":\"skaitytaknyga.lt\"},\"image\":{\"@id\":\"https:\/\/skaitytaknyga.lt\/#\/schema\/logo\/image\/\"},\"sameAs\":[\"https:\/\/www.facebook.com\/skaitytaknyga\/\"]}]}<\/script>\n<!-- \/ Yoast SEO plugin. -->","yoast_head_json":{"title":"Kas mums trukdo tur\u0117ti pinig\u0173 ir k\u0105 daryti, kad \u0161is stygius m\u016bs\u0173 nevargint\u0173","description":"\u0160ioje knygoje garsus rus\u0173 psichoterapeutas Aleksandras Svija\u0161as pateikia i\u0161sami\u0105 metodik\u0105, kuri padeda atsikratyti neigiam\u0173 pas\u0105monini\u0173 program\u0173, ugdytis","robots":{"index":"index","follow":"follow","max-snippet":"max-snippet:-1","max-image-preview":"max-image-preview:large","max-video-preview":"max-video-preview:-1"},"canonical":"https:\/\/skaitytaknyga.lt\/en\/produktas\/kas-mums-trukdo-tureti-pinigu-ir-ka-daryti-kad-sis-stygius-musu-nevargintu\/","og_locale":"en_GB","og_type":"article","og_title":"[:lt]Kas mums trukdo tur\u0117ti pinig\u0173 ir k\u0105 daryti, kad \u0161is stygius m\u016bs\u0173 nevargint\u0173[:] - Skaitytaknyga","og_description":"\u0160ioje knygoje garsus rus\u0173 psichoterapeutas Aleksandras Svija\u0161as pateikia i\u0161sami\u0105 metodik\u0105, kuri padeda atsikratyti neigiam\u0173 pas\u0105monini\u0173 program\u0173, ugdytis","og_url":"https:\/\/skaitytaknyga.lt\/en\/produktas\/kas-mums-trukdo-tureti-pinigu-ir-ka-daryti-kad-sis-stygius-musu-nevargintu\/","og_site_name":"Skaitytaknyga","article_publisher":"https:\/\/www.facebook.com\/skaitytaknyga\/","article_modified_time":"2025-05-15T10:44:45+00:00","og_image":[{"width":433,"height":628,"url":"https:\/\/skaitytaknyga.lt\/wp-content\/uploads\/2025\/04\/Kas-mums-trukdo-tureti-pinigu-ir-ka-daryti-kad-sis-stygius-musu-nevargintu.webp","type":"image\/webp"}],"twitter_card":"summary_large_image","twitter_misc":{"Estimated reading time":"2 minutes"},"schema":{"@context":"https:\/\/schema.org","@graph":[{"@type":"WebPage","@id":"https:\/\/skaitytaknyga.lt\/produktas\/kas-mums-trukdo-tureti-pinigu-ir-ka-daryti-kad-sis-stygius-musu-nevargintu\/","url":"https:\/\/skaitytaknyga.lt\/produktas\/kas-mums-trukdo-tureti-pinigu-ir-ka-daryti-kad-sis-stygius-musu-nevargintu\/","name":"Kas mums trukdo tur\u0117ti pinig\u0173 ir k\u0105 daryti, kad \u0161is stygius m\u016bs\u0173 nevargint\u0173","isPartOf":{"@id":"https:\/\/skaitytaknyga.lt\/#website"},"primaryImageOfPage":{"@id":"https:\/\/skaitytaknyga.lt\/produktas\/kas-mums-trukdo-tureti-pinigu-ir-ka-daryti-kad-sis-stygius-musu-nevargintu\/#primaryimage"},"image":{"@id":"https:\/\/skaitytaknyga.lt\/produktas\/kas-mums-trukdo-tureti-pinigu-ir-ka-daryti-kad-sis-stygius-musu-nevargintu\/#primaryimage"},"thumbnailUrl":"https:\/\/skaitytaknyga.lt\/wp-content\/uploads\/2025\/04\/Kas-mums-trukdo-tureti-pinigu-ir-ka-daryti-kad-sis-stygius-musu-nevargintu.webp","datePublished":"2025-04-17T06:44:16+00:00","dateModified":"2025-05-15T10:44:45+00:00","description":"\u0160ioje knygoje garsus rus\u0173 psichoterapeutas Aleksandras Svija\u0161as pateikia i\u0161sami\u0105 metodik\u0105, kuri padeda atsikratyti neigiam\u0173 pas\u0105monini\u0173 program\u0173, ugdytis","breadcrumb":{"@id":"https:\/\/skaitytaknyga.lt\/produktas\/kas-mums-trukdo-tureti-pinigu-ir-ka-daryti-kad-sis-stygius-musu-nevargintu\/#breadcrumb"},"inLanguage":"en-GB","potentialAction":[{"@type":"ReadAction","target":["https:\/\/skaitytaknyga.lt\/produktas\/kas-mums-trukdo-tureti-pinigu-ir-ka-daryti-kad-sis-stygius-musu-nevargintu\/"]}]},{"@type":"ImageObject","inLanguage":"en-GB","@id":"https:\/\/skaitytaknyga.lt\/produktas\/kas-mums-trukdo-tureti-pinigu-ir-ka-daryti-kad-sis-stygius-musu-nevargintu\/#primaryimage","url":"https:\/\/skaitytaknyga.lt\/wp-content\/uploads\/2025\/04\/Kas-mums-trukdo-tureti-pinigu-ir-ka-daryti-kad-sis-stygius-musu-nevargintu.webp","contentUrl":"https:\/\/skaitytaknyga.lt\/wp-content\/uploads\/2025\/04\/Kas-mums-trukdo-tureti-pinigu-ir-ka-daryti-kad-sis-stygius-musu-nevargintu.webp","width":433,"height":628,"caption":"Kas mums trukdo tur\u0117ti pinig\u0173 ir k\u0105 daryti, kad \u0161is stygius m\u016bs\u0173 nevargint\u0173"},{"@type":"BreadcrumbList","@id":"https:\/\/skaitytaknyga.lt\/produktas\/kas-mums-trukdo-tureti-pinigu-ir-ka-daryti-kad-sis-stygius-musu-nevargintu\/#breadcrumb","itemListElement":[{"@type":"ListItem","position":1,"name":"Home","item":"https:\/\/skaitytaknyga.lt\/"},{"@type":"ListItem","position":2,"name":"Parduotuv\u0117","item":"https:\/\/skaitytaknyga.lt\/knygu-parduotuve\/"},{"@type":"ListItem","position":3,"name":"Kas mums trukdo tur\u0117ti pinig\u0173 ir k\u0105 daryti, kad \u0161is stygius m\u016bs\u0173 nevargint\u0173"}]},{"@type":"WebSite","@id":"https:\/\/skaitytaknyga.lt\/#website","url":"https:\/\/skaitytaknyga.lt\/","name":"skaitytaknyga.lt","description":"Skaitytaknyga.lt \u2013 tai ma\u017eas \u0161eimos verslas, kuris prasid\u0117jo nuo meil\u0117s knygoms ir siekio i\u0161gelb\u0117ti knygas nuo likimo prie konteinerio. Kas vienam nereikalingas daiktas \u2013 kitam lobis, o mes esame tarpininkai, kurie padeda abiems tapti laimingesniems ???? \u017dinome kaip nelengva i\u0161gyventi ma\u017eiems verslams, tad nuo \u0161iol, \u010dia rasite ir kit\u0173, ma\u017e\u0173 \u0161eim\u0173 versl\u0173, rank\u0173 darbo, dovan\u0173 sau ir artimiesiems.","publisher":{"@id":"https:\/\/skaitytaknyga.lt\/#organization"},"potentialAction":[{"@type":"SearchAction","target":{"@type":"EntryPoint","urlTemplate":"https:\/\/skaitytaknyga.lt\/?s={search_term_string}"},"query-input":{"@type":"PropertyValueSpecification","valueRequired":true,"valueName":"search_term_string"}}],"inLanguage":"en-GB"},{"@type":"Organization","@id":"https:\/\/skaitytaknyga.lt\/#organization","name":"skaitytaknyga.lt","url":"https:\/\/skaitytaknyga.lt\/","logo":{"@type":"ImageObject","inLanguage":"en-GB","@id":"https:\/\/skaitytaknyga.lt\/#\/schema\/logo\/image\/","url":"https:\/\/skaitytaknyga.lt\/wp-content\/uploads\/2024\/05\/cropped-cropped-cropped-02_00843_jt3bggkj1j3HLc7SyY6rEUpg.jpeg","contentUrl":"https:\/\/skaitytaknyga.lt\/wp-content\/uploads\/2024\/05\/cropped-cropped-cropped-02_00843_jt3bggkj1j3HLc7SyY6rEUpg.jpeg","width":1600,"height":1600,"caption":"skaitytaknyga.lt"},"image":{"@id":"https:\/\/skaitytaknyga.lt\/#\/schema\/logo\/image\/"},"sameAs":["https:\/\/www.facebook.com\/skaitytaknyga\/"]}]}},"_links":{"self":[{"href":"https:\/\/skaitytaknyga.lt\/en\/wp-json\/wp\/v2\/product\/17882","targetHints":{"allow":["GET"]}}],"collection":[{"href":"https:\/\/skaitytaknyga.lt\/en\/wp-json\/wp\/v2\/product"}],"about":[{"href":"https:\/\/skaitytaknyga.lt\/en\/wp-json\/wp\/v2\/types\/product"}],"replies":[{"embeddable":true,"href":"https:\/\/skaitytaknyga.lt\/en\/wp-json\/wp\/v2\/comments?post=17882"}],"wp:featuredmedia":[{"embeddable":true,"href":"https:\/\/skaitytaknyga.lt\/en\/wp-json\/wp\/v2\/media\/17883"}],"wp:attachment":[{"href":"https:\/\/skaitytaknyga.lt\/en\/wp-json\/wp\/v2\/media?parent=17882"}],"wp:term":[{"taxonomy":"product_brand","embeddable":true,"href":"https:\/\/skaitytaknyga.lt\/en\/wp-json\/wp\/v2\/product_brand?post=17882"},{"taxonomy":"product_cat","embeddable":true,"href":"https:\/\/skaitytaknyga.lt\/en\/wp-json\/wp\/v2\/product_cat?post=17882"},{"taxonomy":"product_tag","embeddable":true,"href":"https:\/\/skaitytaknyga.lt\/en\/wp-json\/wp\/v2\/product_tag?post=17882"}],"curies":[{"name":"wp","href":"https:\/\/api.w.org\/{rel}","templated":true}]}}