{"id":17880,"date":"2025-04-16T20:49:16","date_gmt":"2025-04-16T17:49:16","guid":{"rendered":"https:\/\/skaitytaknyga.lt\/?post_type=product&#038;p=17880"},"modified":"2026-03-18T14:59:47","modified_gmt":"2026-03-18T12:59:47","slug":"lietuvos-valdovai-pasakoja-vaikams","status":"publish","type":"product","link":"https:\/\/skaitytaknyga.lt\/en\/produktas\/lietuvos-valdovai-pasakoja-vaikams\/","title":{"rendered":"Lietuvos valdovai pasakoja vaikams"},"content":{"rendered":"<p>7\u201313 m. vaikams<\/p>\n<p>Tai gyvai para\u0161yta, \u0161maik\u0161\u010diai iliustruota ir istori\u0161kai tiksli knyga vaikams (ir suaugusiems!) apie Lietuvos valdovus.<\/p>\n<p>Knygoje pristatomos 28 valdov\u0173 biografijos \u2013 nuo Lietuvos karaliaus Mindaugo iki paskutiniojo Lietuvos did\u017eiojo kunigaik\u0161\u010dio ir Lenkijos karaliaus Stanislovo Augusto Poniatovskio. Jos apr\u0117pia net 560 Lietuvos Did\u017eiosios Kunigaik\u0161tyst\u0117s met\u0173!<\/p>\n<p>Valdovai \u2013 kariaujantys ir susitaikantys, mylintys ir neken\u010diantys, pasip\u016bt\u0119 ir nuolaid\u016bs. Visi jie, nuo \u012fprastai vadinam\u0173 \u201edid\u017eiaisiais&#8221; iki mums ma\u017eai \u017einom\u0173, turi daug k\u0105 papasakoti apie savo vaikyst\u0119, t\u0117vus, mokslus, meil\u0119 ir at\u0117jim\u0105 \u012f vald\u017ei\u0105.<\/p>\n<p>Knygoje i\u0161ry\u0161kinami kiekvieno j\u0173 valdymo bruo\u017eai ir reik\u0161m\u0117 Lietuvos istorijai, daug d\u0117mesio skiriama ir valdov\u0173 charakteriui, mintims, planams \u2013 apie visa tai jie pasakojasi patys! Kiekvieno valdovo pasakojim\u0105 lydi istoriko komentaras \u2013 kriti\u0161kas valdovo veiklos apibendrinimas.<\/p>\n<p>U\u017eeik \u012f pilies men\u0119, kur \u016b\u017eia \u017eidinyje ugnis, ir paklausyk, k\u0105 jie nori tau pasakyti. Pirmasis teb\u016bna Mindaugas, po jo Treniota&#8230;<\/p>\n<p><strong>\u201eLietuvos valdovai&#8221;:<\/strong><\/p>\n<p>\u00b7 \u017dadina smalsum\u0105 ir nor\u0105 pa\u017einti Lietuvos istorij\u0105<br \/>\n\u00b7 Didina patrioti\u0161kum\u0105<br \/>\n\u00b7 Skatina skaitymo malonum\u0105<br \/>\n\u00b7 Meni\u0161kai vertingos iliustracijos supa\u017eindina su apra\u0161om\u0173 laik\u0173 estetika<br \/>\n\u00b7 Vertinga knyga ne tik vaikams, bet ir suaugusiesiems \u2013 visiems, kuriuos jaudina senosios Lietuvos istorija<\/p>\n","protected":false},"excerpt":{"rendered":"<p>7\u201313 m. vaikams Tai gyvai para\u0161yta, \u0161maik\u0161\u010diai iliustruota ir istori\u0161kai tiksli knyga vaikams (ir suaugusiems!) apie Lietuvos valdovus. Knygoje pristatomos 28 valdov\u0173 biografijos \u2013 nuo Lietuvos karaliaus Mindaugo iki paskutiniojo Lietuvos did\u017eiojo kunigaik\u0161\u010dio ir Lenkijos karaliaus Stanislovo Augusto Poniatovskio. Jos apr\u0117pia net 560 Lietuvos Did\u017eiosios Kunigaik\u0161tyst\u0117s met\u0173! Valdovai \u2013 kariaujantys ir susitaikantys, mylintys ir neken\u010diantys, pasip\u016bt\u0119 ir nuolaid\u016bs. Visi jie, nuo \u012fprastai vadinam\u0173 \u201edid\u017eiaisiais&#8221; iki mums ma\u017eai \u017einom\u0173, turi daug k\u0105 papasakoti apie savo vaikyst\u0119, t\u0117vus, mokslus, meil\u0119 ir at\u0117jim\u0105 \u012f vald\u017ei\u0105. Knygoje i\u0161ry\u0161kinami kiekvieno j\u0173 valdymo bruo\u017eai ir reik\u0161m\u0117 Lietuvos istorijai, daug d\u0117mesio skiriama ir valdov\u0173 charakteriui, mintims, planams \u2013 apie visa tai jie pasakojasi patys! Kiekvieno valdovo pasakojim\u0105 lydi istoriko komentaras \u2013 kriti\u0161kas valdovo veiklos apibendrinimas. U\u017eeik \u012f pilies men\u0119, kur \u016b\u017eia \u017eidinyje ugnis, ir paklausyk, k\u0105 jie nori tau pasakyti. Pirmasis teb\u016bna Mindaugas, po jo Treniota&#8230; \u201eLietuvos valdovai&#8221;: \u00b7 \u017dadina smalsum\u0105 ir nor\u0105 pa\u017einti Lietuvos istorij\u0105 \u00b7 Didina patrioti\u0161kum\u0105 \u00b7 Skatina skaitymo malonum\u0105 \u00b7 Meni\u0161kai vertingos iliustracijos supa\u017eindina su apra\u0161om\u0173 laik\u0173 estetika \u00b7 Vertinga knyga ne tik vaikams, bet ir suaugusiesiems \u2013 visiems, kuriuos jaudina senosios Lietuvos istorija<\/p>\n","protected":false},"featured_media":17881,"comment_status":"open","ping_status":"closed","template":"","meta":{"_acf_changed":false,"site-sidebar-layout":"default","site-content-layout":"","ast-site-content-layout":"default","site-content-style":"default","site-sidebar-style":"default","ast-global-header-display":"","ast-banner-title-visibility":"","ast-main-header-display":"","ast-hfb-above-header-display":"","ast-hfb-below-header-display":"","ast-hfb-mobile-header-display":"","site-post-title":"","ast-breadcrumbs-content":"","ast-featured-img":"","footer-sml-layout":"","ast-disable-related-posts":"","theme-transparent-header-meta":"default","adv-header-id-meta":"","stick-header-meta":"","header-above-stick-meta":"","header-main-stick-meta":"","header-below-stick-meta":"","astra-migrate-meta-layouts":"set","ast-page-background-enabled":"default","ast-page-background-meta":{"desktop":{"background-color":"","background-image":"","background-repeat":"repeat","background-position":"center center","background-size":"auto","background-attachment":"scroll","background-type":"","background-media":"","overlay-type":"","overlay-color":"","overlay-opacity":"","overlay-gradient":""},"tablet":{"background-color":"","background-image":"","background-repeat":"repeat","background-position":"center center","background-size":"auto","background-attachment":"scroll","background-type":"","background-media":"","overlay-type":"","overlay-color":"","overlay-opacity":"","overlay-gradient":""},"mobile":{"background-color":"","background-image":"","background-repeat":"repeat","background-position":"center center","background-size":"auto","background-attachment":"scroll","background-type":"","background-media":"","overlay-type":"","overlay-color":"","overlay-opacity":"","overlay-gradient":""}},"ast-content-background-meta":{"desktop":{"background-color":"var(--ast-global-color-4)","background-image":"","background-repeat":"repeat","background-position":"center center","background-size":"auto","background-attachment":"scroll","background-type":"","background-media":"","overlay-type":"","overlay-color":"","overlay-opacity":"","overlay-gradient":""},"tablet":{"background-color":"var(--ast-global-color-4)","background-image":"","background-repeat":"repeat","background-position":"center center","background-size":"auto","background-attachment":"scroll","background-type":"","background-media":"","overlay-type":"","overlay-color":"","overlay-opacity":"","overlay-gradient":""},"mobile":{"background-color":"var(--ast-global-color-4)","background-image":"","background-repeat":"repeat","background-position":"center center","background-size":"auto","background-attachment":"scroll","background-type":"","background-media":"","overlay-type":"","overlay-color":"","overlay-opacity":"","overlay-gradient":""}}},"product_brand":[],"product_cat":[9862,174,15,35],"product_tag":[3342,2224,3428,3426,3425,3427,3071,3424],"class_list":{"0":"post-17880","1":"product","2":"type-product","3":"status-publish","4":"has-post-thumbnail","6":"product_cat-lietuvos-istorija","7":"product_cat-istorija-ir-politologija","8":"product_cat-uncategorized","9":"product_cat-vaikams-ir-paaugliams","10":"product_tag-edukacija","11":"product_tag-istorija","12":"product_tag-istorine-knyga","13":"product_tag-lietuvos-didzioji-kunigaikstyste","14":"product_tag-lietuvos-valdovai","15":"product_tag-mindaugas","16":"product_tag-vaikai","17":"product_tag-zigmas-vitkus","18":"desktop-align-left","19":"tablet-align-left","20":"mobile-align-left","22":"first","23":"outofstock","24":"shipping-taxable","25":"purchasable","26":"product-type-simple"},"acf":[],"yoast_head":"<!-- This site is optimized with the Yoast SEO plugin v27.0 - https:\/\/yoast.com\/product\/yoast-seo-wordpress\/ -->\n<title>Lietuvos valdovai pasakoja vaikams<\/title>\n<meta name=\"description\" content=\"7\u201313 m. vaikams Tai gyvai para\u0161yta, \u0161maik\u0161\u010diai iliustruota ir istori\u0161kai tiksli knyga vaikams (ir suaugusiems!) apie Lietuvos valdovus. Knygoje\" \/>\n<meta name=\"robots\" content=\"index, follow, max-snippet:-1, max-image-preview:large, max-video-preview:-1\" \/>\n<link rel=\"canonical\" href=\"https:\/\/skaitytaknyga.lt\/en\/produktas\/lietuvos-valdovai-pasakoja-vaikams\/\" \/>\n<meta property=\"og:locale\" content=\"en_GB\" \/>\n<meta property=\"og:locale:alternate\" content=\"lt_LT\" \/>\n<meta property=\"og:type\" content=\"article\" \/>\n<meta property=\"og:title\" content=\"Lietuvos valdovai pasakoja vaikams\" \/>\n<meta property=\"og:description\" content=\"7\u201313 m. vaikams Tai gyvai para\u0161yta, \u0161maik\u0161\u010diai iliustruota ir istori\u0161kai tiksli knyga vaikams (ir suaugusiems!) apie Lietuvos valdovus. Knygoje\" \/>\n<meta property=\"og:url\" content=\"https:\/\/skaitytaknyga.lt\/en\/produktas\/lietuvos-valdovai-pasakoja-vaikams\/\" \/>\n<meta property=\"og:site_name\" content=\"Skaitytaknyga\" \/>\n<meta property=\"article:publisher\" content=\"https:\/\/www.facebook.com\/skaitytaknyga\/\" \/>\n<meta property=\"article:modified_time\" content=\"2026-03-18T12:59:47+00:00\" \/>\n<meta property=\"og:image\" content=\"https:\/\/skaitytaknyga.lt\/wp-content\/uploads\/2025\/04\/Lietuvos-valdovai-pasakoja-vaikams.webp\" \/>\n\t<meta property=\"og:image:width\" content=\"490\" \/>\n\t<meta property=\"og:image:height\" content=\"600\" \/>\n\t<meta property=\"og:image:type\" content=\"image\/webp\" \/>\n<meta name=\"twitter:card\" content=\"summary_large_image\" \/>\n<meta name=\"twitter:label1\" content=\"Estimated reading time\" \/>\n\t<meta name=\"twitter:data1\" content=\"2 minutes\" \/>\n<script type=\"application\/ld+json\" class=\"yoast-schema-graph\">{\"@context\":\"https:\/\/schema.org\",\"@graph\":[{\"@type\":\"WebPage\",\"@id\":\"https:\/\/skaitytaknyga.lt\/produktas\/lietuvos-valdovai-pasakoja-vaikams\/\",\"url\":\"https:\/\/skaitytaknyga.lt\/produktas\/lietuvos-valdovai-pasakoja-vaikams\/\",\"name\":\"Lietuvos valdovai pasakoja vaikams\",\"isPartOf\":{\"@id\":\"https:\/\/skaitytaknyga.lt\/#website\"},\"primaryImageOfPage\":{\"@id\":\"https:\/\/skaitytaknyga.lt\/produktas\/lietuvos-valdovai-pasakoja-vaikams\/#primaryimage\"},\"image\":{\"@id\":\"https:\/\/skaitytaknyga.lt\/produktas\/lietuvos-valdovai-pasakoja-vaikams\/#primaryimage\"},\"thumbnailUrl\":\"https:\/\/skaitytaknyga.lt\/wp-content\/uploads\/2025\/04\/Lietuvos-valdovai-pasakoja-vaikams.webp\",\"datePublished\":\"2025-04-16T17:49:16+00:00\",\"dateModified\":\"2026-03-18T12:59:47+00:00\",\"description\":\"7\u201313 m. vaikams Tai gyvai para\u0161yta, \u0161maik\u0161\u010diai iliustruota ir istori\u0161kai tiksli knyga vaikams (ir suaugusiems!) apie Lietuvos valdovus. Knygoje\",\"breadcrumb\":{\"@id\":\"https:\/\/skaitytaknyga.lt\/produktas\/lietuvos-valdovai-pasakoja-vaikams\/#breadcrumb\"},\"inLanguage\":\"en-GB\",\"potentialAction\":[{\"@type\":\"ReadAction\",\"target\":[\"https:\/\/skaitytaknyga.lt\/produktas\/lietuvos-valdovai-pasakoja-vaikams\/\"]}]},{\"@type\":\"ImageObject\",\"inLanguage\":\"en-GB\",\"@id\":\"https:\/\/skaitytaknyga.lt\/produktas\/lietuvos-valdovai-pasakoja-vaikams\/#primaryimage\",\"url\":\"https:\/\/skaitytaknyga.lt\/wp-content\/uploads\/2025\/04\/Lietuvos-valdovai-pasakoja-vaikams.webp\",\"contentUrl\":\"https:\/\/skaitytaknyga.lt\/wp-content\/uploads\/2025\/04\/Lietuvos-valdovai-pasakoja-vaikams.webp\",\"width\":490,\"height\":600,\"caption\":\"Lietuvos valdovai pasakoja vaikams\"},{\"@type\":\"BreadcrumbList\",\"@id\":\"https:\/\/skaitytaknyga.lt\/produktas\/lietuvos-valdovai-pasakoja-vaikams\/#breadcrumb\",\"itemListElement\":[{\"@type\":\"ListItem\",\"position\":1,\"name\":\"Home\",\"item\":\"https:\/\/skaitytaknyga.lt\/\"},{\"@type\":\"ListItem\",\"position\":2,\"name\":\"Parduotuv\u0117\",\"item\":\"https:\/\/skaitytaknyga.lt\/knygu-parduotuve\/\"},{\"@type\":\"ListItem\",\"position\":3,\"name\":\"Lietuvos valdovai pasakoja vaikams\"}]},{\"@type\":\"WebSite\",\"@id\":\"https:\/\/skaitytaknyga.lt\/#website\",\"url\":\"https:\/\/skaitytaknyga.lt\/\",\"name\":\"skaitytaknyga.lt\",\"description\":\"Skaitytaknyga.lt \u2013 tai ma\u017eas \u0161eimos verslas, kuris prasid\u0117jo nuo meil\u0117s knygoms ir siekio i\u0161gelb\u0117ti knygas nuo likimo prie konteinerio. Kas vienam nereikalingas daiktas \u2013 kitam lobis, o mes esame tarpininkai, kurie padeda abiems tapti laimingesniems ???? \u017dinome kaip nelengva i\u0161gyventi ma\u017eiems verslams, tad nuo \u0161iol, \u010dia rasite ir kit\u0173, ma\u017e\u0173 \u0161eim\u0173 versl\u0173, rank\u0173 darbo, dovan\u0173 sau ir artimiesiems.\",\"publisher\":{\"@id\":\"https:\/\/skaitytaknyga.lt\/#organization\"},\"potentialAction\":[{\"@type\":\"SearchAction\",\"target\":{\"@type\":\"EntryPoint\",\"urlTemplate\":\"https:\/\/skaitytaknyga.lt\/?s={search_term_string}\"},\"query-input\":{\"@type\":\"PropertyValueSpecification\",\"valueRequired\":true,\"valueName\":\"search_term_string\"}}],\"inLanguage\":\"en-GB\"},{\"@type\":\"Organization\",\"@id\":\"https:\/\/skaitytaknyga.lt\/#organization\",\"name\":\"skaitytaknyga.lt\",\"url\":\"https:\/\/skaitytaknyga.lt\/\",\"logo\":{\"@type\":\"ImageObject\",\"inLanguage\":\"en-GB\",\"@id\":\"https:\/\/skaitytaknyga.lt\/#\/schema\/logo\/image\/\",\"url\":\"https:\/\/skaitytaknyga.lt\/wp-content\/uploads\/2024\/05\/cropped-cropped-cropped-02_00843_jt3bggkj1j3HLc7SyY6rEUpg.jpeg\",\"contentUrl\":\"https:\/\/skaitytaknyga.lt\/wp-content\/uploads\/2024\/05\/cropped-cropped-cropped-02_00843_jt3bggkj1j3HLc7SyY6rEUpg.jpeg\",\"width\":1600,\"height\":1600,\"caption\":\"skaitytaknyga.lt\"},\"image\":{\"@id\":\"https:\/\/skaitytaknyga.lt\/#\/schema\/logo\/image\/\"},\"sameAs\":[\"https:\/\/www.facebook.com\/skaitytaknyga\/\"]}]}<\/script>\n<!-- \/ Yoast SEO plugin. -->","yoast_head_json":{"title":"Lietuvos valdovai pasakoja vaikams","description":"7\u201313 m. vaikams Tai gyvai para\u0161yta, \u0161maik\u0161\u010diai iliustruota ir istori\u0161kai tiksli knyga vaikams (ir suaugusiems!) apie Lietuvos valdovus. Knygoje","robots":{"index":"index","follow":"follow","max-snippet":"max-snippet:-1","max-image-preview":"max-image-preview:large","max-video-preview":"max-video-preview:-1"},"canonical":"https:\/\/skaitytaknyga.lt\/en\/produktas\/lietuvos-valdovai-pasakoja-vaikams\/","og_locale":"en_GB","og_type":"article","og_title":"[:lt]Lietuvos valdovai pasakoja vaikams[:] - Skaitytaknyga","og_description":"7\u201313 m. vaikams Tai gyvai para\u0161yta, \u0161maik\u0161\u010diai iliustruota ir istori\u0161kai tiksli knyga vaikams (ir suaugusiems!) apie Lietuvos valdovus. Knygoje","og_url":"https:\/\/skaitytaknyga.lt\/en\/produktas\/lietuvos-valdovai-pasakoja-vaikams\/","og_site_name":"Skaitytaknyga","article_publisher":"https:\/\/www.facebook.com\/skaitytaknyga\/","article_modified_time":"2026-03-18T12:59:47+00:00","og_image":[{"width":490,"height":600,"url":"https:\/\/skaitytaknyga.lt\/wp-content\/uploads\/2025\/04\/Lietuvos-valdovai-pasakoja-vaikams.webp","type":"image\/webp"}],"twitter_card":"summary_large_image","twitter_misc":{"Estimated reading time":"2 minutes"},"schema":{"@context":"https:\/\/schema.org","@graph":[{"@type":"WebPage","@id":"https:\/\/skaitytaknyga.lt\/produktas\/lietuvos-valdovai-pasakoja-vaikams\/","url":"https:\/\/skaitytaknyga.lt\/produktas\/lietuvos-valdovai-pasakoja-vaikams\/","name":"Lietuvos valdovai pasakoja vaikams","isPartOf":{"@id":"https:\/\/skaitytaknyga.lt\/#website"},"primaryImageOfPage":{"@id":"https:\/\/skaitytaknyga.lt\/produktas\/lietuvos-valdovai-pasakoja-vaikams\/#primaryimage"},"image":{"@id":"https:\/\/skaitytaknyga.lt\/produktas\/lietuvos-valdovai-pasakoja-vaikams\/#primaryimage"},"thumbnailUrl":"https:\/\/skaitytaknyga.lt\/wp-content\/uploads\/2025\/04\/Lietuvos-valdovai-pasakoja-vaikams.webp","datePublished":"2025-04-16T17:49:16+00:00","dateModified":"2026-03-18T12:59:47+00:00","description":"7\u201313 m. vaikams Tai gyvai para\u0161yta, \u0161maik\u0161\u010diai iliustruota ir istori\u0161kai tiksli knyga vaikams (ir suaugusiems!) apie Lietuvos valdovus. Knygoje","breadcrumb":{"@id":"https:\/\/skaitytaknyga.lt\/produktas\/lietuvos-valdovai-pasakoja-vaikams\/#breadcrumb"},"inLanguage":"en-GB","potentialAction":[{"@type":"ReadAction","target":["https:\/\/skaitytaknyga.lt\/produktas\/lietuvos-valdovai-pasakoja-vaikams\/"]}]},{"@type":"ImageObject","inLanguage":"en-GB","@id":"https:\/\/skaitytaknyga.lt\/produktas\/lietuvos-valdovai-pasakoja-vaikams\/#primaryimage","url":"https:\/\/skaitytaknyga.lt\/wp-content\/uploads\/2025\/04\/Lietuvos-valdovai-pasakoja-vaikams.webp","contentUrl":"https:\/\/skaitytaknyga.lt\/wp-content\/uploads\/2025\/04\/Lietuvos-valdovai-pasakoja-vaikams.webp","width":490,"height":600,"caption":"Lietuvos valdovai pasakoja vaikams"},{"@type":"BreadcrumbList","@id":"https:\/\/skaitytaknyga.lt\/produktas\/lietuvos-valdovai-pasakoja-vaikams\/#breadcrumb","itemListElement":[{"@type":"ListItem","position":1,"name":"Home","item":"https:\/\/skaitytaknyga.lt\/"},{"@type":"ListItem","position":2,"name":"Parduotuv\u0117","item":"https:\/\/skaitytaknyga.lt\/knygu-parduotuve\/"},{"@type":"ListItem","position":3,"name":"Lietuvos valdovai pasakoja vaikams"}]},{"@type":"WebSite","@id":"https:\/\/skaitytaknyga.lt\/#website","url":"https:\/\/skaitytaknyga.lt\/","name":"skaitytaknyga.lt","description":"Skaitytaknyga.lt \u2013 tai ma\u017eas \u0161eimos verslas, kuris prasid\u0117jo nuo meil\u0117s knygoms ir siekio i\u0161gelb\u0117ti knygas nuo likimo prie konteinerio. Kas vienam nereikalingas daiktas \u2013 kitam lobis, o mes esame tarpininkai, kurie padeda abiems tapti laimingesniems ???? \u017dinome kaip nelengva i\u0161gyventi ma\u017eiems verslams, tad nuo \u0161iol, \u010dia rasite ir kit\u0173, ma\u017e\u0173 \u0161eim\u0173 versl\u0173, rank\u0173 darbo, dovan\u0173 sau ir artimiesiems.","publisher":{"@id":"https:\/\/skaitytaknyga.lt\/#organization"},"potentialAction":[{"@type":"SearchAction","target":{"@type":"EntryPoint","urlTemplate":"https:\/\/skaitytaknyga.lt\/?s={search_term_string}"},"query-input":{"@type":"PropertyValueSpecification","valueRequired":true,"valueName":"search_term_string"}}],"inLanguage":"en-GB"},{"@type":"Organization","@id":"https:\/\/skaitytaknyga.lt\/#organization","name":"skaitytaknyga.lt","url":"https:\/\/skaitytaknyga.lt\/","logo":{"@type":"ImageObject","inLanguage":"en-GB","@id":"https:\/\/skaitytaknyga.lt\/#\/schema\/logo\/image\/","url":"https:\/\/skaitytaknyga.lt\/wp-content\/uploads\/2024\/05\/cropped-cropped-cropped-02_00843_jt3bggkj1j3HLc7SyY6rEUpg.jpeg","contentUrl":"https:\/\/skaitytaknyga.lt\/wp-content\/uploads\/2024\/05\/cropped-cropped-cropped-02_00843_jt3bggkj1j3HLc7SyY6rEUpg.jpeg","width":1600,"height":1600,"caption":"skaitytaknyga.lt"},"image":{"@id":"https:\/\/skaitytaknyga.lt\/#\/schema\/logo\/image\/"},"sameAs":["https:\/\/www.facebook.com\/skaitytaknyga\/"]}]}},"_links":{"self":[{"href":"https:\/\/skaitytaknyga.lt\/en\/wp-json\/wp\/v2\/product\/17880","targetHints":{"allow":["GET"]}}],"collection":[{"href":"https:\/\/skaitytaknyga.lt\/en\/wp-json\/wp\/v2\/product"}],"about":[{"href":"https:\/\/skaitytaknyga.lt\/en\/wp-json\/wp\/v2\/types\/product"}],"replies":[{"embeddable":true,"href":"https:\/\/skaitytaknyga.lt\/en\/wp-json\/wp\/v2\/comments?post=17880"}],"wp:featuredmedia":[{"embeddable":true,"href":"https:\/\/skaitytaknyga.lt\/en\/wp-json\/wp\/v2\/media\/17881"}],"wp:attachment":[{"href":"https:\/\/skaitytaknyga.lt\/en\/wp-json\/wp\/v2\/media?parent=17880"}],"wp:term":[{"taxonomy":"product_brand","embeddable":true,"href":"https:\/\/skaitytaknyga.lt\/en\/wp-json\/wp\/v2\/product_brand?post=17880"},{"taxonomy":"product_cat","embeddable":true,"href":"https:\/\/skaitytaknyga.lt\/en\/wp-json\/wp\/v2\/product_cat?post=17880"},{"taxonomy":"product_tag","embeddable":true,"href":"https:\/\/skaitytaknyga.lt\/en\/wp-json\/wp\/v2\/product_tag?post=17880"}],"curies":[{"name":"wp","href":"https:\/\/api.w.org\/{rel}","templated":true}]}}