{"id":17877,"date":"2025-04-16T14:47:32","date_gmt":"2025-04-16T11:47:32","guid":{"rendered":"https:\/\/skaitytaknyga.lt\/?post_type=product&#038;p=17877"},"modified":"2025-05-15T13:44:45","modified_gmt":"2025-05-15T10:44:45","slug":"niekada-nesuklupk","status":"publish","type":"product","link":"https:\/\/skaitytaknyga.lt\/en\/produktas\/niekada-nesuklupk\/","title":{"rendered":"Niekada nesuklupk"},"content":{"rendered":"<p>Skausmingai atviras ir sukre\u010diantis Nacionalin\u0117s knyg\u0173 premijos laureat\u0117s\u00a0<strong>Patricios McCormick\u00a0<\/strong>romanas apie karo vaik\u0105, tapus\u012f taikos skleid\u0117ju, paremtas tikra Arno Chorno Pondo istorija.<\/p>\n<p>Kai \u012f Arno gimt\u0105j\u012f miest\u0105 Kambod\u017eoj atvyksta raudonieji khmerai, jis dar tik vaikas, su broliuku \u0161okantis pagal rokenrolo muzik\u0105 ir pardavin\u0117jantis ledus, kad \u0161iek tiek u\u017esidirbt\u0173. Bet kai kareiviai visus gyventojus priver\u010dia i\u0161keliauti \u012f kaim\u0105, jo gyvenimas pasikei\u010dia. Atskirtas nuo \u0161eimos Arnas gyvena darbo stovykloje. Plu\u0161damas ry\u017ei\u0173 laukuose jis mato, kaip mir\u0161ta bado, maliarijos ar tiesiog nuovargio nukamuoti vaikai. Jis mato \u012f mang\u0173 girait\u0119 vedamus kalinius, \u0161ie i\u0161 jos negr\u012f\u017eta.<\/p>\n<p>Vien\u0105 dien\u0105 Arnas pasisi\u016blo kareiviams paskambinti, nors niekad gyvenime n\u0117ra groj\u0119s jokiu instrumentu. Greitai i\u0161mok\u0119s nauj\u0173 revoliucini\u0173 dain\u0173, kuri\u0173 reikalauja vald\u017eia, dabar jis gali pavogti maisto, kad i\u0161saugot\u0173 draugams gyvyb\u0119.<\/p>\n<p>Nors tas sprendimas ir jam pa\u010diam i\u0161gelb\u0117ja gyvyb\u0119, kartu priver\u010dia j\u012f \u012f\u017eengti \u012f \u017eiaurius Mirties laukus. Arnas gyvena vadovaudamasis paprastu kredo, vis kartoja sau: \u201eTik nepargri\u016bk.\u201c<\/p>\n<p>\u201eNor\u0117dama daugiau su\u017einoti apie Arno poelgius \u2013 ir didvyri\u0161kus, ir \u0161iurpius, u\u017edaviau jam begal\u0119 kebli\u0173 klausim\u0173. Kruop\u0161\u010diai tikrinau, ar jo pasakojimas patikimas. Kaip ir visi stipr\u0173 sukr\u0117tim\u0105 patyr\u0119 \u017emon\u0117s, kai kuriuos \u012fvykius Arnas prisimena iki kraupi\u0173 smulkmen\u0173, o kiti jam i\u0161dilo i\u0161 atminties Jo prisiminim\u0173 spragas u\u017epild\u017eiau tuo, k\u0105 su\u017einojau i\u0161 kit\u0173 ar \u012fsivaizdavau jam nutikus pati. Tikiu, kad kaip tik \u010dia, tarp \u0161i\u0173 eilu\u010di\u0173, slypi tikroji tiesa.<\/p>\n<ul class=\"about-product d-none d-xl-block mt-4\">\n<li><strong>Originalus pavadinimas:<\/strong>\u00a0Never Fall Down<\/li>\n<li><strong>Autorius:<\/strong>\u00a0Patricia McCormick<\/li>\n<li><strong>Leid\u0117jas<\/strong>\u00a0Alma littera<\/li>\n<li><strong>Metai:<\/strong>\u00a02014<\/li>\n<li><strong>Puslapiai:<\/strong>\u00a0216<\/li>\n<li class=\"toggleable type-new-formats \"><strong>ISBN :\u00a0<\/strong>9786090114025<\/li>\n<li><strong>Versijos kodas:<\/strong>\u00a0PT.<\/li>\n<li class=\"toggleable type-new-formats \"><strong>Formatas:<\/strong>\u00a021,3 x 14,3 x 2,2 cm, kieti vir\u0161eliai<\/li>\n<li><strong>Kalba:<\/strong>\u00a0Lietuvi\u0173<\/li>\n<li><strong>Vert\u0117jas:<\/strong>\u00a0Au\u0161ra Lapinskien\u0117<\/li>\n<\/ul>\n","protected":false},"excerpt":{"rendered":"<p>Skausmingai atviras ir sukre\u010diantis Nacionalin\u0117s knyg\u0173 premijos laureat\u0117s\u00a0Patricios McCormick\u00a0romanas apie karo vaik\u0105, tapus\u012f taikos skleid\u0117ju, paremtas tikra Arno Chorno Pondo istorija. Kai \u012f Arno gimt\u0105j\u012f miest\u0105 Kambod\u017eoj atvyksta raudonieji khmerai, jis dar tik vaikas, su broliuku \u0161okantis pagal rokenrolo muzik\u0105 ir pardavin\u0117jantis ledus, kad \u0161iek tiek u\u017esidirbt\u0173. Bet kai kareiviai visus gyventojus priver\u010dia i\u0161keliauti \u012f kaim\u0105, jo gyvenimas pasikei\u010dia. Atskirtas nuo \u0161eimos Arnas gyvena darbo stovykloje. Plu\u0161damas ry\u017ei\u0173 laukuose jis mato, kaip mir\u0161ta bado, maliarijos ar tiesiog nuovargio nukamuoti vaikai. Jis mato \u012f mang\u0173 girait\u0119 vedamus kalinius, \u0161ie i\u0161 jos negr\u012f\u017eta. Vien\u0105 dien\u0105 Arnas pasisi\u016blo kareiviams paskambinti, nors niekad gyvenime n\u0117ra groj\u0119s jokiu instrumentu. Greitai i\u0161mok\u0119s nauj\u0173 revoliucini\u0173 dain\u0173, kuri\u0173 reikalauja vald\u017eia, dabar jis gali pavogti maisto, kad i\u0161saugot\u0173 draugams gyvyb\u0119. Nors tas sprendimas ir jam pa\u010diam i\u0161gelb\u0117ja gyvyb\u0119, kartu priver\u010dia j\u012f \u012f\u017eengti \u012f \u017eiaurius Mirties laukus. Arnas gyvena vadovaudamasis paprastu kredo, vis kartoja sau: \u201eTik nepargri\u016bk.\u201c \u201eNor\u0117dama daugiau su\u017einoti apie Arno poelgius \u2013 ir didvyri\u0161kus, ir \u0161iurpius, u\u017edaviau jam begal\u0119 kebli\u0173 klausim\u0173. Kruop\u0161\u010diai tikrinau, ar jo pasakojimas patikimas. Kaip ir visi stipr\u0173 sukr\u0117tim\u0105 patyr\u0119 \u017emon\u0117s, kai kuriuos \u012fvykius Arnas prisimena iki kraupi\u0173 smulkmen\u0173, o kiti jam i\u0161dilo i\u0161 atminties Jo prisiminim\u0173 spragas u\u017epild\u017eiau tuo, k\u0105 su\u017einojau i\u0161 kit\u0173 ar \u012fsivaizdavau jam nutikus pati. Tikiu, kad kaip tik \u010dia, tarp \u0161i\u0173 eilu\u010di\u0173, slypi tikroji tiesa. Originalus pavadinimas:\u00a0Never Fall Down Autorius:\u00a0Patricia McCormick Leid\u0117jas\u00a0Alma littera Metai:\u00a02014 Puslapiai:\u00a0216 ISBN :\u00a09786090114025 Versijos kodas:\u00a0PT. Formatas:\u00a021,3 x 14,3 x 2,2 cm, kieti vir\u0161eliai Kalba:\u00a0Lietuvi\u0173 Vert\u0117jas:\u00a0Au\u0161ra Lapinskien\u0117<\/p>\n","protected":false},"featured_media":17878,"comment_status":"closed","ping_status":"closed","template":"","meta":{"_acf_changed":false,"site-sidebar-layout":"default","site-content-layout":"","ast-site-content-layout":"default","site-content-style":"default","site-sidebar-style":"default","ast-global-header-display":"","ast-banner-title-visibility":"","ast-main-header-display":"","ast-hfb-above-header-display":"","ast-hfb-below-header-display":"","ast-hfb-mobile-header-display":"","site-post-title":"","ast-breadcrumbs-content":"","ast-featured-img":"","footer-sml-layout":"","ast-disable-related-posts":"","theme-transparent-header-meta":"default","adv-header-id-meta":"","stick-header-meta":"","header-above-stick-meta":"","header-main-stick-meta":"","header-below-stick-meta":"","astra-migrate-meta-layouts":"set","ast-page-background-enabled":"default","ast-page-background-meta":{"desktop":{"background-color":"","background-image":"","background-repeat":"repeat","background-position":"center center","background-size":"auto","background-attachment":"scroll","background-type":"","background-media":"","overlay-type":"","overlay-color":"","overlay-opacity":"","overlay-gradient":""},"tablet":{"background-color":"","background-image":"","background-repeat":"repeat","background-position":"center center","background-size":"auto","background-attachment":"scroll","background-type":"","background-media":"","overlay-type":"","overlay-color":"","overlay-opacity":"","overlay-gradient":""},"mobile":{"background-color":"","background-image":"","background-repeat":"repeat","background-position":"center center","background-size":"auto","background-attachment":"scroll","background-type":"","background-media":"","overlay-type":"","overlay-color":"","overlay-opacity":"","overlay-gradient":""}},"ast-content-background-meta":{"desktop":{"background-color":"var(--ast-global-color-4)","background-image":"","background-repeat":"repeat","background-position":"center center","background-size":"auto","background-attachment":"scroll","background-type":"","background-media":"","overlay-type":"","overlay-color":"","overlay-opacity":"","overlay-gradient":""},"tablet":{"background-color":"var(--ast-global-color-4)","background-image":"","background-repeat":"repeat","background-position":"center center","background-size":"auto","background-attachment":"scroll","background-type":"","background-media":"","overlay-type":"","overlay-color":"","overlay-opacity":"","overlay-gradient":""},"mobile":{"background-color":"var(--ast-global-color-4)","background-image":"","background-repeat":"repeat","background-position":"center center","background-size":"auto","background-attachment":"scroll","background-type":"","background-media":"","overlay-type":"","overlay-color":"","overlay-opacity":"","overlay-gradient":""}}},"product_brand":[],"product_cat":[174],"product_tag":[3423,3420,3419,3422,3418,3421,2920],"class_list":{"0":"post-17877","1":"product","2":"type-product","3":"status-publish","4":"has-post-thumbnail","6":"product_cat-istorija-ir-politologija","7":"product_tag-isgyvenimai","8":"product_tag-kambodza","9":"product_tag-karo-vaikas","10":"product_tag-mirties-laukai","11":"product_tag-patricia-mccormick","12":"product_tag-raudonieji-khmerai","13":"product_tag-tikra-istorija","14":"desktop-align-left","15":"tablet-align-left","16":"mobile-align-left","18":"first","19":"instock","20":"shipping-taxable","21":"purchasable","22":"product-type-simple"},"acf":[],"yoast_head":"<!-- This site is optimized with the Yoast SEO plugin v27.0 - https:\/\/yoast.com\/product\/yoast-seo-wordpress\/ -->\n<title>Niekada nesuklupk<\/title>\n<meta name=\"description\" content=\"Skausmingai atviras ir sukre\u010diantis Nacionalin\u0117s knyg\u0173 premijos laureat\u0117s\u00a0Patricios McCormick\u00a0romanas apie karo vaik\u0105, tapus\u012f taikos skleid\u0117ju, paremtas\" \/>\n<meta name=\"robots\" content=\"index, follow, max-snippet:-1, max-image-preview:large, max-video-preview:-1\" \/>\n<link rel=\"canonical\" href=\"https:\/\/skaitytaknyga.lt\/en\/produktas\/niekada-nesuklupk\/\" \/>\n<meta property=\"og:locale\" content=\"en_GB\" \/>\n<meta property=\"og:locale:alternate\" content=\"lt_LT\" \/>\n<meta property=\"og:type\" content=\"article\" \/>\n<meta property=\"og:title\" content=\"Niekada nesuklupk\" \/>\n<meta property=\"og:description\" content=\"Skausmingai atviras ir sukre\u010diantis Nacionalin\u0117s knyg\u0173 premijos laureat\u0117s\u00a0Patricios McCormick\u00a0romanas apie karo vaik\u0105, tapus\u012f taikos skleid\u0117ju, paremtas\" \/>\n<meta property=\"og:url\" content=\"https:\/\/skaitytaknyga.lt\/en\/produktas\/niekada-nesuklupk\/\" \/>\n<meta property=\"og:site_name\" content=\"Skaitytaknyga\" \/>\n<meta property=\"article:publisher\" content=\"https:\/\/www.facebook.com\/skaitytaknyga\/\" \/>\n<meta property=\"article:modified_time\" content=\"2025-05-15T10:44:45+00:00\" \/>\n<meta property=\"og:image\" content=\"https:\/\/skaitytaknyga.lt\/wp-content\/uploads\/2025\/04\/Niekada-nesuklupk.webp\" \/>\n\t<meta property=\"og:image:width\" content=\"535\" \/>\n\t<meta property=\"og:image:height\" content=\"799\" \/>\n\t<meta property=\"og:image:type\" content=\"image\/webp\" \/>\n<meta name=\"twitter:card\" content=\"summary_large_image\" \/>\n<meta name=\"twitter:label1\" content=\"Estimated reading time\" \/>\n\t<meta name=\"twitter:data1\" content=\"2 minutes\" \/>\n<script type=\"application\/ld+json\" class=\"yoast-schema-graph\">{\"@context\":\"https:\/\/schema.org\",\"@graph\":[{\"@type\":\"WebPage\",\"@id\":\"https:\/\/skaitytaknyga.lt\/produktas\/niekada-nesuklupk\/\",\"url\":\"https:\/\/skaitytaknyga.lt\/produktas\/niekada-nesuklupk\/\",\"name\":\"Niekada nesuklupk\",\"isPartOf\":{\"@id\":\"https:\/\/skaitytaknyga.lt\/#website\"},\"primaryImageOfPage\":{\"@id\":\"https:\/\/skaitytaknyga.lt\/produktas\/niekada-nesuklupk\/#primaryimage\"},\"image\":{\"@id\":\"https:\/\/skaitytaknyga.lt\/produktas\/niekada-nesuklupk\/#primaryimage\"},\"thumbnailUrl\":\"https:\/\/skaitytaknyga.lt\/wp-content\/uploads\/2025\/04\/Niekada-nesuklupk.webp\",\"datePublished\":\"2025-04-16T11:47:32+00:00\",\"dateModified\":\"2025-05-15T10:44:45+00:00\",\"description\":\"Skausmingai atviras ir sukre\u010diantis Nacionalin\u0117s knyg\u0173 premijos laureat\u0117s\u00a0Patricios McCormick\u00a0romanas apie karo vaik\u0105, tapus\u012f taikos skleid\u0117ju, paremtas\",\"breadcrumb\":{\"@id\":\"https:\/\/skaitytaknyga.lt\/produktas\/niekada-nesuklupk\/#breadcrumb\"},\"inLanguage\":\"en-GB\",\"potentialAction\":[{\"@type\":\"ReadAction\",\"target\":[\"https:\/\/skaitytaknyga.lt\/produktas\/niekada-nesuklupk\/\"]}]},{\"@type\":\"ImageObject\",\"inLanguage\":\"en-GB\",\"@id\":\"https:\/\/skaitytaknyga.lt\/produktas\/niekada-nesuklupk\/#primaryimage\",\"url\":\"https:\/\/skaitytaknyga.lt\/wp-content\/uploads\/2025\/04\/Niekada-nesuklupk.webp\",\"contentUrl\":\"https:\/\/skaitytaknyga.lt\/wp-content\/uploads\/2025\/04\/Niekada-nesuklupk.webp\",\"width\":535,\"height\":799,\"caption\":\"Niekada nesuklupk\"},{\"@type\":\"BreadcrumbList\",\"@id\":\"https:\/\/skaitytaknyga.lt\/produktas\/niekada-nesuklupk\/#breadcrumb\",\"itemListElement\":[{\"@type\":\"ListItem\",\"position\":1,\"name\":\"Home\",\"item\":\"https:\/\/skaitytaknyga.lt\/\"},{\"@type\":\"ListItem\",\"position\":2,\"name\":\"Parduotuv\u0117\",\"item\":\"https:\/\/skaitytaknyga.lt\/knygu-parduotuve\/\"},{\"@type\":\"ListItem\",\"position\":3,\"name\":\"Niekada nesuklupk\"}]},{\"@type\":\"WebSite\",\"@id\":\"https:\/\/skaitytaknyga.lt\/#website\",\"url\":\"https:\/\/skaitytaknyga.lt\/\",\"name\":\"skaitytaknyga.lt\",\"description\":\"Skaitytaknyga.lt \u2013 tai ma\u017eas \u0161eimos verslas, kuris prasid\u0117jo nuo meil\u0117s knygoms ir siekio i\u0161gelb\u0117ti knygas nuo likimo prie konteinerio. Kas vienam nereikalingas daiktas \u2013 kitam lobis, o mes esame tarpininkai, kurie padeda abiems tapti laimingesniems ???? \u017dinome kaip nelengva i\u0161gyventi ma\u017eiems verslams, tad nuo \u0161iol, \u010dia rasite ir kit\u0173, ma\u017e\u0173 \u0161eim\u0173 versl\u0173, rank\u0173 darbo, dovan\u0173 sau ir artimiesiems.\",\"publisher\":{\"@id\":\"https:\/\/skaitytaknyga.lt\/#organization\"},\"potentialAction\":[{\"@type\":\"SearchAction\",\"target\":{\"@type\":\"EntryPoint\",\"urlTemplate\":\"https:\/\/skaitytaknyga.lt\/?s={search_term_string}\"},\"query-input\":{\"@type\":\"PropertyValueSpecification\",\"valueRequired\":true,\"valueName\":\"search_term_string\"}}],\"inLanguage\":\"en-GB\"},{\"@type\":\"Organization\",\"@id\":\"https:\/\/skaitytaknyga.lt\/#organization\",\"name\":\"skaitytaknyga.lt\",\"url\":\"https:\/\/skaitytaknyga.lt\/\",\"logo\":{\"@type\":\"ImageObject\",\"inLanguage\":\"en-GB\",\"@id\":\"https:\/\/skaitytaknyga.lt\/#\/schema\/logo\/image\/\",\"url\":\"https:\/\/skaitytaknyga.lt\/wp-content\/uploads\/2024\/05\/cropped-cropped-cropped-02_00843_jt3bggkj1j3HLc7SyY6rEUpg.jpeg\",\"contentUrl\":\"https:\/\/skaitytaknyga.lt\/wp-content\/uploads\/2024\/05\/cropped-cropped-cropped-02_00843_jt3bggkj1j3HLc7SyY6rEUpg.jpeg\",\"width\":1600,\"height\":1600,\"caption\":\"skaitytaknyga.lt\"},\"image\":{\"@id\":\"https:\/\/skaitytaknyga.lt\/#\/schema\/logo\/image\/\"},\"sameAs\":[\"https:\/\/www.facebook.com\/skaitytaknyga\/\"]}]}<\/script>\n<!-- \/ Yoast SEO plugin. -->","yoast_head_json":{"title":"Niekada nesuklupk","description":"Skausmingai atviras ir sukre\u010diantis Nacionalin\u0117s knyg\u0173 premijos laureat\u0117s\u00a0Patricios McCormick\u00a0romanas apie karo vaik\u0105, tapus\u012f taikos skleid\u0117ju, paremtas","robots":{"index":"index","follow":"follow","max-snippet":"max-snippet:-1","max-image-preview":"max-image-preview:large","max-video-preview":"max-video-preview:-1"},"canonical":"https:\/\/skaitytaknyga.lt\/en\/produktas\/niekada-nesuklupk\/","og_locale":"en_GB","og_type":"article","og_title":"[:lt]Niekada nesuklupk[:] - Skaitytaknyga","og_description":"Skausmingai atviras ir sukre\u010diantis Nacionalin\u0117s knyg\u0173 premijos laureat\u0117s\u00a0Patricios McCormick\u00a0romanas apie karo vaik\u0105, tapus\u012f taikos skleid\u0117ju, paremtas","og_url":"https:\/\/skaitytaknyga.lt\/en\/produktas\/niekada-nesuklupk\/","og_site_name":"Skaitytaknyga","article_publisher":"https:\/\/www.facebook.com\/skaitytaknyga\/","article_modified_time":"2025-05-15T10:44:45+00:00","og_image":[{"width":535,"height":799,"url":"https:\/\/skaitytaknyga.lt\/wp-content\/uploads\/2025\/04\/Niekada-nesuklupk.webp","type":"image\/webp"}],"twitter_card":"summary_large_image","twitter_misc":{"Estimated reading time":"2 minutes"},"schema":{"@context":"https:\/\/schema.org","@graph":[{"@type":"WebPage","@id":"https:\/\/skaitytaknyga.lt\/produktas\/niekada-nesuklupk\/","url":"https:\/\/skaitytaknyga.lt\/produktas\/niekada-nesuklupk\/","name":"Niekada nesuklupk","isPartOf":{"@id":"https:\/\/skaitytaknyga.lt\/#website"},"primaryImageOfPage":{"@id":"https:\/\/skaitytaknyga.lt\/produktas\/niekada-nesuklupk\/#primaryimage"},"image":{"@id":"https:\/\/skaitytaknyga.lt\/produktas\/niekada-nesuklupk\/#primaryimage"},"thumbnailUrl":"https:\/\/skaitytaknyga.lt\/wp-content\/uploads\/2025\/04\/Niekada-nesuklupk.webp","datePublished":"2025-04-16T11:47:32+00:00","dateModified":"2025-05-15T10:44:45+00:00","description":"Skausmingai atviras ir sukre\u010diantis Nacionalin\u0117s knyg\u0173 premijos laureat\u0117s\u00a0Patricios McCormick\u00a0romanas apie karo vaik\u0105, tapus\u012f taikos skleid\u0117ju, paremtas","breadcrumb":{"@id":"https:\/\/skaitytaknyga.lt\/produktas\/niekada-nesuklupk\/#breadcrumb"},"inLanguage":"en-GB","potentialAction":[{"@type":"ReadAction","target":["https:\/\/skaitytaknyga.lt\/produktas\/niekada-nesuklupk\/"]}]},{"@type":"ImageObject","inLanguage":"en-GB","@id":"https:\/\/skaitytaknyga.lt\/produktas\/niekada-nesuklupk\/#primaryimage","url":"https:\/\/skaitytaknyga.lt\/wp-content\/uploads\/2025\/04\/Niekada-nesuklupk.webp","contentUrl":"https:\/\/skaitytaknyga.lt\/wp-content\/uploads\/2025\/04\/Niekada-nesuklupk.webp","width":535,"height":799,"caption":"Niekada nesuklupk"},{"@type":"BreadcrumbList","@id":"https:\/\/skaitytaknyga.lt\/produktas\/niekada-nesuklupk\/#breadcrumb","itemListElement":[{"@type":"ListItem","position":1,"name":"Home","item":"https:\/\/skaitytaknyga.lt\/"},{"@type":"ListItem","position":2,"name":"Parduotuv\u0117","item":"https:\/\/skaitytaknyga.lt\/knygu-parduotuve\/"},{"@type":"ListItem","position":3,"name":"Niekada nesuklupk"}]},{"@type":"WebSite","@id":"https:\/\/skaitytaknyga.lt\/#website","url":"https:\/\/skaitytaknyga.lt\/","name":"skaitytaknyga.lt","description":"Skaitytaknyga.lt \u2013 tai ma\u017eas \u0161eimos verslas, kuris prasid\u0117jo nuo meil\u0117s knygoms ir siekio i\u0161gelb\u0117ti knygas nuo likimo prie konteinerio. Kas vienam nereikalingas daiktas \u2013 kitam lobis, o mes esame tarpininkai, kurie padeda abiems tapti laimingesniems ???? \u017dinome kaip nelengva i\u0161gyventi ma\u017eiems verslams, tad nuo \u0161iol, \u010dia rasite ir kit\u0173, ma\u017e\u0173 \u0161eim\u0173 versl\u0173, rank\u0173 darbo, dovan\u0173 sau ir artimiesiems.","publisher":{"@id":"https:\/\/skaitytaknyga.lt\/#organization"},"potentialAction":[{"@type":"SearchAction","target":{"@type":"EntryPoint","urlTemplate":"https:\/\/skaitytaknyga.lt\/?s={search_term_string}"},"query-input":{"@type":"PropertyValueSpecification","valueRequired":true,"valueName":"search_term_string"}}],"inLanguage":"en-GB"},{"@type":"Organization","@id":"https:\/\/skaitytaknyga.lt\/#organization","name":"skaitytaknyga.lt","url":"https:\/\/skaitytaknyga.lt\/","logo":{"@type":"ImageObject","inLanguage":"en-GB","@id":"https:\/\/skaitytaknyga.lt\/#\/schema\/logo\/image\/","url":"https:\/\/skaitytaknyga.lt\/wp-content\/uploads\/2024\/05\/cropped-cropped-cropped-02_00843_jt3bggkj1j3HLc7SyY6rEUpg.jpeg","contentUrl":"https:\/\/skaitytaknyga.lt\/wp-content\/uploads\/2024\/05\/cropped-cropped-cropped-02_00843_jt3bggkj1j3HLc7SyY6rEUpg.jpeg","width":1600,"height":1600,"caption":"skaitytaknyga.lt"},"image":{"@id":"https:\/\/skaitytaknyga.lt\/#\/schema\/logo\/image\/"},"sameAs":["https:\/\/www.facebook.com\/skaitytaknyga\/"]}]}},"_links":{"self":[{"href":"https:\/\/skaitytaknyga.lt\/en\/wp-json\/wp\/v2\/product\/17877","targetHints":{"allow":["GET"]}}],"collection":[{"href":"https:\/\/skaitytaknyga.lt\/en\/wp-json\/wp\/v2\/product"}],"about":[{"href":"https:\/\/skaitytaknyga.lt\/en\/wp-json\/wp\/v2\/types\/product"}],"replies":[{"embeddable":true,"href":"https:\/\/skaitytaknyga.lt\/en\/wp-json\/wp\/v2\/comments?post=17877"}],"wp:featuredmedia":[{"embeddable":true,"href":"https:\/\/skaitytaknyga.lt\/en\/wp-json\/wp\/v2\/media\/17878"}],"wp:attachment":[{"href":"https:\/\/skaitytaknyga.lt\/en\/wp-json\/wp\/v2\/media?parent=17877"}],"wp:term":[{"taxonomy":"product_brand","embeddable":true,"href":"https:\/\/skaitytaknyga.lt\/en\/wp-json\/wp\/v2\/product_brand?post=17877"},{"taxonomy":"product_cat","embeddable":true,"href":"https:\/\/skaitytaknyga.lt\/en\/wp-json\/wp\/v2\/product_cat?post=17877"},{"taxonomy":"product_tag","embeddable":true,"href":"https:\/\/skaitytaknyga.lt\/en\/wp-json\/wp\/v2\/product_tag?post=17877"}],"curies":[{"name":"wp","href":"https:\/\/api.w.org\/{rel}","templated":true}]}}