{"id":17875,"date":"2025-04-16T14:39:24","date_gmt":"2025-04-16T11:39:24","guid":{"rendered":"https:\/\/skaitytaknyga.lt\/?post_type=product&#038;p=17875"},"modified":"2025-05-15T13:44:45","modified_gmt":"2025-05-15T10:44:45","slug":"valkirija","status":"publish","type":"product","link":"https:\/\/skaitytaknyga.lt\/en\/produktas\/valkirija\/","title":{"rendered":"Valkirija"},"content":{"rendered":"<p>1943-ieji. Pulkininkas Klausas \u0160enkas fon \u0160taufenbergas atvyksta \u012f Berlyn\u0105 tarnauti generolui Frydrichui Olbrichtui. Tai \u017emogus, \u017eaid\u017eiantis dvigub\u0105 \u017eaidim\u0105: tarnaujantis fiureriui ir dalyvaujantis labiausiai \u012fslaptintoje veikloje \u2013 rengiantis plan\u0105 nu\u017eudyti Hitler\u012f. Olbrichtas jau turi 200 pasek\u0117j\u0173 \u012fvairiuose Vokietijos visuomen\u0117s sluoksniuose, tarp j\u0173 \u2013 karin\u0117s \u017evalgybos ir kontr\u017evalgybos padaliniuose.<\/p>\n<p>Pasiprie\u0161inimo komiteto tikslas \u2013 pa\u0161alinti Hitler\u012f, G\u0117ring\u0105 ir Himler\u012f, neutralizuoti SS, sudaryti laikin\u0105j\u0105 vyriausyb\u0119, kuri siekt\u0173 taikos su Vakarais ir sustabdyt\u0173 kar\u0105. Fon \u0160taufenbergas, nepaisydamas kare patirt\u0173 su\u017eeidim\u0173 (jis neteko akies ir keli\u0173 rankos pir\u0161t\u0173), pasisi\u016blo nu\u017eudyti fiurer\u012f ir jo pakalikus. Ta\u010diau suokalbininkai abejoja, ar \u0160taufenbergas sugeb\u0117s susprogdinti bomb\u0105? Pagaliau jie nusprend\u017eia leisti pulkininkui imtis u\u017eduoties, nes supranta, jog vyro luo\u0161umas tik suma\u017eins \u012ftarimus.<\/p>\n<p>1944 m. liepos m\u0117nesio prad\u017eioje fon \u0160taufenbergas kelet\u0105 kart\u0173 m\u0117gina \u012fvykdyti u\u017eduot\u012f. Ta\u010diau jam niekad nepavyksta u\u017etikti numatyt\u0173 taikini\u0173 vienu metu drauge. Pagaliau liepos 20-\u0105j\u0105 pasitaiko puiki proga \u012fgyvendinti ilgai puosel\u0117t\u0105 u\u017ema\u010di\u0105\u2026<\/p>\n<p>Originalus pavadinimas: Operaci\u00f3n Valkiria<br \/>\nAutorius: Jesus Hernandez<br \/>\nLeid\u0117jas Obuolys<br \/>\nMetai: 2022<br \/>\nPuslapiai: 448<br \/>\nISBN : 9786094844553<br \/>\nFormatas: 13 x 19,7 x 3,3 cm, mink\u0161ti vir\u0161eliai<br \/>\nKalba: Lietuvi\u0173<br \/>\nVert\u0117jas: Lina Lelyt\u0117, Akvil\u0117 \u0160imenien\u0117<br \/>\nKnyg\u0173 serija: Sensacingi faktai<\/p>\n","protected":false},"excerpt":{"rendered":"<p>1943-ieji. Pulkininkas Klausas \u0160enkas fon \u0160taufenbergas atvyksta \u012f Berlyn\u0105 tarnauti generolui Frydrichui Olbrichtui. Tai \u017emogus, \u017eaid\u017eiantis dvigub\u0105 \u017eaidim\u0105: tarnaujantis fiureriui ir dalyvaujantis labiausiai \u012fslaptintoje veikloje \u2013 rengiantis plan\u0105 nu\u017eudyti Hitler\u012f. Olbrichtas jau turi 200 pasek\u0117j\u0173 \u012fvairiuose Vokietijos visuomen\u0117s sluoksniuose, tarp j\u0173 \u2013 karin\u0117s \u017evalgybos ir kontr\u017evalgybos padaliniuose. Pasiprie\u0161inimo komiteto tikslas \u2013 pa\u0161alinti Hitler\u012f, G\u0117ring\u0105 ir Himler\u012f, neutralizuoti SS, sudaryti laikin\u0105j\u0105 vyriausyb\u0119, kuri siekt\u0173 taikos su Vakarais ir sustabdyt\u0173 kar\u0105. Fon \u0160taufenbergas, nepaisydamas kare patirt\u0173 su\u017eeidim\u0173 (jis neteko akies ir keli\u0173 rankos pir\u0161t\u0173), pasisi\u016blo nu\u017eudyti fiurer\u012f ir jo pakalikus. Ta\u010diau suokalbininkai abejoja, ar \u0160taufenbergas sugeb\u0117s susprogdinti bomb\u0105? Pagaliau jie nusprend\u017eia leisti pulkininkui imtis u\u017eduoties, nes supranta, jog vyro luo\u0161umas tik suma\u017eins \u012ftarimus. 1944 m. liepos m\u0117nesio prad\u017eioje fon \u0160taufenbergas kelet\u0105 kart\u0173 m\u0117gina \u012fvykdyti u\u017eduot\u012f. Ta\u010diau jam niekad nepavyksta u\u017etikti numatyt\u0173 taikini\u0173 vienu metu drauge. Pagaliau liepos 20-\u0105j\u0105 pasitaiko puiki proga \u012fgyvendinti ilgai puosel\u0117t\u0105 u\u017ema\u010di\u0105\u2026 Originalus pavadinimas: Operaci\u00f3n Valkiria Autorius: Jesus Hernandez Leid\u0117jas Obuolys Metai: 2022 Puslapiai: 448 ISBN : 9786094844553 Formatas: 13 x 19,7 x 3,3 cm, mink\u0161ti vir\u0161eliai Kalba: Lietuvi\u0173 Vert\u0117jas: Lina Lelyt\u0117, Akvil\u0117 \u0160imenien\u0117 Knyg\u0173 serija: Sensacingi faktai<\/p>\n","protected":false},"featured_media":17876,"comment_status":"closed","ping_status":"closed","template":"","meta":{"_acf_changed":false,"site-sidebar-layout":"default","site-content-layout":"","ast-site-content-layout":"default","site-content-style":"default","site-sidebar-style":"default","ast-global-header-display":"","ast-banner-title-visibility":"","ast-main-header-display":"","ast-hfb-above-header-display":"","ast-hfb-below-header-display":"","ast-hfb-mobile-header-display":"","site-post-title":"","ast-breadcrumbs-content":"","ast-featured-img":"","footer-sml-layout":"","ast-disable-related-posts":"","theme-transparent-header-meta":"default","adv-header-id-meta":"","stick-header-meta":"","header-above-stick-meta":"","header-main-stick-meta":"","header-below-stick-meta":"","astra-migrate-meta-layouts":"set","ast-page-background-enabled":"default","ast-page-background-meta":{"desktop":{"background-color":"","background-image":"","background-repeat":"repeat","background-position":"center center","background-size":"auto","background-attachment":"scroll","background-type":"","background-media":"","overlay-type":"","overlay-color":"","overlay-opacity":"","overlay-gradient":""},"tablet":{"background-color":"","background-image":"","background-repeat":"repeat","background-position":"center center","background-size":"auto","background-attachment":"scroll","background-type":"","background-media":"","overlay-type":"","overlay-color":"","overlay-opacity":"","overlay-gradient":""},"mobile":{"background-color":"","background-image":"","background-repeat":"repeat","background-position":"center center","background-size":"auto","background-attachment":"scroll","background-type":"","background-media":"","overlay-type":"","overlay-color":"","overlay-opacity":"","overlay-gradient":""}},"ast-content-background-meta":{"desktop":{"background-color":"var(--ast-global-color-4)","background-image":"","background-repeat":"repeat","background-position":"center center","background-size":"auto","background-attachment":"scroll","background-type":"","background-media":"","overlay-type":"","overlay-color":"","overlay-opacity":"","overlay-gradient":""},"tablet":{"background-color":"var(--ast-global-color-4)","background-image":"","background-repeat":"repeat","background-position":"center center","background-size":"auto","background-attachment":"scroll","background-type":"","background-media":"","overlay-type":"","overlay-color":"","overlay-opacity":"","overlay-gradient":""},"mobile":{"background-color":"var(--ast-global-color-4)","background-image":"","background-repeat":"repeat","background-position":"center center","background-size":"auto","background-attachment":"scroll","background-type":"","background-media":"","overlay-type":"","overlay-color":"","overlay-opacity":"","overlay-gradient":""}}},"product_brand":[],"product_cat":[174],"product_tag":[1095,3417,3414,2495,3416,2445,3415,3413],"class_list":{"0":"post-17875","1":"product","2":"type-product","3":"status-publish","4":"has-post-thumbnail","6":"product_cat-istorija-ir-politologija","7":"product_tag-antrasis-pasaulinis-karas","8":"product_tag-fon-staufenbergas","9":"product_tag-hitleris","10":"product_tag-jesus-hernandez","11":"product_tag-karine-zvalgyba","12":"product_tag-pasipriesinimas","13":"product_tag-sukilimas","14":"product_tag-valkirija","15":"desktop-align-left","16":"tablet-align-left","17":"mobile-align-left","19":"first","20":"instock","21":"shipping-taxable","22":"purchasable","23":"product-type-simple"},"acf":[],"yoast_head":"<!-- This site is optimized with the Yoast SEO plugin v27.0 - https:\/\/yoast.com\/product\/yoast-seo-wordpress\/ -->\n<title>Valkirija<\/title>\n<meta name=\"description\" content=\"1943-ieji. Pulkininkas Klausas \u0160enkas fon \u0160taufenbergas atvyksta \u012f Berlyn\u0105 tarnauti generolui Frydrichui Olbrichtui. Tai \u017emogus, \u017eaid\u017eiantis dvigub\u0105\" \/>\n<meta name=\"robots\" content=\"index, follow, max-snippet:-1, max-image-preview:large, max-video-preview:-1\" \/>\n<link rel=\"canonical\" href=\"https:\/\/skaitytaknyga.lt\/en\/produktas\/valkirija\/\" \/>\n<meta property=\"og:locale\" content=\"en_GB\" \/>\n<meta property=\"og:locale:alternate\" content=\"lt_LT\" \/>\n<meta property=\"og:type\" content=\"article\" \/>\n<meta property=\"og:title\" content=\"Valkirija\" \/>\n<meta property=\"og:description\" content=\"1943-ieji. Pulkininkas Klausas \u0160enkas fon \u0160taufenbergas atvyksta \u012f Berlyn\u0105 tarnauti generolui Frydrichui Olbrichtui. Tai \u017emogus, \u017eaid\u017eiantis dvigub\u0105\" \/>\n<meta property=\"og:url\" content=\"https:\/\/skaitytaknyga.lt\/en\/produktas\/valkirija\/\" \/>\n<meta property=\"og:site_name\" content=\"Skaitytaknyga\" \/>\n<meta property=\"article:publisher\" content=\"https:\/\/www.facebook.com\/skaitytaknyga\/\" \/>\n<meta property=\"article:modified_time\" content=\"2025-05-15T10:44:45+00:00\" \/>\n<meta property=\"og:image\" content=\"https:\/\/skaitytaknyga.lt\/wp-content\/uploads\/2025\/04\/Valkirija.webp\" \/>\n\t<meta property=\"og:image:width\" content=\"425\" \/>\n\t<meta property=\"og:image:height\" content=\"630\" \/>\n\t<meta property=\"og:image:type\" content=\"image\/webp\" \/>\n<meta name=\"twitter:card\" content=\"summary_large_image\" \/>\n<meta name=\"twitter:label1\" content=\"Estimated reading time\" \/>\n\t<meta name=\"twitter:data1\" content=\"1 minute\" \/>\n<script type=\"application\/ld+json\" class=\"yoast-schema-graph\">{\"@context\":\"https:\/\/schema.org\",\"@graph\":[{\"@type\":\"WebPage\",\"@id\":\"https:\/\/skaitytaknyga.lt\/produktas\/valkirija\/\",\"url\":\"https:\/\/skaitytaknyga.lt\/produktas\/valkirija\/\",\"name\":\"Valkirija\",\"isPartOf\":{\"@id\":\"https:\/\/skaitytaknyga.lt\/#website\"},\"primaryImageOfPage\":{\"@id\":\"https:\/\/skaitytaknyga.lt\/produktas\/valkirija\/#primaryimage\"},\"image\":{\"@id\":\"https:\/\/skaitytaknyga.lt\/produktas\/valkirija\/#primaryimage\"},\"thumbnailUrl\":\"https:\/\/skaitytaknyga.lt\/wp-content\/uploads\/2025\/04\/Valkirija.webp\",\"datePublished\":\"2025-04-16T11:39:24+00:00\",\"dateModified\":\"2025-05-15T10:44:45+00:00\",\"description\":\"1943-ieji. Pulkininkas Klausas \u0160enkas fon \u0160taufenbergas atvyksta \u012f Berlyn\u0105 tarnauti generolui Frydrichui Olbrichtui. Tai \u017emogus, \u017eaid\u017eiantis dvigub\u0105\",\"breadcrumb\":{\"@id\":\"https:\/\/skaitytaknyga.lt\/produktas\/valkirija\/#breadcrumb\"},\"inLanguage\":\"en-GB\",\"potentialAction\":[{\"@type\":\"ReadAction\",\"target\":[\"https:\/\/skaitytaknyga.lt\/produktas\/valkirija\/\"]}]},{\"@type\":\"ImageObject\",\"inLanguage\":\"en-GB\",\"@id\":\"https:\/\/skaitytaknyga.lt\/produktas\/valkirija\/#primaryimage\",\"url\":\"https:\/\/skaitytaknyga.lt\/wp-content\/uploads\/2025\/04\/Valkirija.webp\",\"contentUrl\":\"https:\/\/skaitytaknyga.lt\/wp-content\/uploads\/2025\/04\/Valkirija.webp\",\"width\":425,\"height\":630,\"caption\":\"Valkirija\"},{\"@type\":\"BreadcrumbList\",\"@id\":\"https:\/\/skaitytaknyga.lt\/produktas\/valkirija\/#breadcrumb\",\"itemListElement\":[{\"@type\":\"ListItem\",\"position\":1,\"name\":\"Home\",\"item\":\"https:\/\/skaitytaknyga.lt\/\"},{\"@type\":\"ListItem\",\"position\":2,\"name\":\"Parduotuv\u0117\",\"item\":\"https:\/\/skaitytaknyga.lt\/knygu-parduotuve\/\"},{\"@type\":\"ListItem\",\"position\":3,\"name\":\"Valkirija\"}]},{\"@type\":\"WebSite\",\"@id\":\"https:\/\/skaitytaknyga.lt\/#website\",\"url\":\"https:\/\/skaitytaknyga.lt\/\",\"name\":\"skaitytaknyga.lt\",\"description\":\"Skaitytaknyga.lt \u2013 tai ma\u017eas \u0161eimos verslas, kuris prasid\u0117jo nuo meil\u0117s knygoms ir siekio i\u0161gelb\u0117ti knygas nuo likimo prie konteinerio. Kas vienam nereikalingas daiktas \u2013 kitam lobis, o mes esame tarpininkai, kurie padeda abiems tapti laimingesniems ???? \u017dinome kaip nelengva i\u0161gyventi ma\u017eiems verslams, tad nuo \u0161iol, \u010dia rasite ir kit\u0173, ma\u017e\u0173 \u0161eim\u0173 versl\u0173, rank\u0173 darbo, dovan\u0173 sau ir artimiesiems.\",\"publisher\":{\"@id\":\"https:\/\/skaitytaknyga.lt\/#organization\"},\"potentialAction\":[{\"@type\":\"SearchAction\",\"target\":{\"@type\":\"EntryPoint\",\"urlTemplate\":\"https:\/\/skaitytaknyga.lt\/?s={search_term_string}\"},\"query-input\":{\"@type\":\"PropertyValueSpecification\",\"valueRequired\":true,\"valueName\":\"search_term_string\"}}],\"inLanguage\":\"en-GB\"},{\"@type\":\"Organization\",\"@id\":\"https:\/\/skaitytaknyga.lt\/#organization\",\"name\":\"skaitytaknyga.lt\",\"url\":\"https:\/\/skaitytaknyga.lt\/\",\"logo\":{\"@type\":\"ImageObject\",\"inLanguage\":\"en-GB\",\"@id\":\"https:\/\/skaitytaknyga.lt\/#\/schema\/logo\/image\/\",\"url\":\"https:\/\/skaitytaknyga.lt\/wp-content\/uploads\/2024\/05\/cropped-cropped-cropped-02_00843_jt3bggkj1j3HLc7SyY6rEUpg.jpeg\",\"contentUrl\":\"https:\/\/skaitytaknyga.lt\/wp-content\/uploads\/2024\/05\/cropped-cropped-cropped-02_00843_jt3bggkj1j3HLc7SyY6rEUpg.jpeg\",\"width\":1600,\"height\":1600,\"caption\":\"skaitytaknyga.lt\"},\"image\":{\"@id\":\"https:\/\/skaitytaknyga.lt\/#\/schema\/logo\/image\/\"},\"sameAs\":[\"https:\/\/www.facebook.com\/skaitytaknyga\/\"]}]}<\/script>\n<!-- \/ Yoast SEO plugin. -->","yoast_head_json":{"title":"Valkirija","description":"1943-ieji. Pulkininkas Klausas \u0160enkas fon \u0160taufenbergas atvyksta \u012f Berlyn\u0105 tarnauti generolui Frydrichui Olbrichtui. Tai \u017emogus, \u017eaid\u017eiantis dvigub\u0105","robots":{"index":"index","follow":"follow","max-snippet":"max-snippet:-1","max-image-preview":"max-image-preview:large","max-video-preview":"max-video-preview:-1"},"canonical":"https:\/\/skaitytaknyga.lt\/en\/produktas\/valkirija\/","og_locale":"en_GB","og_type":"article","og_title":"[:lt]Valkirija[:] - Skaitytaknyga","og_description":"1943-ieji. Pulkininkas Klausas \u0160enkas fon \u0160taufenbergas atvyksta \u012f Berlyn\u0105 tarnauti generolui Frydrichui Olbrichtui. Tai \u017emogus, \u017eaid\u017eiantis dvigub\u0105","og_url":"https:\/\/skaitytaknyga.lt\/en\/produktas\/valkirija\/","og_site_name":"Skaitytaknyga","article_publisher":"https:\/\/www.facebook.com\/skaitytaknyga\/","article_modified_time":"2025-05-15T10:44:45+00:00","og_image":[{"width":425,"height":630,"url":"https:\/\/skaitytaknyga.lt\/wp-content\/uploads\/2025\/04\/Valkirija.webp","type":"image\/webp"}],"twitter_card":"summary_large_image","twitter_misc":{"Estimated reading time":"1 minute"},"schema":{"@context":"https:\/\/schema.org","@graph":[{"@type":"WebPage","@id":"https:\/\/skaitytaknyga.lt\/produktas\/valkirija\/","url":"https:\/\/skaitytaknyga.lt\/produktas\/valkirija\/","name":"Valkirija","isPartOf":{"@id":"https:\/\/skaitytaknyga.lt\/#website"},"primaryImageOfPage":{"@id":"https:\/\/skaitytaknyga.lt\/produktas\/valkirija\/#primaryimage"},"image":{"@id":"https:\/\/skaitytaknyga.lt\/produktas\/valkirija\/#primaryimage"},"thumbnailUrl":"https:\/\/skaitytaknyga.lt\/wp-content\/uploads\/2025\/04\/Valkirija.webp","datePublished":"2025-04-16T11:39:24+00:00","dateModified":"2025-05-15T10:44:45+00:00","description":"1943-ieji. Pulkininkas Klausas \u0160enkas fon \u0160taufenbergas atvyksta \u012f Berlyn\u0105 tarnauti generolui Frydrichui Olbrichtui. Tai \u017emogus, \u017eaid\u017eiantis dvigub\u0105","breadcrumb":{"@id":"https:\/\/skaitytaknyga.lt\/produktas\/valkirija\/#breadcrumb"},"inLanguage":"en-GB","potentialAction":[{"@type":"ReadAction","target":["https:\/\/skaitytaknyga.lt\/produktas\/valkirija\/"]}]},{"@type":"ImageObject","inLanguage":"en-GB","@id":"https:\/\/skaitytaknyga.lt\/produktas\/valkirija\/#primaryimage","url":"https:\/\/skaitytaknyga.lt\/wp-content\/uploads\/2025\/04\/Valkirija.webp","contentUrl":"https:\/\/skaitytaknyga.lt\/wp-content\/uploads\/2025\/04\/Valkirija.webp","width":425,"height":630,"caption":"Valkirija"},{"@type":"BreadcrumbList","@id":"https:\/\/skaitytaknyga.lt\/produktas\/valkirija\/#breadcrumb","itemListElement":[{"@type":"ListItem","position":1,"name":"Home","item":"https:\/\/skaitytaknyga.lt\/"},{"@type":"ListItem","position":2,"name":"Parduotuv\u0117","item":"https:\/\/skaitytaknyga.lt\/knygu-parduotuve\/"},{"@type":"ListItem","position":3,"name":"Valkirija"}]},{"@type":"WebSite","@id":"https:\/\/skaitytaknyga.lt\/#website","url":"https:\/\/skaitytaknyga.lt\/","name":"skaitytaknyga.lt","description":"Skaitytaknyga.lt \u2013 tai ma\u017eas \u0161eimos verslas, kuris prasid\u0117jo nuo meil\u0117s knygoms ir siekio i\u0161gelb\u0117ti knygas nuo likimo prie konteinerio. Kas vienam nereikalingas daiktas \u2013 kitam lobis, o mes esame tarpininkai, kurie padeda abiems tapti laimingesniems ???? \u017dinome kaip nelengva i\u0161gyventi ma\u017eiems verslams, tad nuo \u0161iol, \u010dia rasite ir kit\u0173, ma\u017e\u0173 \u0161eim\u0173 versl\u0173, rank\u0173 darbo, dovan\u0173 sau ir artimiesiems.","publisher":{"@id":"https:\/\/skaitytaknyga.lt\/#organization"},"potentialAction":[{"@type":"SearchAction","target":{"@type":"EntryPoint","urlTemplate":"https:\/\/skaitytaknyga.lt\/?s={search_term_string}"},"query-input":{"@type":"PropertyValueSpecification","valueRequired":true,"valueName":"search_term_string"}}],"inLanguage":"en-GB"},{"@type":"Organization","@id":"https:\/\/skaitytaknyga.lt\/#organization","name":"skaitytaknyga.lt","url":"https:\/\/skaitytaknyga.lt\/","logo":{"@type":"ImageObject","inLanguage":"en-GB","@id":"https:\/\/skaitytaknyga.lt\/#\/schema\/logo\/image\/","url":"https:\/\/skaitytaknyga.lt\/wp-content\/uploads\/2024\/05\/cropped-cropped-cropped-02_00843_jt3bggkj1j3HLc7SyY6rEUpg.jpeg","contentUrl":"https:\/\/skaitytaknyga.lt\/wp-content\/uploads\/2024\/05\/cropped-cropped-cropped-02_00843_jt3bggkj1j3HLc7SyY6rEUpg.jpeg","width":1600,"height":1600,"caption":"skaitytaknyga.lt"},"image":{"@id":"https:\/\/skaitytaknyga.lt\/#\/schema\/logo\/image\/"},"sameAs":["https:\/\/www.facebook.com\/skaitytaknyga\/"]}]}},"_links":{"self":[{"href":"https:\/\/skaitytaknyga.lt\/en\/wp-json\/wp\/v2\/product\/17875","targetHints":{"allow":["GET"]}}],"collection":[{"href":"https:\/\/skaitytaknyga.lt\/en\/wp-json\/wp\/v2\/product"}],"about":[{"href":"https:\/\/skaitytaknyga.lt\/en\/wp-json\/wp\/v2\/types\/product"}],"replies":[{"embeddable":true,"href":"https:\/\/skaitytaknyga.lt\/en\/wp-json\/wp\/v2\/comments?post=17875"}],"wp:featuredmedia":[{"embeddable":true,"href":"https:\/\/skaitytaknyga.lt\/en\/wp-json\/wp\/v2\/media\/17876"}],"wp:attachment":[{"href":"https:\/\/skaitytaknyga.lt\/en\/wp-json\/wp\/v2\/media?parent=17875"}],"wp:term":[{"taxonomy":"product_brand","embeddable":true,"href":"https:\/\/skaitytaknyga.lt\/en\/wp-json\/wp\/v2\/product_brand?post=17875"},{"taxonomy":"product_cat","embeddable":true,"href":"https:\/\/skaitytaknyga.lt\/en\/wp-json\/wp\/v2\/product_cat?post=17875"},{"taxonomy":"product_tag","embeddable":true,"href":"https:\/\/skaitytaknyga.lt\/en\/wp-json\/wp\/v2\/product_tag?post=17875"}],"curies":[{"name":"wp","href":"https:\/\/api.w.org\/{rel}","templated":true}]}}