{"id":17873,"date":"2025-04-16T14:37:45","date_gmt":"2025-04-16T11:37:45","guid":{"rendered":"https:\/\/skaitytaknyga.lt\/?post_type=product&#038;p=17873"},"modified":"2026-03-18T14:59:47","modified_gmt":"2026-03-18T12:59:47","slug":"nedinges-vilnius","status":"publish","type":"product","link":"https:\/\/skaitytaknyga.lt\/en\/produktas\/nedinges-vilnius\/","title":{"rendered":"Neding\u0119s Vilnius"},"content":{"rendered":"<p><strong>Vidas Po\u0161kus<\/strong>\u00a0(g. 1977) studijavo dail\u0117s istorij\u0105 Vilniaus dail\u0117s akademijoje. Skelbia dail\u0117s kritikos tekstus ir es\u0117 Lietuvos kult\u016brin\u0117je spaudoje bei tinklara\u0161\u010diuose. Veikia kaip meno kuratorius ir dailininkas.\u00a0<strong>\u201eNeding\u0119s Vilnius: miesto akupunkt\u016bros&#8221;<\/strong>\u00a0\u2013 pirmoji jo knyga.<\/p>\n<p>Vilnius yra kaip laikrodis ir kaip filosofas, sako\u00a0<strong>Vidas Po\u0161kus<\/strong>. Tarsi didelis k\u016bnas, kur\u012f norisi (ir galima) pa\u017eadinti, bedant adat\u0117les \u012f gyvybi\u0161kai svarbius k\u016bno ta\u0161kus. Autorius klajoja po \u0161\u012f miest\u0105-k\u016bn\u0105, pasakodamas istorijas: dail\u0117s, architekt\u016bros, savo paties istorijas.<\/p>\n<p><strong>Vido Po\u0161kaus<\/strong>\u00a0<strong>\u201eNeding\u0119s Vilnius&#8221;<\/strong>\u00a0\u2013 labai asmeni\u0161ka, labai subjektyvi ir labai netik\u0117ta knyga, nustebinsianti ir tuos, kurie mano, jog Vilni\u0173 pa\u017e\u012fsta kaip savo penkis pir\u0161tus, ir tuos, kurie dar tik ruo\u0161iasi \u0161\u012f miest\u0105 atrasti.<\/p>\n<ul class=\"about-product d-none d-xl-block mt-4\">\n<li><strong>Autorius:<\/strong>\u00a0Vidas Po\u0161kus<\/li>\n<li><strong>Leid\u0117jas<\/strong>\u00a0Tyto alba<\/li>\n<li><strong>Metai:<\/strong>\u00a02016<\/li>\n<li><strong>Puslapiai:<\/strong>\u00a0304<\/li>\n<li class=\"toggleable type-new-formats \"><strong>ISBN :\u00a0<\/strong>9786094661464<\/li>\n<li><strong>Versijos kodas:<\/strong>\u00a0PT.<\/li>\n<li class=\"toggleable type-new-formats \"><strong>Formatas:<\/strong>\u00a011 x 24 x 2,2 cm, mink\u0161ti vir\u0161eliai<\/li>\n<li><strong>Kalba:<\/strong>\u00a0Lietuvi\u0173<\/li>\n<\/ul>\n","protected":false},"excerpt":{"rendered":"<p>Vidas Po\u0161kus\u00a0(g. 1977) studijavo dail\u0117s istorij\u0105 Vilniaus dail\u0117s akademijoje. Skelbia dail\u0117s kritikos tekstus ir es\u0117 Lietuvos kult\u016brin\u0117je spaudoje bei tinklara\u0161\u010diuose. Veikia kaip meno kuratorius ir dailininkas.\u00a0\u201eNeding\u0119s Vilnius: miesto akupunkt\u016bros&#8221;\u00a0\u2013 pirmoji jo knyga. Vilnius yra kaip laikrodis ir kaip filosofas, sako\u00a0Vidas Po\u0161kus. Tarsi didelis k\u016bnas, kur\u012f norisi (ir galima) pa\u017eadinti, bedant adat\u0117les \u012f gyvybi\u0161kai svarbius k\u016bno ta\u0161kus. Autorius klajoja po \u0161\u012f miest\u0105-k\u016bn\u0105, pasakodamas istorijas: dail\u0117s, architekt\u016bros, savo paties istorijas. Vido Po\u0161kaus\u00a0\u201eNeding\u0119s Vilnius&#8221;\u00a0\u2013 labai asmeni\u0161ka, labai subjektyvi ir labai netik\u0117ta knyga, nustebinsianti ir tuos, kurie mano, jog Vilni\u0173 pa\u017e\u012fsta kaip savo penkis pir\u0161tus, ir tuos, kurie dar tik ruo\u0161iasi \u0161\u012f miest\u0105 atrasti. Autorius:\u00a0Vidas Po\u0161kus Leid\u0117jas\u00a0Tyto alba Metai:\u00a02016 Puslapiai:\u00a0304 ISBN :\u00a09786094661464 Versijos kodas:\u00a0PT. Formatas:\u00a011 x 24 x 2,2 cm, mink\u0161ti vir\u0161eliai Kalba:\u00a0Lietuvi\u0173<\/p>\n","protected":false},"featured_media":17874,"comment_status":"closed","ping_status":"closed","template":"","meta":{"_acf_changed":false,"site-sidebar-layout":"default","site-content-layout":"","ast-site-content-layout":"default","site-content-style":"default","site-sidebar-style":"default","ast-global-header-display":"","ast-banner-title-visibility":"","ast-main-header-display":"","ast-hfb-above-header-display":"","ast-hfb-below-header-display":"","ast-hfb-mobile-header-display":"","site-post-title":"","ast-breadcrumbs-content":"","ast-featured-img":"","footer-sml-layout":"","ast-disable-related-posts":"","theme-transparent-header-meta":"default","adv-header-id-meta":"","stick-header-meta":"","header-above-stick-meta":"","header-main-stick-meta":"","header-below-stick-meta":"","astra-migrate-meta-layouts":"set","ast-page-background-enabled":"default","ast-page-background-meta":{"desktop":{"background-color":"","background-image":"","background-repeat":"repeat","background-position":"center center","background-size":"auto","background-attachment":"scroll","background-type":"","background-media":"","overlay-type":"","overlay-color":"","overlay-opacity":"","overlay-gradient":""},"tablet":{"background-color":"","background-image":"","background-repeat":"repeat","background-position":"center center","background-size":"auto","background-attachment":"scroll","background-type":"","background-media":"","overlay-type":"","overlay-color":"","overlay-opacity":"","overlay-gradient":""},"mobile":{"background-color":"","background-image":"","background-repeat":"repeat","background-position":"center center","background-size":"auto","background-attachment":"scroll","background-type":"","background-media":"","overlay-type":"","overlay-color":"","overlay-opacity":"","overlay-gradient":""}},"ast-content-background-meta":{"desktop":{"background-color":"var(--ast-global-color-4)","background-image":"","background-repeat":"repeat","background-position":"center center","background-size":"auto","background-attachment":"scroll","background-type":"","background-media":"","overlay-type":"","overlay-color":"","overlay-opacity":"","overlay-gradient":""},"tablet":{"background-color":"var(--ast-global-color-4)","background-image":"","background-repeat":"repeat","background-position":"center center","background-size":"auto","background-attachment":"scroll","background-type":"","background-media":"","overlay-type":"","overlay-color":"","overlay-opacity":"","overlay-gradient":""},"mobile":{"background-color":"var(--ast-global-color-4)","background-image":"","background-repeat":"repeat","background-position":"center center","background-size":"auto","background-attachment":"scroll","background-type":"","background-media":"","overlay-type":"","overlay-color":"","overlay-opacity":"","overlay-gradient":""}}},"product_brand":[],"product_cat":[9862,174],"product_tag":[3410,3411,3409,3412,3408,3407,2601],"class_list":{"0":"post-17873","1":"product","2":"type-product","3":"status-publish","4":"has-post-thumbnail","6":"product_cat-lietuvos-istorija","7":"product_cat-istorija-ir-politologija","8":"product_tag-architektura","9":"product_tag-asmenines-istorijos","10":"product_tag-daile","11":"product_tag-miesto-akupunktura","12":"product_tag-miesto-istorija","13":"product_tag-vidas-poskus","14":"product_tag-vilnius","15":"desktop-align-left","16":"tablet-align-left","17":"mobile-align-left","19":"first","20":"outofstock","21":"shipping-taxable","22":"purchasable","23":"product-type-simple"},"acf":[],"yoast_head":"<!-- This site is optimized with the Yoast SEO plugin v27.0 - https:\/\/yoast.com\/product\/yoast-seo-wordpress\/ -->\n<title>Neding\u0119s Vilnius<\/title>\n<meta name=\"description\" content=\"Vidas Po\u0161kus\u00a0(g. 1977) studijavo dail\u0117s istorij\u0105 Vilniaus dail\u0117s akademijoje. Skelbia dail\u0117s kritikos tekstus ir es\u0117 Lietuvos kult\u016brin\u0117je spaudoje bei\" \/>\n<meta name=\"robots\" content=\"index, follow, max-snippet:-1, max-image-preview:large, max-video-preview:-1\" \/>\n<link rel=\"canonical\" href=\"https:\/\/skaitytaknyga.lt\/en\/produktas\/nedinges-vilnius\/\" \/>\n<meta property=\"og:locale\" content=\"en_GB\" \/>\n<meta property=\"og:locale:alternate\" content=\"lt_LT\" \/>\n<meta property=\"og:type\" content=\"article\" \/>\n<meta property=\"og:title\" content=\"Neding\u0119s Vilnius\" \/>\n<meta property=\"og:description\" content=\"Vidas Po\u0161kus\u00a0(g. 1977) studijavo dail\u0117s istorij\u0105 Vilniaus dail\u0117s akademijoje. Skelbia dail\u0117s kritikos tekstus ir es\u0117 Lietuvos kult\u016brin\u0117je spaudoje bei\" \/>\n<meta property=\"og:url\" content=\"https:\/\/skaitytaknyga.lt\/en\/produktas\/nedinges-vilnius\/\" \/>\n<meta property=\"og:site_name\" content=\"Skaitytaknyga\" \/>\n<meta property=\"article:publisher\" content=\"https:\/\/www.facebook.com\/skaitytaknyga\/\" \/>\n<meta property=\"article:modified_time\" content=\"2026-03-18T12:59:47+00:00\" \/>\n<meta property=\"og:image\" content=\"https:\/\/skaitytaknyga.lt\/wp-content\/uploads\/2025\/04\/Nedinges-Vilnius.webp\" \/>\n\t<meta property=\"og:image:width\" content=\"533\" \/>\n\t<meta property=\"og:image:height\" content=\"800\" \/>\n\t<meta property=\"og:image:type\" content=\"image\/webp\" \/>\n<meta name=\"twitter:card\" content=\"summary_large_image\" \/>\n<meta name=\"twitter:label1\" content=\"Estimated reading time\" \/>\n\t<meta name=\"twitter:data1\" content=\"1 minute\" \/>\n<script type=\"application\/ld+json\" class=\"yoast-schema-graph\">{\"@context\":\"https:\/\/schema.org\",\"@graph\":[{\"@type\":\"WebPage\",\"@id\":\"https:\/\/skaitytaknyga.lt\/produktas\/nedinges-vilnius\/\",\"url\":\"https:\/\/skaitytaknyga.lt\/produktas\/nedinges-vilnius\/\",\"name\":\"Neding\u0119s Vilnius\",\"isPartOf\":{\"@id\":\"https:\/\/skaitytaknyga.lt\/#website\"},\"primaryImageOfPage\":{\"@id\":\"https:\/\/skaitytaknyga.lt\/produktas\/nedinges-vilnius\/#primaryimage\"},\"image\":{\"@id\":\"https:\/\/skaitytaknyga.lt\/produktas\/nedinges-vilnius\/#primaryimage\"},\"thumbnailUrl\":\"https:\/\/skaitytaknyga.lt\/wp-content\/uploads\/2025\/04\/Nedinges-Vilnius.webp\",\"datePublished\":\"2025-04-16T11:37:45+00:00\",\"dateModified\":\"2026-03-18T12:59:47+00:00\",\"description\":\"Vidas Po\u0161kus\u00a0(g. 1977) studijavo dail\u0117s istorij\u0105 Vilniaus dail\u0117s akademijoje. Skelbia dail\u0117s kritikos tekstus ir es\u0117 Lietuvos kult\u016brin\u0117je spaudoje bei\",\"breadcrumb\":{\"@id\":\"https:\/\/skaitytaknyga.lt\/produktas\/nedinges-vilnius\/#breadcrumb\"},\"inLanguage\":\"en-GB\",\"potentialAction\":[{\"@type\":\"ReadAction\",\"target\":[\"https:\/\/skaitytaknyga.lt\/produktas\/nedinges-vilnius\/\"]}]},{\"@type\":\"ImageObject\",\"inLanguage\":\"en-GB\",\"@id\":\"https:\/\/skaitytaknyga.lt\/produktas\/nedinges-vilnius\/#primaryimage\",\"url\":\"https:\/\/skaitytaknyga.lt\/wp-content\/uploads\/2025\/04\/Nedinges-Vilnius.webp\",\"contentUrl\":\"https:\/\/skaitytaknyga.lt\/wp-content\/uploads\/2025\/04\/Nedinges-Vilnius.webp\",\"width\":533,\"height\":800,\"caption\":\"Neding\u0119s Vilnius\"},{\"@type\":\"BreadcrumbList\",\"@id\":\"https:\/\/skaitytaknyga.lt\/produktas\/nedinges-vilnius\/#breadcrumb\",\"itemListElement\":[{\"@type\":\"ListItem\",\"position\":1,\"name\":\"Home\",\"item\":\"https:\/\/skaitytaknyga.lt\/\"},{\"@type\":\"ListItem\",\"position\":2,\"name\":\"Parduotuv\u0117\",\"item\":\"https:\/\/skaitytaknyga.lt\/knygu-parduotuve\/\"},{\"@type\":\"ListItem\",\"position\":3,\"name\":\"Neding\u0119s Vilnius\"}]},{\"@type\":\"WebSite\",\"@id\":\"https:\/\/skaitytaknyga.lt\/#website\",\"url\":\"https:\/\/skaitytaknyga.lt\/\",\"name\":\"skaitytaknyga.lt\",\"description\":\"Skaitytaknyga.lt \u2013 tai ma\u017eas \u0161eimos verslas, kuris prasid\u0117jo nuo meil\u0117s knygoms ir siekio i\u0161gelb\u0117ti knygas nuo likimo prie konteinerio. Kas vienam nereikalingas daiktas \u2013 kitam lobis, o mes esame tarpininkai, kurie padeda abiems tapti laimingesniems ???? \u017dinome kaip nelengva i\u0161gyventi ma\u017eiems verslams, tad nuo \u0161iol, \u010dia rasite ir kit\u0173, ma\u017e\u0173 \u0161eim\u0173 versl\u0173, rank\u0173 darbo, dovan\u0173 sau ir artimiesiems.\",\"publisher\":{\"@id\":\"https:\/\/skaitytaknyga.lt\/#organization\"},\"potentialAction\":[{\"@type\":\"SearchAction\",\"target\":{\"@type\":\"EntryPoint\",\"urlTemplate\":\"https:\/\/skaitytaknyga.lt\/?s={search_term_string}\"},\"query-input\":{\"@type\":\"PropertyValueSpecification\",\"valueRequired\":true,\"valueName\":\"search_term_string\"}}],\"inLanguage\":\"en-GB\"},{\"@type\":\"Organization\",\"@id\":\"https:\/\/skaitytaknyga.lt\/#organization\",\"name\":\"skaitytaknyga.lt\",\"url\":\"https:\/\/skaitytaknyga.lt\/\",\"logo\":{\"@type\":\"ImageObject\",\"inLanguage\":\"en-GB\",\"@id\":\"https:\/\/skaitytaknyga.lt\/#\/schema\/logo\/image\/\",\"url\":\"https:\/\/skaitytaknyga.lt\/wp-content\/uploads\/2024\/05\/cropped-cropped-cropped-02_00843_jt3bggkj1j3HLc7SyY6rEUpg.jpeg\",\"contentUrl\":\"https:\/\/skaitytaknyga.lt\/wp-content\/uploads\/2024\/05\/cropped-cropped-cropped-02_00843_jt3bggkj1j3HLc7SyY6rEUpg.jpeg\",\"width\":1600,\"height\":1600,\"caption\":\"skaitytaknyga.lt\"},\"image\":{\"@id\":\"https:\/\/skaitytaknyga.lt\/#\/schema\/logo\/image\/\"},\"sameAs\":[\"https:\/\/www.facebook.com\/skaitytaknyga\/\"]}]}<\/script>\n<!-- \/ Yoast SEO plugin. -->","yoast_head_json":{"title":"Neding\u0119s Vilnius","description":"Vidas Po\u0161kus\u00a0(g. 1977) studijavo dail\u0117s istorij\u0105 Vilniaus dail\u0117s akademijoje. Skelbia dail\u0117s kritikos tekstus ir es\u0117 Lietuvos kult\u016brin\u0117je spaudoje bei","robots":{"index":"index","follow":"follow","max-snippet":"max-snippet:-1","max-image-preview":"max-image-preview:large","max-video-preview":"max-video-preview:-1"},"canonical":"https:\/\/skaitytaknyga.lt\/en\/produktas\/nedinges-vilnius\/","og_locale":"en_GB","og_type":"article","og_title":"[:lt]Neding\u0119s Vilnius[:] - Skaitytaknyga","og_description":"Vidas Po\u0161kus\u00a0(g. 1977) studijavo dail\u0117s istorij\u0105 Vilniaus dail\u0117s akademijoje. Skelbia dail\u0117s kritikos tekstus ir es\u0117 Lietuvos kult\u016brin\u0117je spaudoje bei","og_url":"https:\/\/skaitytaknyga.lt\/en\/produktas\/nedinges-vilnius\/","og_site_name":"Skaitytaknyga","article_publisher":"https:\/\/www.facebook.com\/skaitytaknyga\/","article_modified_time":"2026-03-18T12:59:47+00:00","og_image":[{"width":533,"height":800,"url":"https:\/\/skaitytaknyga.lt\/wp-content\/uploads\/2025\/04\/Nedinges-Vilnius.webp","type":"image\/webp"}],"twitter_card":"summary_large_image","twitter_misc":{"Estimated reading time":"1 minute"},"schema":{"@context":"https:\/\/schema.org","@graph":[{"@type":"WebPage","@id":"https:\/\/skaitytaknyga.lt\/produktas\/nedinges-vilnius\/","url":"https:\/\/skaitytaknyga.lt\/produktas\/nedinges-vilnius\/","name":"Neding\u0119s Vilnius","isPartOf":{"@id":"https:\/\/skaitytaknyga.lt\/#website"},"primaryImageOfPage":{"@id":"https:\/\/skaitytaknyga.lt\/produktas\/nedinges-vilnius\/#primaryimage"},"image":{"@id":"https:\/\/skaitytaknyga.lt\/produktas\/nedinges-vilnius\/#primaryimage"},"thumbnailUrl":"https:\/\/skaitytaknyga.lt\/wp-content\/uploads\/2025\/04\/Nedinges-Vilnius.webp","datePublished":"2025-04-16T11:37:45+00:00","dateModified":"2026-03-18T12:59:47+00:00","description":"Vidas Po\u0161kus\u00a0(g. 1977) studijavo dail\u0117s istorij\u0105 Vilniaus dail\u0117s akademijoje. Skelbia dail\u0117s kritikos tekstus ir es\u0117 Lietuvos kult\u016brin\u0117je spaudoje bei","breadcrumb":{"@id":"https:\/\/skaitytaknyga.lt\/produktas\/nedinges-vilnius\/#breadcrumb"},"inLanguage":"en-GB","potentialAction":[{"@type":"ReadAction","target":["https:\/\/skaitytaknyga.lt\/produktas\/nedinges-vilnius\/"]}]},{"@type":"ImageObject","inLanguage":"en-GB","@id":"https:\/\/skaitytaknyga.lt\/produktas\/nedinges-vilnius\/#primaryimage","url":"https:\/\/skaitytaknyga.lt\/wp-content\/uploads\/2025\/04\/Nedinges-Vilnius.webp","contentUrl":"https:\/\/skaitytaknyga.lt\/wp-content\/uploads\/2025\/04\/Nedinges-Vilnius.webp","width":533,"height":800,"caption":"Neding\u0119s Vilnius"},{"@type":"BreadcrumbList","@id":"https:\/\/skaitytaknyga.lt\/produktas\/nedinges-vilnius\/#breadcrumb","itemListElement":[{"@type":"ListItem","position":1,"name":"Home","item":"https:\/\/skaitytaknyga.lt\/"},{"@type":"ListItem","position":2,"name":"Parduotuv\u0117","item":"https:\/\/skaitytaknyga.lt\/knygu-parduotuve\/"},{"@type":"ListItem","position":3,"name":"Neding\u0119s Vilnius"}]},{"@type":"WebSite","@id":"https:\/\/skaitytaknyga.lt\/#website","url":"https:\/\/skaitytaknyga.lt\/","name":"skaitytaknyga.lt","description":"Skaitytaknyga.lt \u2013 tai ma\u017eas \u0161eimos verslas, kuris prasid\u0117jo nuo meil\u0117s knygoms ir siekio i\u0161gelb\u0117ti knygas nuo likimo prie konteinerio. Kas vienam nereikalingas daiktas \u2013 kitam lobis, o mes esame tarpininkai, kurie padeda abiems tapti laimingesniems ???? \u017dinome kaip nelengva i\u0161gyventi ma\u017eiems verslams, tad nuo \u0161iol, \u010dia rasite ir kit\u0173, ma\u017e\u0173 \u0161eim\u0173 versl\u0173, rank\u0173 darbo, dovan\u0173 sau ir artimiesiems.","publisher":{"@id":"https:\/\/skaitytaknyga.lt\/#organization"},"potentialAction":[{"@type":"SearchAction","target":{"@type":"EntryPoint","urlTemplate":"https:\/\/skaitytaknyga.lt\/?s={search_term_string}"},"query-input":{"@type":"PropertyValueSpecification","valueRequired":true,"valueName":"search_term_string"}}],"inLanguage":"en-GB"},{"@type":"Organization","@id":"https:\/\/skaitytaknyga.lt\/#organization","name":"skaitytaknyga.lt","url":"https:\/\/skaitytaknyga.lt\/","logo":{"@type":"ImageObject","inLanguage":"en-GB","@id":"https:\/\/skaitytaknyga.lt\/#\/schema\/logo\/image\/","url":"https:\/\/skaitytaknyga.lt\/wp-content\/uploads\/2024\/05\/cropped-cropped-cropped-02_00843_jt3bggkj1j3HLc7SyY6rEUpg.jpeg","contentUrl":"https:\/\/skaitytaknyga.lt\/wp-content\/uploads\/2024\/05\/cropped-cropped-cropped-02_00843_jt3bggkj1j3HLc7SyY6rEUpg.jpeg","width":1600,"height":1600,"caption":"skaitytaknyga.lt"},"image":{"@id":"https:\/\/skaitytaknyga.lt\/#\/schema\/logo\/image\/"},"sameAs":["https:\/\/www.facebook.com\/skaitytaknyga\/"]}]}},"_links":{"self":[{"href":"https:\/\/skaitytaknyga.lt\/en\/wp-json\/wp\/v2\/product\/17873","targetHints":{"allow":["GET"]}}],"collection":[{"href":"https:\/\/skaitytaknyga.lt\/en\/wp-json\/wp\/v2\/product"}],"about":[{"href":"https:\/\/skaitytaknyga.lt\/en\/wp-json\/wp\/v2\/types\/product"}],"replies":[{"embeddable":true,"href":"https:\/\/skaitytaknyga.lt\/en\/wp-json\/wp\/v2\/comments?post=17873"}],"wp:featuredmedia":[{"embeddable":true,"href":"https:\/\/skaitytaknyga.lt\/en\/wp-json\/wp\/v2\/media\/17874"}],"wp:attachment":[{"href":"https:\/\/skaitytaknyga.lt\/en\/wp-json\/wp\/v2\/media?parent=17873"}],"wp:term":[{"taxonomy":"product_brand","embeddable":true,"href":"https:\/\/skaitytaknyga.lt\/en\/wp-json\/wp\/v2\/product_brand?post=17873"},{"taxonomy":"product_cat","embeddable":true,"href":"https:\/\/skaitytaknyga.lt\/en\/wp-json\/wp\/v2\/product_cat?post=17873"},{"taxonomy":"product_tag","embeddable":true,"href":"https:\/\/skaitytaknyga.lt\/en\/wp-json\/wp\/v2\/product_tag?post=17873"}],"curies":[{"name":"wp","href":"https:\/\/api.w.org\/{rel}","templated":true}]}}