{"id":17871,"date":"2025-04-16T14:34:57","date_gmt":"2025-04-16T11:34:57","guid":{"rendered":"https:\/\/skaitytaknyga.lt\/?post_type=product&#038;p=17871"},"modified":"2025-09-01T19:10:20","modified_gmt":"2025-09-01T16:10:20","slug":"kaip-atpazinti-psichopata","status":"publish","type":"product","link":"https:\/\/skaitytaknyga.lt\/en\/produktas\/kaip-atpazinti-psichopata\/","title":{"rendered":"Kaip atpa\u017einti psichopat\u0105"},"content":{"rendered":"<p>Puik\u0173 humoro jausm\u0105 turintis \u017eurnalistas Jon Ronson ry\u017eosi para\u0161yti ypating\u0105 knyg\u0105 \u201eKaip atpa\u017einti psichopat\u0105\u201c. Jis pasitelkia gydytoj\u0173 patirt\u012f ir sergan\u010di\u0173j\u0173 psichikos ligomis i\u0161gyvenimus, kad su dalele ironijos parodyt\u0173 mums, jog kartais tie, kuriuos sutinkame kiekvien\u0105 dien\u0105, turi nema\u017eai psichopato bruo\u017e\u0173.<\/p>\n<p>Autorius ie\u0161ko atsakymo \u012f itin intriguojant\u012f klausim\u0105 \u2013 kiek beprotyst\u0117s m\u016bs\u0173 gyvenime. \u201eKaip atpa\u017einti psichopat\u0105\u201c \u2013 tai savimi suabejoti priversianti knyga, svarstanti, kas i\u0161 ties\u0173 yra liga, o kas \u012fprasta ir normalu.<\/p>\n<p>\u201e\u017davi ir humani\u0161ka knyga, juokingai pasakojanti apie nejuokingus dalykus.\u201c\u00a0<em>Washington Post<\/em><\/p>\n<ul class=\"about-product d-none d-xl-block mt-4\">\n<li><strong>Autorius:<\/strong>\u00a0Jon Ronson<\/li>\n<li><strong>Leid\u0117jas<\/strong>\u00a0Metodika<\/li>\n<li><strong>Metai:<\/strong>\u00a02012<\/li>\n<li><strong>Puslapiai:<\/strong>\u00a0288<\/li>\n<li class=\"toggleable type-new-formats \"><strong>ISBN :\u00a0<\/strong>9786094440687<\/li>\n<li><strong>Versijos kodas:<\/strong>\u00a0PT.<\/li>\n<li class=\"toggleable type-new-formats \"><strong>Formatas:<\/strong>\u00a013,5 x 21,5 cm, mink\u0161ti vir\u0161eliai<\/li>\n<li><strong>Kalba:<\/strong>\u00a0Lietuvi\u0173<\/li>\n<li><strong>Vert\u0117jas:<\/strong>\u00a0Linas Vasara<\/li>\n<\/ul>\n","protected":false},"excerpt":{"rendered":"<p>Puik\u0173 humoro jausm\u0105 turintis \u017eurnalistas Jon Ronson ry\u017eosi para\u0161yti ypating\u0105 knyg\u0105 \u201eKaip atpa\u017einti psichopat\u0105\u201c. Jis pasitelkia gydytoj\u0173 patirt\u012f ir sergan\u010di\u0173j\u0173 psichikos ligomis i\u0161gyvenimus, kad su dalele ironijos parodyt\u0173 mums, jog kartais tie, kuriuos sutinkame kiekvien\u0105 dien\u0105, turi nema\u017eai psichopato bruo\u017e\u0173. Autorius ie\u0161ko atsakymo \u012f itin intriguojant\u012f klausim\u0105 \u2013 kiek beprotyst\u0117s m\u016bs\u0173 gyvenime. \u201eKaip atpa\u017einti psichopat\u0105\u201c \u2013 tai savimi suabejoti priversianti knyga, svarstanti, kas i\u0161 ties\u0173 yra liga, o kas \u012fprasta ir normalu. \u201e\u017davi ir humani\u0161ka knyga, juokingai pasakojanti apie nejuokingus dalykus.\u201c\u00a0Washington Post Autorius:\u00a0Jon Ronson Leid\u0117jas\u00a0Metodika Metai:\u00a02012 Puslapiai:\u00a0288 ISBN :\u00a09786094440687 Versijos kodas:\u00a0PT. Formatas:\u00a013,5 x 21,5 cm, mink\u0161ti vir\u0161eliai Kalba:\u00a0Lietuvi\u0173 Vert\u0117jas:\u00a0Linas Vasara<\/p>\n","protected":false},"featured_media":17872,"comment_status":"closed","ping_status":"closed","template":"","meta":{"_acf_changed":false,"site-sidebar-layout":"default","site-content-layout":"","ast-site-content-layout":"default","site-content-style":"default","site-sidebar-style":"default","ast-global-header-display":"","ast-banner-title-visibility":"","ast-main-header-display":"","ast-hfb-above-header-display":"","ast-hfb-below-header-display":"","ast-hfb-mobile-header-display":"","site-post-title":"","ast-breadcrumbs-content":"","ast-featured-img":"","footer-sml-layout":"","ast-disable-related-posts":"","theme-transparent-header-meta":"default","adv-header-id-meta":"","stick-header-meta":"","header-above-stick-meta":"","header-main-stick-meta":"","header-below-stick-meta":"","astra-migrate-meta-layouts":"set","ast-page-background-enabled":"default","ast-page-background-meta":{"desktop":{"background-color":"","background-image":"","background-repeat":"repeat","background-position":"center center","background-size":"auto","background-attachment":"scroll","background-type":"","background-media":"","overlay-type":"","overlay-color":"","overlay-opacity":"","overlay-gradient":""},"tablet":{"background-color":"","background-image":"","background-repeat":"repeat","background-position":"center center","background-size":"auto","background-attachment":"scroll","background-type":"","background-media":"","overlay-type":"","overlay-color":"","overlay-opacity":"","overlay-gradient":""},"mobile":{"background-color":"","background-image":"","background-repeat":"repeat","background-position":"center center","background-size":"auto","background-attachment":"scroll","background-type":"","background-media":"","overlay-type":"","overlay-color":"","overlay-opacity":"","overlay-gradient":""}},"ast-content-background-meta":{"desktop":{"background-color":"var(--ast-global-color-4)","background-image":"","background-repeat":"repeat","background-position":"center center","background-size":"auto","background-attachment":"scroll","background-type":"","background-media":"","overlay-type":"","overlay-color":"","overlay-opacity":"","overlay-gradient":""},"tablet":{"background-color":"var(--ast-global-color-4)","background-image":"","background-repeat":"repeat","background-position":"center center","background-size":"auto","background-attachment":"scroll","background-type":"","background-media":"","overlay-type":"","overlay-color":"","overlay-opacity":"","overlay-gradient":""},"mobile":{"background-color":"var(--ast-global-color-4)","background-image":"","background-repeat":"repeat","background-position":"center center","background-size":"auto","background-attachment":"scroll","background-type":"","background-media":"","overlay-type":"","overlay-color":"","overlay-opacity":"","overlay-gradient":""}}},"product_brand":[],"product_cat":[30],"product_tag":[1980,3402,3405,3404,1392,3403,3406],"class_list":{"0":"post-17871","1":"product","2":"type-product","3":"status-publish","4":"has-post-thumbnail","6":"product_cat-psichologija-ir-saviugda","7":"product_tag-humoras","8":"product_tag-jon-ronson","9":"product_tag-ligos","10":"product_tag-psichikos-ligos","11":"product_tag-psichologija","12":"product_tag-psichopatija","13":"product_tag-socialine-analize","14":"pa_leidimo-metai-777","15":"pa_virselis-minkstas","16":"desktop-align-left","17":"tablet-align-left","18":"mobile-align-left","20":"first","21":"outofstock","22":"shipping-taxable","23":"purchasable","24":"product-type-simple"},"acf":[],"yoast_head":"<!-- This site is optimized with the Yoast SEO plugin v27.0 - https:\/\/yoast.com\/product\/yoast-seo-wordpress\/ -->\n<title>Kaip atpa\u017einti psichopat\u0105<\/title>\n<meta name=\"description\" content=\"Puik\u0173 humoro jausm\u0105 turintis \u017eurnalistas Jon Ronson ry\u017eosi para\u0161yti ypating\u0105 knyg\u0105 \u201eKaip atpa\u017einti psichopat\u0105\u201c. Jis pasitelkia gydytoj\u0173 patirt\u012f ir\" \/>\n<meta name=\"robots\" content=\"index, follow, max-snippet:-1, max-image-preview:large, max-video-preview:-1\" \/>\n<link rel=\"canonical\" href=\"https:\/\/skaitytaknyga.lt\/en\/produktas\/kaip-atpazinti-psichopata\/\" \/>\n<meta property=\"og:locale\" content=\"en_GB\" \/>\n<meta property=\"og:locale:alternate\" content=\"lt_LT\" \/>\n<meta property=\"og:type\" content=\"article\" \/>\n<meta property=\"og:title\" content=\"Kaip atpa\u017einti psichopat\u0105\" \/>\n<meta property=\"og:description\" content=\"Puik\u0173 humoro jausm\u0105 turintis \u017eurnalistas Jon Ronson ry\u017eosi para\u0161yti ypating\u0105 knyg\u0105 \u201eKaip atpa\u017einti psichopat\u0105\u201c. Jis pasitelkia gydytoj\u0173 patirt\u012f ir\" \/>\n<meta property=\"og:url\" content=\"https:\/\/skaitytaknyga.lt\/en\/produktas\/kaip-atpazinti-psichopata\/\" \/>\n<meta property=\"og:site_name\" content=\"Skaitytaknyga\" \/>\n<meta property=\"article:publisher\" content=\"https:\/\/www.facebook.com\/skaitytaknyga\/\" \/>\n<meta property=\"article:modified_time\" content=\"2025-09-01T16:10:20+00:00\" \/>\n<meta property=\"og:image\" content=\"https:\/\/skaitytaknyga.lt\/wp-content\/uploads\/2025\/04\/Kaip-atpazinti-psichopata.webp\" \/>\n\t<meta property=\"og:image:width\" content=\"508\" \/>\n\t<meta property=\"og:image:height\" content=\"800\" \/>\n\t<meta property=\"og:image:type\" content=\"image\/webp\" \/>\n<meta name=\"twitter:card\" content=\"summary_large_image\" \/>\n<meta name=\"twitter:label1\" content=\"Estimated reading time\" \/>\n\t<meta name=\"twitter:data1\" content=\"1 minute\" \/>\n<script type=\"application\/ld+json\" class=\"yoast-schema-graph\">{\"@context\":\"https:\/\/schema.org\",\"@graph\":[{\"@type\":\"WebPage\",\"@id\":\"https:\/\/skaitytaknyga.lt\/produktas\/kaip-atpazinti-psichopata\/\",\"url\":\"https:\/\/skaitytaknyga.lt\/produktas\/kaip-atpazinti-psichopata\/\",\"name\":\"Kaip atpa\u017einti psichopat\u0105\",\"isPartOf\":{\"@id\":\"https:\/\/skaitytaknyga.lt\/#website\"},\"primaryImageOfPage\":{\"@id\":\"https:\/\/skaitytaknyga.lt\/produktas\/kaip-atpazinti-psichopata\/#primaryimage\"},\"image\":{\"@id\":\"https:\/\/skaitytaknyga.lt\/produktas\/kaip-atpazinti-psichopata\/#primaryimage\"},\"thumbnailUrl\":\"https:\/\/skaitytaknyga.lt\/wp-content\/uploads\/2025\/04\/Kaip-atpazinti-psichopata.webp\",\"datePublished\":\"2025-04-16T11:34:57+00:00\",\"dateModified\":\"2025-09-01T16:10:20+00:00\",\"description\":\"Puik\u0173 humoro jausm\u0105 turintis \u017eurnalistas Jon Ronson ry\u017eosi para\u0161yti ypating\u0105 knyg\u0105 \u201eKaip atpa\u017einti psichopat\u0105\u201c. Jis pasitelkia gydytoj\u0173 patirt\u012f ir\",\"breadcrumb\":{\"@id\":\"https:\/\/skaitytaknyga.lt\/produktas\/kaip-atpazinti-psichopata\/#breadcrumb\"},\"inLanguage\":\"en-GB\",\"potentialAction\":[{\"@type\":\"ReadAction\",\"target\":[\"https:\/\/skaitytaknyga.lt\/produktas\/kaip-atpazinti-psichopata\/\"]}]},{\"@type\":\"ImageObject\",\"inLanguage\":\"en-GB\",\"@id\":\"https:\/\/skaitytaknyga.lt\/produktas\/kaip-atpazinti-psichopata\/#primaryimage\",\"url\":\"https:\/\/skaitytaknyga.lt\/wp-content\/uploads\/2025\/04\/Kaip-atpazinti-psichopata.webp\",\"contentUrl\":\"https:\/\/skaitytaknyga.lt\/wp-content\/uploads\/2025\/04\/Kaip-atpazinti-psichopata.webp\",\"width\":508,\"height\":800,\"caption\":\"Kaip atpa\u017einti psichopat\u0105\"},{\"@type\":\"BreadcrumbList\",\"@id\":\"https:\/\/skaitytaknyga.lt\/produktas\/kaip-atpazinti-psichopata\/#breadcrumb\",\"itemListElement\":[{\"@type\":\"ListItem\",\"position\":1,\"name\":\"Home\",\"item\":\"https:\/\/skaitytaknyga.lt\/\"},{\"@type\":\"ListItem\",\"position\":2,\"name\":\"Parduotuv\u0117\",\"item\":\"https:\/\/skaitytaknyga.lt\/knygu-parduotuve\/\"},{\"@type\":\"ListItem\",\"position\":3,\"name\":\"Kaip atpa\u017einti psichopat\u0105\"}]},{\"@type\":\"WebSite\",\"@id\":\"https:\/\/skaitytaknyga.lt\/#website\",\"url\":\"https:\/\/skaitytaknyga.lt\/\",\"name\":\"skaitytaknyga.lt\",\"description\":\"Skaitytaknyga.lt \u2013 tai ma\u017eas \u0161eimos verslas, kuris prasid\u0117jo nuo meil\u0117s knygoms ir siekio i\u0161gelb\u0117ti knygas nuo likimo prie konteinerio. Kas vienam nereikalingas daiktas \u2013 kitam lobis, o mes esame tarpininkai, kurie padeda abiems tapti laimingesniems ???? \u017dinome kaip nelengva i\u0161gyventi ma\u017eiems verslams, tad nuo \u0161iol, \u010dia rasite ir kit\u0173, ma\u017e\u0173 \u0161eim\u0173 versl\u0173, rank\u0173 darbo, dovan\u0173 sau ir artimiesiems.\",\"publisher\":{\"@id\":\"https:\/\/skaitytaknyga.lt\/#organization\"},\"potentialAction\":[{\"@type\":\"SearchAction\",\"target\":{\"@type\":\"EntryPoint\",\"urlTemplate\":\"https:\/\/skaitytaknyga.lt\/?s={search_term_string}\"},\"query-input\":{\"@type\":\"PropertyValueSpecification\",\"valueRequired\":true,\"valueName\":\"search_term_string\"}}],\"inLanguage\":\"en-GB\"},{\"@type\":\"Organization\",\"@id\":\"https:\/\/skaitytaknyga.lt\/#organization\",\"name\":\"skaitytaknyga.lt\",\"url\":\"https:\/\/skaitytaknyga.lt\/\",\"logo\":{\"@type\":\"ImageObject\",\"inLanguage\":\"en-GB\",\"@id\":\"https:\/\/skaitytaknyga.lt\/#\/schema\/logo\/image\/\",\"url\":\"https:\/\/skaitytaknyga.lt\/wp-content\/uploads\/2024\/05\/cropped-cropped-cropped-02_00843_jt3bggkj1j3HLc7SyY6rEUpg.jpeg\",\"contentUrl\":\"https:\/\/skaitytaknyga.lt\/wp-content\/uploads\/2024\/05\/cropped-cropped-cropped-02_00843_jt3bggkj1j3HLc7SyY6rEUpg.jpeg\",\"width\":1600,\"height\":1600,\"caption\":\"skaitytaknyga.lt\"},\"image\":{\"@id\":\"https:\/\/skaitytaknyga.lt\/#\/schema\/logo\/image\/\"},\"sameAs\":[\"https:\/\/www.facebook.com\/skaitytaknyga\/\"]}]}<\/script>\n<!-- \/ Yoast SEO plugin. -->","yoast_head_json":{"title":"Kaip atpa\u017einti psichopat\u0105","description":"Puik\u0173 humoro jausm\u0105 turintis \u017eurnalistas Jon Ronson ry\u017eosi para\u0161yti ypating\u0105 knyg\u0105 \u201eKaip atpa\u017einti psichopat\u0105\u201c. Jis pasitelkia gydytoj\u0173 patirt\u012f ir","robots":{"index":"index","follow":"follow","max-snippet":"max-snippet:-1","max-image-preview":"max-image-preview:large","max-video-preview":"max-video-preview:-1"},"canonical":"https:\/\/skaitytaknyga.lt\/en\/produktas\/kaip-atpazinti-psichopata\/","og_locale":"en_GB","og_type":"article","og_title":"[:lt]Kaip atpa\u017einti psichopat\u0105[:] - Skaitytaknyga","og_description":"Puik\u0173 humoro jausm\u0105 turintis \u017eurnalistas Jon Ronson ry\u017eosi para\u0161yti ypating\u0105 knyg\u0105 \u201eKaip atpa\u017einti psichopat\u0105\u201c. Jis pasitelkia gydytoj\u0173 patirt\u012f ir","og_url":"https:\/\/skaitytaknyga.lt\/en\/produktas\/kaip-atpazinti-psichopata\/","og_site_name":"Skaitytaknyga","article_publisher":"https:\/\/www.facebook.com\/skaitytaknyga\/","article_modified_time":"2025-09-01T16:10:20+00:00","og_image":[{"width":508,"height":800,"url":"https:\/\/skaitytaknyga.lt\/wp-content\/uploads\/2025\/04\/Kaip-atpazinti-psichopata.webp","type":"image\/webp"}],"twitter_card":"summary_large_image","twitter_misc":{"Estimated reading time":"1 minute"},"schema":{"@context":"https:\/\/schema.org","@graph":[{"@type":"WebPage","@id":"https:\/\/skaitytaknyga.lt\/produktas\/kaip-atpazinti-psichopata\/","url":"https:\/\/skaitytaknyga.lt\/produktas\/kaip-atpazinti-psichopata\/","name":"Kaip atpa\u017einti psichopat\u0105","isPartOf":{"@id":"https:\/\/skaitytaknyga.lt\/#website"},"primaryImageOfPage":{"@id":"https:\/\/skaitytaknyga.lt\/produktas\/kaip-atpazinti-psichopata\/#primaryimage"},"image":{"@id":"https:\/\/skaitytaknyga.lt\/produktas\/kaip-atpazinti-psichopata\/#primaryimage"},"thumbnailUrl":"https:\/\/skaitytaknyga.lt\/wp-content\/uploads\/2025\/04\/Kaip-atpazinti-psichopata.webp","datePublished":"2025-04-16T11:34:57+00:00","dateModified":"2025-09-01T16:10:20+00:00","description":"Puik\u0173 humoro jausm\u0105 turintis \u017eurnalistas Jon Ronson ry\u017eosi para\u0161yti ypating\u0105 knyg\u0105 \u201eKaip atpa\u017einti psichopat\u0105\u201c. Jis pasitelkia gydytoj\u0173 patirt\u012f ir","breadcrumb":{"@id":"https:\/\/skaitytaknyga.lt\/produktas\/kaip-atpazinti-psichopata\/#breadcrumb"},"inLanguage":"en-GB","potentialAction":[{"@type":"ReadAction","target":["https:\/\/skaitytaknyga.lt\/produktas\/kaip-atpazinti-psichopata\/"]}]},{"@type":"ImageObject","inLanguage":"en-GB","@id":"https:\/\/skaitytaknyga.lt\/produktas\/kaip-atpazinti-psichopata\/#primaryimage","url":"https:\/\/skaitytaknyga.lt\/wp-content\/uploads\/2025\/04\/Kaip-atpazinti-psichopata.webp","contentUrl":"https:\/\/skaitytaknyga.lt\/wp-content\/uploads\/2025\/04\/Kaip-atpazinti-psichopata.webp","width":508,"height":800,"caption":"Kaip atpa\u017einti psichopat\u0105"},{"@type":"BreadcrumbList","@id":"https:\/\/skaitytaknyga.lt\/produktas\/kaip-atpazinti-psichopata\/#breadcrumb","itemListElement":[{"@type":"ListItem","position":1,"name":"Home","item":"https:\/\/skaitytaknyga.lt\/"},{"@type":"ListItem","position":2,"name":"Parduotuv\u0117","item":"https:\/\/skaitytaknyga.lt\/knygu-parduotuve\/"},{"@type":"ListItem","position":3,"name":"Kaip atpa\u017einti psichopat\u0105"}]},{"@type":"WebSite","@id":"https:\/\/skaitytaknyga.lt\/#website","url":"https:\/\/skaitytaknyga.lt\/","name":"skaitytaknyga.lt","description":"Skaitytaknyga.lt \u2013 tai ma\u017eas \u0161eimos verslas, kuris prasid\u0117jo nuo meil\u0117s knygoms ir siekio i\u0161gelb\u0117ti knygas nuo likimo prie konteinerio. Kas vienam nereikalingas daiktas \u2013 kitam lobis, o mes esame tarpininkai, kurie padeda abiems tapti laimingesniems ???? \u017dinome kaip nelengva i\u0161gyventi ma\u017eiems verslams, tad nuo \u0161iol, \u010dia rasite ir kit\u0173, ma\u017e\u0173 \u0161eim\u0173 versl\u0173, rank\u0173 darbo, dovan\u0173 sau ir artimiesiems.","publisher":{"@id":"https:\/\/skaitytaknyga.lt\/#organization"},"potentialAction":[{"@type":"SearchAction","target":{"@type":"EntryPoint","urlTemplate":"https:\/\/skaitytaknyga.lt\/?s={search_term_string}"},"query-input":{"@type":"PropertyValueSpecification","valueRequired":true,"valueName":"search_term_string"}}],"inLanguage":"en-GB"},{"@type":"Organization","@id":"https:\/\/skaitytaknyga.lt\/#organization","name":"skaitytaknyga.lt","url":"https:\/\/skaitytaknyga.lt\/","logo":{"@type":"ImageObject","inLanguage":"en-GB","@id":"https:\/\/skaitytaknyga.lt\/#\/schema\/logo\/image\/","url":"https:\/\/skaitytaknyga.lt\/wp-content\/uploads\/2024\/05\/cropped-cropped-cropped-02_00843_jt3bggkj1j3HLc7SyY6rEUpg.jpeg","contentUrl":"https:\/\/skaitytaknyga.lt\/wp-content\/uploads\/2024\/05\/cropped-cropped-cropped-02_00843_jt3bggkj1j3HLc7SyY6rEUpg.jpeg","width":1600,"height":1600,"caption":"skaitytaknyga.lt"},"image":{"@id":"https:\/\/skaitytaknyga.lt\/#\/schema\/logo\/image\/"},"sameAs":["https:\/\/www.facebook.com\/skaitytaknyga\/"]}]}},"_links":{"self":[{"href":"https:\/\/skaitytaknyga.lt\/en\/wp-json\/wp\/v2\/product\/17871","targetHints":{"allow":["GET"]}}],"collection":[{"href":"https:\/\/skaitytaknyga.lt\/en\/wp-json\/wp\/v2\/product"}],"about":[{"href":"https:\/\/skaitytaknyga.lt\/en\/wp-json\/wp\/v2\/types\/product"}],"replies":[{"embeddable":true,"href":"https:\/\/skaitytaknyga.lt\/en\/wp-json\/wp\/v2\/comments?post=17871"}],"wp:featuredmedia":[{"embeddable":true,"href":"https:\/\/skaitytaknyga.lt\/en\/wp-json\/wp\/v2\/media\/17872"}],"wp:attachment":[{"href":"https:\/\/skaitytaknyga.lt\/en\/wp-json\/wp\/v2\/media?parent=17871"}],"wp:term":[{"taxonomy":"product_brand","embeddable":true,"href":"https:\/\/skaitytaknyga.lt\/en\/wp-json\/wp\/v2\/product_brand?post=17871"},{"taxonomy":"product_cat","embeddable":true,"href":"https:\/\/skaitytaknyga.lt\/en\/wp-json\/wp\/v2\/product_cat?post=17871"},{"taxonomy":"product_tag","embeddable":true,"href":"https:\/\/skaitytaknyga.lt\/en\/wp-json\/wp\/v2\/product_tag?post=17871"}],"curies":[{"name":"wp","href":"https:\/\/api.w.org\/{rel}","templated":true}]}}