{"id":17869,"date":"2025-04-16T14:31:40","date_gmt":"2025-04-16T11:31:40","guid":{"rendered":"https:\/\/skaitytaknyga.lt\/?post_type=product&#038;p=17869"},"modified":"2025-05-15T13:44:45","modified_gmt":"2025-05-15T10:44:45","slug":"laisvas-zmogus-ar-auka","status":"publish","type":"product","link":"https:\/\/skaitytaknyga.lt\/en\/produktas\/laisvas-zmogus-ar-auka\/","title":{"rendered":"Laisvas \u017emogus ar auka"},"content":{"rendered":"<p><strong>I\u0161mok oriai bendrauti ir gyventi savo pasirinkt\u0105 gyvenim\u0105.<\/strong><\/p>\n<p>Knygoje atskleid\u017eiama, kaip mes galime atsikratyti kit\u0173 \u017emoni\u0173 diktato ir prad\u0117ti gyventi savo gyvenimus.<\/p>\n<p>Daugyb\u0117 \u017emoni\u0173 dirba darbus, kurie jiems neteikia jokio pasitenkinimo, ta\u010diau neie\u0161ko kit\u0173, nes jau\u010diasi suvar\u017eyti gyvenimi\u0161kos situacijos arba bijo poky\u010di\u0173. Skaitydami \u0161i\u0105 knyg\u0105, j\u016bs \u012fsitikinsite, kad pasitelkus entuziazm\u0105 ir lankstum\u0105, kiekvienas gali rasti jam patinkam\u0105, miel\u0105 darb\u0105.<br \/>\nKnyga Jums parodys kaip nustoti b\u016bti auka visose kasdienio gyvenimo srityse ir prad\u0117ti keisti savo likim\u0105.<\/p>\n<ul class=\"about-product d-none d-xl-block mt-4\">\n<li><strong>Autorius:<\/strong>\u00a0Wayne W. Dyer<\/li>\n<li><strong>Leid\u0117jas<\/strong>\u00a0Dajalita<\/li>\n<li><strong>Metai:<\/strong>\u00a02011<\/li>\n<li><strong>Puslapiai:<\/strong>\u00a0304<\/li>\n<li class=\"toggleable type-new-formats \"><strong>ISBN :\u00a0<\/strong>9786094240102<\/li>\n<li><strong>Versijos kodas:<\/strong>\u00a0PT.<\/li>\n<li class=\"toggleable type-new-formats \"><strong>Formatas:<\/strong>\u00a014,5 x 22,2 cm, mink\u0161ti vir\u0161eliai<\/li>\n<li><strong>Kalba:<\/strong>\u00a0Lietuvi\u0173<\/li>\n<li><strong>Vert\u0117jas:<\/strong>\u00a0Edmundas Ju\u0161kevi\u010dius<\/li>\n<\/ul>\n","protected":false},"excerpt":{"rendered":"<p>I\u0161mok oriai bendrauti ir gyventi savo pasirinkt\u0105 gyvenim\u0105. Knygoje atskleid\u017eiama, kaip mes galime atsikratyti kit\u0173 \u017emoni\u0173 diktato ir prad\u0117ti gyventi savo gyvenimus. Daugyb\u0117 \u017emoni\u0173 dirba darbus, kurie jiems neteikia jokio pasitenkinimo, ta\u010diau neie\u0161ko kit\u0173, nes jau\u010diasi suvar\u017eyti gyvenimi\u0161kos situacijos arba bijo poky\u010di\u0173. Skaitydami \u0161i\u0105 knyg\u0105, j\u016bs \u012fsitikinsite, kad pasitelkus entuziazm\u0105 ir lankstum\u0105, kiekvienas gali rasti jam patinkam\u0105, miel\u0105 darb\u0105. Knyga Jums parodys kaip nustoti b\u016bti auka visose kasdienio gyvenimo srityse ir prad\u0117ti keisti savo likim\u0105. Autorius:\u00a0Wayne W. Dyer Leid\u0117jas\u00a0Dajalita Metai:\u00a02011 Puslapiai:\u00a0304 ISBN :\u00a09786094240102 Versijos kodas:\u00a0PT. Formatas:\u00a014,5 x 22,2 cm, mink\u0161ti vir\u0161eliai Kalba:\u00a0Lietuvi\u0173 Vert\u0117jas:\u00a0Edmundas Ju\u0161kevi\u010dius<\/p>\n","protected":false},"featured_media":17870,"comment_status":"closed","ping_status":"closed","template":"","meta":{"_acf_changed":false,"site-sidebar-layout":"default","site-content-layout":"","ast-site-content-layout":"default","site-content-style":"default","site-sidebar-style":"default","ast-global-header-display":"","ast-banner-title-visibility":"","ast-main-header-display":"","ast-hfb-above-header-display":"","ast-hfb-below-header-display":"","ast-hfb-mobile-header-display":"","site-post-title":"","ast-breadcrumbs-content":"","ast-featured-img":"","footer-sml-layout":"","ast-disable-related-posts":"","theme-transparent-header-meta":"default","adv-header-id-meta":"","stick-header-meta":"","header-above-stick-meta":"","header-main-stick-meta":"","header-below-stick-meta":"","astra-migrate-meta-layouts":"set","ast-page-background-enabled":"default","ast-page-background-meta":{"desktop":{"background-color":"","background-image":"","background-repeat":"repeat","background-position":"center center","background-size":"auto","background-attachment":"scroll","background-type":"","background-media":"","overlay-type":"","overlay-color":"","overlay-opacity":"","overlay-gradient":""},"tablet":{"background-color":"","background-image":"","background-repeat":"repeat","background-position":"center center","background-size":"auto","background-attachment":"scroll","background-type":"","background-media":"","overlay-type":"","overlay-color":"","overlay-opacity":"","overlay-gradient":""},"mobile":{"background-color":"","background-image":"","background-repeat":"repeat","background-position":"center center","background-size":"auto","background-attachment":"scroll","background-type":"","background-media":"","overlay-type":"","overlay-color":"","overlay-opacity":"","overlay-gradient":""}},"ast-content-background-meta":{"desktop":{"background-color":"var(--ast-global-color-4)","background-image":"","background-repeat":"repeat","background-position":"center center","background-size":"auto","background-attachment":"scroll","background-type":"","background-media":"","overlay-type":"","overlay-color":"","overlay-opacity":"","overlay-gradient":""},"tablet":{"background-color":"var(--ast-global-color-4)","background-image":"","background-repeat":"repeat","background-position":"center center","background-size":"auto","background-attachment":"scroll","background-type":"","background-media":"","overlay-type":"","overlay-color":"","overlay-opacity":"","overlay-gradient":""},"mobile":{"background-color":"var(--ast-global-color-4)","background-image":"","background-repeat":"repeat","background-position":"center center","background-size":"auto","background-attachment":"scroll","background-type":"","background-media":"","overlay-type":"","overlay-color":"","overlay-opacity":"","overlay-gradient":""}}},"product_brand":[],"product_cat":[30],"product_tag":[1972,2426,1409,1396,3401],"class_list":{"0":"post-17869","1":"product","2":"type-product","3":"status-publish","4":"has-post-thumbnail","6":"product_cat-psichologija-ir-saviugda","7":"product_tag-asmeninis-augimas","8":"product_tag-gyvenimo-kokybe","9":"product_tag-motyvacija","10":"product_tag-saviugda","11":"product_tag-wayne-w-dyer","12":"pa_leidimo-metai-777","13":"pa_virselis-minkstas","14":"desktop-align-left","15":"tablet-align-left","16":"mobile-align-left","18":"first","19":"instock","20":"shipping-taxable","21":"purchasable","22":"product-type-simple"},"acf":[],"yoast_head":"<!-- This site is optimized with the Yoast SEO plugin v27.0 - https:\/\/yoast.com\/product\/yoast-seo-wordpress\/ -->\n<title>Laisvas \u017emogus ar auka<\/title>\n<meta name=\"description\" content=\"I\u0161mok oriai bendrauti ir gyventi savo pasirinkt\u0105 gyvenim\u0105. Knygoje atskleid\u017eiama, kaip mes galime atsikratyti kit\u0173 \u017emoni\u0173 diktato ir prad\u0117ti gyventi savo\" \/>\n<meta name=\"robots\" content=\"index, follow, max-snippet:-1, max-image-preview:large, max-video-preview:-1\" \/>\n<link rel=\"canonical\" href=\"https:\/\/skaitytaknyga.lt\/en\/produktas\/laisvas-zmogus-ar-auka\/\" \/>\n<meta property=\"og:locale\" content=\"en_GB\" \/>\n<meta property=\"og:locale:alternate\" content=\"lt_LT\" \/>\n<meta property=\"og:type\" content=\"article\" \/>\n<meta property=\"og:title\" content=\"Laisvas \u017emogus ar auka\" \/>\n<meta property=\"og:description\" content=\"I\u0161mok oriai bendrauti ir gyventi savo pasirinkt\u0105 gyvenim\u0105. Knygoje atskleid\u017eiama, kaip mes galime atsikratyti kit\u0173 \u017emoni\u0173 diktato ir prad\u0117ti gyventi savo\" \/>\n<meta property=\"og:url\" content=\"https:\/\/skaitytaknyga.lt\/en\/produktas\/laisvas-zmogus-ar-auka\/\" \/>\n<meta property=\"og:site_name\" content=\"Skaitytaknyga\" \/>\n<meta property=\"article:publisher\" content=\"https:\/\/www.facebook.com\/skaitytaknyga\/\" \/>\n<meta property=\"article:modified_time\" content=\"2025-05-15T10:44:45+00:00\" \/>\n<meta property=\"og:image\" content=\"https:\/\/skaitytaknyga.lt\/wp-content\/uploads\/2025\/04\/Laisvas-zmogus-ar-auka.webp\" \/>\n\t<meta property=\"og:image:width\" content=\"424\" \/>\n\t<meta property=\"og:image:height\" content=\"616\" \/>\n\t<meta property=\"og:image:type\" content=\"image\/webp\" \/>\n<meta name=\"twitter:card\" content=\"summary_large_image\" \/>\n<meta name=\"twitter:label1\" content=\"Estimated reading time\" \/>\n\t<meta name=\"twitter:data1\" content=\"1 minute\" \/>\n<script type=\"application\/ld+json\" class=\"yoast-schema-graph\">{\"@context\":\"https:\/\/schema.org\",\"@graph\":[{\"@type\":\"WebPage\",\"@id\":\"https:\/\/skaitytaknyga.lt\/produktas\/laisvas-zmogus-ar-auka\/\",\"url\":\"https:\/\/skaitytaknyga.lt\/produktas\/laisvas-zmogus-ar-auka\/\",\"name\":\"Laisvas \u017emogus ar auka\",\"isPartOf\":{\"@id\":\"https:\/\/skaitytaknyga.lt\/#website\"},\"primaryImageOfPage\":{\"@id\":\"https:\/\/skaitytaknyga.lt\/produktas\/laisvas-zmogus-ar-auka\/#primaryimage\"},\"image\":{\"@id\":\"https:\/\/skaitytaknyga.lt\/produktas\/laisvas-zmogus-ar-auka\/#primaryimage\"},\"thumbnailUrl\":\"https:\/\/skaitytaknyga.lt\/wp-content\/uploads\/2025\/04\/Laisvas-zmogus-ar-auka.webp\",\"datePublished\":\"2025-04-16T11:31:40+00:00\",\"dateModified\":\"2025-05-15T10:44:45+00:00\",\"description\":\"I\u0161mok oriai bendrauti ir gyventi savo pasirinkt\u0105 gyvenim\u0105. Knygoje atskleid\u017eiama, kaip mes galime atsikratyti kit\u0173 \u017emoni\u0173 diktato ir prad\u0117ti gyventi savo\",\"breadcrumb\":{\"@id\":\"https:\/\/skaitytaknyga.lt\/produktas\/laisvas-zmogus-ar-auka\/#breadcrumb\"},\"inLanguage\":\"en-GB\",\"potentialAction\":[{\"@type\":\"ReadAction\",\"target\":[\"https:\/\/skaitytaknyga.lt\/produktas\/laisvas-zmogus-ar-auka\/\"]}]},{\"@type\":\"ImageObject\",\"inLanguage\":\"en-GB\",\"@id\":\"https:\/\/skaitytaknyga.lt\/produktas\/laisvas-zmogus-ar-auka\/#primaryimage\",\"url\":\"https:\/\/skaitytaknyga.lt\/wp-content\/uploads\/2025\/04\/Laisvas-zmogus-ar-auka.webp\",\"contentUrl\":\"https:\/\/skaitytaknyga.lt\/wp-content\/uploads\/2025\/04\/Laisvas-zmogus-ar-auka.webp\",\"width\":424,\"height\":616,\"caption\":\"Laisvas \u017emogus ar auka\"},{\"@type\":\"BreadcrumbList\",\"@id\":\"https:\/\/skaitytaknyga.lt\/produktas\/laisvas-zmogus-ar-auka\/#breadcrumb\",\"itemListElement\":[{\"@type\":\"ListItem\",\"position\":1,\"name\":\"Home\",\"item\":\"https:\/\/skaitytaknyga.lt\/\"},{\"@type\":\"ListItem\",\"position\":2,\"name\":\"Parduotuv\u0117\",\"item\":\"https:\/\/skaitytaknyga.lt\/knygu-parduotuve\/\"},{\"@type\":\"ListItem\",\"position\":3,\"name\":\"Laisvas \u017emogus ar auka\"}]},{\"@type\":\"WebSite\",\"@id\":\"https:\/\/skaitytaknyga.lt\/#website\",\"url\":\"https:\/\/skaitytaknyga.lt\/\",\"name\":\"skaitytaknyga.lt\",\"description\":\"Skaitytaknyga.lt \u2013 tai ma\u017eas \u0161eimos verslas, kuris prasid\u0117jo nuo meil\u0117s knygoms ir siekio i\u0161gelb\u0117ti knygas nuo likimo prie konteinerio. Kas vienam nereikalingas daiktas \u2013 kitam lobis, o mes esame tarpininkai, kurie padeda abiems tapti laimingesniems ???? \u017dinome kaip nelengva i\u0161gyventi ma\u017eiems verslams, tad nuo \u0161iol, \u010dia rasite ir kit\u0173, ma\u017e\u0173 \u0161eim\u0173 versl\u0173, rank\u0173 darbo, dovan\u0173 sau ir artimiesiems.\",\"publisher\":{\"@id\":\"https:\/\/skaitytaknyga.lt\/#organization\"},\"potentialAction\":[{\"@type\":\"SearchAction\",\"target\":{\"@type\":\"EntryPoint\",\"urlTemplate\":\"https:\/\/skaitytaknyga.lt\/?s={search_term_string}\"},\"query-input\":{\"@type\":\"PropertyValueSpecification\",\"valueRequired\":true,\"valueName\":\"search_term_string\"}}],\"inLanguage\":\"en-GB\"},{\"@type\":\"Organization\",\"@id\":\"https:\/\/skaitytaknyga.lt\/#organization\",\"name\":\"skaitytaknyga.lt\",\"url\":\"https:\/\/skaitytaknyga.lt\/\",\"logo\":{\"@type\":\"ImageObject\",\"inLanguage\":\"en-GB\",\"@id\":\"https:\/\/skaitytaknyga.lt\/#\/schema\/logo\/image\/\",\"url\":\"https:\/\/skaitytaknyga.lt\/wp-content\/uploads\/2024\/05\/cropped-cropped-cropped-02_00843_jt3bggkj1j3HLc7SyY6rEUpg.jpeg\",\"contentUrl\":\"https:\/\/skaitytaknyga.lt\/wp-content\/uploads\/2024\/05\/cropped-cropped-cropped-02_00843_jt3bggkj1j3HLc7SyY6rEUpg.jpeg\",\"width\":1600,\"height\":1600,\"caption\":\"skaitytaknyga.lt\"},\"image\":{\"@id\":\"https:\/\/skaitytaknyga.lt\/#\/schema\/logo\/image\/\"},\"sameAs\":[\"https:\/\/www.facebook.com\/skaitytaknyga\/\"]}]}<\/script>\n<!-- \/ Yoast SEO plugin. -->","yoast_head_json":{"title":"Laisvas \u017emogus ar auka","description":"I\u0161mok oriai bendrauti ir gyventi savo pasirinkt\u0105 gyvenim\u0105. Knygoje atskleid\u017eiama, kaip mes galime atsikratyti kit\u0173 \u017emoni\u0173 diktato ir prad\u0117ti gyventi savo","robots":{"index":"index","follow":"follow","max-snippet":"max-snippet:-1","max-image-preview":"max-image-preview:large","max-video-preview":"max-video-preview:-1"},"canonical":"https:\/\/skaitytaknyga.lt\/en\/produktas\/laisvas-zmogus-ar-auka\/","og_locale":"en_GB","og_type":"article","og_title":"[:lt]Laisvas \u017emogus ar auka[:] - Skaitytaknyga","og_description":"I\u0161mok oriai bendrauti ir gyventi savo pasirinkt\u0105 gyvenim\u0105. Knygoje atskleid\u017eiama, kaip mes galime atsikratyti kit\u0173 \u017emoni\u0173 diktato ir prad\u0117ti gyventi savo","og_url":"https:\/\/skaitytaknyga.lt\/en\/produktas\/laisvas-zmogus-ar-auka\/","og_site_name":"Skaitytaknyga","article_publisher":"https:\/\/www.facebook.com\/skaitytaknyga\/","article_modified_time":"2025-05-15T10:44:45+00:00","og_image":[{"width":424,"height":616,"url":"https:\/\/skaitytaknyga.lt\/wp-content\/uploads\/2025\/04\/Laisvas-zmogus-ar-auka.webp","type":"image\/webp"}],"twitter_card":"summary_large_image","twitter_misc":{"Estimated reading time":"1 minute"},"schema":{"@context":"https:\/\/schema.org","@graph":[{"@type":"WebPage","@id":"https:\/\/skaitytaknyga.lt\/produktas\/laisvas-zmogus-ar-auka\/","url":"https:\/\/skaitytaknyga.lt\/produktas\/laisvas-zmogus-ar-auka\/","name":"Laisvas \u017emogus ar auka","isPartOf":{"@id":"https:\/\/skaitytaknyga.lt\/#website"},"primaryImageOfPage":{"@id":"https:\/\/skaitytaknyga.lt\/produktas\/laisvas-zmogus-ar-auka\/#primaryimage"},"image":{"@id":"https:\/\/skaitytaknyga.lt\/produktas\/laisvas-zmogus-ar-auka\/#primaryimage"},"thumbnailUrl":"https:\/\/skaitytaknyga.lt\/wp-content\/uploads\/2025\/04\/Laisvas-zmogus-ar-auka.webp","datePublished":"2025-04-16T11:31:40+00:00","dateModified":"2025-05-15T10:44:45+00:00","description":"I\u0161mok oriai bendrauti ir gyventi savo pasirinkt\u0105 gyvenim\u0105. Knygoje atskleid\u017eiama, kaip mes galime atsikratyti kit\u0173 \u017emoni\u0173 diktato ir prad\u0117ti gyventi savo","breadcrumb":{"@id":"https:\/\/skaitytaknyga.lt\/produktas\/laisvas-zmogus-ar-auka\/#breadcrumb"},"inLanguage":"en-GB","potentialAction":[{"@type":"ReadAction","target":["https:\/\/skaitytaknyga.lt\/produktas\/laisvas-zmogus-ar-auka\/"]}]},{"@type":"ImageObject","inLanguage":"en-GB","@id":"https:\/\/skaitytaknyga.lt\/produktas\/laisvas-zmogus-ar-auka\/#primaryimage","url":"https:\/\/skaitytaknyga.lt\/wp-content\/uploads\/2025\/04\/Laisvas-zmogus-ar-auka.webp","contentUrl":"https:\/\/skaitytaknyga.lt\/wp-content\/uploads\/2025\/04\/Laisvas-zmogus-ar-auka.webp","width":424,"height":616,"caption":"Laisvas \u017emogus ar auka"},{"@type":"BreadcrumbList","@id":"https:\/\/skaitytaknyga.lt\/produktas\/laisvas-zmogus-ar-auka\/#breadcrumb","itemListElement":[{"@type":"ListItem","position":1,"name":"Home","item":"https:\/\/skaitytaknyga.lt\/"},{"@type":"ListItem","position":2,"name":"Parduotuv\u0117","item":"https:\/\/skaitytaknyga.lt\/knygu-parduotuve\/"},{"@type":"ListItem","position":3,"name":"Laisvas \u017emogus ar auka"}]},{"@type":"WebSite","@id":"https:\/\/skaitytaknyga.lt\/#website","url":"https:\/\/skaitytaknyga.lt\/","name":"skaitytaknyga.lt","description":"Skaitytaknyga.lt \u2013 tai ma\u017eas \u0161eimos verslas, kuris prasid\u0117jo nuo meil\u0117s knygoms ir siekio i\u0161gelb\u0117ti knygas nuo likimo prie konteinerio. Kas vienam nereikalingas daiktas \u2013 kitam lobis, o mes esame tarpininkai, kurie padeda abiems tapti laimingesniems ???? \u017dinome kaip nelengva i\u0161gyventi ma\u017eiems verslams, tad nuo \u0161iol, \u010dia rasite ir kit\u0173, ma\u017e\u0173 \u0161eim\u0173 versl\u0173, rank\u0173 darbo, dovan\u0173 sau ir artimiesiems.","publisher":{"@id":"https:\/\/skaitytaknyga.lt\/#organization"},"potentialAction":[{"@type":"SearchAction","target":{"@type":"EntryPoint","urlTemplate":"https:\/\/skaitytaknyga.lt\/?s={search_term_string}"},"query-input":{"@type":"PropertyValueSpecification","valueRequired":true,"valueName":"search_term_string"}}],"inLanguage":"en-GB"},{"@type":"Organization","@id":"https:\/\/skaitytaknyga.lt\/#organization","name":"skaitytaknyga.lt","url":"https:\/\/skaitytaknyga.lt\/","logo":{"@type":"ImageObject","inLanguage":"en-GB","@id":"https:\/\/skaitytaknyga.lt\/#\/schema\/logo\/image\/","url":"https:\/\/skaitytaknyga.lt\/wp-content\/uploads\/2024\/05\/cropped-cropped-cropped-02_00843_jt3bggkj1j3HLc7SyY6rEUpg.jpeg","contentUrl":"https:\/\/skaitytaknyga.lt\/wp-content\/uploads\/2024\/05\/cropped-cropped-cropped-02_00843_jt3bggkj1j3HLc7SyY6rEUpg.jpeg","width":1600,"height":1600,"caption":"skaitytaknyga.lt"},"image":{"@id":"https:\/\/skaitytaknyga.lt\/#\/schema\/logo\/image\/"},"sameAs":["https:\/\/www.facebook.com\/skaitytaknyga\/"]}]}},"_links":{"self":[{"href":"https:\/\/skaitytaknyga.lt\/en\/wp-json\/wp\/v2\/product\/17869","targetHints":{"allow":["GET"]}}],"collection":[{"href":"https:\/\/skaitytaknyga.lt\/en\/wp-json\/wp\/v2\/product"}],"about":[{"href":"https:\/\/skaitytaknyga.lt\/en\/wp-json\/wp\/v2\/types\/product"}],"replies":[{"embeddable":true,"href":"https:\/\/skaitytaknyga.lt\/en\/wp-json\/wp\/v2\/comments?post=17869"}],"wp:featuredmedia":[{"embeddable":true,"href":"https:\/\/skaitytaknyga.lt\/en\/wp-json\/wp\/v2\/media\/17870"}],"wp:attachment":[{"href":"https:\/\/skaitytaknyga.lt\/en\/wp-json\/wp\/v2\/media?parent=17869"}],"wp:term":[{"taxonomy":"product_brand","embeddable":true,"href":"https:\/\/skaitytaknyga.lt\/en\/wp-json\/wp\/v2\/product_brand?post=17869"},{"taxonomy":"product_cat","embeddable":true,"href":"https:\/\/skaitytaknyga.lt\/en\/wp-json\/wp\/v2\/product_cat?post=17869"},{"taxonomy":"product_tag","embeddable":true,"href":"https:\/\/skaitytaknyga.lt\/en\/wp-json\/wp\/v2\/product_tag?post=17869"}],"curies":[{"name":"wp","href":"https:\/\/api.w.org\/{rel}","templated":true}]}}