{"id":17867,"date":"2025-04-16T14:26:34","date_gmt":"2025-04-16T11:26:34","guid":{"rendered":"https:\/\/skaitytaknyga.lt\/?post_type=product&#038;p=17867"},"modified":"2025-05-15T13:44:45","modified_gmt":"2025-05-15T10:44:45","slug":"zodziu-galia","status":"publish","type":"product","link":"https:\/\/skaitytaknyga.lt\/en\/produktas\/zodziu-galia\/","title":{"rendered":"\u017dod\u017ei\u0173 galia"},"content":{"rendered":"<p>Nors gyvename \u017eod\u017ei\u0173 okeane, retai pripa\u017e\u012fstame \u017eod\u017eio gali\u0105 pakyl\u0117ti ar \u017eeminti, \u012fkv\u0117pti ar var\u017eyti, pad\u0117ti ar su\u017eeisti. Knygoje pateikti paprasti b\u016bdai, kaip galime pakeisti savo pa\u010di\u0173 ir aplinkini\u0173 gyvenimus. Perskaitykite \u0161\u012f knyg\u0173 pasaulio perl\u0105 ir ne\u012fkainojam\u0105 i\u0161mint\u012f pritaikykite praktikoje.<\/p>\n<p><strong>Apie autori\u0173<\/strong><\/p>\n<p><strong>Hal Urban<\/strong>\u00a0daugel\u012f met\u0173 buvo vidurin\u0117s mokyklos mokytojas ir d\u0117st\u0117 San Francisko universitete. Taip pat jis yra \u017eymus \u201eAsmenyb\u0117s ugdymo\u201c jud\u0117jimo lyderis ir nuolat pasisako Nacionalin\u0117se konferencijose, mokyklose ir bendruomeni\u0173 susirinkimuose. B\u016bdamas vieni\u0161as t\u0117vas jis u\u017eaugino tris s\u016bnus, o dabar su \u017emona Cathy gyvena Redwoode, Kalifornijoje.<\/p>\n<ul class=\"about-product d-none d-xl-block mt-4\">\n<li><strong>Originalus pavadinimas:<\/strong>\u00a0Positive Words, Powerful Results<\/li>\n<li><strong>Autorius:<\/strong>\u00a0Hal Urban<\/li>\n<li><strong>Leid\u0117jas<\/strong>\u00a0Dajalita<\/li>\n<li><strong>Metai:<\/strong>\u00a02017<\/li>\n<li><strong>Puslapiai:<\/strong>\u00a0232<\/li>\n<li class=\"toggleable type-new-formats \"><strong>ISBN :\u00a0<\/strong>9786094240966<\/li>\n<li><strong>Versijos kodas:<\/strong>\u00a0PT.<\/li>\n<li class=\"toggleable type-new-formats \"><strong>Formatas:<\/strong>\u00a015 x 21 x 1,8 cm, mink\u0161ti vir\u0161eliai<\/li>\n<li><strong>Kalba:<\/strong>\u00a0Lietuvi\u0173<\/li>\n<li><strong>Vert\u0117jas:<\/strong>\u00a0Adomas Lapinskas<\/li>\n<\/ul>\n","protected":false},"excerpt":{"rendered":"<p>Nors gyvename \u017eod\u017ei\u0173 okeane, retai pripa\u017e\u012fstame \u017eod\u017eio gali\u0105 pakyl\u0117ti ar \u017eeminti, \u012fkv\u0117pti ar var\u017eyti, pad\u0117ti ar su\u017eeisti. Knygoje pateikti paprasti b\u016bdai, kaip galime pakeisti savo pa\u010di\u0173 ir aplinkini\u0173 gyvenimus. Perskaitykite \u0161\u012f knyg\u0173 pasaulio perl\u0105 ir ne\u012fkainojam\u0105 i\u0161mint\u012f pritaikykite praktikoje. Apie autori\u0173 Hal Urban\u00a0daugel\u012f met\u0173 buvo vidurin\u0117s mokyklos mokytojas ir d\u0117st\u0117 San Francisko universitete. Taip pat jis yra \u017eymus \u201eAsmenyb\u0117s ugdymo\u201c jud\u0117jimo lyderis ir nuolat pasisako Nacionalin\u0117se konferencijose, mokyklose ir bendruomeni\u0173 susirinkimuose. B\u016bdamas vieni\u0161as t\u0117vas jis u\u017eaugino tris s\u016bnus, o dabar su \u017emona Cathy gyvena Redwoode, Kalifornijoje. Originalus pavadinimas:\u00a0Positive Words, Powerful Results Autorius:\u00a0Hal Urban Leid\u0117jas\u00a0Dajalita Metai:\u00a02017 Puslapiai:\u00a0232 ISBN :\u00a09786094240966 Versijos kodas:\u00a0PT. Formatas:\u00a015 x 21 x 1,8 cm, mink\u0161ti vir\u0161eliai Kalba:\u00a0Lietuvi\u0173 Vert\u0117jas:\u00a0Adomas Lapinskas<\/p>\n","protected":false},"featured_media":17868,"comment_status":"closed","ping_status":"closed","template":"","meta":{"_acf_changed":false,"site-sidebar-layout":"default","site-content-layout":"","ast-site-content-layout":"default","site-content-style":"default","site-sidebar-style":"default","ast-global-header-display":"","ast-banner-title-visibility":"","ast-main-header-display":"","ast-hfb-above-header-display":"","ast-hfb-below-header-display":"","ast-hfb-mobile-header-display":"","site-post-title":"","ast-breadcrumbs-content":"","ast-featured-img":"","footer-sml-layout":"","ast-disable-related-posts":"","theme-transparent-header-meta":"default","adv-header-id-meta":"","stick-header-meta":"","header-above-stick-meta":"","header-main-stick-meta":"","header-below-stick-meta":"","astra-migrate-meta-layouts":"set","ast-page-background-enabled":"default","ast-page-background-meta":{"desktop":{"background-color":"","background-image":"","background-repeat":"repeat","background-position":"center center","background-size":"auto","background-attachment":"scroll","background-type":"","background-media":"","overlay-type":"","overlay-color":"","overlay-opacity":"","overlay-gradient":""},"tablet":{"background-color":"","background-image":"","background-repeat":"repeat","background-position":"center center","background-size":"auto","background-attachment":"scroll","background-type":"","background-media":"","overlay-type":"","overlay-color":"","overlay-opacity":"","overlay-gradient":""},"mobile":{"background-color":"","background-image":"","background-repeat":"repeat","background-position":"center center","background-size":"auto","background-attachment":"scroll","background-type":"","background-media":"","overlay-type":"","overlay-color":"","overlay-opacity":"","overlay-gradient":""}},"ast-content-background-meta":{"desktop":{"background-color":"var(--ast-global-color-4)","background-image":"","background-repeat":"repeat","background-position":"center center","background-size":"auto","background-attachment":"scroll","background-type":"","background-media":"","overlay-type":"","overlay-color":"","overlay-opacity":"","overlay-gradient":""},"tablet":{"background-color":"var(--ast-global-color-4)","background-image":"","background-repeat":"repeat","background-position":"center center","background-size":"auto","background-attachment":"scroll","background-type":"","background-media":"","overlay-type":"","overlay-color":"","overlay-opacity":"","overlay-gradient":""},"mobile":{"background-color":"var(--ast-global-color-4)","background-image":"","background-repeat":"repeat","background-position":"center center","background-size":"auto","background-attachment":"scroll","background-type":"","background-media":"","overlay-type":"","overlay-color":"","overlay-opacity":"","overlay-gradient":""}}},"product_brand":[],"product_cat":[30],"product_tag":[3400,2320,1409,3399,3398],"class_list":{"0":"post-17867","1":"product","2":"type-product","3":"status-publish","4":"has-post-thumbnail","6":"product_cat-psichologija-ir-saviugda","7":"product_tag-asmenybes-ugdymas","8":"product_tag-hal-urban","9":"product_tag-motyvacija","10":"product_tag-pozityvumas","11":"product_tag-zodziu-galia","12":"pa_leidimo-metai-777","13":"pa_virselis-minkstas","14":"desktop-align-left","15":"tablet-align-left","16":"mobile-align-left","18":"first","19":"instock","20":"shipping-taxable","21":"purchasable","22":"product-type-simple"},"acf":[],"yoast_head":"<!-- This site is optimized with the Yoast SEO plugin v27.0 - https:\/\/yoast.com\/product\/yoast-seo-wordpress\/ -->\n<title>\u017dod\u017ei\u0173 galia<\/title>\n<meta name=\"description\" content=\"Nors gyvename \u017eod\u017ei\u0173 okeane, retai pripa\u017e\u012fstame \u017eod\u017eio gali\u0105 pakyl\u0117ti ar \u017eeminti, \u012fkv\u0117pti ar var\u017eyti, pad\u0117ti ar su\u017eeisti. Knygoje pateikti paprasti b\u016bdai,\" \/>\n<meta name=\"robots\" content=\"index, follow, max-snippet:-1, max-image-preview:large, max-video-preview:-1\" \/>\n<link rel=\"canonical\" href=\"https:\/\/skaitytaknyga.lt\/en\/produktas\/zodziu-galia\/\" \/>\n<meta property=\"og:locale\" content=\"en_GB\" \/>\n<meta property=\"og:locale:alternate\" content=\"lt_LT\" \/>\n<meta property=\"og:type\" content=\"article\" \/>\n<meta property=\"og:title\" content=\"\u017dod\u017ei\u0173 galia\" \/>\n<meta property=\"og:description\" content=\"Nors gyvename \u017eod\u017ei\u0173 okeane, retai pripa\u017e\u012fstame \u017eod\u017eio gali\u0105 pakyl\u0117ti ar \u017eeminti, \u012fkv\u0117pti ar var\u017eyti, pad\u0117ti ar su\u017eeisti. Knygoje pateikti paprasti b\u016bdai,\" \/>\n<meta property=\"og:url\" content=\"https:\/\/skaitytaknyga.lt\/en\/produktas\/zodziu-galia\/\" \/>\n<meta property=\"og:site_name\" content=\"Skaitytaknyga\" \/>\n<meta property=\"article:publisher\" content=\"https:\/\/www.facebook.com\/skaitytaknyga\/\" \/>\n<meta property=\"article:modified_time\" content=\"2025-05-15T10:44:45+00:00\" \/>\n<meta property=\"og:image\" content=\"https:\/\/skaitytaknyga.lt\/wp-content\/uploads\/2025\/04\/Zodziu-galia.webp\" \/>\n\t<meta property=\"og:image:width\" content=\"553\" \/>\n\t<meta property=\"og:image:height\" content=\"800\" \/>\n\t<meta property=\"og:image:type\" content=\"image\/webp\" \/>\n<meta name=\"twitter:card\" content=\"summary_large_image\" \/>\n<meta name=\"twitter:label1\" content=\"Estimated reading time\" \/>\n\t<meta name=\"twitter:data1\" content=\"1 minute\" \/>\n<script type=\"application\/ld+json\" class=\"yoast-schema-graph\">{\"@context\":\"https:\/\/schema.org\",\"@graph\":[{\"@type\":\"WebPage\",\"@id\":\"https:\/\/skaitytaknyga.lt\/produktas\/zodziu-galia\/\",\"url\":\"https:\/\/skaitytaknyga.lt\/produktas\/zodziu-galia\/\",\"name\":\"\u017dod\u017ei\u0173 galia\",\"isPartOf\":{\"@id\":\"https:\/\/skaitytaknyga.lt\/#website\"},\"primaryImageOfPage\":{\"@id\":\"https:\/\/skaitytaknyga.lt\/produktas\/zodziu-galia\/#primaryimage\"},\"image\":{\"@id\":\"https:\/\/skaitytaknyga.lt\/produktas\/zodziu-galia\/#primaryimage\"},\"thumbnailUrl\":\"https:\/\/skaitytaknyga.lt\/wp-content\/uploads\/2025\/04\/Zodziu-galia.webp\",\"datePublished\":\"2025-04-16T11:26:34+00:00\",\"dateModified\":\"2025-05-15T10:44:45+00:00\",\"description\":\"Nors gyvename \u017eod\u017ei\u0173 okeane, retai pripa\u017e\u012fstame \u017eod\u017eio gali\u0105 pakyl\u0117ti ar \u017eeminti, \u012fkv\u0117pti ar var\u017eyti, pad\u0117ti ar su\u017eeisti. Knygoje pateikti paprasti b\u016bdai,\",\"breadcrumb\":{\"@id\":\"https:\/\/skaitytaknyga.lt\/produktas\/zodziu-galia\/#breadcrumb\"},\"inLanguage\":\"en-GB\",\"potentialAction\":[{\"@type\":\"ReadAction\",\"target\":[\"https:\/\/skaitytaknyga.lt\/produktas\/zodziu-galia\/\"]}]},{\"@type\":\"ImageObject\",\"inLanguage\":\"en-GB\",\"@id\":\"https:\/\/skaitytaknyga.lt\/produktas\/zodziu-galia\/#primaryimage\",\"url\":\"https:\/\/skaitytaknyga.lt\/wp-content\/uploads\/2025\/04\/Zodziu-galia.webp\",\"contentUrl\":\"https:\/\/skaitytaknyga.lt\/wp-content\/uploads\/2025\/04\/Zodziu-galia.webp\",\"width\":553,\"height\":800,\"caption\":\"\u017dod\u017ei\u0173 galia\"},{\"@type\":\"BreadcrumbList\",\"@id\":\"https:\/\/skaitytaknyga.lt\/produktas\/zodziu-galia\/#breadcrumb\",\"itemListElement\":[{\"@type\":\"ListItem\",\"position\":1,\"name\":\"Home\",\"item\":\"https:\/\/skaitytaknyga.lt\/\"},{\"@type\":\"ListItem\",\"position\":2,\"name\":\"Parduotuv\u0117\",\"item\":\"https:\/\/skaitytaknyga.lt\/knygu-parduotuve\/\"},{\"@type\":\"ListItem\",\"position\":3,\"name\":\"\u017dod\u017ei\u0173 galia\"}]},{\"@type\":\"WebSite\",\"@id\":\"https:\/\/skaitytaknyga.lt\/#website\",\"url\":\"https:\/\/skaitytaknyga.lt\/\",\"name\":\"skaitytaknyga.lt\",\"description\":\"Skaitytaknyga.lt \u2013 tai ma\u017eas \u0161eimos verslas, kuris prasid\u0117jo nuo meil\u0117s knygoms ir siekio i\u0161gelb\u0117ti knygas nuo likimo prie konteinerio. Kas vienam nereikalingas daiktas \u2013 kitam lobis, o mes esame tarpininkai, kurie padeda abiems tapti laimingesniems ???? \u017dinome kaip nelengva i\u0161gyventi ma\u017eiems verslams, tad nuo \u0161iol, \u010dia rasite ir kit\u0173, ma\u017e\u0173 \u0161eim\u0173 versl\u0173, rank\u0173 darbo, dovan\u0173 sau ir artimiesiems.\",\"publisher\":{\"@id\":\"https:\/\/skaitytaknyga.lt\/#organization\"},\"potentialAction\":[{\"@type\":\"SearchAction\",\"target\":{\"@type\":\"EntryPoint\",\"urlTemplate\":\"https:\/\/skaitytaknyga.lt\/?s={search_term_string}\"},\"query-input\":{\"@type\":\"PropertyValueSpecification\",\"valueRequired\":true,\"valueName\":\"search_term_string\"}}],\"inLanguage\":\"en-GB\"},{\"@type\":\"Organization\",\"@id\":\"https:\/\/skaitytaknyga.lt\/#organization\",\"name\":\"skaitytaknyga.lt\",\"url\":\"https:\/\/skaitytaknyga.lt\/\",\"logo\":{\"@type\":\"ImageObject\",\"inLanguage\":\"en-GB\",\"@id\":\"https:\/\/skaitytaknyga.lt\/#\/schema\/logo\/image\/\",\"url\":\"https:\/\/skaitytaknyga.lt\/wp-content\/uploads\/2024\/05\/cropped-cropped-cropped-02_00843_jt3bggkj1j3HLc7SyY6rEUpg.jpeg\",\"contentUrl\":\"https:\/\/skaitytaknyga.lt\/wp-content\/uploads\/2024\/05\/cropped-cropped-cropped-02_00843_jt3bggkj1j3HLc7SyY6rEUpg.jpeg\",\"width\":1600,\"height\":1600,\"caption\":\"skaitytaknyga.lt\"},\"image\":{\"@id\":\"https:\/\/skaitytaknyga.lt\/#\/schema\/logo\/image\/\"},\"sameAs\":[\"https:\/\/www.facebook.com\/skaitytaknyga\/\"]}]}<\/script>\n<!-- \/ Yoast SEO plugin. -->","yoast_head_json":{"title":"\u017dod\u017ei\u0173 galia","description":"Nors gyvename \u017eod\u017ei\u0173 okeane, retai pripa\u017e\u012fstame \u017eod\u017eio gali\u0105 pakyl\u0117ti ar \u017eeminti, \u012fkv\u0117pti ar var\u017eyti, pad\u0117ti ar su\u017eeisti. Knygoje pateikti paprasti b\u016bdai,","robots":{"index":"index","follow":"follow","max-snippet":"max-snippet:-1","max-image-preview":"max-image-preview:large","max-video-preview":"max-video-preview:-1"},"canonical":"https:\/\/skaitytaknyga.lt\/en\/produktas\/zodziu-galia\/","og_locale":"en_GB","og_type":"article","og_title":"[:lt]\u017dod\u017ei\u0173 galia[:] - Skaitytaknyga","og_description":"Nors gyvename \u017eod\u017ei\u0173 okeane, retai pripa\u017e\u012fstame \u017eod\u017eio gali\u0105 pakyl\u0117ti ar \u017eeminti, \u012fkv\u0117pti ar var\u017eyti, pad\u0117ti ar su\u017eeisti. Knygoje pateikti paprasti b\u016bdai,","og_url":"https:\/\/skaitytaknyga.lt\/en\/produktas\/zodziu-galia\/","og_site_name":"Skaitytaknyga","article_publisher":"https:\/\/www.facebook.com\/skaitytaknyga\/","article_modified_time":"2025-05-15T10:44:45+00:00","og_image":[{"width":553,"height":800,"url":"https:\/\/skaitytaknyga.lt\/wp-content\/uploads\/2025\/04\/Zodziu-galia.webp","type":"image\/webp"}],"twitter_card":"summary_large_image","twitter_misc":{"Estimated reading time":"1 minute"},"schema":{"@context":"https:\/\/schema.org","@graph":[{"@type":"WebPage","@id":"https:\/\/skaitytaknyga.lt\/produktas\/zodziu-galia\/","url":"https:\/\/skaitytaknyga.lt\/produktas\/zodziu-galia\/","name":"\u017dod\u017ei\u0173 galia","isPartOf":{"@id":"https:\/\/skaitytaknyga.lt\/#website"},"primaryImageOfPage":{"@id":"https:\/\/skaitytaknyga.lt\/produktas\/zodziu-galia\/#primaryimage"},"image":{"@id":"https:\/\/skaitytaknyga.lt\/produktas\/zodziu-galia\/#primaryimage"},"thumbnailUrl":"https:\/\/skaitytaknyga.lt\/wp-content\/uploads\/2025\/04\/Zodziu-galia.webp","datePublished":"2025-04-16T11:26:34+00:00","dateModified":"2025-05-15T10:44:45+00:00","description":"Nors gyvename \u017eod\u017ei\u0173 okeane, retai pripa\u017e\u012fstame \u017eod\u017eio gali\u0105 pakyl\u0117ti ar \u017eeminti, \u012fkv\u0117pti ar var\u017eyti, pad\u0117ti ar su\u017eeisti. Knygoje pateikti paprasti b\u016bdai,","breadcrumb":{"@id":"https:\/\/skaitytaknyga.lt\/produktas\/zodziu-galia\/#breadcrumb"},"inLanguage":"en-GB","potentialAction":[{"@type":"ReadAction","target":["https:\/\/skaitytaknyga.lt\/produktas\/zodziu-galia\/"]}]},{"@type":"ImageObject","inLanguage":"en-GB","@id":"https:\/\/skaitytaknyga.lt\/produktas\/zodziu-galia\/#primaryimage","url":"https:\/\/skaitytaknyga.lt\/wp-content\/uploads\/2025\/04\/Zodziu-galia.webp","contentUrl":"https:\/\/skaitytaknyga.lt\/wp-content\/uploads\/2025\/04\/Zodziu-galia.webp","width":553,"height":800,"caption":"\u017dod\u017ei\u0173 galia"},{"@type":"BreadcrumbList","@id":"https:\/\/skaitytaknyga.lt\/produktas\/zodziu-galia\/#breadcrumb","itemListElement":[{"@type":"ListItem","position":1,"name":"Home","item":"https:\/\/skaitytaknyga.lt\/"},{"@type":"ListItem","position":2,"name":"Parduotuv\u0117","item":"https:\/\/skaitytaknyga.lt\/knygu-parduotuve\/"},{"@type":"ListItem","position":3,"name":"\u017dod\u017ei\u0173 galia"}]},{"@type":"WebSite","@id":"https:\/\/skaitytaknyga.lt\/#website","url":"https:\/\/skaitytaknyga.lt\/","name":"skaitytaknyga.lt","description":"Skaitytaknyga.lt \u2013 tai ma\u017eas \u0161eimos verslas, kuris prasid\u0117jo nuo meil\u0117s knygoms ir siekio i\u0161gelb\u0117ti knygas nuo likimo prie konteinerio. Kas vienam nereikalingas daiktas \u2013 kitam lobis, o mes esame tarpininkai, kurie padeda abiems tapti laimingesniems ???? \u017dinome kaip nelengva i\u0161gyventi ma\u017eiems verslams, tad nuo \u0161iol, \u010dia rasite ir kit\u0173, ma\u017e\u0173 \u0161eim\u0173 versl\u0173, rank\u0173 darbo, dovan\u0173 sau ir artimiesiems.","publisher":{"@id":"https:\/\/skaitytaknyga.lt\/#organization"},"potentialAction":[{"@type":"SearchAction","target":{"@type":"EntryPoint","urlTemplate":"https:\/\/skaitytaknyga.lt\/?s={search_term_string}"},"query-input":{"@type":"PropertyValueSpecification","valueRequired":true,"valueName":"search_term_string"}}],"inLanguage":"en-GB"},{"@type":"Organization","@id":"https:\/\/skaitytaknyga.lt\/#organization","name":"skaitytaknyga.lt","url":"https:\/\/skaitytaknyga.lt\/","logo":{"@type":"ImageObject","inLanguage":"en-GB","@id":"https:\/\/skaitytaknyga.lt\/#\/schema\/logo\/image\/","url":"https:\/\/skaitytaknyga.lt\/wp-content\/uploads\/2024\/05\/cropped-cropped-cropped-02_00843_jt3bggkj1j3HLc7SyY6rEUpg.jpeg","contentUrl":"https:\/\/skaitytaknyga.lt\/wp-content\/uploads\/2024\/05\/cropped-cropped-cropped-02_00843_jt3bggkj1j3HLc7SyY6rEUpg.jpeg","width":1600,"height":1600,"caption":"skaitytaknyga.lt"},"image":{"@id":"https:\/\/skaitytaknyga.lt\/#\/schema\/logo\/image\/"},"sameAs":["https:\/\/www.facebook.com\/skaitytaknyga\/"]}]}},"_links":{"self":[{"href":"https:\/\/skaitytaknyga.lt\/en\/wp-json\/wp\/v2\/product\/17867","targetHints":{"allow":["GET"]}}],"collection":[{"href":"https:\/\/skaitytaknyga.lt\/en\/wp-json\/wp\/v2\/product"}],"about":[{"href":"https:\/\/skaitytaknyga.lt\/en\/wp-json\/wp\/v2\/types\/product"}],"replies":[{"embeddable":true,"href":"https:\/\/skaitytaknyga.lt\/en\/wp-json\/wp\/v2\/comments?post=17867"}],"wp:featuredmedia":[{"embeddable":true,"href":"https:\/\/skaitytaknyga.lt\/en\/wp-json\/wp\/v2\/media\/17868"}],"wp:attachment":[{"href":"https:\/\/skaitytaknyga.lt\/en\/wp-json\/wp\/v2\/media?parent=17867"}],"wp:term":[{"taxonomy":"product_brand","embeddable":true,"href":"https:\/\/skaitytaknyga.lt\/en\/wp-json\/wp\/v2\/product_brand?post=17867"},{"taxonomy":"product_cat","embeddable":true,"href":"https:\/\/skaitytaknyga.lt\/en\/wp-json\/wp\/v2\/product_cat?post=17867"},{"taxonomy":"product_tag","embeddable":true,"href":"https:\/\/skaitytaknyga.lt\/en\/wp-json\/wp\/v2\/product_tag?post=17867"}],"curies":[{"name":"wp","href":"https:\/\/api.w.org\/{rel}","templated":true}]}}