{"id":17865,"date":"2025-04-16T14:23:23","date_gmt":"2025-04-16T11:23:23","guid":{"rendered":"https:\/\/skaitytaknyga.lt\/?post_type=product&#038;p=17865"},"modified":"2025-09-30T19:08:48","modified_gmt":"2025-09-30T16:08:48","slug":"sidharta","status":"publish","type":"product","link":"https:\/\/skaitytaknyga.lt\/en\/produktas\/sidharta\/","title":{"rendered":"Sidharta"},"content":{"rendered":"<p>\u201eSidharta\u201c \u2013 vienas \u017eymiausi\u0173 vokie\u010di\u0173 ra\u0161ytojo, Nobelio premijos laureato Hermann Hesse k\u016brini\u0173. H. Hessse nepaprasto likimo menininkas, o Sidhartos istorija \u2013 tam tikra prasme jo gyvenimo kelio apm\u0105stymas.<\/p>\n<p>Hermann Hesse k\u016bryba persmelkta Indijos filosofijos, bet \u201eSidharta\u201c ypatingai. Nors tikrasis Sidharta Gautama \u0160akjamunis, gim\u0119s \u0160iaur\u0117s Indijoje, yra pirmasis Budha, pra\u0161vit\u0119s ir pasiek\u0119s Nirvan\u0105, surink\u0119s gaus\u0173 b\u016br\u012f pasek\u0117j\u0173 ir mok\u0119s \u017emonij\u0105, kaip i\u0161sivaduoti nuo gyvenimo kan\u010di\u0173, \u0161ioje knygoje autorius Sidhartos vardu vadina brahmano s\u016bn\u0173, kur\u012f patraukia elgetaujan\u010di\u0173 vienuoli\u0173, atklydusi\u0173 \u012f miest\u0105, romus \u017evilgsnis, sklindantis sav\u0119s atsi\u017ead\u0117jimo aromatas, gyvenimo kan\u010dios sunaikinimas. Jis nutaria palikti t\u0117vo namus ir keliauti drauge su jais, su samanais. O jo vaikyst\u0117s draugas Govinda, matydamas i\u0161minting\u0105 ir gra\u017e\u0173 savo draug\u0105, jo nepalieka, ir keliauja su juo.<\/p>\n<p>Asketi\u0161kas gyvenimas pas samanus Sidhartai pad\u0117jo suvokti, kad vis\u0105 keli\u0105 jis turi praeiti pats, tik taip atras savo ties\u0105 ir i\u0161sivaduos i\u0161 kan\u010dios. To nei\u0161mokys joks i\u0161min\u010dius, kad ir kokia palaima ir ramybe alsuot\u0173 \u0161viesus taikus mokytojo \u017evilgsnis. Ne\u012fmanoma \u017eod\u017eiais perteikti jausmo, kur\u012f patirti gali ne kiekvienas. D\u0117l to, i\u0161gird\u0119s apie \u0161vent\u0105j\u012f atsiskyr\u0117l\u012f, pra\u0161vitus\u012fj\u012f vienuol\u012f Gotama, jis palieka samanus ir leid\u017eiasi \u012f kelion\u0119, nor\u0117damas pamatyti j\u012f. Ne i\u0161girsti jo mokslo, o tik pamatyti, kaip atrodo pra\u0161vit\u0119s \u017emogus. Surad\u0119s \u0161\u012f atsiskyr\u0117l\u012f, Sidharta atsisveikina su savo draugu Govinda, palikdamas j\u012f tarp kit\u0173 vienuoli\u0173, besiklausan\u010di\u0173 i\u0161min\u010diaus mokslo, o pats patraukia toliau. Ta\u010diau ramybe alsuojantis senojo vienuolio \u017evilgsnis nepalieka vis\u0105 jo gyvenim\u0105, jis pamilsta \u0161\u012f \u017emog\u0173. Bet turi j\u012f palikti, kad pats atrast\u0173 b\u016bd\u0105, kaip pasiekti \u0161\u012f nuostab\u0173 jausm\u0105, kuris persmelkia vis\u0105 i\u0161min\u010diaus \u017evilgsn\u012f, eisen\u0105, kalb\u0105.<\/p>\n","protected":false},"excerpt":{"rendered":"<p>\u201eSidharta\u201c \u2013 vienas \u017eymiausi\u0173 vokie\u010di\u0173 ra\u0161ytojo, Nobelio premijos laureato Hermann Hesse k\u016brini\u0173. H. Hessse nepaprasto likimo menininkas, o Sidhartos istorija \u2013 tam tikra prasme jo gyvenimo kelio apm\u0105stymas. Hermann Hesse k\u016bryba persmelkta Indijos filosofijos, bet \u201eSidharta\u201c ypatingai. Nors tikrasis Sidharta Gautama \u0160akjamunis, gim\u0119s \u0160iaur\u0117s Indijoje, yra pirmasis Budha, pra\u0161vit\u0119s ir pasiek\u0119s Nirvan\u0105, surink\u0119s gaus\u0173 b\u016br\u012f pasek\u0117j\u0173 ir mok\u0119s \u017emonij\u0105, kaip i\u0161sivaduoti nuo gyvenimo kan\u010di\u0173, \u0161ioje knygoje autorius Sidhartos vardu vadina brahmano s\u016bn\u0173, kur\u012f patraukia elgetaujan\u010di\u0173 vienuoli\u0173, atklydusi\u0173 \u012f miest\u0105, romus \u017evilgsnis, sklindantis sav\u0119s atsi\u017ead\u0117jimo aromatas, gyvenimo kan\u010dios sunaikinimas. Jis nutaria palikti t\u0117vo namus ir keliauti drauge su jais, su samanais. O jo vaikyst\u0117s draugas Govinda, matydamas i\u0161minting\u0105 ir gra\u017e\u0173 savo draug\u0105, jo nepalieka, ir keliauja su juo. Asketi\u0161kas gyvenimas pas samanus Sidhartai pad\u0117jo suvokti, kad vis\u0105 keli\u0105 jis turi praeiti pats, tik taip atras savo ties\u0105 ir i\u0161sivaduos i\u0161 kan\u010dios. To nei\u0161mokys joks i\u0161min\u010dius, kad ir kokia palaima ir ramybe alsuot\u0173 \u0161viesus taikus mokytojo \u017evilgsnis. Ne\u012fmanoma \u017eod\u017eiais perteikti jausmo, kur\u012f patirti gali ne kiekvienas. D\u0117l to, i\u0161gird\u0119s apie \u0161vent\u0105j\u012f atsiskyr\u0117l\u012f, pra\u0161vitus\u012fj\u012f vienuol\u012f Gotama, jis palieka samanus ir leid\u017eiasi \u012f kelion\u0119, nor\u0117damas pamatyti j\u012f. Ne i\u0161girsti jo mokslo, o tik pamatyti, kaip atrodo pra\u0161vit\u0119s \u017emogus. Surad\u0119s \u0161\u012f atsiskyr\u0117l\u012f, Sidharta atsisveikina su savo draugu Govinda, palikdamas j\u012f tarp kit\u0173 vienuoli\u0173, besiklausan\u010di\u0173 i\u0161min\u010diaus mokslo, o pats patraukia toliau. Ta\u010diau ramybe alsuojantis senojo vienuolio \u017evilgsnis nepalieka vis\u0105 jo gyvenim\u0105, jis pamilsta \u0161\u012f \u017emog\u0173. Bet turi j\u012f palikti, kad pats atrast\u0173 b\u016bd\u0105, kaip pasiekti \u0161\u012f nuostab\u0173 jausm\u0105, kuris persmelkia vis\u0105 i\u0161min\u010diaus \u017evilgsn\u012f, eisen\u0105, kalb\u0105.<\/p>\n","protected":false},"featured_media":17866,"comment_status":"closed","ping_status":"closed","template":"","meta":{"_acf_changed":false,"site-sidebar-layout":"default","site-content-layout":"","ast-site-content-layout":"default","site-content-style":"default","site-sidebar-style":"default","ast-global-header-display":"","ast-banner-title-visibility":"","ast-main-header-display":"","ast-hfb-above-header-display":"","ast-hfb-below-header-display":"","ast-hfb-mobile-header-display":"","site-post-title":"","ast-breadcrumbs-content":"","ast-featured-img":"","footer-sml-layout":"","ast-disable-related-posts":"","theme-transparent-header-meta":"default","adv-header-id-meta":"","stick-header-meta":"","header-above-stick-meta":"","header-main-stick-meta":"","header-below-stick-meta":"","astra-migrate-meta-layouts":"set","ast-page-background-enabled":"default","ast-page-background-meta":{"desktop":{"background-color":"","background-image":"","background-repeat":"repeat","background-position":"center center","background-size":"auto","background-attachment":"scroll","background-type":"","background-media":"","overlay-type":"","overlay-color":"","overlay-opacity":"","overlay-gradient":""},"tablet":{"background-color":"","background-image":"","background-repeat":"repeat","background-position":"center center","background-size":"auto","background-attachment":"scroll","background-type":"","background-media":"","overlay-type":"","overlay-color":"","overlay-opacity":"","overlay-gradient":""},"mobile":{"background-color":"","background-image":"","background-repeat":"repeat","background-position":"center center","background-size":"auto","background-attachment":"scroll","background-type":"","background-media":"","overlay-type":"","overlay-color":"","overlay-opacity":"","overlay-gradient":""}},"ast-content-background-meta":{"desktop":{"background-color":"var(--ast-global-color-4)","background-image":"","background-repeat":"repeat","background-position":"center center","background-size":"auto","background-attachment":"scroll","background-type":"","background-media":"","overlay-type":"","overlay-color":"","overlay-opacity":"","overlay-gradient":""},"tablet":{"background-color":"var(--ast-global-color-4)","background-image":"","background-repeat":"repeat","background-position":"center center","background-size":"auto","background-attachment":"scroll","background-type":"","background-media":"","overlay-type":"","overlay-color":"","overlay-opacity":"","overlay-gradient":""},"mobile":{"background-color":"var(--ast-global-color-4)","background-image":"","background-repeat":"repeat","background-position":"center center","background-size":"auto","background-attachment":"scroll","background-type":"","background-media":"","overlay-type":"","overlay-color":"","overlay-opacity":"","overlay-gradient":""}}},"product_brand":[],"product_cat":[31,28],"product_tag":[1969,1986,1988,1984,1442,1987,1985],"class_list":{"0":"post-17865","1":"product","2":"type-product","3":"status-publish","4":"has-post-thumbnail","6":"product_cat-grozine-literatura","7":"product_cat-klasika","8":"product_tag-budizmas","9":"product_tag-dvasine-kelione","10":"product_tag-egzistencine-paieska","11":"product_tag-hermann-hesse","12":"product_tag-klasikine-literatura","13":"product_tag-nusvitimas","14":"product_tag-sidharta","15":"pa_leidimo-metai-777","16":"pa_virselis-minkstas","17":"desktop-align-left","18":"tablet-align-left","19":"mobile-align-left","21":"first","22":"outofstock","23":"shipping-taxable","24":"purchasable","25":"product-type-simple"},"acf":[],"yoast_head":"<!-- This site is optimized with the Yoast SEO plugin v27.0 - https:\/\/yoast.com\/product\/yoast-seo-wordpress\/ -->\n<title>Sidharta<\/title>\n<meta name=\"description\" content=\"\u201eSidharta\u201c \u2013 vienas \u017eymiausi\u0173 vokie\u010di\u0173 ra\u0161ytojo, Nobelio premijos laureato Hermann Hesse k\u016brini\u0173. H. Hessse nepaprasto likimo menininkas, o Sidhartos\" \/>\n<meta name=\"robots\" content=\"index, follow, max-snippet:-1, max-image-preview:large, max-video-preview:-1\" \/>\n<link rel=\"canonical\" href=\"https:\/\/skaitytaknyga.lt\/en\/produktas\/sidharta\/\" \/>\n<meta property=\"og:locale\" content=\"en_GB\" \/>\n<meta property=\"og:locale:alternate\" content=\"lt_LT\" \/>\n<meta property=\"og:type\" content=\"article\" \/>\n<meta property=\"og:title\" content=\"Sidharta\" \/>\n<meta property=\"og:description\" content=\"\u201eSidharta\u201c \u2013 vienas \u017eymiausi\u0173 vokie\u010di\u0173 ra\u0161ytojo, Nobelio premijos laureato Hermann Hesse k\u016brini\u0173. H. Hessse nepaprasto likimo menininkas, o Sidhartos\" \/>\n<meta property=\"og:url\" content=\"https:\/\/skaitytaknyga.lt\/en\/produktas\/sidharta\/\" \/>\n<meta property=\"og:site_name\" content=\"Skaitytaknyga\" \/>\n<meta property=\"article:publisher\" content=\"https:\/\/www.facebook.com\/skaitytaknyga\/\" \/>\n<meta property=\"article:modified_time\" content=\"2025-09-30T16:08:48+00:00\" \/>\n<meta property=\"og:image\" content=\"https:\/\/skaitytaknyga.lt\/wp-content\/uploads\/2025\/04\/sidharta.jpg\" \/>\n\t<meta property=\"og:image:width\" content=\"1368\" \/>\n\t<meta property=\"og:image:height\" content=\"2100\" \/>\n\t<meta property=\"og:image:type\" content=\"image\/jpeg\" \/>\n<meta name=\"twitter:card\" content=\"summary_large_image\" \/>\n<meta name=\"twitter:label1\" content=\"Estimated reading time\" \/>\n\t<meta name=\"twitter:data1\" content=\"2 minutes\" \/>\n<script type=\"application\/ld+json\" class=\"yoast-schema-graph\">{\"@context\":\"https:\/\/schema.org\",\"@graph\":[{\"@type\":\"WebPage\",\"@id\":\"https:\/\/skaitytaknyga.lt\/produktas\/sidharta\/\",\"url\":\"https:\/\/skaitytaknyga.lt\/produktas\/sidharta\/\",\"name\":\"Sidharta\",\"isPartOf\":{\"@id\":\"https:\/\/skaitytaknyga.lt\/#website\"},\"primaryImageOfPage\":{\"@id\":\"https:\/\/skaitytaknyga.lt\/produktas\/sidharta\/#primaryimage\"},\"image\":{\"@id\":\"https:\/\/skaitytaknyga.lt\/produktas\/sidharta\/#primaryimage\"},\"thumbnailUrl\":\"https:\/\/skaitytaknyga.lt\/wp-content\/uploads\/2025\/04\/sidharta.jpg\",\"datePublished\":\"2025-04-16T11:23:23+00:00\",\"dateModified\":\"2025-09-30T16:08:48+00:00\",\"description\":\"\u201eSidharta\u201c \u2013 vienas \u017eymiausi\u0173 vokie\u010di\u0173 ra\u0161ytojo, Nobelio premijos laureato Hermann Hesse k\u016brini\u0173. H. Hessse nepaprasto likimo menininkas, o Sidhartos\",\"breadcrumb\":{\"@id\":\"https:\/\/skaitytaknyga.lt\/produktas\/sidharta\/#breadcrumb\"},\"inLanguage\":\"en-GB\",\"potentialAction\":[{\"@type\":\"ReadAction\",\"target\":[\"https:\/\/skaitytaknyga.lt\/produktas\/sidharta\/\"]}]},{\"@type\":\"ImageObject\",\"inLanguage\":\"en-GB\",\"@id\":\"https:\/\/skaitytaknyga.lt\/produktas\/sidharta\/#primaryimage\",\"url\":\"https:\/\/skaitytaknyga.lt\/wp-content\/uploads\/2025\/04\/sidharta.jpg\",\"contentUrl\":\"https:\/\/skaitytaknyga.lt\/wp-content\/uploads\/2025\/04\/sidharta.jpg\",\"width\":1368,\"height\":2100,\"caption\":\"Sidharta\"},{\"@type\":\"BreadcrumbList\",\"@id\":\"https:\/\/skaitytaknyga.lt\/produktas\/sidharta\/#breadcrumb\",\"itemListElement\":[{\"@type\":\"ListItem\",\"position\":1,\"name\":\"Home\",\"item\":\"https:\/\/skaitytaknyga.lt\/\"},{\"@type\":\"ListItem\",\"position\":2,\"name\":\"Parduotuv\u0117\",\"item\":\"https:\/\/skaitytaknyga.lt\/knygu-parduotuve\/\"},{\"@type\":\"ListItem\",\"position\":3,\"name\":\"Sidharta\"}]},{\"@type\":\"WebSite\",\"@id\":\"https:\/\/skaitytaknyga.lt\/#website\",\"url\":\"https:\/\/skaitytaknyga.lt\/\",\"name\":\"skaitytaknyga.lt\",\"description\":\"Skaitytaknyga.lt \u2013 tai ma\u017eas \u0161eimos verslas, kuris prasid\u0117jo nuo meil\u0117s knygoms ir siekio i\u0161gelb\u0117ti knygas nuo likimo prie konteinerio. Kas vienam nereikalingas daiktas \u2013 kitam lobis, o mes esame tarpininkai, kurie padeda abiems tapti laimingesniems ???? \u017dinome kaip nelengva i\u0161gyventi ma\u017eiems verslams, tad nuo \u0161iol, \u010dia rasite ir kit\u0173, ma\u017e\u0173 \u0161eim\u0173 versl\u0173, rank\u0173 darbo, dovan\u0173 sau ir artimiesiems.\",\"publisher\":{\"@id\":\"https:\/\/skaitytaknyga.lt\/#organization\"},\"potentialAction\":[{\"@type\":\"SearchAction\",\"target\":{\"@type\":\"EntryPoint\",\"urlTemplate\":\"https:\/\/skaitytaknyga.lt\/?s={search_term_string}\"},\"query-input\":{\"@type\":\"PropertyValueSpecification\",\"valueRequired\":true,\"valueName\":\"search_term_string\"}}],\"inLanguage\":\"en-GB\"},{\"@type\":\"Organization\",\"@id\":\"https:\/\/skaitytaknyga.lt\/#organization\",\"name\":\"skaitytaknyga.lt\",\"url\":\"https:\/\/skaitytaknyga.lt\/\",\"logo\":{\"@type\":\"ImageObject\",\"inLanguage\":\"en-GB\",\"@id\":\"https:\/\/skaitytaknyga.lt\/#\/schema\/logo\/image\/\",\"url\":\"https:\/\/skaitytaknyga.lt\/wp-content\/uploads\/2024\/05\/cropped-cropped-cropped-02_00843_jt3bggkj1j3HLc7SyY6rEUpg.jpeg\",\"contentUrl\":\"https:\/\/skaitytaknyga.lt\/wp-content\/uploads\/2024\/05\/cropped-cropped-cropped-02_00843_jt3bggkj1j3HLc7SyY6rEUpg.jpeg\",\"width\":1600,\"height\":1600,\"caption\":\"skaitytaknyga.lt\"},\"image\":{\"@id\":\"https:\/\/skaitytaknyga.lt\/#\/schema\/logo\/image\/\"},\"sameAs\":[\"https:\/\/www.facebook.com\/skaitytaknyga\/\"]}]}<\/script>\n<!-- \/ Yoast SEO plugin. -->","yoast_head_json":{"title":"Sidharta","description":"\u201eSidharta\u201c \u2013 vienas \u017eymiausi\u0173 vokie\u010di\u0173 ra\u0161ytojo, Nobelio premijos laureato Hermann Hesse k\u016brini\u0173. H. Hessse nepaprasto likimo menininkas, o Sidhartos","robots":{"index":"index","follow":"follow","max-snippet":"max-snippet:-1","max-image-preview":"max-image-preview:large","max-video-preview":"max-video-preview:-1"},"canonical":"https:\/\/skaitytaknyga.lt\/en\/produktas\/sidharta\/","og_locale":"en_GB","og_type":"article","og_title":"[:lt]Sidharta[:] - Skaitytaknyga","og_description":"\u201eSidharta\u201c \u2013 vienas \u017eymiausi\u0173 vokie\u010di\u0173 ra\u0161ytojo, Nobelio premijos laureato Hermann Hesse k\u016brini\u0173. H. Hessse nepaprasto likimo menininkas, o Sidhartos","og_url":"https:\/\/skaitytaknyga.lt\/en\/produktas\/sidharta\/","og_site_name":"Skaitytaknyga","article_publisher":"https:\/\/www.facebook.com\/skaitytaknyga\/","article_modified_time":"2025-09-30T16:08:48+00:00","og_image":[{"width":1368,"height":2100,"url":"https:\/\/skaitytaknyga.lt\/wp-content\/uploads\/2025\/04\/sidharta.jpg","type":"image\/jpeg"}],"twitter_card":"summary_large_image","twitter_misc":{"Estimated reading time":"2 minutes"},"schema":{"@context":"https:\/\/schema.org","@graph":[{"@type":"WebPage","@id":"https:\/\/skaitytaknyga.lt\/produktas\/sidharta\/","url":"https:\/\/skaitytaknyga.lt\/produktas\/sidharta\/","name":"Sidharta","isPartOf":{"@id":"https:\/\/skaitytaknyga.lt\/#website"},"primaryImageOfPage":{"@id":"https:\/\/skaitytaknyga.lt\/produktas\/sidharta\/#primaryimage"},"image":{"@id":"https:\/\/skaitytaknyga.lt\/produktas\/sidharta\/#primaryimage"},"thumbnailUrl":"https:\/\/skaitytaknyga.lt\/wp-content\/uploads\/2025\/04\/sidharta.jpg","datePublished":"2025-04-16T11:23:23+00:00","dateModified":"2025-09-30T16:08:48+00:00","description":"\u201eSidharta\u201c \u2013 vienas \u017eymiausi\u0173 vokie\u010di\u0173 ra\u0161ytojo, Nobelio premijos laureato Hermann Hesse k\u016brini\u0173. H. Hessse nepaprasto likimo menininkas, o Sidhartos","breadcrumb":{"@id":"https:\/\/skaitytaknyga.lt\/produktas\/sidharta\/#breadcrumb"},"inLanguage":"en-GB","potentialAction":[{"@type":"ReadAction","target":["https:\/\/skaitytaknyga.lt\/produktas\/sidharta\/"]}]},{"@type":"ImageObject","inLanguage":"en-GB","@id":"https:\/\/skaitytaknyga.lt\/produktas\/sidharta\/#primaryimage","url":"https:\/\/skaitytaknyga.lt\/wp-content\/uploads\/2025\/04\/sidharta.jpg","contentUrl":"https:\/\/skaitytaknyga.lt\/wp-content\/uploads\/2025\/04\/sidharta.jpg","width":1368,"height":2100,"caption":"Sidharta"},{"@type":"BreadcrumbList","@id":"https:\/\/skaitytaknyga.lt\/produktas\/sidharta\/#breadcrumb","itemListElement":[{"@type":"ListItem","position":1,"name":"Home","item":"https:\/\/skaitytaknyga.lt\/"},{"@type":"ListItem","position":2,"name":"Parduotuv\u0117","item":"https:\/\/skaitytaknyga.lt\/knygu-parduotuve\/"},{"@type":"ListItem","position":3,"name":"Sidharta"}]},{"@type":"WebSite","@id":"https:\/\/skaitytaknyga.lt\/#website","url":"https:\/\/skaitytaknyga.lt\/","name":"skaitytaknyga.lt","description":"Skaitytaknyga.lt \u2013 tai ma\u017eas \u0161eimos verslas, kuris prasid\u0117jo nuo meil\u0117s knygoms ir siekio i\u0161gelb\u0117ti knygas nuo likimo prie konteinerio. Kas vienam nereikalingas daiktas \u2013 kitam lobis, o mes esame tarpininkai, kurie padeda abiems tapti laimingesniems ???? \u017dinome kaip nelengva i\u0161gyventi ma\u017eiems verslams, tad nuo \u0161iol, \u010dia rasite ir kit\u0173, ma\u017e\u0173 \u0161eim\u0173 versl\u0173, rank\u0173 darbo, dovan\u0173 sau ir artimiesiems.","publisher":{"@id":"https:\/\/skaitytaknyga.lt\/#organization"},"potentialAction":[{"@type":"SearchAction","target":{"@type":"EntryPoint","urlTemplate":"https:\/\/skaitytaknyga.lt\/?s={search_term_string}"},"query-input":{"@type":"PropertyValueSpecification","valueRequired":true,"valueName":"search_term_string"}}],"inLanguage":"en-GB"},{"@type":"Organization","@id":"https:\/\/skaitytaknyga.lt\/#organization","name":"skaitytaknyga.lt","url":"https:\/\/skaitytaknyga.lt\/","logo":{"@type":"ImageObject","inLanguage":"en-GB","@id":"https:\/\/skaitytaknyga.lt\/#\/schema\/logo\/image\/","url":"https:\/\/skaitytaknyga.lt\/wp-content\/uploads\/2024\/05\/cropped-cropped-cropped-02_00843_jt3bggkj1j3HLc7SyY6rEUpg.jpeg","contentUrl":"https:\/\/skaitytaknyga.lt\/wp-content\/uploads\/2024\/05\/cropped-cropped-cropped-02_00843_jt3bggkj1j3HLc7SyY6rEUpg.jpeg","width":1600,"height":1600,"caption":"skaitytaknyga.lt"},"image":{"@id":"https:\/\/skaitytaknyga.lt\/#\/schema\/logo\/image\/"},"sameAs":["https:\/\/www.facebook.com\/skaitytaknyga\/"]}]}},"_links":{"self":[{"href":"https:\/\/skaitytaknyga.lt\/en\/wp-json\/wp\/v2\/product\/17865","targetHints":{"allow":["GET"]}}],"collection":[{"href":"https:\/\/skaitytaknyga.lt\/en\/wp-json\/wp\/v2\/product"}],"about":[{"href":"https:\/\/skaitytaknyga.lt\/en\/wp-json\/wp\/v2\/types\/product"}],"replies":[{"embeddable":true,"href":"https:\/\/skaitytaknyga.lt\/en\/wp-json\/wp\/v2\/comments?post=17865"}],"wp:featuredmedia":[{"embeddable":true,"href":"https:\/\/skaitytaknyga.lt\/en\/wp-json\/wp\/v2\/media\/17866"}],"wp:attachment":[{"href":"https:\/\/skaitytaknyga.lt\/en\/wp-json\/wp\/v2\/media?parent=17865"}],"wp:term":[{"taxonomy":"product_brand","embeddable":true,"href":"https:\/\/skaitytaknyga.lt\/en\/wp-json\/wp\/v2\/product_brand?post=17865"},{"taxonomy":"product_cat","embeddable":true,"href":"https:\/\/skaitytaknyga.lt\/en\/wp-json\/wp\/v2\/product_cat?post=17865"},{"taxonomy":"product_tag","embeddable":true,"href":"https:\/\/skaitytaknyga.lt\/en\/wp-json\/wp\/v2\/product_tag?post=17865"}],"curies":[{"name":"wp","href":"https:\/\/api.w.org\/{rel}","templated":true}]}}