{"id":17862,"date":"2025-04-16T14:04:08","date_gmt":"2025-04-16T11:04:08","guid":{"rendered":"https:\/\/skaitytaknyga.lt\/?post_type=product&#038;p=17862"},"modified":"2025-04-16T14:06:44","modified_gmt":"2025-04-16T11:06:44","slug":"eucharistija-gyvenimo-sirdis","status":"publish","type":"product","link":"https:\/\/skaitytaknyga.lt\/en\/produktas\/eucharistija-gyvenimo-sirdis\/","title":{"rendered":"Eucharistija &#8211; gyvenimo \u0161irdis"},"content":{"rendered":"<p>Francesco Peyron, Paolo Angheben Knygos Eucharistija &#8211; gyvenimo \u0161irdis autoriai &#8211; Marijos Guod\u0117jos misionieriai ir svarbaus dvasingumo centro vadovai &#8211; kiekvien\u0105 \u0161v.Mi\u0161i\u0173 akimirk\u0105 nuodugniai aptaria i\u0161 skirting\u0173 perspektyv\u0173: istorin\u0117s, teologin\u0117s, biblin\u0117s, dvasin\u0117s ir egzistencin\u0117s. \u010cia apstu apm\u0105stym\u0173, Dievo \u017eod\u017eio i\u0161trauk\u0173, teologini\u0173 \u012f\u017evalg\u0173. Knyga kvie\u010dia mus \u012f gilesn\u012f santyk\u012f su Dievu, siekia pa\u017eadinti didesn\u012f vis\u0173 drungn\u0173 krik\u0161\u010dioni\u0173 susivokim\u0105, gr\u0105\u017einti nor\u0105 dalyvauti Eucharistijoje.<br \/>\nSkaitytojas knygoje ras i\u0161sami\u0105 ir taikli\u0105 katechez\u0119, asmeniniam apm\u0105stymui skirt\u0173 klausim\u0173, tinkamai parinkt\u0105 Dievo \u017eod\u012f.<\/p>\n<p>Autorius: Francesco Peyron, Paolo Angheben<br \/>\nLeid\u0117jas: Katalik\u0173 pasaulio leidiniai<br \/>\nI\u0161leidimo metai: 2005<br \/>\nKnygos puslapi\u0173 skai\u010dius: 156<br \/>\nFormatas: 13&#215;20, mink\u0161ti vir\u0161eliai<br \/>\nISBN ar kodas: 9955-619-36-8<\/p>\n","protected":false},"excerpt":{"rendered":"<p>Francesco Peyron, Paolo Angheben Knygos Eucharistija &#8211; gyvenimo \u0161irdis autoriai &#8211; Marijos Guod\u0117jos misionieriai ir svarbaus dvasingumo centro vadovai &#8211; kiekvien\u0105 \u0161v.Mi\u0161i\u0173 akimirk\u0105 nuodugniai aptaria i\u0161 skirting\u0173 perspektyv\u0173: istorin\u0117s, teologin\u0117s, biblin\u0117s, dvasin\u0117s ir egzistencin\u0117s. \u010cia apstu apm\u0105stym\u0173, Dievo \u017eod\u017eio i\u0161trauk\u0173, teologini\u0173 \u012f\u017evalg\u0173. Knyga kvie\u010dia mus \u012f gilesn\u012f santyk\u012f su Dievu, siekia pa\u017eadinti didesn\u012f vis\u0173 drungn\u0173 krik\u0161\u010dioni\u0173 susivokim\u0105, gr\u0105\u017einti nor\u0105 dalyvauti Eucharistijoje. Skaitytojas knygoje ras i\u0161sami\u0105 ir taikli\u0105 katechez\u0119, asmeniniam apm\u0105stymui skirt\u0173 klausim\u0173, tinkamai parinkt\u0105 Dievo \u017eod\u012f. Autorius: Francesco Peyron, Paolo Angheben Leid\u0117jas: Katalik\u0173 pasaulio leidiniai I\u0161leidimo metai: 2005 Knygos puslapi\u0173 skai\u010dius: 156 Formatas: 13&#215;20, mink\u0161ti vir\u0161eliai ISBN ar kodas: 9955-619-36-8<\/p>\n","protected":false},"featured_media":17864,"comment_status":"open","ping_status":"closed","template":"","meta":{"_acf_changed":false,"site-sidebar-layout":"default","site-content-layout":"","ast-site-content-layout":"default","site-content-style":"default","site-sidebar-style":"default","ast-global-header-display":"","ast-banner-title-visibility":"","ast-main-header-display":"","ast-hfb-above-header-display":"","ast-hfb-below-header-display":"","ast-hfb-mobile-header-display":"","site-post-title":"","ast-breadcrumbs-content":"","ast-featured-img":"","footer-sml-layout":"","ast-disable-related-posts":"","theme-transparent-header-meta":"default","adv-header-id-meta":"","stick-header-meta":"","header-above-stick-meta":"","header-main-stick-meta":"","header-below-stick-meta":"","astra-migrate-meta-layouts":"set","ast-page-background-enabled":"default","ast-page-background-meta":{"desktop":{"background-color":"","background-image":"","background-repeat":"repeat","background-position":"center center","background-size":"auto","background-attachment":"scroll","background-type":"","background-media":"","overlay-type":"","overlay-color":"","overlay-opacity":"","overlay-gradient":""},"tablet":{"background-color":"","background-image":"","background-repeat":"repeat","background-position":"center center","background-size":"auto","background-attachment":"scroll","background-type":"","background-media":"","overlay-type":"","overlay-color":"","overlay-opacity":"","overlay-gradient":""},"mobile":{"background-color":"","background-image":"","background-repeat":"repeat","background-position":"center center","background-size":"auto","background-attachment":"scroll","background-type":"","background-media":"","overlay-type":"","overlay-color":"","overlay-opacity":"","overlay-gradient":""}},"ast-content-background-meta":{"desktop":{"background-color":"var(--ast-global-color-4)","background-image":"","background-repeat":"repeat","background-position":"center center","background-size":"auto","background-attachment":"scroll","background-type":"","background-media":"","overlay-type":"","overlay-color":"","overlay-opacity":"","overlay-gradient":""},"tablet":{"background-color":"var(--ast-global-color-4)","background-image":"","background-repeat":"repeat","background-position":"center center","background-size":"auto","background-attachment":"scroll","background-type":"","background-media":"","overlay-type":"","overlay-color":"","overlay-opacity":"","overlay-gradient":""},"mobile":{"background-color":"var(--ast-global-color-4)","background-image":"","background-repeat":"repeat","background-position":"center center","background-size":"auto","background-attachment":"scroll","background-type":"","background-media":"","overlay-type":"","overlay-color":"","overlay-opacity":"","overlay-gradient":""}}},"product_brand":[],"product_cat":[15,165],"product_tag":[3509,3525,3523,2258,3524,2259],"class_list":{"0":"post-17862","1":"product","2":"type-product","3":"status-publish","4":"has-post-thumbnail","6":"product_cat-uncategorized","7":"product_cat-religija-filosofija-ir-ezoterika","8":"product_tag-dvasingumas","9":"product_tag-eucharistija","10":"product_tag-francesco-peyron","11":"product_tag-katalikybe","12":"product_tag-paolo-angheben","13":"product_tag-teologija","14":"desktop-align-left","15":"tablet-align-left","16":"mobile-align-left","18":"first","19":"instock","20":"shipping-taxable","21":"purchasable","22":"product-type-simple"},"acf":[],"yoast_head":"<!-- This site is optimized with the Yoast SEO plugin v27.0 - https:\/\/yoast.com\/product\/yoast-seo-wordpress\/ -->\n<title>Eucharistija - gyvenimo \u0161irdis<\/title>\n<meta name=\"description\" content=\"Francesco Peyron, Paolo Angheben Knygos Eucharistija - gyvenimo \u0161irdis autoriai - Marijos Guod\u0117jos misionieriai ir svarbaus dvasingumo centro vadovai -\" \/>\n<meta name=\"robots\" content=\"index, follow, max-snippet:-1, max-image-preview:large, max-video-preview:-1\" \/>\n<link rel=\"canonical\" href=\"https:\/\/skaitytaknyga.lt\/en\/produktas\/eucharistija-gyvenimo-sirdis\/\" \/>\n<meta property=\"og:locale\" content=\"en_GB\" \/>\n<meta property=\"og:locale:alternate\" content=\"lt_LT\" \/>\n<meta property=\"og:type\" content=\"article\" \/>\n<meta property=\"og:title\" content=\"Eucharistija - gyvenimo \u0161irdis\" \/>\n<meta property=\"og:description\" content=\"Francesco Peyron, Paolo Angheben Knygos Eucharistija - gyvenimo \u0161irdis autoriai - Marijos Guod\u0117jos misionieriai ir svarbaus dvasingumo centro vadovai -\" \/>\n<meta property=\"og:url\" content=\"https:\/\/skaitytaknyga.lt\/en\/produktas\/eucharistija-gyvenimo-sirdis\/\" \/>\n<meta property=\"og:site_name\" content=\"Skaitytaknyga\" \/>\n<meta property=\"article:publisher\" content=\"https:\/\/www.facebook.com\/skaitytaknyga\/\" \/>\n<meta property=\"article:modified_time\" content=\"2025-04-16T11:06:44+00:00\" \/>\n<meta property=\"og:image\" content=\"https:\/\/skaitytaknyga.lt\/wp-content\/uploads\/2025\/04\/Eucharistija-gyvenimo-sirdis-2.jpg\" \/>\n\t<meta property=\"og:image:width\" content=\"200\" \/>\n\t<meta property=\"og:image:height\" content=\"310\" \/>\n\t<meta property=\"og:image:type\" content=\"image\/jpeg\" \/>\n<meta name=\"twitter:card\" content=\"summary_large_image\" \/>\n<meta name=\"twitter:label1\" content=\"Estimated reading time\" \/>\n\t<meta name=\"twitter:data1\" content=\"1 minute\" \/>\n<script type=\"application\/ld+json\" class=\"yoast-schema-graph\">{\"@context\":\"https:\/\/schema.org\",\"@graph\":[{\"@type\":\"WebPage\",\"@id\":\"https:\/\/skaitytaknyga.lt\/produktas\/eucharistija-gyvenimo-sirdis\/\",\"url\":\"https:\/\/skaitytaknyga.lt\/produktas\/eucharistija-gyvenimo-sirdis\/\",\"name\":\"Eucharistija - gyvenimo \u0161irdis\",\"isPartOf\":{\"@id\":\"https:\/\/skaitytaknyga.lt\/#website\"},\"primaryImageOfPage\":{\"@id\":\"https:\/\/skaitytaknyga.lt\/produktas\/eucharistija-gyvenimo-sirdis\/#primaryimage\"},\"image\":{\"@id\":\"https:\/\/skaitytaknyga.lt\/produktas\/eucharistija-gyvenimo-sirdis\/#primaryimage\"},\"thumbnailUrl\":\"https:\/\/skaitytaknyga.lt\/wp-content\/uploads\/2025\/04\/Eucharistija-gyvenimo-sirdis-2.jpg\",\"datePublished\":\"2025-04-16T11:04:08+00:00\",\"dateModified\":\"2025-04-16T11:06:44+00:00\",\"description\":\"Francesco Peyron, Paolo Angheben Knygos Eucharistija - gyvenimo \u0161irdis autoriai - Marijos Guod\u0117jos misionieriai ir svarbaus dvasingumo centro vadovai -\",\"breadcrumb\":{\"@id\":\"https:\/\/skaitytaknyga.lt\/produktas\/eucharistija-gyvenimo-sirdis\/#breadcrumb\"},\"inLanguage\":\"en-GB\",\"potentialAction\":[{\"@type\":\"ReadAction\",\"target\":[\"https:\/\/skaitytaknyga.lt\/produktas\/eucharistija-gyvenimo-sirdis\/\"]}]},{\"@type\":\"ImageObject\",\"inLanguage\":\"en-GB\",\"@id\":\"https:\/\/skaitytaknyga.lt\/produktas\/eucharistija-gyvenimo-sirdis\/#primaryimage\",\"url\":\"https:\/\/skaitytaknyga.lt\/wp-content\/uploads\/2025\/04\/Eucharistija-gyvenimo-sirdis-2.jpg\",\"contentUrl\":\"https:\/\/skaitytaknyga.lt\/wp-content\/uploads\/2025\/04\/Eucharistija-gyvenimo-sirdis-2.jpg\",\"width\":200,\"height\":310,\"caption\":\"Eucharistija - gyvenimo \u0161irdis\"},{\"@type\":\"BreadcrumbList\",\"@id\":\"https:\/\/skaitytaknyga.lt\/produktas\/eucharistija-gyvenimo-sirdis\/#breadcrumb\",\"itemListElement\":[{\"@type\":\"ListItem\",\"position\":1,\"name\":\"Home\",\"item\":\"https:\/\/skaitytaknyga.lt\/\"},{\"@type\":\"ListItem\",\"position\":2,\"name\":\"Parduotuv\u0117\",\"item\":\"https:\/\/skaitytaknyga.lt\/knygu-parduotuve\/\"},{\"@type\":\"ListItem\",\"position\":3,\"name\":\"Eucharistija &#8211; gyvenimo \u0161irdis\"}]},{\"@type\":\"WebSite\",\"@id\":\"https:\/\/skaitytaknyga.lt\/#website\",\"url\":\"https:\/\/skaitytaknyga.lt\/\",\"name\":\"skaitytaknyga.lt\",\"description\":\"Skaitytaknyga.lt \u2013 tai ma\u017eas \u0161eimos verslas, kuris prasid\u0117jo nuo meil\u0117s knygoms ir siekio i\u0161gelb\u0117ti knygas nuo likimo prie konteinerio. Kas vienam nereikalingas daiktas \u2013 kitam lobis, o mes esame tarpininkai, kurie padeda abiems tapti laimingesniems ???? \u017dinome kaip nelengva i\u0161gyventi ma\u017eiems verslams, tad nuo \u0161iol, \u010dia rasite ir kit\u0173, ma\u017e\u0173 \u0161eim\u0173 versl\u0173, rank\u0173 darbo, dovan\u0173 sau ir artimiesiems.\",\"publisher\":{\"@id\":\"https:\/\/skaitytaknyga.lt\/#organization\"},\"potentialAction\":[{\"@type\":\"SearchAction\",\"target\":{\"@type\":\"EntryPoint\",\"urlTemplate\":\"https:\/\/skaitytaknyga.lt\/?s={search_term_string}\"},\"query-input\":{\"@type\":\"PropertyValueSpecification\",\"valueRequired\":true,\"valueName\":\"search_term_string\"}}],\"inLanguage\":\"en-GB\"},{\"@type\":\"Organization\",\"@id\":\"https:\/\/skaitytaknyga.lt\/#organization\",\"name\":\"skaitytaknyga.lt\",\"url\":\"https:\/\/skaitytaknyga.lt\/\",\"logo\":{\"@type\":\"ImageObject\",\"inLanguage\":\"en-GB\",\"@id\":\"https:\/\/skaitytaknyga.lt\/#\/schema\/logo\/image\/\",\"url\":\"https:\/\/skaitytaknyga.lt\/wp-content\/uploads\/2024\/05\/cropped-cropped-cropped-02_00843_jt3bggkj1j3HLc7SyY6rEUpg.jpeg\",\"contentUrl\":\"https:\/\/skaitytaknyga.lt\/wp-content\/uploads\/2024\/05\/cropped-cropped-cropped-02_00843_jt3bggkj1j3HLc7SyY6rEUpg.jpeg\",\"width\":1600,\"height\":1600,\"caption\":\"skaitytaknyga.lt\"},\"image\":{\"@id\":\"https:\/\/skaitytaknyga.lt\/#\/schema\/logo\/image\/\"},\"sameAs\":[\"https:\/\/www.facebook.com\/skaitytaknyga\/\"]}]}<\/script>\n<!-- \/ Yoast SEO plugin. -->","yoast_head_json":{"title":"Eucharistija - gyvenimo \u0161irdis","description":"Francesco Peyron, Paolo Angheben Knygos Eucharistija - gyvenimo \u0161irdis autoriai - Marijos Guod\u0117jos misionieriai ir svarbaus dvasingumo centro vadovai -","robots":{"index":"index","follow":"follow","max-snippet":"max-snippet:-1","max-image-preview":"max-image-preview:large","max-video-preview":"max-video-preview:-1"},"canonical":"https:\/\/skaitytaknyga.lt\/en\/produktas\/eucharistija-gyvenimo-sirdis\/","og_locale":"en_GB","og_type":"article","og_title":"[:lt]Eucharistija - gyvenimo \u0161irdis[:] - Skaitytaknyga","og_description":"Francesco Peyron, Paolo Angheben Knygos Eucharistija - gyvenimo \u0161irdis autoriai - Marijos Guod\u0117jos misionieriai ir svarbaus dvasingumo centro vadovai -","og_url":"https:\/\/skaitytaknyga.lt\/en\/produktas\/eucharistija-gyvenimo-sirdis\/","og_site_name":"Skaitytaknyga","article_publisher":"https:\/\/www.facebook.com\/skaitytaknyga\/","article_modified_time":"2025-04-16T11:06:44+00:00","og_image":[{"width":200,"height":310,"url":"https:\/\/skaitytaknyga.lt\/wp-content\/uploads\/2025\/04\/Eucharistija-gyvenimo-sirdis-2.jpg","type":"image\/jpeg"}],"twitter_card":"summary_large_image","twitter_misc":{"Estimated reading time":"1 minute"},"schema":{"@context":"https:\/\/schema.org","@graph":[{"@type":"WebPage","@id":"https:\/\/skaitytaknyga.lt\/produktas\/eucharistija-gyvenimo-sirdis\/","url":"https:\/\/skaitytaknyga.lt\/produktas\/eucharistija-gyvenimo-sirdis\/","name":"Eucharistija - gyvenimo \u0161irdis","isPartOf":{"@id":"https:\/\/skaitytaknyga.lt\/#website"},"primaryImageOfPage":{"@id":"https:\/\/skaitytaknyga.lt\/produktas\/eucharistija-gyvenimo-sirdis\/#primaryimage"},"image":{"@id":"https:\/\/skaitytaknyga.lt\/produktas\/eucharistija-gyvenimo-sirdis\/#primaryimage"},"thumbnailUrl":"https:\/\/skaitytaknyga.lt\/wp-content\/uploads\/2025\/04\/Eucharistija-gyvenimo-sirdis-2.jpg","datePublished":"2025-04-16T11:04:08+00:00","dateModified":"2025-04-16T11:06:44+00:00","description":"Francesco Peyron, Paolo Angheben Knygos Eucharistija - gyvenimo \u0161irdis autoriai - Marijos Guod\u0117jos misionieriai ir svarbaus dvasingumo centro vadovai -","breadcrumb":{"@id":"https:\/\/skaitytaknyga.lt\/produktas\/eucharistija-gyvenimo-sirdis\/#breadcrumb"},"inLanguage":"en-GB","potentialAction":[{"@type":"ReadAction","target":["https:\/\/skaitytaknyga.lt\/produktas\/eucharistija-gyvenimo-sirdis\/"]}]},{"@type":"ImageObject","inLanguage":"en-GB","@id":"https:\/\/skaitytaknyga.lt\/produktas\/eucharistija-gyvenimo-sirdis\/#primaryimage","url":"https:\/\/skaitytaknyga.lt\/wp-content\/uploads\/2025\/04\/Eucharistija-gyvenimo-sirdis-2.jpg","contentUrl":"https:\/\/skaitytaknyga.lt\/wp-content\/uploads\/2025\/04\/Eucharistija-gyvenimo-sirdis-2.jpg","width":200,"height":310,"caption":"Eucharistija - gyvenimo \u0161irdis"},{"@type":"BreadcrumbList","@id":"https:\/\/skaitytaknyga.lt\/produktas\/eucharistija-gyvenimo-sirdis\/#breadcrumb","itemListElement":[{"@type":"ListItem","position":1,"name":"Home","item":"https:\/\/skaitytaknyga.lt\/"},{"@type":"ListItem","position":2,"name":"Parduotuv\u0117","item":"https:\/\/skaitytaknyga.lt\/knygu-parduotuve\/"},{"@type":"ListItem","position":3,"name":"Eucharistija &#8211; gyvenimo \u0161irdis"}]},{"@type":"WebSite","@id":"https:\/\/skaitytaknyga.lt\/#website","url":"https:\/\/skaitytaknyga.lt\/","name":"skaitytaknyga.lt","description":"Skaitytaknyga.lt \u2013 tai ma\u017eas \u0161eimos verslas, kuris prasid\u0117jo nuo meil\u0117s knygoms ir siekio i\u0161gelb\u0117ti knygas nuo likimo prie konteinerio. Kas vienam nereikalingas daiktas \u2013 kitam lobis, o mes esame tarpininkai, kurie padeda abiems tapti laimingesniems ???? \u017dinome kaip nelengva i\u0161gyventi ma\u017eiems verslams, tad nuo \u0161iol, \u010dia rasite ir kit\u0173, ma\u017e\u0173 \u0161eim\u0173 versl\u0173, rank\u0173 darbo, dovan\u0173 sau ir artimiesiems.","publisher":{"@id":"https:\/\/skaitytaknyga.lt\/#organization"},"potentialAction":[{"@type":"SearchAction","target":{"@type":"EntryPoint","urlTemplate":"https:\/\/skaitytaknyga.lt\/?s={search_term_string}"},"query-input":{"@type":"PropertyValueSpecification","valueRequired":true,"valueName":"search_term_string"}}],"inLanguage":"en-GB"},{"@type":"Organization","@id":"https:\/\/skaitytaknyga.lt\/#organization","name":"skaitytaknyga.lt","url":"https:\/\/skaitytaknyga.lt\/","logo":{"@type":"ImageObject","inLanguage":"en-GB","@id":"https:\/\/skaitytaknyga.lt\/#\/schema\/logo\/image\/","url":"https:\/\/skaitytaknyga.lt\/wp-content\/uploads\/2024\/05\/cropped-cropped-cropped-02_00843_jt3bggkj1j3HLc7SyY6rEUpg.jpeg","contentUrl":"https:\/\/skaitytaknyga.lt\/wp-content\/uploads\/2024\/05\/cropped-cropped-cropped-02_00843_jt3bggkj1j3HLc7SyY6rEUpg.jpeg","width":1600,"height":1600,"caption":"skaitytaknyga.lt"},"image":{"@id":"https:\/\/skaitytaknyga.lt\/#\/schema\/logo\/image\/"},"sameAs":["https:\/\/www.facebook.com\/skaitytaknyga\/"]}]}},"_links":{"self":[{"href":"https:\/\/skaitytaknyga.lt\/en\/wp-json\/wp\/v2\/product\/17862","targetHints":{"allow":["GET"]}}],"collection":[{"href":"https:\/\/skaitytaknyga.lt\/en\/wp-json\/wp\/v2\/product"}],"about":[{"href":"https:\/\/skaitytaknyga.lt\/en\/wp-json\/wp\/v2\/types\/product"}],"replies":[{"embeddable":true,"href":"https:\/\/skaitytaknyga.lt\/en\/wp-json\/wp\/v2\/comments?post=17862"}],"wp:featuredmedia":[{"embeddable":true,"href":"https:\/\/skaitytaknyga.lt\/en\/wp-json\/wp\/v2\/media\/17864"}],"wp:attachment":[{"href":"https:\/\/skaitytaknyga.lt\/en\/wp-json\/wp\/v2\/media?parent=17862"}],"wp:term":[{"taxonomy":"product_brand","embeddable":true,"href":"https:\/\/skaitytaknyga.lt\/en\/wp-json\/wp\/v2\/product_brand?post=17862"},{"taxonomy":"product_cat","embeddable":true,"href":"https:\/\/skaitytaknyga.lt\/en\/wp-json\/wp\/v2\/product_cat?post=17862"},{"taxonomy":"product_tag","embeddable":true,"href":"https:\/\/skaitytaknyga.lt\/en\/wp-json\/wp\/v2\/product_tag?post=17862"}],"curies":[{"name":"wp","href":"https:\/\/api.w.org\/{rel}","templated":true}]}}