{"id":17860,"date":"2025-04-16T09:47:32","date_gmt":"2025-04-16T06:47:32","guid":{"rendered":"https:\/\/skaitytaknyga.lt\/?post_type=product&#038;p=17860"},"modified":"2025-04-28T22:18:35","modified_gmt":"2025-04-28T19:18:35","slug":"kaip-suzinoti-ir-pakeisti-likima","status":"publish","type":"product","link":"https:\/\/skaitytaknyga.lt\/en\/produktas\/kaip-suzinoti-ir-pakeisti-likima\/","title":{"rendered":"Kaip su\u017einoti ir pakeisti likim\u0105"},"content":{"rendered":"<p>Knygoje Michailas Litvakas pasakoja apie \u017emogaus asmenyb\u0117s strukt\u016br\u0105 ir apie psichologinius d\u0117snius, kurie formuoja jo likim\u0105. Apra\u0161ytos \u017emogaus raidos pakopos nuo pat pirm\u0173j\u0173 jo gyvenimo dien\u0173 ir atskleistos klaidos, kurias daro t\u0117vai aukl\u0117dami vaikus.<\/p>\n<p>Taip pat autorius supa\u017eindina skaitytojus su pagrindiniais logikos, arba taisyklingo m\u0105stymo, principais ir dalijasi savo, kaip psichoterapeuto, patarimais, kaip elgtis sud\u0117tingose gyvenimo situacijose.<\/p>\n<ul class=\"about-product d-none d-xl-block mt-4\">\n<li><strong>Originalus pavadinimas:<\/strong>\u00a0\u041a\u0430\u043a \u0443\u0437\u043d\u0430\u0442 \u0438 \u0438\u0437\u043c\u0435\u043d\u0438\u0442\u044c \u0441\u0432\u043e\u044e \u0441\u0443\u0434\u044c\u0431\u0443<\/li>\n<li><strong>Autorius:<\/strong>\u00a0Michail Litvak<\/li>\n<li><strong>Leid\u0117jas<\/strong>\u00a0Luceo<\/li>\n<li><strong>Metai:<\/strong>\u00a02013<\/li>\n<li><strong>Puslapiai:<\/strong>\u00a0384<\/li>\n<li class=\"toggleable type-new-formats \"><strong>ISBN :\u00a0<\/strong>9786098112009<\/li>\n<li><strong>Versijos kodas:<\/strong>\u00a0PT.<\/li>\n<li class=\"toggleable type-new-formats \"><strong>Formatas:<\/strong>\u00a015 x 22 cm, mink\u0161ti vir\u0161eliai<\/li>\n<li><strong>Kalba:<\/strong>\u00a0Lietuvi\u0173<\/li>\n<li><strong>Vert\u0117jas:<\/strong>\u00a0Vytautas Lapukauskas<\/li>\n<\/ul>\n","protected":false},"excerpt":{"rendered":"<p>Knygoje Michailas Litvakas pasakoja apie \u017emogaus asmenyb\u0117s strukt\u016br\u0105 ir apie psichologinius d\u0117snius, kurie formuoja jo likim\u0105. Apra\u0161ytos \u017emogaus raidos pakopos nuo pat pirm\u0173j\u0173 jo gyvenimo dien\u0173 ir atskleistos klaidos, kurias daro t\u0117vai aukl\u0117dami vaikus. Taip pat autorius supa\u017eindina skaitytojus su pagrindiniais logikos, arba taisyklingo m\u0105stymo, principais ir dalijasi savo, kaip psichoterapeuto, patarimais, kaip elgtis sud\u0117tingose gyvenimo situacijose. Originalus pavadinimas:\u00a0\u041a\u0430\u043a \u0443\u0437\u043d\u0430\u0442 \u0438 \u0438\u0437\u043c\u0435\u043d\u0438\u0442\u044c \u0441\u0432\u043e\u044e \u0441\u0443\u0434\u044c\u0431\u0443 Autorius:\u00a0Michail Litvak Leid\u0117jas\u00a0Luceo Metai:\u00a02013 Puslapiai:\u00a0384 ISBN :\u00a09786098112009 Versijos kodas:\u00a0PT. Formatas:\u00a015 x 22 cm, mink\u0161ti vir\u0161eliai Kalba:\u00a0Lietuvi\u0173 Vert\u0117jas:\u00a0Vytautas Lapukauskas<\/p>\n","protected":false},"featured_media":17861,"comment_status":"closed","ping_status":"closed","template":"","meta":{"_acf_changed":false,"site-sidebar-layout":"default","site-content-layout":"","ast-site-content-layout":"default","site-content-style":"default","site-sidebar-style":"default","ast-global-header-display":"","ast-banner-title-visibility":"","ast-main-header-display":"","ast-hfb-above-header-display":"","ast-hfb-below-header-display":"","ast-hfb-mobile-header-display":"","site-post-title":"","ast-breadcrumbs-content":"","ast-featured-img":"","footer-sml-layout":"","ast-disable-related-posts":"","theme-transparent-header-meta":"default","adv-header-id-meta":"","stick-header-meta":"","header-above-stick-meta":"","header-main-stick-meta":"","header-below-stick-meta":"","astra-migrate-meta-layouts":"set","ast-page-background-enabled":"default","ast-page-background-meta":{"desktop":{"background-color":"","background-image":"","background-repeat":"repeat","background-position":"center center","background-size":"auto","background-attachment":"scroll","background-type":"","background-media":"","overlay-type":"","overlay-color":"","overlay-opacity":"","overlay-gradient":""},"tablet":{"background-color":"","background-image":"","background-repeat":"repeat","background-position":"center center","background-size":"auto","background-attachment":"scroll","background-type":"","background-media":"","overlay-type":"","overlay-color":"","overlay-opacity":"","overlay-gradient":""},"mobile":{"background-color":"","background-image":"","background-repeat":"repeat","background-position":"center center","background-size":"auto","background-attachment":"scroll","background-type":"","background-media":"","overlay-type":"","overlay-color":"","overlay-opacity":"","overlay-gradient":""}},"ast-content-background-meta":{"desktop":{"background-color":"var(--ast-global-color-4)","background-image":"","background-repeat":"repeat","background-position":"center center","background-size":"auto","background-attachment":"scroll","background-type":"","background-media":"","overlay-type":"","overlay-color":"","overlay-opacity":"","overlay-gradient":""},"tablet":{"background-color":"var(--ast-global-color-4)","background-image":"","background-repeat":"repeat","background-position":"center center","background-size":"auto","background-attachment":"scroll","background-type":"","background-media":"","overlay-type":"","overlay-color":"","overlay-opacity":"","overlay-gradient":""},"mobile":{"background-color":"var(--ast-global-color-4)","background-image":"","background-repeat":"repeat","background-position":"center center","background-size":"auto","background-attachment":"scroll","background-type":"","background-media":"","overlay-type":"","overlay-color":"","overlay-opacity":"","overlay-gradient":""}}},"product_brand":[],"product_cat":[30],"product_tag":[3065,2375,3520,1392,1396,2206],"class_list":{"0":"post-17860","1":"product","2":"type-product","3":"status-publish","4":"has-post-thumbnail","6":"product_cat-psichologija-ir-saviugda","7":"product_tag-likimas","8":"product_tag-mastymas","9":"product_tag-michail-litvak","10":"product_tag-psichologija","11":"product_tag-saviugda","12":"product_tag-tevyste","13":"desktop-align-left","14":"tablet-align-left","15":"mobile-align-left","17":"first","18":"instock","19":"shipping-taxable","20":"purchasable","21":"product-type-simple"},"acf":[],"yoast_head":"<!-- This site is optimized with the Yoast SEO plugin v27.0 - https:\/\/yoast.com\/product\/yoast-seo-wordpress\/ -->\n<title>Kaip su\u017einoti ir pakeisti likim\u0105<\/title>\n<meta name=\"description\" content=\"Knygoje Michailas Litvakas pasakoja apie \u017emogaus asmenyb\u0117s strukt\u016br\u0105 ir apie psichologinius d\u0117snius, kurie formuoja jo likim\u0105. Apra\u0161ytos \u017emogaus raidos\" \/>\n<meta name=\"robots\" content=\"index, follow, max-snippet:-1, max-image-preview:large, max-video-preview:-1\" \/>\n<link rel=\"canonical\" href=\"https:\/\/skaitytaknyga.lt\/en\/produktas\/kaip-suzinoti-ir-pakeisti-likima\/\" \/>\n<meta property=\"og:locale\" content=\"en_GB\" \/>\n<meta property=\"og:locale:alternate\" content=\"lt_LT\" \/>\n<meta property=\"og:type\" content=\"article\" \/>\n<meta property=\"og:title\" content=\"Kaip su\u017einoti ir pakeisti likim\u0105\" \/>\n<meta property=\"og:description\" content=\"Knygoje Michailas Litvakas pasakoja apie \u017emogaus asmenyb\u0117s strukt\u016br\u0105 ir apie psichologinius d\u0117snius, kurie formuoja jo likim\u0105. Apra\u0161ytos \u017emogaus raidos\" \/>\n<meta property=\"og:url\" content=\"https:\/\/skaitytaknyga.lt\/en\/produktas\/kaip-suzinoti-ir-pakeisti-likima\/\" \/>\n<meta property=\"og:site_name\" content=\"Skaitytaknyga\" \/>\n<meta property=\"article:publisher\" content=\"https:\/\/www.facebook.com\/skaitytaknyga\/\" \/>\n<meta property=\"article:modified_time\" content=\"2025-04-28T19:18:35+00:00\" \/>\n<meta property=\"og:image\" content=\"https:\/\/skaitytaknyga.lt\/wp-content\/uploads\/2025\/04\/Kaip-suzinoti-ir-pakeisti-likima.jpg\" \/>\n\t<meta property=\"og:image:width\" content=\"226\" \/>\n\t<meta property=\"og:image:height\" content=\"345\" \/>\n\t<meta property=\"og:image:type\" content=\"image\/jpeg\" \/>\n<meta name=\"twitter:card\" content=\"summary_large_image\" \/>\n<meta name=\"twitter:label1\" content=\"Estimated reading time\" \/>\n\t<meta name=\"twitter:data1\" content=\"1 minute\" \/>\n<script type=\"application\/ld+json\" class=\"yoast-schema-graph\">{\"@context\":\"https:\/\/schema.org\",\"@graph\":[{\"@type\":\"WebPage\",\"@id\":\"https:\/\/skaitytaknyga.lt\/produktas\/kaip-suzinoti-ir-pakeisti-likima\/\",\"url\":\"https:\/\/skaitytaknyga.lt\/produktas\/kaip-suzinoti-ir-pakeisti-likima\/\",\"name\":\"Kaip su\u017einoti ir pakeisti likim\u0105\",\"isPartOf\":{\"@id\":\"https:\/\/skaitytaknyga.lt\/#website\"},\"primaryImageOfPage\":{\"@id\":\"https:\/\/skaitytaknyga.lt\/produktas\/kaip-suzinoti-ir-pakeisti-likima\/#primaryimage\"},\"image\":{\"@id\":\"https:\/\/skaitytaknyga.lt\/produktas\/kaip-suzinoti-ir-pakeisti-likima\/#primaryimage\"},\"thumbnailUrl\":\"https:\/\/skaitytaknyga.lt\/wp-content\/uploads\/2025\/04\/Kaip-suzinoti-ir-pakeisti-likima.jpg\",\"datePublished\":\"2025-04-16T06:47:32+00:00\",\"dateModified\":\"2025-04-28T19:18:35+00:00\",\"description\":\"Knygoje Michailas Litvakas pasakoja apie \u017emogaus asmenyb\u0117s strukt\u016br\u0105 ir apie psichologinius d\u0117snius, kurie formuoja jo likim\u0105. Apra\u0161ytos \u017emogaus raidos\",\"breadcrumb\":{\"@id\":\"https:\/\/skaitytaknyga.lt\/produktas\/kaip-suzinoti-ir-pakeisti-likima\/#breadcrumb\"},\"inLanguage\":\"en-GB\",\"potentialAction\":[{\"@type\":\"ReadAction\",\"target\":[\"https:\/\/skaitytaknyga.lt\/produktas\/kaip-suzinoti-ir-pakeisti-likima\/\"]}]},{\"@type\":\"ImageObject\",\"inLanguage\":\"en-GB\",\"@id\":\"https:\/\/skaitytaknyga.lt\/produktas\/kaip-suzinoti-ir-pakeisti-likima\/#primaryimage\",\"url\":\"https:\/\/skaitytaknyga.lt\/wp-content\/uploads\/2025\/04\/Kaip-suzinoti-ir-pakeisti-likima.jpg\",\"contentUrl\":\"https:\/\/skaitytaknyga.lt\/wp-content\/uploads\/2025\/04\/Kaip-suzinoti-ir-pakeisti-likima.jpg\",\"width\":226,\"height\":345,\"caption\":\"Kaip su\u017einoti ir pakeisti likim\u0105\"},{\"@type\":\"BreadcrumbList\",\"@id\":\"https:\/\/skaitytaknyga.lt\/produktas\/kaip-suzinoti-ir-pakeisti-likima\/#breadcrumb\",\"itemListElement\":[{\"@type\":\"ListItem\",\"position\":1,\"name\":\"Home\",\"item\":\"https:\/\/skaitytaknyga.lt\/\"},{\"@type\":\"ListItem\",\"position\":2,\"name\":\"Parduotuv\u0117\",\"item\":\"https:\/\/skaitytaknyga.lt\/knygu-parduotuve\/\"},{\"@type\":\"ListItem\",\"position\":3,\"name\":\"Kaip su\u017einoti ir pakeisti likim\u0105\"}]},{\"@type\":\"WebSite\",\"@id\":\"https:\/\/skaitytaknyga.lt\/#website\",\"url\":\"https:\/\/skaitytaknyga.lt\/\",\"name\":\"skaitytaknyga.lt\",\"description\":\"Skaitytaknyga.lt \u2013 tai ma\u017eas \u0161eimos verslas, kuris prasid\u0117jo nuo meil\u0117s knygoms ir siekio i\u0161gelb\u0117ti knygas nuo likimo prie konteinerio. Kas vienam nereikalingas daiktas \u2013 kitam lobis, o mes esame tarpininkai, kurie padeda abiems tapti laimingesniems ???? \u017dinome kaip nelengva i\u0161gyventi ma\u017eiems verslams, tad nuo \u0161iol, \u010dia rasite ir kit\u0173, ma\u017e\u0173 \u0161eim\u0173 versl\u0173, rank\u0173 darbo, dovan\u0173 sau ir artimiesiems.\",\"publisher\":{\"@id\":\"https:\/\/skaitytaknyga.lt\/#organization\"},\"potentialAction\":[{\"@type\":\"SearchAction\",\"target\":{\"@type\":\"EntryPoint\",\"urlTemplate\":\"https:\/\/skaitytaknyga.lt\/?s={search_term_string}\"},\"query-input\":{\"@type\":\"PropertyValueSpecification\",\"valueRequired\":true,\"valueName\":\"search_term_string\"}}],\"inLanguage\":\"en-GB\"},{\"@type\":\"Organization\",\"@id\":\"https:\/\/skaitytaknyga.lt\/#organization\",\"name\":\"skaitytaknyga.lt\",\"url\":\"https:\/\/skaitytaknyga.lt\/\",\"logo\":{\"@type\":\"ImageObject\",\"inLanguage\":\"en-GB\",\"@id\":\"https:\/\/skaitytaknyga.lt\/#\/schema\/logo\/image\/\",\"url\":\"https:\/\/skaitytaknyga.lt\/wp-content\/uploads\/2024\/05\/cropped-cropped-cropped-02_00843_jt3bggkj1j3HLc7SyY6rEUpg.jpeg\",\"contentUrl\":\"https:\/\/skaitytaknyga.lt\/wp-content\/uploads\/2024\/05\/cropped-cropped-cropped-02_00843_jt3bggkj1j3HLc7SyY6rEUpg.jpeg\",\"width\":1600,\"height\":1600,\"caption\":\"skaitytaknyga.lt\"},\"image\":{\"@id\":\"https:\/\/skaitytaknyga.lt\/#\/schema\/logo\/image\/\"},\"sameAs\":[\"https:\/\/www.facebook.com\/skaitytaknyga\/\"]}]}<\/script>\n<!-- \/ Yoast SEO plugin. -->","yoast_head_json":{"title":"Kaip su\u017einoti ir pakeisti likim\u0105","description":"Knygoje Michailas Litvakas pasakoja apie \u017emogaus asmenyb\u0117s strukt\u016br\u0105 ir apie psichologinius d\u0117snius, kurie formuoja jo likim\u0105. Apra\u0161ytos \u017emogaus raidos","robots":{"index":"index","follow":"follow","max-snippet":"max-snippet:-1","max-image-preview":"max-image-preview:large","max-video-preview":"max-video-preview:-1"},"canonical":"https:\/\/skaitytaknyga.lt\/en\/produktas\/kaip-suzinoti-ir-pakeisti-likima\/","og_locale":"en_GB","og_type":"article","og_title":"[:lt]Kaip su\u017einoti ir pakeisti likim\u0105[:] - Skaitytaknyga","og_description":"Knygoje Michailas Litvakas pasakoja apie \u017emogaus asmenyb\u0117s strukt\u016br\u0105 ir apie psichologinius d\u0117snius, kurie formuoja jo likim\u0105. Apra\u0161ytos \u017emogaus raidos","og_url":"https:\/\/skaitytaknyga.lt\/en\/produktas\/kaip-suzinoti-ir-pakeisti-likima\/","og_site_name":"Skaitytaknyga","article_publisher":"https:\/\/www.facebook.com\/skaitytaknyga\/","article_modified_time":"2025-04-28T19:18:35+00:00","og_image":[{"width":226,"height":345,"url":"https:\/\/skaitytaknyga.lt\/wp-content\/uploads\/2025\/04\/Kaip-suzinoti-ir-pakeisti-likima.jpg","type":"image\/jpeg"}],"twitter_card":"summary_large_image","twitter_misc":{"Estimated reading time":"1 minute"},"schema":{"@context":"https:\/\/schema.org","@graph":[{"@type":"WebPage","@id":"https:\/\/skaitytaknyga.lt\/produktas\/kaip-suzinoti-ir-pakeisti-likima\/","url":"https:\/\/skaitytaknyga.lt\/produktas\/kaip-suzinoti-ir-pakeisti-likima\/","name":"Kaip su\u017einoti ir pakeisti likim\u0105","isPartOf":{"@id":"https:\/\/skaitytaknyga.lt\/#website"},"primaryImageOfPage":{"@id":"https:\/\/skaitytaknyga.lt\/produktas\/kaip-suzinoti-ir-pakeisti-likima\/#primaryimage"},"image":{"@id":"https:\/\/skaitytaknyga.lt\/produktas\/kaip-suzinoti-ir-pakeisti-likima\/#primaryimage"},"thumbnailUrl":"https:\/\/skaitytaknyga.lt\/wp-content\/uploads\/2025\/04\/Kaip-suzinoti-ir-pakeisti-likima.jpg","datePublished":"2025-04-16T06:47:32+00:00","dateModified":"2025-04-28T19:18:35+00:00","description":"Knygoje Michailas Litvakas pasakoja apie \u017emogaus asmenyb\u0117s strukt\u016br\u0105 ir apie psichologinius d\u0117snius, kurie formuoja jo likim\u0105. Apra\u0161ytos \u017emogaus raidos","breadcrumb":{"@id":"https:\/\/skaitytaknyga.lt\/produktas\/kaip-suzinoti-ir-pakeisti-likima\/#breadcrumb"},"inLanguage":"en-GB","potentialAction":[{"@type":"ReadAction","target":["https:\/\/skaitytaknyga.lt\/produktas\/kaip-suzinoti-ir-pakeisti-likima\/"]}]},{"@type":"ImageObject","inLanguage":"en-GB","@id":"https:\/\/skaitytaknyga.lt\/produktas\/kaip-suzinoti-ir-pakeisti-likima\/#primaryimage","url":"https:\/\/skaitytaknyga.lt\/wp-content\/uploads\/2025\/04\/Kaip-suzinoti-ir-pakeisti-likima.jpg","contentUrl":"https:\/\/skaitytaknyga.lt\/wp-content\/uploads\/2025\/04\/Kaip-suzinoti-ir-pakeisti-likima.jpg","width":226,"height":345,"caption":"Kaip su\u017einoti ir pakeisti likim\u0105"},{"@type":"BreadcrumbList","@id":"https:\/\/skaitytaknyga.lt\/produktas\/kaip-suzinoti-ir-pakeisti-likima\/#breadcrumb","itemListElement":[{"@type":"ListItem","position":1,"name":"Home","item":"https:\/\/skaitytaknyga.lt\/"},{"@type":"ListItem","position":2,"name":"Parduotuv\u0117","item":"https:\/\/skaitytaknyga.lt\/knygu-parduotuve\/"},{"@type":"ListItem","position":3,"name":"Kaip su\u017einoti ir pakeisti likim\u0105"}]},{"@type":"WebSite","@id":"https:\/\/skaitytaknyga.lt\/#website","url":"https:\/\/skaitytaknyga.lt\/","name":"skaitytaknyga.lt","description":"Skaitytaknyga.lt \u2013 tai ma\u017eas \u0161eimos verslas, kuris prasid\u0117jo nuo meil\u0117s knygoms ir siekio i\u0161gelb\u0117ti knygas nuo likimo prie konteinerio. Kas vienam nereikalingas daiktas \u2013 kitam lobis, o mes esame tarpininkai, kurie padeda abiems tapti laimingesniems ???? \u017dinome kaip nelengva i\u0161gyventi ma\u017eiems verslams, tad nuo \u0161iol, \u010dia rasite ir kit\u0173, ma\u017e\u0173 \u0161eim\u0173 versl\u0173, rank\u0173 darbo, dovan\u0173 sau ir artimiesiems.","publisher":{"@id":"https:\/\/skaitytaknyga.lt\/#organization"},"potentialAction":[{"@type":"SearchAction","target":{"@type":"EntryPoint","urlTemplate":"https:\/\/skaitytaknyga.lt\/?s={search_term_string}"},"query-input":{"@type":"PropertyValueSpecification","valueRequired":true,"valueName":"search_term_string"}}],"inLanguage":"en-GB"},{"@type":"Organization","@id":"https:\/\/skaitytaknyga.lt\/#organization","name":"skaitytaknyga.lt","url":"https:\/\/skaitytaknyga.lt\/","logo":{"@type":"ImageObject","inLanguage":"en-GB","@id":"https:\/\/skaitytaknyga.lt\/#\/schema\/logo\/image\/","url":"https:\/\/skaitytaknyga.lt\/wp-content\/uploads\/2024\/05\/cropped-cropped-cropped-02_00843_jt3bggkj1j3HLc7SyY6rEUpg.jpeg","contentUrl":"https:\/\/skaitytaknyga.lt\/wp-content\/uploads\/2024\/05\/cropped-cropped-cropped-02_00843_jt3bggkj1j3HLc7SyY6rEUpg.jpeg","width":1600,"height":1600,"caption":"skaitytaknyga.lt"},"image":{"@id":"https:\/\/skaitytaknyga.lt\/#\/schema\/logo\/image\/"},"sameAs":["https:\/\/www.facebook.com\/skaitytaknyga\/"]}]}},"_links":{"self":[{"href":"https:\/\/skaitytaknyga.lt\/en\/wp-json\/wp\/v2\/product\/17860","targetHints":{"allow":["GET"]}}],"collection":[{"href":"https:\/\/skaitytaknyga.lt\/en\/wp-json\/wp\/v2\/product"}],"about":[{"href":"https:\/\/skaitytaknyga.lt\/en\/wp-json\/wp\/v2\/types\/product"}],"replies":[{"embeddable":true,"href":"https:\/\/skaitytaknyga.lt\/en\/wp-json\/wp\/v2\/comments?post=17860"}],"wp:featuredmedia":[{"embeddable":true,"href":"https:\/\/skaitytaknyga.lt\/en\/wp-json\/wp\/v2\/media\/17861"}],"wp:attachment":[{"href":"https:\/\/skaitytaknyga.lt\/en\/wp-json\/wp\/v2\/media?parent=17860"}],"wp:term":[{"taxonomy":"product_brand","embeddable":true,"href":"https:\/\/skaitytaknyga.lt\/en\/wp-json\/wp\/v2\/product_brand?post=17860"},{"taxonomy":"product_cat","embeddable":true,"href":"https:\/\/skaitytaknyga.lt\/en\/wp-json\/wp\/v2\/product_cat?post=17860"},{"taxonomy":"product_tag","embeddable":true,"href":"https:\/\/skaitytaknyga.lt\/en\/wp-json\/wp\/v2\/product_tag?post=17860"}],"curies":[{"name":"wp","href":"https:\/\/api.w.org\/{rel}","templated":true}]}}