{"id":17858,"date":"2025-04-16T09:45:43","date_gmt":"2025-04-16T06:45:43","guid":{"rendered":"https:\/\/skaitytaknyga.lt\/?post_type=product&#038;p=17858"},"modified":"2025-07-07T08:50:25","modified_gmt":"2025-07-07T05:50:25","slug":"stebuklingi-vaistai-minciu-itaka-kunui","status":"publish","type":"product","link":"https:\/\/skaitytaknyga.lt\/en\/produktas\/stebuklingi-vaistai-minciu-itaka-kunui\/","title":{"rendered":"Stebuklingi vaistai: min\u010di\u0173 \u012ftaka k\u016bnui"},"content":{"rendered":"<p>Esate jaut\u0119 adrenalino antpl\u016bd\u012f, kai vos per plauk\u0105 i\u0161veng\u0117te avarijos?<\/p>\n<p>Seiles, susikaupusias burnoje vien nuo minties apie r\u016bg\u0161tut\u0117l\u0119 citrin\u0105?<\/p>\n<p>Jaudul\u012f, netik\u0117tai i\u0161girdus mylimo \u017emogaus bals\u0105?<\/p>\n<p>Vienaip ar kitaip tikrai esate patyr\u0119, kaip dramati\u0161kai mintys veikia k\u016bn\u0105.<\/p>\n<p>Mokslo \u017eurnalist\u0117\u00a0<strong>Jo Marchant<\/strong>\u00a0keliauja po pasaul\u012f bendraudama su gydytojais, pacientais ir mokslininkais, tyrin\u0117jan\u010diais min\u010di\u0173 \u012ftak\u0105 k\u016bnui per prie\u0161taringai vertinamus gydymo metodus: placeb\u0105 ir hipnoz\u0119, socialin\u0119 s\u0105veik\u0105 ir meditacij\u0105.<\/p>\n<p>Autor\u0117 gilinasi \u012f neurologijos ir genetikos sritis, kad prapl\u0117st\u0173 suvokim\u0105 apie m\u016bs\u0173 pa\u010di\u0173 proto galimybi\u0173 ribas, pamokyt\u0173, kaip j\u012f pergudrauti ir pasitelkti \u012f kov\u0105 su \u012fvairiausiais negalavimais. Remdamasi pa\u017eangiausi\u0173 tyrim\u0173 rezultatais,\u00a0<strong>Jo Marchant<\/strong>\u00a0\u012frodo, kad m\u0105stymo \u012ftaka sveikatai gali b\u016bti i\u0161matuota moksli\u0161kai ir n\u0117ra vien tik iliuzija.<\/p>\n<ul class=\"about-product d-none d-xl-block mt-4\">\n<li><strong>Originalus pavadinimas:<\/strong>\u00a0Cure: A Journey into the Science<\/li>\n<li><strong>Autorius:<\/strong>\u00a0Jo Marchant<\/li>\n<li><strong>Leid\u0117jas<\/strong>\u00a0Vaga<\/li>\n<li><strong>Metai:<\/strong>\u00a02016<\/li>\n<li><strong>Puslapiai:<\/strong>\u00a0400<\/li>\n<li class=\"toggleable type-new-formats \"><strong>ISBN :\u00a0<\/strong>9785415024544<\/li>\n<li><strong>Versijos kodas:<\/strong>\u00a0PT.<\/li>\n<li class=\"toggleable type-new-formats \"><strong>Formatas:<\/strong>\u00a014,5 x 21,5 x 3,3 cm, kieti vir\u0161eliai<\/li>\n<li><strong>Kalba:<\/strong>\u00a0Lietuvi\u0173<\/li>\n<li><strong>Vert\u0117jas:<\/strong>\u00a0Viktorija Uz\u0117lait\u0117<\/li>\n<\/ul>\n","protected":false},"excerpt":{"rendered":"<p>Esate jaut\u0119 adrenalino antpl\u016bd\u012f, kai vos per plauk\u0105 i\u0161veng\u0117te avarijos? Seiles, susikaupusias burnoje vien nuo minties apie r\u016bg\u0161tut\u0117l\u0119 citrin\u0105? Jaudul\u012f, netik\u0117tai i\u0161girdus mylimo \u017emogaus bals\u0105? Vienaip ar kitaip tikrai esate patyr\u0119, kaip dramati\u0161kai mintys veikia k\u016bn\u0105. Mokslo \u017eurnalist\u0117\u00a0Jo Marchant\u00a0keliauja po pasaul\u012f bendraudama su gydytojais, pacientais ir mokslininkais, tyrin\u0117jan\u010diais min\u010di\u0173 \u012ftak\u0105 k\u016bnui per prie\u0161taringai vertinamus gydymo metodus: placeb\u0105 ir hipnoz\u0119, socialin\u0119 s\u0105veik\u0105 ir meditacij\u0105. Autor\u0117 gilinasi \u012f neurologijos ir genetikos sritis, kad prapl\u0117st\u0173 suvokim\u0105 apie m\u016bs\u0173 pa\u010di\u0173 proto galimybi\u0173 ribas, pamokyt\u0173, kaip j\u012f pergudrauti ir pasitelkti \u012f kov\u0105 su \u012fvairiausiais negalavimais. Remdamasi pa\u017eangiausi\u0173 tyrim\u0173 rezultatais,\u00a0Jo Marchant\u00a0\u012frodo, kad m\u0105stymo \u012ftaka sveikatai gali b\u016bti i\u0161matuota moksli\u0161kai ir n\u0117ra vien tik iliuzija. Originalus pavadinimas:\u00a0Cure: A Journey into the Science Autorius:\u00a0Jo Marchant Leid\u0117jas\u00a0Vaga Metai:\u00a02016 Puslapiai:\u00a0400 ISBN :\u00a09785415024544 Versijos kodas:\u00a0PT. Formatas:\u00a014,5 x 21,5 x 3,3 cm, kieti vir\u0161eliai Kalba:\u00a0Lietuvi\u0173 Vert\u0117jas:\u00a0Viktorija Uz\u0117lait\u0117<\/p>\n","protected":false},"featured_media":17859,"comment_status":"closed","ping_status":"closed","template":"","meta":{"_acf_changed":false,"site-sidebar-layout":"default","site-content-layout":"","ast-site-content-layout":"default","site-content-style":"default","site-sidebar-style":"default","ast-global-header-display":"","ast-banner-title-visibility":"","ast-main-header-display":"","ast-hfb-above-header-display":"","ast-hfb-below-header-display":"","ast-hfb-mobile-header-display":"","site-post-title":"","ast-breadcrumbs-content":"","ast-featured-img":"","footer-sml-layout":"","ast-disable-related-posts":"","theme-transparent-header-meta":"default","adv-header-id-meta":"","stick-header-meta":"","header-above-stick-meta":"","header-main-stick-meta":"","header-below-stick-meta":"","astra-migrate-meta-layouts":"set","ast-page-background-enabled":"default","ast-page-background-meta":{"desktop":{"background-color":"","background-image":"","background-repeat":"repeat","background-position":"center center","background-size":"auto","background-attachment":"scroll","background-type":"","background-media":"","overlay-type":"","overlay-color":"","overlay-opacity":"","overlay-gradient":""},"tablet":{"background-color":"","background-image":"","background-repeat":"repeat","background-position":"center center","background-size":"auto","background-attachment":"scroll","background-type":"","background-media":"","overlay-type":"","overlay-color":"","overlay-opacity":"","overlay-gradient":""},"mobile":{"background-color":"","background-image":"","background-repeat":"repeat","background-position":"center center","background-size":"auto","background-attachment":"scroll","background-type":"","background-media":"","overlay-type":"","overlay-color":"","overlay-opacity":"","overlay-gradient":""}},"ast-content-background-meta":{"desktop":{"background-color":"var(--ast-global-color-4)","background-image":"","background-repeat":"repeat","background-position":"center center","background-size":"auto","background-attachment":"scroll","background-type":"","background-media":"","overlay-type":"","overlay-color":"","overlay-opacity":"","overlay-gradient":""},"tablet":{"background-color":"var(--ast-global-color-4)","background-image":"","background-repeat":"repeat","background-position":"center center","background-size":"auto","background-attachment":"scroll","background-type":"","background-media":"","overlay-type":"","overlay-color":"","overlay-opacity":"","overlay-gradient":""},"mobile":{"background-color":"var(--ast-global-color-4)","background-image":"","background-repeat":"repeat","background-position":"center center","background-size":"auto","background-attachment":"scroll","background-type":"","background-media":"","overlay-type":"","overlay-color":"","overlay-opacity":"","overlay-gradient":""}}},"product_brand":[],"product_cat":[30],"product_tag":[3517,1963,1524,3518,2559,1680],"class_list":{"0":"post-17858","1":"product","2":"type-product","3":"status-publish","4":"has-post-thumbnail","6":"product_cat-psichologija-ir-saviugda","7":"product_tag-jo-marchant","8":"product_tag-meditacija","9":"product_tag-mokslas","10":"product_tag-placebo","11":"product_tag-psichosomatika","12":"product_tag-sveikata","13":"desktop-align-left","14":"tablet-align-left","15":"mobile-align-left","17":"first","18":"outofstock","19":"shipping-taxable","20":"purchasable","21":"product-type-simple"},"acf":[],"yoast_head":"<!-- This site is optimized with the Yoast SEO plugin v27.0 - https:\/\/yoast.com\/product\/yoast-seo-wordpress\/ -->\n<title>Stebuklingi vaistai: min\u010di\u0173 \u012ftaka k\u016bnui<\/title>\n<meta name=\"description\" content=\"Esate jaut\u0119 adrenalino antpl\u016bd\u012f, kai vos per plauk\u0105 i\u0161veng\u0117te avarijos? Seiles, susikaupusias burnoje vien nuo minties apie r\u016bg\u0161tut\u0117l\u0119 citrin\u0105? Jaudul\u012f,\" \/>\n<meta name=\"robots\" content=\"index, follow, max-snippet:-1, max-image-preview:large, max-video-preview:-1\" \/>\n<link rel=\"canonical\" href=\"https:\/\/skaitytaknyga.lt\/en\/produktas\/stebuklingi-vaistai-minciu-itaka-kunui\/\" \/>\n<meta property=\"og:locale\" content=\"en_GB\" \/>\n<meta property=\"og:locale:alternate\" content=\"lt_LT\" \/>\n<meta property=\"og:type\" content=\"article\" \/>\n<meta property=\"og:title\" content=\"Stebuklingi vaistai: min\u010di\u0173 \u012ftaka k\u016bnui\" \/>\n<meta property=\"og:description\" content=\"Esate jaut\u0119 adrenalino antpl\u016bd\u012f, kai vos per plauk\u0105 i\u0161veng\u0117te avarijos? Seiles, susikaupusias burnoje vien nuo minties apie r\u016bg\u0161tut\u0117l\u0119 citrin\u0105? Jaudul\u012f,\" \/>\n<meta property=\"og:url\" content=\"https:\/\/skaitytaknyga.lt\/en\/produktas\/stebuklingi-vaistai-minciu-itaka-kunui\/\" \/>\n<meta property=\"og:site_name\" content=\"Skaitytaknyga\" \/>\n<meta property=\"article:publisher\" content=\"https:\/\/www.facebook.com\/skaitytaknyga\/\" \/>\n<meta property=\"article:modified_time\" content=\"2025-07-07T05:50:25+00:00\" \/>\n<meta property=\"og:image\" content=\"https:\/\/skaitytaknyga.lt\/wp-content\/uploads\/2025\/04\/Stebuklingi-vaistai-minciu-itaka-kunui.webp\" \/>\n\t<meta property=\"og:image:width\" content=\"333\" \/>\n\t<meta property=\"og:image:height\" content=\"500\" \/>\n\t<meta property=\"og:image:type\" content=\"image\/webp\" \/>\n<meta name=\"twitter:card\" content=\"summary_large_image\" \/>\n<meta name=\"twitter:label1\" content=\"Estimated reading time\" \/>\n\t<meta name=\"twitter:data1\" content=\"2 minutes\" \/>\n<script type=\"application\/ld+json\" class=\"yoast-schema-graph\">{\"@context\":\"https:\/\/schema.org\",\"@graph\":[{\"@type\":\"WebPage\",\"@id\":\"https:\/\/skaitytaknyga.lt\/produktas\/stebuklingi-vaistai-minciu-itaka-kunui\/\",\"url\":\"https:\/\/skaitytaknyga.lt\/produktas\/stebuklingi-vaistai-minciu-itaka-kunui\/\",\"name\":\"Stebuklingi vaistai: min\u010di\u0173 \u012ftaka k\u016bnui\",\"isPartOf\":{\"@id\":\"https:\/\/skaitytaknyga.lt\/#website\"},\"primaryImageOfPage\":{\"@id\":\"https:\/\/skaitytaknyga.lt\/produktas\/stebuklingi-vaistai-minciu-itaka-kunui\/#primaryimage\"},\"image\":{\"@id\":\"https:\/\/skaitytaknyga.lt\/produktas\/stebuklingi-vaistai-minciu-itaka-kunui\/#primaryimage\"},\"thumbnailUrl\":\"https:\/\/skaitytaknyga.lt\/wp-content\/uploads\/2025\/04\/Stebuklingi-vaistai-minciu-itaka-kunui.webp\",\"datePublished\":\"2025-04-16T06:45:43+00:00\",\"dateModified\":\"2025-07-07T05:50:25+00:00\",\"description\":\"Esate jaut\u0119 adrenalino antpl\u016bd\u012f, kai vos per plauk\u0105 i\u0161veng\u0117te avarijos? Seiles, susikaupusias burnoje vien nuo minties apie r\u016bg\u0161tut\u0117l\u0119 citrin\u0105? Jaudul\u012f,\",\"breadcrumb\":{\"@id\":\"https:\/\/skaitytaknyga.lt\/produktas\/stebuklingi-vaistai-minciu-itaka-kunui\/#breadcrumb\"},\"inLanguage\":\"en-GB\",\"potentialAction\":[{\"@type\":\"ReadAction\",\"target\":[\"https:\/\/skaitytaknyga.lt\/produktas\/stebuklingi-vaistai-minciu-itaka-kunui\/\"]}]},{\"@type\":\"ImageObject\",\"inLanguage\":\"en-GB\",\"@id\":\"https:\/\/skaitytaknyga.lt\/produktas\/stebuklingi-vaistai-minciu-itaka-kunui\/#primaryimage\",\"url\":\"https:\/\/skaitytaknyga.lt\/wp-content\/uploads\/2025\/04\/Stebuklingi-vaistai-minciu-itaka-kunui.webp\",\"contentUrl\":\"https:\/\/skaitytaknyga.lt\/wp-content\/uploads\/2025\/04\/Stebuklingi-vaistai-minciu-itaka-kunui.webp\",\"width\":333,\"height\":500,\"caption\":\"Stebuklingi vaistai: min\u010di\u0173 \u012ftaka k\u016bnui\"},{\"@type\":\"BreadcrumbList\",\"@id\":\"https:\/\/skaitytaknyga.lt\/produktas\/stebuklingi-vaistai-minciu-itaka-kunui\/#breadcrumb\",\"itemListElement\":[{\"@type\":\"ListItem\",\"position\":1,\"name\":\"Home\",\"item\":\"https:\/\/skaitytaknyga.lt\/\"},{\"@type\":\"ListItem\",\"position\":2,\"name\":\"Parduotuv\u0117\",\"item\":\"https:\/\/skaitytaknyga.lt\/knygu-parduotuve\/\"},{\"@type\":\"ListItem\",\"position\":3,\"name\":\"Stebuklingi vaistai: min\u010di\u0173 \u012ftaka k\u016bnui\"}]},{\"@type\":\"WebSite\",\"@id\":\"https:\/\/skaitytaknyga.lt\/#website\",\"url\":\"https:\/\/skaitytaknyga.lt\/\",\"name\":\"skaitytaknyga.lt\",\"description\":\"Skaitytaknyga.lt \u2013 tai ma\u017eas \u0161eimos verslas, kuris prasid\u0117jo nuo meil\u0117s knygoms ir siekio i\u0161gelb\u0117ti knygas nuo likimo prie konteinerio. Kas vienam nereikalingas daiktas \u2013 kitam lobis, o mes esame tarpininkai, kurie padeda abiems tapti laimingesniems ???? \u017dinome kaip nelengva i\u0161gyventi ma\u017eiems verslams, tad nuo \u0161iol, \u010dia rasite ir kit\u0173, ma\u017e\u0173 \u0161eim\u0173 versl\u0173, rank\u0173 darbo, dovan\u0173 sau ir artimiesiems.\",\"publisher\":{\"@id\":\"https:\/\/skaitytaknyga.lt\/#organization\"},\"potentialAction\":[{\"@type\":\"SearchAction\",\"target\":{\"@type\":\"EntryPoint\",\"urlTemplate\":\"https:\/\/skaitytaknyga.lt\/?s={search_term_string}\"},\"query-input\":{\"@type\":\"PropertyValueSpecification\",\"valueRequired\":true,\"valueName\":\"search_term_string\"}}],\"inLanguage\":\"en-GB\"},{\"@type\":\"Organization\",\"@id\":\"https:\/\/skaitytaknyga.lt\/#organization\",\"name\":\"skaitytaknyga.lt\",\"url\":\"https:\/\/skaitytaknyga.lt\/\",\"logo\":{\"@type\":\"ImageObject\",\"inLanguage\":\"en-GB\",\"@id\":\"https:\/\/skaitytaknyga.lt\/#\/schema\/logo\/image\/\",\"url\":\"https:\/\/skaitytaknyga.lt\/wp-content\/uploads\/2024\/05\/cropped-cropped-cropped-02_00843_jt3bggkj1j3HLc7SyY6rEUpg.jpeg\",\"contentUrl\":\"https:\/\/skaitytaknyga.lt\/wp-content\/uploads\/2024\/05\/cropped-cropped-cropped-02_00843_jt3bggkj1j3HLc7SyY6rEUpg.jpeg\",\"width\":1600,\"height\":1600,\"caption\":\"skaitytaknyga.lt\"},\"image\":{\"@id\":\"https:\/\/skaitytaknyga.lt\/#\/schema\/logo\/image\/\"},\"sameAs\":[\"https:\/\/www.facebook.com\/skaitytaknyga\/\"]}]}<\/script>\n<!-- \/ Yoast SEO plugin. -->","yoast_head_json":{"title":"Stebuklingi vaistai: min\u010di\u0173 \u012ftaka k\u016bnui","description":"Esate jaut\u0119 adrenalino antpl\u016bd\u012f, kai vos per plauk\u0105 i\u0161veng\u0117te avarijos? Seiles, susikaupusias burnoje vien nuo minties apie r\u016bg\u0161tut\u0117l\u0119 citrin\u0105? Jaudul\u012f,","robots":{"index":"index","follow":"follow","max-snippet":"max-snippet:-1","max-image-preview":"max-image-preview:large","max-video-preview":"max-video-preview:-1"},"canonical":"https:\/\/skaitytaknyga.lt\/en\/produktas\/stebuklingi-vaistai-minciu-itaka-kunui\/","og_locale":"en_GB","og_type":"article","og_title":"[:lt]Stebuklingi vaistai: min\u010di\u0173 \u012ftaka k\u016bnui[:] - Skaitytaknyga","og_description":"Esate jaut\u0119 adrenalino antpl\u016bd\u012f, kai vos per plauk\u0105 i\u0161veng\u0117te avarijos? Seiles, susikaupusias burnoje vien nuo minties apie r\u016bg\u0161tut\u0117l\u0119 citrin\u0105? Jaudul\u012f,","og_url":"https:\/\/skaitytaknyga.lt\/en\/produktas\/stebuklingi-vaistai-minciu-itaka-kunui\/","og_site_name":"Skaitytaknyga","article_publisher":"https:\/\/www.facebook.com\/skaitytaknyga\/","article_modified_time":"2025-07-07T05:50:25+00:00","og_image":[{"width":333,"height":500,"url":"https:\/\/skaitytaknyga.lt\/wp-content\/uploads\/2025\/04\/Stebuklingi-vaistai-minciu-itaka-kunui.webp","type":"image\/webp"}],"twitter_card":"summary_large_image","twitter_misc":{"Estimated reading time":"2 minutes"},"schema":{"@context":"https:\/\/schema.org","@graph":[{"@type":"WebPage","@id":"https:\/\/skaitytaknyga.lt\/produktas\/stebuklingi-vaistai-minciu-itaka-kunui\/","url":"https:\/\/skaitytaknyga.lt\/produktas\/stebuklingi-vaistai-minciu-itaka-kunui\/","name":"Stebuklingi vaistai: min\u010di\u0173 \u012ftaka k\u016bnui","isPartOf":{"@id":"https:\/\/skaitytaknyga.lt\/#website"},"primaryImageOfPage":{"@id":"https:\/\/skaitytaknyga.lt\/produktas\/stebuklingi-vaistai-minciu-itaka-kunui\/#primaryimage"},"image":{"@id":"https:\/\/skaitytaknyga.lt\/produktas\/stebuklingi-vaistai-minciu-itaka-kunui\/#primaryimage"},"thumbnailUrl":"https:\/\/skaitytaknyga.lt\/wp-content\/uploads\/2025\/04\/Stebuklingi-vaistai-minciu-itaka-kunui.webp","datePublished":"2025-04-16T06:45:43+00:00","dateModified":"2025-07-07T05:50:25+00:00","description":"Esate jaut\u0119 adrenalino antpl\u016bd\u012f, kai vos per plauk\u0105 i\u0161veng\u0117te avarijos? Seiles, susikaupusias burnoje vien nuo minties apie r\u016bg\u0161tut\u0117l\u0119 citrin\u0105? Jaudul\u012f,","breadcrumb":{"@id":"https:\/\/skaitytaknyga.lt\/produktas\/stebuklingi-vaistai-minciu-itaka-kunui\/#breadcrumb"},"inLanguage":"en-GB","potentialAction":[{"@type":"ReadAction","target":["https:\/\/skaitytaknyga.lt\/produktas\/stebuklingi-vaistai-minciu-itaka-kunui\/"]}]},{"@type":"ImageObject","inLanguage":"en-GB","@id":"https:\/\/skaitytaknyga.lt\/produktas\/stebuklingi-vaistai-minciu-itaka-kunui\/#primaryimage","url":"https:\/\/skaitytaknyga.lt\/wp-content\/uploads\/2025\/04\/Stebuklingi-vaistai-minciu-itaka-kunui.webp","contentUrl":"https:\/\/skaitytaknyga.lt\/wp-content\/uploads\/2025\/04\/Stebuklingi-vaistai-minciu-itaka-kunui.webp","width":333,"height":500,"caption":"Stebuklingi vaistai: min\u010di\u0173 \u012ftaka k\u016bnui"},{"@type":"BreadcrumbList","@id":"https:\/\/skaitytaknyga.lt\/produktas\/stebuklingi-vaistai-minciu-itaka-kunui\/#breadcrumb","itemListElement":[{"@type":"ListItem","position":1,"name":"Home","item":"https:\/\/skaitytaknyga.lt\/"},{"@type":"ListItem","position":2,"name":"Parduotuv\u0117","item":"https:\/\/skaitytaknyga.lt\/knygu-parduotuve\/"},{"@type":"ListItem","position":3,"name":"Stebuklingi vaistai: min\u010di\u0173 \u012ftaka k\u016bnui"}]},{"@type":"WebSite","@id":"https:\/\/skaitytaknyga.lt\/#website","url":"https:\/\/skaitytaknyga.lt\/","name":"skaitytaknyga.lt","description":"Skaitytaknyga.lt \u2013 tai ma\u017eas \u0161eimos verslas, kuris prasid\u0117jo nuo meil\u0117s knygoms ir siekio i\u0161gelb\u0117ti knygas nuo likimo prie konteinerio. Kas vienam nereikalingas daiktas \u2013 kitam lobis, o mes esame tarpininkai, kurie padeda abiems tapti laimingesniems ???? \u017dinome kaip nelengva i\u0161gyventi ma\u017eiems verslams, tad nuo \u0161iol, \u010dia rasite ir kit\u0173, ma\u017e\u0173 \u0161eim\u0173 versl\u0173, rank\u0173 darbo, dovan\u0173 sau ir artimiesiems.","publisher":{"@id":"https:\/\/skaitytaknyga.lt\/#organization"},"potentialAction":[{"@type":"SearchAction","target":{"@type":"EntryPoint","urlTemplate":"https:\/\/skaitytaknyga.lt\/?s={search_term_string}"},"query-input":{"@type":"PropertyValueSpecification","valueRequired":true,"valueName":"search_term_string"}}],"inLanguage":"en-GB"},{"@type":"Organization","@id":"https:\/\/skaitytaknyga.lt\/#organization","name":"skaitytaknyga.lt","url":"https:\/\/skaitytaknyga.lt\/","logo":{"@type":"ImageObject","inLanguage":"en-GB","@id":"https:\/\/skaitytaknyga.lt\/#\/schema\/logo\/image\/","url":"https:\/\/skaitytaknyga.lt\/wp-content\/uploads\/2024\/05\/cropped-cropped-cropped-02_00843_jt3bggkj1j3HLc7SyY6rEUpg.jpeg","contentUrl":"https:\/\/skaitytaknyga.lt\/wp-content\/uploads\/2024\/05\/cropped-cropped-cropped-02_00843_jt3bggkj1j3HLc7SyY6rEUpg.jpeg","width":1600,"height":1600,"caption":"skaitytaknyga.lt"},"image":{"@id":"https:\/\/skaitytaknyga.lt\/#\/schema\/logo\/image\/"},"sameAs":["https:\/\/www.facebook.com\/skaitytaknyga\/"]}]}},"_links":{"self":[{"href":"https:\/\/skaitytaknyga.lt\/en\/wp-json\/wp\/v2\/product\/17858","targetHints":{"allow":["GET"]}}],"collection":[{"href":"https:\/\/skaitytaknyga.lt\/en\/wp-json\/wp\/v2\/product"}],"about":[{"href":"https:\/\/skaitytaknyga.lt\/en\/wp-json\/wp\/v2\/types\/product"}],"replies":[{"embeddable":true,"href":"https:\/\/skaitytaknyga.lt\/en\/wp-json\/wp\/v2\/comments?post=17858"}],"wp:featuredmedia":[{"embeddable":true,"href":"https:\/\/skaitytaknyga.lt\/en\/wp-json\/wp\/v2\/media\/17859"}],"wp:attachment":[{"href":"https:\/\/skaitytaknyga.lt\/en\/wp-json\/wp\/v2\/media?parent=17858"}],"wp:term":[{"taxonomy":"product_brand","embeddable":true,"href":"https:\/\/skaitytaknyga.lt\/en\/wp-json\/wp\/v2\/product_brand?post=17858"},{"taxonomy":"product_cat","embeddable":true,"href":"https:\/\/skaitytaknyga.lt\/en\/wp-json\/wp\/v2\/product_cat?post=17858"},{"taxonomy":"product_tag","embeddable":true,"href":"https:\/\/skaitytaknyga.lt\/en\/wp-json\/wp\/v2\/product_tag?post=17858"}],"curies":[{"name":"wp","href":"https:\/\/api.w.org\/{rel}","templated":true}]}}