{"id":17850,"date":"2025-01-16T09:35:37","date_gmt":"2025-01-16T07:35:37","guid":{"rendered":"https:\/\/skaitytaknyga.lt\/?post_type=product&#038;p=17850"},"modified":"2025-06-11T10:24:54","modified_gmt":"2025-06-11T07:24:54","slug":"jo-norai-jos-norai-kaip-isvengti-neistikimybes","status":"publish","type":"product","link":"https:\/\/skaitytaknyga.lt\/en\/produktas\/jo-norai-jos-norai-kaip-isvengti-neistikimybes\/","title":{"rendered":"Jo norai, jos norai: kaip i\u0161vengti nei\u0161tikimyb\u0117s"},"content":{"rendered":"<p>\u017dymaus amerikie\u010di\u0173 psichologo\u00a0<strong>Willard F. Harley<\/strong>\u00a0knyga \u201eJo norai, Jos norai\u201c jau ne kart\u0105 buvo geriausi\u0173 knyg\u0173 apie vyr\u0173 ir moter\u0173 santykius s\u0105ra\u0161uose.<\/p>\n<p>K\u0105 daryti, kad sutuoktini\u0173 ry\u0161ys degte degt\u0173 meile? \u0160ie ir pana\u0161\u016bs santuokos klausimai gvildenami knygoje, kurioje rasite verting\u0173 patarim\u0173, kaip duoti vienas kitam tai, ko abiem labiausiai reikia gyvenant kartu.<\/p>\n<p>Knyga \u201eJo norai, Jos norai\u201c\u00a0 pirm\u0105 kart\u0105 buvo i\u0161leista dar 1986 metais, ir iki \u0161i\u0173 dien\u0173 tira\u017eai vis kartojami. Skaitytojai pripa\u017e\u012fsta, kad \u0161is patarim\u0173 rinkinys i\u0161mok\u0117 juos puosel\u0117ti meil\u0117s gyvybingum\u0105, ir gal\u0117t\u0173 patvirtinti, kad brandi santuoka bei gra\u017eus poros tarpusavio ry\u0161ys yra tikrai \u012fmanomas.<\/p>\n<ul class=\"about-product d-none d-xl-block mt-4\">\n<li><strong>Originalus pavadinimas:<\/strong>\u00a0His needs, Her needs<\/li>\n<li><strong>Autorius:<\/strong>\u00a0Willard F. Jr. Harley<\/li>\n<li><strong>Leid\u0117jas<\/strong>\u00a0Alma littera<\/li>\n<li><strong>Metai:<\/strong>\u00a02011<\/li>\n<li><strong>Puslapiai:<\/strong>\u00a0240<\/li>\n<li class=\"toggleable type-new-formats \"><strong>ISBN :\u00a0<\/strong>9786090101117<\/li>\n<li class=\"toggleable type-new-formats \"><strong>Formatas:<\/strong>\u00a014 x 20,5 cm, mink\u0161ti vir\u0161eliai<\/li>\n<li><strong>Kalba:<\/strong>\u00a0Lietuvi\u0173<\/li>\n<li><strong>Vert\u0117jas:<\/strong>\u00a0Margarita Bautr\u0117nien\u0117<\/li>\n<\/ul>\n","protected":false},"excerpt":{"rendered":"<p>\u017dymaus amerikie\u010di\u0173 psichologo\u00a0Willard F. Harley\u00a0knyga \u201eJo norai, Jos norai\u201c jau ne kart\u0105 buvo geriausi\u0173 knyg\u0173 apie vyr\u0173 ir moter\u0173 santykius s\u0105ra\u0161uose. K\u0105 daryti, kad sutuoktini\u0173 ry\u0161ys degte degt\u0173 meile? \u0160ie ir pana\u0161\u016bs santuokos klausimai gvildenami knygoje, kurioje rasite verting\u0173 patarim\u0173, kaip duoti vienas kitam tai, ko abiem labiausiai reikia gyvenant kartu. Knyga \u201eJo norai, Jos norai\u201c\u00a0 pirm\u0105 kart\u0105 buvo i\u0161leista dar 1986 metais, ir iki \u0161i\u0173 dien\u0173 tira\u017eai vis kartojami. Skaitytojai pripa\u017e\u012fsta, kad \u0161is patarim\u0173 rinkinys i\u0161mok\u0117 juos puosel\u0117ti meil\u0117s gyvybingum\u0105, ir gal\u0117t\u0173 patvirtinti, kad brandi santuoka bei gra\u017eus poros tarpusavio ry\u0161ys yra tikrai \u012fmanomas. Originalus pavadinimas:\u00a0His needs, Her needs Autorius:\u00a0Willard F. Jr. Harley Leid\u0117jas\u00a0Alma littera Metai:\u00a02011 Puslapiai:\u00a0240 ISBN :\u00a09786090101117 Formatas:\u00a014 x 20,5 cm, mink\u0161ti vir\u0161eliai Kalba:\u00a0Lietuvi\u0173 Vert\u0117jas:\u00a0Margarita Bautr\u0117nien\u0117<\/p>\n","protected":false},"featured_media":17851,"comment_status":"open","ping_status":"closed","template":"","meta":{"_acf_changed":false,"site-sidebar-layout":"default","site-content-layout":"","ast-site-content-layout":"default","site-content-style":"default","site-sidebar-style":"default","ast-global-header-display":"","ast-banner-title-visibility":"","ast-main-header-display":"","ast-hfb-above-header-display":"","ast-hfb-below-header-display":"","ast-hfb-mobile-header-display":"","site-post-title":"","ast-breadcrumbs-content":"","ast-featured-img":"","footer-sml-layout":"","ast-disable-related-posts":"","theme-transparent-header-meta":"default","adv-header-id-meta":"","stick-header-meta":"","header-above-stick-meta":"","header-main-stick-meta":"","header-below-stick-meta":"","astra-migrate-meta-layouts":"set","ast-page-background-enabled":"default","ast-page-background-meta":{"desktop":{"background-color":"","background-image":"","background-repeat":"repeat","background-position":"center center","background-size":"auto","background-attachment":"scroll","background-type":"","background-media":"","overlay-type":"","overlay-color":"","overlay-opacity":"","overlay-gradient":""},"tablet":{"background-color":"","background-image":"","background-repeat":"repeat","background-position":"center center","background-size":"auto","background-attachment":"scroll","background-type":"","background-media":"","overlay-type":"","overlay-color":"","overlay-opacity":"","overlay-gradient":""},"mobile":{"background-color":"","background-image":"","background-repeat":"repeat","background-position":"center center","background-size":"auto","background-attachment":"scroll","background-type":"","background-media":"","overlay-type":"","overlay-color":"","overlay-opacity":"","overlay-gradient":""}},"ast-content-background-meta":{"desktop":{"background-color":"var(--ast-global-color-4)","background-image":"","background-repeat":"repeat","background-position":"center center","background-size":"auto","background-attachment":"scroll","background-type":"","background-media":"","overlay-type":"","overlay-color":"","overlay-opacity":"","overlay-gradient":""},"tablet":{"background-color":"var(--ast-global-color-4)","background-image":"","background-repeat":"repeat","background-position":"center center","background-size":"auto","background-attachment":"scroll","background-type":"","background-media":"","overlay-type":"","overlay-color":"","overlay-opacity":"","overlay-gradient":""},"mobile":{"background-color":"var(--ast-global-color-4)","background-image":"","background-repeat":"repeat","background-position":"center center","background-size":"auto","background-attachment":"scroll","background-type":"","background-media":"","overlay-type":"","overlay-color":"","overlay-opacity":"","overlay-gradient":""}}},"product_brand":[],"product_cat":[30,15],"product_tag":[4984,1392,2745,1417,4983],"class_list":{"0":"post-17850","1":"product","2":"type-product","3":"status-publish","4":"has-post-thumbnail","6":"product_cat-psichologija-ir-saviugda","7":"product_cat-uncategorized","8":"product_tag-poru-terapija","9":"product_tag-psichologija","10":"product_tag-santuoka","11":"product_tag-santykiai","12":"product_tag-willard-f-jr-harley","13":"desktop-align-left","14":"tablet-align-left","15":"mobile-align-left","17":"first","18":"outofstock","19":"shipping-taxable","20":"purchasable","21":"product-type-simple"},"acf":[],"yoast_head":"<!-- This site is optimized with the Yoast SEO plugin v27.4 - https:\/\/yoast.com\/product\/yoast-seo-wordpress\/ -->\n<title>Jo norai, jos norai: kaip i\u0161vengti nei\u0161tikimyb\u0117s<\/title>\n<meta name=\"description\" content=\"\u017dymaus amerikie\u010di\u0173 psichologo\u00a0Willard F. Harley\u00a0knyga \u201eJo norai, Jos norai\u201c jau ne kart\u0105 buvo geriausi\u0173 knyg\u0173 apie vyr\u0173 ir moter\u0173 santykius s\u0105ra\u0161uose. K\u0105\" \/>\n<meta name=\"robots\" content=\"index, follow, max-snippet:-1, max-image-preview:large, max-video-preview:-1\" \/>\n<link rel=\"canonical\" href=\"https:\/\/skaitytaknyga.lt\/en\/produktas\/jo-norai-jos-norai-kaip-isvengti-neistikimybes\/\" \/>\n<meta property=\"og:locale\" content=\"en_GB\" \/>\n<meta property=\"og:locale:alternate\" content=\"lt_LT\" \/>\n<meta property=\"og:type\" content=\"article\" \/>\n<meta property=\"og:title\" content=\"Jo norai, jos norai: kaip i\u0161vengti nei\u0161tikimyb\u0117s\" \/>\n<meta property=\"og:description\" content=\"\u017dymaus amerikie\u010di\u0173 psichologo\u00a0Willard F. Harley\u00a0knyga \u201eJo norai, Jos norai\u201c jau ne kart\u0105 buvo geriausi\u0173 knyg\u0173 apie vyr\u0173 ir moter\u0173 santykius s\u0105ra\u0161uose. K\u0105\" \/>\n<meta property=\"og:url\" content=\"https:\/\/skaitytaknyga.lt\/en\/produktas\/jo-norai-jos-norai-kaip-isvengti-neistikimybes\/\" \/>\n<meta property=\"og:site_name\" content=\"Skaitytaknyga\" \/>\n<meta property=\"article:publisher\" content=\"https:\/\/www.facebook.com\/skaitytaknyga\/\" \/>\n<meta property=\"article:modified_time\" content=\"2025-06-11T07:24:54+00:00\" \/>\n<meta property=\"og:image\" content=\"https:\/\/skaitytaknyga.lt\/wp-content\/uploads\/2025\/04\/Jo-norai-jos-norai-kaip-isvengti-neistikimybes.webp\" \/>\n\t<meta property=\"og:image:width\" content=\"535\" \/>\n\t<meta property=\"og:image:height\" content=\"800\" \/>\n\t<meta property=\"og:image:type\" content=\"image\/webp\" \/>\n<meta name=\"twitter:card\" content=\"summary_large_image\" \/>\n<meta name=\"twitter:label1\" content=\"Estimated reading time\" \/>\n\t<meta name=\"twitter:data1\" content=\"1 minute\" \/>\n<script type=\"application\/ld+json\" class=\"yoast-schema-graph\">{\"@context\":\"https:\\\/\\\/schema.org\",\"@graph\":[{\"@type\":\"WebPage\",\"@id\":\"https:\\\/\\\/skaitytaknyga.lt\\\/produktas\\\/jo-norai-jos-norai-kaip-isvengti-neistikimybes\\\/\",\"url\":\"https:\\\/\\\/skaitytaknyga.lt\\\/produktas\\\/jo-norai-jos-norai-kaip-isvengti-neistikimybes\\\/\",\"name\":\"Jo norai, jos norai: kaip i\u0161vengti nei\u0161tikimyb\u0117s\",\"isPartOf\":{\"@id\":\"https:\\\/\\\/skaitytaknyga.lt\\\/#website\"},\"primaryImageOfPage\":{\"@id\":\"https:\\\/\\\/skaitytaknyga.lt\\\/produktas\\\/jo-norai-jos-norai-kaip-isvengti-neistikimybes\\\/#primaryimage\"},\"image\":{\"@id\":\"https:\\\/\\\/skaitytaknyga.lt\\\/produktas\\\/jo-norai-jos-norai-kaip-isvengti-neistikimybes\\\/#primaryimage\"},\"thumbnailUrl\":\"https:\\\/\\\/skaitytaknyga.lt\\\/wp-content\\\/uploads\\\/2025\\\/04\\\/Jo-norai-jos-norai-kaip-isvengti-neistikimybes.webp\",\"datePublished\":\"2025-01-16T07:35:37+00:00\",\"dateModified\":\"2025-06-11T07:24:54+00:00\",\"description\":\"\u017dymaus amerikie\u010di\u0173 psichologo\u00a0Willard F. Harley\u00a0knyga \u201eJo norai, Jos norai\u201c jau ne kart\u0105 buvo geriausi\u0173 knyg\u0173 apie vyr\u0173 ir moter\u0173 santykius s\u0105ra\u0161uose. K\u0105\",\"breadcrumb\":{\"@id\":\"https:\\\/\\\/skaitytaknyga.lt\\\/produktas\\\/jo-norai-jos-norai-kaip-isvengti-neistikimybes\\\/#breadcrumb\"},\"inLanguage\":\"en-GB\",\"potentialAction\":[{\"@type\":\"ReadAction\",\"target\":[\"https:\\\/\\\/skaitytaknyga.lt\\\/produktas\\\/jo-norai-jos-norai-kaip-isvengti-neistikimybes\\\/\"]}]},{\"@type\":\"ImageObject\",\"inLanguage\":\"en-GB\",\"@id\":\"https:\\\/\\\/skaitytaknyga.lt\\\/produktas\\\/jo-norai-jos-norai-kaip-isvengti-neistikimybes\\\/#primaryimage\",\"url\":\"https:\\\/\\\/skaitytaknyga.lt\\\/wp-content\\\/uploads\\\/2025\\\/04\\\/Jo-norai-jos-norai-kaip-isvengti-neistikimybes.webp\",\"contentUrl\":\"https:\\\/\\\/skaitytaknyga.lt\\\/wp-content\\\/uploads\\\/2025\\\/04\\\/Jo-norai-jos-norai-kaip-isvengti-neistikimybes.webp\",\"width\":535,\"height\":800,\"caption\":\"Jo norai, jos norai: kaip i\u0161vengti nei\u0161tikimyb\u0117s\"},{\"@type\":\"BreadcrumbList\",\"@id\":\"https:\\\/\\\/skaitytaknyga.lt\\\/produktas\\\/jo-norai-jos-norai-kaip-isvengti-neistikimybes\\\/#breadcrumb\",\"itemListElement\":[{\"@type\":\"ListItem\",\"position\":1,\"name\":\"Home\",\"item\":\"https:\\\/\\\/skaitytaknyga.lt\\\/\"},{\"@type\":\"ListItem\",\"position\":2,\"name\":\"Parduotuv\u0117\",\"item\":\"https:\\\/\\\/skaitytaknyga.lt\\\/knygu-parduotuve\\\/\"},{\"@type\":\"ListItem\",\"position\":3,\"name\":\"Jo norai, jos norai: kaip i\u0161vengti nei\u0161tikimyb\u0117s\"}]},{\"@type\":\"WebSite\",\"@id\":\"https:\\\/\\\/skaitytaknyga.lt\\\/#website\",\"url\":\"https:\\\/\\\/skaitytaknyga.lt\\\/\",\"name\":\"skaitytaknyga.lt\",\"description\":\"Skaitytaknyga.lt \u2013 tai ma\u017eas \u0161eimos verslas, kuris prasid\u0117jo nuo meil\u0117s knygoms ir siekio i\u0161gelb\u0117ti knygas nuo likimo prie konteinerio. Kas vienam nereikalingas daiktas \u2013 kitam lobis, o mes esame tarpininkai, kurie padeda abiems tapti laimingesniems ???? \u017dinome kaip nelengva i\u0161gyventi ma\u017eiems verslams, tad nuo \u0161iol, \u010dia rasite ir kit\u0173, ma\u017e\u0173 \u0161eim\u0173 versl\u0173, rank\u0173 darbo, dovan\u0173 sau ir artimiesiems.\",\"publisher\":{\"@id\":\"https:\\\/\\\/skaitytaknyga.lt\\\/#organization\"},\"potentialAction\":[{\"@type\":\"SearchAction\",\"target\":{\"@type\":\"EntryPoint\",\"urlTemplate\":\"https:\\\/\\\/skaitytaknyga.lt\\\/?s={search_term_string}\"},\"query-input\":{\"@type\":\"PropertyValueSpecification\",\"valueRequired\":true,\"valueName\":\"search_term_string\"}}],\"inLanguage\":\"en-GB\"},{\"@type\":\"Organization\",\"@id\":\"https:\\\/\\\/skaitytaknyga.lt\\\/#organization\",\"name\":\"skaitytaknyga.lt\",\"url\":\"https:\\\/\\\/skaitytaknyga.lt\\\/\",\"logo\":{\"@type\":\"ImageObject\",\"inLanguage\":\"en-GB\",\"@id\":\"https:\\\/\\\/skaitytaknyga.lt\\\/#\\\/schema\\\/logo\\\/image\\\/\",\"url\":\"https:\\\/\\\/skaitytaknyga.lt\\\/wp-content\\\/uploads\\\/2024\\\/05\\\/cropped-cropped-cropped-02_00843_jt3bggkj1j3HLc7SyY6rEUpg.jpeg\",\"contentUrl\":\"https:\\\/\\\/skaitytaknyga.lt\\\/wp-content\\\/uploads\\\/2024\\\/05\\\/cropped-cropped-cropped-02_00843_jt3bggkj1j3HLc7SyY6rEUpg.jpeg\",\"width\":1600,\"height\":1600,\"caption\":\"skaitytaknyga.lt\"},\"image\":{\"@id\":\"https:\\\/\\\/skaitytaknyga.lt\\\/#\\\/schema\\\/logo\\\/image\\\/\"},\"sameAs\":[\"https:\\\/\\\/www.facebook.com\\\/skaitytaknyga\\\/\"]}]}<\/script>\n<!-- \/ Yoast SEO plugin. -->","yoast_head_json":{"title":"Jo norai, jos norai: kaip i\u0161vengti nei\u0161tikimyb\u0117s","description":"\u017dymaus amerikie\u010di\u0173 psichologo\u00a0Willard F. Harley\u00a0knyga \u201eJo norai, Jos norai\u201c jau ne kart\u0105 buvo geriausi\u0173 knyg\u0173 apie vyr\u0173 ir moter\u0173 santykius s\u0105ra\u0161uose. K\u0105","robots":{"index":"index","follow":"follow","max-snippet":"max-snippet:-1","max-image-preview":"max-image-preview:large","max-video-preview":"max-video-preview:-1"},"canonical":"https:\/\/skaitytaknyga.lt\/en\/produktas\/jo-norai-jos-norai-kaip-isvengti-neistikimybes\/","og_locale":"en_GB","og_type":"article","og_title":"[:lt]Jo norai, jos norai: kaip i\u0161vengti nei\u0161tikimyb\u0117s[:] - Skaitytaknyga","og_description":"\u017dymaus amerikie\u010di\u0173 psichologo\u00a0Willard F. Harley\u00a0knyga \u201eJo norai, Jos norai\u201c jau ne kart\u0105 buvo geriausi\u0173 knyg\u0173 apie vyr\u0173 ir moter\u0173 santykius s\u0105ra\u0161uose. K\u0105","og_url":"https:\/\/skaitytaknyga.lt\/en\/produktas\/jo-norai-jos-norai-kaip-isvengti-neistikimybes\/","og_site_name":"Skaitytaknyga","article_publisher":"https:\/\/www.facebook.com\/skaitytaknyga\/","article_modified_time":"2025-06-11T07:24:54+00:00","og_image":[{"width":535,"height":800,"url":"https:\/\/skaitytaknyga.lt\/wp-content\/uploads\/2025\/04\/Jo-norai-jos-norai-kaip-isvengti-neistikimybes.webp","type":"image\/webp"}],"twitter_card":"summary_large_image","twitter_misc":{"Estimated reading time":"1 minute"},"schema":{"@context":"https:\/\/schema.org","@graph":[{"@type":"WebPage","@id":"https:\/\/skaitytaknyga.lt\/produktas\/jo-norai-jos-norai-kaip-isvengti-neistikimybes\/","url":"https:\/\/skaitytaknyga.lt\/produktas\/jo-norai-jos-norai-kaip-isvengti-neistikimybes\/","name":"Jo norai, jos norai: kaip i\u0161vengti nei\u0161tikimyb\u0117s","isPartOf":{"@id":"https:\/\/skaitytaknyga.lt\/#website"},"primaryImageOfPage":{"@id":"https:\/\/skaitytaknyga.lt\/produktas\/jo-norai-jos-norai-kaip-isvengti-neistikimybes\/#primaryimage"},"image":{"@id":"https:\/\/skaitytaknyga.lt\/produktas\/jo-norai-jos-norai-kaip-isvengti-neistikimybes\/#primaryimage"},"thumbnailUrl":"https:\/\/skaitytaknyga.lt\/wp-content\/uploads\/2025\/04\/Jo-norai-jos-norai-kaip-isvengti-neistikimybes.webp","datePublished":"2025-01-16T07:35:37+00:00","dateModified":"2025-06-11T07:24:54+00:00","description":"\u017dymaus amerikie\u010di\u0173 psichologo\u00a0Willard F. Harley\u00a0knyga \u201eJo norai, Jos norai\u201c jau ne kart\u0105 buvo geriausi\u0173 knyg\u0173 apie vyr\u0173 ir moter\u0173 santykius s\u0105ra\u0161uose. K\u0105","breadcrumb":{"@id":"https:\/\/skaitytaknyga.lt\/produktas\/jo-norai-jos-norai-kaip-isvengti-neistikimybes\/#breadcrumb"},"inLanguage":"en-GB","potentialAction":[{"@type":"ReadAction","target":["https:\/\/skaitytaknyga.lt\/produktas\/jo-norai-jos-norai-kaip-isvengti-neistikimybes\/"]}]},{"@type":"ImageObject","inLanguage":"en-GB","@id":"https:\/\/skaitytaknyga.lt\/produktas\/jo-norai-jos-norai-kaip-isvengti-neistikimybes\/#primaryimage","url":"https:\/\/skaitytaknyga.lt\/wp-content\/uploads\/2025\/04\/Jo-norai-jos-norai-kaip-isvengti-neistikimybes.webp","contentUrl":"https:\/\/skaitytaknyga.lt\/wp-content\/uploads\/2025\/04\/Jo-norai-jos-norai-kaip-isvengti-neistikimybes.webp","width":535,"height":800,"caption":"Jo norai, jos norai: kaip i\u0161vengti nei\u0161tikimyb\u0117s"},{"@type":"BreadcrumbList","@id":"https:\/\/skaitytaknyga.lt\/produktas\/jo-norai-jos-norai-kaip-isvengti-neistikimybes\/#breadcrumb","itemListElement":[{"@type":"ListItem","position":1,"name":"Home","item":"https:\/\/skaitytaknyga.lt\/"},{"@type":"ListItem","position":2,"name":"Parduotuv\u0117","item":"https:\/\/skaitytaknyga.lt\/knygu-parduotuve\/"},{"@type":"ListItem","position":3,"name":"Jo norai, jos norai: kaip i\u0161vengti nei\u0161tikimyb\u0117s"}]},{"@type":"WebSite","@id":"https:\/\/skaitytaknyga.lt\/#website","url":"https:\/\/skaitytaknyga.lt\/","name":"skaitytaknyga.lt","description":"Skaitytaknyga.lt \u2013 tai ma\u017eas \u0161eimos verslas, kuris prasid\u0117jo nuo meil\u0117s knygoms ir siekio i\u0161gelb\u0117ti knygas nuo likimo prie konteinerio. Kas vienam nereikalingas daiktas \u2013 kitam lobis, o mes esame tarpininkai, kurie padeda abiems tapti laimingesniems ???? \u017dinome kaip nelengva i\u0161gyventi ma\u017eiems verslams, tad nuo \u0161iol, \u010dia rasite ir kit\u0173, ma\u017e\u0173 \u0161eim\u0173 versl\u0173, rank\u0173 darbo, dovan\u0173 sau ir artimiesiems.","publisher":{"@id":"https:\/\/skaitytaknyga.lt\/#organization"},"potentialAction":[{"@type":"SearchAction","target":{"@type":"EntryPoint","urlTemplate":"https:\/\/skaitytaknyga.lt\/?s={search_term_string}"},"query-input":{"@type":"PropertyValueSpecification","valueRequired":true,"valueName":"search_term_string"}}],"inLanguage":"en-GB"},{"@type":"Organization","@id":"https:\/\/skaitytaknyga.lt\/#organization","name":"skaitytaknyga.lt","url":"https:\/\/skaitytaknyga.lt\/","logo":{"@type":"ImageObject","inLanguage":"en-GB","@id":"https:\/\/skaitytaknyga.lt\/#\/schema\/logo\/image\/","url":"https:\/\/skaitytaknyga.lt\/wp-content\/uploads\/2024\/05\/cropped-cropped-cropped-02_00843_jt3bggkj1j3HLc7SyY6rEUpg.jpeg","contentUrl":"https:\/\/skaitytaknyga.lt\/wp-content\/uploads\/2024\/05\/cropped-cropped-cropped-02_00843_jt3bggkj1j3HLc7SyY6rEUpg.jpeg","width":1600,"height":1600,"caption":"skaitytaknyga.lt"},"image":{"@id":"https:\/\/skaitytaknyga.lt\/#\/schema\/logo\/image\/"},"sameAs":["https:\/\/www.facebook.com\/skaitytaknyga\/"]}]}},"_links":{"self":[{"href":"https:\/\/skaitytaknyga.lt\/en\/wp-json\/wp\/v2\/product\/17850","targetHints":{"allow":["GET"]}}],"collection":[{"href":"https:\/\/skaitytaknyga.lt\/en\/wp-json\/wp\/v2\/product"}],"about":[{"href":"https:\/\/skaitytaknyga.lt\/en\/wp-json\/wp\/v2\/types\/product"}],"replies":[{"embeddable":true,"href":"https:\/\/skaitytaknyga.lt\/en\/wp-json\/wp\/v2\/comments?post=17850"}],"wp:featuredmedia":[{"embeddable":true,"href":"https:\/\/skaitytaknyga.lt\/en\/wp-json\/wp\/v2\/media\/17851"}],"wp:attachment":[{"href":"https:\/\/skaitytaknyga.lt\/en\/wp-json\/wp\/v2\/media?parent=17850"}],"wp:term":[{"taxonomy":"product_brand","embeddable":true,"href":"https:\/\/skaitytaknyga.lt\/en\/wp-json\/wp\/v2\/product_brand?post=17850"},{"taxonomy":"product_cat","embeddable":true,"href":"https:\/\/skaitytaknyga.lt\/en\/wp-json\/wp\/v2\/product_cat?post=17850"},{"taxonomy":"product_tag","embeddable":true,"href":"https:\/\/skaitytaknyga.lt\/en\/wp-json\/wp\/v2\/product_tag?post=17850"}],"curies":[{"name":"wp","href":"https:\/\/api.w.org\/{rel}","templated":true}]}}