{"id":17848,"date":"2025-04-16T09:30:46","date_gmt":"2025-04-16T06:30:46","guid":{"rendered":"https:\/\/skaitytaknyga.lt\/?post_type=product&#038;p=17848"},"modified":"2025-07-12T09:37:53","modified_gmt":"2025-07-12T06:37:53","slug":"ziniuones-uzrasai","status":"publish","type":"product","link":"https:\/\/skaitytaknyga.lt\/en\/produktas\/ziniuones-uzrasai\/","title":{"rendered":"\u017diniuon\u0117s u\u017era\u0161ai"},"content":{"rendered":"<p>\u017dinomos \u017eolinink\u0117s, \u017einiuon\u0117s Juditos Ka\u0161\u010diu\u0161kevi\u010di\u016bt\u0117s knygoje \u201e\u017diniuon\u0117s u\u017era\u0161ai&#8221; sud\u0117ta 35 metus kaupta patirtis. \u201e\u0160i knyga nepateiks ligos diagnozi\u0173 ir medicinini\u0173 gydymo b\u016bd\u0173. Sielai sveikti gali pad\u0117ti tik pats \u017emogus. Tod\u0117l tiesiog nor\u0117\u010diau savo skaitytojui i\u0161tiesti pagalbos rank\u0105 ir perduoti tas \u017einias, kurias man kadaise perdav\u0117 mano senel\u0117, \u017einoma kaimo \u017einiuon\u0117, i\u0161gyd\u017eiusi ne vien\u0105 ligon\u012f tais vaistais, kuriuos dosniai dalija mums gamta.&#8221;<\/p>\n<ul class=\"about-product d-none d-xl-block mt-4\">\n<li><strong>Autorius:<\/strong>\u00a0Judita Ka\u0161\u010diu\u0161kevi\u010diut\u0117<\/li>\n<li><strong>Leid\u0117jas<\/strong>\u00a0Laisvos valandos<\/li>\n<li><strong>Metai:<\/strong>\u00a02009<\/li>\n<li><strong>Puslapiai:<\/strong>\u00a0264<\/li>\n<li class=\"toggleable type-new-formats \"><strong>ISBN :\u00a0<\/strong>9786094100154<\/li>\n<li class=\"toggleable type-new-formats \"><strong>Formatas:<\/strong>\u00a013 x 20 cm, mink\u0161ti vir\u0161eliai<\/li>\n<li><strong>Kalba:<\/strong>\u00a0Lietuvi\u0173<\/li>\n<\/ul>\n","protected":false},"excerpt":{"rendered":"<p>\u017dinomos \u017eolinink\u0117s, \u017einiuon\u0117s Juditos Ka\u0161\u010diu\u0161kevi\u010di\u016bt\u0117s knygoje \u201e\u017diniuon\u0117s u\u017era\u0161ai&#8221; sud\u0117ta 35 metus kaupta patirtis. \u201e\u0160i knyga nepateiks ligos diagnozi\u0173 ir medicinini\u0173 gydymo b\u016bd\u0173. Sielai sveikti gali pad\u0117ti tik pats \u017emogus. Tod\u0117l tiesiog nor\u0117\u010diau savo skaitytojui i\u0161tiesti pagalbos rank\u0105 ir perduoti tas \u017einias, kurias man kadaise perdav\u0117 mano senel\u0117, \u017einoma kaimo \u017einiuon\u0117, i\u0161gyd\u017eiusi ne vien\u0105 ligon\u012f tais vaistais, kuriuos dosniai dalija mums gamta.&#8221; Autorius:\u00a0Judita Ka\u0161\u010diu\u0161kevi\u010diut\u0117 Leid\u0117jas\u00a0Laisvos valandos Metai:\u00a02009 Puslapiai:\u00a0264 ISBN :\u00a09786094100154 Formatas:\u00a013 x 20 cm, mink\u0161ti vir\u0161eliai Kalba:\u00a0Lietuvi\u0173<\/p>\n","protected":false},"featured_media":17849,"comment_status":"open","ping_status":"closed","template":"","meta":{"_acf_changed":false,"site-sidebar-layout":"default","site-content-layout":"","ast-site-content-layout":"default","site-content-style":"default","site-sidebar-style":"default","ast-global-header-display":"","ast-banner-title-visibility":"","ast-main-header-display":"","ast-hfb-above-header-display":"","ast-hfb-below-header-display":"","ast-hfb-mobile-header-display":"","site-post-title":"","ast-breadcrumbs-content":"","ast-featured-img":"","footer-sml-layout":"","ast-disable-related-posts":"","theme-transparent-header-meta":"default","adv-header-id-meta":"","stick-header-meta":"","header-above-stick-meta":"","header-main-stick-meta":"","header-below-stick-meta":"","astra-migrate-meta-layouts":"set","ast-page-background-enabled":"default","ast-page-background-meta":{"desktop":{"background-color":"","background-image":"","background-repeat":"repeat","background-position":"center center","background-size":"auto","background-attachment":"scroll","background-type":"","background-media":"","overlay-type":"","overlay-color":"","overlay-opacity":"","overlay-gradient":""},"tablet":{"background-color":"","background-image":"","background-repeat":"repeat","background-position":"center center","background-size":"auto","background-attachment":"scroll","background-type":"","background-media":"","overlay-type":"","overlay-color":"","overlay-opacity":"","overlay-gradient":""},"mobile":{"background-color":"","background-image":"","background-repeat":"repeat","background-position":"center center","background-size":"auto","background-attachment":"scroll","background-type":"","background-media":"","overlay-type":"","overlay-color":"","overlay-opacity":"","overlay-gradient":""}},"ast-content-background-meta":{"desktop":{"background-color":"var(--ast-global-color-4)","background-image":"","background-repeat":"repeat","background-position":"center center","background-size":"auto","background-attachment":"scroll","background-type":"","background-media":"","overlay-type":"","overlay-color":"","overlay-opacity":"","overlay-gradient":""},"tablet":{"background-color":"var(--ast-global-color-4)","background-image":"","background-repeat":"repeat","background-position":"center center","background-size":"auto","background-attachment":"scroll","background-type":"","background-media":"","overlay-type":"","overlay-color":"","overlay-opacity":"","overlay-gradient":""},"mobile":{"background-color":"var(--ast-global-color-4)","background-image":"","background-repeat":"repeat","background-position":"center center","background-size":"auto","background-attachment":"scroll","background-type":"","background-media":"","overlay-type":"","overlay-color":"","overlay-opacity":"","overlay-gradient":""}}},"product_brand":[],"product_cat":[55],"product_tag":[4225,4224,3507,1096,3508],"class_list":{"0":"post-17848","1":"product","2":"type-product","3":"status-publish","4":"has-post-thumbnail","6":"product_cat-sveikata-ir-sveika-mityba","7":"product_tag-dvasine-sveikata","8":"product_tag-gamtos-gydymas","9":"product_tag-judita-kasciuskeviciute","10":"product_tag-liaudies-medicina","11":"product_tag-zolininkyste","12":"desktop-align-left","13":"tablet-align-left","14":"mobile-align-left","16":"first","17":"outofstock","18":"shipping-taxable","19":"purchasable","20":"product-type-simple"},"acf":[],"yoast_head":"<!-- This site is optimized with the Yoast SEO plugin v27.0 - https:\/\/yoast.com\/product\/yoast-seo-wordpress\/ -->\n<title>\u017diniuon\u0117s u\u017era\u0161ai<\/title>\n<meta name=\"description\" content=\"\u017dinomos \u017eolinink\u0117s, \u017einiuon\u0117s Juditos Ka\u0161\u010diu\u0161kevi\u010di\u016bt\u0117s knygoje \u201e\u017diniuon\u0117s u\u017era\u0161ai&quot; sud\u0117ta 35 metus kaupta patirtis. \u201e\u0160i knyga nepateiks ligos diagnozi\u0173\" \/>\n<meta name=\"robots\" content=\"index, follow, max-snippet:-1, max-image-preview:large, max-video-preview:-1\" \/>\n<link rel=\"canonical\" href=\"https:\/\/skaitytaknyga.lt\/en\/produktas\/ziniuones-uzrasai\/\" \/>\n<meta property=\"og:locale\" content=\"en_GB\" \/>\n<meta property=\"og:locale:alternate\" content=\"lt_LT\" \/>\n<meta property=\"og:type\" content=\"article\" \/>\n<meta property=\"og:title\" content=\"\u017diniuon\u0117s u\u017era\u0161ai\" \/>\n<meta property=\"og:description\" content=\"\u017dinomos \u017eolinink\u0117s, \u017einiuon\u0117s Juditos Ka\u0161\u010diu\u0161kevi\u010di\u016bt\u0117s knygoje \u201e\u017diniuon\u0117s u\u017era\u0161ai&quot; sud\u0117ta 35 metus kaupta patirtis. \u201e\u0160i knyga nepateiks ligos diagnozi\u0173\" \/>\n<meta property=\"og:url\" content=\"https:\/\/skaitytaknyga.lt\/en\/produktas\/ziniuones-uzrasai\/\" \/>\n<meta property=\"og:site_name\" content=\"Skaitytaknyga\" \/>\n<meta property=\"article:publisher\" content=\"https:\/\/www.facebook.com\/skaitytaknyga\/\" \/>\n<meta property=\"article:modified_time\" content=\"2025-07-12T06:37:53+00:00\" \/>\n<meta property=\"og:image\" content=\"https:\/\/skaitytaknyga.lt\/wp-content\/uploads\/2025\/04\/Ziniuones-uzrasai.webp\" \/>\n\t<meta property=\"og:image:width\" content=\"255\" \/>\n\t<meta property=\"og:image:height\" content=\"340\" \/>\n\t<meta property=\"og:image:type\" content=\"image\/webp\" \/>\n<meta name=\"twitter:card\" content=\"summary_large_image\" \/>\n<meta name=\"twitter:label1\" content=\"Estimated reading time\" \/>\n\t<meta name=\"twitter:data1\" content=\"1 minute\" \/>\n<script type=\"application\/ld+json\" class=\"yoast-schema-graph\">{\"@context\":\"https:\/\/schema.org\",\"@graph\":[{\"@type\":\"WebPage\",\"@id\":\"https:\/\/skaitytaknyga.lt\/produktas\/ziniuones-uzrasai\/\",\"url\":\"https:\/\/skaitytaknyga.lt\/produktas\/ziniuones-uzrasai\/\",\"name\":\"\u017diniuon\u0117s u\u017era\u0161ai\",\"isPartOf\":{\"@id\":\"https:\/\/skaitytaknyga.lt\/#website\"},\"primaryImageOfPage\":{\"@id\":\"https:\/\/skaitytaknyga.lt\/produktas\/ziniuones-uzrasai\/#primaryimage\"},\"image\":{\"@id\":\"https:\/\/skaitytaknyga.lt\/produktas\/ziniuones-uzrasai\/#primaryimage\"},\"thumbnailUrl\":\"https:\/\/skaitytaknyga.lt\/wp-content\/uploads\/2025\/04\/Ziniuones-uzrasai.webp\",\"datePublished\":\"2025-04-16T06:30:46+00:00\",\"dateModified\":\"2025-07-12T06:37:53+00:00\",\"description\":\"\u017dinomos \u017eolinink\u0117s, \u017einiuon\u0117s Juditos Ka\u0161\u010diu\u0161kevi\u010di\u016bt\u0117s knygoje \u201e\u017diniuon\u0117s u\u017era\u0161ai\\\" sud\u0117ta 35 metus kaupta patirtis. \u201e\u0160i knyga nepateiks ligos diagnozi\u0173\",\"breadcrumb\":{\"@id\":\"https:\/\/skaitytaknyga.lt\/produktas\/ziniuones-uzrasai\/#breadcrumb\"},\"inLanguage\":\"en-GB\",\"potentialAction\":[{\"@type\":\"ReadAction\",\"target\":[\"https:\/\/skaitytaknyga.lt\/produktas\/ziniuones-uzrasai\/\"]}]},{\"@type\":\"ImageObject\",\"inLanguage\":\"en-GB\",\"@id\":\"https:\/\/skaitytaknyga.lt\/produktas\/ziniuones-uzrasai\/#primaryimage\",\"url\":\"https:\/\/skaitytaknyga.lt\/wp-content\/uploads\/2025\/04\/Ziniuones-uzrasai.webp\",\"contentUrl\":\"https:\/\/skaitytaknyga.lt\/wp-content\/uploads\/2025\/04\/Ziniuones-uzrasai.webp\",\"width\":255,\"height\":340,\"caption\":\"\u017diniuon\u0117s u\u017era\u0161ai\"},{\"@type\":\"BreadcrumbList\",\"@id\":\"https:\/\/skaitytaknyga.lt\/produktas\/ziniuones-uzrasai\/#breadcrumb\",\"itemListElement\":[{\"@type\":\"ListItem\",\"position\":1,\"name\":\"Home\",\"item\":\"https:\/\/skaitytaknyga.lt\/\"},{\"@type\":\"ListItem\",\"position\":2,\"name\":\"Parduotuv\u0117\",\"item\":\"https:\/\/skaitytaknyga.lt\/knygu-parduotuve\/\"},{\"@type\":\"ListItem\",\"position\":3,\"name\":\"\u017diniuon\u0117s u\u017era\u0161ai\"}]},{\"@type\":\"WebSite\",\"@id\":\"https:\/\/skaitytaknyga.lt\/#website\",\"url\":\"https:\/\/skaitytaknyga.lt\/\",\"name\":\"skaitytaknyga.lt\",\"description\":\"Skaitytaknyga.lt \u2013 tai ma\u017eas \u0161eimos verslas, kuris prasid\u0117jo nuo meil\u0117s knygoms ir siekio i\u0161gelb\u0117ti knygas nuo likimo prie konteinerio. Kas vienam nereikalingas daiktas \u2013 kitam lobis, o mes esame tarpininkai, kurie padeda abiems tapti laimingesniems ???? \u017dinome kaip nelengva i\u0161gyventi ma\u017eiems verslams, tad nuo \u0161iol, \u010dia rasite ir kit\u0173, ma\u017e\u0173 \u0161eim\u0173 versl\u0173, rank\u0173 darbo, dovan\u0173 sau ir artimiesiems.\",\"publisher\":{\"@id\":\"https:\/\/skaitytaknyga.lt\/#organization\"},\"potentialAction\":[{\"@type\":\"SearchAction\",\"target\":{\"@type\":\"EntryPoint\",\"urlTemplate\":\"https:\/\/skaitytaknyga.lt\/?s={search_term_string}\"},\"query-input\":{\"@type\":\"PropertyValueSpecification\",\"valueRequired\":true,\"valueName\":\"search_term_string\"}}],\"inLanguage\":\"en-GB\"},{\"@type\":\"Organization\",\"@id\":\"https:\/\/skaitytaknyga.lt\/#organization\",\"name\":\"skaitytaknyga.lt\",\"url\":\"https:\/\/skaitytaknyga.lt\/\",\"logo\":{\"@type\":\"ImageObject\",\"inLanguage\":\"en-GB\",\"@id\":\"https:\/\/skaitytaknyga.lt\/#\/schema\/logo\/image\/\",\"url\":\"https:\/\/skaitytaknyga.lt\/wp-content\/uploads\/2024\/05\/cropped-cropped-cropped-02_00843_jt3bggkj1j3HLc7SyY6rEUpg.jpeg\",\"contentUrl\":\"https:\/\/skaitytaknyga.lt\/wp-content\/uploads\/2024\/05\/cropped-cropped-cropped-02_00843_jt3bggkj1j3HLc7SyY6rEUpg.jpeg\",\"width\":1600,\"height\":1600,\"caption\":\"skaitytaknyga.lt\"},\"image\":{\"@id\":\"https:\/\/skaitytaknyga.lt\/#\/schema\/logo\/image\/\"},\"sameAs\":[\"https:\/\/www.facebook.com\/skaitytaknyga\/\"]}]}<\/script>\n<!-- \/ Yoast SEO plugin. -->","yoast_head_json":{"title":"\u017diniuon\u0117s u\u017era\u0161ai","description":"\u017dinomos \u017eolinink\u0117s, \u017einiuon\u0117s Juditos Ka\u0161\u010diu\u0161kevi\u010di\u016bt\u0117s knygoje \u201e\u017diniuon\u0117s u\u017era\u0161ai\" sud\u0117ta 35 metus kaupta patirtis. \u201e\u0160i knyga nepateiks ligos diagnozi\u0173","robots":{"index":"index","follow":"follow","max-snippet":"max-snippet:-1","max-image-preview":"max-image-preview:large","max-video-preview":"max-video-preview:-1"},"canonical":"https:\/\/skaitytaknyga.lt\/en\/produktas\/ziniuones-uzrasai\/","og_locale":"en_GB","og_type":"article","og_title":"[:lt]\u017diniuon\u0117s u\u017era\u0161ai[:] - Skaitytaknyga","og_description":"\u017dinomos \u017eolinink\u0117s, \u017einiuon\u0117s Juditos Ka\u0161\u010diu\u0161kevi\u010di\u016bt\u0117s knygoje \u201e\u017diniuon\u0117s u\u017era\u0161ai\" sud\u0117ta 35 metus kaupta patirtis. \u201e\u0160i knyga nepateiks ligos diagnozi\u0173","og_url":"https:\/\/skaitytaknyga.lt\/en\/produktas\/ziniuones-uzrasai\/","og_site_name":"Skaitytaknyga","article_publisher":"https:\/\/www.facebook.com\/skaitytaknyga\/","article_modified_time":"2025-07-12T06:37:53+00:00","og_image":[{"width":255,"height":340,"url":"https:\/\/skaitytaknyga.lt\/wp-content\/uploads\/2025\/04\/Ziniuones-uzrasai.webp","type":"image\/webp"}],"twitter_card":"summary_large_image","twitter_misc":{"Estimated reading time":"1 minute"},"schema":{"@context":"https:\/\/schema.org","@graph":[{"@type":"WebPage","@id":"https:\/\/skaitytaknyga.lt\/produktas\/ziniuones-uzrasai\/","url":"https:\/\/skaitytaknyga.lt\/produktas\/ziniuones-uzrasai\/","name":"\u017diniuon\u0117s u\u017era\u0161ai","isPartOf":{"@id":"https:\/\/skaitytaknyga.lt\/#website"},"primaryImageOfPage":{"@id":"https:\/\/skaitytaknyga.lt\/produktas\/ziniuones-uzrasai\/#primaryimage"},"image":{"@id":"https:\/\/skaitytaknyga.lt\/produktas\/ziniuones-uzrasai\/#primaryimage"},"thumbnailUrl":"https:\/\/skaitytaknyga.lt\/wp-content\/uploads\/2025\/04\/Ziniuones-uzrasai.webp","datePublished":"2025-04-16T06:30:46+00:00","dateModified":"2025-07-12T06:37:53+00:00","description":"\u017dinomos \u017eolinink\u0117s, \u017einiuon\u0117s Juditos Ka\u0161\u010diu\u0161kevi\u010di\u016bt\u0117s knygoje \u201e\u017diniuon\u0117s u\u017era\u0161ai\" sud\u0117ta 35 metus kaupta patirtis. \u201e\u0160i knyga nepateiks ligos diagnozi\u0173","breadcrumb":{"@id":"https:\/\/skaitytaknyga.lt\/produktas\/ziniuones-uzrasai\/#breadcrumb"},"inLanguage":"en-GB","potentialAction":[{"@type":"ReadAction","target":["https:\/\/skaitytaknyga.lt\/produktas\/ziniuones-uzrasai\/"]}]},{"@type":"ImageObject","inLanguage":"en-GB","@id":"https:\/\/skaitytaknyga.lt\/produktas\/ziniuones-uzrasai\/#primaryimage","url":"https:\/\/skaitytaknyga.lt\/wp-content\/uploads\/2025\/04\/Ziniuones-uzrasai.webp","contentUrl":"https:\/\/skaitytaknyga.lt\/wp-content\/uploads\/2025\/04\/Ziniuones-uzrasai.webp","width":255,"height":340,"caption":"\u017diniuon\u0117s u\u017era\u0161ai"},{"@type":"BreadcrumbList","@id":"https:\/\/skaitytaknyga.lt\/produktas\/ziniuones-uzrasai\/#breadcrumb","itemListElement":[{"@type":"ListItem","position":1,"name":"Home","item":"https:\/\/skaitytaknyga.lt\/"},{"@type":"ListItem","position":2,"name":"Parduotuv\u0117","item":"https:\/\/skaitytaknyga.lt\/knygu-parduotuve\/"},{"@type":"ListItem","position":3,"name":"\u017diniuon\u0117s u\u017era\u0161ai"}]},{"@type":"WebSite","@id":"https:\/\/skaitytaknyga.lt\/#website","url":"https:\/\/skaitytaknyga.lt\/","name":"skaitytaknyga.lt","description":"Skaitytaknyga.lt \u2013 tai ma\u017eas \u0161eimos verslas, kuris prasid\u0117jo nuo meil\u0117s knygoms ir siekio i\u0161gelb\u0117ti knygas nuo likimo prie konteinerio. Kas vienam nereikalingas daiktas \u2013 kitam lobis, o mes esame tarpininkai, kurie padeda abiems tapti laimingesniems ???? \u017dinome kaip nelengva i\u0161gyventi ma\u017eiems verslams, tad nuo \u0161iol, \u010dia rasite ir kit\u0173, ma\u017e\u0173 \u0161eim\u0173 versl\u0173, rank\u0173 darbo, dovan\u0173 sau ir artimiesiems.","publisher":{"@id":"https:\/\/skaitytaknyga.lt\/#organization"},"potentialAction":[{"@type":"SearchAction","target":{"@type":"EntryPoint","urlTemplate":"https:\/\/skaitytaknyga.lt\/?s={search_term_string}"},"query-input":{"@type":"PropertyValueSpecification","valueRequired":true,"valueName":"search_term_string"}}],"inLanguage":"en-GB"},{"@type":"Organization","@id":"https:\/\/skaitytaknyga.lt\/#organization","name":"skaitytaknyga.lt","url":"https:\/\/skaitytaknyga.lt\/","logo":{"@type":"ImageObject","inLanguage":"en-GB","@id":"https:\/\/skaitytaknyga.lt\/#\/schema\/logo\/image\/","url":"https:\/\/skaitytaknyga.lt\/wp-content\/uploads\/2024\/05\/cropped-cropped-cropped-02_00843_jt3bggkj1j3HLc7SyY6rEUpg.jpeg","contentUrl":"https:\/\/skaitytaknyga.lt\/wp-content\/uploads\/2024\/05\/cropped-cropped-cropped-02_00843_jt3bggkj1j3HLc7SyY6rEUpg.jpeg","width":1600,"height":1600,"caption":"skaitytaknyga.lt"},"image":{"@id":"https:\/\/skaitytaknyga.lt\/#\/schema\/logo\/image\/"},"sameAs":["https:\/\/www.facebook.com\/skaitytaknyga\/"]}]}},"_links":{"self":[{"href":"https:\/\/skaitytaknyga.lt\/en\/wp-json\/wp\/v2\/product\/17848","targetHints":{"allow":["GET"]}}],"collection":[{"href":"https:\/\/skaitytaknyga.lt\/en\/wp-json\/wp\/v2\/product"}],"about":[{"href":"https:\/\/skaitytaknyga.lt\/en\/wp-json\/wp\/v2\/types\/product"}],"replies":[{"embeddable":true,"href":"https:\/\/skaitytaknyga.lt\/en\/wp-json\/wp\/v2\/comments?post=17848"}],"wp:featuredmedia":[{"embeddable":true,"href":"https:\/\/skaitytaknyga.lt\/en\/wp-json\/wp\/v2\/media\/17849"}],"wp:attachment":[{"href":"https:\/\/skaitytaknyga.lt\/en\/wp-json\/wp\/v2\/media?parent=17848"}],"wp:term":[{"taxonomy":"product_brand","embeddable":true,"href":"https:\/\/skaitytaknyga.lt\/en\/wp-json\/wp\/v2\/product_brand?post=17848"},{"taxonomy":"product_cat","embeddable":true,"href":"https:\/\/skaitytaknyga.lt\/en\/wp-json\/wp\/v2\/product_cat?post=17848"},{"taxonomy":"product_tag","embeddable":true,"href":"https:\/\/skaitytaknyga.lt\/en\/wp-json\/wp\/v2\/product_tag?post=17848"}],"curies":[{"name":"wp","href":"https:\/\/api.w.org\/{rel}","templated":true}]}}