{"id":17846,"date":"2025-04-16T09:28:10","date_gmt":"2025-04-16T06:28:10","guid":{"rendered":"https:\/\/skaitytaknyga.lt\/?post_type=product&#038;p=17846"},"modified":"2025-05-15T14:51:52","modified_gmt":"2025-05-15T11:51:52","slug":"manipuliuotojai-tarp-musu","status":"publish","type":"product","link":"https:\/\/skaitytaknyga.lt\/en\/produktas\/manipuliuotojai-tarp-musu\/","title":{"rendered":"Manipuliuotojai tarp m\u016bs\u0173"},"content":{"rendered":"<p>Kiekvienas mato, kaip tu atrodai, tik nedaugelis suvokia, kas esi.<\/p>\n<p>Machiavelli \u201eValdovas&#8221;<\/p>\n<ul>\n<li>Kaip pa\u017einti \u017emones ir suprasti j\u0173 ketinimus?<\/li>\n<li>Kas yra manipuliuotojai?<\/li>\n<li>Kaip jiems pavyksta patraukti \u017emones savo pus\u0117n ir juos kontroliuoti?<\/li>\n<li>Ar jie manipuliuoja \u017emon\u0117mis s\u0105moningai?<\/li>\n<li>Kaip suvaldyti emocijas ir apsisaugoti nuo \u0161i\u0173 emocini\u0173 terorist\u0173?<\/li>\n<\/ul>\n<p>Mes visi susiduriame su manipuliuotojais. Simpati\u0161ki, gundantys, atsarg\u016bs ar tiesiog tironi\u0161ki manipuliuotojai siekdami savo tiksl\u0173 taiko skirtingas taktikas. Jie geba taip apvynioti mus aplink pir\u0161t\u0105, kad aukodami savo interesus puolame vykdyti j\u0173 pra\u0161ym\u0173. \u0160alia j\u0173 imame jaustis menki ar nei\u0161silavin\u0119, nepakankamai taup\u016bs ar egoisti\u0161ki, pradedame abejoti savo pa\u010di\u0173 veiksmais ir pasirinkimais.<\/p>\n<p><strong>Isabelle Nazare-Aga<\/strong>, pranc\u016bz\u0173 psicholog\u0117, manipuliacij\u0173 srities specialist\u0117, pateikdama konkre\u010dias situacijas atsako \u012f \u0161iuos klausimus, pataria kaip atpa\u017einti manipuliuotojus, apsisaugoti ir i\u0161silaisvinti nuo \u0161i\u0173 emocini\u0173 terorist\u0173.<\/p>\n<p>\u0160ioje knygoje rasite b\u016bd\u0173, kaip labiau pasitik\u0117ti savimi, kaip kovoti su stresu bei nerimu ir b\u016bti laisvam renkantis, k\u0105 veikti, galvoti ir&#8230; kaip gyventi.<\/p>\n<ul class=\"about-product d-none d-xl-block mt-4\">\n<li><strong>Originalus pavadinimas:<\/strong>\u00a0Les manipulateurs sont parmi nous<\/li>\n<li><strong>Autorius:<\/strong>\u00a0Isabelle Nazare-Aga<\/li>\n<li><strong>Leid\u0117jas<\/strong>\u00a0Alma littera<\/li>\n<li><strong>Metai:<\/strong>\u00a02016<\/li>\n<li><strong>Puslapiai:<\/strong>\u00a0312<\/li>\n<li class=\"toggleable type-new-formats \"><strong>ISBN :\u00a0<\/strong>9786090124857<\/li>\n<li class=\"toggleable type-new-formats \"><strong>Formatas:<\/strong>\u00a014,3 x 21,3 x 2,6 cm, mink\u0161ti vir\u0161eliai<\/li>\n<li><strong>Kalba:<\/strong>\u00a0Lietuvi\u0173<\/li>\n<li><strong>Vert\u0117jas:<\/strong>\u00a0Asta Bieliauskait\u0117<\/li>\n<\/ul>\n","protected":false},"excerpt":{"rendered":"<p>Kiekvienas mato, kaip tu atrodai, tik nedaugelis suvokia, kas esi. Machiavelli \u201eValdovas&#8221; Kaip pa\u017einti \u017emones ir suprasti j\u0173 ketinimus? Kas yra manipuliuotojai? Kaip jiems pavyksta patraukti \u017emones savo pus\u0117n ir juos kontroliuoti? Ar jie manipuliuoja \u017emon\u0117mis s\u0105moningai? Kaip suvaldyti emocijas ir apsisaugoti nuo \u0161i\u0173 emocini\u0173 terorist\u0173? Mes visi susiduriame su manipuliuotojais. Simpati\u0161ki, gundantys, atsarg\u016bs ar tiesiog tironi\u0161ki manipuliuotojai siekdami savo tiksl\u0173 taiko skirtingas taktikas. Jie geba taip apvynioti mus aplink pir\u0161t\u0105, kad aukodami savo interesus puolame vykdyti j\u0173 pra\u0161ym\u0173. \u0160alia j\u0173 imame jaustis menki ar nei\u0161silavin\u0119, nepakankamai taup\u016bs ar egoisti\u0161ki, pradedame abejoti savo pa\u010di\u0173 veiksmais ir pasirinkimais. Isabelle Nazare-Aga, pranc\u016bz\u0173 psicholog\u0117, manipuliacij\u0173 srities specialist\u0117, pateikdama konkre\u010dias situacijas atsako \u012f \u0161iuos klausimus, pataria kaip atpa\u017einti manipuliuotojus, apsisaugoti ir i\u0161silaisvinti nuo \u0161i\u0173 emocini\u0173 terorist\u0173. \u0160ioje knygoje rasite b\u016bd\u0173, kaip labiau pasitik\u0117ti savimi, kaip kovoti su stresu bei nerimu ir b\u016bti laisvam renkantis, k\u0105 veikti, galvoti ir&#8230; kaip gyventi. Originalus pavadinimas:\u00a0Les manipulateurs sont parmi nous Autorius:\u00a0Isabelle Nazare-Aga Leid\u0117jas\u00a0Alma littera Metai:\u00a02016 Puslapiai:\u00a0312 ISBN :\u00a09786090124857 Formatas:\u00a014,3 x 21,3 x 2,6 cm, mink\u0161ti vir\u0161eliai Kalba:\u00a0Lietuvi\u0173 Vert\u0117jas:\u00a0Asta Bieliauskait\u0117<\/p>\n","protected":false},"featured_media":17847,"comment_status":"open","ping_status":"closed","template":"","meta":{"_acf_changed":false,"site-sidebar-layout":"default","site-content-layout":"","ast-site-content-layout":"default","site-content-style":"default","site-sidebar-style":"default","ast-global-header-display":"","ast-banner-title-visibility":"","ast-main-header-display":"","ast-hfb-above-header-display":"","ast-hfb-below-header-display":"","ast-hfb-mobile-header-display":"","site-post-title":"","ast-breadcrumbs-content":"","ast-featured-img":"","footer-sml-layout":"","ast-disable-related-posts":"","theme-transparent-header-meta":"default","adv-header-id-meta":"","stick-header-meta":"","header-above-stick-meta":"","header-main-stick-meta":"","header-below-stick-meta":"","astra-migrate-meta-layouts":"set","ast-page-background-enabled":"default","ast-page-background-meta":{"desktop":{"background-color":"","background-image":"","background-repeat":"repeat","background-position":"center center","background-size":"auto","background-attachment":"scroll","background-type":"","background-media":"","overlay-type":"","overlay-color":"","overlay-opacity":"","overlay-gradient":""},"tablet":{"background-color":"","background-image":"","background-repeat":"repeat","background-position":"center center","background-size":"auto","background-attachment":"scroll","background-type":"","background-media":"","overlay-type":"","overlay-color":"","overlay-opacity":"","overlay-gradient":""},"mobile":{"background-color":"","background-image":"","background-repeat":"repeat","background-position":"center center","background-size":"auto","background-attachment":"scroll","background-type":"","background-media":"","overlay-type":"","overlay-color":"","overlay-opacity":"","overlay-gradient":""}},"ast-content-background-meta":{"desktop":{"background-color":"var(--ast-global-color-4)","background-image":"","background-repeat":"repeat","background-position":"center center","background-size":"auto","background-attachment":"scroll","background-type":"","background-media":"","overlay-type":"","overlay-color":"","overlay-opacity":"","overlay-gradient":""},"tablet":{"background-color":"var(--ast-global-color-4)","background-image":"","background-repeat":"repeat","background-position":"center center","background-size":"auto","background-attachment":"scroll","background-type":"","background-media":"","overlay-type":"","overlay-color":"","overlay-opacity":"","overlay-gradient":""},"mobile":{"background-color":"var(--ast-global-color-4)","background-image":"","background-repeat":"repeat","background-position":"center center","background-size":"auto","background-attachment":"scroll","background-type":"","background-media":"","overlay-type":"","overlay-color":"","overlay-opacity":"","overlay-gradient":""}}},"product_brand":[],"product_cat":[15,30],"product_tag":[3505,3504,3502,3503,1392],"class_list":{"0":"post-17846","1":"product","2":"type-product","3":"status-publish","4":"has-post-thumbnail","6":"product_cat-uncategorized","7":"product_cat-psichologija-ir-saviugda","8":"product_tag-apsauga","9":"product_tag-emocinis-smurtas","10":"product_tag-isabelle-nazare-aga","11":"product_tag-manipuliacija","12":"product_tag-psichologija","13":"desktop-align-left","14":"tablet-align-left","15":"mobile-align-left","17":"first","18":"outofstock","19":"shipping-taxable","20":"purchasable","21":"product-type-simple"},"acf":[],"yoast_head":"<!-- This site is optimized with the Yoast SEO plugin v27.0 - https:\/\/yoast.com\/product\/yoast-seo-wordpress\/ -->\n<title>Manipuliuotojai tarp m\u016bs\u0173<\/title>\n<meta name=\"description\" content=\"Kiekvienas mato, kaip tu atrodai, tik nedaugelis suvokia, kas esi. Machiavelli \u201eValdovas&quot; Kaip pa\u017einti \u017emones ir suprasti j\u0173 ketinimus? Kas yra\" \/>\n<meta name=\"robots\" content=\"index, follow, max-snippet:-1, max-image-preview:large, max-video-preview:-1\" \/>\n<link rel=\"canonical\" href=\"https:\/\/skaitytaknyga.lt\/en\/produktas\/manipuliuotojai-tarp-musu\/\" \/>\n<meta property=\"og:locale\" content=\"en_GB\" \/>\n<meta property=\"og:locale:alternate\" content=\"lt_LT\" \/>\n<meta property=\"og:type\" content=\"article\" \/>\n<meta property=\"og:title\" content=\"Manipuliuotojai tarp m\u016bs\u0173\" \/>\n<meta property=\"og:description\" content=\"Kiekvienas mato, kaip tu atrodai, tik nedaugelis suvokia, kas esi. Machiavelli \u201eValdovas&quot; Kaip pa\u017einti \u017emones ir suprasti j\u0173 ketinimus? Kas yra\" \/>\n<meta property=\"og:url\" content=\"https:\/\/skaitytaknyga.lt\/en\/produktas\/manipuliuotojai-tarp-musu\/\" \/>\n<meta property=\"og:site_name\" content=\"Skaitytaknyga\" \/>\n<meta property=\"article:publisher\" content=\"https:\/\/www.facebook.com\/skaitytaknyga\/\" \/>\n<meta property=\"article:modified_time\" content=\"2025-05-15T11:51:52+00:00\" \/>\n<meta property=\"og:image\" content=\"https:\/\/skaitytaknyga.lt\/wp-content\/uploads\/2025\/04\/Manipuliuotojai-tarp-musu.webp\" \/>\n\t<meta property=\"og:image:width\" content=\"482\" \/>\n\t<meta property=\"og:image:height\" content=\"722\" \/>\n\t<meta property=\"og:image:type\" content=\"image\/webp\" \/>\n<meta name=\"twitter:card\" content=\"summary_large_image\" \/>\n<meta name=\"twitter:label1\" content=\"Estimated reading time\" \/>\n\t<meta name=\"twitter:data1\" content=\"2 minutes\" \/>\n<script type=\"application\/ld+json\" class=\"yoast-schema-graph\">{\"@context\":\"https:\/\/schema.org\",\"@graph\":[{\"@type\":\"WebPage\",\"@id\":\"https:\/\/skaitytaknyga.lt\/produktas\/manipuliuotojai-tarp-musu\/\",\"url\":\"https:\/\/skaitytaknyga.lt\/produktas\/manipuliuotojai-tarp-musu\/\",\"name\":\"Manipuliuotojai tarp m\u016bs\u0173\",\"isPartOf\":{\"@id\":\"https:\/\/skaitytaknyga.lt\/#website\"},\"primaryImageOfPage\":{\"@id\":\"https:\/\/skaitytaknyga.lt\/produktas\/manipuliuotojai-tarp-musu\/#primaryimage\"},\"image\":{\"@id\":\"https:\/\/skaitytaknyga.lt\/produktas\/manipuliuotojai-tarp-musu\/#primaryimage\"},\"thumbnailUrl\":\"https:\/\/skaitytaknyga.lt\/wp-content\/uploads\/2025\/04\/Manipuliuotojai-tarp-musu.webp\",\"datePublished\":\"2025-04-16T06:28:10+00:00\",\"dateModified\":\"2025-05-15T11:51:52+00:00\",\"description\":\"Kiekvienas mato, kaip tu atrodai, tik nedaugelis suvokia, kas esi. Machiavelli \u201eValdovas\\\" Kaip pa\u017einti \u017emones ir suprasti j\u0173 ketinimus? Kas yra\",\"breadcrumb\":{\"@id\":\"https:\/\/skaitytaknyga.lt\/produktas\/manipuliuotojai-tarp-musu\/#breadcrumb\"},\"inLanguage\":\"en-GB\",\"potentialAction\":[{\"@type\":\"ReadAction\",\"target\":[\"https:\/\/skaitytaknyga.lt\/produktas\/manipuliuotojai-tarp-musu\/\"]}]},{\"@type\":\"ImageObject\",\"inLanguage\":\"en-GB\",\"@id\":\"https:\/\/skaitytaknyga.lt\/produktas\/manipuliuotojai-tarp-musu\/#primaryimage\",\"url\":\"https:\/\/skaitytaknyga.lt\/wp-content\/uploads\/2025\/04\/Manipuliuotojai-tarp-musu.webp\",\"contentUrl\":\"https:\/\/skaitytaknyga.lt\/wp-content\/uploads\/2025\/04\/Manipuliuotojai-tarp-musu.webp\",\"width\":482,\"height\":722,\"caption\":\"Manipuliuotojai tarp m\u016bs\u0173\"},{\"@type\":\"BreadcrumbList\",\"@id\":\"https:\/\/skaitytaknyga.lt\/produktas\/manipuliuotojai-tarp-musu\/#breadcrumb\",\"itemListElement\":[{\"@type\":\"ListItem\",\"position\":1,\"name\":\"Home\",\"item\":\"https:\/\/skaitytaknyga.lt\/\"},{\"@type\":\"ListItem\",\"position\":2,\"name\":\"Parduotuv\u0117\",\"item\":\"https:\/\/skaitytaknyga.lt\/knygu-parduotuve\/\"},{\"@type\":\"ListItem\",\"position\":3,\"name\":\"Manipuliuotojai tarp m\u016bs\u0173\"}]},{\"@type\":\"WebSite\",\"@id\":\"https:\/\/skaitytaknyga.lt\/#website\",\"url\":\"https:\/\/skaitytaknyga.lt\/\",\"name\":\"skaitytaknyga.lt\",\"description\":\"Skaitytaknyga.lt \u2013 tai ma\u017eas \u0161eimos verslas, kuris prasid\u0117jo nuo meil\u0117s knygoms ir siekio i\u0161gelb\u0117ti knygas nuo likimo prie konteinerio. Kas vienam nereikalingas daiktas \u2013 kitam lobis, o mes esame tarpininkai, kurie padeda abiems tapti laimingesniems ???? \u017dinome kaip nelengva i\u0161gyventi ma\u017eiems verslams, tad nuo \u0161iol, \u010dia rasite ir kit\u0173, ma\u017e\u0173 \u0161eim\u0173 versl\u0173, rank\u0173 darbo, dovan\u0173 sau ir artimiesiems.\",\"publisher\":{\"@id\":\"https:\/\/skaitytaknyga.lt\/#organization\"},\"potentialAction\":[{\"@type\":\"SearchAction\",\"target\":{\"@type\":\"EntryPoint\",\"urlTemplate\":\"https:\/\/skaitytaknyga.lt\/?s={search_term_string}\"},\"query-input\":{\"@type\":\"PropertyValueSpecification\",\"valueRequired\":true,\"valueName\":\"search_term_string\"}}],\"inLanguage\":\"en-GB\"},{\"@type\":\"Organization\",\"@id\":\"https:\/\/skaitytaknyga.lt\/#organization\",\"name\":\"skaitytaknyga.lt\",\"url\":\"https:\/\/skaitytaknyga.lt\/\",\"logo\":{\"@type\":\"ImageObject\",\"inLanguage\":\"en-GB\",\"@id\":\"https:\/\/skaitytaknyga.lt\/#\/schema\/logo\/image\/\",\"url\":\"https:\/\/skaitytaknyga.lt\/wp-content\/uploads\/2024\/05\/cropped-cropped-cropped-02_00843_jt3bggkj1j3HLc7SyY6rEUpg.jpeg\",\"contentUrl\":\"https:\/\/skaitytaknyga.lt\/wp-content\/uploads\/2024\/05\/cropped-cropped-cropped-02_00843_jt3bggkj1j3HLc7SyY6rEUpg.jpeg\",\"width\":1600,\"height\":1600,\"caption\":\"skaitytaknyga.lt\"},\"image\":{\"@id\":\"https:\/\/skaitytaknyga.lt\/#\/schema\/logo\/image\/\"},\"sameAs\":[\"https:\/\/www.facebook.com\/skaitytaknyga\/\"]}]}<\/script>\n<!-- \/ Yoast SEO plugin. -->","yoast_head_json":{"title":"Manipuliuotojai tarp m\u016bs\u0173","description":"Kiekvienas mato, kaip tu atrodai, tik nedaugelis suvokia, kas esi. Machiavelli \u201eValdovas\" Kaip pa\u017einti \u017emones ir suprasti j\u0173 ketinimus? Kas yra","robots":{"index":"index","follow":"follow","max-snippet":"max-snippet:-1","max-image-preview":"max-image-preview:large","max-video-preview":"max-video-preview:-1"},"canonical":"https:\/\/skaitytaknyga.lt\/en\/produktas\/manipuliuotojai-tarp-musu\/","og_locale":"en_GB","og_type":"article","og_title":"[:lt]Manipuliuotojai tarp m\u016bs\u0173[:] - Skaitytaknyga","og_description":"Kiekvienas mato, kaip tu atrodai, tik nedaugelis suvokia, kas esi. Machiavelli \u201eValdovas\" Kaip pa\u017einti \u017emones ir suprasti j\u0173 ketinimus? Kas yra","og_url":"https:\/\/skaitytaknyga.lt\/en\/produktas\/manipuliuotojai-tarp-musu\/","og_site_name":"Skaitytaknyga","article_publisher":"https:\/\/www.facebook.com\/skaitytaknyga\/","article_modified_time":"2025-05-15T11:51:52+00:00","og_image":[{"width":482,"height":722,"url":"https:\/\/skaitytaknyga.lt\/wp-content\/uploads\/2025\/04\/Manipuliuotojai-tarp-musu.webp","type":"image\/webp"}],"twitter_card":"summary_large_image","twitter_misc":{"Estimated reading time":"2 minutes"},"schema":{"@context":"https:\/\/schema.org","@graph":[{"@type":"WebPage","@id":"https:\/\/skaitytaknyga.lt\/produktas\/manipuliuotojai-tarp-musu\/","url":"https:\/\/skaitytaknyga.lt\/produktas\/manipuliuotojai-tarp-musu\/","name":"Manipuliuotojai tarp m\u016bs\u0173","isPartOf":{"@id":"https:\/\/skaitytaknyga.lt\/#website"},"primaryImageOfPage":{"@id":"https:\/\/skaitytaknyga.lt\/produktas\/manipuliuotojai-tarp-musu\/#primaryimage"},"image":{"@id":"https:\/\/skaitytaknyga.lt\/produktas\/manipuliuotojai-tarp-musu\/#primaryimage"},"thumbnailUrl":"https:\/\/skaitytaknyga.lt\/wp-content\/uploads\/2025\/04\/Manipuliuotojai-tarp-musu.webp","datePublished":"2025-04-16T06:28:10+00:00","dateModified":"2025-05-15T11:51:52+00:00","description":"Kiekvienas mato, kaip tu atrodai, tik nedaugelis suvokia, kas esi. Machiavelli \u201eValdovas\" Kaip pa\u017einti \u017emones ir suprasti j\u0173 ketinimus? Kas yra","breadcrumb":{"@id":"https:\/\/skaitytaknyga.lt\/produktas\/manipuliuotojai-tarp-musu\/#breadcrumb"},"inLanguage":"en-GB","potentialAction":[{"@type":"ReadAction","target":["https:\/\/skaitytaknyga.lt\/produktas\/manipuliuotojai-tarp-musu\/"]}]},{"@type":"ImageObject","inLanguage":"en-GB","@id":"https:\/\/skaitytaknyga.lt\/produktas\/manipuliuotojai-tarp-musu\/#primaryimage","url":"https:\/\/skaitytaknyga.lt\/wp-content\/uploads\/2025\/04\/Manipuliuotojai-tarp-musu.webp","contentUrl":"https:\/\/skaitytaknyga.lt\/wp-content\/uploads\/2025\/04\/Manipuliuotojai-tarp-musu.webp","width":482,"height":722,"caption":"Manipuliuotojai tarp m\u016bs\u0173"},{"@type":"BreadcrumbList","@id":"https:\/\/skaitytaknyga.lt\/produktas\/manipuliuotojai-tarp-musu\/#breadcrumb","itemListElement":[{"@type":"ListItem","position":1,"name":"Home","item":"https:\/\/skaitytaknyga.lt\/"},{"@type":"ListItem","position":2,"name":"Parduotuv\u0117","item":"https:\/\/skaitytaknyga.lt\/knygu-parduotuve\/"},{"@type":"ListItem","position":3,"name":"Manipuliuotojai tarp m\u016bs\u0173"}]},{"@type":"WebSite","@id":"https:\/\/skaitytaknyga.lt\/#website","url":"https:\/\/skaitytaknyga.lt\/","name":"skaitytaknyga.lt","description":"Skaitytaknyga.lt \u2013 tai ma\u017eas \u0161eimos verslas, kuris prasid\u0117jo nuo meil\u0117s knygoms ir siekio i\u0161gelb\u0117ti knygas nuo likimo prie konteinerio. Kas vienam nereikalingas daiktas \u2013 kitam lobis, o mes esame tarpininkai, kurie padeda abiems tapti laimingesniems ???? \u017dinome kaip nelengva i\u0161gyventi ma\u017eiems verslams, tad nuo \u0161iol, \u010dia rasite ir kit\u0173, ma\u017e\u0173 \u0161eim\u0173 versl\u0173, rank\u0173 darbo, dovan\u0173 sau ir artimiesiems.","publisher":{"@id":"https:\/\/skaitytaknyga.lt\/#organization"},"potentialAction":[{"@type":"SearchAction","target":{"@type":"EntryPoint","urlTemplate":"https:\/\/skaitytaknyga.lt\/?s={search_term_string}"},"query-input":{"@type":"PropertyValueSpecification","valueRequired":true,"valueName":"search_term_string"}}],"inLanguage":"en-GB"},{"@type":"Organization","@id":"https:\/\/skaitytaknyga.lt\/#organization","name":"skaitytaknyga.lt","url":"https:\/\/skaitytaknyga.lt\/","logo":{"@type":"ImageObject","inLanguage":"en-GB","@id":"https:\/\/skaitytaknyga.lt\/#\/schema\/logo\/image\/","url":"https:\/\/skaitytaknyga.lt\/wp-content\/uploads\/2024\/05\/cropped-cropped-cropped-02_00843_jt3bggkj1j3HLc7SyY6rEUpg.jpeg","contentUrl":"https:\/\/skaitytaknyga.lt\/wp-content\/uploads\/2024\/05\/cropped-cropped-cropped-02_00843_jt3bggkj1j3HLc7SyY6rEUpg.jpeg","width":1600,"height":1600,"caption":"skaitytaknyga.lt"},"image":{"@id":"https:\/\/skaitytaknyga.lt\/#\/schema\/logo\/image\/"},"sameAs":["https:\/\/www.facebook.com\/skaitytaknyga\/"]}]}},"_links":{"self":[{"href":"https:\/\/skaitytaknyga.lt\/en\/wp-json\/wp\/v2\/product\/17846","targetHints":{"allow":["GET"]}}],"collection":[{"href":"https:\/\/skaitytaknyga.lt\/en\/wp-json\/wp\/v2\/product"}],"about":[{"href":"https:\/\/skaitytaknyga.lt\/en\/wp-json\/wp\/v2\/types\/product"}],"replies":[{"embeddable":true,"href":"https:\/\/skaitytaknyga.lt\/en\/wp-json\/wp\/v2\/comments?post=17846"}],"wp:featuredmedia":[{"embeddable":true,"href":"https:\/\/skaitytaknyga.lt\/en\/wp-json\/wp\/v2\/media\/17847"}],"wp:attachment":[{"href":"https:\/\/skaitytaknyga.lt\/en\/wp-json\/wp\/v2\/media?parent=17846"}],"wp:term":[{"taxonomy":"product_brand","embeddable":true,"href":"https:\/\/skaitytaknyga.lt\/en\/wp-json\/wp\/v2\/product_brand?post=17846"},{"taxonomy":"product_cat","embeddable":true,"href":"https:\/\/skaitytaknyga.lt\/en\/wp-json\/wp\/v2\/product_cat?post=17846"},{"taxonomy":"product_tag","embeddable":true,"href":"https:\/\/skaitytaknyga.lt\/en\/wp-json\/wp\/v2\/product_tag?post=17846"}],"curies":[{"name":"wp","href":"https:\/\/api.w.org\/{rel}","templated":true}]}}