{"id":17844,"date":"2025-01-16T09:26:35","date_gmt":"2025-01-16T07:26:35","guid":{"rendered":"https:\/\/skaitytaknyga.lt\/?post_type=product&#038;p=17844"},"modified":"2025-07-09T12:58:07","modified_gmt":"2025-07-09T09:58:07","slug":"mamyte-ir-gyvenimo-prasme","status":"publish","type":"product","link":"https:\/\/skaitytaknyga.lt\/en\/produktas\/mamyte-ir-gyvenimo-prasme\/","title":{"rendered":"Mamyt\u0117 ir gyvenimo prasm\u0117"},"content":{"rendered":"<p><strong>Irvinas D. Yalomas<\/strong>\u00a0\u2013 garsus amerikie\u010di\u0173 psichoterapeutas, vienas ry\u0161kiausi\u0173 humanistin\u0117s \u2013 egzistencin\u0117s krypties atstov\u0173, fundamentali\u0173 veikal\u0173, skirt\u0173 grupinei ir egzistencinei psichoterapijai, autorius.<\/p>\n<p>\u0160e\u0161iose novel\u0117se I. Yalomas, remdamasis asmenine ir profesine patirtimi, kalba apie paciento ir psichoterapeuto ry\u0161\u012f, skaitytoj\u0105 panardina \u012f kvap\u0105 gniau\u017eian\u010dias kan\u010dios ir gijimo istorijas. Po autoriaus sapnus ir mintis klaid\u017eioja Paula, \u201emirties kurtizan\u0117\u201c, Mirna, vog\u010dia nugirdusi konfidencialias psichoterapeuto pastabas, Magnolija, \u012f kurios erdv\u0173 skreit\u0105 Yalomas trok\u0161ta i\u0161lieti savo r\u016bpes\u010dius, mama &#8211; irzli, valdinga, slegianti s\u016bn\u0173 savo meile ir nepritarimu&#8230;<\/p>\n<p>Knyga tiks filosofija psichologija ir psichoterapija besidomin\u010diam skaitytojui, taip pat kiekvienam, kuris \u017eavisi I. Yalomo knygomis, o ypa\u010d tiems, kurie su malonumu perskait\u0117 \u201eMeil\u0117s budel\u012f\u201c ar \u201eMelag\u012f ant ku\u0161et\u0117s\u201c.<\/p>\n<ul class=\"about-product d-none d-xl-block mt-4\">\n<li><strong>Autorius:<\/strong>\u00a0Irvin D. Yalom<\/li>\n<li><strong>Leid\u0117jas<\/strong>\u00a0Vaga<\/li>\n<li><strong>Metai:<\/strong>\u00a02012<\/li>\n<li><strong>Puslapiai:<\/strong>\u00a0320<\/li>\n<li class=\"toggleable type-new-formats \"><strong>ISBN :\u00a0<\/strong>9785415022601<\/li>\n<li><strong>Versijos kodas:<\/strong>\u00a0PT.<\/li>\n<li class=\"toggleable type-new-formats \"><strong>Formatas:<\/strong>\u00a014,5 x 21,5 cm, mink\u0161ti vir\u0161eliai<\/li>\n<li><strong>Kalba:<\/strong>\u00a0Lietuvi\u0173<\/li>\n<li><strong>Vert\u0117jas:<\/strong>\u00a0Viktorija Labuckien\u0117<\/li>\n<\/ul>\n","protected":false},"excerpt":{"rendered":"<p>Irvinas D. Yalomas\u00a0\u2013 garsus amerikie\u010di\u0173 psichoterapeutas, vienas ry\u0161kiausi\u0173 humanistin\u0117s \u2013 egzistencin\u0117s krypties atstov\u0173, fundamentali\u0173 veikal\u0173, skirt\u0173 grupinei ir egzistencinei psichoterapijai, autorius. \u0160e\u0161iose novel\u0117se I. Yalomas, remdamasis asmenine ir profesine patirtimi, kalba apie paciento ir psichoterapeuto ry\u0161\u012f, skaitytoj\u0105 panardina \u012f kvap\u0105 gniau\u017eian\u010dias kan\u010dios ir gijimo istorijas. Po autoriaus sapnus ir mintis klaid\u017eioja Paula, \u201emirties kurtizan\u0117\u201c, Mirna, vog\u010dia nugirdusi konfidencialias psichoterapeuto pastabas, Magnolija, \u012f kurios erdv\u0173 skreit\u0105 Yalomas trok\u0161ta i\u0161lieti savo r\u016bpes\u010dius, mama &#8211; irzli, valdinga, slegianti s\u016bn\u0173 savo meile ir nepritarimu&#8230; Knyga tiks filosofija psichologija ir psichoterapija besidomin\u010diam skaitytojui, taip pat kiekvienam, kuris \u017eavisi I. Yalomo knygomis, o ypa\u010d tiems, kurie su malonumu perskait\u0117 \u201eMeil\u0117s budel\u012f\u201c ar \u201eMelag\u012f ant ku\u0161et\u0117s\u201c. Autorius:\u00a0Irvin D. Yalom Leid\u0117jas\u00a0Vaga Metai:\u00a02012 Puslapiai:\u00a0320 ISBN :\u00a09785415022601 Versijos kodas:\u00a0PT. Formatas:\u00a014,5 x 21,5 cm, mink\u0161ti vir\u0161eliai Kalba:\u00a0Lietuvi\u0173 Vert\u0117jas:\u00a0Viktorija Labuckien\u0117<\/p>\n","protected":false},"featured_media":17845,"comment_status":"open","ping_status":"closed","template":"","meta":{"_acf_changed":false,"site-sidebar-layout":"default","site-content-layout":"","ast-site-content-layout":"default","site-content-style":"default","site-sidebar-style":"default","ast-global-header-display":"","ast-banner-title-visibility":"","ast-main-header-display":"","ast-hfb-above-header-display":"","ast-hfb-below-header-display":"","ast-hfb-mobile-header-display":"","site-post-title":"","ast-breadcrumbs-content":"","ast-featured-img":"","footer-sml-layout":"","ast-disable-related-posts":"","theme-transparent-header-meta":"default","adv-header-id-meta":"","stick-header-meta":"","header-above-stick-meta":"","header-main-stick-meta":"","header-below-stick-meta":"","astra-migrate-meta-layouts":"set","ast-page-background-enabled":"default","ast-page-background-meta":{"desktop":{"background-color":"","background-image":"","background-repeat":"repeat","background-position":"center center","background-size":"auto","background-attachment":"scroll","background-type":"","background-media":"","overlay-type":"","overlay-color":"","overlay-opacity":"","overlay-gradient":""},"tablet":{"background-color":"","background-image":"","background-repeat":"repeat","background-position":"center center","background-size":"auto","background-attachment":"scroll","background-type":"","background-media":"","overlay-type":"","overlay-color":"","overlay-opacity":"","overlay-gradient":""},"mobile":{"background-color":"","background-image":"","background-repeat":"repeat","background-position":"center center","background-size":"auto","background-attachment":"scroll","background-type":"","background-media":"","overlay-type":"","overlay-color":"","overlay-opacity":"","overlay-gradient":""}},"ast-content-background-meta":{"desktop":{"background-color":"var(--ast-global-color-4)","background-image":"","background-repeat":"repeat","background-position":"center center","background-size":"auto","background-attachment":"scroll","background-type":"","background-media":"","overlay-type":"","overlay-color":"","overlay-opacity":"","overlay-gradient":""},"tablet":{"background-color":"var(--ast-global-color-4)","background-image":"","background-repeat":"repeat","background-position":"center center","background-size":"auto","background-attachment":"scroll","background-type":"","background-media":"","overlay-type":"","overlay-color":"","overlay-opacity":"","overlay-gradient":""},"mobile":{"background-color":"var(--ast-global-color-4)","background-image":"","background-repeat":"repeat","background-position":"center center","background-size":"auto","background-attachment":"scroll","background-type":"","background-media":"","overlay-type":"","overlay-color":"","overlay-opacity":"","overlay-gradient":""}}},"product_brand":[],"product_cat":[30,15],"product_tag":[2819,1467,4982,3429],"class_list":{"0":"post-17844","1":"product","2":"type-product","3":"status-publish","4":"has-post-thumbnail","6":"product_cat-psichologija-ir-saviugda","7":"product_cat-uncategorized","8":"product_tag-egzistencializmas","9":"product_tag-filosofija","10":"product_tag-irvin-d-yalom","11":"product_tag-psichoterapija","12":"desktop-align-left","13":"tablet-align-left","14":"mobile-align-left","16":"first","17":"outofstock","18":"shipping-taxable","19":"purchasable","20":"product-type-simple"},"acf":[],"yoast_head":"<!-- This site is optimized with the Yoast SEO plugin v27.4 - https:\/\/yoast.com\/product\/yoast-seo-wordpress\/ -->\n<title>Mamyt\u0117 ir gyvenimo prasm\u0117<\/title>\n<meta name=\"description\" content=\"Irvinas D. Yalomas\u00a0\u2013 garsus amerikie\u010di\u0173 psichoterapeutas, vienas ry\u0161kiausi\u0173 humanistin\u0117s \u2013 egzistencin\u0117s krypties atstov\u0173, fundamentali\u0173 veikal\u0173, skirt\u0173\" \/>\n<meta name=\"robots\" content=\"index, follow, max-snippet:-1, max-image-preview:large, max-video-preview:-1\" \/>\n<link rel=\"canonical\" href=\"https:\/\/skaitytaknyga.lt\/en\/produktas\/mamyte-ir-gyvenimo-prasme\/\" \/>\n<meta property=\"og:locale\" content=\"en_GB\" \/>\n<meta property=\"og:locale:alternate\" content=\"lt_LT\" \/>\n<meta property=\"og:type\" content=\"article\" \/>\n<meta property=\"og:title\" content=\"Mamyt\u0117 ir gyvenimo prasm\u0117\" \/>\n<meta property=\"og:description\" content=\"Irvinas D. Yalomas\u00a0\u2013 garsus amerikie\u010di\u0173 psichoterapeutas, vienas ry\u0161kiausi\u0173 humanistin\u0117s \u2013 egzistencin\u0117s krypties atstov\u0173, fundamentali\u0173 veikal\u0173, skirt\u0173\" \/>\n<meta property=\"og:url\" content=\"https:\/\/skaitytaknyga.lt\/en\/produktas\/mamyte-ir-gyvenimo-prasme\/\" \/>\n<meta property=\"og:site_name\" content=\"Skaitytaknyga\" \/>\n<meta property=\"article:publisher\" content=\"https:\/\/www.facebook.com\/skaitytaknyga\/\" \/>\n<meta property=\"article:modified_time\" content=\"2025-07-09T09:58:07+00:00\" \/>\n<meta property=\"og:image\" content=\"https:\/\/skaitytaknyga.lt\/wp-content\/uploads\/2025\/04\/Mamyte-ir-gyvenimo-prasme.webp\" \/>\n\t<meta property=\"og:image:width\" content=\"283\" \/>\n\t<meta property=\"og:image:height\" content=\"424\" \/>\n\t<meta property=\"og:image:type\" content=\"image\/webp\" \/>\n<meta name=\"twitter:card\" content=\"summary_large_image\" \/>\n<meta name=\"twitter:label1\" content=\"Estimated reading time\" \/>\n\t<meta name=\"twitter:data1\" content=\"1 minute\" \/>\n<script type=\"application\/ld+json\" class=\"yoast-schema-graph\">{\"@context\":\"https:\\\/\\\/schema.org\",\"@graph\":[{\"@type\":\"WebPage\",\"@id\":\"https:\\\/\\\/skaitytaknyga.lt\\\/produktas\\\/mamyte-ir-gyvenimo-prasme\\\/\",\"url\":\"https:\\\/\\\/skaitytaknyga.lt\\\/produktas\\\/mamyte-ir-gyvenimo-prasme\\\/\",\"name\":\"Mamyt\u0117 ir gyvenimo prasm\u0117\",\"isPartOf\":{\"@id\":\"https:\\\/\\\/skaitytaknyga.lt\\\/#website\"},\"primaryImageOfPage\":{\"@id\":\"https:\\\/\\\/skaitytaknyga.lt\\\/produktas\\\/mamyte-ir-gyvenimo-prasme\\\/#primaryimage\"},\"image\":{\"@id\":\"https:\\\/\\\/skaitytaknyga.lt\\\/produktas\\\/mamyte-ir-gyvenimo-prasme\\\/#primaryimage\"},\"thumbnailUrl\":\"https:\\\/\\\/skaitytaknyga.lt\\\/wp-content\\\/uploads\\\/2025\\\/04\\\/Mamyte-ir-gyvenimo-prasme.webp\",\"datePublished\":\"2025-01-16T07:26:35+00:00\",\"dateModified\":\"2025-07-09T09:58:07+00:00\",\"description\":\"Irvinas D. Yalomas\u00a0\u2013 garsus amerikie\u010di\u0173 psichoterapeutas, vienas ry\u0161kiausi\u0173 humanistin\u0117s \u2013 egzistencin\u0117s krypties atstov\u0173, fundamentali\u0173 veikal\u0173, skirt\u0173\",\"breadcrumb\":{\"@id\":\"https:\\\/\\\/skaitytaknyga.lt\\\/produktas\\\/mamyte-ir-gyvenimo-prasme\\\/#breadcrumb\"},\"inLanguage\":\"en-GB\",\"potentialAction\":[{\"@type\":\"ReadAction\",\"target\":[\"https:\\\/\\\/skaitytaknyga.lt\\\/produktas\\\/mamyte-ir-gyvenimo-prasme\\\/\"]}]},{\"@type\":\"ImageObject\",\"inLanguage\":\"en-GB\",\"@id\":\"https:\\\/\\\/skaitytaknyga.lt\\\/produktas\\\/mamyte-ir-gyvenimo-prasme\\\/#primaryimage\",\"url\":\"https:\\\/\\\/skaitytaknyga.lt\\\/wp-content\\\/uploads\\\/2025\\\/04\\\/Mamyte-ir-gyvenimo-prasme.webp\",\"contentUrl\":\"https:\\\/\\\/skaitytaknyga.lt\\\/wp-content\\\/uploads\\\/2025\\\/04\\\/Mamyte-ir-gyvenimo-prasme.webp\",\"width\":283,\"height\":424,\"caption\":\"Mamyt\u0117 ir gyvenimo prasm\u0117\"},{\"@type\":\"BreadcrumbList\",\"@id\":\"https:\\\/\\\/skaitytaknyga.lt\\\/produktas\\\/mamyte-ir-gyvenimo-prasme\\\/#breadcrumb\",\"itemListElement\":[{\"@type\":\"ListItem\",\"position\":1,\"name\":\"Home\",\"item\":\"https:\\\/\\\/skaitytaknyga.lt\\\/\"},{\"@type\":\"ListItem\",\"position\":2,\"name\":\"Parduotuv\u0117\",\"item\":\"https:\\\/\\\/skaitytaknyga.lt\\\/knygu-parduotuve\\\/\"},{\"@type\":\"ListItem\",\"position\":3,\"name\":\"Mamyt\u0117 ir gyvenimo prasm\u0117\"}]},{\"@type\":\"WebSite\",\"@id\":\"https:\\\/\\\/skaitytaknyga.lt\\\/#website\",\"url\":\"https:\\\/\\\/skaitytaknyga.lt\\\/\",\"name\":\"skaitytaknyga.lt\",\"description\":\"Skaitytaknyga.lt \u2013 tai ma\u017eas \u0161eimos verslas, kuris prasid\u0117jo nuo meil\u0117s knygoms ir siekio i\u0161gelb\u0117ti knygas nuo likimo prie konteinerio. Kas vienam nereikalingas daiktas \u2013 kitam lobis, o mes esame tarpininkai, kurie padeda abiems tapti laimingesniems ???? \u017dinome kaip nelengva i\u0161gyventi ma\u017eiems verslams, tad nuo \u0161iol, \u010dia rasite ir kit\u0173, ma\u017e\u0173 \u0161eim\u0173 versl\u0173, rank\u0173 darbo, dovan\u0173 sau ir artimiesiems.\",\"publisher\":{\"@id\":\"https:\\\/\\\/skaitytaknyga.lt\\\/#organization\"},\"potentialAction\":[{\"@type\":\"SearchAction\",\"target\":{\"@type\":\"EntryPoint\",\"urlTemplate\":\"https:\\\/\\\/skaitytaknyga.lt\\\/?s={search_term_string}\"},\"query-input\":{\"@type\":\"PropertyValueSpecification\",\"valueRequired\":true,\"valueName\":\"search_term_string\"}}],\"inLanguage\":\"en-GB\"},{\"@type\":\"Organization\",\"@id\":\"https:\\\/\\\/skaitytaknyga.lt\\\/#organization\",\"name\":\"skaitytaknyga.lt\",\"url\":\"https:\\\/\\\/skaitytaknyga.lt\\\/\",\"logo\":{\"@type\":\"ImageObject\",\"inLanguage\":\"en-GB\",\"@id\":\"https:\\\/\\\/skaitytaknyga.lt\\\/#\\\/schema\\\/logo\\\/image\\\/\",\"url\":\"https:\\\/\\\/skaitytaknyga.lt\\\/wp-content\\\/uploads\\\/2024\\\/05\\\/cropped-cropped-cropped-02_00843_jt3bggkj1j3HLc7SyY6rEUpg.jpeg\",\"contentUrl\":\"https:\\\/\\\/skaitytaknyga.lt\\\/wp-content\\\/uploads\\\/2024\\\/05\\\/cropped-cropped-cropped-02_00843_jt3bggkj1j3HLc7SyY6rEUpg.jpeg\",\"width\":1600,\"height\":1600,\"caption\":\"skaitytaknyga.lt\"},\"image\":{\"@id\":\"https:\\\/\\\/skaitytaknyga.lt\\\/#\\\/schema\\\/logo\\\/image\\\/\"},\"sameAs\":[\"https:\\\/\\\/www.facebook.com\\\/skaitytaknyga\\\/\"]}]}<\/script>\n<!-- \/ Yoast SEO plugin. -->","yoast_head_json":{"title":"Mamyt\u0117 ir gyvenimo prasm\u0117","description":"Irvinas D. Yalomas\u00a0\u2013 garsus amerikie\u010di\u0173 psichoterapeutas, vienas ry\u0161kiausi\u0173 humanistin\u0117s \u2013 egzistencin\u0117s krypties atstov\u0173, fundamentali\u0173 veikal\u0173, skirt\u0173","robots":{"index":"index","follow":"follow","max-snippet":"max-snippet:-1","max-image-preview":"max-image-preview:large","max-video-preview":"max-video-preview:-1"},"canonical":"https:\/\/skaitytaknyga.lt\/en\/produktas\/mamyte-ir-gyvenimo-prasme\/","og_locale":"en_GB","og_type":"article","og_title":"[:lt]Mamyt\u0117 ir gyvenimo prasm\u0117[:] - Skaitytaknyga","og_description":"Irvinas D. Yalomas\u00a0\u2013 garsus amerikie\u010di\u0173 psichoterapeutas, vienas ry\u0161kiausi\u0173 humanistin\u0117s \u2013 egzistencin\u0117s krypties atstov\u0173, fundamentali\u0173 veikal\u0173, skirt\u0173","og_url":"https:\/\/skaitytaknyga.lt\/en\/produktas\/mamyte-ir-gyvenimo-prasme\/","og_site_name":"Skaitytaknyga","article_publisher":"https:\/\/www.facebook.com\/skaitytaknyga\/","article_modified_time":"2025-07-09T09:58:07+00:00","og_image":[{"width":283,"height":424,"url":"https:\/\/skaitytaknyga.lt\/wp-content\/uploads\/2025\/04\/Mamyte-ir-gyvenimo-prasme.webp","type":"image\/webp"}],"twitter_card":"summary_large_image","twitter_misc":{"Estimated reading time":"1 minute"},"schema":{"@context":"https:\/\/schema.org","@graph":[{"@type":"WebPage","@id":"https:\/\/skaitytaknyga.lt\/produktas\/mamyte-ir-gyvenimo-prasme\/","url":"https:\/\/skaitytaknyga.lt\/produktas\/mamyte-ir-gyvenimo-prasme\/","name":"Mamyt\u0117 ir gyvenimo prasm\u0117","isPartOf":{"@id":"https:\/\/skaitytaknyga.lt\/#website"},"primaryImageOfPage":{"@id":"https:\/\/skaitytaknyga.lt\/produktas\/mamyte-ir-gyvenimo-prasme\/#primaryimage"},"image":{"@id":"https:\/\/skaitytaknyga.lt\/produktas\/mamyte-ir-gyvenimo-prasme\/#primaryimage"},"thumbnailUrl":"https:\/\/skaitytaknyga.lt\/wp-content\/uploads\/2025\/04\/Mamyte-ir-gyvenimo-prasme.webp","datePublished":"2025-01-16T07:26:35+00:00","dateModified":"2025-07-09T09:58:07+00:00","description":"Irvinas D. Yalomas\u00a0\u2013 garsus amerikie\u010di\u0173 psichoterapeutas, vienas ry\u0161kiausi\u0173 humanistin\u0117s \u2013 egzistencin\u0117s krypties atstov\u0173, fundamentali\u0173 veikal\u0173, skirt\u0173","breadcrumb":{"@id":"https:\/\/skaitytaknyga.lt\/produktas\/mamyte-ir-gyvenimo-prasme\/#breadcrumb"},"inLanguage":"en-GB","potentialAction":[{"@type":"ReadAction","target":["https:\/\/skaitytaknyga.lt\/produktas\/mamyte-ir-gyvenimo-prasme\/"]}]},{"@type":"ImageObject","inLanguage":"en-GB","@id":"https:\/\/skaitytaknyga.lt\/produktas\/mamyte-ir-gyvenimo-prasme\/#primaryimage","url":"https:\/\/skaitytaknyga.lt\/wp-content\/uploads\/2025\/04\/Mamyte-ir-gyvenimo-prasme.webp","contentUrl":"https:\/\/skaitytaknyga.lt\/wp-content\/uploads\/2025\/04\/Mamyte-ir-gyvenimo-prasme.webp","width":283,"height":424,"caption":"Mamyt\u0117 ir gyvenimo prasm\u0117"},{"@type":"BreadcrumbList","@id":"https:\/\/skaitytaknyga.lt\/produktas\/mamyte-ir-gyvenimo-prasme\/#breadcrumb","itemListElement":[{"@type":"ListItem","position":1,"name":"Home","item":"https:\/\/skaitytaknyga.lt\/"},{"@type":"ListItem","position":2,"name":"Parduotuv\u0117","item":"https:\/\/skaitytaknyga.lt\/knygu-parduotuve\/"},{"@type":"ListItem","position":3,"name":"Mamyt\u0117 ir gyvenimo prasm\u0117"}]},{"@type":"WebSite","@id":"https:\/\/skaitytaknyga.lt\/#website","url":"https:\/\/skaitytaknyga.lt\/","name":"skaitytaknyga.lt","description":"Skaitytaknyga.lt \u2013 tai ma\u017eas \u0161eimos verslas, kuris prasid\u0117jo nuo meil\u0117s knygoms ir siekio i\u0161gelb\u0117ti knygas nuo likimo prie konteinerio. Kas vienam nereikalingas daiktas \u2013 kitam lobis, o mes esame tarpininkai, kurie padeda abiems tapti laimingesniems ???? \u017dinome kaip nelengva i\u0161gyventi ma\u017eiems verslams, tad nuo \u0161iol, \u010dia rasite ir kit\u0173, ma\u017e\u0173 \u0161eim\u0173 versl\u0173, rank\u0173 darbo, dovan\u0173 sau ir artimiesiems.","publisher":{"@id":"https:\/\/skaitytaknyga.lt\/#organization"},"potentialAction":[{"@type":"SearchAction","target":{"@type":"EntryPoint","urlTemplate":"https:\/\/skaitytaknyga.lt\/?s={search_term_string}"},"query-input":{"@type":"PropertyValueSpecification","valueRequired":true,"valueName":"search_term_string"}}],"inLanguage":"en-GB"},{"@type":"Organization","@id":"https:\/\/skaitytaknyga.lt\/#organization","name":"skaitytaknyga.lt","url":"https:\/\/skaitytaknyga.lt\/","logo":{"@type":"ImageObject","inLanguage":"en-GB","@id":"https:\/\/skaitytaknyga.lt\/#\/schema\/logo\/image\/","url":"https:\/\/skaitytaknyga.lt\/wp-content\/uploads\/2024\/05\/cropped-cropped-cropped-02_00843_jt3bggkj1j3HLc7SyY6rEUpg.jpeg","contentUrl":"https:\/\/skaitytaknyga.lt\/wp-content\/uploads\/2024\/05\/cropped-cropped-cropped-02_00843_jt3bggkj1j3HLc7SyY6rEUpg.jpeg","width":1600,"height":1600,"caption":"skaitytaknyga.lt"},"image":{"@id":"https:\/\/skaitytaknyga.lt\/#\/schema\/logo\/image\/"},"sameAs":["https:\/\/www.facebook.com\/skaitytaknyga\/"]}]}},"_links":{"self":[{"href":"https:\/\/skaitytaknyga.lt\/en\/wp-json\/wp\/v2\/product\/17844","targetHints":{"allow":["GET"]}}],"collection":[{"href":"https:\/\/skaitytaknyga.lt\/en\/wp-json\/wp\/v2\/product"}],"about":[{"href":"https:\/\/skaitytaknyga.lt\/en\/wp-json\/wp\/v2\/types\/product"}],"replies":[{"embeddable":true,"href":"https:\/\/skaitytaknyga.lt\/en\/wp-json\/wp\/v2\/comments?post=17844"}],"wp:featuredmedia":[{"embeddable":true,"href":"https:\/\/skaitytaknyga.lt\/en\/wp-json\/wp\/v2\/media\/17845"}],"wp:attachment":[{"href":"https:\/\/skaitytaknyga.lt\/en\/wp-json\/wp\/v2\/media?parent=17844"}],"wp:term":[{"taxonomy":"product_brand","embeddable":true,"href":"https:\/\/skaitytaknyga.lt\/en\/wp-json\/wp\/v2\/product_brand?post=17844"},{"taxonomy":"product_cat","embeddable":true,"href":"https:\/\/skaitytaknyga.lt\/en\/wp-json\/wp\/v2\/product_cat?post=17844"},{"taxonomy":"product_tag","embeddable":true,"href":"https:\/\/skaitytaknyga.lt\/en\/wp-json\/wp\/v2\/product_tag?post=17844"}],"curies":[{"name":"wp","href":"https:\/\/api.w.org\/{rel}","templated":true}]}}