{"id":17841,"date":"2025-04-16T09:20:57","date_gmt":"2025-04-16T06:20:57","guid":{"rendered":"https:\/\/skaitytaknyga.lt\/?post_type=product&#038;p=17841"},"modified":"2025-12-04T11:06:28","modified_gmt":"2025-12-04T09:06:28","slug":"statybos-projektu-valdymo-pagrindai","status":"publish","type":"product","link":"https:\/\/skaitytaknyga.lt\/en\/produktas\/statybos-projektu-valdymo-pagrindai\/","title":{"rendered":"Statybos projekt\u0173 valdymo pagrindai"},"content":{"rendered":"<p>Knygoje supa\u017eindinama su statybos projekto s\u0105voka, pagrindiniais projekto tikslais ir s\u0117kmingais j\u0173 \u012fgyvendinimo b\u016bdais. supa\u017eindinama su projekt\u0173 valdymo s\u0105voka, nagrin\u0117jami atskiri statybos projekto pl\u0117tros etapai, projekto aplinkos \u012ftaka projekto rezultatams ir s\u0117kmei. Apra\u0161omos pagrindin\u0117s statybos projekto suinteresuotosios \u0161alys, pateikiami statybos projekt\u0173 valdymo modeliai. Supa\u017eindinama su pagrindiniais projekt\u0173 valdymo procesais, projekt\u0173 planavimo metodikomis. Nagrin\u0117jami projekto i\u0161tekli\u0173, kokyb\u0117s, i\u0161laid\u0173 ir rizikos valdymo principai, pateikiami pagrindiniai projekt\u0173 \u012fvertinimo metodai.<\/p>\n<p>Knyga skirta statybos, statybos valdymo ir nekilnojamo turto vadybos program\u0173 studentams, kit\u0173 specialybi\u0173 studentams, kurie domisi projekt\u0173 valdymu.<\/p>\n<ul class=\"about-product d-none d-xl-block mt-4\">\n<li><strong>Autorius:<\/strong>\u00a0Nerija Banaitien\u0117,\u00a0Audrius Banaitis<\/li>\n<li><strong>Leid\u0117jas<\/strong>\u00a0Technika<\/li>\n<li><strong>Metai:<\/strong>\u00a02006<\/li>\n<li><strong>Puslapiai:<\/strong>\u00a0204<\/li>\n<li class=\"toggleable type-new-formats \"><strong>ISBN :\u00a0<\/strong>9789986059615<\/li>\n<li><strong>Versijos kodas:<\/strong>\u00a0PT.<\/li>\n<li class=\"toggleable type-new-formats \"><strong>Formatas:<\/strong>\u00a014,5 x 20,5 x 1 cm, mink\u0161ti vir\u0161eliai<\/li>\n<li><strong>Kalba:<\/strong>\u00a0Lietuvi\u0173<\/li>\n<\/ul>\n","protected":false},"excerpt":{"rendered":"<p>Knygoje supa\u017eindinama su statybos projekto s\u0105voka, pagrindiniais projekto tikslais ir s\u0117kmingais j\u0173 \u012fgyvendinimo b\u016bdais. supa\u017eindinama su projekt\u0173 valdymo s\u0105voka, nagrin\u0117jami atskiri statybos projekto pl\u0117tros etapai, projekto aplinkos \u012ftaka projekto rezultatams ir s\u0117kmei. Apra\u0161omos pagrindin\u0117s statybos projekto suinteresuotosios \u0161alys, pateikiami statybos projekt\u0173 valdymo modeliai. Supa\u017eindinama su pagrindiniais projekt\u0173 valdymo procesais, projekt\u0173 planavimo metodikomis. Nagrin\u0117jami projekto i\u0161tekli\u0173, kokyb\u0117s, i\u0161laid\u0173 ir rizikos valdymo principai, pateikiami pagrindiniai projekt\u0173 \u012fvertinimo metodai. Knyga skirta statybos, statybos valdymo ir nekilnojamo turto vadybos program\u0173 studentams, kit\u0173 specialybi\u0173 studentams, kurie domisi projekt\u0173 valdymu. Autorius:\u00a0Nerija Banaitien\u0117,\u00a0Audrius Banaitis Leid\u0117jas\u00a0Technika Metai:\u00a02006 Puslapiai:\u00a0204 ISBN :\u00a09789986059615 Versijos kodas:\u00a0PT. Formatas:\u00a014,5 x 20,5 x 1 cm, mink\u0161ti vir\u0161eliai Kalba:\u00a0Lietuvi\u0173<\/p>\n","protected":false},"featured_media":17843,"comment_status":"open","ping_status":"closed","template":"","meta":{"_acf_changed":false,"site-sidebar-layout":"default","site-content-layout":"","ast-site-content-layout":"default","site-content-style":"default","site-sidebar-style":"default","ast-global-header-display":"","ast-banner-title-visibility":"","ast-main-header-display":"","ast-hfb-above-header-display":"","ast-hfb-below-header-display":"","ast-hfb-mobile-header-display":"","site-post-title":"","ast-breadcrumbs-content":"","ast-featured-img":"","footer-sml-layout":"","ast-disable-related-posts":"","theme-transparent-header-meta":"default","adv-header-id-meta":"","stick-header-meta":"","header-above-stick-meta":"","header-main-stick-meta":"","header-below-stick-meta":"","astra-migrate-meta-layouts":"set","ast-page-background-enabled":"default","ast-page-background-meta":{"desktop":{"background-color":"","background-image":"","background-repeat":"repeat","background-position":"center center","background-size":"auto","background-attachment":"scroll","background-type":"","background-media":"","overlay-type":"","overlay-color":"","overlay-opacity":"","overlay-gradient":""},"tablet":{"background-color":"","background-image":"","background-repeat":"repeat","background-position":"center center","background-size":"auto","background-attachment":"scroll","background-type":"","background-media":"","overlay-type":"","overlay-color":"","overlay-opacity":"","overlay-gradient":""},"mobile":{"background-color":"","background-image":"","background-repeat":"repeat","background-position":"center center","background-size":"auto","background-attachment":"scroll","background-type":"","background-media":"","overlay-type":"","overlay-color":"","overlay-opacity":"","overlay-gradient":""}},"ast-content-background-meta":{"desktop":{"background-color":"var(--ast-global-color-4)","background-image":"","background-repeat":"repeat","background-position":"center center","background-size":"auto","background-attachment":"scroll","background-type":"","background-media":"","overlay-type":"","overlay-color":"","overlay-opacity":"","overlay-gradient":""},"tablet":{"background-color":"var(--ast-global-color-4)","background-image":"","background-repeat":"repeat","background-position":"center center","background-size":"auto","background-attachment":"scroll","background-type":"","background-media":"","overlay-type":"","overlay-color":"","overlay-opacity":"","overlay-gradient":""},"mobile":{"background-color":"var(--ast-global-color-4)","background-image":"","background-repeat":"repeat","background-position":"center center","background-size":"auto","background-attachment":"scroll","background-type":"","background-media":"","overlay-type":"","overlay-color":"","overlay-opacity":"","overlay-gradient":""}}},"product_brand":[],"product_cat":[15,395],"product_tag":[3500,3499,3498,3497],"class_list":{"0":"post-17841","1":"product","2":"type-product","3":"status-publish","4":"has-post-thumbnail","6":"product_cat-uncategorized","7":"product_cat-statyba-technika","8":"product_tag-audrius-banaitis","9":"product_tag-nerija-banaitiene","10":"product_tag-projektu-valdymas","11":"product_tag-statybos","12":"desktop-align-left","13":"tablet-align-left","14":"mobile-align-left","16":"first","17":"outofstock","18":"shipping-taxable","19":"purchasable","20":"product-type-simple"},"acf":[],"yoast_head":"<!-- This site is optimized with the Yoast SEO plugin v27.0 - https:\/\/yoast.com\/product\/yoast-seo-wordpress\/ -->\n<title>Statybos projekt\u0173 valdymo pagrindai<\/title>\n<meta name=\"description\" content=\"Knygoje supa\u017eindinama su statybos projekto s\u0105voka, pagrindiniais projekto tikslais ir s\u0117kmingais j\u0173 \u012fgyvendinimo b\u016bdais. supa\u017eindinama su projekt\u0173 valdymo\" \/>\n<meta name=\"robots\" content=\"index, follow, max-snippet:-1, max-image-preview:large, max-video-preview:-1\" \/>\n<link rel=\"canonical\" href=\"https:\/\/skaitytaknyga.lt\/en\/produktas\/statybos-projektu-valdymo-pagrindai\/\" \/>\n<meta property=\"og:locale\" content=\"en_GB\" \/>\n<meta property=\"og:locale:alternate\" content=\"lt_LT\" \/>\n<meta property=\"og:type\" content=\"article\" \/>\n<meta property=\"og:title\" content=\"Statybos projekt\u0173 valdymo pagrindai\" \/>\n<meta property=\"og:description\" content=\"Knygoje supa\u017eindinama su statybos projekto s\u0105voka, pagrindiniais projekto tikslais ir s\u0117kmingais j\u0173 \u012fgyvendinimo b\u016bdais. supa\u017eindinama su projekt\u0173 valdymo\" \/>\n<meta property=\"og:url\" content=\"https:\/\/skaitytaknyga.lt\/en\/produktas\/statybos-projektu-valdymo-pagrindai\/\" \/>\n<meta property=\"og:site_name\" content=\"Skaitytaknyga\" \/>\n<meta property=\"article:publisher\" content=\"https:\/\/www.facebook.com\/skaitytaknyga\/\" \/>\n<meta property=\"article:modified_time\" content=\"2025-12-04T09:06:28+00:00\" \/>\n<meta property=\"og:image\" content=\"https:\/\/skaitytaknyga.lt\/wp-content\/uploads\/2025\/04\/Statybos-projektu-valdymo-pagrindai-e1744784741254.jpg\" \/>\n\t<meta property=\"og:image:width\" content=\"681\" \/>\n\t<meta property=\"og:image:height\" content=\"1000\" \/>\n\t<meta property=\"og:image:type\" content=\"image\/jpeg\" \/>\n<meta name=\"twitter:card\" content=\"summary_large_image\" \/>\n<meta name=\"twitter:label1\" content=\"Estimated reading time\" \/>\n\t<meta name=\"twitter:data1\" content=\"1 minute\" \/>\n<script type=\"application\/ld+json\" class=\"yoast-schema-graph\">{\"@context\":\"https:\/\/schema.org\",\"@graph\":[{\"@type\":\"WebPage\",\"@id\":\"https:\/\/skaitytaknyga.lt\/produktas\/statybos-projektu-valdymo-pagrindai\/\",\"url\":\"https:\/\/skaitytaknyga.lt\/produktas\/statybos-projektu-valdymo-pagrindai\/\",\"name\":\"Statybos projekt\u0173 valdymo pagrindai\",\"isPartOf\":{\"@id\":\"https:\/\/skaitytaknyga.lt\/#website\"},\"primaryImageOfPage\":{\"@id\":\"https:\/\/skaitytaknyga.lt\/produktas\/statybos-projektu-valdymo-pagrindai\/#primaryimage\"},\"image\":{\"@id\":\"https:\/\/skaitytaknyga.lt\/produktas\/statybos-projektu-valdymo-pagrindai\/#primaryimage\"},\"thumbnailUrl\":\"https:\/\/skaitytaknyga.lt\/wp-content\/uploads\/2025\/04\/Statybos-projektu-valdymo-pagrindai-e1744784741254.jpg\",\"datePublished\":\"2025-04-16T06:20:57+00:00\",\"dateModified\":\"2025-12-04T09:06:28+00:00\",\"description\":\"Knygoje supa\u017eindinama su statybos projekto s\u0105voka, pagrindiniais projekto tikslais ir s\u0117kmingais j\u0173 \u012fgyvendinimo b\u016bdais. supa\u017eindinama su projekt\u0173 valdymo\",\"breadcrumb\":{\"@id\":\"https:\/\/skaitytaknyga.lt\/produktas\/statybos-projektu-valdymo-pagrindai\/#breadcrumb\"},\"inLanguage\":\"en-GB\",\"potentialAction\":[{\"@type\":\"ReadAction\",\"target\":[\"https:\/\/skaitytaknyga.lt\/produktas\/statybos-projektu-valdymo-pagrindai\/\"]}]},{\"@type\":\"ImageObject\",\"inLanguage\":\"en-GB\",\"@id\":\"https:\/\/skaitytaknyga.lt\/produktas\/statybos-projektu-valdymo-pagrindai\/#primaryimage\",\"url\":\"https:\/\/skaitytaknyga.lt\/wp-content\/uploads\/2025\/04\/Statybos-projektu-valdymo-pagrindai-e1744784741254.jpg\",\"contentUrl\":\"https:\/\/skaitytaknyga.lt\/wp-content\/uploads\/2025\/04\/Statybos-projektu-valdymo-pagrindai-e1744784741254.jpg\",\"width\":681,\"height\":1000,\"caption\":\"Statybos projekt\u0173 valdymo pagrindai\"},{\"@type\":\"BreadcrumbList\",\"@id\":\"https:\/\/skaitytaknyga.lt\/produktas\/statybos-projektu-valdymo-pagrindai\/#breadcrumb\",\"itemListElement\":[{\"@type\":\"ListItem\",\"position\":1,\"name\":\"Home\",\"item\":\"https:\/\/skaitytaknyga.lt\/\"},{\"@type\":\"ListItem\",\"position\":2,\"name\":\"Parduotuv\u0117\",\"item\":\"https:\/\/skaitytaknyga.lt\/knygu-parduotuve\/\"},{\"@type\":\"ListItem\",\"position\":3,\"name\":\"Statybos projekt\u0173 valdymo pagrindai\"}]},{\"@type\":\"WebSite\",\"@id\":\"https:\/\/skaitytaknyga.lt\/#website\",\"url\":\"https:\/\/skaitytaknyga.lt\/\",\"name\":\"skaitytaknyga.lt\",\"description\":\"Skaitytaknyga.lt \u2013 tai ma\u017eas \u0161eimos verslas, kuris prasid\u0117jo nuo meil\u0117s knygoms ir siekio i\u0161gelb\u0117ti knygas nuo likimo prie konteinerio. Kas vienam nereikalingas daiktas \u2013 kitam lobis, o mes esame tarpininkai, kurie padeda abiems tapti laimingesniems ???? \u017dinome kaip nelengva i\u0161gyventi ma\u017eiems verslams, tad nuo \u0161iol, \u010dia rasite ir kit\u0173, ma\u017e\u0173 \u0161eim\u0173 versl\u0173, rank\u0173 darbo, dovan\u0173 sau ir artimiesiems.\",\"publisher\":{\"@id\":\"https:\/\/skaitytaknyga.lt\/#organization\"},\"potentialAction\":[{\"@type\":\"SearchAction\",\"target\":{\"@type\":\"EntryPoint\",\"urlTemplate\":\"https:\/\/skaitytaknyga.lt\/?s={search_term_string}\"},\"query-input\":{\"@type\":\"PropertyValueSpecification\",\"valueRequired\":true,\"valueName\":\"search_term_string\"}}],\"inLanguage\":\"en-GB\"},{\"@type\":\"Organization\",\"@id\":\"https:\/\/skaitytaknyga.lt\/#organization\",\"name\":\"skaitytaknyga.lt\",\"url\":\"https:\/\/skaitytaknyga.lt\/\",\"logo\":{\"@type\":\"ImageObject\",\"inLanguage\":\"en-GB\",\"@id\":\"https:\/\/skaitytaknyga.lt\/#\/schema\/logo\/image\/\",\"url\":\"https:\/\/skaitytaknyga.lt\/wp-content\/uploads\/2024\/05\/cropped-cropped-cropped-02_00843_jt3bggkj1j3HLc7SyY6rEUpg.jpeg\",\"contentUrl\":\"https:\/\/skaitytaknyga.lt\/wp-content\/uploads\/2024\/05\/cropped-cropped-cropped-02_00843_jt3bggkj1j3HLc7SyY6rEUpg.jpeg\",\"width\":1600,\"height\":1600,\"caption\":\"skaitytaknyga.lt\"},\"image\":{\"@id\":\"https:\/\/skaitytaknyga.lt\/#\/schema\/logo\/image\/\"},\"sameAs\":[\"https:\/\/www.facebook.com\/skaitytaknyga\/\"]}]}<\/script>\n<!-- \/ Yoast SEO plugin. -->","yoast_head_json":{"title":"Statybos projekt\u0173 valdymo pagrindai","description":"Knygoje supa\u017eindinama su statybos projekto s\u0105voka, pagrindiniais projekto tikslais ir s\u0117kmingais j\u0173 \u012fgyvendinimo b\u016bdais. supa\u017eindinama su projekt\u0173 valdymo","robots":{"index":"index","follow":"follow","max-snippet":"max-snippet:-1","max-image-preview":"max-image-preview:large","max-video-preview":"max-video-preview:-1"},"canonical":"https:\/\/skaitytaknyga.lt\/en\/produktas\/statybos-projektu-valdymo-pagrindai\/","og_locale":"en_GB","og_type":"article","og_title":"[:lt]Statybos projekt\u0173 valdymo pagrindai[:] - Skaitytaknyga","og_description":"Knygoje supa\u017eindinama su statybos projekto s\u0105voka, pagrindiniais projekto tikslais ir s\u0117kmingais j\u0173 \u012fgyvendinimo b\u016bdais. supa\u017eindinama su projekt\u0173 valdymo","og_url":"https:\/\/skaitytaknyga.lt\/en\/produktas\/statybos-projektu-valdymo-pagrindai\/","og_site_name":"Skaitytaknyga","article_publisher":"https:\/\/www.facebook.com\/skaitytaknyga\/","article_modified_time":"2025-12-04T09:06:28+00:00","og_image":[{"width":681,"height":1000,"url":"https:\/\/skaitytaknyga.lt\/wp-content\/uploads\/2025\/04\/Statybos-projektu-valdymo-pagrindai-e1744784741254.jpg","type":"image\/jpeg"}],"twitter_card":"summary_large_image","twitter_misc":{"Estimated reading time":"1 minute"},"schema":{"@context":"https:\/\/schema.org","@graph":[{"@type":"WebPage","@id":"https:\/\/skaitytaknyga.lt\/produktas\/statybos-projektu-valdymo-pagrindai\/","url":"https:\/\/skaitytaknyga.lt\/produktas\/statybos-projektu-valdymo-pagrindai\/","name":"Statybos projekt\u0173 valdymo pagrindai","isPartOf":{"@id":"https:\/\/skaitytaknyga.lt\/#website"},"primaryImageOfPage":{"@id":"https:\/\/skaitytaknyga.lt\/produktas\/statybos-projektu-valdymo-pagrindai\/#primaryimage"},"image":{"@id":"https:\/\/skaitytaknyga.lt\/produktas\/statybos-projektu-valdymo-pagrindai\/#primaryimage"},"thumbnailUrl":"https:\/\/skaitytaknyga.lt\/wp-content\/uploads\/2025\/04\/Statybos-projektu-valdymo-pagrindai-e1744784741254.jpg","datePublished":"2025-04-16T06:20:57+00:00","dateModified":"2025-12-04T09:06:28+00:00","description":"Knygoje supa\u017eindinama su statybos projekto s\u0105voka, pagrindiniais projekto tikslais ir s\u0117kmingais j\u0173 \u012fgyvendinimo b\u016bdais. supa\u017eindinama su projekt\u0173 valdymo","breadcrumb":{"@id":"https:\/\/skaitytaknyga.lt\/produktas\/statybos-projektu-valdymo-pagrindai\/#breadcrumb"},"inLanguage":"en-GB","potentialAction":[{"@type":"ReadAction","target":["https:\/\/skaitytaknyga.lt\/produktas\/statybos-projektu-valdymo-pagrindai\/"]}]},{"@type":"ImageObject","inLanguage":"en-GB","@id":"https:\/\/skaitytaknyga.lt\/produktas\/statybos-projektu-valdymo-pagrindai\/#primaryimage","url":"https:\/\/skaitytaknyga.lt\/wp-content\/uploads\/2025\/04\/Statybos-projektu-valdymo-pagrindai-e1744784741254.jpg","contentUrl":"https:\/\/skaitytaknyga.lt\/wp-content\/uploads\/2025\/04\/Statybos-projektu-valdymo-pagrindai-e1744784741254.jpg","width":681,"height":1000,"caption":"Statybos projekt\u0173 valdymo pagrindai"},{"@type":"BreadcrumbList","@id":"https:\/\/skaitytaknyga.lt\/produktas\/statybos-projektu-valdymo-pagrindai\/#breadcrumb","itemListElement":[{"@type":"ListItem","position":1,"name":"Home","item":"https:\/\/skaitytaknyga.lt\/"},{"@type":"ListItem","position":2,"name":"Parduotuv\u0117","item":"https:\/\/skaitytaknyga.lt\/knygu-parduotuve\/"},{"@type":"ListItem","position":3,"name":"Statybos projekt\u0173 valdymo pagrindai"}]},{"@type":"WebSite","@id":"https:\/\/skaitytaknyga.lt\/#website","url":"https:\/\/skaitytaknyga.lt\/","name":"skaitytaknyga.lt","description":"Skaitytaknyga.lt \u2013 tai ma\u017eas \u0161eimos verslas, kuris prasid\u0117jo nuo meil\u0117s knygoms ir siekio i\u0161gelb\u0117ti knygas nuo likimo prie konteinerio. Kas vienam nereikalingas daiktas \u2013 kitam lobis, o mes esame tarpininkai, kurie padeda abiems tapti laimingesniems ???? \u017dinome kaip nelengva i\u0161gyventi ma\u017eiems verslams, tad nuo \u0161iol, \u010dia rasite ir kit\u0173, ma\u017e\u0173 \u0161eim\u0173 versl\u0173, rank\u0173 darbo, dovan\u0173 sau ir artimiesiems.","publisher":{"@id":"https:\/\/skaitytaknyga.lt\/#organization"},"potentialAction":[{"@type":"SearchAction","target":{"@type":"EntryPoint","urlTemplate":"https:\/\/skaitytaknyga.lt\/?s={search_term_string}"},"query-input":{"@type":"PropertyValueSpecification","valueRequired":true,"valueName":"search_term_string"}}],"inLanguage":"en-GB"},{"@type":"Organization","@id":"https:\/\/skaitytaknyga.lt\/#organization","name":"skaitytaknyga.lt","url":"https:\/\/skaitytaknyga.lt\/","logo":{"@type":"ImageObject","inLanguage":"en-GB","@id":"https:\/\/skaitytaknyga.lt\/#\/schema\/logo\/image\/","url":"https:\/\/skaitytaknyga.lt\/wp-content\/uploads\/2024\/05\/cropped-cropped-cropped-02_00843_jt3bggkj1j3HLc7SyY6rEUpg.jpeg","contentUrl":"https:\/\/skaitytaknyga.lt\/wp-content\/uploads\/2024\/05\/cropped-cropped-cropped-02_00843_jt3bggkj1j3HLc7SyY6rEUpg.jpeg","width":1600,"height":1600,"caption":"skaitytaknyga.lt"},"image":{"@id":"https:\/\/skaitytaknyga.lt\/#\/schema\/logo\/image\/"},"sameAs":["https:\/\/www.facebook.com\/skaitytaknyga\/"]}]}},"_links":{"self":[{"href":"https:\/\/skaitytaknyga.lt\/en\/wp-json\/wp\/v2\/product\/17841","targetHints":{"allow":["GET"]}}],"collection":[{"href":"https:\/\/skaitytaknyga.lt\/en\/wp-json\/wp\/v2\/product"}],"about":[{"href":"https:\/\/skaitytaknyga.lt\/en\/wp-json\/wp\/v2\/types\/product"}],"replies":[{"embeddable":true,"href":"https:\/\/skaitytaknyga.lt\/en\/wp-json\/wp\/v2\/comments?post=17841"}],"wp:featuredmedia":[{"embeddable":true,"href":"https:\/\/skaitytaknyga.lt\/en\/wp-json\/wp\/v2\/media\/17843"}],"wp:attachment":[{"href":"https:\/\/skaitytaknyga.lt\/en\/wp-json\/wp\/v2\/media?parent=17841"}],"wp:term":[{"taxonomy":"product_brand","embeddable":true,"href":"https:\/\/skaitytaknyga.lt\/en\/wp-json\/wp\/v2\/product_brand?post=17841"},{"taxonomy":"product_cat","embeddable":true,"href":"https:\/\/skaitytaknyga.lt\/en\/wp-json\/wp\/v2\/product_cat?post=17841"},{"taxonomy":"product_tag","embeddable":true,"href":"https:\/\/skaitytaknyga.lt\/en\/wp-json\/wp\/v2\/product_tag?post=17841"}],"curies":[{"name":"wp","href":"https:\/\/api.w.org\/{rel}","templated":true}]}}