{"id":17837,"date":"2025-04-16T09:15:06","date_gmt":"2025-04-16T06:15:06","guid":{"rendered":"https:\/\/skaitytaknyga.lt\/?post_type=product&#038;p=17837"},"modified":"2025-06-11T08:46:47","modified_gmt":"2025-06-11T05:46:47","slug":"ir-mano-balsas-jus-lydes","status":"publish","type":"product","link":"https:\/\/skaitytaknyga.lt\/en\/produktas\/ir-mano-balsas-jus-lydes\/","title":{"rendered":"Ir mano balsas jus lyd\u0117s"},"content":{"rendered":"<p><strong>Miltonas H. Ericksonas<\/strong>\u00a0(1901\u20131980) \u2013 amerikie\u010di\u0173 psichiatras, vadinamas vienu \u012ftakingiausi\u0173 m\u016bs\u0173 laik\u0173 hipnoterapeut\u0173. Be kit\u0173 metod\u0173, savo terapijoje jis naudojo pamokan\u010dias istorijas, kuriose gausu klausim\u0173, kalamb\u016br\u0173 ir \u017eaismingo humoro. Jos \u0161okiruoja, stebina, glumina, ta\u010diau da\u017eniausiai padeda naujai pa\u017evelgti \u012f turimas problemas ir rasti b\u016bd\u0105 joms i\u0161spr\u0119sti. \u00a0Knyga \u201eIr mano balsas jus lyd\u0117s\u201c \u2013 ne\u012ftikimas smagi\u0173 skaitini\u0173 ir psichologini\u0173 \u012f\u017evalg\u0173 kolia\u017eas.<\/p>\n<p>\u010cia daugiau nei \u0161imtas istorij\u0173, kurias pa\u017eod\u017eiui, taip kaip jas pasakojo pats M. H. Ericksonas, sura\u0161\u0117 ir savo komentarais papild\u0117 jo mokinys dr. Sidney Rosenas. Jis \u2013 visame pasaulyje garsus Ericksono hipnoterapijos ir psichoterapijos metod\u0173 mokytojas, Niujorko M. H. Ericksono psichoterapijos ir hipnoz\u0117s bendrijos steig\u0117jas, o dabar \u2013 garb\u0117s prezidentas. Kiekviena knygos istorija atspindi vis kitoki\u0105 tem\u0105, pie\u0161ia vien\u0105 u\u017e kit\u0105 spalvingesnius \u017emoni\u0173 tipa\u017eus.<\/p>\n<ul class=\"about-product d-none d-xl-block mt-4\">\n<li><strong>Originalus pavadinimas:<\/strong>\u00a0Sidney Rosen. My voice will go with you<\/li>\n<li><strong>Autorius:<\/strong>\u00a0Milton H. Erickson<\/li>\n<li><strong>Leid\u0117jas<\/strong>\u00a0Vaga<\/li>\n<li><strong>Metai:<\/strong>\u00a02013<\/li>\n<li><strong>Puslapiai:<\/strong>\u00a0224<\/li>\n<li class=\"toggleable type-new-formats \"><strong>ISBN :\u00a0<\/strong>9785415023134<\/li>\n<li><strong>Versijos kodas:<\/strong>\u00a0PT.<\/li>\n<li class=\"toggleable type-new-formats \"><strong>Formatas:<\/strong>\u00a014 x 21 cm, mink\u0161ti vir\u0161eliai<\/li>\n<li><strong>Kalba:<\/strong>\u00a0Lietuvi\u0173<\/li>\n<li><strong>Vert\u0117jas:<\/strong>\u00a0Rita Bakanien\u0117<\/li>\n<\/ul>\n","protected":false},"excerpt":{"rendered":"<p>Miltonas H. Ericksonas\u00a0(1901\u20131980) \u2013 amerikie\u010di\u0173 psichiatras, vadinamas vienu \u012ftakingiausi\u0173 m\u016bs\u0173 laik\u0173 hipnoterapeut\u0173. Be kit\u0173 metod\u0173, savo terapijoje jis naudojo pamokan\u010dias istorijas, kuriose gausu klausim\u0173, kalamb\u016br\u0173 ir \u017eaismingo humoro. Jos \u0161okiruoja, stebina, glumina, ta\u010diau da\u017eniausiai padeda naujai pa\u017evelgti \u012f turimas problemas ir rasti b\u016bd\u0105 joms i\u0161spr\u0119sti. \u00a0Knyga \u201eIr mano balsas jus lyd\u0117s\u201c \u2013 ne\u012ftikimas smagi\u0173 skaitini\u0173 ir psichologini\u0173 \u012f\u017evalg\u0173 kolia\u017eas. \u010cia daugiau nei \u0161imtas istorij\u0173, kurias pa\u017eod\u017eiui, taip kaip jas pasakojo pats M. H. Ericksonas, sura\u0161\u0117 ir savo komentarais papild\u0117 jo mokinys dr. Sidney Rosenas. Jis \u2013 visame pasaulyje garsus Ericksono hipnoterapijos ir psichoterapijos metod\u0173 mokytojas, Niujorko M. H. Ericksono psichoterapijos ir hipnoz\u0117s bendrijos steig\u0117jas, o dabar \u2013 garb\u0117s prezidentas. Kiekviena knygos istorija atspindi vis kitoki\u0105 tem\u0105, pie\u0161ia vien\u0105 u\u017e kit\u0105 spalvingesnius \u017emoni\u0173 tipa\u017eus. Originalus pavadinimas:\u00a0Sidney Rosen. My voice will go with you Autorius:\u00a0Milton H. Erickson Leid\u0117jas\u00a0Vaga Metai:\u00a02013 Puslapiai:\u00a0224 ISBN :\u00a09785415023134 Versijos kodas:\u00a0PT. Formatas:\u00a014 x 21 cm, mink\u0161ti vir\u0161eliai Kalba:\u00a0Lietuvi\u0173 Vert\u0117jas:\u00a0Rita Bakanien\u0117<\/p>\n","protected":false},"featured_media":17838,"comment_status":"open","ping_status":"closed","template":"","meta":{"_acf_changed":false,"site-sidebar-layout":"default","site-content-layout":"","ast-site-content-layout":"default","site-content-style":"default","site-sidebar-style":"default","ast-global-header-display":"","ast-banner-title-visibility":"","ast-main-header-display":"","ast-hfb-above-header-display":"","ast-hfb-below-header-display":"","ast-hfb-mobile-header-display":"","site-post-title":"","ast-breadcrumbs-content":"","ast-featured-img":"","footer-sml-layout":"","ast-disable-related-posts":"","theme-transparent-header-meta":"default","adv-header-id-meta":"","stick-header-meta":"","header-above-stick-meta":"","header-main-stick-meta":"","header-below-stick-meta":"","astra-migrate-meta-layouts":"set","ast-page-background-enabled":"default","ast-page-background-meta":{"desktop":{"background-color":"","background-image":"","background-repeat":"repeat","background-position":"center center","background-size":"auto","background-attachment":"scroll","background-type":"","background-media":"","overlay-type":"","overlay-color":"","overlay-opacity":"","overlay-gradient":""},"tablet":{"background-color":"","background-image":"","background-repeat":"repeat","background-position":"center center","background-size":"auto","background-attachment":"scroll","background-type":"","background-media":"","overlay-type":"","overlay-color":"","overlay-opacity":"","overlay-gradient":""},"mobile":{"background-color":"","background-image":"","background-repeat":"repeat","background-position":"center center","background-size":"auto","background-attachment":"scroll","background-type":"","background-media":"","overlay-type":"","overlay-color":"","overlay-opacity":"","overlay-gradient":""}},"ast-content-background-meta":{"desktop":{"background-color":"var(--ast-global-color-4)","background-image":"","background-repeat":"repeat","background-position":"center center","background-size":"auto","background-attachment":"scroll","background-type":"","background-media":"","overlay-type":"","overlay-color":"","overlay-opacity":"","overlay-gradient":""},"tablet":{"background-color":"var(--ast-global-color-4)","background-image":"","background-repeat":"repeat","background-position":"center center","background-size":"auto","background-attachment":"scroll","background-type":"","background-media":"","overlay-type":"","overlay-color":"","overlay-opacity":"","overlay-gradient":""},"mobile":{"background-color":"var(--ast-global-color-4)","background-image":"","background-repeat":"repeat","background-position":"center center","background-size":"auto","background-attachment":"scroll","background-type":"","background-media":"","overlay-type":"","overlay-color":"","overlay-opacity":"","overlay-gradient":""}}},"product_brand":[],"product_cat":[30,15],"product_tag":[3488,3489,1392],"class_list":{"0":"post-17837","1":"product","2":"type-product","3":"status-publish","4":"has-post-thumbnail","6":"product_cat-psichologija-ir-saviugda","7":"product_cat-uncategorized","8":"product_tag-hipnoterapija","9":"product_tag-milton-h-erickson","10":"product_tag-psichologija","11":"desktop-align-left","12":"tablet-align-left","13":"mobile-align-left","15":"first","16":"outofstock","17":"shipping-taxable","18":"purchasable","19":"product-type-simple"},"acf":[],"yoast_head":"<!-- This site is optimized with the Yoast SEO plugin v27.4 - https:\/\/yoast.com\/product\/yoast-seo-wordpress\/ -->\n<title>Ir mano balsas jus lyd\u0117s<\/title>\n<meta name=\"description\" content=\"Miltonas H. Ericksonas\u00a0(1901\u20131980) \u2013 amerikie\u010di\u0173 psichiatras, vadinamas vienu \u012ftakingiausi\u0173 m\u016bs\u0173 laik\u0173 hipnoterapeut\u0173. Be kit\u0173 metod\u0173, savo terapijoje jis\" \/>\n<meta name=\"robots\" content=\"index, follow, max-snippet:-1, max-image-preview:large, max-video-preview:-1\" \/>\n<link rel=\"canonical\" href=\"https:\/\/skaitytaknyga.lt\/en\/produktas\/ir-mano-balsas-jus-lydes\/\" \/>\n<meta property=\"og:locale\" content=\"en_GB\" \/>\n<meta property=\"og:locale:alternate\" content=\"lt_LT\" \/>\n<meta property=\"og:type\" content=\"article\" \/>\n<meta property=\"og:title\" content=\"Ir mano balsas jus lyd\u0117s\" \/>\n<meta property=\"og:description\" content=\"Miltonas H. Ericksonas\u00a0(1901\u20131980) \u2013 amerikie\u010di\u0173 psichiatras, vadinamas vienu \u012ftakingiausi\u0173 m\u016bs\u0173 laik\u0173 hipnoterapeut\u0173. Be kit\u0173 metod\u0173, savo terapijoje jis\" \/>\n<meta property=\"og:url\" content=\"https:\/\/skaitytaknyga.lt\/en\/produktas\/ir-mano-balsas-jus-lydes\/\" \/>\n<meta property=\"og:site_name\" content=\"Skaitytaknyga\" \/>\n<meta property=\"article:publisher\" content=\"https:\/\/www.facebook.com\/skaitytaknyga\/\" \/>\n<meta property=\"article:modified_time\" content=\"2025-06-11T05:46:47+00:00\" \/>\n<meta property=\"og:image\" content=\"https:\/\/skaitytaknyga.lt\/wp-content\/uploads\/2025\/04\/Ir-mano-balsas-jus-lydes.webp\" \/>\n\t<meta property=\"og:image:width\" content=\"500\" \/>\n\t<meta property=\"og:image:height\" content=\"749\" \/>\n\t<meta property=\"og:image:type\" content=\"image\/webp\" \/>\n<meta name=\"twitter:card\" content=\"summary_large_image\" \/>\n<meta name=\"twitter:label1\" content=\"Estimated reading time\" \/>\n\t<meta name=\"twitter:data1\" content=\"2 minutes\" \/>\n<script type=\"application\/ld+json\" class=\"yoast-schema-graph\">{\"@context\":\"https:\\\/\\\/schema.org\",\"@graph\":[{\"@type\":\"WebPage\",\"@id\":\"https:\\\/\\\/skaitytaknyga.lt\\\/produktas\\\/ir-mano-balsas-jus-lydes\\\/\",\"url\":\"https:\\\/\\\/skaitytaknyga.lt\\\/produktas\\\/ir-mano-balsas-jus-lydes\\\/\",\"name\":\"Ir mano balsas jus lyd\u0117s\",\"isPartOf\":{\"@id\":\"https:\\\/\\\/skaitytaknyga.lt\\\/#website\"},\"primaryImageOfPage\":{\"@id\":\"https:\\\/\\\/skaitytaknyga.lt\\\/produktas\\\/ir-mano-balsas-jus-lydes\\\/#primaryimage\"},\"image\":{\"@id\":\"https:\\\/\\\/skaitytaknyga.lt\\\/produktas\\\/ir-mano-balsas-jus-lydes\\\/#primaryimage\"},\"thumbnailUrl\":\"https:\\\/\\\/skaitytaknyga.lt\\\/wp-content\\\/uploads\\\/2025\\\/04\\\/Ir-mano-balsas-jus-lydes.webp\",\"datePublished\":\"2025-04-16T06:15:06+00:00\",\"dateModified\":\"2025-06-11T05:46:47+00:00\",\"description\":\"Miltonas H. Ericksonas\u00a0(1901\u20131980) \u2013 amerikie\u010di\u0173 psichiatras, vadinamas vienu \u012ftakingiausi\u0173 m\u016bs\u0173 laik\u0173 hipnoterapeut\u0173. Be kit\u0173 metod\u0173, savo terapijoje jis\",\"breadcrumb\":{\"@id\":\"https:\\\/\\\/skaitytaknyga.lt\\\/produktas\\\/ir-mano-balsas-jus-lydes\\\/#breadcrumb\"},\"inLanguage\":\"en-GB\",\"potentialAction\":[{\"@type\":\"ReadAction\",\"target\":[\"https:\\\/\\\/skaitytaknyga.lt\\\/produktas\\\/ir-mano-balsas-jus-lydes\\\/\"]}]},{\"@type\":\"ImageObject\",\"inLanguage\":\"en-GB\",\"@id\":\"https:\\\/\\\/skaitytaknyga.lt\\\/produktas\\\/ir-mano-balsas-jus-lydes\\\/#primaryimage\",\"url\":\"https:\\\/\\\/skaitytaknyga.lt\\\/wp-content\\\/uploads\\\/2025\\\/04\\\/Ir-mano-balsas-jus-lydes.webp\",\"contentUrl\":\"https:\\\/\\\/skaitytaknyga.lt\\\/wp-content\\\/uploads\\\/2025\\\/04\\\/Ir-mano-balsas-jus-lydes.webp\",\"width\":500,\"height\":749,\"caption\":\"Ir mano balsas jus lyd\u0117s\"},{\"@type\":\"BreadcrumbList\",\"@id\":\"https:\\\/\\\/skaitytaknyga.lt\\\/produktas\\\/ir-mano-balsas-jus-lydes\\\/#breadcrumb\",\"itemListElement\":[{\"@type\":\"ListItem\",\"position\":1,\"name\":\"Home\",\"item\":\"https:\\\/\\\/skaitytaknyga.lt\\\/\"},{\"@type\":\"ListItem\",\"position\":2,\"name\":\"Parduotuv\u0117\",\"item\":\"https:\\\/\\\/skaitytaknyga.lt\\\/knygu-parduotuve\\\/\"},{\"@type\":\"ListItem\",\"position\":3,\"name\":\"Ir mano balsas jus lyd\u0117s\"}]},{\"@type\":\"WebSite\",\"@id\":\"https:\\\/\\\/skaitytaknyga.lt\\\/#website\",\"url\":\"https:\\\/\\\/skaitytaknyga.lt\\\/\",\"name\":\"skaitytaknyga.lt\",\"description\":\"Skaitytaknyga.lt \u2013 tai ma\u017eas \u0161eimos verslas, kuris prasid\u0117jo nuo meil\u0117s knygoms ir siekio i\u0161gelb\u0117ti knygas nuo likimo prie konteinerio. Kas vienam nereikalingas daiktas \u2013 kitam lobis, o mes esame tarpininkai, kurie padeda abiems tapti laimingesniems ???? \u017dinome kaip nelengva i\u0161gyventi ma\u017eiems verslams, tad nuo \u0161iol, \u010dia rasite ir kit\u0173, ma\u017e\u0173 \u0161eim\u0173 versl\u0173, rank\u0173 darbo, dovan\u0173 sau ir artimiesiems.\",\"publisher\":{\"@id\":\"https:\\\/\\\/skaitytaknyga.lt\\\/#organization\"},\"potentialAction\":[{\"@type\":\"SearchAction\",\"target\":{\"@type\":\"EntryPoint\",\"urlTemplate\":\"https:\\\/\\\/skaitytaknyga.lt\\\/?s={search_term_string}\"},\"query-input\":{\"@type\":\"PropertyValueSpecification\",\"valueRequired\":true,\"valueName\":\"search_term_string\"}}],\"inLanguage\":\"en-GB\"},{\"@type\":\"Organization\",\"@id\":\"https:\\\/\\\/skaitytaknyga.lt\\\/#organization\",\"name\":\"skaitytaknyga.lt\",\"url\":\"https:\\\/\\\/skaitytaknyga.lt\\\/\",\"logo\":{\"@type\":\"ImageObject\",\"inLanguage\":\"en-GB\",\"@id\":\"https:\\\/\\\/skaitytaknyga.lt\\\/#\\\/schema\\\/logo\\\/image\\\/\",\"url\":\"https:\\\/\\\/skaitytaknyga.lt\\\/wp-content\\\/uploads\\\/2024\\\/05\\\/cropped-cropped-cropped-02_00843_jt3bggkj1j3HLc7SyY6rEUpg.jpeg\",\"contentUrl\":\"https:\\\/\\\/skaitytaknyga.lt\\\/wp-content\\\/uploads\\\/2024\\\/05\\\/cropped-cropped-cropped-02_00843_jt3bggkj1j3HLc7SyY6rEUpg.jpeg\",\"width\":1600,\"height\":1600,\"caption\":\"skaitytaknyga.lt\"},\"image\":{\"@id\":\"https:\\\/\\\/skaitytaknyga.lt\\\/#\\\/schema\\\/logo\\\/image\\\/\"},\"sameAs\":[\"https:\\\/\\\/www.facebook.com\\\/skaitytaknyga\\\/\"]}]}<\/script>\n<!-- \/ Yoast SEO plugin. -->","yoast_head_json":{"title":"Ir mano balsas jus lyd\u0117s","description":"Miltonas H. Ericksonas\u00a0(1901\u20131980) \u2013 amerikie\u010di\u0173 psichiatras, vadinamas vienu \u012ftakingiausi\u0173 m\u016bs\u0173 laik\u0173 hipnoterapeut\u0173. Be kit\u0173 metod\u0173, savo terapijoje jis","robots":{"index":"index","follow":"follow","max-snippet":"max-snippet:-1","max-image-preview":"max-image-preview:large","max-video-preview":"max-video-preview:-1"},"canonical":"https:\/\/skaitytaknyga.lt\/en\/produktas\/ir-mano-balsas-jus-lydes\/","og_locale":"en_GB","og_type":"article","og_title":"[:lt]Ir mano balsas jus lyd\u0117s[:] - Skaitytaknyga","og_description":"Miltonas H. Ericksonas\u00a0(1901\u20131980) \u2013 amerikie\u010di\u0173 psichiatras, vadinamas vienu \u012ftakingiausi\u0173 m\u016bs\u0173 laik\u0173 hipnoterapeut\u0173. Be kit\u0173 metod\u0173, savo terapijoje jis","og_url":"https:\/\/skaitytaknyga.lt\/en\/produktas\/ir-mano-balsas-jus-lydes\/","og_site_name":"Skaitytaknyga","article_publisher":"https:\/\/www.facebook.com\/skaitytaknyga\/","article_modified_time":"2025-06-11T05:46:47+00:00","og_image":[{"width":500,"height":749,"url":"https:\/\/skaitytaknyga.lt\/wp-content\/uploads\/2025\/04\/Ir-mano-balsas-jus-lydes.webp","type":"image\/webp"}],"twitter_card":"summary_large_image","twitter_misc":{"Estimated reading time":"2 minutes"},"schema":{"@context":"https:\/\/schema.org","@graph":[{"@type":"WebPage","@id":"https:\/\/skaitytaknyga.lt\/produktas\/ir-mano-balsas-jus-lydes\/","url":"https:\/\/skaitytaknyga.lt\/produktas\/ir-mano-balsas-jus-lydes\/","name":"Ir mano balsas jus lyd\u0117s","isPartOf":{"@id":"https:\/\/skaitytaknyga.lt\/#website"},"primaryImageOfPage":{"@id":"https:\/\/skaitytaknyga.lt\/produktas\/ir-mano-balsas-jus-lydes\/#primaryimage"},"image":{"@id":"https:\/\/skaitytaknyga.lt\/produktas\/ir-mano-balsas-jus-lydes\/#primaryimage"},"thumbnailUrl":"https:\/\/skaitytaknyga.lt\/wp-content\/uploads\/2025\/04\/Ir-mano-balsas-jus-lydes.webp","datePublished":"2025-04-16T06:15:06+00:00","dateModified":"2025-06-11T05:46:47+00:00","description":"Miltonas H. Ericksonas\u00a0(1901\u20131980) \u2013 amerikie\u010di\u0173 psichiatras, vadinamas vienu \u012ftakingiausi\u0173 m\u016bs\u0173 laik\u0173 hipnoterapeut\u0173. Be kit\u0173 metod\u0173, savo terapijoje jis","breadcrumb":{"@id":"https:\/\/skaitytaknyga.lt\/produktas\/ir-mano-balsas-jus-lydes\/#breadcrumb"},"inLanguage":"en-GB","potentialAction":[{"@type":"ReadAction","target":["https:\/\/skaitytaknyga.lt\/produktas\/ir-mano-balsas-jus-lydes\/"]}]},{"@type":"ImageObject","inLanguage":"en-GB","@id":"https:\/\/skaitytaknyga.lt\/produktas\/ir-mano-balsas-jus-lydes\/#primaryimage","url":"https:\/\/skaitytaknyga.lt\/wp-content\/uploads\/2025\/04\/Ir-mano-balsas-jus-lydes.webp","contentUrl":"https:\/\/skaitytaknyga.lt\/wp-content\/uploads\/2025\/04\/Ir-mano-balsas-jus-lydes.webp","width":500,"height":749,"caption":"Ir mano balsas jus lyd\u0117s"},{"@type":"BreadcrumbList","@id":"https:\/\/skaitytaknyga.lt\/produktas\/ir-mano-balsas-jus-lydes\/#breadcrumb","itemListElement":[{"@type":"ListItem","position":1,"name":"Home","item":"https:\/\/skaitytaknyga.lt\/"},{"@type":"ListItem","position":2,"name":"Parduotuv\u0117","item":"https:\/\/skaitytaknyga.lt\/knygu-parduotuve\/"},{"@type":"ListItem","position":3,"name":"Ir mano balsas jus lyd\u0117s"}]},{"@type":"WebSite","@id":"https:\/\/skaitytaknyga.lt\/#website","url":"https:\/\/skaitytaknyga.lt\/","name":"skaitytaknyga.lt","description":"Skaitytaknyga.lt \u2013 tai ma\u017eas \u0161eimos verslas, kuris prasid\u0117jo nuo meil\u0117s knygoms ir siekio i\u0161gelb\u0117ti knygas nuo likimo prie konteinerio. Kas vienam nereikalingas daiktas \u2013 kitam lobis, o mes esame tarpininkai, kurie padeda abiems tapti laimingesniems ???? \u017dinome kaip nelengva i\u0161gyventi ma\u017eiems verslams, tad nuo \u0161iol, \u010dia rasite ir kit\u0173, ma\u017e\u0173 \u0161eim\u0173 versl\u0173, rank\u0173 darbo, dovan\u0173 sau ir artimiesiems.","publisher":{"@id":"https:\/\/skaitytaknyga.lt\/#organization"},"potentialAction":[{"@type":"SearchAction","target":{"@type":"EntryPoint","urlTemplate":"https:\/\/skaitytaknyga.lt\/?s={search_term_string}"},"query-input":{"@type":"PropertyValueSpecification","valueRequired":true,"valueName":"search_term_string"}}],"inLanguage":"en-GB"},{"@type":"Organization","@id":"https:\/\/skaitytaknyga.lt\/#organization","name":"skaitytaknyga.lt","url":"https:\/\/skaitytaknyga.lt\/","logo":{"@type":"ImageObject","inLanguage":"en-GB","@id":"https:\/\/skaitytaknyga.lt\/#\/schema\/logo\/image\/","url":"https:\/\/skaitytaknyga.lt\/wp-content\/uploads\/2024\/05\/cropped-cropped-cropped-02_00843_jt3bggkj1j3HLc7SyY6rEUpg.jpeg","contentUrl":"https:\/\/skaitytaknyga.lt\/wp-content\/uploads\/2024\/05\/cropped-cropped-cropped-02_00843_jt3bggkj1j3HLc7SyY6rEUpg.jpeg","width":1600,"height":1600,"caption":"skaitytaknyga.lt"},"image":{"@id":"https:\/\/skaitytaknyga.lt\/#\/schema\/logo\/image\/"},"sameAs":["https:\/\/www.facebook.com\/skaitytaknyga\/"]}]}},"_links":{"self":[{"href":"https:\/\/skaitytaknyga.lt\/en\/wp-json\/wp\/v2\/product\/17837","targetHints":{"allow":["GET"]}}],"collection":[{"href":"https:\/\/skaitytaknyga.lt\/en\/wp-json\/wp\/v2\/product"}],"about":[{"href":"https:\/\/skaitytaknyga.lt\/en\/wp-json\/wp\/v2\/types\/product"}],"replies":[{"embeddable":true,"href":"https:\/\/skaitytaknyga.lt\/en\/wp-json\/wp\/v2\/comments?post=17837"}],"wp:featuredmedia":[{"embeddable":true,"href":"https:\/\/skaitytaknyga.lt\/en\/wp-json\/wp\/v2\/media\/17838"}],"wp:attachment":[{"href":"https:\/\/skaitytaknyga.lt\/en\/wp-json\/wp\/v2\/media?parent=17837"}],"wp:term":[{"taxonomy":"product_brand","embeddable":true,"href":"https:\/\/skaitytaknyga.lt\/en\/wp-json\/wp\/v2\/product_brand?post=17837"},{"taxonomy":"product_cat","embeddable":true,"href":"https:\/\/skaitytaknyga.lt\/en\/wp-json\/wp\/v2\/product_cat?post=17837"},{"taxonomy":"product_tag","embeddable":true,"href":"https:\/\/skaitytaknyga.lt\/en\/wp-json\/wp\/v2\/product_tag?post=17837"}],"curies":[{"name":"wp","href":"https:\/\/api.w.org\/{rel}","templated":true}]}}