{"id":17835,"date":"2025-04-16T09:13:49","date_gmt":"2025-04-16T06:13:49","guid":{"rendered":"https:\/\/skaitytaknyga.lt\/?post_type=product&#038;p=17835"},"modified":"2025-09-14T10:05:29","modified_gmt":"2025-09-14T07:05:29","slug":"seima-komandinis-zaidimas","status":"publish","type":"product","link":"https:\/\/skaitytaknyga.lt\/en\/produktas\/seima-komandinis-zaidimas\/","title":{"rendered":"\u0160eima \u2013 komandinis \u017eaidimas"},"content":{"rendered":"<p>Kod\u0117l poros skiriasi? Atsakymas labai paprastas: \u017emon\u0117s nenutuokia, ko tik\u0117tis i\u0161 santuokos. Jie ne\u017eino, kas ji yra, o dar labiau \u2013 kas n\u0117ra. Kitaip tariant, ne\u017eino (i\u0161)gyvenimo \u0161eimoje taisykli\u0173. Arba j\u0173 nesilaiko. Ta\u010diau \u017eaidimas be taisykli\u0173 n\u0117ra nei malonus, nei s\u0117kmingas. \u0160ioje knygoje nuosekliai sud\u0117liota instrukcija, KAIP NAUDOTIS SANTUOKA. Iliustruota smagiais pasakojimais, pamokomomis istorijomis, terapin\u0117s praktikos ir asmenin\u0117s patirties pavyzd\u017eiais bei taikliomis citatomis. Knygoje taip pat rasite u\u017eduo\u010di\u0173 \u2013 jas atlikdami \u012fgytas \u017einias patikrinsite prakti\u0161kai.<\/p>\n<p>J\u016bs su\u017einosite:<\/p>\n<p>\u2022 kokia yra santyki\u0173 hierarchija ir vystymosi etapai,<br \/>\n\u2022 kokie d\u0117sniai veikia \u0161eimos sistem\u0105,<br \/>\n\u2022 kokios b\u016bna santyki\u0173 kriz\u0117s ir kaip jas spr\u0119sti,<br \/>\n\u2022 kaip pad\u0117ti tvirtus \u0161eimos pamatus,<br \/>\n\u2022 kokios yra septynios auksin\u0117s santuokos taisykl\u0117s,<br \/>\n\u2022 kaip pasinaudoti skirtumais ir spr\u0119sti konfliktus,<br \/>\n\u2022 kur susituokus dingsta meil\u0117 ir intymumas,<br \/>\n\u2022 kaip pamilti i\u0161 naujo,<br \/>\n\u2022 k\u0105 rei\u0161kia b\u016bti t\u0117vais,<br \/>\n\u2022 kokios yra mylin\u010dio \u017emogaus savyb\u0117s.<\/p>\n<p>I\u0161sikelkite u\u017edavin\u012f geriau pa\u017einti save ir tuomet priimti kit\u0105 kaip kitok\u012f, o ne savo antrinink\u0105, su kuriuo b\u016bt\u0173 patogu gyventi. Visk\u0105 i\u0161m\u0117ginkite prakti\u0161kai savo poroje \u2013 darykite tai atkakliai ir tam tikr\u0105 laik\u0105, o ne vienintel\u012f kart\u0105. Tada rezultatais pasidalykite su draugais ir pa\u017e\u012fstamais \u2013 juk dalijantis g\u0117rio daug\u0117ja.<\/p>\n<ul class=\"about-product d-none d-xl-block mt-4\">\n<li><strong>Autorius:<\/strong>\u00a0Aurima Dilien\u0117<\/li>\n<li><strong>Leid\u0117jas<\/strong>\u00a0Alma littera<\/li>\n<li><strong>Metai:<\/strong>\u00a02019<\/li>\n<li><strong>Puslapiai:<\/strong>\u00a0192<\/li>\n<li class=\"toggleable type-new-formats \"><strong>ISBN :\u00a0<\/strong>9786090135457<\/li>\n<li><strong>Versijos kodas:<\/strong>\u00a0PT.<\/li>\n<li class=\"toggleable type-new-formats \"><strong>Formatas:<\/strong>\u00a014,3 x 21,3 x 1,6 cm, mink\u0161ti vir\u0161eliai<\/li>\n<li><strong>Kalba:<\/strong>\u00a0Lietuvi\u0173<\/li>\n<\/ul>\n","protected":false},"excerpt":{"rendered":"<p>Kod\u0117l poros skiriasi? Atsakymas labai paprastas: \u017emon\u0117s nenutuokia, ko tik\u0117tis i\u0161 santuokos. Jie ne\u017eino, kas ji yra, o dar labiau \u2013 kas n\u0117ra. Kitaip tariant, ne\u017eino (i\u0161)gyvenimo \u0161eimoje taisykli\u0173. Arba j\u0173 nesilaiko. Ta\u010diau \u017eaidimas be taisykli\u0173 n\u0117ra nei malonus, nei s\u0117kmingas. \u0160ioje knygoje nuosekliai sud\u0117liota instrukcija, KAIP NAUDOTIS SANTUOKA. Iliustruota smagiais pasakojimais, pamokomomis istorijomis, terapin\u0117s praktikos ir asmenin\u0117s patirties pavyzd\u017eiais bei taikliomis citatomis. Knygoje taip pat rasite u\u017eduo\u010di\u0173 \u2013 jas atlikdami \u012fgytas \u017einias patikrinsite prakti\u0161kai. J\u016bs su\u017einosite: \u2022 kokia yra santyki\u0173 hierarchija ir vystymosi etapai, \u2022 kokie d\u0117sniai veikia \u0161eimos sistem\u0105, \u2022 kokios b\u016bna santyki\u0173 kriz\u0117s ir kaip jas spr\u0119sti, \u2022 kaip pad\u0117ti tvirtus \u0161eimos pamatus, \u2022 kokios yra septynios auksin\u0117s santuokos taisykl\u0117s, \u2022 kaip pasinaudoti skirtumais ir spr\u0119sti konfliktus, \u2022 kur susituokus dingsta meil\u0117 ir intymumas, \u2022 kaip pamilti i\u0161 naujo, \u2022 k\u0105 rei\u0161kia b\u016bti t\u0117vais, \u2022 kokios yra mylin\u010dio \u017emogaus savyb\u0117s. I\u0161sikelkite u\u017edavin\u012f geriau pa\u017einti save ir tuomet priimti kit\u0105 kaip kitok\u012f, o ne savo antrinink\u0105, su kuriuo b\u016bt\u0173 patogu gyventi. Visk\u0105 i\u0161m\u0117ginkite prakti\u0161kai savo poroje \u2013 darykite tai atkakliai ir tam tikr\u0105 laik\u0105, o ne vienintel\u012f kart\u0105. Tada rezultatais pasidalykite su draugais ir pa\u017e\u012fstamais \u2013 juk dalijantis g\u0117rio daug\u0117ja. Autorius:\u00a0Aurima Dilien\u0117 Leid\u0117jas\u00a0Alma littera Metai:\u00a02019 Puslapiai:\u00a0192 ISBN :\u00a09786090135457 Versijos kodas:\u00a0PT. Formatas:\u00a014,3 x 21,3 x 1,6 cm, mink\u0161ti vir\u0161eliai Kalba:\u00a0Lietuvi\u0173<\/p>\n","protected":false},"featured_media":17836,"comment_status":"open","ping_status":"closed","template":"","meta":{"_acf_changed":false,"site-sidebar-layout":"default","site-content-layout":"","ast-site-content-layout":"default","site-content-style":"default","site-sidebar-style":"default","ast-global-header-display":"","ast-banner-title-visibility":"","ast-main-header-display":"","ast-hfb-above-header-display":"","ast-hfb-below-header-display":"","ast-hfb-mobile-header-display":"","site-post-title":"","ast-breadcrumbs-content":"","ast-featured-img":"","footer-sml-layout":"","ast-disable-related-posts":"","theme-transparent-header-meta":"default","adv-header-id-meta":"","stick-header-meta":"","header-above-stick-meta":"","header-main-stick-meta":"","header-below-stick-meta":"","astra-migrate-meta-layouts":"set","ast-page-background-enabled":"default","ast-page-background-meta":{"desktop":{"background-color":"","background-image":"","background-repeat":"repeat","background-position":"center center","background-size":"auto","background-attachment":"scroll","background-type":"","background-media":"","overlay-type":"","overlay-color":"","overlay-opacity":"","overlay-gradient":""},"tablet":{"background-color":"","background-image":"","background-repeat":"repeat","background-position":"center center","background-size":"auto","background-attachment":"scroll","background-type":"","background-media":"","overlay-type":"","overlay-color":"","overlay-opacity":"","overlay-gradient":""},"mobile":{"background-color":"","background-image":"","background-repeat":"repeat","background-position":"center center","background-size":"auto","background-attachment":"scroll","background-type":"","background-media":"","overlay-type":"","overlay-color":"","overlay-opacity":"","overlay-gradient":""}},"ast-content-background-meta":{"desktop":{"background-color":"var(--ast-global-color-4)","background-image":"","background-repeat":"repeat","background-position":"center center","background-size":"auto","background-attachment":"scroll","background-type":"","background-media":"","overlay-type":"","overlay-color":"","overlay-opacity":"","overlay-gradient":""},"tablet":{"background-color":"var(--ast-global-color-4)","background-image":"","background-repeat":"repeat","background-position":"center center","background-size":"auto","background-attachment":"scroll","background-type":"","background-media":"","overlay-type":"","overlay-color":"","overlay-opacity":"","overlay-gradient":""},"mobile":{"background-color":"var(--ast-global-color-4)","background-image":"","background-repeat":"repeat","background-position":"center center","background-size":"auto","background-attachment":"scroll","background-type":"","background-media":"","overlay-type":"","overlay-color":"","overlay-opacity":"","overlay-gradient":""}}},"product_brand":[],"product_cat":[30,15],"product_tag":[3486,1392,1417,1646],"class_list":{"0":"post-17835","1":"product","2":"type-product","3":"status-publish","4":"has-post-thumbnail","6":"product_cat-psichologija-ir-saviugda","7":"product_cat-uncategorized","8":"product_tag-aurima-diliene","9":"product_tag-psichologija","10":"product_tag-santykiai","11":"product_tag-seima","12":"desktop-align-left","13":"tablet-align-left","14":"mobile-align-left","16":"first","17":"outofstock","18":"shipping-taxable","19":"purchasable","20":"product-type-simple"},"acf":[],"yoast_head":"<!-- This site is optimized with the Yoast SEO plugin v27.4 - https:\/\/yoast.com\/product\/yoast-seo-wordpress\/ -->\n<title>\u0160eima \u2013 komandinis \u017eaidimas<\/title>\n<meta name=\"description\" content=\"Kod\u0117l poros skiriasi? Atsakymas labai paprastas: \u017emon\u0117s nenutuokia, ko tik\u0117tis i\u0161 santuokos. Jie ne\u017eino, kas ji yra, o dar labiau \u2013 kas n\u0117ra. Kitaip\" \/>\n<meta name=\"robots\" content=\"index, follow, max-snippet:-1, max-image-preview:large, max-video-preview:-1\" \/>\n<link rel=\"canonical\" href=\"https:\/\/skaitytaknyga.lt\/en\/produktas\/seima-komandinis-zaidimas\/\" \/>\n<meta property=\"og:locale\" content=\"en_GB\" \/>\n<meta property=\"og:locale:alternate\" content=\"lt_LT\" \/>\n<meta property=\"og:type\" content=\"article\" \/>\n<meta property=\"og:title\" content=\"\u0160eima \u2013 komandinis \u017eaidimas\" \/>\n<meta property=\"og:description\" content=\"Kod\u0117l poros skiriasi? Atsakymas labai paprastas: \u017emon\u0117s nenutuokia, ko tik\u0117tis i\u0161 santuokos. Jie ne\u017eino, kas ji yra, o dar labiau \u2013 kas n\u0117ra. Kitaip\" \/>\n<meta property=\"og:url\" content=\"https:\/\/skaitytaknyga.lt\/en\/produktas\/seima-komandinis-zaidimas\/\" \/>\n<meta property=\"og:site_name\" content=\"Skaitytaknyga\" \/>\n<meta property=\"article:publisher\" content=\"https:\/\/www.facebook.com\/skaitytaknyga\/\" \/>\n<meta property=\"article:modified_time\" content=\"2025-09-14T07:05:29+00:00\" \/>\n<meta property=\"og:image\" content=\"https:\/\/skaitytaknyga.lt\/wp-content\/uploads\/2025\/04\/Seima-\u2013-komandinis-zaidimas.webp\" \/>\n\t<meta property=\"og:image:width\" content=\"409\" \/>\n\t<meta property=\"og:image:height\" content=\"600\" \/>\n\t<meta property=\"og:image:type\" content=\"image\/webp\" \/>\n<meta name=\"twitter:card\" content=\"summary_large_image\" \/>\n<meta name=\"twitter:label1\" content=\"Estimated reading time\" \/>\n\t<meta name=\"twitter:data1\" content=\"1 minute\" \/>\n<script type=\"application\/ld+json\" class=\"yoast-schema-graph\">{\"@context\":\"https:\\\/\\\/schema.org\",\"@graph\":[{\"@type\":\"WebPage\",\"@id\":\"https:\\\/\\\/skaitytaknyga.lt\\\/produktas\\\/seima-komandinis-zaidimas\\\/\",\"url\":\"https:\\\/\\\/skaitytaknyga.lt\\\/produktas\\\/seima-komandinis-zaidimas\\\/\",\"name\":\"\u0160eima \u2013 komandinis \u017eaidimas\",\"isPartOf\":{\"@id\":\"https:\\\/\\\/skaitytaknyga.lt\\\/#website\"},\"primaryImageOfPage\":{\"@id\":\"https:\\\/\\\/skaitytaknyga.lt\\\/produktas\\\/seima-komandinis-zaidimas\\\/#primaryimage\"},\"image\":{\"@id\":\"https:\\\/\\\/skaitytaknyga.lt\\\/produktas\\\/seima-komandinis-zaidimas\\\/#primaryimage\"},\"thumbnailUrl\":\"https:\\\/\\\/skaitytaknyga.lt\\\/wp-content\\\/uploads\\\/2025\\\/04\\\/Seima-\u2013-komandinis-zaidimas.webp\",\"datePublished\":\"2025-04-16T06:13:49+00:00\",\"dateModified\":\"2025-09-14T07:05:29+00:00\",\"description\":\"Kod\u0117l poros skiriasi? Atsakymas labai paprastas: \u017emon\u0117s nenutuokia, ko tik\u0117tis i\u0161 santuokos. Jie ne\u017eino, kas ji yra, o dar labiau \u2013 kas n\u0117ra. Kitaip\",\"breadcrumb\":{\"@id\":\"https:\\\/\\\/skaitytaknyga.lt\\\/produktas\\\/seima-komandinis-zaidimas\\\/#breadcrumb\"},\"inLanguage\":\"en-GB\",\"potentialAction\":[{\"@type\":\"ReadAction\",\"target\":[\"https:\\\/\\\/skaitytaknyga.lt\\\/produktas\\\/seima-komandinis-zaidimas\\\/\"]}]},{\"@type\":\"ImageObject\",\"inLanguage\":\"en-GB\",\"@id\":\"https:\\\/\\\/skaitytaknyga.lt\\\/produktas\\\/seima-komandinis-zaidimas\\\/#primaryimage\",\"url\":\"https:\\\/\\\/skaitytaknyga.lt\\\/wp-content\\\/uploads\\\/2025\\\/04\\\/Seima-\u2013-komandinis-zaidimas.webp\",\"contentUrl\":\"https:\\\/\\\/skaitytaknyga.lt\\\/wp-content\\\/uploads\\\/2025\\\/04\\\/Seima-\u2013-komandinis-zaidimas.webp\",\"width\":409,\"height\":600,\"caption\":\"\u0160eima \u2013 komandinis \u017eaidimas\"},{\"@type\":\"BreadcrumbList\",\"@id\":\"https:\\\/\\\/skaitytaknyga.lt\\\/produktas\\\/seima-komandinis-zaidimas\\\/#breadcrumb\",\"itemListElement\":[{\"@type\":\"ListItem\",\"position\":1,\"name\":\"Home\",\"item\":\"https:\\\/\\\/skaitytaknyga.lt\\\/\"},{\"@type\":\"ListItem\",\"position\":2,\"name\":\"Parduotuv\u0117\",\"item\":\"https:\\\/\\\/skaitytaknyga.lt\\\/knygu-parduotuve\\\/\"},{\"@type\":\"ListItem\",\"position\":3,\"name\":\"\u0160eima \u2013 komandinis \u017eaidimas\"}]},{\"@type\":\"WebSite\",\"@id\":\"https:\\\/\\\/skaitytaknyga.lt\\\/#website\",\"url\":\"https:\\\/\\\/skaitytaknyga.lt\\\/\",\"name\":\"skaitytaknyga.lt\",\"description\":\"Skaitytaknyga.lt \u2013 tai ma\u017eas \u0161eimos verslas, kuris prasid\u0117jo nuo meil\u0117s knygoms ir siekio i\u0161gelb\u0117ti knygas nuo likimo prie konteinerio. Kas vienam nereikalingas daiktas \u2013 kitam lobis, o mes esame tarpininkai, kurie padeda abiems tapti laimingesniems ???? \u017dinome kaip nelengva i\u0161gyventi ma\u017eiems verslams, tad nuo \u0161iol, \u010dia rasite ir kit\u0173, ma\u017e\u0173 \u0161eim\u0173 versl\u0173, rank\u0173 darbo, dovan\u0173 sau ir artimiesiems.\",\"publisher\":{\"@id\":\"https:\\\/\\\/skaitytaknyga.lt\\\/#organization\"},\"potentialAction\":[{\"@type\":\"SearchAction\",\"target\":{\"@type\":\"EntryPoint\",\"urlTemplate\":\"https:\\\/\\\/skaitytaknyga.lt\\\/?s={search_term_string}\"},\"query-input\":{\"@type\":\"PropertyValueSpecification\",\"valueRequired\":true,\"valueName\":\"search_term_string\"}}],\"inLanguage\":\"en-GB\"},{\"@type\":\"Organization\",\"@id\":\"https:\\\/\\\/skaitytaknyga.lt\\\/#organization\",\"name\":\"skaitytaknyga.lt\",\"url\":\"https:\\\/\\\/skaitytaknyga.lt\\\/\",\"logo\":{\"@type\":\"ImageObject\",\"inLanguage\":\"en-GB\",\"@id\":\"https:\\\/\\\/skaitytaknyga.lt\\\/#\\\/schema\\\/logo\\\/image\\\/\",\"url\":\"https:\\\/\\\/skaitytaknyga.lt\\\/wp-content\\\/uploads\\\/2024\\\/05\\\/cropped-cropped-cropped-02_00843_jt3bggkj1j3HLc7SyY6rEUpg.jpeg\",\"contentUrl\":\"https:\\\/\\\/skaitytaknyga.lt\\\/wp-content\\\/uploads\\\/2024\\\/05\\\/cropped-cropped-cropped-02_00843_jt3bggkj1j3HLc7SyY6rEUpg.jpeg\",\"width\":1600,\"height\":1600,\"caption\":\"skaitytaknyga.lt\"},\"image\":{\"@id\":\"https:\\\/\\\/skaitytaknyga.lt\\\/#\\\/schema\\\/logo\\\/image\\\/\"},\"sameAs\":[\"https:\\\/\\\/www.facebook.com\\\/skaitytaknyga\\\/\"]}]}<\/script>\n<!-- \/ Yoast SEO plugin. -->","yoast_head_json":{"title":"\u0160eima \u2013 komandinis \u017eaidimas","description":"Kod\u0117l poros skiriasi? Atsakymas labai paprastas: \u017emon\u0117s nenutuokia, ko tik\u0117tis i\u0161 santuokos. Jie ne\u017eino, kas ji yra, o dar labiau \u2013 kas n\u0117ra. Kitaip","robots":{"index":"index","follow":"follow","max-snippet":"max-snippet:-1","max-image-preview":"max-image-preview:large","max-video-preview":"max-video-preview:-1"},"canonical":"https:\/\/skaitytaknyga.lt\/en\/produktas\/seima-komandinis-zaidimas\/","og_locale":"en_GB","og_type":"article","og_title":"[:lt]\u0160eima \u2013 komandinis \u017eaidimas[:] - Skaitytaknyga","og_description":"Kod\u0117l poros skiriasi? Atsakymas labai paprastas: \u017emon\u0117s nenutuokia, ko tik\u0117tis i\u0161 santuokos. Jie ne\u017eino, kas ji yra, o dar labiau \u2013 kas n\u0117ra. Kitaip","og_url":"https:\/\/skaitytaknyga.lt\/en\/produktas\/seima-komandinis-zaidimas\/","og_site_name":"Skaitytaknyga","article_publisher":"https:\/\/www.facebook.com\/skaitytaknyga\/","article_modified_time":"2025-09-14T07:05:29+00:00","og_image":[{"width":409,"height":600,"url":"https:\/\/skaitytaknyga.lt\/wp-content\/uploads\/2025\/04\/Seima-\u2013-komandinis-zaidimas.webp","type":"image\/webp"}],"twitter_card":"summary_large_image","twitter_misc":{"Estimated reading time":"1 minute"},"schema":{"@context":"https:\/\/schema.org","@graph":[{"@type":"WebPage","@id":"https:\/\/skaitytaknyga.lt\/produktas\/seima-komandinis-zaidimas\/","url":"https:\/\/skaitytaknyga.lt\/produktas\/seima-komandinis-zaidimas\/","name":"\u0160eima \u2013 komandinis \u017eaidimas","isPartOf":{"@id":"https:\/\/skaitytaknyga.lt\/#website"},"primaryImageOfPage":{"@id":"https:\/\/skaitytaknyga.lt\/produktas\/seima-komandinis-zaidimas\/#primaryimage"},"image":{"@id":"https:\/\/skaitytaknyga.lt\/produktas\/seima-komandinis-zaidimas\/#primaryimage"},"thumbnailUrl":"https:\/\/skaitytaknyga.lt\/wp-content\/uploads\/2025\/04\/Seima-\u2013-komandinis-zaidimas.webp","datePublished":"2025-04-16T06:13:49+00:00","dateModified":"2025-09-14T07:05:29+00:00","description":"Kod\u0117l poros skiriasi? Atsakymas labai paprastas: \u017emon\u0117s nenutuokia, ko tik\u0117tis i\u0161 santuokos. Jie ne\u017eino, kas ji yra, o dar labiau \u2013 kas n\u0117ra. Kitaip","breadcrumb":{"@id":"https:\/\/skaitytaknyga.lt\/produktas\/seima-komandinis-zaidimas\/#breadcrumb"},"inLanguage":"en-GB","potentialAction":[{"@type":"ReadAction","target":["https:\/\/skaitytaknyga.lt\/produktas\/seima-komandinis-zaidimas\/"]}]},{"@type":"ImageObject","inLanguage":"en-GB","@id":"https:\/\/skaitytaknyga.lt\/produktas\/seima-komandinis-zaidimas\/#primaryimage","url":"https:\/\/skaitytaknyga.lt\/wp-content\/uploads\/2025\/04\/Seima-\u2013-komandinis-zaidimas.webp","contentUrl":"https:\/\/skaitytaknyga.lt\/wp-content\/uploads\/2025\/04\/Seima-\u2013-komandinis-zaidimas.webp","width":409,"height":600,"caption":"\u0160eima \u2013 komandinis \u017eaidimas"},{"@type":"BreadcrumbList","@id":"https:\/\/skaitytaknyga.lt\/produktas\/seima-komandinis-zaidimas\/#breadcrumb","itemListElement":[{"@type":"ListItem","position":1,"name":"Home","item":"https:\/\/skaitytaknyga.lt\/"},{"@type":"ListItem","position":2,"name":"Parduotuv\u0117","item":"https:\/\/skaitytaknyga.lt\/knygu-parduotuve\/"},{"@type":"ListItem","position":3,"name":"\u0160eima \u2013 komandinis \u017eaidimas"}]},{"@type":"WebSite","@id":"https:\/\/skaitytaknyga.lt\/#website","url":"https:\/\/skaitytaknyga.lt\/","name":"skaitytaknyga.lt","description":"Skaitytaknyga.lt \u2013 tai ma\u017eas \u0161eimos verslas, kuris prasid\u0117jo nuo meil\u0117s knygoms ir siekio i\u0161gelb\u0117ti knygas nuo likimo prie konteinerio. Kas vienam nereikalingas daiktas \u2013 kitam lobis, o mes esame tarpininkai, kurie padeda abiems tapti laimingesniems ???? \u017dinome kaip nelengva i\u0161gyventi ma\u017eiems verslams, tad nuo \u0161iol, \u010dia rasite ir kit\u0173, ma\u017e\u0173 \u0161eim\u0173 versl\u0173, rank\u0173 darbo, dovan\u0173 sau ir artimiesiems.","publisher":{"@id":"https:\/\/skaitytaknyga.lt\/#organization"},"potentialAction":[{"@type":"SearchAction","target":{"@type":"EntryPoint","urlTemplate":"https:\/\/skaitytaknyga.lt\/?s={search_term_string}"},"query-input":{"@type":"PropertyValueSpecification","valueRequired":true,"valueName":"search_term_string"}}],"inLanguage":"en-GB"},{"@type":"Organization","@id":"https:\/\/skaitytaknyga.lt\/#organization","name":"skaitytaknyga.lt","url":"https:\/\/skaitytaknyga.lt\/","logo":{"@type":"ImageObject","inLanguage":"en-GB","@id":"https:\/\/skaitytaknyga.lt\/#\/schema\/logo\/image\/","url":"https:\/\/skaitytaknyga.lt\/wp-content\/uploads\/2024\/05\/cropped-cropped-cropped-02_00843_jt3bggkj1j3HLc7SyY6rEUpg.jpeg","contentUrl":"https:\/\/skaitytaknyga.lt\/wp-content\/uploads\/2024\/05\/cropped-cropped-cropped-02_00843_jt3bggkj1j3HLc7SyY6rEUpg.jpeg","width":1600,"height":1600,"caption":"skaitytaknyga.lt"},"image":{"@id":"https:\/\/skaitytaknyga.lt\/#\/schema\/logo\/image\/"},"sameAs":["https:\/\/www.facebook.com\/skaitytaknyga\/"]}]}},"_links":{"self":[{"href":"https:\/\/skaitytaknyga.lt\/en\/wp-json\/wp\/v2\/product\/17835","targetHints":{"allow":["GET"]}}],"collection":[{"href":"https:\/\/skaitytaknyga.lt\/en\/wp-json\/wp\/v2\/product"}],"about":[{"href":"https:\/\/skaitytaknyga.lt\/en\/wp-json\/wp\/v2\/types\/product"}],"replies":[{"embeddable":true,"href":"https:\/\/skaitytaknyga.lt\/en\/wp-json\/wp\/v2\/comments?post=17835"}],"wp:featuredmedia":[{"embeddable":true,"href":"https:\/\/skaitytaknyga.lt\/en\/wp-json\/wp\/v2\/media\/17836"}],"wp:attachment":[{"href":"https:\/\/skaitytaknyga.lt\/en\/wp-json\/wp\/v2\/media?parent=17835"}],"wp:term":[{"taxonomy":"product_brand","embeddable":true,"href":"https:\/\/skaitytaknyga.lt\/en\/wp-json\/wp\/v2\/product_brand?post=17835"},{"taxonomy":"product_cat","embeddable":true,"href":"https:\/\/skaitytaknyga.lt\/en\/wp-json\/wp\/v2\/product_cat?post=17835"},{"taxonomy":"product_tag","embeddable":true,"href":"https:\/\/skaitytaknyga.lt\/en\/wp-json\/wp\/v2\/product_tag?post=17835"}],"curies":[{"name":"wp","href":"https:\/\/api.w.org\/{rel}","templated":true}]}}