{"id":17833,"date":"2025-01-16T09:12:08","date_gmt":"2025-01-16T07:12:08","guid":{"rendered":"https:\/\/skaitytaknyga.lt\/?post_type=product&#038;p=17833"},"modified":"2025-07-09T17:55:03","modified_gmt":"2025-07-09T14:55:03","slug":"laikinos-butybes-ir-kitos-psichoterapines-istorijos","status":"publish","type":"product","link":"https:\/\/skaitytaknyga.lt\/en\/produktas\/laikinos-butybes-ir-kitos-psichoterapines-istorijos\/","title":{"rendered":"Laikinos b\u016btyb\u0117s ir kitos psichoterapin\u0117s istorijos"},"content":{"rendered":"<p>Knygoje\u00a0<strong>\u201eLaikinos b\u016btyb\u0117s&#8221; Irvinas Yalomas<\/strong>\u00a0moko skaitytojus suvokti ir priimti du did\u017eiausius gyvenimo i\u0161\u0161\u016bkius: nepamainom\u0105 ties\u0105, kad vien\u0105 dien\u0105 mes visi mirsime ir kad kiekvienas m\u016bs\u0173 turi atsakomyb\u0119 nugyventi verting\u0105 gyvenim\u0105.<\/p>\n<p>\u017dmon\u0117s kreipiasi \u012f\u00a0<strong>Yalom\u0105<\/strong>\u00a0ie\u0161kodami nusiraminimo ir prasm\u0117s, ta\u010diau ir jie, ir pats psichoterapeutas supranta, kad \u0161ie dalykai retai b\u016bna ten, kur manome juos rasi\u0105.<\/p>\n<p><em>Visi mes \u2013 tik laikinos b\u016btyb\u0117s; ir tos, kurios prisimena, ir tos, kurias prisimena. Trumpalaik\u0117 ir atmintis, ir tai, kas atsimenama. Netruks ateiti tas metas, kai b\u016bsi visk\u0105 u\u017emir\u0161\u0119s ir b\u016bsi u\u017emir\u0161tas vis\u0173. Niekuomet nepamir\u0161k, kad greitai tapsi niekuo ir i\u0161nyksi neb\u016bty.<\/em><\/p>\n<p>&#8211; Markas Aurelijus \u201eSau pa\u010diam&#8221;<\/p>\n<ul class=\"about-product d-none d-xl-block mt-4\">\n<li><strong>Originalus pavadinimas:<\/strong>\u00a0CREATURES OF A DAY<\/li>\n<li><strong>Autorius:<\/strong>\u00a0Irvin D. Yalom<\/li>\n<li><strong>Leid\u0117jas<\/strong>\u00a0Vaga<\/li>\n<li><strong>Metai:<\/strong>\u00a02015<\/li>\n<li><strong>Puslapiai:<\/strong>\u00a0208<\/li>\n<li class=\"toggleable type-new-formats \"><strong>ISBN :\u00a0<\/strong>9785415023820<\/li>\n<li><strong>Versijos kodas:<\/strong>\u00a0PT.<\/li>\n<li class=\"toggleable type-new-formats \"><strong>Formatas:<\/strong>\u00a015 x 22 cm, kieti vir\u0161eliai<\/li>\n<li><strong>Kalba:<\/strong>\u00a0Lietuvi\u0173<\/li>\n<li><strong>Vert\u0117jas:<\/strong>\u00a0Ieva \u0160imkuvien\u0117<\/li>\n<\/ul>\n","protected":false},"excerpt":{"rendered":"<p>Knygoje\u00a0\u201eLaikinos b\u016btyb\u0117s&#8221; Irvinas Yalomas\u00a0moko skaitytojus suvokti ir priimti du did\u017eiausius gyvenimo i\u0161\u0161\u016bkius: nepamainom\u0105 ties\u0105, kad vien\u0105 dien\u0105 mes visi mirsime ir kad kiekvienas m\u016bs\u0173 turi atsakomyb\u0119 nugyventi verting\u0105 gyvenim\u0105. \u017dmon\u0117s kreipiasi \u012f\u00a0Yalom\u0105\u00a0ie\u0161kodami nusiraminimo ir prasm\u0117s, ta\u010diau ir jie, ir pats psichoterapeutas supranta, kad \u0161ie dalykai retai b\u016bna ten, kur manome juos rasi\u0105. Visi mes \u2013 tik laikinos b\u016btyb\u0117s; ir tos, kurios prisimena, ir tos, kurias prisimena. Trumpalaik\u0117 ir atmintis, ir tai, kas atsimenama. Netruks ateiti tas metas, kai b\u016bsi visk\u0105 u\u017emir\u0161\u0119s ir b\u016bsi u\u017emir\u0161tas vis\u0173. Niekuomet nepamir\u0161k, kad greitai tapsi niekuo ir i\u0161nyksi neb\u016bty. &#8211; Markas Aurelijus \u201eSau pa\u010diam&#8221; Originalus pavadinimas:\u00a0CREATURES OF A DAY Autorius:\u00a0Irvin D. Yalom Leid\u0117jas\u00a0Vaga Metai:\u00a02015 Puslapiai:\u00a0208 ISBN :\u00a09785415023820 Versijos kodas:\u00a0PT. Formatas:\u00a015 x 22 cm, kieti vir\u0161eliai Kalba:\u00a0Lietuvi\u0173 Vert\u0117jas:\u00a0Ieva \u0160imkuvien\u0117<\/p>\n","protected":false},"featured_media":17834,"comment_status":"open","ping_status":"closed","template":"","meta":{"_acf_changed":false,"site-sidebar-layout":"default","site-content-layout":"","ast-site-content-layout":"default","site-content-style":"default","site-sidebar-style":"default","ast-global-header-display":"","ast-banner-title-visibility":"","ast-main-header-display":"","ast-hfb-above-header-display":"","ast-hfb-below-header-display":"","ast-hfb-mobile-header-display":"","site-post-title":"","ast-breadcrumbs-content":"","ast-featured-img":"","footer-sml-layout":"","ast-disable-related-posts":"","theme-transparent-header-meta":"default","adv-header-id-meta":"","stick-header-meta":"","header-above-stick-meta":"","header-main-stick-meta":"","header-below-stick-meta":"","astra-migrate-meta-layouts":"set","ast-page-background-enabled":"default","ast-page-background-meta":{"desktop":{"background-color":"","background-image":"","background-repeat":"repeat","background-position":"center center","background-size":"auto","background-attachment":"scroll","background-type":"","background-media":"","overlay-type":"","overlay-color":"","overlay-opacity":"","overlay-gradient":""},"tablet":{"background-color":"","background-image":"","background-repeat":"repeat","background-position":"center center","background-size":"auto","background-attachment":"scroll","background-type":"","background-media":"","overlay-type":"","overlay-color":"","overlay-opacity":"","overlay-gradient":""},"mobile":{"background-color":"","background-image":"","background-repeat":"repeat","background-position":"center center","background-size":"auto","background-attachment":"scroll","background-type":"","background-media":"","overlay-type":"","overlay-color":"","overlay-opacity":"","overlay-gradient":""}},"ast-content-background-meta":{"desktop":{"background-color":"var(--ast-global-color-4)","background-image":"","background-repeat":"repeat","background-position":"center center","background-size":"auto","background-attachment":"scroll","background-type":"","background-media":"","overlay-type":"","overlay-color":"","overlay-opacity":"","overlay-gradient":""},"tablet":{"background-color":"var(--ast-global-color-4)","background-image":"","background-repeat":"repeat","background-position":"center center","background-size":"auto","background-attachment":"scroll","background-type":"","background-media":"","overlay-type":"","overlay-color":"","overlay-opacity":"","overlay-gradient":""},"mobile":{"background-color":"var(--ast-global-color-4)","background-image":"","background-repeat":"repeat","background-position":"center center","background-size":"auto","background-attachment":"scroll","background-type":"","background-media":"","overlay-type":"","overlay-color":"","overlay-opacity":"","overlay-gradient":""}}},"product_brand":[],"product_cat":[15,30],"product_tag":[1369],"class_list":{"0":"post-17833","1":"product","2":"type-product","3":"status-publish","4":"has-post-thumbnail","6":"product_cat-uncategorized","7":"product_cat-psichologija-ir-saviugda","8":"product_tag-irvinas-d-yalomas","9":"desktop-align-left","10":"tablet-align-left","11":"mobile-align-left","13":"first","14":"outofstock","15":"shipping-taxable","16":"purchasable","17":"product-type-simple"},"acf":[],"yoast_head":"<!-- This site is optimized with the Yoast SEO plugin v27.0 - https:\/\/yoast.com\/product\/yoast-seo-wordpress\/ -->\n<title>Laikinos b\u016btyb\u0117s ir kitos psichoterapin\u0117s istorijos<\/title>\n<meta name=\"description\" content=\"Knygoje\u00a0\u201eLaikinos b\u016btyb\u0117s&quot; Irvinas Yalomas\u00a0moko skaitytojus suvokti ir priimti du did\u017eiausius gyvenimo i\u0161\u0161\u016bkius: nepamainom\u0105 ties\u0105, kad vien\u0105 dien\u0105 mes\" \/>\n<meta name=\"robots\" content=\"index, follow, max-snippet:-1, max-image-preview:large, max-video-preview:-1\" \/>\n<link rel=\"canonical\" href=\"https:\/\/skaitytaknyga.lt\/en\/produktas\/laikinos-butybes-ir-kitos-psichoterapines-istorijos\/\" \/>\n<meta property=\"og:locale\" content=\"en_GB\" \/>\n<meta property=\"og:locale:alternate\" content=\"lt_LT\" \/>\n<meta property=\"og:type\" content=\"article\" \/>\n<meta property=\"og:title\" content=\"Laikinos b\u016btyb\u0117s ir kitos psichoterapin\u0117s istorijos\" \/>\n<meta property=\"og:description\" content=\"Knygoje\u00a0\u201eLaikinos b\u016btyb\u0117s&quot; Irvinas Yalomas\u00a0moko skaitytojus suvokti ir priimti du did\u017eiausius gyvenimo i\u0161\u0161\u016bkius: nepamainom\u0105 ties\u0105, kad vien\u0105 dien\u0105 mes\" \/>\n<meta property=\"og:url\" content=\"https:\/\/skaitytaknyga.lt\/en\/produktas\/laikinos-butybes-ir-kitos-psichoterapines-istorijos\/\" \/>\n<meta property=\"og:site_name\" content=\"Skaitytaknyga\" \/>\n<meta property=\"article:publisher\" content=\"https:\/\/www.facebook.com\/skaitytaknyga\/\" \/>\n<meta property=\"article:modified_time\" content=\"2025-07-09T14:55:03+00:00\" \/>\n<meta property=\"og:image\" content=\"https:\/\/skaitytaknyga.lt\/wp-content\/uploads\/2025\/04\/Laikinos-butybes-ir-kitos-psichoterapines-istorijos.webp\" \/>\n\t<meta property=\"og:image:width\" content=\"422\" \/>\n\t<meta property=\"og:image:height\" content=\"639\" \/>\n\t<meta property=\"og:image:type\" content=\"image\/webp\" \/>\n<meta name=\"twitter:card\" content=\"summary_large_image\" \/>\n<meta name=\"twitter:label1\" content=\"Estimated reading time\" \/>\n\t<meta name=\"twitter:data1\" content=\"2 minutes\" \/>\n<script type=\"application\/ld+json\" class=\"yoast-schema-graph\">{\"@context\":\"https:\/\/schema.org\",\"@graph\":[{\"@type\":\"WebPage\",\"@id\":\"https:\/\/skaitytaknyga.lt\/produktas\/laikinos-butybes-ir-kitos-psichoterapines-istorijos\/\",\"url\":\"https:\/\/skaitytaknyga.lt\/produktas\/laikinos-butybes-ir-kitos-psichoterapines-istorijos\/\",\"name\":\"Laikinos b\u016btyb\u0117s ir kitos psichoterapin\u0117s istorijos\",\"isPartOf\":{\"@id\":\"https:\/\/skaitytaknyga.lt\/#website\"},\"primaryImageOfPage\":{\"@id\":\"https:\/\/skaitytaknyga.lt\/produktas\/laikinos-butybes-ir-kitos-psichoterapines-istorijos\/#primaryimage\"},\"image\":{\"@id\":\"https:\/\/skaitytaknyga.lt\/produktas\/laikinos-butybes-ir-kitos-psichoterapines-istorijos\/#primaryimage\"},\"thumbnailUrl\":\"https:\/\/skaitytaknyga.lt\/wp-content\/uploads\/2025\/04\/Laikinos-butybes-ir-kitos-psichoterapines-istorijos.webp\",\"datePublished\":\"2025-01-16T07:12:08+00:00\",\"dateModified\":\"2025-07-09T14:55:03+00:00\",\"description\":\"Knygoje\u00a0\u201eLaikinos b\u016btyb\u0117s\\\" Irvinas Yalomas\u00a0moko skaitytojus suvokti ir priimti du did\u017eiausius gyvenimo i\u0161\u0161\u016bkius: nepamainom\u0105 ties\u0105, kad vien\u0105 dien\u0105 mes\",\"breadcrumb\":{\"@id\":\"https:\/\/skaitytaknyga.lt\/produktas\/laikinos-butybes-ir-kitos-psichoterapines-istorijos\/#breadcrumb\"},\"inLanguage\":\"en-GB\",\"potentialAction\":[{\"@type\":\"ReadAction\",\"target\":[\"https:\/\/skaitytaknyga.lt\/produktas\/laikinos-butybes-ir-kitos-psichoterapines-istorijos\/\"]}]},{\"@type\":\"ImageObject\",\"inLanguage\":\"en-GB\",\"@id\":\"https:\/\/skaitytaknyga.lt\/produktas\/laikinos-butybes-ir-kitos-psichoterapines-istorijos\/#primaryimage\",\"url\":\"https:\/\/skaitytaknyga.lt\/wp-content\/uploads\/2025\/04\/Laikinos-butybes-ir-kitos-psichoterapines-istorijos.webp\",\"contentUrl\":\"https:\/\/skaitytaknyga.lt\/wp-content\/uploads\/2025\/04\/Laikinos-butybes-ir-kitos-psichoterapines-istorijos.webp\",\"width\":422,\"height\":639,\"caption\":\"Laikinos b\u016btyb\u0117s ir kitos psichoterapin\u0117s istorijos\"},{\"@type\":\"BreadcrumbList\",\"@id\":\"https:\/\/skaitytaknyga.lt\/produktas\/laikinos-butybes-ir-kitos-psichoterapines-istorijos\/#breadcrumb\",\"itemListElement\":[{\"@type\":\"ListItem\",\"position\":1,\"name\":\"Home\",\"item\":\"https:\/\/skaitytaknyga.lt\/\"},{\"@type\":\"ListItem\",\"position\":2,\"name\":\"Parduotuv\u0117\",\"item\":\"https:\/\/skaitytaknyga.lt\/knygu-parduotuve\/\"},{\"@type\":\"ListItem\",\"position\":3,\"name\":\"Laikinos b\u016btyb\u0117s ir kitos psichoterapin\u0117s istorijos\"}]},{\"@type\":\"WebSite\",\"@id\":\"https:\/\/skaitytaknyga.lt\/#website\",\"url\":\"https:\/\/skaitytaknyga.lt\/\",\"name\":\"skaitytaknyga.lt\",\"description\":\"Skaitytaknyga.lt \u2013 tai ma\u017eas \u0161eimos verslas, kuris prasid\u0117jo nuo meil\u0117s knygoms ir siekio i\u0161gelb\u0117ti knygas nuo likimo prie konteinerio. Kas vienam nereikalingas daiktas \u2013 kitam lobis, o mes esame tarpininkai, kurie padeda abiems tapti laimingesniems ???? \u017dinome kaip nelengva i\u0161gyventi ma\u017eiems verslams, tad nuo \u0161iol, \u010dia rasite ir kit\u0173, ma\u017e\u0173 \u0161eim\u0173 versl\u0173, rank\u0173 darbo, dovan\u0173 sau ir artimiesiems.\",\"publisher\":{\"@id\":\"https:\/\/skaitytaknyga.lt\/#organization\"},\"potentialAction\":[{\"@type\":\"SearchAction\",\"target\":{\"@type\":\"EntryPoint\",\"urlTemplate\":\"https:\/\/skaitytaknyga.lt\/?s={search_term_string}\"},\"query-input\":{\"@type\":\"PropertyValueSpecification\",\"valueRequired\":true,\"valueName\":\"search_term_string\"}}],\"inLanguage\":\"en-GB\"},{\"@type\":\"Organization\",\"@id\":\"https:\/\/skaitytaknyga.lt\/#organization\",\"name\":\"skaitytaknyga.lt\",\"url\":\"https:\/\/skaitytaknyga.lt\/\",\"logo\":{\"@type\":\"ImageObject\",\"inLanguage\":\"en-GB\",\"@id\":\"https:\/\/skaitytaknyga.lt\/#\/schema\/logo\/image\/\",\"url\":\"https:\/\/skaitytaknyga.lt\/wp-content\/uploads\/2024\/05\/cropped-cropped-cropped-02_00843_jt3bggkj1j3HLc7SyY6rEUpg.jpeg\",\"contentUrl\":\"https:\/\/skaitytaknyga.lt\/wp-content\/uploads\/2024\/05\/cropped-cropped-cropped-02_00843_jt3bggkj1j3HLc7SyY6rEUpg.jpeg\",\"width\":1600,\"height\":1600,\"caption\":\"skaitytaknyga.lt\"},\"image\":{\"@id\":\"https:\/\/skaitytaknyga.lt\/#\/schema\/logo\/image\/\"},\"sameAs\":[\"https:\/\/www.facebook.com\/skaitytaknyga\/\"]}]}<\/script>\n<!-- \/ Yoast SEO plugin. -->","yoast_head_json":{"title":"Laikinos b\u016btyb\u0117s ir kitos psichoterapin\u0117s istorijos","description":"Knygoje\u00a0\u201eLaikinos b\u016btyb\u0117s\" Irvinas Yalomas\u00a0moko skaitytojus suvokti ir priimti du did\u017eiausius gyvenimo i\u0161\u0161\u016bkius: nepamainom\u0105 ties\u0105, kad vien\u0105 dien\u0105 mes","robots":{"index":"index","follow":"follow","max-snippet":"max-snippet:-1","max-image-preview":"max-image-preview:large","max-video-preview":"max-video-preview:-1"},"canonical":"https:\/\/skaitytaknyga.lt\/en\/produktas\/laikinos-butybes-ir-kitos-psichoterapines-istorijos\/","og_locale":"en_GB","og_type":"article","og_title":"[:lt]Laikinos b\u016btyb\u0117s ir kitos psichoterapin\u0117s istorijos[:] - Skaitytaknyga","og_description":"Knygoje\u00a0\u201eLaikinos b\u016btyb\u0117s\" Irvinas Yalomas\u00a0moko skaitytojus suvokti ir priimti du did\u017eiausius gyvenimo i\u0161\u0161\u016bkius: nepamainom\u0105 ties\u0105, kad vien\u0105 dien\u0105 mes","og_url":"https:\/\/skaitytaknyga.lt\/en\/produktas\/laikinos-butybes-ir-kitos-psichoterapines-istorijos\/","og_site_name":"Skaitytaknyga","article_publisher":"https:\/\/www.facebook.com\/skaitytaknyga\/","article_modified_time":"2025-07-09T14:55:03+00:00","og_image":[{"width":422,"height":639,"url":"https:\/\/skaitytaknyga.lt\/wp-content\/uploads\/2025\/04\/Laikinos-butybes-ir-kitos-psichoterapines-istorijos.webp","type":"image\/webp"}],"twitter_card":"summary_large_image","twitter_misc":{"Estimated reading time":"2 minutes"},"schema":{"@context":"https:\/\/schema.org","@graph":[{"@type":"WebPage","@id":"https:\/\/skaitytaknyga.lt\/produktas\/laikinos-butybes-ir-kitos-psichoterapines-istorijos\/","url":"https:\/\/skaitytaknyga.lt\/produktas\/laikinos-butybes-ir-kitos-psichoterapines-istorijos\/","name":"Laikinos b\u016btyb\u0117s ir kitos psichoterapin\u0117s istorijos","isPartOf":{"@id":"https:\/\/skaitytaknyga.lt\/#website"},"primaryImageOfPage":{"@id":"https:\/\/skaitytaknyga.lt\/produktas\/laikinos-butybes-ir-kitos-psichoterapines-istorijos\/#primaryimage"},"image":{"@id":"https:\/\/skaitytaknyga.lt\/produktas\/laikinos-butybes-ir-kitos-psichoterapines-istorijos\/#primaryimage"},"thumbnailUrl":"https:\/\/skaitytaknyga.lt\/wp-content\/uploads\/2025\/04\/Laikinos-butybes-ir-kitos-psichoterapines-istorijos.webp","datePublished":"2025-01-16T07:12:08+00:00","dateModified":"2025-07-09T14:55:03+00:00","description":"Knygoje\u00a0\u201eLaikinos b\u016btyb\u0117s\" Irvinas Yalomas\u00a0moko skaitytojus suvokti ir priimti du did\u017eiausius gyvenimo i\u0161\u0161\u016bkius: nepamainom\u0105 ties\u0105, kad vien\u0105 dien\u0105 mes","breadcrumb":{"@id":"https:\/\/skaitytaknyga.lt\/produktas\/laikinos-butybes-ir-kitos-psichoterapines-istorijos\/#breadcrumb"},"inLanguage":"en-GB","potentialAction":[{"@type":"ReadAction","target":["https:\/\/skaitytaknyga.lt\/produktas\/laikinos-butybes-ir-kitos-psichoterapines-istorijos\/"]}]},{"@type":"ImageObject","inLanguage":"en-GB","@id":"https:\/\/skaitytaknyga.lt\/produktas\/laikinos-butybes-ir-kitos-psichoterapines-istorijos\/#primaryimage","url":"https:\/\/skaitytaknyga.lt\/wp-content\/uploads\/2025\/04\/Laikinos-butybes-ir-kitos-psichoterapines-istorijos.webp","contentUrl":"https:\/\/skaitytaknyga.lt\/wp-content\/uploads\/2025\/04\/Laikinos-butybes-ir-kitos-psichoterapines-istorijos.webp","width":422,"height":639,"caption":"Laikinos b\u016btyb\u0117s ir kitos psichoterapin\u0117s istorijos"},{"@type":"BreadcrumbList","@id":"https:\/\/skaitytaknyga.lt\/produktas\/laikinos-butybes-ir-kitos-psichoterapines-istorijos\/#breadcrumb","itemListElement":[{"@type":"ListItem","position":1,"name":"Home","item":"https:\/\/skaitytaknyga.lt\/"},{"@type":"ListItem","position":2,"name":"Parduotuv\u0117","item":"https:\/\/skaitytaknyga.lt\/knygu-parduotuve\/"},{"@type":"ListItem","position":3,"name":"Laikinos b\u016btyb\u0117s ir kitos psichoterapin\u0117s istorijos"}]},{"@type":"WebSite","@id":"https:\/\/skaitytaknyga.lt\/#website","url":"https:\/\/skaitytaknyga.lt\/","name":"skaitytaknyga.lt","description":"Skaitytaknyga.lt \u2013 tai ma\u017eas \u0161eimos verslas, kuris prasid\u0117jo nuo meil\u0117s knygoms ir siekio i\u0161gelb\u0117ti knygas nuo likimo prie konteinerio. Kas vienam nereikalingas daiktas \u2013 kitam lobis, o mes esame tarpininkai, kurie padeda abiems tapti laimingesniems ???? \u017dinome kaip nelengva i\u0161gyventi ma\u017eiems verslams, tad nuo \u0161iol, \u010dia rasite ir kit\u0173, ma\u017e\u0173 \u0161eim\u0173 versl\u0173, rank\u0173 darbo, dovan\u0173 sau ir artimiesiems.","publisher":{"@id":"https:\/\/skaitytaknyga.lt\/#organization"},"potentialAction":[{"@type":"SearchAction","target":{"@type":"EntryPoint","urlTemplate":"https:\/\/skaitytaknyga.lt\/?s={search_term_string}"},"query-input":{"@type":"PropertyValueSpecification","valueRequired":true,"valueName":"search_term_string"}}],"inLanguage":"en-GB"},{"@type":"Organization","@id":"https:\/\/skaitytaknyga.lt\/#organization","name":"skaitytaknyga.lt","url":"https:\/\/skaitytaknyga.lt\/","logo":{"@type":"ImageObject","inLanguage":"en-GB","@id":"https:\/\/skaitytaknyga.lt\/#\/schema\/logo\/image\/","url":"https:\/\/skaitytaknyga.lt\/wp-content\/uploads\/2024\/05\/cropped-cropped-cropped-02_00843_jt3bggkj1j3HLc7SyY6rEUpg.jpeg","contentUrl":"https:\/\/skaitytaknyga.lt\/wp-content\/uploads\/2024\/05\/cropped-cropped-cropped-02_00843_jt3bggkj1j3HLc7SyY6rEUpg.jpeg","width":1600,"height":1600,"caption":"skaitytaknyga.lt"},"image":{"@id":"https:\/\/skaitytaknyga.lt\/#\/schema\/logo\/image\/"},"sameAs":["https:\/\/www.facebook.com\/skaitytaknyga\/"]}]}},"_links":{"self":[{"href":"https:\/\/skaitytaknyga.lt\/en\/wp-json\/wp\/v2\/product\/17833","targetHints":{"allow":["GET"]}}],"collection":[{"href":"https:\/\/skaitytaknyga.lt\/en\/wp-json\/wp\/v2\/product"}],"about":[{"href":"https:\/\/skaitytaknyga.lt\/en\/wp-json\/wp\/v2\/types\/product"}],"replies":[{"embeddable":true,"href":"https:\/\/skaitytaknyga.lt\/en\/wp-json\/wp\/v2\/comments?post=17833"}],"wp:featuredmedia":[{"embeddable":true,"href":"https:\/\/skaitytaknyga.lt\/en\/wp-json\/wp\/v2\/media\/17834"}],"wp:attachment":[{"href":"https:\/\/skaitytaknyga.lt\/en\/wp-json\/wp\/v2\/media?parent=17833"}],"wp:term":[{"taxonomy":"product_brand","embeddable":true,"href":"https:\/\/skaitytaknyga.lt\/en\/wp-json\/wp\/v2\/product_brand?post=17833"},{"taxonomy":"product_cat","embeddable":true,"href":"https:\/\/skaitytaknyga.lt\/en\/wp-json\/wp\/v2\/product_cat?post=17833"},{"taxonomy":"product_tag","embeddable":true,"href":"https:\/\/skaitytaknyga.lt\/en\/wp-json\/wp\/v2\/product_tag?post=17833"}],"curies":[{"name":"wp","href":"https:\/\/api.w.org\/{rel}","templated":true}]}}