{"id":17831,"date":"2025-04-16T09:08:35","date_gmt":"2025-04-16T06:08:35","guid":{"rendered":"https:\/\/skaitytaknyga.lt\/?post_type=product&#038;p=17831"},"modified":"2025-07-01T19:23:01","modified_gmt":"2025-07-01T16:23:01","slug":"naujas-zvilgsnis-i-neistikimybe","status":"publish","type":"product","link":"https:\/\/skaitytaknyga.lt\/en\/produktas\/naujas-zvilgsnis-i-neistikimybe\/","title":{"rendered":"Naujas \u017evilgsnis \u012f nei\u0161tikimyb\u0119"},"content":{"rendered":"<p>Egzistuoja vienas nusi\u017eengimas, galintis sugriauti poros santykius, laim\u0119 ir pakirsti tapatumo jausm\u0105, \u2013 nei\u0161tikimyb\u0117. I\u0161davyst\u0117 skaudina, ra\u0161o Perel, ta\u010diau \u012fmanoma atsitiesti. \u017dvelgdamos tinkama kryptimi poros gali augti ir pasimokyti i\u0161 \u0161ios sukre\u010dian\u010dios patirties tiek nusprendusios likti kartu, tiek pasukusios skirtingais keliais.<\/p>\n<p>Knygoje rasite daug svarbi\u0173 klausim\u0173 ir atsakym\u0173:<br \/>\nAr \u012fmanoma vienu metu myl\u0117ti daugiau nei vien\u0105 \u017emog\u0173?<br \/>\nKuo romanas gali b\u016bti naudingas santuokai?<br \/>\nKod\u0117l \u017emon\u0117s \u2013 net ir tie, kuri\u0173 santuokos laimingos, \u2013 b\u016bna nei\u0161tikimi?<br \/>\nKod\u0117l partnerio nei\u0161tikimyb\u0117 \u0161itaip skaudina?<br \/>\nAr visada verta atskleisti slaptus meil\u0117s ry\u0161ius?<\/p>\n<p>Psichoterapeut\u0117, populiariausia New York Times autor\u0117\u00a0<strong>Esther Perel<\/strong>\u00a0gars\u0117ja kaip viena \u012f\u017evalgiausi\u0173 ir originaliausi\u0173 \u0161iuolaikini\u0173 por\u0173 santyki\u0173 specialis\u010di\u0173. Ji laisvai kalba devyniomis kalbomis, u\u017esiima priva\u010dia psichoterapine praktika Niujorke ir konsultuoja \u012f Fortune 500 s\u0105ra\u0161us \u012ftrauktas \u012fmones.<\/p>\n<ul class=\"about-product d-none d-xl-block mt-4\">\n<li><strong>Originalus pavadinimas:<\/strong>\u00a0THE STATE OF AFFAIRS<\/li>\n<li><strong>Autorius:<\/strong>\u00a0Esther Perel<\/li>\n<li><strong>Leid\u0117jas<\/strong>\u00a0Alma littera<\/li>\n<li><strong>Metai:<\/strong>\u00a02018<\/li>\n<li><strong>Puslapiai:<\/strong>\u00a0344<\/li>\n<li class=\"toggleable type-new-formats \"><strong>ISBN :\u00a0<\/strong>9786090133576<\/li>\n<li><strong>Versijos kodas:<\/strong>\u00a0PT.8<\/li>\n<li class=\"toggleable type-new-formats \"><strong>Formatas:<\/strong>\u00a014,3 x 21,3 x 2,6 cm, mink\u0161ti vir\u0161eliai<\/li>\n<li><strong>Kalba:<\/strong>\u00a0Lietuvi\u0173<\/li>\n<li><strong>Vert\u0117jas:<\/strong>\u00a0Inga B\u016bdvytyt\u0117<\/li>\n<\/ul>\n","protected":false},"excerpt":{"rendered":"<p>Egzistuoja vienas nusi\u017eengimas, galintis sugriauti poros santykius, laim\u0119 ir pakirsti tapatumo jausm\u0105, \u2013 nei\u0161tikimyb\u0117. I\u0161davyst\u0117 skaudina, ra\u0161o Perel, ta\u010diau \u012fmanoma atsitiesti. \u017dvelgdamos tinkama kryptimi poros gali augti ir pasimokyti i\u0161 \u0161ios sukre\u010dian\u010dios patirties tiek nusprendusios likti kartu, tiek pasukusios skirtingais keliais. Knygoje rasite daug svarbi\u0173 klausim\u0173 ir atsakym\u0173: Ar \u012fmanoma vienu metu myl\u0117ti daugiau nei vien\u0105 \u017emog\u0173? Kuo romanas gali b\u016bti naudingas santuokai? Kod\u0117l \u017emon\u0117s \u2013 net ir tie, kuri\u0173 santuokos laimingos, \u2013 b\u016bna nei\u0161tikimi? Kod\u0117l partnerio nei\u0161tikimyb\u0117 \u0161itaip skaudina? Ar visada verta atskleisti slaptus meil\u0117s ry\u0161ius? Psichoterapeut\u0117, populiariausia New York Times autor\u0117\u00a0Esther Perel\u00a0gars\u0117ja kaip viena \u012f\u017evalgiausi\u0173 ir originaliausi\u0173 \u0161iuolaikini\u0173 por\u0173 santyki\u0173 specialis\u010di\u0173. Ji laisvai kalba devyniomis kalbomis, u\u017esiima priva\u010dia psichoterapine praktika Niujorke ir konsultuoja \u012f Fortune 500 s\u0105ra\u0161us \u012ftrauktas \u012fmones. Originalus pavadinimas:\u00a0THE STATE OF AFFAIRS Autorius:\u00a0Esther Perel Leid\u0117jas\u00a0Alma littera Metai:\u00a02018 Puslapiai:\u00a0344 ISBN :\u00a09786090133576 Versijos kodas:\u00a0PT.8 Formatas:\u00a014,3 x 21,3 x 2,6 cm, mink\u0161ti vir\u0161eliai Kalba:\u00a0Lietuvi\u0173 Vert\u0117jas:\u00a0Inga B\u016bdvytyt\u0117<\/p>\n","protected":false},"featured_media":17832,"comment_status":"open","ping_status":"closed","template":"","meta":{"_acf_changed":false,"site-sidebar-layout":"default","site-content-layout":"","ast-site-content-layout":"default","site-content-style":"default","site-sidebar-style":"default","ast-global-header-display":"","ast-banner-title-visibility":"","ast-main-header-display":"","ast-hfb-above-header-display":"","ast-hfb-below-header-display":"","ast-hfb-mobile-header-display":"","site-post-title":"","ast-breadcrumbs-content":"","ast-featured-img":"","footer-sml-layout":"","ast-disable-related-posts":"","theme-transparent-header-meta":"default","adv-header-id-meta":"","stick-header-meta":"","header-above-stick-meta":"","header-main-stick-meta":"","header-below-stick-meta":"","astra-migrate-meta-layouts":"set","ast-page-background-enabled":"default","ast-page-background-meta":{"desktop":{"background-color":"","background-image":"","background-repeat":"repeat","background-position":"center center","background-size":"auto","background-attachment":"scroll","background-type":"","background-media":"","overlay-type":"","overlay-color":"","overlay-opacity":"","overlay-gradient":""},"tablet":{"background-color":"","background-image":"","background-repeat":"repeat","background-position":"center center","background-size":"auto","background-attachment":"scroll","background-type":"","background-media":"","overlay-type":"","overlay-color":"","overlay-opacity":"","overlay-gradient":""},"mobile":{"background-color":"","background-image":"","background-repeat":"repeat","background-position":"center center","background-size":"auto","background-attachment":"scroll","background-type":"","background-media":"","overlay-type":"","overlay-color":"","overlay-opacity":"","overlay-gradient":""}},"ast-content-background-meta":{"desktop":{"background-color":"var(--ast-global-color-4)","background-image":"","background-repeat":"repeat","background-position":"center center","background-size":"auto","background-attachment":"scroll","background-type":"","background-media":"","overlay-type":"","overlay-color":"","overlay-opacity":"","overlay-gradient":""},"tablet":{"background-color":"var(--ast-global-color-4)","background-image":"","background-repeat":"repeat","background-position":"center center","background-size":"auto","background-attachment":"scroll","background-type":"","background-media":"","overlay-type":"","overlay-color":"","overlay-opacity":"","overlay-gradient":""},"mobile":{"background-color":"var(--ast-global-color-4)","background-image":"","background-repeat":"repeat","background-position":"center center","background-size":"auto","background-attachment":"scroll","background-type":"","background-media":"","overlay-type":"","overlay-color":"","overlay-opacity":"","overlay-gradient":""}}},"product_brand":[],"product_cat":[15,30],"product_tag":[3484,3483,3429,1417],"class_list":{"0":"post-17831","1":"product","2":"type-product","3":"status-publish","4":"has-post-thumbnail","6":"product_cat-uncategorized","7":"product_cat-psichologija-ir-saviugda","8":"product_tag-esther-perel","9":"product_tag-neistikimybe","10":"product_tag-psichoterapija","11":"product_tag-santykiai","12":"desktop-align-left","13":"tablet-align-left","14":"mobile-align-left","16":"first","17":"outofstock","18":"shipping-taxable","19":"purchasable","20":"product-type-simple"},"acf":[],"yoast_head":"<!-- This site is optimized with the Yoast SEO plugin v27.0 - https:\/\/yoast.com\/product\/yoast-seo-wordpress\/ -->\n<title>Naujas \u017evilgsnis \u012f nei\u0161tikimyb\u0119<\/title>\n<meta name=\"description\" content=\"Egzistuoja vienas nusi\u017eengimas, galintis sugriauti poros santykius, laim\u0119 ir pakirsti tapatumo jausm\u0105, \u2013 nei\u0161tikimyb\u0117. I\u0161davyst\u0117 skaudina, ra\u0161o Perel,\" \/>\n<meta name=\"robots\" content=\"index, follow, max-snippet:-1, max-image-preview:large, max-video-preview:-1\" \/>\n<link rel=\"canonical\" href=\"https:\/\/skaitytaknyga.lt\/en\/produktas\/naujas-zvilgsnis-i-neistikimybe\/\" \/>\n<meta property=\"og:locale\" content=\"en_GB\" \/>\n<meta property=\"og:locale:alternate\" content=\"lt_LT\" \/>\n<meta property=\"og:type\" content=\"article\" \/>\n<meta property=\"og:title\" content=\"Naujas \u017evilgsnis \u012f nei\u0161tikimyb\u0119\" \/>\n<meta property=\"og:description\" content=\"Egzistuoja vienas nusi\u017eengimas, galintis sugriauti poros santykius, laim\u0119 ir pakirsti tapatumo jausm\u0105, \u2013 nei\u0161tikimyb\u0117. I\u0161davyst\u0117 skaudina, ra\u0161o Perel,\" \/>\n<meta property=\"og:url\" content=\"https:\/\/skaitytaknyga.lt\/en\/produktas\/naujas-zvilgsnis-i-neistikimybe\/\" \/>\n<meta property=\"og:site_name\" content=\"Skaitytaknyga\" \/>\n<meta property=\"article:publisher\" content=\"https:\/\/www.facebook.com\/skaitytaknyga\/\" \/>\n<meta property=\"article:modified_time\" content=\"2025-07-01T16:23:01+00:00\" \/>\n<meta property=\"og:image\" content=\"https:\/\/skaitytaknyga.lt\/wp-content\/uploads\/2025\/04\/naujas-zvilgsnis-i-neistikimybe.webp\" \/>\n\t<meta property=\"og:image:width\" content=\"409\" \/>\n\t<meta property=\"og:image:height\" content=\"600\" \/>\n\t<meta property=\"og:image:type\" content=\"image\/webp\" \/>\n<meta name=\"twitter:card\" content=\"summary_large_image\" \/>\n<meta name=\"twitter:label1\" content=\"Estimated reading time\" \/>\n\t<meta name=\"twitter:data1\" content=\"2 minutes\" \/>\n<script type=\"application\/ld+json\" class=\"yoast-schema-graph\">{\"@context\":\"https:\/\/schema.org\",\"@graph\":[{\"@type\":\"WebPage\",\"@id\":\"https:\/\/skaitytaknyga.lt\/produktas\/naujas-zvilgsnis-i-neistikimybe\/\",\"url\":\"https:\/\/skaitytaknyga.lt\/produktas\/naujas-zvilgsnis-i-neistikimybe\/\",\"name\":\"Naujas \u017evilgsnis \u012f nei\u0161tikimyb\u0119\",\"isPartOf\":{\"@id\":\"https:\/\/skaitytaknyga.lt\/#website\"},\"primaryImageOfPage\":{\"@id\":\"https:\/\/skaitytaknyga.lt\/produktas\/naujas-zvilgsnis-i-neistikimybe\/#primaryimage\"},\"image\":{\"@id\":\"https:\/\/skaitytaknyga.lt\/produktas\/naujas-zvilgsnis-i-neistikimybe\/#primaryimage\"},\"thumbnailUrl\":\"https:\/\/skaitytaknyga.lt\/wp-content\/uploads\/2025\/04\/naujas-zvilgsnis-i-neistikimybe.webp\",\"datePublished\":\"2025-04-16T06:08:35+00:00\",\"dateModified\":\"2025-07-01T16:23:01+00:00\",\"description\":\"Egzistuoja vienas nusi\u017eengimas, galintis sugriauti poros santykius, laim\u0119 ir pakirsti tapatumo jausm\u0105, \u2013 nei\u0161tikimyb\u0117. I\u0161davyst\u0117 skaudina, ra\u0161o Perel,\",\"breadcrumb\":{\"@id\":\"https:\/\/skaitytaknyga.lt\/produktas\/naujas-zvilgsnis-i-neistikimybe\/#breadcrumb\"},\"inLanguage\":\"en-GB\",\"potentialAction\":[{\"@type\":\"ReadAction\",\"target\":[\"https:\/\/skaitytaknyga.lt\/produktas\/naujas-zvilgsnis-i-neistikimybe\/\"]}]},{\"@type\":\"ImageObject\",\"inLanguage\":\"en-GB\",\"@id\":\"https:\/\/skaitytaknyga.lt\/produktas\/naujas-zvilgsnis-i-neistikimybe\/#primaryimage\",\"url\":\"https:\/\/skaitytaknyga.lt\/wp-content\/uploads\/2025\/04\/naujas-zvilgsnis-i-neistikimybe.webp\",\"contentUrl\":\"https:\/\/skaitytaknyga.lt\/wp-content\/uploads\/2025\/04\/naujas-zvilgsnis-i-neistikimybe.webp\",\"width\":409,\"height\":600,\"caption\":\"Naujas \u017evilgsnis \u012f nei\u0161tikimyb\u0119\"},{\"@type\":\"BreadcrumbList\",\"@id\":\"https:\/\/skaitytaknyga.lt\/produktas\/naujas-zvilgsnis-i-neistikimybe\/#breadcrumb\",\"itemListElement\":[{\"@type\":\"ListItem\",\"position\":1,\"name\":\"Home\",\"item\":\"https:\/\/skaitytaknyga.lt\/\"},{\"@type\":\"ListItem\",\"position\":2,\"name\":\"Parduotuv\u0117\",\"item\":\"https:\/\/skaitytaknyga.lt\/knygu-parduotuve\/\"},{\"@type\":\"ListItem\",\"position\":3,\"name\":\"Naujas \u017evilgsnis \u012f nei\u0161tikimyb\u0119\"}]},{\"@type\":\"WebSite\",\"@id\":\"https:\/\/skaitytaknyga.lt\/#website\",\"url\":\"https:\/\/skaitytaknyga.lt\/\",\"name\":\"skaitytaknyga.lt\",\"description\":\"Skaitytaknyga.lt \u2013 tai ma\u017eas \u0161eimos verslas, kuris prasid\u0117jo nuo meil\u0117s knygoms ir siekio i\u0161gelb\u0117ti knygas nuo likimo prie konteinerio. Kas vienam nereikalingas daiktas \u2013 kitam lobis, o mes esame tarpininkai, kurie padeda abiems tapti laimingesniems ???? \u017dinome kaip nelengva i\u0161gyventi ma\u017eiems verslams, tad nuo \u0161iol, \u010dia rasite ir kit\u0173, ma\u017e\u0173 \u0161eim\u0173 versl\u0173, rank\u0173 darbo, dovan\u0173 sau ir artimiesiems.\",\"publisher\":{\"@id\":\"https:\/\/skaitytaknyga.lt\/#organization\"},\"potentialAction\":[{\"@type\":\"SearchAction\",\"target\":{\"@type\":\"EntryPoint\",\"urlTemplate\":\"https:\/\/skaitytaknyga.lt\/?s={search_term_string}\"},\"query-input\":{\"@type\":\"PropertyValueSpecification\",\"valueRequired\":true,\"valueName\":\"search_term_string\"}}],\"inLanguage\":\"en-GB\"},{\"@type\":\"Organization\",\"@id\":\"https:\/\/skaitytaknyga.lt\/#organization\",\"name\":\"skaitytaknyga.lt\",\"url\":\"https:\/\/skaitytaknyga.lt\/\",\"logo\":{\"@type\":\"ImageObject\",\"inLanguage\":\"en-GB\",\"@id\":\"https:\/\/skaitytaknyga.lt\/#\/schema\/logo\/image\/\",\"url\":\"https:\/\/skaitytaknyga.lt\/wp-content\/uploads\/2024\/05\/cropped-cropped-cropped-02_00843_jt3bggkj1j3HLc7SyY6rEUpg.jpeg\",\"contentUrl\":\"https:\/\/skaitytaknyga.lt\/wp-content\/uploads\/2024\/05\/cropped-cropped-cropped-02_00843_jt3bggkj1j3HLc7SyY6rEUpg.jpeg\",\"width\":1600,\"height\":1600,\"caption\":\"skaitytaknyga.lt\"},\"image\":{\"@id\":\"https:\/\/skaitytaknyga.lt\/#\/schema\/logo\/image\/\"},\"sameAs\":[\"https:\/\/www.facebook.com\/skaitytaknyga\/\"]}]}<\/script>\n<!-- \/ Yoast SEO plugin. -->","yoast_head_json":{"title":"Naujas \u017evilgsnis \u012f nei\u0161tikimyb\u0119","description":"Egzistuoja vienas nusi\u017eengimas, galintis sugriauti poros santykius, laim\u0119 ir pakirsti tapatumo jausm\u0105, \u2013 nei\u0161tikimyb\u0117. I\u0161davyst\u0117 skaudina, ra\u0161o Perel,","robots":{"index":"index","follow":"follow","max-snippet":"max-snippet:-1","max-image-preview":"max-image-preview:large","max-video-preview":"max-video-preview:-1"},"canonical":"https:\/\/skaitytaknyga.lt\/en\/produktas\/naujas-zvilgsnis-i-neistikimybe\/","og_locale":"en_GB","og_type":"article","og_title":"[:lt]Naujas \u017evilgsnis \u012f nei\u0161tikimyb\u0119[:] - Skaitytaknyga","og_description":"Egzistuoja vienas nusi\u017eengimas, galintis sugriauti poros santykius, laim\u0119 ir pakirsti tapatumo jausm\u0105, \u2013 nei\u0161tikimyb\u0117. I\u0161davyst\u0117 skaudina, ra\u0161o Perel,","og_url":"https:\/\/skaitytaknyga.lt\/en\/produktas\/naujas-zvilgsnis-i-neistikimybe\/","og_site_name":"Skaitytaknyga","article_publisher":"https:\/\/www.facebook.com\/skaitytaknyga\/","article_modified_time":"2025-07-01T16:23:01+00:00","og_image":[{"width":409,"height":600,"url":"https:\/\/skaitytaknyga.lt\/wp-content\/uploads\/2025\/04\/naujas-zvilgsnis-i-neistikimybe.webp","type":"image\/webp"}],"twitter_card":"summary_large_image","twitter_misc":{"Estimated reading time":"2 minutes"},"schema":{"@context":"https:\/\/schema.org","@graph":[{"@type":"WebPage","@id":"https:\/\/skaitytaknyga.lt\/produktas\/naujas-zvilgsnis-i-neistikimybe\/","url":"https:\/\/skaitytaknyga.lt\/produktas\/naujas-zvilgsnis-i-neistikimybe\/","name":"Naujas \u017evilgsnis \u012f nei\u0161tikimyb\u0119","isPartOf":{"@id":"https:\/\/skaitytaknyga.lt\/#website"},"primaryImageOfPage":{"@id":"https:\/\/skaitytaknyga.lt\/produktas\/naujas-zvilgsnis-i-neistikimybe\/#primaryimage"},"image":{"@id":"https:\/\/skaitytaknyga.lt\/produktas\/naujas-zvilgsnis-i-neistikimybe\/#primaryimage"},"thumbnailUrl":"https:\/\/skaitytaknyga.lt\/wp-content\/uploads\/2025\/04\/naujas-zvilgsnis-i-neistikimybe.webp","datePublished":"2025-04-16T06:08:35+00:00","dateModified":"2025-07-01T16:23:01+00:00","description":"Egzistuoja vienas nusi\u017eengimas, galintis sugriauti poros santykius, laim\u0119 ir pakirsti tapatumo jausm\u0105, \u2013 nei\u0161tikimyb\u0117. I\u0161davyst\u0117 skaudina, ra\u0161o Perel,","breadcrumb":{"@id":"https:\/\/skaitytaknyga.lt\/produktas\/naujas-zvilgsnis-i-neistikimybe\/#breadcrumb"},"inLanguage":"en-GB","potentialAction":[{"@type":"ReadAction","target":["https:\/\/skaitytaknyga.lt\/produktas\/naujas-zvilgsnis-i-neistikimybe\/"]}]},{"@type":"ImageObject","inLanguage":"en-GB","@id":"https:\/\/skaitytaknyga.lt\/produktas\/naujas-zvilgsnis-i-neistikimybe\/#primaryimage","url":"https:\/\/skaitytaknyga.lt\/wp-content\/uploads\/2025\/04\/naujas-zvilgsnis-i-neistikimybe.webp","contentUrl":"https:\/\/skaitytaknyga.lt\/wp-content\/uploads\/2025\/04\/naujas-zvilgsnis-i-neistikimybe.webp","width":409,"height":600,"caption":"Naujas \u017evilgsnis \u012f nei\u0161tikimyb\u0119"},{"@type":"BreadcrumbList","@id":"https:\/\/skaitytaknyga.lt\/produktas\/naujas-zvilgsnis-i-neistikimybe\/#breadcrumb","itemListElement":[{"@type":"ListItem","position":1,"name":"Home","item":"https:\/\/skaitytaknyga.lt\/"},{"@type":"ListItem","position":2,"name":"Parduotuv\u0117","item":"https:\/\/skaitytaknyga.lt\/knygu-parduotuve\/"},{"@type":"ListItem","position":3,"name":"Naujas \u017evilgsnis \u012f nei\u0161tikimyb\u0119"}]},{"@type":"WebSite","@id":"https:\/\/skaitytaknyga.lt\/#website","url":"https:\/\/skaitytaknyga.lt\/","name":"skaitytaknyga.lt","description":"Skaitytaknyga.lt \u2013 tai ma\u017eas \u0161eimos verslas, kuris prasid\u0117jo nuo meil\u0117s knygoms ir siekio i\u0161gelb\u0117ti knygas nuo likimo prie konteinerio. Kas vienam nereikalingas daiktas \u2013 kitam lobis, o mes esame tarpininkai, kurie padeda abiems tapti laimingesniems ???? \u017dinome kaip nelengva i\u0161gyventi ma\u017eiems verslams, tad nuo \u0161iol, \u010dia rasite ir kit\u0173, ma\u017e\u0173 \u0161eim\u0173 versl\u0173, rank\u0173 darbo, dovan\u0173 sau ir artimiesiems.","publisher":{"@id":"https:\/\/skaitytaknyga.lt\/#organization"},"potentialAction":[{"@type":"SearchAction","target":{"@type":"EntryPoint","urlTemplate":"https:\/\/skaitytaknyga.lt\/?s={search_term_string}"},"query-input":{"@type":"PropertyValueSpecification","valueRequired":true,"valueName":"search_term_string"}}],"inLanguage":"en-GB"},{"@type":"Organization","@id":"https:\/\/skaitytaknyga.lt\/#organization","name":"skaitytaknyga.lt","url":"https:\/\/skaitytaknyga.lt\/","logo":{"@type":"ImageObject","inLanguage":"en-GB","@id":"https:\/\/skaitytaknyga.lt\/#\/schema\/logo\/image\/","url":"https:\/\/skaitytaknyga.lt\/wp-content\/uploads\/2024\/05\/cropped-cropped-cropped-02_00843_jt3bggkj1j3HLc7SyY6rEUpg.jpeg","contentUrl":"https:\/\/skaitytaknyga.lt\/wp-content\/uploads\/2024\/05\/cropped-cropped-cropped-02_00843_jt3bggkj1j3HLc7SyY6rEUpg.jpeg","width":1600,"height":1600,"caption":"skaitytaknyga.lt"},"image":{"@id":"https:\/\/skaitytaknyga.lt\/#\/schema\/logo\/image\/"},"sameAs":["https:\/\/www.facebook.com\/skaitytaknyga\/"]}]}},"_links":{"self":[{"href":"https:\/\/skaitytaknyga.lt\/en\/wp-json\/wp\/v2\/product\/17831","targetHints":{"allow":["GET"]}}],"collection":[{"href":"https:\/\/skaitytaknyga.lt\/en\/wp-json\/wp\/v2\/product"}],"about":[{"href":"https:\/\/skaitytaknyga.lt\/en\/wp-json\/wp\/v2\/types\/product"}],"replies":[{"embeddable":true,"href":"https:\/\/skaitytaknyga.lt\/en\/wp-json\/wp\/v2\/comments?post=17831"}],"wp:featuredmedia":[{"embeddable":true,"href":"https:\/\/skaitytaknyga.lt\/en\/wp-json\/wp\/v2\/media\/17832"}],"wp:attachment":[{"href":"https:\/\/skaitytaknyga.lt\/en\/wp-json\/wp\/v2\/media?parent=17831"}],"wp:term":[{"taxonomy":"product_brand","embeddable":true,"href":"https:\/\/skaitytaknyga.lt\/en\/wp-json\/wp\/v2\/product_brand?post=17831"},{"taxonomy":"product_cat","embeddable":true,"href":"https:\/\/skaitytaknyga.lt\/en\/wp-json\/wp\/v2\/product_cat?post=17831"},{"taxonomy":"product_tag","embeddable":true,"href":"https:\/\/skaitytaknyga.lt\/en\/wp-json\/wp\/v2\/product_tag?post=17831"}],"curies":[{"name":"wp","href":"https:\/\/api.w.org\/{rel}","templated":true}]}}