{"id":17829,"date":"2025-04-16T08:39:59","date_gmt":"2025-04-16T05:39:59","guid":{"rendered":"https:\/\/skaitytaknyga.lt\/?post_type=product&#038;p=17829"},"modified":"2026-01-09T09:16:17","modified_gmt":"2026-01-09T07:16:17","slug":"diukano-dieta","status":"publish","type":"product","link":"https:\/\/skaitytaknyga.lt\/en\/produktas\/diukano-dieta\/","title":{"rendered":"Diukano dieta. Gyvenimo b\u016bdo vadovas norintiems suliekn\u0117ti"},"content":{"rendered":"<p><strong>100 maisto produkt\u0173<\/strong>,<\/p>\n<p>pa\u010di\u0173 kokybi\u0161kiausi\u0173, maistingiausi\u0173 ir so\u010diausi\u0173 i\u0161 visos \u017emogaus maisto gausyb\u0117s, ir greta to stebuklingi \u017eod\u017eiai: IKI VALIAI!<\/p>\n<p><strong>4 etapai,<\/strong><\/p>\n<p>nuo paties grie\u017e\u010diausio iki paties papras\u010diausio:<\/p>\n<p>1. ATAKA\u00a0\u2013 trumpa ir labai veiksminga.<\/p>\n<p>2. KAITA\u00a0\u2013 pageidaujamam svoriui pasiekti.<\/p>\n<p>3. \u012eTVIRTINIMAS\u00a0\u2013 po de\u0161imt dien\u0173 kiekvienam numestam kilogramui.<\/p>\n<p>4. GALUTIN\u0116 STABILIZACIJA\u00a0\u2013 baltym\u0173 ketvirtadienis, lifto atsisakymas ir trys valgomieji \u0161auk\u0161tai avi\u017e\u0173 s\u0117len\u0173 kasdien vis\u0105 likus\u012f gyvenim\u0105.<\/p>\n<p><strong>174 gydytojai<\/strong><\/p>\n<p>yra man\u0119s pra\u0161\u0119<strong>\u00a0<\/strong>leidimo taikyti \u0161\u012f metod\u0105. Atsakiau jiems: TAIP\u00a0\u2013 ir jums sakau t\u0105 pat\u012f. Svarbiausia\u00a0\u2013 s\u0117km\u0117. Bent jau pabandykime!<\/p>\n<p>Daktaras Pjeras Diukanas<\/p>\n<p><strong>Apie autori\u0173<\/strong><\/p>\n<p>Pjeras Diukanas\u00a0\u2013 garsus pranc\u016bz\u0173 dietologas, revoliucij\u0105 suk\u0117lusios dietos ir knyg\u0173 autorius.<\/p>\n<p>Savo diet\u0105 Diukanas k\u016br\u0117 \u017eingsnis po \u017eingsnio 20 met\u0173. Pranc\u016bzijoje \u0161i knyga pasirod\u0117 dar 2000-aisiais ir netrukus tapo absoliu\u010diu bestseleriu. Po gero de\u0161imtme\u010dio \u0161i\u0105 diet\u0105 \u0117m\u0117 adoruoti visa Europa. J\u0105 i\u0161band\u0117 karali\u0161k\u0173j\u0173 \u0161eim\u0173 nariai, apie j\u0105 \u016b\u017eia \u0161imtai interneto forum\u0173 visame pasaulyje.<\/p>\n<p>Prie\u0161ingai nei daugyb\u0117 diet\u0173 su begale taisykli\u0173, \u0161i dieta gana nesunkiai \u012fsimenama: tereikia skirti baltymus, riebalus bei angliavandenius ir derinti draudimus su sveiku protu. Tai ne tik dieta, bet ir esmin\u0117s \u017einios apie maisto produktus ir j\u0173 poveik\u012f organizmui,\u00a0\u2013 tai tikras gyvenimo b\u016bdo vadovas.<\/p>\n<p>Knygoje rasite daug vertingos informacijos, net jei neketinate laikytis dietos!<\/p>\n<ul class=\"about-product d-none d-xl-block mt-4\">\n<li><strong>Autorius:<\/strong>\u00a0Pierre Dukan<\/li>\n<li><strong>Leid\u0117jas<\/strong>\u00a0Alma littera<\/li>\n<li><strong>Metai:<\/strong>\u00a02012<\/li>\n<li><strong>Puslapiai:<\/strong>\u00a0312<\/li>\n<li class=\"toggleable type-new-formats \"><strong>ISBN :\u00a0<\/strong>9786090107799<\/li>\n<li><strong>Versijos kodas:<\/strong>\u00a0PT.<\/li>\n<li class=\"toggleable type-new-formats \"><strong>Formatas:<\/strong>\u00a017 x 22 cm, kieti vir\u0161eliai<\/li>\n<li><strong>Kalba:<\/strong>\u00a0Lietuvi\u0173<\/li>\n<li><strong>Vert\u0117jas:<\/strong>\u00a0Jon\u0117 Ramunyt\u0117<\/li>\n<\/ul>\n","protected":false},"excerpt":{"rendered":"<p>100 maisto produkt\u0173, pa\u010di\u0173 kokybi\u0161kiausi\u0173, maistingiausi\u0173 ir so\u010diausi\u0173 i\u0161 visos \u017emogaus maisto gausyb\u0117s, ir greta to stebuklingi \u017eod\u017eiai: IKI VALIAI! 4 etapai, nuo paties grie\u017e\u010diausio iki paties papras\u010diausio: 1. ATAKA\u00a0\u2013 trumpa ir labai veiksminga. 2. KAITA\u00a0\u2013 pageidaujamam svoriui pasiekti. 3. \u012eTVIRTINIMAS\u00a0\u2013 po de\u0161imt dien\u0173 kiekvienam numestam kilogramui. 4. GALUTIN\u0116 STABILIZACIJA\u00a0\u2013 baltym\u0173 ketvirtadienis, lifto atsisakymas ir trys valgomieji \u0161auk\u0161tai avi\u017e\u0173 s\u0117len\u0173 kasdien vis\u0105 likus\u012f gyvenim\u0105. 174 gydytojai yra man\u0119s pra\u0161\u0119\u00a0leidimo taikyti \u0161\u012f metod\u0105. Atsakiau jiems: TAIP\u00a0\u2013 ir jums sakau t\u0105 pat\u012f. Svarbiausia\u00a0\u2013 s\u0117km\u0117. Bent jau pabandykime! Daktaras Pjeras Diukanas Apie autori\u0173 Pjeras Diukanas\u00a0\u2013 garsus pranc\u016bz\u0173 dietologas, revoliucij\u0105 suk\u0117lusios dietos ir knyg\u0173 autorius. Savo diet\u0105 Diukanas k\u016br\u0117 \u017eingsnis po \u017eingsnio 20 met\u0173. Pranc\u016bzijoje \u0161i knyga pasirod\u0117 dar 2000-aisiais ir netrukus tapo absoliu\u010diu bestseleriu. Po gero de\u0161imtme\u010dio \u0161i\u0105 diet\u0105 \u0117m\u0117 adoruoti visa Europa. J\u0105 i\u0161band\u0117 karali\u0161k\u0173j\u0173 \u0161eim\u0173 nariai, apie j\u0105 \u016b\u017eia \u0161imtai interneto forum\u0173 visame pasaulyje. Prie\u0161ingai nei daugyb\u0117 diet\u0173 su begale taisykli\u0173, \u0161i dieta gana nesunkiai \u012fsimenama: tereikia skirti baltymus, riebalus bei angliavandenius ir derinti draudimus su sveiku protu. Tai ne tik dieta, bet ir esmin\u0117s \u017einios apie maisto produktus ir j\u0173 poveik\u012f organizmui,\u00a0\u2013 tai tikras gyvenimo b\u016bdo vadovas. Knygoje rasite daug vertingos informacijos, net jei neketinate laikytis dietos! Autorius:\u00a0Pierre Dukan Leid\u0117jas\u00a0Alma littera Metai:\u00a02012 Puslapiai:\u00a0312 ISBN :\u00a09786090107799 Versijos kodas:\u00a0PT. Formatas:\u00a017 x 22 cm, kieti vir\u0161eliai Kalba:\u00a0Lietuvi\u0173 Vert\u0117jas:\u00a0Jon\u0117 Ramunyt\u0117<\/p>\n","protected":false},"featured_media":17830,"comment_status":"open","ping_status":"closed","template":"","meta":{"_acf_changed":false,"site-sidebar-layout":"default","site-content-layout":"","ast-site-content-layout":"default","site-content-style":"default","site-sidebar-style":"default","ast-global-header-display":"","ast-banner-title-visibility":"","ast-main-header-display":"","ast-hfb-above-header-display":"","ast-hfb-below-header-display":"","ast-hfb-mobile-header-display":"","site-post-title":"","ast-breadcrumbs-content":"","ast-featured-img":"","footer-sml-layout":"","ast-disable-related-posts":"","theme-transparent-header-meta":"default","adv-header-id-meta":"","stick-header-meta":"","header-above-stick-meta":"","header-main-stick-meta":"","header-below-stick-meta":"","astra-migrate-meta-layouts":"set","ast-page-background-enabled":"default","ast-page-background-meta":{"desktop":{"background-color":"","background-image":"","background-repeat":"repeat","background-position":"center center","background-size":"auto","background-attachment":"scroll","background-type":"","background-media":"","overlay-type":"","overlay-color":"","overlay-opacity":"","overlay-gradient":""},"tablet":{"background-color":"","background-image":"","background-repeat":"repeat","background-position":"center center","background-size":"auto","background-attachment":"scroll","background-type":"","background-media":"","overlay-type":"","overlay-color":"","overlay-opacity":"","overlay-gradient":""},"mobile":{"background-color":"","background-image":"","background-repeat":"repeat","background-position":"center center","background-size":"auto","background-attachment":"scroll","background-type":"","background-media":"","overlay-type":"","overlay-color":"","overlay-opacity":"","overlay-gradient":""}},"ast-content-background-meta":{"desktop":{"background-color":"var(--ast-global-color-4)","background-image":"","background-repeat":"repeat","background-position":"center center","background-size":"auto","background-attachment":"scroll","background-type":"","background-media":"","overlay-type":"","overlay-color":"","overlay-opacity":"","overlay-gradient":""},"tablet":{"background-color":"var(--ast-global-color-4)","background-image":"","background-repeat":"repeat","background-position":"center center","background-size":"auto","background-attachment":"scroll","background-type":"","background-media":"","overlay-type":"","overlay-color":"","overlay-opacity":"","overlay-gradient":""},"mobile":{"background-color":"var(--ast-global-color-4)","background-image":"","background-repeat":"repeat","background-position":"center center","background-size":"auto","background-attachment":"scroll","background-type":"","background-media":"","overlay-type":"","overlay-color":"","overlay-opacity":"","overlay-gradient":""}}},"product_brand":[],"product_cat":[55],"product_tag":[1388,2198,2196,3553,1680],"class_list":{"0":"post-17829","1":"product","2":"type-product","3":"status-publish","4":"has-post-thumbnail","6":"product_cat-sveikata-ir-sveika-mityba","7":"product_tag-dieta","8":"product_tag-gyvenimo-budas","9":"product_tag-mityba","10":"product_tag-pierre-dukan","11":"product_tag-sveikata","12":"desktop-align-left","13":"tablet-align-left","14":"mobile-align-left","16":"first","17":"instock","18":"shipping-taxable","19":"purchasable","20":"product-type-simple"},"acf":[],"yoast_head":"<!-- This site is optimized with the Yoast SEO plugin v27.0 - https:\/\/yoast.com\/product\/yoast-seo-wordpress\/ -->\n<title>Diukano dieta. Gyvenimo b\u016bdo vadovas norintiems suliekn\u0117ti<\/title>\n<meta name=\"description\" content=\"100 maisto produkt\u0173, pa\u010di\u0173 kokybi\u0161kiausi\u0173, maistingiausi\u0173 ir so\u010diausi\u0173 i\u0161 visos \u017emogaus maisto gausyb\u0117s, ir greta to stebuklingi \u017eod\u017eiai: IKI VALIAI! 4\" \/>\n<meta name=\"robots\" content=\"index, follow, max-snippet:-1, max-image-preview:large, max-video-preview:-1\" \/>\n<link rel=\"canonical\" href=\"https:\/\/skaitytaknyga.lt\/en\/produktas\/diukano-dieta\/\" \/>\n<meta property=\"og:locale\" content=\"en_GB\" \/>\n<meta property=\"og:locale:alternate\" content=\"lt_LT\" \/>\n<meta property=\"og:type\" content=\"article\" \/>\n<meta property=\"og:title\" content=\"Diukano dieta. Gyvenimo b\u016bdo vadovas norintiems suliekn\u0117ti\" \/>\n<meta property=\"og:description\" content=\"100 maisto produkt\u0173, pa\u010di\u0173 kokybi\u0161kiausi\u0173, maistingiausi\u0173 ir so\u010diausi\u0173 i\u0161 visos \u017emogaus maisto gausyb\u0117s, ir greta to stebuklingi \u017eod\u017eiai: IKI VALIAI! 4\" \/>\n<meta property=\"og:url\" content=\"https:\/\/skaitytaknyga.lt\/en\/produktas\/diukano-dieta\/\" \/>\n<meta property=\"og:site_name\" content=\"Skaitytaknyga\" \/>\n<meta property=\"article:publisher\" content=\"https:\/\/www.facebook.com\/skaitytaknyga\/\" \/>\n<meta property=\"article:modified_time\" content=\"2026-01-09T07:16:17+00:00\" \/>\n<meta property=\"og:image\" content=\"https:\/\/skaitytaknyga.lt\/wp-content\/uploads\/2025\/04\/Diukano-dieta.-Gyvenimo-budo-vadovas-norintiems-suliekneti.webp\" \/>\n\t<meta property=\"og:image:width\" content=\"500\" \/>\n\t<meta property=\"og:image:height\" content=\"648\" \/>\n\t<meta property=\"og:image:type\" content=\"image\/webp\" \/>\n<meta name=\"twitter:card\" content=\"summary_large_image\" \/>\n<meta name=\"twitter:label1\" content=\"Estimated reading time\" \/>\n\t<meta name=\"twitter:data1\" content=\"2 minutes\" \/>\n<script type=\"application\/ld+json\" class=\"yoast-schema-graph\">{\"@context\":\"https:\/\/schema.org\",\"@graph\":[{\"@type\":\"WebPage\",\"@id\":\"https:\/\/skaitytaknyga.lt\/produktas\/diukano-dieta\/\",\"url\":\"https:\/\/skaitytaknyga.lt\/produktas\/diukano-dieta\/\",\"name\":\"Diukano dieta. Gyvenimo b\u016bdo vadovas norintiems suliekn\u0117ti\",\"isPartOf\":{\"@id\":\"https:\/\/skaitytaknyga.lt\/#website\"},\"primaryImageOfPage\":{\"@id\":\"https:\/\/skaitytaknyga.lt\/produktas\/diukano-dieta\/#primaryimage\"},\"image\":{\"@id\":\"https:\/\/skaitytaknyga.lt\/produktas\/diukano-dieta\/#primaryimage\"},\"thumbnailUrl\":\"https:\/\/skaitytaknyga.lt\/wp-content\/uploads\/2025\/04\/Diukano-dieta.-Gyvenimo-budo-vadovas-norintiems-suliekneti.webp\",\"datePublished\":\"2025-04-16T05:39:59+00:00\",\"dateModified\":\"2026-01-09T07:16:17+00:00\",\"description\":\"100 maisto produkt\u0173, pa\u010di\u0173 kokybi\u0161kiausi\u0173, maistingiausi\u0173 ir so\u010diausi\u0173 i\u0161 visos \u017emogaus maisto gausyb\u0117s, ir greta to stebuklingi \u017eod\u017eiai: IKI VALIAI! 4\",\"breadcrumb\":{\"@id\":\"https:\/\/skaitytaknyga.lt\/produktas\/diukano-dieta\/#breadcrumb\"},\"inLanguage\":\"en-GB\",\"potentialAction\":[{\"@type\":\"ReadAction\",\"target\":[\"https:\/\/skaitytaknyga.lt\/produktas\/diukano-dieta\/\"]}]},{\"@type\":\"ImageObject\",\"inLanguage\":\"en-GB\",\"@id\":\"https:\/\/skaitytaknyga.lt\/produktas\/diukano-dieta\/#primaryimage\",\"url\":\"https:\/\/skaitytaknyga.lt\/wp-content\/uploads\/2025\/04\/Diukano-dieta.-Gyvenimo-budo-vadovas-norintiems-suliekneti.webp\",\"contentUrl\":\"https:\/\/skaitytaknyga.lt\/wp-content\/uploads\/2025\/04\/Diukano-dieta.-Gyvenimo-budo-vadovas-norintiems-suliekneti.webp\",\"width\":500,\"height\":648,\"caption\":\"Diukano dieta. Gyvenimo b\u016bdo vadovas norintiems suliekn\u0117ti\"},{\"@type\":\"BreadcrumbList\",\"@id\":\"https:\/\/skaitytaknyga.lt\/produktas\/diukano-dieta\/#breadcrumb\",\"itemListElement\":[{\"@type\":\"ListItem\",\"position\":1,\"name\":\"Home\",\"item\":\"https:\/\/skaitytaknyga.lt\/\"},{\"@type\":\"ListItem\",\"position\":2,\"name\":\"Parduotuv\u0117\",\"item\":\"https:\/\/skaitytaknyga.lt\/knygu-parduotuve\/\"},{\"@type\":\"ListItem\",\"position\":3,\"name\":\"Diukano dieta. Gyvenimo b\u016bdo vadovas norintiems suliekn\u0117ti\"}]},{\"@type\":\"WebSite\",\"@id\":\"https:\/\/skaitytaknyga.lt\/#website\",\"url\":\"https:\/\/skaitytaknyga.lt\/\",\"name\":\"skaitytaknyga.lt\",\"description\":\"Skaitytaknyga.lt \u2013 tai ma\u017eas \u0161eimos verslas, kuris prasid\u0117jo nuo meil\u0117s knygoms ir siekio i\u0161gelb\u0117ti knygas nuo likimo prie konteinerio. Kas vienam nereikalingas daiktas \u2013 kitam lobis, o mes esame tarpininkai, kurie padeda abiems tapti laimingesniems ???? \u017dinome kaip nelengva i\u0161gyventi ma\u017eiems verslams, tad nuo \u0161iol, \u010dia rasite ir kit\u0173, ma\u017e\u0173 \u0161eim\u0173 versl\u0173, rank\u0173 darbo, dovan\u0173 sau ir artimiesiems.\",\"publisher\":{\"@id\":\"https:\/\/skaitytaknyga.lt\/#organization\"},\"potentialAction\":[{\"@type\":\"SearchAction\",\"target\":{\"@type\":\"EntryPoint\",\"urlTemplate\":\"https:\/\/skaitytaknyga.lt\/?s={search_term_string}\"},\"query-input\":{\"@type\":\"PropertyValueSpecification\",\"valueRequired\":true,\"valueName\":\"search_term_string\"}}],\"inLanguage\":\"en-GB\"},{\"@type\":\"Organization\",\"@id\":\"https:\/\/skaitytaknyga.lt\/#organization\",\"name\":\"skaitytaknyga.lt\",\"url\":\"https:\/\/skaitytaknyga.lt\/\",\"logo\":{\"@type\":\"ImageObject\",\"inLanguage\":\"en-GB\",\"@id\":\"https:\/\/skaitytaknyga.lt\/#\/schema\/logo\/image\/\",\"url\":\"https:\/\/skaitytaknyga.lt\/wp-content\/uploads\/2024\/05\/cropped-cropped-cropped-02_00843_jt3bggkj1j3HLc7SyY6rEUpg.jpeg\",\"contentUrl\":\"https:\/\/skaitytaknyga.lt\/wp-content\/uploads\/2024\/05\/cropped-cropped-cropped-02_00843_jt3bggkj1j3HLc7SyY6rEUpg.jpeg\",\"width\":1600,\"height\":1600,\"caption\":\"skaitytaknyga.lt\"},\"image\":{\"@id\":\"https:\/\/skaitytaknyga.lt\/#\/schema\/logo\/image\/\"},\"sameAs\":[\"https:\/\/www.facebook.com\/skaitytaknyga\/\"]}]}<\/script>\n<!-- \/ Yoast SEO plugin. -->","yoast_head_json":{"title":"Diukano dieta. Gyvenimo b\u016bdo vadovas norintiems suliekn\u0117ti","description":"100 maisto produkt\u0173, pa\u010di\u0173 kokybi\u0161kiausi\u0173, maistingiausi\u0173 ir so\u010diausi\u0173 i\u0161 visos \u017emogaus maisto gausyb\u0117s, ir greta to stebuklingi \u017eod\u017eiai: IKI VALIAI! 4","robots":{"index":"index","follow":"follow","max-snippet":"max-snippet:-1","max-image-preview":"max-image-preview:large","max-video-preview":"max-video-preview:-1"},"canonical":"https:\/\/skaitytaknyga.lt\/en\/produktas\/diukano-dieta\/","og_locale":"en_GB","og_type":"article","og_title":"[:lt]Diukano dieta. Gyvenimo b\u016bdo vadovas norintiems suliekn\u0117ti[:] - Skaitytaknyga","og_description":"100 maisto produkt\u0173, pa\u010di\u0173 kokybi\u0161kiausi\u0173, maistingiausi\u0173 ir so\u010diausi\u0173 i\u0161 visos \u017emogaus maisto gausyb\u0117s, ir greta to stebuklingi \u017eod\u017eiai: IKI VALIAI! 4","og_url":"https:\/\/skaitytaknyga.lt\/en\/produktas\/diukano-dieta\/","og_site_name":"Skaitytaknyga","article_publisher":"https:\/\/www.facebook.com\/skaitytaknyga\/","article_modified_time":"2026-01-09T07:16:17+00:00","og_image":[{"width":500,"height":648,"url":"https:\/\/skaitytaknyga.lt\/wp-content\/uploads\/2025\/04\/Diukano-dieta.-Gyvenimo-budo-vadovas-norintiems-suliekneti.webp","type":"image\/webp"}],"twitter_card":"summary_large_image","twitter_misc":{"Estimated reading time":"2 minutes"},"schema":{"@context":"https:\/\/schema.org","@graph":[{"@type":"WebPage","@id":"https:\/\/skaitytaknyga.lt\/produktas\/diukano-dieta\/","url":"https:\/\/skaitytaknyga.lt\/produktas\/diukano-dieta\/","name":"Diukano dieta. Gyvenimo b\u016bdo vadovas norintiems suliekn\u0117ti","isPartOf":{"@id":"https:\/\/skaitytaknyga.lt\/#website"},"primaryImageOfPage":{"@id":"https:\/\/skaitytaknyga.lt\/produktas\/diukano-dieta\/#primaryimage"},"image":{"@id":"https:\/\/skaitytaknyga.lt\/produktas\/diukano-dieta\/#primaryimage"},"thumbnailUrl":"https:\/\/skaitytaknyga.lt\/wp-content\/uploads\/2025\/04\/Diukano-dieta.-Gyvenimo-budo-vadovas-norintiems-suliekneti.webp","datePublished":"2025-04-16T05:39:59+00:00","dateModified":"2026-01-09T07:16:17+00:00","description":"100 maisto produkt\u0173, pa\u010di\u0173 kokybi\u0161kiausi\u0173, maistingiausi\u0173 ir so\u010diausi\u0173 i\u0161 visos \u017emogaus maisto gausyb\u0117s, ir greta to stebuklingi \u017eod\u017eiai: IKI VALIAI! 4","breadcrumb":{"@id":"https:\/\/skaitytaknyga.lt\/produktas\/diukano-dieta\/#breadcrumb"},"inLanguage":"en-GB","potentialAction":[{"@type":"ReadAction","target":["https:\/\/skaitytaknyga.lt\/produktas\/diukano-dieta\/"]}]},{"@type":"ImageObject","inLanguage":"en-GB","@id":"https:\/\/skaitytaknyga.lt\/produktas\/diukano-dieta\/#primaryimage","url":"https:\/\/skaitytaknyga.lt\/wp-content\/uploads\/2025\/04\/Diukano-dieta.-Gyvenimo-budo-vadovas-norintiems-suliekneti.webp","contentUrl":"https:\/\/skaitytaknyga.lt\/wp-content\/uploads\/2025\/04\/Diukano-dieta.-Gyvenimo-budo-vadovas-norintiems-suliekneti.webp","width":500,"height":648,"caption":"Diukano dieta. Gyvenimo b\u016bdo vadovas norintiems suliekn\u0117ti"},{"@type":"BreadcrumbList","@id":"https:\/\/skaitytaknyga.lt\/produktas\/diukano-dieta\/#breadcrumb","itemListElement":[{"@type":"ListItem","position":1,"name":"Home","item":"https:\/\/skaitytaknyga.lt\/"},{"@type":"ListItem","position":2,"name":"Parduotuv\u0117","item":"https:\/\/skaitytaknyga.lt\/knygu-parduotuve\/"},{"@type":"ListItem","position":3,"name":"Diukano dieta. Gyvenimo b\u016bdo vadovas norintiems suliekn\u0117ti"}]},{"@type":"WebSite","@id":"https:\/\/skaitytaknyga.lt\/#website","url":"https:\/\/skaitytaknyga.lt\/","name":"skaitytaknyga.lt","description":"Skaitytaknyga.lt \u2013 tai ma\u017eas \u0161eimos verslas, kuris prasid\u0117jo nuo meil\u0117s knygoms ir siekio i\u0161gelb\u0117ti knygas nuo likimo prie konteinerio. Kas vienam nereikalingas daiktas \u2013 kitam lobis, o mes esame tarpininkai, kurie padeda abiems tapti laimingesniems ???? \u017dinome kaip nelengva i\u0161gyventi ma\u017eiems verslams, tad nuo \u0161iol, \u010dia rasite ir kit\u0173, ma\u017e\u0173 \u0161eim\u0173 versl\u0173, rank\u0173 darbo, dovan\u0173 sau ir artimiesiems.","publisher":{"@id":"https:\/\/skaitytaknyga.lt\/#organization"},"potentialAction":[{"@type":"SearchAction","target":{"@type":"EntryPoint","urlTemplate":"https:\/\/skaitytaknyga.lt\/?s={search_term_string}"},"query-input":{"@type":"PropertyValueSpecification","valueRequired":true,"valueName":"search_term_string"}}],"inLanguage":"en-GB"},{"@type":"Organization","@id":"https:\/\/skaitytaknyga.lt\/#organization","name":"skaitytaknyga.lt","url":"https:\/\/skaitytaknyga.lt\/","logo":{"@type":"ImageObject","inLanguage":"en-GB","@id":"https:\/\/skaitytaknyga.lt\/#\/schema\/logo\/image\/","url":"https:\/\/skaitytaknyga.lt\/wp-content\/uploads\/2024\/05\/cropped-cropped-cropped-02_00843_jt3bggkj1j3HLc7SyY6rEUpg.jpeg","contentUrl":"https:\/\/skaitytaknyga.lt\/wp-content\/uploads\/2024\/05\/cropped-cropped-cropped-02_00843_jt3bggkj1j3HLc7SyY6rEUpg.jpeg","width":1600,"height":1600,"caption":"skaitytaknyga.lt"},"image":{"@id":"https:\/\/skaitytaknyga.lt\/#\/schema\/logo\/image\/"},"sameAs":["https:\/\/www.facebook.com\/skaitytaknyga\/"]}]}},"_links":{"self":[{"href":"https:\/\/skaitytaknyga.lt\/en\/wp-json\/wp\/v2\/product\/17829","targetHints":{"allow":["GET"]}}],"collection":[{"href":"https:\/\/skaitytaknyga.lt\/en\/wp-json\/wp\/v2\/product"}],"about":[{"href":"https:\/\/skaitytaknyga.lt\/en\/wp-json\/wp\/v2\/types\/product"}],"replies":[{"embeddable":true,"href":"https:\/\/skaitytaknyga.lt\/en\/wp-json\/wp\/v2\/comments?post=17829"}],"wp:featuredmedia":[{"embeddable":true,"href":"https:\/\/skaitytaknyga.lt\/en\/wp-json\/wp\/v2\/media\/17830"}],"wp:attachment":[{"href":"https:\/\/skaitytaknyga.lt\/en\/wp-json\/wp\/v2\/media?parent=17829"}],"wp:term":[{"taxonomy":"product_brand","embeddable":true,"href":"https:\/\/skaitytaknyga.lt\/en\/wp-json\/wp\/v2\/product_brand?post=17829"},{"taxonomy":"product_cat","embeddable":true,"href":"https:\/\/skaitytaknyga.lt\/en\/wp-json\/wp\/v2\/product_cat?post=17829"},{"taxonomy":"product_tag","embeddable":true,"href":"https:\/\/skaitytaknyga.lt\/en\/wp-json\/wp\/v2\/product_tag?post=17829"}],"curies":[{"name":"wp","href":"https:\/\/api.w.org\/{rel}","templated":true}]}}