{"id":17826,"date":"2025-04-15T16:08:33","date_gmt":"2025-04-15T13:08:33","guid":{"rendered":"https:\/\/skaitytaknyga.lt\/?post_type=product&#038;p=17826"},"modified":"2025-08-02T12:05:20","modified_gmt":"2025-08-02T09:05:20","slug":"kas-tai-meile-ar-priklausomybe","status":"publish","type":"product","link":"https:\/\/skaitytaknyga.lt\/en\/produktas\/kas-tai-meile-ar-priklausomybe\/","title":{"rendered":"Kas tai-meil\u0117 ar priklausomyb\u0117"},"content":{"rendered":"<p>Daugelis klaidingai tapatiname meil\u0117s ilges\u012f, atkaklias jos paie\u0161kas su pa\u010dia meile. \u0160i knyga daugybei \u017emoni\u0173 pad\u0117jo i\u0161bristi i\u0161 meil\u0117s priklausomyb\u0117s, i\u0161 sumai\u0161ties, \u012fveikti savigriov\u0105, kai siekdami pilnatvi\u0161k\u0173, sveik\u0173 santyki\u0173 vis klaid\u017eiojame tamsoje, o tikroji meil\u0117 lieka nei\u0161sipild\u017eiusi.<\/p>\n<p>Autor\u0117<strong>\u00a0Brenda Schaeffer<\/strong>\u00a0\u2013 sertifikuota priklausomybi\u0173 specialist\u0117, tarpasmenini\u0173 santyki\u0173 psichoterapeut\u0117, psichologijos moksl\u0173 daktar\u0117; skaito paskaitas ir teikia praktines konsultacijas.<\/p>\n<p>Knygoje\u00a0<strong>\u201eKas tai \u2013 meil\u0117 ar priklausomyb\u0117?\u201c<\/strong>\u00a0remiasi daugiamete darbo su klientais patirtimi bei naujais meil\u0117s priklausomyb\u0117s supratimo aspektais: kaip atpa\u017einti meil\u0117s priklausomyb\u0119, kaip j\u0105 suvokti ir, svarbiausia, kaip i\u0161 jos i\u0161sivaduoti. Sveikos ir liguistos meil\u0117s savybes autor\u0117 iliustruoja tikromis istorijomis, kurios skaitytojui padeda suvokti, i\u0161silaisvinti ir atrasti tikr\u0105j\u012f, brand\u0173 artimum\u0105. Pateikiama informacija apie priklausomo elgesio biologin\u012f pagrind\u0105, apie technologij\u0173 poveik\u012f santykiams, taip pat gilinamasi \u012f tai, kaip smurtas ir praeities traumos veikia polink\u012f \u012f meil\u0117s priklausomyb\u0119.<\/p>\n<ul class=\"about-product d-none d-xl-block mt-4\">\n<li><strong>Originalus pavadinimas:<\/strong>\u00a0Is It Love or Is It Addiction?<\/li>\n<li><strong>Autorius:<\/strong>\u00a0Brenda Schaeffer<\/li>\n<li><strong>Leid\u0117jas<\/strong>\u00a0Vaga<\/li>\n<li><strong>Metai:<\/strong>\u00a02016<\/li>\n<li><strong>Puslapiai:<\/strong>\u00a0344<\/li>\n<li class=\"toggleable type-new-formats \"><strong>ISBN :\u00a0<\/strong>9785415024445<\/li>\n<li><strong>Versijos kodas:<\/strong>\u00a0PT.<\/li>\n<li class=\"toggleable type-new-formats \"><strong>Formatas:<\/strong>\u00a014 x 21 x 3,3 cm, kieti vir\u0161eliai<\/li>\n<li><strong>Kalba:<\/strong>\u00a0Lietuvi\u0173<\/li>\n<li><strong>Vert\u0117jas:<\/strong>\u00a0Milda Dyke Irena Jomantien\u0117<\/li>\n<\/ul>\n","protected":false},"excerpt":{"rendered":"<p>Daugelis klaidingai tapatiname meil\u0117s ilges\u012f, atkaklias jos paie\u0161kas su pa\u010dia meile. \u0160i knyga daugybei \u017emoni\u0173 pad\u0117jo i\u0161bristi i\u0161 meil\u0117s priklausomyb\u0117s, i\u0161 sumai\u0161ties, \u012fveikti savigriov\u0105, kai siekdami pilnatvi\u0161k\u0173, sveik\u0173 santyki\u0173 vis klaid\u017eiojame tamsoje, o tikroji meil\u0117 lieka nei\u0161sipild\u017eiusi. Autor\u0117\u00a0Brenda Schaeffer\u00a0\u2013 sertifikuota priklausomybi\u0173 specialist\u0117, tarpasmenini\u0173 santyki\u0173 psichoterapeut\u0117, psichologijos moksl\u0173 daktar\u0117; skaito paskaitas ir teikia praktines konsultacijas. Knygoje\u00a0\u201eKas tai \u2013 meil\u0117 ar priklausomyb\u0117?\u201c\u00a0remiasi daugiamete darbo su klientais patirtimi bei naujais meil\u0117s priklausomyb\u0117s supratimo aspektais: kaip atpa\u017einti meil\u0117s priklausomyb\u0119, kaip j\u0105 suvokti ir, svarbiausia, kaip i\u0161 jos i\u0161sivaduoti. Sveikos ir liguistos meil\u0117s savybes autor\u0117 iliustruoja tikromis istorijomis, kurios skaitytojui padeda suvokti, i\u0161silaisvinti ir atrasti tikr\u0105j\u012f, brand\u0173 artimum\u0105. Pateikiama informacija apie priklausomo elgesio biologin\u012f pagrind\u0105, apie technologij\u0173 poveik\u012f santykiams, taip pat gilinamasi \u012f tai, kaip smurtas ir praeities traumos veikia polink\u012f \u012f meil\u0117s priklausomyb\u0119. Originalus pavadinimas:\u00a0Is It Love or Is It Addiction? Autorius:\u00a0Brenda Schaeffer Leid\u0117jas\u00a0Vaga Metai:\u00a02016 Puslapiai:\u00a0344 ISBN :\u00a09785415024445 Versijos kodas:\u00a0PT. Formatas:\u00a014 x 21 x 3,3 cm, kieti vir\u0161eliai Kalba:\u00a0Lietuvi\u0173 Vert\u0117jas:\u00a0Milda Dyke Irena Jomantien\u0117<\/p>\n","protected":false},"featured_media":17827,"comment_status":"open","ping_status":"closed","template":"","meta":{"_acf_changed":false,"site-sidebar-layout":"default","site-content-layout":"","ast-site-content-layout":"default","site-content-style":"default","site-sidebar-style":"default","ast-global-header-display":"","ast-banner-title-visibility":"","ast-main-header-display":"","ast-hfb-above-header-display":"","ast-hfb-below-header-display":"","ast-hfb-mobile-header-display":"","site-post-title":"","ast-breadcrumbs-content":"","ast-featured-img":"","footer-sml-layout":"","ast-disable-related-posts":"","theme-transparent-header-meta":"default","adv-header-id-meta":"","stick-header-meta":"","header-above-stick-meta":"","header-main-stick-meta":"","header-below-stick-meta":"","astra-migrate-meta-layouts":"set","ast-page-background-enabled":"default","ast-page-background-meta":{"desktop":{"background-color":"","background-image":"","background-repeat":"repeat","background-position":"center center","background-size":"auto","background-attachment":"scroll","background-type":"","background-media":"","overlay-type":"","overlay-color":"","overlay-opacity":"","overlay-gradient":""},"tablet":{"background-color":"","background-image":"","background-repeat":"repeat","background-position":"center center","background-size":"auto","background-attachment":"scroll","background-type":"","background-media":"","overlay-type":"","overlay-color":"","overlay-opacity":"","overlay-gradient":""},"mobile":{"background-color":"","background-image":"","background-repeat":"repeat","background-position":"center center","background-size":"auto","background-attachment":"scroll","background-type":"","background-media":"","overlay-type":"","overlay-color":"","overlay-opacity":"","overlay-gradient":""}},"ast-content-background-meta":{"desktop":{"background-color":"var(--ast-global-color-4)","background-image":"","background-repeat":"repeat","background-position":"center center","background-size":"auto","background-attachment":"scroll","background-type":"","background-media":"","overlay-type":"","overlay-color":"","overlay-opacity":"","overlay-gradient":""},"tablet":{"background-color":"var(--ast-global-color-4)","background-image":"","background-repeat":"repeat","background-position":"center center","background-size":"auto","background-attachment":"scroll","background-type":"","background-media":"","overlay-type":"","overlay-color":"","overlay-opacity":"","overlay-gradient":""},"mobile":{"background-color":"var(--ast-global-color-4)","background-image":"","background-repeat":"repeat","background-position":"center center","background-size":"auto","background-attachment":"scroll","background-type":"","background-media":"","overlay-type":"","overlay-color":"","overlay-opacity":"","overlay-gradient":""}}},"product_brand":[],"product_cat":[15,30],"product_tag":[3552,1796,1668,1392,1417],"class_list":{"0":"post-17826","1":"product","2":"type-product","3":"status-publish","4":"has-post-thumbnail","6":"product_cat-uncategorized","7":"product_cat-psichologija-ir-saviugda","8":"product_tag-brenda-schaeffer","9":"product_tag-meile","10":"product_tag-priklausomybe","11":"product_tag-psichologija","12":"product_tag-santykiai","13":"desktop-align-left","14":"tablet-align-left","15":"mobile-align-left","17":"first","18":"outofstock","19":"shipping-taxable","20":"purchasable","21":"product-type-simple"},"acf":[],"yoast_head":"<!-- This site is optimized with the Yoast SEO plugin v27.0 - https:\/\/yoast.com\/product\/yoast-seo-wordpress\/ -->\n<title>Kas tai-meil\u0117 ar priklausomyb\u0117<\/title>\n<meta name=\"description\" content=\"Daugelis klaidingai tapatiname meil\u0117s ilges\u012f, atkaklias jos paie\u0161kas su pa\u010dia meile. \u0160i knyga daugybei \u017emoni\u0173 pad\u0117jo i\u0161bristi i\u0161 meil\u0117s priklausomyb\u0117s, i\u0161\" \/>\n<meta name=\"robots\" content=\"index, follow, max-snippet:-1, max-image-preview:large, max-video-preview:-1\" \/>\n<link rel=\"canonical\" href=\"https:\/\/skaitytaknyga.lt\/en\/produktas\/kas-tai-meile-ar-priklausomybe\/\" \/>\n<meta property=\"og:locale\" content=\"en_GB\" \/>\n<meta property=\"og:locale:alternate\" content=\"lt_LT\" \/>\n<meta property=\"og:type\" content=\"article\" \/>\n<meta property=\"og:title\" content=\"Kas tai-meil\u0117 ar priklausomyb\u0117\" \/>\n<meta property=\"og:description\" content=\"Daugelis klaidingai tapatiname meil\u0117s ilges\u012f, atkaklias jos paie\u0161kas su pa\u010dia meile. \u0160i knyga daugybei \u017emoni\u0173 pad\u0117jo i\u0161bristi i\u0161 meil\u0117s priklausomyb\u0117s, i\u0161\" \/>\n<meta property=\"og:url\" content=\"https:\/\/skaitytaknyga.lt\/en\/produktas\/kas-tai-meile-ar-priklausomybe\/\" \/>\n<meta property=\"og:site_name\" content=\"Skaitytaknyga\" \/>\n<meta property=\"article:publisher\" content=\"https:\/\/www.facebook.com\/skaitytaknyga\/\" \/>\n<meta property=\"article:modified_time\" content=\"2025-08-02T09:05:20+00:00\" \/>\n<meta property=\"og:image\" content=\"https:\/\/skaitytaknyga.lt\/wp-content\/uploads\/2025\/04\/Kas-tai-meile-ar-priklausomybe.webp\" \/>\n\t<meta property=\"og:image:width\" content=\"319\" \/>\n\t<meta property=\"og:image:height\" content=\"500\" \/>\n\t<meta property=\"og:image:type\" content=\"image\/webp\" \/>\n<meta name=\"twitter:card\" content=\"summary_large_image\" \/>\n<meta name=\"twitter:label1\" content=\"Estimated reading time\" \/>\n\t<meta name=\"twitter:data1\" content=\"2 minutes\" \/>\n<script type=\"application\/ld+json\" class=\"yoast-schema-graph\">{\"@context\":\"https:\/\/schema.org\",\"@graph\":[{\"@type\":\"WebPage\",\"@id\":\"https:\/\/skaitytaknyga.lt\/produktas\/kas-tai-meile-ar-priklausomybe\/\",\"url\":\"https:\/\/skaitytaknyga.lt\/produktas\/kas-tai-meile-ar-priklausomybe\/\",\"name\":\"Kas tai-meil\u0117 ar priklausomyb\u0117\",\"isPartOf\":{\"@id\":\"https:\/\/skaitytaknyga.lt\/#website\"},\"primaryImageOfPage\":{\"@id\":\"https:\/\/skaitytaknyga.lt\/produktas\/kas-tai-meile-ar-priklausomybe\/#primaryimage\"},\"image\":{\"@id\":\"https:\/\/skaitytaknyga.lt\/produktas\/kas-tai-meile-ar-priklausomybe\/#primaryimage\"},\"thumbnailUrl\":\"https:\/\/skaitytaknyga.lt\/wp-content\/uploads\/2025\/04\/Kas-tai-meile-ar-priklausomybe.webp\",\"datePublished\":\"2025-04-15T13:08:33+00:00\",\"dateModified\":\"2025-08-02T09:05:20+00:00\",\"description\":\"Daugelis klaidingai tapatiname meil\u0117s ilges\u012f, atkaklias jos paie\u0161kas su pa\u010dia meile. \u0160i knyga daugybei \u017emoni\u0173 pad\u0117jo i\u0161bristi i\u0161 meil\u0117s priklausomyb\u0117s, i\u0161\",\"breadcrumb\":{\"@id\":\"https:\/\/skaitytaknyga.lt\/produktas\/kas-tai-meile-ar-priklausomybe\/#breadcrumb\"},\"inLanguage\":\"en-GB\",\"potentialAction\":[{\"@type\":\"ReadAction\",\"target\":[\"https:\/\/skaitytaknyga.lt\/produktas\/kas-tai-meile-ar-priklausomybe\/\"]}]},{\"@type\":\"ImageObject\",\"inLanguage\":\"en-GB\",\"@id\":\"https:\/\/skaitytaknyga.lt\/produktas\/kas-tai-meile-ar-priklausomybe\/#primaryimage\",\"url\":\"https:\/\/skaitytaknyga.lt\/wp-content\/uploads\/2025\/04\/Kas-tai-meile-ar-priklausomybe.webp\",\"contentUrl\":\"https:\/\/skaitytaknyga.lt\/wp-content\/uploads\/2025\/04\/Kas-tai-meile-ar-priklausomybe.webp\",\"width\":319,\"height\":500,\"caption\":\"Kas tai-meil\u0117 ar priklausomyb\u0117\"},{\"@type\":\"BreadcrumbList\",\"@id\":\"https:\/\/skaitytaknyga.lt\/produktas\/kas-tai-meile-ar-priklausomybe\/#breadcrumb\",\"itemListElement\":[{\"@type\":\"ListItem\",\"position\":1,\"name\":\"Home\",\"item\":\"https:\/\/skaitytaknyga.lt\/\"},{\"@type\":\"ListItem\",\"position\":2,\"name\":\"Parduotuv\u0117\",\"item\":\"https:\/\/skaitytaknyga.lt\/knygu-parduotuve\/\"},{\"@type\":\"ListItem\",\"position\":3,\"name\":\"Kas tai-meil\u0117 ar priklausomyb\u0117\"}]},{\"@type\":\"WebSite\",\"@id\":\"https:\/\/skaitytaknyga.lt\/#website\",\"url\":\"https:\/\/skaitytaknyga.lt\/\",\"name\":\"skaitytaknyga.lt\",\"description\":\"Skaitytaknyga.lt \u2013 tai ma\u017eas \u0161eimos verslas, kuris prasid\u0117jo nuo meil\u0117s knygoms ir siekio i\u0161gelb\u0117ti knygas nuo likimo prie konteinerio. Kas vienam nereikalingas daiktas \u2013 kitam lobis, o mes esame tarpininkai, kurie padeda abiems tapti laimingesniems ???? \u017dinome kaip nelengva i\u0161gyventi ma\u017eiems verslams, tad nuo \u0161iol, \u010dia rasite ir kit\u0173, ma\u017e\u0173 \u0161eim\u0173 versl\u0173, rank\u0173 darbo, dovan\u0173 sau ir artimiesiems.\",\"publisher\":{\"@id\":\"https:\/\/skaitytaknyga.lt\/#organization\"},\"potentialAction\":[{\"@type\":\"SearchAction\",\"target\":{\"@type\":\"EntryPoint\",\"urlTemplate\":\"https:\/\/skaitytaknyga.lt\/?s={search_term_string}\"},\"query-input\":{\"@type\":\"PropertyValueSpecification\",\"valueRequired\":true,\"valueName\":\"search_term_string\"}}],\"inLanguage\":\"en-GB\"},{\"@type\":\"Organization\",\"@id\":\"https:\/\/skaitytaknyga.lt\/#organization\",\"name\":\"skaitytaknyga.lt\",\"url\":\"https:\/\/skaitytaknyga.lt\/\",\"logo\":{\"@type\":\"ImageObject\",\"inLanguage\":\"en-GB\",\"@id\":\"https:\/\/skaitytaknyga.lt\/#\/schema\/logo\/image\/\",\"url\":\"https:\/\/skaitytaknyga.lt\/wp-content\/uploads\/2024\/05\/cropped-cropped-cropped-02_00843_jt3bggkj1j3HLc7SyY6rEUpg.jpeg\",\"contentUrl\":\"https:\/\/skaitytaknyga.lt\/wp-content\/uploads\/2024\/05\/cropped-cropped-cropped-02_00843_jt3bggkj1j3HLc7SyY6rEUpg.jpeg\",\"width\":1600,\"height\":1600,\"caption\":\"skaitytaknyga.lt\"},\"image\":{\"@id\":\"https:\/\/skaitytaknyga.lt\/#\/schema\/logo\/image\/\"},\"sameAs\":[\"https:\/\/www.facebook.com\/skaitytaknyga\/\"]}]}<\/script>\n<!-- \/ Yoast SEO plugin. -->","yoast_head_json":{"title":"Kas tai-meil\u0117 ar priklausomyb\u0117","description":"Daugelis klaidingai tapatiname meil\u0117s ilges\u012f, atkaklias jos paie\u0161kas su pa\u010dia meile. \u0160i knyga daugybei \u017emoni\u0173 pad\u0117jo i\u0161bristi i\u0161 meil\u0117s priklausomyb\u0117s, i\u0161","robots":{"index":"index","follow":"follow","max-snippet":"max-snippet:-1","max-image-preview":"max-image-preview:large","max-video-preview":"max-video-preview:-1"},"canonical":"https:\/\/skaitytaknyga.lt\/en\/produktas\/kas-tai-meile-ar-priklausomybe\/","og_locale":"en_GB","og_type":"article","og_title":"[:lt]Kas tai-meil\u0117 ar priklausomyb\u0117[:] - Skaitytaknyga","og_description":"Daugelis klaidingai tapatiname meil\u0117s ilges\u012f, atkaklias jos paie\u0161kas su pa\u010dia meile. \u0160i knyga daugybei \u017emoni\u0173 pad\u0117jo i\u0161bristi i\u0161 meil\u0117s priklausomyb\u0117s, i\u0161","og_url":"https:\/\/skaitytaknyga.lt\/en\/produktas\/kas-tai-meile-ar-priklausomybe\/","og_site_name":"Skaitytaknyga","article_publisher":"https:\/\/www.facebook.com\/skaitytaknyga\/","article_modified_time":"2025-08-02T09:05:20+00:00","og_image":[{"width":319,"height":500,"url":"https:\/\/skaitytaknyga.lt\/wp-content\/uploads\/2025\/04\/Kas-tai-meile-ar-priklausomybe.webp","type":"image\/webp"}],"twitter_card":"summary_large_image","twitter_misc":{"Estimated reading time":"2 minutes"},"schema":{"@context":"https:\/\/schema.org","@graph":[{"@type":"WebPage","@id":"https:\/\/skaitytaknyga.lt\/produktas\/kas-tai-meile-ar-priklausomybe\/","url":"https:\/\/skaitytaknyga.lt\/produktas\/kas-tai-meile-ar-priklausomybe\/","name":"Kas tai-meil\u0117 ar priklausomyb\u0117","isPartOf":{"@id":"https:\/\/skaitytaknyga.lt\/#website"},"primaryImageOfPage":{"@id":"https:\/\/skaitytaknyga.lt\/produktas\/kas-tai-meile-ar-priklausomybe\/#primaryimage"},"image":{"@id":"https:\/\/skaitytaknyga.lt\/produktas\/kas-tai-meile-ar-priklausomybe\/#primaryimage"},"thumbnailUrl":"https:\/\/skaitytaknyga.lt\/wp-content\/uploads\/2025\/04\/Kas-tai-meile-ar-priklausomybe.webp","datePublished":"2025-04-15T13:08:33+00:00","dateModified":"2025-08-02T09:05:20+00:00","description":"Daugelis klaidingai tapatiname meil\u0117s ilges\u012f, atkaklias jos paie\u0161kas su pa\u010dia meile. \u0160i knyga daugybei \u017emoni\u0173 pad\u0117jo i\u0161bristi i\u0161 meil\u0117s priklausomyb\u0117s, i\u0161","breadcrumb":{"@id":"https:\/\/skaitytaknyga.lt\/produktas\/kas-tai-meile-ar-priklausomybe\/#breadcrumb"},"inLanguage":"en-GB","potentialAction":[{"@type":"ReadAction","target":["https:\/\/skaitytaknyga.lt\/produktas\/kas-tai-meile-ar-priklausomybe\/"]}]},{"@type":"ImageObject","inLanguage":"en-GB","@id":"https:\/\/skaitytaknyga.lt\/produktas\/kas-tai-meile-ar-priklausomybe\/#primaryimage","url":"https:\/\/skaitytaknyga.lt\/wp-content\/uploads\/2025\/04\/Kas-tai-meile-ar-priklausomybe.webp","contentUrl":"https:\/\/skaitytaknyga.lt\/wp-content\/uploads\/2025\/04\/Kas-tai-meile-ar-priklausomybe.webp","width":319,"height":500,"caption":"Kas tai-meil\u0117 ar priklausomyb\u0117"},{"@type":"BreadcrumbList","@id":"https:\/\/skaitytaknyga.lt\/produktas\/kas-tai-meile-ar-priklausomybe\/#breadcrumb","itemListElement":[{"@type":"ListItem","position":1,"name":"Home","item":"https:\/\/skaitytaknyga.lt\/"},{"@type":"ListItem","position":2,"name":"Parduotuv\u0117","item":"https:\/\/skaitytaknyga.lt\/knygu-parduotuve\/"},{"@type":"ListItem","position":3,"name":"Kas tai-meil\u0117 ar priklausomyb\u0117"}]},{"@type":"WebSite","@id":"https:\/\/skaitytaknyga.lt\/#website","url":"https:\/\/skaitytaknyga.lt\/","name":"skaitytaknyga.lt","description":"Skaitytaknyga.lt \u2013 tai ma\u017eas \u0161eimos verslas, kuris prasid\u0117jo nuo meil\u0117s knygoms ir siekio i\u0161gelb\u0117ti knygas nuo likimo prie konteinerio. Kas vienam nereikalingas daiktas \u2013 kitam lobis, o mes esame tarpininkai, kurie padeda abiems tapti laimingesniems ???? \u017dinome kaip nelengva i\u0161gyventi ma\u017eiems verslams, tad nuo \u0161iol, \u010dia rasite ir kit\u0173, ma\u017e\u0173 \u0161eim\u0173 versl\u0173, rank\u0173 darbo, dovan\u0173 sau ir artimiesiems.","publisher":{"@id":"https:\/\/skaitytaknyga.lt\/#organization"},"potentialAction":[{"@type":"SearchAction","target":{"@type":"EntryPoint","urlTemplate":"https:\/\/skaitytaknyga.lt\/?s={search_term_string}"},"query-input":{"@type":"PropertyValueSpecification","valueRequired":true,"valueName":"search_term_string"}}],"inLanguage":"en-GB"},{"@type":"Organization","@id":"https:\/\/skaitytaknyga.lt\/#organization","name":"skaitytaknyga.lt","url":"https:\/\/skaitytaknyga.lt\/","logo":{"@type":"ImageObject","inLanguage":"en-GB","@id":"https:\/\/skaitytaknyga.lt\/#\/schema\/logo\/image\/","url":"https:\/\/skaitytaknyga.lt\/wp-content\/uploads\/2024\/05\/cropped-cropped-cropped-02_00843_jt3bggkj1j3HLc7SyY6rEUpg.jpeg","contentUrl":"https:\/\/skaitytaknyga.lt\/wp-content\/uploads\/2024\/05\/cropped-cropped-cropped-02_00843_jt3bggkj1j3HLc7SyY6rEUpg.jpeg","width":1600,"height":1600,"caption":"skaitytaknyga.lt"},"image":{"@id":"https:\/\/skaitytaknyga.lt\/#\/schema\/logo\/image\/"},"sameAs":["https:\/\/www.facebook.com\/skaitytaknyga\/"]}]}},"_links":{"self":[{"href":"https:\/\/skaitytaknyga.lt\/en\/wp-json\/wp\/v2\/product\/17826","targetHints":{"allow":["GET"]}}],"collection":[{"href":"https:\/\/skaitytaknyga.lt\/en\/wp-json\/wp\/v2\/product"}],"about":[{"href":"https:\/\/skaitytaknyga.lt\/en\/wp-json\/wp\/v2\/types\/product"}],"replies":[{"embeddable":true,"href":"https:\/\/skaitytaknyga.lt\/en\/wp-json\/wp\/v2\/comments?post=17826"}],"wp:featuredmedia":[{"embeddable":true,"href":"https:\/\/skaitytaknyga.lt\/en\/wp-json\/wp\/v2\/media\/17827"}],"wp:attachment":[{"href":"https:\/\/skaitytaknyga.lt\/en\/wp-json\/wp\/v2\/media?parent=17826"}],"wp:term":[{"taxonomy":"product_brand","embeddable":true,"href":"https:\/\/skaitytaknyga.lt\/en\/wp-json\/wp\/v2\/product_brand?post=17826"},{"taxonomy":"product_cat","embeddable":true,"href":"https:\/\/skaitytaknyga.lt\/en\/wp-json\/wp\/v2\/product_cat?post=17826"},{"taxonomy":"product_tag","embeddable":true,"href":"https:\/\/skaitytaknyga.lt\/en\/wp-json\/wp\/v2\/product_tag?post=17826"}],"curies":[{"name":"wp","href":"https:\/\/api.w.org\/{rel}","templated":true}]}}