{"id":17824,"date":"2025-04-15T16:05:52","date_gmt":"2025-04-15T13:05:52","guid":{"rendered":"https:\/\/skaitytaknyga.lt\/?post_type=product&#038;p=17824"},"modified":"2025-05-15T15:15:48","modified_gmt":"2025-05-15T12:15:48","slug":"lucianas","status":"publish","type":"product","link":"https:\/\/skaitytaknyga.lt\/en\/produktas\/lucianas\/","title":{"rendered":"Lu\u010dianas"},"content":{"rendered":"<p>Isabel Abedi romanas \u201eLu\u010dianas\u201c<em>\u00a0<\/em>pasakoja apie keist\u0105 dviej\u0173 jaunuoli\u0173 \u2013 Rebekos ir Lu\u010diano \u2013 draugyst\u0119. \u0160e\u0161iolikmet\u0117 Rebeka \u2013 laiminga, gyvenimu besid\u017eiaugianti paaugl\u0117. Nors jos t\u0117vai i\u0161siskyr\u0119, mergait\u0117 jau\u010dia abiej\u0173 t\u0117v\u0173 \u0161ilum\u0105 ir glob\u0105, turi patikim\u0173 draug\u0173, rodos, nieko daugiau nestinga&#8230;<\/p>\n<p>Bet vien\u0105 vakar\u0105 nutinka ka\u017ekas labai keisto: Rebeka pajunta nepaai\u0161kinam\u0105 ir ne\u017einai i\u0161 kur atsiradus\u012f skausm\u0105, lyg ka\u017ekas pl\u0117\u0161yt\u0173 \u0161ird\u012f, lyg pe\u0161iot\u0173 po plaukel\u012f nuo tavo k\u016bno. Ir tas baim\u0117s bei tu\u0161tumos jausmas&#8230; \u0160tai tuo metu ir pasirodo Lu\u010dianas, vaikinas i\u0161 niekur. \u017dmogus be praeities, ne\u017einantis, kas jis toks ir i\u0161 kur atkeliavo. Ta\u010diau jam pavyksta u\u017epildyti Rebekos \u0161irdyje atsiv\u0117rusi\u0105 tu\u0161tum\u0105. Ne\u017einia i\u0161 kur ir kaip, ta\u010diau Lu\u010dianas \u017eino apie Rebekos praeit\u012f ir ateit\u012f, tarytum visada b\u016bt\u0173 buv\u0119s \u0161alia. Jaunuolius traukia vien\u0105 prie kito ka\u017ekokia nematoma vidin\u0117 j\u0117ga, ir Rebeka neju\u010dia pasineria \u012f \u0161i\u0105 magi\u0161k\u0105 draugyst\u0119, kuri ne\u017einia kur gali nuvesti&#8230;<\/p>\n<p>Kas yra Lu\u010dianas? Kod\u0117l jis atsirado Rebekos gyvenime?..<\/p>\n<ul class=\"about-product d-none d-xl-block mt-4\">\n<li><strong>Autorius:<\/strong>\u00a0Isabel Abedi<\/li>\n<li><strong>Leid\u0117jas<\/strong>\u00a0Alma littera<\/li>\n<li><strong>Metai:<\/strong>\u00a02011<\/li>\n<li><strong>Puslapiai:<\/strong>\u00a0536<\/li>\n<li class=\"toggleable type-new-formats \"><strong>ISBN :\u00a0<\/strong>9786090100547<\/li>\n<li><strong>Versijos kodas:<\/strong>\u00a0PT.<\/li>\n<li class=\"toggleable type-new-formats \"><strong>Formatas:<\/strong>\u00a015 x 22 cm, kieti vir\u0161eliai<\/li>\n<li><strong>Kalba:<\/strong>\u00a0Lietuvi\u0173<\/li>\n<li><strong>Vert\u0117jas:<\/strong>\u00a0Indr\u0117 Dalia Klimkait\u0117<\/li>\n<\/ul>\n","protected":false},"excerpt":{"rendered":"<p>Isabel Abedi romanas \u201eLu\u010dianas\u201c\u00a0pasakoja apie keist\u0105 dviej\u0173 jaunuoli\u0173 \u2013 Rebekos ir Lu\u010diano \u2013 draugyst\u0119. \u0160e\u0161iolikmet\u0117 Rebeka \u2013 laiminga, gyvenimu besid\u017eiaugianti paaugl\u0117. Nors jos t\u0117vai i\u0161siskyr\u0119, mergait\u0117 jau\u010dia abiej\u0173 t\u0117v\u0173 \u0161ilum\u0105 ir glob\u0105, turi patikim\u0173 draug\u0173, rodos, nieko daugiau nestinga&#8230; Bet vien\u0105 vakar\u0105 nutinka ka\u017ekas labai keisto: Rebeka pajunta nepaai\u0161kinam\u0105 ir ne\u017einai i\u0161 kur atsiradus\u012f skausm\u0105, lyg ka\u017ekas pl\u0117\u0161yt\u0173 \u0161ird\u012f, lyg pe\u0161iot\u0173 po plaukel\u012f nuo tavo k\u016bno. Ir tas baim\u0117s bei tu\u0161tumos jausmas&#8230; \u0160tai tuo metu ir pasirodo Lu\u010dianas, vaikinas i\u0161 niekur. \u017dmogus be praeities, ne\u017einantis, kas jis toks ir i\u0161 kur atkeliavo. Ta\u010diau jam pavyksta u\u017epildyti Rebekos \u0161irdyje atsiv\u0117rusi\u0105 tu\u0161tum\u0105. Ne\u017einia i\u0161 kur ir kaip, ta\u010diau Lu\u010dianas \u017eino apie Rebekos praeit\u012f ir ateit\u012f, tarytum visada b\u016bt\u0173 buv\u0119s \u0161alia. Jaunuolius traukia vien\u0105 prie kito ka\u017ekokia nematoma vidin\u0117 j\u0117ga, ir Rebeka neju\u010dia pasineria \u012f \u0161i\u0105 magi\u0161k\u0105 draugyst\u0119, kuri ne\u017einia kur gali nuvesti&#8230; Kas yra Lu\u010dianas? Kod\u0117l jis atsirado Rebekos gyvenime?.. Autorius:\u00a0Isabel Abedi Leid\u0117jas\u00a0Alma littera Metai:\u00a02011 Puslapiai:\u00a0536 ISBN :\u00a09786090100547 Versijos kodas:\u00a0PT. Formatas:\u00a015 x 22 cm, kieti vir\u0161eliai Kalba:\u00a0Lietuvi\u0173 Vert\u0117jas:\u00a0Indr\u0117 Dalia Klimkait\u0117<\/p>\n","protected":false},"featured_media":17825,"comment_status":"closed","ping_status":"closed","template":"","meta":{"_acf_changed":false,"site-sidebar-layout":"default","site-content-layout":"","ast-site-content-layout":"default","site-content-style":"default","site-sidebar-style":"default","ast-global-header-display":"","ast-banner-title-visibility":"","ast-main-header-display":"","ast-hfb-above-header-display":"","ast-hfb-below-header-display":"","ast-hfb-mobile-header-display":"","site-post-title":"","ast-breadcrumbs-content":"","ast-featured-img":"","footer-sml-layout":"","ast-disable-related-posts":"","theme-transparent-header-meta":"default","adv-header-id-meta":"","stick-header-meta":"","header-above-stick-meta":"","header-main-stick-meta":"","header-below-stick-meta":"","astra-migrate-meta-layouts":"set","ast-page-background-enabled":"default","ast-page-background-meta":{"desktop":{"background-color":"","background-image":"","background-repeat":"repeat","background-position":"center center","background-size":"auto","background-attachment":"scroll","background-type":"","background-media":"","overlay-type":"","overlay-color":"","overlay-opacity":"","overlay-gradient":""},"tablet":{"background-color":"","background-image":"","background-repeat":"repeat","background-position":"center center","background-size":"auto","background-attachment":"scroll","background-type":"","background-media":"","overlay-type":"","overlay-color":"","overlay-opacity":"","overlay-gradient":""},"mobile":{"background-color":"","background-image":"","background-repeat":"repeat","background-position":"center center","background-size":"auto","background-attachment":"scroll","background-type":"","background-media":"","overlay-type":"","overlay-color":"","overlay-opacity":"","overlay-gradient":""}},"ast-content-background-meta":{"desktop":{"background-color":"var(--ast-global-color-4)","background-image":"","background-repeat":"repeat","background-position":"center center","background-size":"auto","background-attachment":"scroll","background-type":"","background-media":"","overlay-type":"","overlay-color":"","overlay-opacity":"","overlay-gradient":""},"tablet":{"background-color":"var(--ast-global-color-4)","background-image":"","background-repeat":"repeat","background-position":"center center","background-size":"auto","background-attachment":"scroll","background-type":"","background-media":"","overlay-type":"","overlay-color":"","overlay-opacity":"","overlay-gradient":""},"mobile":{"background-color":"var(--ast-global-color-4)","background-image":"","background-repeat":"repeat","background-position":"center center","background-size":"auto","background-attachment":"scroll","background-type":"","background-media":"","overlay-type":"","overlay-color":"","overlay-opacity":"","overlay-gradient":""}}},"product_brand":[],"product_cat":[31,28],"product_tag":[1504,3550,2489,2129,3551],"class_list":{"0":"post-17824","1":"product","2":"type-product","3":"status-publish","4":"has-post-thumbnail","6":"product_cat-grozine-literatura","7":"product_cat-klasika","8":"product_tag-fantastika","9":"product_tag-isabel-abedi","10":"product_tag-jaunimo-literatura","11":"product_tag-romantika","12":"product_tag-vokieciu-autore","13":"pa_leidimo-metai-777","14":"pa_virselis-minkstas","15":"desktop-align-left","16":"tablet-align-left","17":"mobile-align-left","19":"first","20":"instock","21":"shipping-taxable","22":"purchasable","23":"product-type-simple"},"acf":[],"yoast_head":"<!-- This site is optimized with the Yoast SEO plugin v27.0 - https:\/\/yoast.com\/product\/yoast-seo-wordpress\/ -->\n<title>Lu\u010dianas<\/title>\n<meta name=\"description\" content=\"Isabel Abedi romanas \u201eLu\u010dianas\u201c\u00a0pasakoja apie keist\u0105 dviej\u0173 jaunuoli\u0173 \u2013 Rebekos ir Lu\u010diano \u2013 draugyst\u0119. \u0160e\u0161iolikmet\u0117 Rebeka \u2013 laiminga, gyvenimu\" \/>\n<meta name=\"robots\" content=\"index, follow, max-snippet:-1, max-image-preview:large, max-video-preview:-1\" \/>\n<link rel=\"canonical\" href=\"https:\/\/skaitytaknyga.lt\/en\/produktas\/lucianas\/\" \/>\n<meta property=\"og:locale\" content=\"en_GB\" \/>\n<meta property=\"og:locale:alternate\" content=\"lt_LT\" \/>\n<meta property=\"og:type\" content=\"article\" \/>\n<meta property=\"og:title\" content=\"Lu\u010dianas\" \/>\n<meta property=\"og:description\" content=\"Isabel Abedi romanas \u201eLu\u010dianas\u201c\u00a0pasakoja apie keist\u0105 dviej\u0173 jaunuoli\u0173 \u2013 Rebekos ir Lu\u010diano \u2013 draugyst\u0119. \u0160e\u0161iolikmet\u0117 Rebeka \u2013 laiminga, gyvenimu\" \/>\n<meta property=\"og:url\" content=\"https:\/\/skaitytaknyga.lt\/en\/produktas\/lucianas\/\" \/>\n<meta property=\"og:site_name\" content=\"Skaitytaknyga\" \/>\n<meta property=\"article:publisher\" content=\"https:\/\/www.facebook.com\/skaitytaknyga\/\" \/>\n<meta property=\"article:modified_time\" content=\"2025-05-15T12:15:48+00:00\" \/>\n<meta property=\"og:image\" content=\"https:\/\/skaitytaknyga.lt\/wp-content\/uploads\/2025\/04\/Lucianas.webp\" \/>\n\t<meta property=\"og:image:width\" content=\"500\" \/>\n\t<meta property=\"og:image:height\" content=\"745\" \/>\n\t<meta property=\"og:image:type\" content=\"image\/webp\" \/>\n<meta name=\"twitter:card\" content=\"summary_large_image\" \/>\n<meta name=\"twitter:label1\" content=\"Estimated reading time\" \/>\n\t<meta name=\"twitter:data1\" content=\"2 minutes\" \/>\n<script type=\"application\/ld+json\" class=\"yoast-schema-graph\">{\"@context\":\"https:\/\/schema.org\",\"@graph\":[{\"@type\":\"WebPage\",\"@id\":\"https:\/\/skaitytaknyga.lt\/produktas\/lucianas\/\",\"url\":\"https:\/\/skaitytaknyga.lt\/produktas\/lucianas\/\",\"name\":\"Lu\u010dianas\",\"isPartOf\":{\"@id\":\"https:\/\/skaitytaknyga.lt\/#website\"},\"primaryImageOfPage\":{\"@id\":\"https:\/\/skaitytaknyga.lt\/produktas\/lucianas\/#primaryimage\"},\"image\":{\"@id\":\"https:\/\/skaitytaknyga.lt\/produktas\/lucianas\/#primaryimage\"},\"thumbnailUrl\":\"https:\/\/skaitytaknyga.lt\/wp-content\/uploads\/2025\/04\/Lucianas.webp\",\"datePublished\":\"2025-04-15T13:05:52+00:00\",\"dateModified\":\"2025-05-15T12:15:48+00:00\",\"description\":\"Isabel Abedi romanas \u201eLu\u010dianas\u201c\u00a0pasakoja apie keist\u0105 dviej\u0173 jaunuoli\u0173 \u2013 Rebekos ir Lu\u010diano \u2013 draugyst\u0119. \u0160e\u0161iolikmet\u0117 Rebeka \u2013 laiminga, gyvenimu\",\"breadcrumb\":{\"@id\":\"https:\/\/skaitytaknyga.lt\/produktas\/lucianas\/#breadcrumb\"},\"inLanguage\":\"en-GB\",\"potentialAction\":[{\"@type\":\"ReadAction\",\"target\":[\"https:\/\/skaitytaknyga.lt\/produktas\/lucianas\/\"]}]},{\"@type\":\"ImageObject\",\"inLanguage\":\"en-GB\",\"@id\":\"https:\/\/skaitytaknyga.lt\/produktas\/lucianas\/#primaryimage\",\"url\":\"https:\/\/skaitytaknyga.lt\/wp-content\/uploads\/2025\/04\/Lucianas.webp\",\"contentUrl\":\"https:\/\/skaitytaknyga.lt\/wp-content\/uploads\/2025\/04\/Lucianas.webp\",\"width\":500,\"height\":745,\"caption\":\"Lu\u010dianas\"},{\"@type\":\"BreadcrumbList\",\"@id\":\"https:\/\/skaitytaknyga.lt\/produktas\/lucianas\/#breadcrumb\",\"itemListElement\":[{\"@type\":\"ListItem\",\"position\":1,\"name\":\"Home\",\"item\":\"https:\/\/skaitytaknyga.lt\/\"},{\"@type\":\"ListItem\",\"position\":2,\"name\":\"Parduotuv\u0117\",\"item\":\"https:\/\/skaitytaknyga.lt\/knygu-parduotuve\/\"},{\"@type\":\"ListItem\",\"position\":3,\"name\":\"Lu\u010dianas\"}]},{\"@type\":\"WebSite\",\"@id\":\"https:\/\/skaitytaknyga.lt\/#website\",\"url\":\"https:\/\/skaitytaknyga.lt\/\",\"name\":\"skaitytaknyga.lt\",\"description\":\"Skaitytaknyga.lt \u2013 tai ma\u017eas \u0161eimos verslas, kuris prasid\u0117jo nuo meil\u0117s knygoms ir siekio i\u0161gelb\u0117ti knygas nuo likimo prie konteinerio. Kas vienam nereikalingas daiktas \u2013 kitam lobis, o mes esame tarpininkai, kurie padeda abiems tapti laimingesniems ???? \u017dinome kaip nelengva i\u0161gyventi ma\u017eiems verslams, tad nuo \u0161iol, \u010dia rasite ir kit\u0173, ma\u017e\u0173 \u0161eim\u0173 versl\u0173, rank\u0173 darbo, dovan\u0173 sau ir artimiesiems.\",\"publisher\":{\"@id\":\"https:\/\/skaitytaknyga.lt\/#organization\"},\"potentialAction\":[{\"@type\":\"SearchAction\",\"target\":{\"@type\":\"EntryPoint\",\"urlTemplate\":\"https:\/\/skaitytaknyga.lt\/?s={search_term_string}\"},\"query-input\":{\"@type\":\"PropertyValueSpecification\",\"valueRequired\":true,\"valueName\":\"search_term_string\"}}],\"inLanguage\":\"en-GB\"},{\"@type\":\"Organization\",\"@id\":\"https:\/\/skaitytaknyga.lt\/#organization\",\"name\":\"skaitytaknyga.lt\",\"url\":\"https:\/\/skaitytaknyga.lt\/\",\"logo\":{\"@type\":\"ImageObject\",\"inLanguage\":\"en-GB\",\"@id\":\"https:\/\/skaitytaknyga.lt\/#\/schema\/logo\/image\/\",\"url\":\"https:\/\/skaitytaknyga.lt\/wp-content\/uploads\/2024\/05\/cropped-cropped-cropped-02_00843_jt3bggkj1j3HLc7SyY6rEUpg.jpeg\",\"contentUrl\":\"https:\/\/skaitytaknyga.lt\/wp-content\/uploads\/2024\/05\/cropped-cropped-cropped-02_00843_jt3bggkj1j3HLc7SyY6rEUpg.jpeg\",\"width\":1600,\"height\":1600,\"caption\":\"skaitytaknyga.lt\"},\"image\":{\"@id\":\"https:\/\/skaitytaknyga.lt\/#\/schema\/logo\/image\/\"},\"sameAs\":[\"https:\/\/www.facebook.com\/skaitytaknyga\/\"]}]}<\/script>\n<!-- \/ Yoast SEO plugin. -->","yoast_head_json":{"title":"Lu\u010dianas","description":"Isabel Abedi romanas \u201eLu\u010dianas\u201c\u00a0pasakoja apie keist\u0105 dviej\u0173 jaunuoli\u0173 \u2013 Rebekos ir Lu\u010diano \u2013 draugyst\u0119. \u0160e\u0161iolikmet\u0117 Rebeka \u2013 laiminga, gyvenimu","robots":{"index":"index","follow":"follow","max-snippet":"max-snippet:-1","max-image-preview":"max-image-preview:large","max-video-preview":"max-video-preview:-1"},"canonical":"https:\/\/skaitytaknyga.lt\/en\/produktas\/lucianas\/","og_locale":"en_GB","og_type":"article","og_title":"[:lt]Lu\u010dianas[:] - Skaitytaknyga","og_description":"Isabel Abedi romanas \u201eLu\u010dianas\u201c\u00a0pasakoja apie keist\u0105 dviej\u0173 jaunuoli\u0173 \u2013 Rebekos ir Lu\u010diano \u2013 draugyst\u0119. \u0160e\u0161iolikmet\u0117 Rebeka \u2013 laiminga, gyvenimu","og_url":"https:\/\/skaitytaknyga.lt\/en\/produktas\/lucianas\/","og_site_name":"Skaitytaknyga","article_publisher":"https:\/\/www.facebook.com\/skaitytaknyga\/","article_modified_time":"2025-05-15T12:15:48+00:00","og_image":[{"width":500,"height":745,"url":"https:\/\/skaitytaknyga.lt\/wp-content\/uploads\/2025\/04\/Lucianas.webp","type":"image\/webp"}],"twitter_card":"summary_large_image","twitter_misc":{"Estimated reading time":"2 minutes"},"schema":{"@context":"https:\/\/schema.org","@graph":[{"@type":"WebPage","@id":"https:\/\/skaitytaknyga.lt\/produktas\/lucianas\/","url":"https:\/\/skaitytaknyga.lt\/produktas\/lucianas\/","name":"Lu\u010dianas","isPartOf":{"@id":"https:\/\/skaitytaknyga.lt\/#website"},"primaryImageOfPage":{"@id":"https:\/\/skaitytaknyga.lt\/produktas\/lucianas\/#primaryimage"},"image":{"@id":"https:\/\/skaitytaknyga.lt\/produktas\/lucianas\/#primaryimage"},"thumbnailUrl":"https:\/\/skaitytaknyga.lt\/wp-content\/uploads\/2025\/04\/Lucianas.webp","datePublished":"2025-04-15T13:05:52+00:00","dateModified":"2025-05-15T12:15:48+00:00","description":"Isabel Abedi romanas \u201eLu\u010dianas\u201c\u00a0pasakoja apie keist\u0105 dviej\u0173 jaunuoli\u0173 \u2013 Rebekos ir Lu\u010diano \u2013 draugyst\u0119. \u0160e\u0161iolikmet\u0117 Rebeka \u2013 laiminga, gyvenimu","breadcrumb":{"@id":"https:\/\/skaitytaknyga.lt\/produktas\/lucianas\/#breadcrumb"},"inLanguage":"en-GB","potentialAction":[{"@type":"ReadAction","target":["https:\/\/skaitytaknyga.lt\/produktas\/lucianas\/"]}]},{"@type":"ImageObject","inLanguage":"en-GB","@id":"https:\/\/skaitytaknyga.lt\/produktas\/lucianas\/#primaryimage","url":"https:\/\/skaitytaknyga.lt\/wp-content\/uploads\/2025\/04\/Lucianas.webp","contentUrl":"https:\/\/skaitytaknyga.lt\/wp-content\/uploads\/2025\/04\/Lucianas.webp","width":500,"height":745,"caption":"Lu\u010dianas"},{"@type":"BreadcrumbList","@id":"https:\/\/skaitytaknyga.lt\/produktas\/lucianas\/#breadcrumb","itemListElement":[{"@type":"ListItem","position":1,"name":"Home","item":"https:\/\/skaitytaknyga.lt\/"},{"@type":"ListItem","position":2,"name":"Parduotuv\u0117","item":"https:\/\/skaitytaknyga.lt\/knygu-parduotuve\/"},{"@type":"ListItem","position":3,"name":"Lu\u010dianas"}]},{"@type":"WebSite","@id":"https:\/\/skaitytaknyga.lt\/#website","url":"https:\/\/skaitytaknyga.lt\/","name":"skaitytaknyga.lt","description":"Skaitytaknyga.lt \u2013 tai ma\u017eas \u0161eimos verslas, kuris prasid\u0117jo nuo meil\u0117s knygoms ir siekio i\u0161gelb\u0117ti knygas nuo likimo prie konteinerio. Kas vienam nereikalingas daiktas \u2013 kitam lobis, o mes esame tarpininkai, kurie padeda abiems tapti laimingesniems ???? \u017dinome kaip nelengva i\u0161gyventi ma\u017eiems verslams, tad nuo \u0161iol, \u010dia rasite ir kit\u0173, ma\u017e\u0173 \u0161eim\u0173 versl\u0173, rank\u0173 darbo, dovan\u0173 sau ir artimiesiems.","publisher":{"@id":"https:\/\/skaitytaknyga.lt\/#organization"},"potentialAction":[{"@type":"SearchAction","target":{"@type":"EntryPoint","urlTemplate":"https:\/\/skaitytaknyga.lt\/?s={search_term_string}"},"query-input":{"@type":"PropertyValueSpecification","valueRequired":true,"valueName":"search_term_string"}}],"inLanguage":"en-GB"},{"@type":"Organization","@id":"https:\/\/skaitytaknyga.lt\/#organization","name":"skaitytaknyga.lt","url":"https:\/\/skaitytaknyga.lt\/","logo":{"@type":"ImageObject","inLanguage":"en-GB","@id":"https:\/\/skaitytaknyga.lt\/#\/schema\/logo\/image\/","url":"https:\/\/skaitytaknyga.lt\/wp-content\/uploads\/2024\/05\/cropped-cropped-cropped-02_00843_jt3bggkj1j3HLc7SyY6rEUpg.jpeg","contentUrl":"https:\/\/skaitytaknyga.lt\/wp-content\/uploads\/2024\/05\/cropped-cropped-cropped-02_00843_jt3bggkj1j3HLc7SyY6rEUpg.jpeg","width":1600,"height":1600,"caption":"skaitytaknyga.lt"},"image":{"@id":"https:\/\/skaitytaknyga.lt\/#\/schema\/logo\/image\/"},"sameAs":["https:\/\/www.facebook.com\/skaitytaknyga\/"]}]}},"_links":{"self":[{"href":"https:\/\/skaitytaknyga.lt\/en\/wp-json\/wp\/v2\/product\/17824","targetHints":{"allow":["GET"]}}],"collection":[{"href":"https:\/\/skaitytaknyga.lt\/en\/wp-json\/wp\/v2\/product"}],"about":[{"href":"https:\/\/skaitytaknyga.lt\/en\/wp-json\/wp\/v2\/types\/product"}],"replies":[{"embeddable":true,"href":"https:\/\/skaitytaknyga.lt\/en\/wp-json\/wp\/v2\/comments?post=17824"}],"wp:featuredmedia":[{"embeddable":true,"href":"https:\/\/skaitytaknyga.lt\/en\/wp-json\/wp\/v2\/media\/17825"}],"wp:attachment":[{"href":"https:\/\/skaitytaknyga.lt\/en\/wp-json\/wp\/v2\/media?parent=17824"}],"wp:term":[{"taxonomy":"product_brand","embeddable":true,"href":"https:\/\/skaitytaknyga.lt\/en\/wp-json\/wp\/v2\/product_brand?post=17824"},{"taxonomy":"product_cat","embeddable":true,"href":"https:\/\/skaitytaknyga.lt\/en\/wp-json\/wp\/v2\/product_cat?post=17824"},{"taxonomy":"product_tag","embeddable":true,"href":"https:\/\/skaitytaknyga.lt\/en\/wp-json\/wp\/v2\/product_tag?post=17824"}],"curies":[{"name":"wp","href":"https:\/\/api.w.org\/{rel}","templated":true}]}}