{"id":17813,"date":"2025-04-15T11:43:19","date_gmt":"2025-04-15T08:43:19","guid":{"rendered":"https:\/\/skaitytaknyga.lt\/?post_type=product&#038;p=17813"},"modified":"2026-03-05T12:47:05","modified_gmt":"2026-03-05T10:47:05","slug":"ziedu-valdovas-dvi-tvirtoves-antra-dalis","status":"publish","type":"product","link":"https:\/\/skaitytaknyga.lt\/en\/produktas\/ziedu-valdovas-dvi-tvirtoves-antra-dalis\/","title":{"rendered":"\u017died\u0173 valdovas. Dvi tvirtov\u0117s. Antra dalis"},"content":{"rendered":"<p><strong>\u201e\u017died\u0173 valdovas\u201c<\/strong>\u00a0i\u0161verstas \u012f daugiau kaip 40 kalb\u0173, i\u0161pirkti milijoniniai knygos tira\u017eai, sukurtas filmas, o Johno Ronaldo Reuelo Tolkieno vardas am\u017einai \u012fra\u0161ytas \u012f pasaulin\u0117s literat\u016bros istorij\u0105.<\/p>\n<p><strong>J. R. R. Tolkienas<\/strong>, Oksfordo universiteto profesorius, folkloristas, puikus viduram\u017ei\u0173 \u017einovas, sugalvojo savo pasaul\u012f \u2013 Vidur\u017eem\u012f, jo istorij\u0105, mitologij\u0105 ir geografij\u0105, hobitus, elfus, nyk\u0161tukus, goblinus ir j\u0173 kalbas.<\/p>\n<p><strong>\u201e\u017died\u0173 valdove\u201c<\/strong>\u00a0yra 350 veik\u0117j\u0173, 6000 met\u0173 istorijos, daugiau kaip 60 puiki\u0173 dain\u0173, balad\u017ei\u0173, \u201ei\u0161verst\u0173\u201c i\u0161 stebukling\u0173 Vidur\u017eemio taut\u0173 kalb\u0173.<\/p>\n<p>Kai visas pasaulis \u0117m\u0117 kraustytis i\u0161 proto d\u0117l elf\u0173 ir hobit\u0173, profesorius Tolkienas, u\u017euot k\u016br\u0119s romano t\u0119sinius, tik ramiai paps\u0117jo savo pypk\u0119 ir neskub\u0117damas tikslino Vidur\u017eemio istorij\u0105&#8230;<\/p>\n<p>Pasaulinio garso sulaukusios fantastin\u0117s trilogijos\u00a0<strong>\u201e\u017died\u0173 Valdovas\u201c<\/strong>\u00a0antroje dalyje<strong>\u00a0\u201e<a href=\"https:\/\/skaitytaknyga.lt\/produktas\/ziedu-valdovas-dvi-tvirtoves-antra-dalis\/\">Dvi tvirtov\u0117s<\/a>\u201c<\/strong>\u00a0pasakojama apie tolesnius i\u0161irusios \u201e\u017diedo Brolijos\u201c nuotykius. Frodas su Semu patraukia \u012f Mordor\u0105 sunaikinti \u017diedo, tuo tarpu blogio valdovai Sarumanas ir Sauronas vienijasi. Dvi tvirtov\u0117s \u2013 tai dviej\u0173 galing\u0173 blogio valdov\u0173 s\u0105junga. Sarumanas turi nugal\u0117ti \u017emoni\u0173 \u2013 rohirim\u0173 \u2013 karalyst\u0119, o Sauronas \u2013 i\u0161naikinti gondorie\u010dius. Dr\u0105susis karys Aragornas stengiasi suvienyti rohirimus ir gondorie\u010dius, kad \u0161ie pasiprie\u0161int\u0173 blogio valdov\u0173 planams.<\/p>\n<ul class=\"about-product d-none d-xl-block mt-4\">\n<li><strong>Autorius:<\/strong>\u00a0<a href=\"https:\/\/skaitytaknyga.lt\/?s=Tolkien&#038;post_type=product&#038;dgwt_wcas=1\">J. R. R. Tolkien<\/a><\/li>\n<li><strong>Originalus pavadinimas:<\/strong> The Lord of the Rings. The two Towers<\/li>\n<li><strong>Leid\u0117jas<\/strong>\u00a0Alma littera<\/li>\n<li><strong>Metai:<\/strong>\u00a02014<\/li>\n<li><strong>Puslapiai:<\/strong>\u00a0376<\/li>\n<li class=\"toggleable type-new-formats \"><strong>ISBN :\u00a0<\/strong>9786090110744<\/li>\n<li><strong>Versijos kodas:<\/strong>\u00a0PT.<\/li>\n<li class=\"toggleable type-new-formats \"><strong>Formatas:<\/strong>\u00a015 x 24 cm, kieti vir\u0161eliai<\/li>\n<li><strong>Kalba:<\/strong>\u00a0Lietuvi\u0173<\/li>\n<li><strong>Vert\u0117jas:<\/strong>\u00a0Andrius Tapinas<\/li>\n<\/ul>\n","protected":false},"excerpt":{"rendered":"<p>\u201e\u017died\u0173 valdovas\u201c\u00a0i\u0161verstas \u012f daugiau kaip 40 kalb\u0173, i\u0161pirkti milijoniniai knygos tira\u017eai, sukurtas filmas, o Johno Ronaldo Reuelo Tolkieno vardas am\u017einai \u012fra\u0161ytas \u012f pasaulin\u0117s literat\u016bros istorij\u0105. J. R. R. Tolkienas, Oksfordo universiteto profesorius, folkloristas, puikus viduram\u017ei\u0173 \u017einovas, sugalvojo savo pasaul\u012f \u2013 Vidur\u017eem\u012f, jo istorij\u0105, mitologij\u0105 ir geografij\u0105, hobitus, elfus, nyk\u0161tukus, goblinus ir j\u0173 kalbas. \u201e\u017died\u0173 valdove\u201c\u00a0yra 350 veik\u0117j\u0173, 6000 met\u0173 istorijos, daugiau kaip 60 puiki\u0173 dain\u0173, balad\u017ei\u0173, \u201ei\u0161verst\u0173\u201c i\u0161 stebukling\u0173 Vidur\u017eemio taut\u0173 kalb\u0173. Kai visas pasaulis \u0117m\u0117 kraustytis i\u0161 proto d\u0117l elf\u0173 ir hobit\u0173, profesorius Tolkienas, u\u017euot k\u016br\u0119s romano t\u0119sinius, tik ramiai paps\u0117jo savo pypk\u0119 ir neskub\u0117damas tikslino Vidur\u017eemio istorij\u0105&#8230; Pasaulinio garso sulaukusios fantastin\u0117s trilogijos\u00a0\u201e\u017died\u0173 Valdovas\u201c\u00a0antroje dalyje\u00a0\u201eDvi tvirtov\u0117s\u201c\u00a0pasakojama apie tolesnius i\u0161irusios \u201e\u017diedo Brolijos\u201c nuotykius. Frodas su Semu patraukia \u012f Mordor\u0105 sunaikinti \u017diedo, tuo tarpu blogio valdovai Sarumanas ir Sauronas vienijasi. Dvi tvirtov\u0117s \u2013 tai dviej\u0173 galing\u0173 blogio valdov\u0173 s\u0105junga. Sarumanas turi nugal\u0117ti \u017emoni\u0173 \u2013 rohirim\u0173 \u2013 karalyst\u0119, o Sauronas \u2013 i\u0161naikinti gondorie\u010dius. Dr\u0105susis karys Aragornas stengiasi suvienyti rohirimus ir gondorie\u010dius, kad \u0161ie pasiprie\u0161int\u0173 blogio valdov\u0173 planams. Autorius:\u00a0J. R. R. Tolkien Originalus pavadinimas: The Lord of the Rings. The two Towers Leid\u0117jas\u00a0Alma littera Metai:\u00a02014 Puslapiai:\u00a0376 ISBN :\u00a09786090110744 Versijos kodas:\u00a0PT. Formatas:\u00a015 x 24 cm, kieti vir\u0161eliai Kalba:\u00a0Lietuvi\u0173 Vert\u0117jas:\u00a0Andrius Tapinas<\/p>\n","protected":false},"featured_media":17814,"comment_status":"open","ping_status":"closed","template":"","meta":{"_acf_changed":false,"site-sidebar-layout":"default","site-content-layout":"","ast-site-content-layout":"default","site-content-style":"default","site-sidebar-style":"default","ast-global-header-display":"","ast-banner-title-visibility":"","ast-main-header-display":"","ast-hfb-above-header-display":"","ast-hfb-below-header-display":"","ast-hfb-mobile-header-display":"","site-post-title":"","ast-breadcrumbs-content":"","ast-featured-img":"","footer-sml-layout":"","ast-disable-related-posts":"","theme-transparent-header-meta":"default","adv-header-id-meta":"","stick-header-meta":"","header-above-stick-meta":"","header-main-stick-meta":"","header-below-stick-meta":"","astra-migrate-meta-layouts":"set","ast-page-background-enabled":"default","ast-page-background-meta":{"desktop":{"background-color":"","background-image":"","background-repeat":"repeat","background-position":"center center","background-size":"auto","background-attachment":"scroll","background-type":"","background-media":"","overlay-type":"","overlay-color":"","overlay-opacity":"","overlay-gradient":""},"tablet":{"background-color":"","background-image":"","background-repeat":"repeat","background-position":"center center","background-size":"auto","background-attachment":"scroll","background-type":"","background-media":"","overlay-type":"","overlay-color":"","overlay-opacity":"","overlay-gradient":""},"mobile":{"background-color":"","background-image":"","background-repeat":"repeat","background-position":"center center","background-size":"auto","background-attachment":"scroll","background-type":"","background-media":"","overlay-type":"","overlay-color":"","overlay-opacity":"","overlay-gradient":""}},"ast-content-background-meta":{"desktop":{"background-color":"var(--ast-global-color-4)","background-image":"","background-repeat":"repeat","background-position":"center center","background-size":"auto","background-attachment":"scroll","background-type":"","background-media":"","overlay-type":"","overlay-color":"","overlay-opacity":"","overlay-gradient":""},"tablet":{"background-color":"var(--ast-global-color-4)","background-image":"","background-repeat":"repeat","background-position":"center center","background-size":"auto","background-attachment":"scroll","background-type":"","background-media":"","overlay-type":"","overlay-color":"","overlay-opacity":"","overlay-gradient":""},"mobile":{"background-color":"var(--ast-global-color-4)","background-image":"","background-repeat":"repeat","background-position":"center center","background-size":"auto","background-attachment":"scroll","background-type":"","background-media":"","overlay-type":"","overlay-color":"","overlay-opacity":"","overlay-gradient":""}}},"product_brand":[],"product_cat":[9621],"product_tag":[1505,3538,1504,3539,1508,3540,3541],"class_list":{"0":"post-17813","1":"product","2":"type-product","3":"status-publish","4":"has-post-thumbnail","6":"product_cat-fantastika-fantastika","7":"product_tag-elfai","8":"product_tag-epine-fantastika","9":"product_tag-fantastika","10":"product_tag-hobitai","11":"product_tag-j-r-r-tolkien","12":"product_tag-vidurzemis","13":"product_tag-ziedu-valdovas","14":"desktop-align-left","15":"tablet-align-left","16":"mobile-align-left","18":"first","19":"outofstock","20":"shipping-taxable","21":"purchasable","22":"product-type-simple"},"acf":[],"yoast_head":"<!-- This site is optimized with the Yoast SEO plugin v27.0 - https:\/\/yoast.com\/product\/yoast-seo-wordpress\/ -->\n<title>\u017died\u0173 valdovas. Dvi tvirtov\u0117s. Antra dalis<\/title>\n<meta name=\"description\" content=\"\u201e\u017died\u0173 valdovas\u201c\u00a0i\u0161verstas \u012f daugiau kaip 40 kalb\u0173, i\u0161pirkti milijoniniai knygos tira\u017eai, sukurtas filmas, o Johno Ronaldo Reuelo Tolkieno vardas am\u017einai\" \/>\n<meta name=\"robots\" content=\"index, follow, max-snippet:-1, max-image-preview:large, max-video-preview:-1\" \/>\n<link rel=\"canonical\" href=\"https:\/\/skaitytaknyga.lt\/en\/produktas\/ziedu-valdovas-dvi-tvirtoves-antra-dalis\/\" \/>\n<meta property=\"og:locale\" content=\"en_GB\" \/>\n<meta property=\"og:locale:alternate\" content=\"lt_LT\" \/>\n<meta property=\"og:type\" content=\"article\" \/>\n<meta property=\"og:title\" content=\"\u017died\u0173 valdovas. Dvi tvirtov\u0117s. Antra dalis\" \/>\n<meta property=\"og:description\" content=\"\u201e\u017died\u0173 valdovas\u201c\u00a0i\u0161verstas \u012f daugiau kaip 40 kalb\u0173, i\u0161pirkti milijoniniai knygos tira\u017eai, sukurtas filmas, o Johno Ronaldo Reuelo Tolkieno vardas am\u017einai\" \/>\n<meta property=\"og:url\" content=\"https:\/\/skaitytaknyga.lt\/en\/produktas\/ziedu-valdovas-dvi-tvirtoves-antra-dalis\/\" \/>\n<meta property=\"og:site_name\" content=\"Skaitytaknyga\" \/>\n<meta property=\"article:publisher\" content=\"https:\/\/www.facebook.com\/skaitytaknyga\/\" \/>\n<meta property=\"article:modified_time\" content=\"2026-03-05T10:47:05+00:00\" \/>\n<meta property=\"og:image\" content=\"https:\/\/skaitytaknyga.lt\/wp-content\/uploads\/2025\/04\/Ziedu-valdovas.-Dvi-tvirtoves.-Antra-dalis.webp\" \/>\n\t<meta property=\"og:image:width\" content=\"458\" \/>\n\t<meta property=\"og:image:height\" content=\"750\" \/>\n\t<meta property=\"og:image:type\" content=\"image\/webp\" \/>\n<meta name=\"twitter:card\" content=\"summary_large_image\" \/>\n<meta name=\"twitter:label1\" content=\"Estimated reading time\" \/>\n\t<meta name=\"twitter:data1\" content=\"2 minutes\" \/>\n<script type=\"application\/ld+json\" class=\"yoast-schema-graph\">{\"@context\":\"https:\/\/schema.org\",\"@graph\":[{\"@type\":\"WebPage\",\"@id\":\"https:\/\/skaitytaknyga.lt\/produktas\/ziedu-valdovas-dvi-tvirtoves-antra-dalis\/\",\"url\":\"https:\/\/skaitytaknyga.lt\/produktas\/ziedu-valdovas-dvi-tvirtoves-antra-dalis\/\",\"name\":\"\u017died\u0173 valdovas. Dvi tvirtov\u0117s. Antra dalis\",\"isPartOf\":{\"@id\":\"https:\/\/skaitytaknyga.lt\/#website\"},\"primaryImageOfPage\":{\"@id\":\"https:\/\/skaitytaknyga.lt\/produktas\/ziedu-valdovas-dvi-tvirtoves-antra-dalis\/#primaryimage\"},\"image\":{\"@id\":\"https:\/\/skaitytaknyga.lt\/produktas\/ziedu-valdovas-dvi-tvirtoves-antra-dalis\/#primaryimage\"},\"thumbnailUrl\":\"https:\/\/skaitytaknyga.lt\/wp-content\/uploads\/2025\/04\/Ziedu-valdovas.-Dvi-tvirtoves.-Antra-dalis.webp\",\"datePublished\":\"2025-04-15T08:43:19+00:00\",\"dateModified\":\"2026-03-05T10:47:05+00:00\",\"description\":\"\u201e\u017died\u0173 valdovas\u201c\u00a0i\u0161verstas \u012f daugiau kaip 40 kalb\u0173, i\u0161pirkti milijoniniai knygos tira\u017eai, sukurtas filmas, o Johno Ronaldo Reuelo Tolkieno vardas am\u017einai\",\"breadcrumb\":{\"@id\":\"https:\/\/skaitytaknyga.lt\/produktas\/ziedu-valdovas-dvi-tvirtoves-antra-dalis\/#breadcrumb\"},\"inLanguage\":\"en-GB\",\"potentialAction\":[{\"@type\":\"ReadAction\",\"target\":[\"https:\/\/skaitytaknyga.lt\/produktas\/ziedu-valdovas-dvi-tvirtoves-antra-dalis\/\"]}]},{\"@type\":\"ImageObject\",\"inLanguage\":\"en-GB\",\"@id\":\"https:\/\/skaitytaknyga.lt\/produktas\/ziedu-valdovas-dvi-tvirtoves-antra-dalis\/#primaryimage\",\"url\":\"https:\/\/skaitytaknyga.lt\/wp-content\/uploads\/2025\/04\/Ziedu-valdovas.-Dvi-tvirtoves.-Antra-dalis.webp\",\"contentUrl\":\"https:\/\/skaitytaknyga.lt\/wp-content\/uploads\/2025\/04\/Ziedu-valdovas.-Dvi-tvirtoves.-Antra-dalis.webp\",\"width\":458,\"height\":750,\"caption\":\"\u017died\u0173 valdovas. Dvi tvirtov\u0117s. Antra dalis\"},{\"@type\":\"BreadcrumbList\",\"@id\":\"https:\/\/skaitytaknyga.lt\/produktas\/ziedu-valdovas-dvi-tvirtoves-antra-dalis\/#breadcrumb\",\"itemListElement\":[{\"@type\":\"ListItem\",\"position\":1,\"name\":\"Home\",\"item\":\"https:\/\/skaitytaknyga.lt\/\"},{\"@type\":\"ListItem\",\"position\":2,\"name\":\"Parduotuv\u0117\",\"item\":\"https:\/\/skaitytaknyga.lt\/knygu-parduotuve\/\"},{\"@type\":\"ListItem\",\"position\":3,\"name\":\"\u017died\u0173 valdovas. Dvi tvirtov\u0117s. Antra dalis\"}]},{\"@type\":\"WebSite\",\"@id\":\"https:\/\/skaitytaknyga.lt\/#website\",\"url\":\"https:\/\/skaitytaknyga.lt\/\",\"name\":\"skaitytaknyga.lt\",\"description\":\"Skaitytaknyga.lt \u2013 tai ma\u017eas \u0161eimos verslas, kuris prasid\u0117jo nuo meil\u0117s knygoms ir siekio i\u0161gelb\u0117ti knygas nuo likimo prie konteinerio. Kas vienam nereikalingas daiktas \u2013 kitam lobis, o mes esame tarpininkai, kurie padeda abiems tapti laimingesniems ???? \u017dinome kaip nelengva i\u0161gyventi ma\u017eiems verslams, tad nuo \u0161iol, \u010dia rasite ir kit\u0173, ma\u017e\u0173 \u0161eim\u0173 versl\u0173, rank\u0173 darbo, dovan\u0173 sau ir artimiesiems.\",\"publisher\":{\"@id\":\"https:\/\/skaitytaknyga.lt\/#organization\"},\"potentialAction\":[{\"@type\":\"SearchAction\",\"target\":{\"@type\":\"EntryPoint\",\"urlTemplate\":\"https:\/\/skaitytaknyga.lt\/?s={search_term_string}\"},\"query-input\":{\"@type\":\"PropertyValueSpecification\",\"valueRequired\":true,\"valueName\":\"search_term_string\"}}],\"inLanguage\":\"en-GB\"},{\"@type\":\"Organization\",\"@id\":\"https:\/\/skaitytaknyga.lt\/#organization\",\"name\":\"skaitytaknyga.lt\",\"url\":\"https:\/\/skaitytaknyga.lt\/\",\"logo\":{\"@type\":\"ImageObject\",\"inLanguage\":\"en-GB\",\"@id\":\"https:\/\/skaitytaknyga.lt\/#\/schema\/logo\/image\/\",\"url\":\"https:\/\/skaitytaknyga.lt\/wp-content\/uploads\/2024\/05\/cropped-cropped-cropped-02_00843_jt3bggkj1j3HLc7SyY6rEUpg.jpeg\",\"contentUrl\":\"https:\/\/skaitytaknyga.lt\/wp-content\/uploads\/2024\/05\/cropped-cropped-cropped-02_00843_jt3bggkj1j3HLc7SyY6rEUpg.jpeg\",\"width\":1600,\"height\":1600,\"caption\":\"skaitytaknyga.lt\"},\"image\":{\"@id\":\"https:\/\/skaitytaknyga.lt\/#\/schema\/logo\/image\/\"},\"sameAs\":[\"https:\/\/www.facebook.com\/skaitytaknyga\/\"]}]}<\/script>\n<!-- \/ Yoast SEO plugin. -->","yoast_head_json":{"title":"\u017died\u0173 valdovas. Dvi tvirtov\u0117s. Antra dalis","description":"\u201e\u017died\u0173 valdovas\u201c\u00a0i\u0161verstas \u012f daugiau kaip 40 kalb\u0173, i\u0161pirkti milijoniniai knygos tira\u017eai, sukurtas filmas, o Johno Ronaldo Reuelo Tolkieno vardas am\u017einai","robots":{"index":"index","follow":"follow","max-snippet":"max-snippet:-1","max-image-preview":"max-image-preview:large","max-video-preview":"max-video-preview:-1"},"canonical":"https:\/\/skaitytaknyga.lt\/en\/produktas\/ziedu-valdovas-dvi-tvirtoves-antra-dalis\/","og_locale":"en_GB","og_type":"article","og_title":"[:lt]\u017died\u0173 valdovas. Dvi tvirtov\u0117s. Antra dalis[:] - Skaitytaknyga","og_description":"\u201e\u017died\u0173 valdovas\u201c\u00a0i\u0161verstas \u012f daugiau kaip 40 kalb\u0173, i\u0161pirkti milijoniniai knygos tira\u017eai, sukurtas filmas, o Johno Ronaldo Reuelo Tolkieno vardas am\u017einai","og_url":"https:\/\/skaitytaknyga.lt\/en\/produktas\/ziedu-valdovas-dvi-tvirtoves-antra-dalis\/","og_site_name":"Skaitytaknyga","article_publisher":"https:\/\/www.facebook.com\/skaitytaknyga\/","article_modified_time":"2026-03-05T10:47:05+00:00","og_image":[{"width":458,"height":750,"url":"https:\/\/skaitytaknyga.lt\/wp-content\/uploads\/2025\/04\/Ziedu-valdovas.-Dvi-tvirtoves.-Antra-dalis.webp","type":"image\/webp"}],"twitter_card":"summary_large_image","twitter_misc":{"Estimated reading time":"2 minutes"},"schema":{"@context":"https:\/\/schema.org","@graph":[{"@type":"WebPage","@id":"https:\/\/skaitytaknyga.lt\/produktas\/ziedu-valdovas-dvi-tvirtoves-antra-dalis\/","url":"https:\/\/skaitytaknyga.lt\/produktas\/ziedu-valdovas-dvi-tvirtoves-antra-dalis\/","name":"\u017died\u0173 valdovas. Dvi tvirtov\u0117s. Antra dalis","isPartOf":{"@id":"https:\/\/skaitytaknyga.lt\/#website"},"primaryImageOfPage":{"@id":"https:\/\/skaitytaknyga.lt\/produktas\/ziedu-valdovas-dvi-tvirtoves-antra-dalis\/#primaryimage"},"image":{"@id":"https:\/\/skaitytaknyga.lt\/produktas\/ziedu-valdovas-dvi-tvirtoves-antra-dalis\/#primaryimage"},"thumbnailUrl":"https:\/\/skaitytaknyga.lt\/wp-content\/uploads\/2025\/04\/Ziedu-valdovas.-Dvi-tvirtoves.-Antra-dalis.webp","datePublished":"2025-04-15T08:43:19+00:00","dateModified":"2026-03-05T10:47:05+00:00","description":"\u201e\u017died\u0173 valdovas\u201c\u00a0i\u0161verstas \u012f daugiau kaip 40 kalb\u0173, i\u0161pirkti milijoniniai knygos tira\u017eai, sukurtas filmas, o Johno Ronaldo Reuelo Tolkieno vardas am\u017einai","breadcrumb":{"@id":"https:\/\/skaitytaknyga.lt\/produktas\/ziedu-valdovas-dvi-tvirtoves-antra-dalis\/#breadcrumb"},"inLanguage":"en-GB","potentialAction":[{"@type":"ReadAction","target":["https:\/\/skaitytaknyga.lt\/produktas\/ziedu-valdovas-dvi-tvirtoves-antra-dalis\/"]}]},{"@type":"ImageObject","inLanguage":"en-GB","@id":"https:\/\/skaitytaknyga.lt\/produktas\/ziedu-valdovas-dvi-tvirtoves-antra-dalis\/#primaryimage","url":"https:\/\/skaitytaknyga.lt\/wp-content\/uploads\/2025\/04\/Ziedu-valdovas.-Dvi-tvirtoves.-Antra-dalis.webp","contentUrl":"https:\/\/skaitytaknyga.lt\/wp-content\/uploads\/2025\/04\/Ziedu-valdovas.-Dvi-tvirtoves.-Antra-dalis.webp","width":458,"height":750,"caption":"\u017died\u0173 valdovas. Dvi tvirtov\u0117s. Antra dalis"},{"@type":"BreadcrumbList","@id":"https:\/\/skaitytaknyga.lt\/produktas\/ziedu-valdovas-dvi-tvirtoves-antra-dalis\/#breadcrumb","itemListElement":[{"@type":"ListItem","position":1,"name":"Home","item":"https:\/\/skaitytaknyga.lt\/"},{"@type":"ListItem","position":2,"name":"Parduotuv\u0117","item":"https:\/\/skaitytaknyga.lt\/knygu-parduotuve\/"},{"@type":"ListItem","position":3,"name":"\u017died\u0173 valdovas. Dvi tvirtov\u0117s. Antra dalis"}]},{"@type":"WebSite","@id":"https:\/\/skaitytaknyga.lt\/#website","url":"https:\/\/skaitytaknyga.lt\/","name":"skaitytaknyga.lt","description":"Skaitytaknyga.lt \u2013 tai ma\u017eas \u0161eimos verslas, kuris prasid\u0117jo nuo meil\u0117s knygoms ir siekio i\u0161gelb\u0117ti knygas nuo likimo prie konteinerio. Kas vienam nereikalingas daiktas \u2013 kitam lobis, o mes esame tarpininkai, kurie padeda abiems tapti laimingesniems ???? \u017dinome kaip nelengva i\u0161gyventi ma\u017eiems verslams, tad nuo \u0161iol, \u010dia rasite ir kit\u0173, ma\u017e\u0173 \u0161eim\u0173 versl\u0173, rank\u0173 darbo, dovan\u0173 sau ir artimiesiems.","publisher":{"@id":"https:\/\/skaitytaknyga.lt\/#organization"},"potentialAction":[{"@type":"SearchAction","target":{"@type":"EntryPoint","urlTemplate":"https:\/\/skaitytaknyga.lt\/?s={search_term_string}"},"query-input":{"@type":"PropertyValueSpecification","valueRequired":true,"valueName":"search_term_string"}}],"inLanguage":"en-GB"},{"@type":"Organization","@id":"https:\/\/skaitytaknyga.lt\/#organization","name":"skaitytaknyga.lt","url":"https:\/\/skaitytaknyga.lt\/","logo":{"@type":"ImageObject","inLanguage":"en-GB","@id":"https:\/\/skaitytaknyga.lt\/#\/schema\/logo\/image\/","url":"https:\/\/skaitytaknyga.lt\/wp-content\/uploads\/2024\/05\/cropped-cropped-cropped-02_00843_jt3bggkj1j3HLc7SyY6rEUpg.jpeg","contentUrl":"https:\/\/skaitytaknyga.lt\/wp-content\/uploads\/2024\/05\/cropped-cropped-cropped-02_00843_jt3bggkj1j3HLc7SyY6rEUpg.jpeg","width":1600,"height":1600,"caption":"skaitytaknyga.lt"},"image":{"@id":"https:\/\/skaitytaknyga.lt\/#\/schema\/logo\/image\/"},"sameAs":["https:\/\/www.facebook.com\/skaitytaknyga\/"]}]}},"_links":{"self":[{"href":"https:\/\/skaitytaknyga.lt\/en\/wp-json\/wp\/v2\/product\/17813","targetHints":{"allow":["GET"]}}],"collection":[{"href":"https:\/\/skaitytaknyga.lt\/en\/wp-json\/wp\/v2\/product"}],"about":[{"href":"https:\/\/skaitytaknyga.lt\/en\/wp-json\/wp\/v2\/types\/product"}],"replies":[{"embeddable":true,"href":"https:\/\/skaitytaknyga.lt\/en\/wp-json\/wp\/v2\/comments?post=17813"}],"wp:featuredmedia":[{"embeddable":true,"href":"https:\/\/skaitytaknyga.lt\/en\/wp-json\/wp\/v2\/media\/17814"}],"wp:attachment":[{"href":"https:\/\/skaitytaknyga.lt\/en\/wp-json\/wp\/v2\/media?parent=17813"}],"wp:term":[{"taxonomy":"product_brand","embeddable":true,"href":"https:\/\/skaitytaknyga.lt\/en\/wp-json\/wp\/v2\/product_brand?post=17813"},{"taxonomy":"product_cat","embeddable":true,"href":"https:\/\/skaitytaknyga.lt\/en\/wp-json\/wp\/v2\/product_cat?post=17813"},{"taxonomy":"product_tag","embeddable":true,"href":"https:\/\/skaitytaknyga.lt\/en\/wp-json\/wp\/v2\/product_tag?post=17813"}],"curies":[{"name":"wp","href":"https:\/\/api.w.org\/{rel}","templated":true}]}}