{"id":17806,"date":"2025-04-15T11:26:25","date_gmt":"2025-04-15T08:26:25","guid":{"rendered":"https:\/\/skaitytaknyga.lt\/?post_type=product&#038;p=17806"},"modified":"2025-08-29T22:20:17","modified_gmt":"2025-08-29T19:20:17","slug":"pirmykste-moteris-uolu-prieglobstis-v","status":"publish","type":"product","link":"https:\/\/skaitytaknyga.lt\/en\/produktas\/pirmykste-moteris-uolu-prieglobstis-v\/","title":{"rendered":"Pirmyk\u0161t\u0117 moteris: Uol\u0173 prieglobstis (V)"},"content":{"rendered":"<div>\n<p>Nors mylimojo artimieji priima \u0161iltai, kai kam atvyk\u0117l\u0117 atrodo pernelyg keista ir g\u0105sdinanti. Kas i\u0161 tikro ta svetim\u0161al\u0117, kalbanti su vilku ir savo arkliais? Kod\u0117l ji taip aistringai gina plok\u0161\u010diagalvius ir vadina Gentimi? Atrodo, kad laiko juos&#8230; \u017emon\u0117mis! Kaip visad, jaunajai moteriai teks pasitelkti vis\u0105 savo i\u0161mint\u012f, instinktus ir talentus, kad b\u016bt\u0173 priimta ir ne tik pasirodyt\u0173 verta likti su Jondalaru, bet ir pelnyt\u0173 Devintojo urvo bendruomen\u0117s pagarb\u0105.<\/p>\n<div>\n<p>Negailestingos uolos at\u0117m\u0117 i\u0161 Ailos artimuosius, i\u0161pl\u0117\u0161\u0117 i\u0161 mylimos sav\u0173j\u0173 genties. Ji v\u0117l gr\u012f\u0161 \u012f uol\u0173 prieglobst\u012f su savo brangiausiais, pasiry\u017eusi su\u0161ildyti juos kar\u0161ta meile ir stipria dvasia.<\/p>\n<\/div>\n<\/div>\n<div>\n<ul class=\"about-product d-none d-xl-block mt-4\">\n<li><strong>Originalus pavadinimas:<\/strong> THE SHELTERS OF STONE<\/li>\n<li><strong>Autorius:<\/strong><a href=\"https:\/\/skaitytaknyga.lt\/?s=%C2%A0Jean+M.+Auel&#038;post_type=product&#038;dgwt_wcas=1\">\u00a0Jean M. Auel<\/a><\/li>\n<li><strong>Leid\u0117jas<\/strong>\u00a0Obuolys<\/li>\n<li><strong>Metai:<\/strong>\u00a02015<\/li>\n<li><strong>Puslapiai:<\/strong>\u00a0784<\/li>\n<li class=\"toggleable type-new-formats \"><strong>ISBN :\u00a0<\/strong>9786094037801<\/li>\n<li><strong>Versijos kodas:<\/strong>\u00a0PT.<\/li>\n<li class=\"toggleable type-new-formats \"><strong>Formatas:<\/strong>\u00a014,2 x 23,4 cm, kieti vir\u0161eliai<\/li>\n<li><strong>Kalba:<\/strong>\u00a0Lietuvi\u0173<\/li>\n<li><strong>Vert\u0117jas:<\/strong>\u00a0Giedr\u0117 Tart\u0117nien\u0117<\/li>\n<\/ul>\n<\/div>\n","protected":false},"excerpt":{"rendered":"<p>Nors mylimojo artimieji priima \u0161iltai, kai kam atvyk\u0117l\u0117 atrodo pernelyg keista ir g\u0105sdinanti. Kas i\u0161 tikro ta svetim\u0161al\u0117, kalbanti su vilku ir savo arkliais? Kod\u0117l ji taip aistringai gina plok\u0161\u010diagalvius ir vadina Gentimi? Atrodo, kad laiko juos&#8230; \u017emon\u0117mis! Kaip visad, jaunajai moteriai teks pasitelkti vis\u0105 savo i\u0161mint\u012f, instinktus ir talentus, kad b\u016bt\u0173 priimta ir ne tik pasirodyt\u0173 verta likti su Jondalaru, bet ir pelnyt\u0173 Devintojo urvo bendruomen\u0117s pagarb\u0105. Negailestingos uolos at\u0117m\u0117 i\u0161 Ailos artimuosius, i\u0161pl\u0117\u0161\u0117 i\u0161 mylimos sav\u0173j\u0173 genties. Ji v\u0117l gr\u012f\u0161 \u012f uol\u0173 prieglobst\u012f su savo brangiausiais, pasiry\u017eusi su\u0161ildyti juos kar\u0161ta meile ir stipria dvasia. Originalus pavadinimas: THE SHELTERS OF STONE Autorius:\u00a0Jean M. Auel Leid\u0117jas\u00a0Obuolys Metai:\u00a02015 Puslapiai:\u00a0784 ISBN :\u00a09786094037801 Versijos kodas:\u00a0PT. Formatas:\u00a014,2 x 23,4 cm, kieti vir\u0161eliai Kalba:\u00a0Lietuvi\u0173 Vert\u0117jas:\u00a0Giedr\u0117 Tart\u0117nien\u0117<\/p>\n","protected":false},"featured_media":17807,"comment_status":"closed","ping_status":"closed","template":"","meta":{"_acf_changed":false,"site-sidebar-layout":"default","site-content-layout":"","ast-site-content-layout":"default","site-content-style":"default","site-sidebar-style":"default","ast-global-header-display":"","ast-banner-title-visibility":"","ast-main-header-display":"","ast-hfb-above-header-display":"","ast-hfb-below-header-display":"","ast-hfb-mobile-header-display":"","site-post-title":"","ast-breadcrumbs-content":"","ast-featured-img":"","footer-sml-layout":"","ast-disable-related-posts":"","theme-transparent-header-meta":"default","adv-header-id-meta":"","stick-header-meta":"","header-above-stick-meta":"","header-main-stick-meta":"","header-below-stick-meta":"","astra-migrate-meta-layouts":"set","ast-page-background-enabled":"default","ast-page-background-meta":{"desktop":{"background-color":"","background-image":"","background-repeat":"repeat","background-position":"center center","background-size":"auto","background-attachment":"scroll","background-type":"","background-media":"","overlay-type":"","overlay-color":"","overlay-opacity":"","overlay-gradient":""},"tablet":{"background-color":"","background-image":"","background-repeat":"repeat","background-position":"center center","background-size":"auto","background-attachment":"scroll","background-type":"","background-media":"","overlay-type":"","overlay-color":"","overlay-opacity":"","overlay-gradient":""},"mobile":{"background-color":"","background-image":"","background-repeat":"repeat","background-position":"center center","background-size":"auto","background-attachment":"scroll","background-type":"","background-media":"","overlay-type":"","overlay-color":"","overlay-opacity":"","overlay-gradient":""}},"ast-content-background-meta":{"desktop":{"background-color":"var(--ast-global-color-4)","background-image":"","background-repeat":"repeat","background-position":"center center","background-size":"auto","background-attachment":"scroll","background-type":"","background-media":"","overlay-type":"","overlay-color":"","overlay-opacity":"","overlay-gradient":""},"tablet":{"background-color":"var(--ast-global-color-4)","background-image":"","background-repeat":"repeat","background-position":"center center","background-size":"auto","background-attachment":"scroll","background-type":"","background-media":"","overlay-type":"","overlay-color":"","overlay-opacity":"","overlay-gradient":""},"mobile":{"background-color":"var(--ast-global-color-4)","background-image":"","background-repeat":"repeat","background-position":"center center","background-size":"auto","background-attachment":"scroll","background-type":"","background-media":"","overlay-type":"","overlay-color":"","overlay-opacity":"","overlay-gradient":""}}},"product_brand":[],"product_cat":[31],"product_tag":[3536,3537,3533,3532,3534,3535],"class_list":{"0":"post-17806","1":"product","2":"type-product","3":"status-publish","4":"has-post-thumbnail","6":"product_cat-grozine-literatura","7":"product_tag-gentis","8":"product_tag-islikimas","9":"product_tag-istorinis","10":"product_tag-jean-m-auel","11":"product_tag-priesistore","12":"product_tag-priesistorine-moteris","13":"desktop-align-left","14":"tablet-align-left","15":"mobile-align-left","17":"first","18":"outofstock","19":"shipping-taxable","20":"purchasable","21":"product-type-simple"},"acf":[],"yoast_head":"<!-- This site is optimized with the Yoast SEO plugin v27.0 - https:\/\/yoast.com\/product\/yoast-seo-wordpress\/ -->\n<title>Pirmyk\u0161t\u0117 moteris: Uol\u0173 prieglobstis (V)<\/title>\n<meta name=\"description\" content=\"Nors mylimojo artimieji priima \u0161iltai, kai kam atvyk\u0117l\u0117 atrodo pernelyg keista ir g\u0105sdinanti. Kas i\u0161 tikro ta svetim\u0161al\u0117, kalbanti su vilku ir savo\" \/>\n<meta name=\"robots\" content=\"index, follow, max-snippet:-1, max-image-preview:large, max-video-preview:-1\" \/>\n<link rel=\"canonical\" href=\"https:\/\/skaitytaknyga.lt\/en\/produktas\/pirmykste-moteris-uolu-prieglobstis-v\/\" \/>\n<meta property=\"og:locale\" content=\"en_GB\" \/>\n<meta property=\"og:locale:alternate\" content=\"lt_LT\" \/>\n<meta property=\"og:type\" content=\"article\" \/>\n<meta property=\"og:title\" content=\"Pirmyk\u0161t\u0117 moteris: Uol\u0173 prieglobstis (V)\" \/>\n<meta property=\"og:description\" content=\"Nors mylimojo artimieji priima \u0161iltai, kai kam atvyk\u0117l\u0117 atrodo pernelyg keista ir g\u0105sdinanti. Kas i\u0161 tikro ta svetim\u0161al\u0117, kalbanti su vilku ir savo\" \/>\n<meta property=\"og:url\" content=\"https:\/\/skaitytaknyga.lt\/en\/produktas\/pirmykste-moteris-uolu-prieglobstis-v\/\" \/>\n<meta property=\"og:site_name\" content=\"Skaitytaknyga\" \/>\n<meta property=\"article:publisher\" content=\"https:\/\/www.facebook.com\/skaitytaknyga\/\" \/>\n<meta property=\"article:modified_time\" content=\"2025-08-29T19:20:17+00:00\" \/>\n<meta property=\"og:image\" content=\"https:\/\/skaitytaknyga.lt\/wp-content\/uploads\/2025\/04\/Pirmykste-moteris.-Uolu-prieglobstis.webp\" \/>\n\t<meta property=\"og:image:width\" content=\"487\" \/>\n\t<meta property=\"og:image:height\" content=\"800\" \/>\n\t<meta property=\"og:image:type\" content=\"image\/webp\" \/>\n<meta name=\"twitter:card\" content=\"summary_large_image\" \/>\n<meta name=\"twitter:label1\" content=\"Estimated reading time\" \/>\n\t<meta name=\"twitter:data1\" content=\"1 minute\" \/>\n<script type=\"application\/ld+json\" class=\"yoast-schema-graph\">{\"@context\":\"https:\/\/schema.org\",\"@graph\":[{\"@type\":\"WebPage\",\"@id\":\"https:\/\/skaitytaknyga.lt\/produktas\/pirmykste-moteris-uolu-prieglobstis-v\/\",\"url\":\"https:\/\/skaitytaknyga.lt\/produktas\/pirmykste-moteris-uolu-prieglobstis-v\/\",\"name\":\"Pirmyk\u0161t\u0117 moteris: Uol\u0173 prieglobstis (V)\",\"isPartOf\":{\"@id\":\"https:\/\/skaitytaknyga.lt\/#website\"},\"primaryImageOfPage\":{\"@id\":\"https:\/\/skaitytaknyga.lt\/produktas\/pirmykste-moteris-uolu-prieglobstis-v\/#primaryimage\"},\"image\":{\"@id\":\"https:\/\/skaitytaknyga.lt\/produktas\/pirmykste-moteris-uolu-prieglobstis-v\/#primaryimage\"},\"thumbnailUrl\":\"https:\/\/skaitytaknyga.lt\/wp-content\/uploads\/2025\/04\/Pirmykste-moteris.-Uolu-prieglobstis.webp\",\"datePublished\":\"2025-04-15T08:26:25+00:00\",\"dateModified\":\"2025-08-29T19:20:17+00:00\",\"description\":\"Nors mylimojo artimieji priima \u0161iltai, kai kam atvyk\u0117l\u0117 atrodo pernelyg keista ir g\u0105sdinanti. Kas i\u0161 tikro ta svetim\u0161al\u0117, kalbanti su vilku ir savo\",\"breadcrumb\":{\"@id\":\"https:\/\/skaitytaknyga.lt\/produktas\/pirmykste-moteris-uolu-prieglobstis-v\/#breadcrumb\"},\"inLanguage\":\"en-GB\",\"potentialAction\":[{\"@type\":\"ReadAction\",\"target\":[\"https:\/\/skaitytaknyga.lt\/produktas\/pirmykste-moteris-uolu-prieglobstis-v\/\"]}]},{\"@type\":\"ImageObject\",\"inLanguage\":\"en-GB\",\"@id\":\"https:\/\/skaitytaknyga.lt\/produktas\/pirmykste-moteris-uolu-prieglobstis-v\/#primaryimage\",\"url\":\"https:\/\/skaitytaknyga.lt\/wp-content\/uploads\/2025\/04\/Pirmykste-moteris.-Uolu-prieglobstis.webp\",\"contentUrl\":\"https:\/\/skaitytaknyga.lt\/wp-content\/uploads\/2025\/04\/Pirmykste-moteris.-Uolu-prieglobstis.webp\",\"width\":487,\"height\":800,\"caption\":\"Pirmyk\u0161t\u0117 moteris: Uol\u0173 prieglobstis (V)\"},{\"@type\":\"BreadcrumbList\",\"@id\":\"https:\/\/skaitytaknyga.lt\/produktas\/pirmykste-moteris-uolu-prieglobstis-v\/#breadcrumb\",\"itemListElement\":[{\"@type\":\"ListItem\",\"position\":1,\"name\":\"Home\",\"item\":\"https:\/\/skaitytaknyga.lt\/\"},{\"@type\":\"ListItem\",\"position\":2,\"name\":\"Parduotuv\u0117\",\"item\":\"https:\/\/skaitytaknyga.lt\/knygu-parduotuve\/\"},{\"@type\":\"ListItem\",\"position\":3,\"name\":\"Pirmyk\u0161t\u0117 moteris: Uol\u0173 prieglobstis (V)\"}]},{\"@type\":\"WebSite\",\"@id\":\"https:\/\/skaitytaknyga.lt\/#website\",\"url\":\"https:\/\/skaitytaknyga.lt\/\",\"name\":\"skaitytaknyga.lt\",\"description\":\"Skaitytaknyga.lt \u2013 tai ma\u017eas \u0161eimos verslas, kuris prasid\u0117jo nuo meil\u0117s knygoms ir siekio i\u0161gelb\u0117ti knygas nuo likimo prie konteinerio. Kas vienam nereikalingas daiktas \u2013 kitam lobis, o mes esame tarpininkai, kurie padeda abiems tapti laimingesniems ???? \u017dinome kaip nelengva i\u0161gyventi ma\u017eiems verslams, tad nuo \u0161iol, \u010dia rasite ir kit\u0173, ma\u017e\u0173 \u0161eim\u0173 versl\u0173, rank\u0173 darbo, dovan\u0173 sau ir artimiesiems.\",\"publisher\":{\"@id\":\"https:\/\/skaitytaknyga.lt\/#organization\"},\"potentialAction\":[{\"@type\":\"SearchAction\",\"target\":{\"@type\":\"EntryPoint\",\"urlTemplate\":\"https:\/\/skaitytaknyga.lt\/?s={search_term_string}\"},\"query-input\":{\"@type\":\"PropertyValueSpecification\",\"valueRequired\":true,\"valueName\":\"search_term_string\"}}],\"inLanguage\":\"en-GB\"},{\"@type\":\"Organization\",\"@id\":\"https:\/\/skaitytaknyga.lt\/#organization\",\"name\":\"skaitytaknyga.lt\",\"url\":\"https:\/\/skaitytaknyga.lt\/\",\"logo\":{\"@type\":\"ImageObject\",\"inLanguage\":\"en-GB\",\"@id\":\"https:\/\/skaitytaknyga.lt\/#\/schema\/logo\/image\/\",\"url\":\"https:\/\/skaitytaknyga.lt\/wp-content\/uploads\/2024\/05\/cropped-cropped-cropped-02_00843_jt3bggkj1j3HLc7SyY6rEUpg.jpeg\",\"contentUrl\":\"https:\/\/skaitytaknyga.lt\/wp-content\/uploads\/2024\/05\/cropped-cropped-cropped-02_00843_jt3bggkj1j3HLc7SyY6rEUpg.jpeg\",\"width\":1600,\"height\":1600,\"caption\":\"skaitytaknyga.lt\"},\"image\":{\"@id\":\"https:\/\/skaitytaknyga.lt\/#\/schema\/logo\/image\/\"},\"sameAs\":[\"https:\/\/www.facebook.com\/skaitytaknyga\/\"]}]}<\/script>\n<!-- \/ Yoast SEO plugin. -->","yoast_head_json":{"title":"Pirmyk\u0161t\u0117 moteris: Uol\u0173 prieglobstis (V)","description":"Nors mylimojo artimieji priima \u0161iltai, kai kam atvyk\u0117l\u0117 atrodo pernelyg keista ir g\u0105sdinanti. Kas i\u0161 tikro ta svetim\u0161al\u0117, kalbanti su vilku ir savo","robots":{"index":"index","follow":"follow","max-snippet":"max-snippet:-1","max-image-preview":"max-image-preview:large","max-video-preview":"max-video-preview:-1"},"canonical":"https:\/\/skaitytaknyga.lt\/en\/produktas\/pirmykste-moteris-uolu-prieglobstis-v\/","og_locale":"en_GB","og_type":"article","og_title":"[:lt]Pirmyk\u0161t\u0117 moteris: Uol\u0173 prieglobstis (V)[:] - Skaitytaknyga","og_description":"Nors mylimojo artimieji priima \u0161iltai, kai kam atvyk\u0117l\u0117 atrodo pernelyg keista ir g\u0105sdinanti. Kas i\u0161 tikro ta svetim\u0161al\u0117, kalbanti su vilku ir savo","og_url":"https:\/\/skaitytaknyga.lt\/en\/produktas\/pirmykste-moteris-uolu-prieglobstis-v\/","og_site_name":"Skaitytaknyga","article_publisher":"https:\/\/www.facebook.com\/skaitytaknyga\/","article_modified_time":"2025-08-29T19:20:17+00:00","og_image":[{"width":487,"height":800,"url":"https:\/\/skaitytaknyga.lt\/wp-content\/uploads\/2025\/04\/Pirmykste-moteris.-Uolu-prieglobstis.webp","type":"image\/webp"}],"twitter_card":"summary_large_image","twitter_misc":{"Estimated reading time":"1 minute"},"schema":{"@context":"https:\/\/schema.org","@graph":[{"@type":"WebPage","@id":"https:\/\/skaitytaknyga.lt\/produktas\/pirmykste-moteris-uolu-prieglobstis-v\/","url":"https:\/\/skaitytaknyga.lt\/produktas\/pirmykste-moteris-uolu-prieglobstis-v\/","name":"Pirmyk\u0161t\u0117 moteris: Uol\u0173 prieglobstis (V)","isPartOf":{"@id":"https:\/\/skaitytaknyga.lt\/#website"},"primaryImageOfPage":{"@id":"https:\/\/skaitytaknyga.lt\/produktas\/pirmykste-moteris-uolu-prieglobstis-v\/#primaryimage"},"image":{"@id":"https:\/\/skaitytaknyga.lt\/produktas\/pirmykste-moteris-uolu-prieglobstis-v\/#primaryimage"},"thumbnailUrl":"https:\/\/skaitytaknyga.lt\/wp-content\/uploads\/2025\/04\/Pirmykste-moteris.-Uolu-prieglobstis.webp","datePublished":"2025-04-15T08:26:25+00:00","dateModified":"2025-08-29T19:20:17+00:00","description":"Nors mylimojo artimieji priima \u0161iltai, kai kam atvyk\u0117l\u0117 atrodo pernelyg keista ir g\u0105sdinanti. Kas i\u0161 tikro ta svetim\u0161al\u0117, kalbanti su vilku ir savo","breadcrumb":{"@id":"https:\/\/skaitytaknyga.lt\/produktas\/pirmykste-moteris-uolu-prieglobstis-v\/#breadcrumb"},"inLanguage":"en-GB","potentialAction":[{"@type":"ReadAction","target":["https:\/\/skaitytaknyga.lt\/produktas\/pirmykste-moteris-uolu-prieglobstis-v\/"]}]},{"@type":"ImageObject","inLanguage":"en-GB","@id":"https:\/\/skaitytaknyga.lt\/produktas\/pirmykste-moteris-uolu-prieglobstis-v\/#primaryimage","url":"https:\/\/skaitytaknyga.lt\/wp-content\/uploads\/2025\/04\/Pirmykste-moteris.-Uolu-prieglobstis.webp","contentUrl":"https:\/\/skaitytaknyga.lt\/wp-content\/uploads\/2025\/04\/Pirmykste-moteris.-Uolu-prieglobstis.webp","width":487,"height":800,"caption":"Pirmyk\u0161t\u0117 moteris: Uol\u0173 prieglobstis (V)"},{"@type":"BreadcrumbList","@id":"https:\/\/skaitytaknyga.lt\/produktas\/pirmykste-moteris-uolu-prieglobstis-v\/#breadcrumb","itemListElement":[{"@type":"ListItem","position":1,"name":"Home","item":"https:\/\/skaitytaknyga.lt\/"},{"@type":"ListItem","position":2,"name":"Parduotuv\u0117","item":"https:\/\/skaitytaknyga.lt\/knygu-parduotuve\/"},{"@type":"ListItem","position":3,"name":"Pirmyk\u0161t\u0117 moteris: Uol\u0173 prieglobstis (V)"}]},{"@type":"WebSite","@id":"https:\/\/skaitytaknyga.lt\/#website","url":"https:\/\/skaitytaknyga.lt\/","name":"skaitytaknyga.lt","description":"Skaitytaknyga.lt \u2013 tai ma\u017eas \u0161eimos verslas, kuris prasid\u0117jo nuo meil\u0117s knygoms ir siekio i\u0161gelb\u0117ti knygas nuo likimo prie konteinerio. Kas vienam nereikalingas daiktas \u2013 kitam lobis, o mes esame tarpininkai, kurie padeda abiems tapti laimingesniems ???? \u017dinome kaip nelengva i\u0161gyventi ma\u017eiems verslams, tad nuo \u0161iol, \u010dia rasite ir kit\u0173, ma\u017e\u0173 \u0161eim\u0173 versl\u0173, rank\u0173 darbo, dovan\u0173 sau ir artimiesiems.","publisher":{"@id":"https:\/\/skaitytaknyga.lt\/#organization"},"potentialAction":[{"@type":"SearchAction","target":{"@type":"EntryPoint","urlTemplate":"https:\/\/skaitytaknyga.lt\/?s={search_term_string}"},"query-input":{"@type":"PropertyValueSpecification","valueRequired":true,"valueName":"search_term_string"}}],"inLanguage":"en-GB"},{"@type":"Organization","@id":"https:\/\/skaitytaknyga.lt\/#organization","name":"skaitytaknyga.lt","url":"https:\/\/skaitytaknyga.lt\/","logo":{"@type":"ImageObject","inLanguage":"en-GB","@id":"https:\/\/skaitytaknyga.lt\/#\/schema\/logo\/image\/","url":"https:\/\/skaitytaknyga.lt\/wp-content\/uploads\/2024\/05\/cropped-cropped-cropped-02_00843_jt3bggkj1j3HLc7SyY6rEUpg.jpeg","contentUrl":"https:\/\/skaitytaknyga.lt\/wp-content\/uploads\/2024\/05\/cropped-cropped-cropped-02_00843_jt3bggkj1j3HLc7SyY6rEUpg.jpeg","width":1600,"height":1600,"caption":"skaitytaknyga.lt"},"image":{"@id":"https:\/\/skaitytaknyga.lt\/#\/schema\/logo\/image\/"},"sameAs":["https:\/\/www.facebook.com\/skaitytaknyga\/"]}]}},"_links":{"self":[{"href":"https:\/\/skaitytaknyga.lt\/en\/wp-json\/wp\/v2\/product\/17806","targetHints":{"allow":["GET"]}}],"collection":[{"href":"https:\/\/skaitytaknyga.lt\/en\/wp-json\/wp\/v2\/product"}],"about":[{"href":"https:\/\/skaitytaknyga.lt\/en\/wp-json\/wp\/v2\/types\/product"}],"replies":[{"embeddable":true,"href":"https:\/\/skaitytaknyga.lt\/en\/wp-json\/wp\/v2\/comments?post=17806"}],"wp:featuredmedia":[{"embeddable":true,"href":"https:\/\/skaitytaknyga.lt\/en\/wp-json\/wp\/v2\/media\/17807"}],"wp:attachment":[{"href":"https:\/\/skaitytaknyga.lt\/en\/wp-json\/wp\/v2\/media?parent=17806"}],"wp:term":[{"taxonomy":"product_brand","embeddable":true,"href":"https:\/\/skaitytaknyga.lt\/en\/wp-json\/wp\/v2\/product_brand?post=17806"},{"taxonomy":"product_cat","embeddable":true,"href":"https:\/\/skaitytaknyga.lt\/en\/wp-json\/wp\/v2\/product_cat?post=17806"},{"taxonomy":"product_tag","embeddable":true,"href":"https:\/\/skaitytaknyga.lt\/en\/wp-json\/wp\/v2\/product_tag?post=17806"}],"curies":[{"name":"wp","href":"https:\/\/api.w.org\/{rel}","templated":true}]}}