{"id":17804,"date":"2025-04-15T11:24:05","date_gmt":"2025-04-15T08:24:05","guid":{"rendered":"https:\/\/skaitytaknyga.lt\/?post_type=product&#038;p=17804"},"modified":"2025-09-19T08:28:51","modified_gmt":"2025-09-19T05:28:51","slug":"pirmykste-moteris-urvinio-lokio-gentis","status":"publish","type":"product","link":"https:\/\/skaitytaknyga.lt\/en\/produktas\/pirmykste-moteris-urvinio-lokio-gentis\/","title":{"rendered":"Pirmyk\u0161t\u0117 moteris: Urvinio lokio gentis"},"content":{"rendered":"<div>\n<p>\u017dem\u0117s dreb\u0117jimas palieka ma\u017e\u0105j\u0105 Ail\u0105 vien\u0105 prie\u0161istorin\u0117je girioje. Taip j\u0105, klajojan\u010di\u0105, i\u0161bad\u0117jusi\u0105, urvinio li\u016bto su\u017eeist\u0105, aptinka Urvinio lokio genties \u017emon\u0117s. Auk\u0161ta, \u0161viesiaplauk\u0117, m\u0117lynak\u0117 i\u0161 svetimos genties atrodo nesava ir nepatikima. Jei ne gydytoja Iza ir laimingai susiklos\u010diusios aplinkyb\u0117s, vaikas b\u016bt\u0173 paliktas mirti. Padedama glob\u0117jos mergait\u0117 i\u0161moksta neandertalie\u010di\u0173, bendraujan\u010di\u0173 daugiau gestais ir mimika, tradicij\u0173, elgesio norm\u0173, kalbos, o imlus protas pasitarnauja kasdien\u0117je kovoje d\u0117l i\u0161likimo. Ailos, kurios gyslomis teka pirm\u0173j\u0173 \u017emoni\u0173 kraujas, atsiradimas \u017eada nei\u0161vengiamas permainas, kelia Urvinio lokio gentaini\u0173 pagarb\u0105&#8230; ir neapykant\u0105.<\/p>\n<\/div>\n<div>\n<ul class=\"about-product d-none d-xl-block mt-4\">\n<li><strong>Autorius:<\/strong>\u00a0<a href=\"https:\/\/skaitytaknyga.lt\/?s=%C2%A0Jean+M.+Auel&#038;post_type=product&#038;dgwt_wcas=1\">Jean M. Auel<\/a><\/li>\n<li><strong>Leid\u0117jas<\/strong>\u00a0Obuolys<\/li>\n<li><strong>Metai:<\/strong>\u00a02012<\/li>\n<li><strong>Puslapiai:<\/strong>\u00a0608<\/li>\n<li class=\"toggleable type-new-formats \"><strong>ISBN :\u00a0<\/strong>9786094033391<\/li>\n<li><strong>Versijos kodas:<\/strong>\u00a0PT.<\/li>\n<li class=\"toggleable type-new-formats \"><strong>Formatas:<\/strong>\u00a014,2 x 23,4 cm, kieti vir\u0161eliai<\/li>\n<li><strong>Kalba:<\/strong>\u00a0Lietuvi\u0173<\/li>\n<li><strong>Vert\u0117jas:<\/strong>\u00a0Rasa Krulikauskien\u0117, Nomeda Berkuvien\u0117<\/li>\n<\/ul>\n<\/div>\n","protected":false},"excerpt":{"rendered":"<p>\u017dem\u0117s dreb\u0117jimas palieka ma\u017e\u0105j\u0105 Ail\u0105 vien\u0105 prie\u0161istorin\u0117je girioje. Taip j\u0105, klajojan\u010di\u0105, i\u0161bad\u0117jusi\u0105, urvinio li\u016bto su\u017eeist\u0105, aptinka Urvinio lokio genties \u017emon\u0117s. Auk\u0161ta, \u0161viesiaplauk\u0117, m\u0117lynak\u0117 i\u0161 svetimos genties atrodo nesava ir nepatikima. Jei ne gydytoja Iza ir laimingai susiklos\u010diusios aplinkyb\u0117s, vaikas b\u016bt\u0173 paliktas mirti. Padedama glob\u0117jos mergait\u0117 i\u0161moksta neandertalie\u010di\u0173, bendraujan\u010di\u0173 daugiau gestais ir mimika, tradicij\u0173, elgesio norm\u0173, kalbos, o imlus protas pasitarnauja kasdien\u0117je kovoje d\u0117l i\u0161likimo. Ailos, kurios gyslomis teka pirm\u0173j\u0173 \u017emoni\u0173 kraujas, atsiradimas \u017eada nei\u0161vengiamas permainas, kelia Urvinio lokio gentaini\u0173 pagarb\u0105&#8230; ir neapykant\u0105. Autorius:\u00a0Jean M. Auel Leid\u0117jas\u00a0Obuolys Metai:\u00a02012 Puslapiai:\u00a0608 ISBN :\u00a09786094033391 Versijos kodas:\u00a0PT. Formatas:\u00a014,2 x 23,4 cm, kieti vir\u0161eliai Kalba:\u00a0Lietuvi\u0173 Vert\u0117jas:\u00a0Rasa Krulikauskien\u0117, Nomeda Berkuvien\u0117<\/p>\n","protected":false},"featured_media":17808,"comment_status":"closed","ping_status":"closed","template":"","meta":{"_acf_changed":false,"site-sidebar-layout":"default","site-content-layout":"","ast-site-content-layout":"default","site-content-style":"default","site-sidebar-style":"default","ast-global-header-display":"","ast-banner-title-visibility":"","ast-main-header-display":"","ast-hfb-above-header-display":"","ast-hfb-below-header-display":"","ast-hfb-mobile-header-display":"","site-post-title":"","ast-breadcrumbs-content":"","ast-featured-img":"","footer-sml-layout":"","ast-disable-related-posts":"","theme-transparent-header-meta":"default","adv-header-id-meta":"","stick-header-meta":"","header-above-stick-meta":"","header-main-stick-meta":"","header-below-stick-meta":"","astra-migrate-meta-layouts":"set","ast-page-background-enabled":"default","ast-page-background-meta":{"desktop":{"background-color":"","background-image":"","background-repeat":"repeat","background-position":"center center","background-size":"auto","background-attachment":"scroll","background-type":"","background-media":"","overlay-type":"","overlay-color":"","overlay-opacity":"","overlay-gradient":""},"tablet":{"background-color":"","background-image":"","background-repeat":"repeat","background-position":"center center","background-size":"auto","background-attachment":"scroll","background-type":"","background-media":"","overlay-type":"","overlay-color":"","overlay-opacity":"","overlay-gradient":""},"mobile":{"background-color":"","background-image":"","background-repeat":"repeat","background-position":"center center","background-size":"auto","background-attachment":"scroll","background-type":"","background-media":"","overlay-type":"","overlay-color":"","overlay-opacity":"","overlay-gradient":""}},"ast-content-background-meta":{"desktop":{"background-color":"var(--ast-global-color-4)","background-image":"","background-repeat":"repeat","background-position":"center center","background-size":"auto","background-attachment":"scroll","background-type":"","background-media":"","overlay-type":"","overlay-color":"","overlay-opacity":"","overlay-gradient":""},"tablet":{"background-color":"var(--ast-global-color-4)","background-image":"","background-repeat":"repeat","background-position":"center center","background-size":"auto","background-attachment":"scroll","background-type":"","background-media":"","overlay-type":"","overlay-color":"","overlay-opacity":"","overlay-gradient":""},"mobile":{"background-color":"var(--ast-global-color-4)","background-image":"","background-repeat":"repeat","background-position":"center center","background-size":"auto","background-attachment":"scroll","background-type":"","background-media":"","overlay-type":"","overlay-color":"","overlay-opacity":"","overlay-gradient":""}}},"product_brand":[],"product_cat":[31],"product_tag":[3536,3537,3533,3532,3534,3535],"class_list":{"0":"post-17804","1":"product","2":"type-product","3":"status-publish","4":"has-post-thumbnail","6":"product_cat-grozine-literatura","7":"product_tag-gentis","8":"product_tag-islikimas","9":"product_tag-istorinis","10":"product_tag-jean-m-auel","11":"product_tag-priesistore","12":"product_tag-priesistorine-moteris","13":"desktop-align-left","14":"tablet-align-left","15":"mobile-align-left","17":"first","18":"instock","19":"shipping-taxable","20":"purchasable","21":"product-type-simple"},"acf":[],"yoast_head":"<!-- This site is optimized with the Yoast SEO plugin v27.0 - https:\/\/yoast.com\/product\/yoast-seo-wordpress\/ -->\n<title>Pirmyk\u0161t\u0117 moteris: Urvinio lokio gentis<\/title>\n<meta name=\"description\" content=\"\u017dem\u0117s dreb\u0117jimas palieka ma\u017e\u0105j\u0105 Ail\u0105 vien\u0105 prie\u0161istorin\u0117je girioje. Taip j\u0105, klajojan\u010di\u0105, i\u0161bad\u0117jusi\u0105, urvinio li\u016bto su\u017eeist\u0105, aptinka Urvinio lokio\" \/>\n<meta name=\"robots\" content=\"index, follow, max-snippet:-1, max-image-preview:large, max-video-preview:-1\" \/>\n<link rel=\"canonical\" href=\"https:\/\/skaitytaknyga.lt\/en\/produktas\/pirmykste-moteris-urvinio-lokio-gentis\/\" \/>\n<meta property=\"og:locale\" content=\"en_GB\" \/>\n<meta property=\"og:locale:alternate\" content=\"lt_LT\" \/>\n<meta property=\"og:type\" content=\"article\" \/>\n<meta property=\"og:title\" content=\"Pirmyk\u0161t\u0117 moteris: Urvinio lokio gentis\" \/>\n<meta property=\"og:description\" content=\"\u017dem\u0117s dreb\u0117jimas palieka ma\u017e\u0105j\u0105 Ail\u0105 vien\u0105 prie\u0161istorin\u0117je girioje. Taip j\u0105, klajojan\u010di\u0105, i\u0161bad\u0117jusi\u0105, urvinio li\u016bto su\u017eeist\u0105, aptinka Urvinio lokio\" \/>\n<meta property=\"og:url\" content=\"https:\/\/skaitytaknyga.lt\/en\/produktas\/pirmykste-moteris-urvinio-lokio-gentis\/\" \/>\n<meta property=\"og:site_name\" content=\"Skaitytaknyga\" \/>\n<meta property=\"article:publisher\" content=\"https:\/\/www.facebook.com\/skaitytaknyga\/\" \/>\n<meta property=\"article:modified_time\" content=\"2025-09-19T05:28:51+00:00\" \/>\n<meta property=\"og:image\" content=\"https:\/\/skaitytaknyga.lt\/wp-content\/uploads\/2025\/04\/Pirmykste-moteris-Urvinio-lokio-gentis.webp\" \/>\n\t<meta property=\"og:image:width\" content=\"491\" \/>\n\t<meta property=\"og:image:height\" content=\"800\" \/>\n\t<meta property=\"og:image:type\" content=\"image\/webp\" \/>\n<meta name=\"twitter:card\" content=\"summary_large_image\" \/>\n<meta name=\"twitter:label1\" content=\"Estimated reading time\" \/>\n\t<meta name=\"twitter:data1\" content=\"1 minute\" \/>\n<script type=\"application\/ld+json\" class=\"yoast-schema-graph\">{\"@context\":\"https:\/\/schema.org\",\"@graph\":[{\"@type\":\"WebPage\",\"@id\":\"https:\/\/skaitytaknyga.lt\/produktas\/pirmykste-moteris-urvinio-lokio-gentis\/\",\"url\":\"https:\/\/skaitytaknyga.lt\/produktas\/pirmykste-moteris-urvinio-lokio-gentis\/\",\"name\":\"Pirmyk\u0161t\u0117 moteris: Urvinio lokio gentis\",\"isPartOf\":{\"@id\":\"https:\/\/skaitytaknyga.lt\/#website\"},\"primaryImageOfPage\":{\"@id\":\"https:\/\/skaitytaknyga.lt\/produktas\/pirmykste-moteris-urvinio-lokio-gentis\/#primaryimage\"},\"image\":{\"@id\":\"https:\/\/skaitytaknyga.lt\/produktas\/pirmykste-moteris-urvinio-lokio-gentis\/#primaryimage\"},\"thumbnailUrl\":\"https:\/\/skaitytaknyga.lt\/wp-content\/uploads\/2025\/04\/Pirmykste-moteris-Urvinio-lokio-gentis.webp\",\"datePublished\":\"2025-04-15T08:24:05+00:00\",\"dateModified\":\"2025-09-19T05:28:51+00:00\",\"description\":\"\u017dem\u0117s dreb\u0117jimas palieka ma\u017e\u0105j\u0105 Ail\u0105 vien\u0105 prie\u0161istorin\u0117je girioje. Taip j\u0105, klajojan\u010di\u0105, i\u0161bad\u0117jusi\u0105, urvinio li\u016bto su\u017eeist\u0105, aptinka Urvinio lokio\",\"breadcrumb\":{\"@id\":\"https:\/\/skaitytaknyga.lt\/produktas\/pirmykste-moteris-urvinio-lokio-gentis\/#breadcrumb\"},\"inLanguage\":\"en-GB\",\"potentialAction\":[{\"@type\":\"ReadAction\",\"target\":[\"https:\/\/skaitytaknyga.lt\/produktas\/pirmykste-moteris-urvinio-lokio-gentis\/\"]}]},{\"@type\":\"ImageObject\",\"inLanguage\":\"en-GB\",\"@id\":\"https:\/\/skaitytaknyga.lt\/produktas\/pirmykste-moteris-urvinio-lokio-gentis\/#primaryimage\",\"url\":\"https:\/\/skaitytaknyga.lt\/wp-content\/uploads\/2025\/04\/Pirmykste-moteris-Urvinio-lokio-gentis.webp\",\"contentUrl\":\"https:\/\/skaitytaknyga.lt\/wp-content\/uploads\/2025\/04\/Pirmykste-moteris-Urvinio-lokio-gentis.webp\",\"width\":491,\"height\":800,\"caption\":\"Pirmyk\u0161t\u0117 moteris: Urvinio lokio gentis\"},{\"@type\":\"BreadcrumbList\",\"@id\":\"https:\/\/skaitytaknyga.lt\/produktas\/pirmykste-moteris-urvinio-lokio-gentis\/#breadcrumb\",\"itemListElement\":[{\"@type\":\"ListItem\",\"position\":1,\"name\":\"Home\",\"item\":\"https:\/\/skaitytaknyga.lt\/\"},{\"@type\":\"ListItem\",\"position\":2,\"name\":\"Parduotuv\u0117\",\"item\":\"https:\/\/skaitytaknyga.lt\/knygu-parduotuve\/\"},{\"@type\":\"ListItem\",\"position\":3,\"name\":\"Pirmyk\u0161t\u0117 moteris: Urvinio lokio gentis\"}]},{\"@type\":\"WebSite\",\"@id\":\"https:\/\/skaitytaknyga.lt\/#website\",\"url\":\"https:\/\/skaitytaknyga.lt\/\",\"name\":\"skaitytaknyga.lt\",\"description\":\"Skaitytaknyga.lt \u2013 tai ma\u017eas \u0161eimos verslas, kuris prasid\u0117jo nuo meil\u0117s knygoms ir siekio i\u0161gelb\u0117ti knygas nuo likimo prie konteinerio. Kas vienam nereikalingas daiktas \u2013 kitam lobis, o mes esame tarpininkai, kurie padeda abiems tapti laimingesniems ???? \u017dinome kaip nelengva i\u0161gyventi ma\u017eiems verslams, tad nuo \u0161iol, \u010dia rasite ir kit\u0173, ma\u017e\u0173 \u0161eim\u0173 versl\u0173, rank\u0173 darbo, dovan\u0173 sau ir artimiesiems.\",\"publisher\":{\"@id\":\"https:\/\/skaitytaknyga.lt\/#organization\"},\"potentialAction\":[{\"@type\":\"SearchAction\",\"target\":{\"@type\":\"EntryPoint\",\"urlTemplate\":\"https:\/\/skaitytaknyga.lt\/?s={search_term_string}\"},\"query-input\":{\"@type\":\"PropertyValueSpecification\",\"valueRequired\":true,\"valueName\":\"search_term_string\"}}],\"inLanguage\":\"en-GB\"},{\"@type\":\"Organization\",\"@id\":\"https:\/\/skaitytaknyga.lt\/#organization\",\"name\":\"skaitytaknyga.lt\",\"url\":\"https:\/\/skaitytaknyga.lt\/\",\"logo\":{\"@type\":\"ImageObject\",\"inLanguage\":\"en-GB\",\"@id\":\"https:\/\/skaitytaknyga.lt\/#\/schema\/logo\/image\/\",\"url\":\"https:\/\/skaitytaknyga.lt\/wp-content\/uploads\/2024\/05\/cropped-cropped-cropped-02_00843_jt3bggkj1j3HLc7SyY6rEUpg.jpeg\",\"contentUrl\":\"https:\/\/skaitytaknyga.lt\/wp-content\/uploads\/2024\/05\/cropped-cropped-cropped-02_00843_jt3bggkj1j3HLc7SyY6rEUpg.jpeg\",\"width\":1600,\"height\":1600,\"caption\":\"skaitytaknyga.lt\"},\"image\":{\"@id\":\"https:\/\/skaitytaknyga.lt\/#\/schema\/logo\/image\/\"},\"sameAs\":[\"https:\/\/www.facebook.com\/skaitytaknyga\/\"]}]}<\/script>\n<!-- \/ Yoast SEO plugin. -->","yoast_head_json":{"title":"Pirmyk\u0161t\u0117 moteris: Urvinio lokio gentis","description":"\u017dem\u0117s dreb\u0117jimas palieka ma\u017e\u0105j\u0105 Ail\u0105 vien\u0105 prie\u0161istorin\u0117je girioje. Taip j\u0105, klajojan\u010di\u0105, i\u0161bad\u0117jusi\u0105, urvinio li\u016bto su\u017eeist\u0105, aptinka Urvinio lokio","robots":{"index":"index","follow":"follow","max-snippet":"max-snippet:-1","max-image-preview":"max-image-preview:large","max-video-preview":"max-video-preview:-1"},"canonical":"https:\/\/skaitytaknyga.lt\/en\/produktas\/pirmykste-moteris-urvinio-lokio-gentis\/","og_locale":"en_GB","og_type":"article","og_title":"[:lt]Pirmyk\u0161t\u0117 moteris: Urvinio lokio gentis[:] - Skaitytaknyga","og_description":"\u017dem\u0117s dreb\u0117jimas palieka ma\u017e\u0105j\u0105 Ail\u0105 vien\u0105 prie\u0161istorin\u0117je girioje. Taip j\u0105, klajojan\u010di\u0105, i\u0161bad\u0117jusi\u0105, urvinio li\u016bto su\u017eeist\u0105, aptinka Urvinio lokio","og_url":"https:\/\/skaitytaknyga.lt\/en\/produktas\/pirmykste-moteris-urvinio-lokio-gentis\/","og_site_name":"Skaitytaknyga","article_publisher":"https:\/\/www.facebook.com\/skaitytaknyga\/","article_modified_time":"2025-09-19T05:28:51+00:00","og_image":[{"width":491,"height":800,"url":"https:\/\/skaitytaknyga.lt\/wp-content\/uploads\/2025\/04\/Pirmykste-moteris-Urvinio-lokio-gentis.webp","type":"image\/webp"}],"twitter_card":"summary_large_image","twitter_misc":{"Estimated reading time":"1 minute"},"schema":{"@context":"https:\/\/schema.org","@graph":[{"@type":"WebPage","@id":"https:\/\/skaitytaknyga.lt\/produktas\/pirmykste-moteris-urvinio-lokio-gentis\/","url":"https:\/\/skaitytaknyga.lt\/produktas\/pirmykste-moteris-urvinio-lokio-gentis\/","name":"Pirmyk\u0161t\u0117 moteris: Urvinio lokio gentis","isPartOf":{"@id":"https:\/\/skaitytaknyga.lt\/#website"},"primaryImageOfPage":{"@id":"https:\/\/skaitytaknyga.lt\/produktas\/pirmykste-moteris-urvinio-lokio-gentis\/#primaryimage"},"image":{"@id":"https:\/\/skaitytaknyga.lt\/produktas\/pirmykste-moteris-urvinio-lokio-gentis\/#primaryimage"},"thumbnailUrl":"https:\/\/skaitytaknyga.lt\/wp-content\/uploads\/2025\/04\/Pirmykste-moteris-Urvinio-lokio-gentis.webp","datePublished":"2025-04-15T08:24:05+00:00","dateModified":"2025-09-19T05:28:51+00:00","description":"\u017dem\u0117s dreb\u0117jimas palieka ma\u017e\u0105j\u0105 Ail\u0105 vien\u0105 prie\u0161istorin\u0117je girioje. Taip j\u0105, klajojan\u010di\u0105, i\u0161bad\u0117jusi\u0105, urvinio li\u016bto su\u017eeist\u0105, aptinka Urvinio lokio","breadcrumb":{"@id":"https:\/\/skaitytaknyga.lt\/produktas\/pirmykste-moteris-urvinio-lokio-gentis\/#breadcrumb"},"inLanguage":"en-GB","potentialAction":[{"@type":"ReadAction","target":["https:\/\/skaitytaknyga.lt\/produktas\/pirmykste-moteris-urvinio-lokio-gentis\/"]}]},{"@type":"ImageObject","inLanguage":"en-GB","@id":"https:\/\/skaitytaknyga.lt\/produktas\/pirmykste-moteris-urvinio-lokio-gentis\/#primaryimage","url":"https:\/\/skaitytaknyga.lt\/wp-content\/uploads\/2025\/04\/Pirmykste-moteris-Urvinio-lokio-gentis.webp","contentUrl":"https:\/\/skaitytaknyga.lt\/wp-content\/uploads\/2025\/04\/Pirmykste-moteris-Urvinio-lokio-gentis.webp","width":491,"height":800,"caption":"Pirmyk\u0161t\u0117 moteris: Urvinio lokio gentis"},{"@type":"BreadcrumbList","@id":"https:\/\/skaitytaknyga.lt\/produktas\/pirmykste-moteris-urvinio-lokio-gentis\/#breadcrumb","itemListElement":[{"@type":"ListItem","position":1,"name":"Home","item":"https:\/\/skaitytaknyga.lt\/"},{"@type":"ListItem","position":2,"name":"Parduotuv\u0117","item":"https:\/\/skaitytaknyga.lt\/knygu-parduotuve\/"},{"@type":"ListItem","position":3,"name":"Pirmyk\u0161t\u0117 moteris: Urvinio lokio gentis"}]},{"@type":"WebSite","@id":"https:\/\/skaitytaknyga.lt\/#website","url":"https:\/\/skaitytaknyga.lt\/","name":"skaitytaknyga.lt","description":"Skaitytaknyga.lt \u2013 tai ma\u017eas \u0161eimos verslas, kuris prasid\u0117jo nuo meil\u0117s knygoms ir siekio i\u0161gelb\u0117ti knygas nuo likimo prie konteinerio. Kas vienam nereikalingas daiktas \u2013 kitam lobis, o mes esame tarpininkai, kurie padeda abiems tapti laimingesniems ???? \u017dinome kaip nelengva i\u0161gyventi ma\u017eiems verslams, tad nuo \u0161iol, \u010dia rasite ir kit\u0173, ma\u017e\u0173 \u0161eim\u0173 versl\u0173, rank\u0173 darbo, dovan\u0173 sau ir artimiesiems.","publisher":{"@id":"https:\/\/skaitytaknyga.lt\/#organization"},"potentialAction":[{"@type":"SearchAction","target":{"@type":"EntryPoint","urlTemplate":"https:\/\/skaitytaknyga.lt\/?s={search_term_string}"},"query-input":{"@type":"PropertyValueSpecification","valueRequired":true,"valueName":"search_term_string"}}],"inLanguage":"en-GB"},{"@type":"Organization","@id":"https:\/\/skaitytaknyga.lt\/#organization","name":"skaitytaknyga.lt","url":"https:\/\/skaitytaknyga.lt\/","logo":{"@type":"ImageObject","inLanguage":"en-GB","@id":"https:\/\/skaitytaknyga.lt\/#\/schema\/logo\/image\/","url":"https:\/\/skaitytaknyga.lt\/wp-content\/uploads\/2024\/05\/cropped-cropped-cropped-02_00843_jt3bggkj1j3HLc7SyY6rEUpg.jpeg","contentUrl":"https:\/\/skaitytaknyga.lt\/wp-content\/uploads\/2024\/05\/cropped-cropped-cropped-02_00843_jt3bggkj1j3HLc7SyY6rEUpg.jpeg","width":1600,"height":1600,"caption":"skaitytaknyga.lt"},"image":{"@id":"https:\/\/skaitytaknyga.lt\/#\/schema\/logo\/image\/"},"sameAs":["https:\/\/www.facebook.com\/skaitytaknyga\/"]}]}},"_links":{"self":[{"href":"https:\/\/skaitytaknyga.lt\/en\/wp-json\/wp\/v2\/product\/17804","targetHints":{"allow":["GET"]}}],"collection":[{"href":"https:\/\/skaitytaknyga.lt\/en\/wp-json\/wp\/v2\/product"}],"about":[{"href":"https:\/\/skaitytaknyga.lt\/en\/wp-json\/wp\/v2\/types\/product"}],"replies":[{"embeddable":true,"href":"https:\/\/skaitytaknyga.lt\/en\/wp-json\/wp\/v2\/comments?post=17804"}],"wp:featuredmedia":[{"embeddable":true,"href":"https:\/\/skaitytaknyga.lt\/en\/wp-json\/wp\/v2\/media\/17808"}],"wp:attachment":[{"href":"https:\/\/skaitytaknyga.lt\/en\/wp-json\/wp\/v2\/media?parent=17804"}],"wp:term":[{"taxonomy":"product_brand","embeddable":true,"href":"https:\/\/skaitytaknyga.lt\/en\/wp-json\/wp\/v2\/product_brand?post=17804"},{"taxonomy":"product_cat","embeddable":true,"href":"https:\/\/skaitytaknyga.lt\/en\/wp-json\/wp\/v2\/product_cat?post=17804"},{"taxonomy":"product_tag","embeddable":true,"href":"https:\/\/skaitytaknyga.lt\/en\/wp-json\/wp\/v2\/product_tag?post=17804"}],"curies":[{"name":"wp","href":"https:\/\/api.w.org\/{rel}","templated":true}]}}