{"id":17800,"date":"2025-04-15T10:40:37","date_gmt":"2025-04-15T07:40:37","guid":{"rendered":"https:\/\/skaitytaknyga.lt\/?post_type=product&#038;p=17800"},"modified":"2025-10-06T14:39:54","modified_gmt":"2025-10-06T11:39:54","slug":"sventasis-pranciskus-asyzietis","status":"publish","type":"product","link":"https:\/\/skaitytaknyga.lt\/en\/produktas\/sventasis-pranciskus-asyzietis\/","title":{"rendered":"\u0160ventasis Pranci\u0161kus Asy\u017eietis"},"content":{"rendered":"<p><strong>Marijos Sticco<\/strong>\u00a0(1891\u20131981) vardas Lietuvos skaitytojams yra naujas, nors apskritai lengviausiai atpa\u017e\u012fstamas kalbant kaip tik apie \u0161vent\u0105j\u012f Pranci\u0161k\u0173. \u0160ventosios \u0160irdies kataliki\u0161kojo universiteto Milane d\u0117stytoja paliko gaus\u0173 ra\u0161ytin\u012f palikim\u0105, kuriame i\u0161skirtin\u0119 viet\u0105 u\u017eima knyga \u0160ventasis Pranci\u0161kus Asy\u017eietis. \u0160iame biografiniame romane ra\u0161ytoja sugeba sud\u0117tingus dalykus perteikti su tam tikru lengvumu ir poetine i\u0161rai\u0161ka, autor\u0117 sumaniai apr\u0117pia plat\u0173 tematin\u012f lauk\u0105 ir istorin\u012f kult\u016brin\u012f kontekst\u0105, pateikia ry\u0161kius psichologinius veik\u0117j\u0173 portretus, o poskyr\u012f u\u017ebaigianti fraz\u0117 ar \u017eodis da\u017enai atrodo tarsi taiklus \u0161\u016bvis \u012f de\u0161imtuk\u0105.<\/p>\n<p>Yra kry\u017eius, bet dar n\u0117ra \u017emogaus, nukry\u017eiuoto kaip m\u016bs\u0173 Vie\u0161pats.<\/p>\n<p>Yra v\u0117liava, bet n\u0117ra v\u0117liavne\u0161io.<\/p>\n<p>Bus.<\/p>\n<ul class=\"about-product d-none d-xl-block mt-4\">\n<li><strong>Originalus pavadinimas:<\/strong>\u00a0San Francesco D&#8217;assisi<\/li>\n<li><strong>Autorius:<\/strong>\u00a0Maria Sticco<\/li>\n<li><strong>Leid\u0117jas<\/strong>\u00a0Katalik\u0173 pasaulio leidiniai<\/li>\n<li><strong>Metai:<\/strong>\u00a02020<\/li>\n<li><strong>Puslapiai:<\/strong>\u00a0328<\/li>\n<li class=\"toggleable type-new-formats \"><strong>ISBN :\u00a0<\/strong>9789955294306<\/li>\n<li><strong>Versijos kodas:<\/strong>\u00a04<\/li>\n<li class=\"toggleable type-new-formats \"><strong>Formatas:<\/strong>\u00a014,3 x 21 x 2,5 cm, mink\u0161ti vir\u0161eliai<\/li>\n<li><strong>Kalba:<\/strong>\u00a0Lietuvi\u0173<\/li>\n<li><strong>Vert\u0117jas:<\/strong>\u00a0Jogil\u0117 Teresa Ramonait\u0117<\/li>\n<\/ul>\n","protected":false},"excerpt":{"rendered":"<p>Marijos Sticco\u00a0(1891\u20131981) vardas Lietuvos skaitytojams yra naujas, nors apskritai lengviausiai atpa\u017e\u012fstamas kalbant kaip tik apie \u0161vent\u0105j\u012f Pranci\u0161k\u0173. \u0160ventosios \u0160irdies kataliki\u0161kojo universiteto Milane d\u0117stytoja paliko gaus\u0173 ra\u0161ytin\u012f palikim\u0105, kuriame i\u0161skirtin\u0119 viet\u0105 u\u017eima knyga \u0160ventasis Pranci\u0161kus Asy\u017eietis. \u0160iame biografiniame romane ra\u0161ytoja sugeba sud\u0117tingus dalykus perteikti su tam tikru lengvumu ir poetine i\u0161rai\u0161ka, autor\u0117 sumaniai apr\u0117pia plat\u0173 tematin\u012f lauk\u0105 ir istorin\u012f kult\u016brin\u012f kontekst\u0105, pateikia ry\u0161kius psichologinius veik\u0117j\u0173 portretus, o poskyr\u012f u\u017ebaigianti fraz\u0117 ar \u017eodis da\u017enai atrodo tarsi taiklus \u0161\u016bvis \u012f de\u0161imtuk\u0105. Yra kry\u017eius, bet dar n\u0117ra \u017emogaus, nukry\u017eiuoto kaip m\u016bs\u0173 Vie\u0161pats. Yra v\u0117liava, bet n\u0117ra v\u0117liavne\u0161io. Bus. Originalus pavadinimas:\u00a0San Francesco D&#8217;assisi Autorius:\u00a0Maria Sticco Leid\u0117jas\u00a0Katalik\u0173 pasaulio leidiniai Metai:\u00a02020 Puslapiai:\u00a0328 ISBN :\u00a09789955294306 Versijos kodas:\u00a04 Formatas:\u00a014,3 x 21 x 2,5 cm, mink\u0161ti vir\u0161eliai Kalba:\u00a0Lietuvi\u0173 Vert\u0117jas:\u00a0Jogil\u0117 Teresa Ramonait\u0117<\/p>\n","protected":false},"featured_media":17801,"comment_status":"open","ping_status":"closed","template":"","meta":{"_acf_changed":false,"site-sidebar-layout":"default","site-content-layout":"","ast-site-content-layout":"default","site-content-style":"default","site-sidebar-style":"default","ast-global-header-display":"","ast-banner-title-visibility":"","ast-main-header-display":"","ast-hfb-above-header-display":"","ast-hfb-below-header-display":"","ast-hfb-mobile-header-display":"","site-post-title":"","ast-breadcrumbs-content":"","ast-featured-img":"","footer-sml-layout":"","ast-disable-related-posts":"","theme-transparent-header-meta":"default","adv-header-id-meta":"","stick-header-meta":"","header-above-stick-meta":"","header-main-stick-meta":"","header-below-stick-meta":"","astra-migrate-meta-layouts":"set","ast-page-background-enabled":"default","ast-page-background-meta":{"desktop":{"background-color":"","background-image":"","background-repeat":"repeat","background-position":"center center","background-size":"auto","background-attachment":"scroll","background-type":"","background-media":"","overlay-type":"","overlay-color":"","overlay-opacity":"","overlay-gradient":""},"tablet":{"background-color":"","background-image":"","background-repeat":"repeat","background-position":"center center","background-size":"auto","background-attachment":"scroll","background-type":"","background-media":"","overlay-type":"","overlay-color":"","overlay-opacity":"","overlay-gradient":""},"mobile":{"background-color":"","background-image":"","background-repeat":"repeat","background-position":"center center","background-size":"auto","background-attachment":"scroll","background-type":"","background-media":"","overlay-type":"","overlay-color":"","overlay-opacity":"","overlay-gradient":""}},"ast-content-background-meta":{"desktop":{"background-color":"var(--ast-global-color-4)","background-image":"","background-repeat":"repeat","background-position":"center center","background-size":"auto","background-attachment":"scroll","background-type":"","background-media":"","overlay-type":"","overlay-color":"","overlay-opacity":"","overlay-gradient":""},"tablet":{"background-color":"var(--ast-global-color-4)","background-image":"","background-repeat":"repeat","background-position":"center center","background-size":"auto","background-attachment":"scroll","background-type":"","background-media":"","overlay-type":"","overlay-color":"","overlay-opacity":"","overlay-gradient":""},"mobile":{"background-color":"var(--ast-global-color-4)","background-image":"","background-repeat":"repeat","background-position":"center center","background-size":"auto","background-attachment":"scroll","background-type":"","background-media":"","overlay-type":"","overlay-color":"","overlay-opacity":"","overlay-gradient":""}}},"product_brand":[],"product_cat":[15,165],"product_tag":[3579,3581,3580,3578,3573,3576,3577],"class_list":{"0":"post-17800","1":"product","2":"type-product","3":"status-publish","4":"has-post-thumbnail","6":"product_cat-uncategorized","7":"product_cat-religija-filosofija-ir-ezoterika","8":"product_tag-3579","9":"product_tag-isbn-9789955294306","10":"product_tag-jogile-teresa-ramonaite","11":"product_tag-kataliku-pasaulio-leidiniai","12":"product_tag-lietuviu","13":"product_tag-maria-sticco","14":"product_tag-sventasis-pranciskus-asyzietis","15":"desktop-align-left","16":"tablet-align-left","17":"mobile-align-left","19":"first","20":"instock","21":"shipping-taxable","22":"purchasable","23":"product-type-simple"},"acf":[],"yoast_head":"<!-- This site is optimized with the Yoast SEO plugin v27.0 - https:\/\/yoast.com\/product\/yoast-seo-wordpress\/ -->\n<title>\u0160ventasis Pranci\u0161kus Asy\u017eietis<\/title>\n<meta name=\"description\" content=\"Marijos Sticco\u00a0(1891\u20131981) vardas Lietuvos skaitytojams yra naujas, nors apskritai lengviausiai atpa\u017e\u012fstamas kalbant kaip tik apie \u0161vent\u0105j\u012f Pranci\u0161k\u0173.\" \/>\n<meta name=\"robots\" content=\"index, follow, max-snippet:-1, max-image-preview:large, max-video-preview:-1\" \/>\n<link rel=\"canonical\" href=\"https:\/\/skaitytaknyga.lt\/en\/produktas\/sventasis-pranciskus-asyzietis\/\" \/>\n<meta property=\"og:locale\" content=\"en_GB\" \/>\n<meta property=\"og:locale:alternate\" content=\"lt_LT\" \/>\n<meta property=\"og:type\" content=\"article\" \/>\n<meta property=\"og:title\" content=\"\u0160ventasis Pranci\u0161kus Asy\u017eietis\" \/>\n<meta property=\"og:description\" content=\"Marijos Sticco\u00a0(1891\u20131981) vardas Lietuvos skaitytojams yra naujas, nors apskritai lengviausiai atpa\u017e\u012fstamas kalbant kaip tik apie \u0161vent\u0105j\u012f Pranci\u0161k\u0173.\" \/>\n<meta property=\"og:url\" content=\"https:\/\/skaitytaknyga.lt\/en\/produktas\/sventasis-pranciskus-asyzietis\/\" \/>\n<meta property=\"og:site_name\" content=\"Skaitytaknyga\" \/>\n<meta property=\"article:publisher\" content=\"https:\/\/www.facebook.com\/skaitytaknyga\/\" \/>\n<meta property=\"article:modified_time\" content=\"2025-10-06T11:39:54+00:00\" \/>\n<meta property=\"og:image\" content=\"https:\/\/skaitytaknyga.lt\/wp-content\/uploads\/2025\/04\/Sventasis-Pranciskus-Asyzietis.webp\" \/>\n\t<meta property=\"og:image:width\" content=\"400\" \/>\n\t<meta property=\"og:image:height\" content=\"640\" \/>\n\t<meta property=\"og:image:type\" content=\"image\/webp\" \/>\n<meta name=\"twitter:card\" content=\"summary_large_image\" \/>\n<meta name=\"twitter:label1\" content=\"Estimated reading time\" \/>\n\t<meta name=\"twitter:data1\" content=\"1 minute\" \/>\n<script type=\"application\/ld+json\" class=\"yoast-schema-graph\">{\"@context\":\"https:\/\/schema.org\",\"@graph\":[{\"@type\":\"WebPage\",\"@id\":\"https:\/\/skaitytaknyga.lt\/produktas\/sventasis-pranciskus-asyzietis\/\",\"url\":\"https:\/\/skaitytaknyga.lt\/produktas\/sventasis-pranciskus-asyzietis\/\",\"name\":\"\u0160ventasis Pranci\u0161kus Asy\u017eietis\",\"isPartOf\":{\"@id\":\"https:\/\/skaitytaknyga.lt\/#website\"},\"primaryImageOfPage\":{\"@id\":\"https:\/\/skaitytaknyga.lt\/produktas\/sventasis-pranciskus-asyzietis\/#primaryimage\"},\"image\":{\"@id\":\"https:\/\/skaitytaknyga.lt\/produktas\/sventasis-pranciskus-asyzietis\/#primaryimage\"},\"thumbnailUrl\":\"https:\/\/skaitytaknyga.lt\/wp-content\/uploads\/2025\/04\/Sventasis-Pranciskus-Asyzietis.webp\",\"datePublished\":\"2025-04-15T07:40:37+00:00\",\"dateModified\":\"2025-10-06T11:39:54+00:00\",\"description\":\"Marijos Sticco\u00a0(1891\u20131981) vardas Lietuvos skaitytojams yra naujas, nors apskritai lengviausiai atpa\u017e\u012fstamas kalbant kaip tik apie \u0161vent\u0105j\u012f Pranci\u0161k\u0173.\",\"breadcrumb\":{\"@id\":\"https:\/\/skaitytaknyga.lt\/produktas\/sventasis-pranciskus-asyzietis\/#breadcrumb\"},\"inLanguage\":\"en-GB\",\"potentialAction\":[{\"@type\":\"ReadAction\",\"target\":[\"https:\/\/skaitytaknyga.lt\/produktas\/sventasis-pranciskus-asyzietis\/\"]}]},{\"@type\":\"ImageObject\",\"inLanguage\":\"en-GB\",\"@id\":\"https:\/\/skaitytaknyga.lt\/produktas\/sventasis-pranciskus-asyzietis\/#primaryimage\",\"url\":\"https:\/\/skaitytaknyga.lt\/wp-content\/uploads\/2025\/04\/Sventasis-Pranciskus-Asyzietis.webp\",\"contentUrl\":\"https:\/\/skaitytaknyga.lt\/wp-content\/uploads\/2025\/04\/Sventasis-Pranciskus-Asyzietis.webp\",\"width\":400,\"height\":640,\"caption\":\"\u0160ventasis Pranci\u0161kus Asy\u017eietis\"},{\"@type\":\"BreadcrumbList\",\"@id\":\"https:\/\/skaitytaknyga.lt\/produktas\/sventasis-pranciskus-asyzietis\/#breadcrumb\",\"itemListElement\":[{\"@type\":\"ListItem\",\"position\":1,\"name\":\"Home\",\"item\":\"https:\/\/skaitytaknyga.lt\/\"},{\"@type\":\"ListItem\",\"position\":2,\"name\":\"Parduotuv\u0117\",\"item\":\"https:\/\/skaitytaknyga.lt\/knygu-parduotuve\/\"},{\"@type\":\"ListItem\",\"position\":3,\"name\":\"\u0160ventasis Pranci\u0161kus Asy\u017eietis\"}]},{\"@type\":\"WebSite\",\"@id\":\"https:\/\/skaitytaknyga.lt\/#website\",\"url\":\"https:\/\/skaitytaknyga.lt\/\",\"name\":\"skaitytaknyga.lt\",\"description\":\"Skaitytaknyga.lt \u2013 tai ma\u017eas \u0161eimos verslas, kuris prasid\u0117jo nuo meil\u0117s knygoms ir siekio i\u0161gelb\u0117ti knygas nuo likimo prie konteinerio. Kas vienam nereikalingas daiktas \u2013 kitam lobis, o mes esame tarpininkai, kurie padeda abiems tapti laimingesniems ???? \u017dinome kaip nelengva i\u0161gyventi ma\u017eiems verslams, tad nuo \u0161iol, \u010dia rasite ir kit\u0173, ma\u017e\u0173 \u0161eim\u0173 versl\u0173, rank\u0173 darbo, dovan\u0173 sau ir artimiesiems.\",\"publisher\":{\"@id\":\"https:\/\/skaitytaknyga.lt\/#organization\"},\"potentialAction\":[{\"@type\":\"SearchAction\",\"target\":{\"@type\":\"EntryPoint\",\"urlTemplate\":\"https:\/\/skaitytaknyga.lt\/?s={search_term_string}\"},\"query-input\":{\"@type\":\"PropertyValueSpecification\",\"valueRequired\":true,\"valueName\":\"search_term_string\"}}],\"inLanguage\":\"en-GB\"},{\"@type\":\"Organization\",\"@id\":\"https:\/\/skaitytaknyga.lt\/#organization\",\"name\":\"skaitytaknyga.lt\",\"url\":\"https:\/\/skaitytaknyga.lt\/\",\"logo\":{\"@type\":\"ImageObject\",\"inLanguage\":\"en-GB\",\"@id\":\"https:\/\/skaitytaknyga.lt\/#\/schema\/logo\/image\/\",\"url\":\"https:\/\/skaitytaknyga.lt\/wp-content\/uploads\/2024\/05\/cropped-cropped-cropped-02_00843_jt3bggkj1j3HLc7SyY6rEUpg.jpeg\",\"contentUrl\":\"https:\/\/skaitytaknyga.lt\/wp-content\/uploads\/2024\/05\/cropped-cropped-cropped-02_00843_jt3bggkj1j3HLc7SyY6rEUpg.jpeg\",\"width\":1600,\"height\":1600,\"caption\":\"skaitytaknyga.lt\"},\"image\":{\"@id\":\"https:\/\/skaitytaknyga.lt\/#\/schema\/logo\/image\/\"},\"sameAs\":[\"https:\/\/www.facebook.com\/skaitytaknyga\/\"]}]}<\/script>\n<!-- \/ Yoast SEO plugin. -->","yoast_head_json":{"title":"\u0160ventasis Pranci\u0161kus Asy\u017eietis","description":"Marijos Sticco\u00a0(1891\u20131981) vardas Lietuvos skaitytojams yra naujas, nors apskritai lengviausiai atpa\u017e\u012fstamas kalbant kaip tik apie \u0161vent\u0105j\u012f Pranci\u0161k\u0173.","robots":{"index":"index","follow":"follow","max-snippet":"max-snippet:-1","max-image-preview":"max-image-preview:large","max-video-preview":"max-video-preview:-1"},"canonical":"https:\/\/skaitytaknyga.lt\/en\/produktas\/sventasis-pranciskus-asyzietis\/","og_locale":"en_GB","og_type":"article","og_title":"[:lt]\u0160ventasis Pranci\u0161kus Asy\u017eietis[:] - Skaitytaknyga","og_description":"Marijos Sticco\u00a0(1891\u20131981) vardas Lietuvos skaitytojams yra naujas, nors apskritai lengviausiai atpa\u017e\u012fstamas kalbant kaip tik apie \u0161vent\u0105j\u012f Pranci\u0161k\u0173.","og_url":"https:\/\/skaitytaknyga.lt\/en\/produktas\/sventasis-pranciskus-asyzietis\/","og_site_name":"Skaitytaknyga","article_publisher":"https:\/\/www.facebook.com\/skaitytaknyga\/","article_modified_time":"2025-10-06T11:39:54+00:00","og_image":[{"width":400,"height":640,"url":"https:\/\/skaitytaknyga.lt\/wp-content\/uploads\/2025\/04\/Sventasis-Pranciskus-Asyzietis.webp","type":"image\/webp"}],"twitter_card":"summary_large_image","twitter_misc":{"Estimated reading time":"1 minute"},"schema":{"@context":"https:\/\/schema.org","@graph":[{"@type":"WebPage","@id":"https:\/\/skaitytaknyga.lt\/produktas\/sventasis-pranciskus-asyzietis\/","url":"https:\/\/skaitytaknyga.lt\/produktas\/sventasis-pranciskus-asyzietis\/","name":"\u0160ventasis Pranci\u0161kus Asy\u017eietis","isPartOf":{"@id":"https:\/\/skaitytaknyga.lt\/#website"},"primaryImageOfPage":{"@id":"https:\/\/skaitytaknyga.lt\/produktas\/sventasis-pranciskus-asyzietis\/#primaryimage"},"image":{"@id":"https:\/\/skaitytaknyga.lt\/produktas\/sventasis-pranciskus-asyzietis\/#primaryimage"},"thumbnailUrl":"https:\/\/skaitytaknyga.lt\/wp-content\/uploads\/2025\/04\/Sventasis-Pranciskus-Asyzietis.webp","datePublished":"2025-04-15T07:40:37+00:00","dateModified":"2025-10-06T11:39:54+00:00","description":"Marijos Sticco\u00a0(1891\u20131981) vardas Lietuvos skaitytojams yra naujas, nors apskritai lengviausiai atpa\u017e\u012fstamas kalbant kaip tik apie \u0161vent\u0105j\u012f Pranci\u0161k\u0173.","breadcrumb":{"@id":"https:\/\/skaitytaknyga.lt\/produktas\/sventasis-pranciskus-asyzietis\/#breadcrumb"},"inLanguage":"en-GB","potentialAction":[{"@type":"ReadAction","target":["https:\/\/skaitytaknyga.lt\/produktas\/sventasis-pranciskus-asyzietis\/"]}]},{"@type":"ImageObject","inLanguage":"en-GB","@id":"https:\/\/skaitytaknyga.lt\/produktas\/sventasis-pranciskus-asyzietis\/#primaryimage","url":"https:\/\/skaitytaknyga.lt\/wp-content\/uploads\/2025\/04\/Sventasis-Pranciskus-Asyzietis.webp","contentUrl":"https:\/\/skaitytaknyga.lt\/wp-content\/uploads\/2025\/04\/Sventasis-Pranciskus-Asyzietis.webp","width":400,"height":640,"caption":"\u0160ventasis Pranci\u0161kus Asy\u017eietis"},{"@type":"BreadcrumbList","@id":"https:\/\/skaitytaknyga.lt\/produktas\/sventasis-pranciskus-asyzietis\/#breadcrumb","itemListElement":[{"@type":"ListItem","position":1,"name":"Home","item":"https:\/\/skaitytaknyga.lt\/"},{"@type":"ListItem","position":2,"name":"Parduotuv\u0117","item":"https:\/\/skaitytaknyga.lt\/knygu-parduotuve\/"},{"@type":"ListItem","position":3,"name":"\u0160ventasis Pranci\u0161kus Asy\u017eietis"}]},{"@type":"WebSite","@id":"https:\/\/skaitytaknyga.lt\/#website","url":"https:\/\/skaitytaknyga.lt\/","name":"skaitytaknyga.lt","description":"Skaitytaknyga.lt \u2013 tai ma\u017eas \u0161eimos verslas, kuris prasid\u0117jo nuo meil\u0117s knygoms ir siekio i\u0161gelb\u0117ti knygas nuo likimo prie konteinerio. Kas vienam nereikalingas daiktas \u2013 kitam lobis, o mes esame tarpininkai, kurie padeda abiems tapti laimingesniems ???? \u017dinome kaip nelengva i\u0161gyventi ma\u017eiems verslams, tad nuo \u0161iol, \u010dia rasite ir kit\u0173, ma\u017e\u0173 \u0161eim\u0173 versl\u0173, rank\u0173 darbo, dovan\u0173 sau ir artimiesiems.","publisher":{"@id":"https:\/\/skaitytaknyga.lt\/#organization"},"potentialAction":[{"@type":"SearchAction","target":{"@type":"EntryPoint","urlTemplate":"https:\/\/skaitytaknyga.lt\/?s={search_term_string}"},"query-input":{"@type":"PropertyValueSpecification","valueRequired":true,"valueName":"search_term_string"}}],"inLanguage":"en-GB"},{"@type":"Organization","@id":"https:\/\/skaitytaknyga.lt\/#organization","name":"skaitytaknyga.lt","url":"https:\/\/skaitytaknyga.lt\/","logo":{"@type":"ImageObject","inLanguage":"en-GB","@id":"https:\/\/skaitytaknyga.lt\/#\/schema\/logo\/image\/","url":"https:\/\/skaitytaknyga.lt\/wp-content\/uploads\/2024\/05\/cropped-cropped-cropped-02_00843_jt3bggkj1j3HLc7SyY6rEUpg.jpeg","contentUrl":"https:\/\/skaitytaknyga.lt\/wp-content\/uploads\/2024\/05\/cropped-cropped-cropped-02_00843_jt3bggkj1j3HLc7SyY6rEUpg.jpeg","width":1600,"height":1600,"caption":"skaitytaknyga.lt"},"image":{"@id":"https:\/\/skaitytaknyga.lt\/#\/schema\/logo\/image\/"},"sameAs":["https:\/\/www.facebook.com\/skaitytaknyga\/"]}]}},"_links":{"self":[{"href":"https:\/\/skaitytaknyga.lt\/en\/wp-json\/wp\/v2\/product\/17800","targetHints":{"allow":["GET"]}}],"collection":[{"href":"https:\/\/skaitytaknyga.lt\/en\/wp-json\/wp\/v2\/product"}],"about":[{"href":"https:\/\/skaitytaknyga.lt\/en\/wp-json\/wp\/v2\/types\/product"}],"replies":[{"embeddable":true,"href":"https:\/\/skaitytaknyga.lt\/en\/wp-json\/wp\/v2\/comments?post=17800"}],"wp:featuredmedia":[{"embeddable":true,"href":"https:\/\/skaitytaknyga.lt\/en\/wp-json\/wp\/v2\/media\/17801"}],"wp:attachment":[{"href":"https:\/\/skaitytaknyga.lt\/en\/wp-json\/wp\/v2\/media?parent=17800"}],"wp:term":[{"taxonomy":"product_brand","embeddable":true,"href":"https:\/\/skaitytaknyga.lt\/en\/wp-json\/wp\/v2\/product_brand?post=17800"},{"taxonomy":"product_cat","embeddable":true,"href":"https:\/\/skaitytaknyga.lt\/en\/wp-json\/wp\/v2\/product_cat?post=17800"},{"taxonomy":"product_tag","embeddable":true,"href":"https:\/\/skaitytaknyga.lt\/en\/wp-json\/wp\/v2\/product_tag?post=17800"}],"curies":[{"name":"wp","href":"https:\/\/api.w.org\/{rel}","templated":true}]}}