{"id":17798,"date":"2025-04-15T10:35:35","date_gmt":"2025-04-15T07:35:35","guid":{"rendered":"https:\/\/skaitytaknyga.lt\/?post_type=product&#038;p=17798"},"modified":"2026-01-27T12:49:43","modified_gmt":"2026-01-27T10:49:43","slug":"uzdraustoji-knyga","status":"publish","type":"product","link":"https:\/\/skaitytaknyga.lt\/en\/produktas\/uzdraustoji-knyga\/","title":{"rendered":"U\u017edraustoji knyga"},"content":{"rendered":"<p>Tai \u2013 pati svarbiausia ir paskutin\u0117 Levo Tolstojaus knyga, trij\u0173 paskutini\u0173 jo gyvenimo de\u0161imtme\u010di\u0173 apm\u0105stym\u0173 rezultatas, u\u017edraustas ir nei\u0161leistas Rusijoje. J\u016bs\u0173 rankose \u2013 pirmas lietuvi\u0161kas leidimas, vis dar toks pat aktualus (o gal net svarbesnis!) kaip ir 1894-aisiais, kai pirm\u0105syk buvo i\u0161leistas Vokietijoje.<\/p>\n<div>\n<p>Kas \u0161ioji knyga, \u012fkv\u0117pusi Mohand\u0105 Gandh\u012f pasirinkti Taikos ir Tiesos keli\u0105? Kuo \u0161is k\u016brinys paker\u0117jo milijonus skaitytoj\u0173 visame pasaulyje, \u012fskaitant garsiausius XX a. m\u0105stytojus ir poky\u010di\u0173 \u0161auklius \u2013 Martin\u0105 Luther\u012f King\u0105, James\u0105 Lawson\u0105, Thich Nhat Hanh\u0105?<\/p>\n<\/div>\n<div>\n<p>U\u017edraustoji knyga, \u017einoma pavadinimu \u201eDievo karalyst\u0117 jumyse\u201c, anot Gandhio, yra \u201enepriklausomo m\u0105stymo, gilios moral\u0117s ir tiesos \u0161altinis\u201c. Tai \u2013 ne religinis traktatas, o filosofija, kuria reikia vadovautis gyvenime. XXI am\u017eiuje, kai pasaulis susiduria su gri\u016bvan\u010diomis santvarkomis ir sienomis, silpstan\u010diomis supervalstyb\u0117mis ir naujais tolerancijos i\u0161\u0161\u016bkiais, \u0161i knyga gali tapti kelrode \u017evaig\u017ede kitaip m\u0105stantiems ir poky\u010di\u0173 savo gyvenime i\u0161siilgusiems \u017emon\u0117ms.<\/p>\n<ul class=\"about-product d-none d-xl-block mt-4\">\n<li><strong>Autorius:<\/strong>\u00a0<a href=\"https:\/\/skaitytaknyga.lt\/?s=%C2%A0Lev+Tolstoj&#038;post_type=product&#038;dgwt_wcas=1\">Lev Tolstoj<\/a><\/li>\n<li><strong>Leid\u0117jas<\/strong>\u00a0Obuolys<\/li>\n<li><strong>Metai:<\/strong>\u00a02016<\/li>\n<li><strong>Puslapiai:<\/strong>\u00a0432<\/li>\n<li class=\"toggleable type-new-formats \"><strong>ISBN :\u00a0<\/strong>9786094840357<\/li>\n<li><strong>Prek\u0117s kodas:<\/strong>\u00a09786090400944<\/li>\n<li><strong>Versijos kodas:<\/strong>\u00a0PT.<\/li>\n<li class=\"toggleable type-new-formats \"><strong>Formatas:<\/strong>\u00a014 x 20,6 x 3,5 cm, kieti vir\u0161eliai<\/li>\n<li><strong>Kalba:<\/strong>\u00a0Lietuvi\u0173<\/li>\n<li><strong>Vert\u0117jas:<\/strong>\u00a0Irmina Domeikien\u0117<\/li>\n<li><strong>Knyg\u0173 serija:<\/strong>\u00a0Auksinis obuolys<\/li>\n<\/ul>\n<\/div>\n","protected":false},"excerpt":{"rendered":"<p>Tai \u2013 pati svarbiausia ir paskutin\u0117 Levo Tolstojaus knyga, trij\u0173 paskutini\u0173 jo gyvenimo de\u0161imtme\u010di\u0173 apm\u0105stym\u0173 rezultatas, u\u017edraustas ir nei\u0161leistas Rusijoje. J\u016bs\u0173 rankose \u2013 pirmas lietuvi\u0161kas leidimas, vis dar toks pat aktualus (o gal net svarbesnis!) kaip ir 1894-aisiais, kai pirm\u0105syk buvo i\u0161leistas Vokietijoje. Kas \u0161ioji knyga, \u012fkv\u0117pusi Mohand\u0105 Gandh\u012f pasirinkti Taikos ir Tiesos keli\u0105? Kuo \u0161is k\u016brinys paker\u0117jo milijonus skaitytoj\u0173 visame pasaulyje, \u012fskaitant garsiausius XX a. m\u0105stytojus ir poky\u010di\u0173 \u0161auklius \u2013 Martin\u0105 Luther\u012f King\u0105, James\u0105 Lawson\u0105, Thich Nhat Hanh\u0105? U\u017edraustoji knyga, \u017einoma pavadinimu \u201eDievo karalyst\u0117 jumyse\u201c, anot Gandhio, yra \u201enepriklausomo m\u0105stymo, gilios moral\u0117s ir tiesos \u0161altinis\u201c. Tai \u2013 ne religinis traktatas, o filosofija, kuria reikia vadovautis gyvenime. XXI am\u017eiuje, kai pasaulis susiduria su gri\u016bvan\u010diomis santvarkomis ir sienomis, silpstan\u010diomis supervalstyb\u0117mis ir naujais tolerancijos i\u0161\u0161\u016bkiais, \u0161i knyga gali tapti kelrode \u017evaig\u017ede kitaip m\u0105stantiems ir poky\u010di\u0173 savo gyvenime i\u0161siilgusiems \u017emon\u0117ms. Autorius:\u00a0Lev Tolstoj Leid\u0117jas\u00a0Obuolys Metai:\u00a02016 Puslapiai:\u00a0432 ISBN :\u00a09786094840357 Prek\u0117s kodas:\u00a09786090400944 Versijos kodas:\u00a0PT. Formatas:\u00a014 x 20,6 x 3,5 cm, kieti vir\u0161eliai Kalba:\u00a0Lietuvi\u0173 Vert\u0117jas:\u00a0Irmina Domeikien\u0117 Knyg\u0173 serija:\u00a0Auksinis obuolys<\/p>\n","protected":false},"featured_media":17799,"comment_status":"open","ping_status":"closed","template":"","meta":{"_acf_changed":false,"site-sidebar-layout":"default","site-content-layout":"","ast-site-content-layout":"default","site-content-style":"default","site-sidebar-style":"default","ast-global-header-display":"","ast-banner-title-visibility":"","ast-main-header-display":"","ast-hfb-above-header-display":"","ast-hfb-below-header-display":"","ast-hfb-mobile-header-display":"","site-post-title":"","ast-breadcrumbs-content":"","ast-featured-img":"","footer-sml-layout":"","ast-disable-related-posts":"","theme-transparent-header-meta":"default","adv-header-id-meta":"","stick-header-meta":"","header-above-stick-meta":"","header-main-stick-meta":"","header-below-stick-meta":"","astra-migrate-meta-layouts":"set","ast-page-background-enabled":"default","ast-page-background-meta":{"desktop":{"background-color":"","background-image":"","background-repeat":"repeat","background-position":"center center","background-size":"auto","background-attachment":"scroll","background-type":"","background-media":"","overlay-type":"","overlay-color":"","overlay-opacity":"","overlay-gradient":""},"tablet":{"background-color":"","background-image":"","background-repeat":"repeat","background-position":"center center","background-size":"auto","background-attachment":"scroll","background-type":"","background-media":"","overlay-type":"","overlay-color":"","overlay-opacity":"","overlay-gradient":""},"mobile":{"background-color":"","background-image":"","background-repeat":"repeat","background-position":"center center","background-size":"auto","background-attachment":"scroll","background-type":"","background-media":"","overlay-type":"","overlay-color":"","overlay-opacity":"","overlay-gradient":""}},"ast-content-background-meta":{"desktop":{"background-color":"var(--ast-global-color-4)","background-image":"","background-repeat":"repeat","background-position":"center center","background-size":"auto","background-attachment":"scroll","background-type":"","background-media":"","overlay-type":"","overlay-color":"","overlay-opacity":"","overlay-gradient":""},"tablet":{"background-color":"var(--ast-global-color-4)","background-image":"","background-repeat":"repeat","background-position":"center center","background-size":"auto","background-attachment":"scroll","background-type":"","background-media":"","overlay-type":"","overlay-color":"","overlay-opacity":"","overlay-gradient":""},"mobile":{"background-color":"var(--ast-global-color-4)","background-image":"","background-repeat":"repeat","background-position":"center center","background-size":"auto","background-attachment":"scroll","background-type":"","background-media":"","overlay-type":"","overlay-color":"","overlay-opacity":"","overlay-gradient":""}}},"product_brand":[],"product_cat":[31,15],"product_tag":[3571,3572,3574,3568,3573,3570,3569],"class_list":{"0":"post-17798","1":"product","2":"type-product","3":"status-publish","4":"has-post-thumbnail","6":"product_cat-grozine-literatura","7":"product_cat-uncategorized","8":"product_tag-3571","9":"product_tag-irmina-domeikiene","10":"product_tag-isbn-9786094840357","11":"product_tag-lev-tolstoj","12":"product_tag-lietuviu","13":"product_tag-obuolys","14":"product_tag-uzdraustoji-knyga","15":"desktop-align-left","16":"tablet-align-left","17":"mobile-align-left","19":"first","20":"instock","21":"shipping-taxable","22":"purchasable","23":"product-type-simple"},"acf":[],"yoast_head":"<!-- This site is optimized with the Yoast SEO plugin v27.0 - https:\/\/yoast.com\/product\/yoast-seo-wordpress\/ -->\n<title>U\u017edraustoji knyga<\/title>\n<meta name=\"description\" content=\"Tai \u2013 pati svarbiausia ir paskutin\u0117 Levo Tolstojaus knyga, trij\u0173 paskutini\u0173 jo gyvenimo de\u0161imtme\u010di\u0173 apm\u0105stym\u0173 rezultatas, u\u017edraustas ir nei\u0161leistas\" \/>\n<meta name=\"robots\" content=\"index, follow, max-snippet:-1, max-image-preview:large, max-video-preview:-1\" \/>\n<link rel=\"canonical\" href=\"https:\/\/skaitytaknyga.lt\/en\/produktas\/uzdraustoji-knyga\/\" \/>\n<meta property=\"og:locale\" content=\"en_GB\" \/>\n<meta property=\"og:locale:alternate\" content=\"lt_LT\" \/>\n<meta property=\"og:type\" content=\"article\" \/>\n<meta property=\"og:title\" content=\"U\u017edraustoji knyga\" \/>\n<meta property=\"og:description\" content=\"Tai \u2013 pati svarbiausia ir paskutin\u0117 Levo Tolstojaus knyga, trij\u0173 paskutini\u0173 jo gyvenimo de\u0161imtme\u010di\u0173 apm\u0105stym\u0173 rezultatas, u\u017edraustas ir nei\u0161leistas\" \/>\n<meta property=\"og:url\" content=\"https:\/\/skaitytaknyga.lt\/en\/produktas\/uzdraustoji-knyga\/\" \/>\n<meta property=\"og:site_name\" content=\"Skaitytaknyga\" \/>\n<meta property=\"article:publisher\" content=\"https:\/\/www.facebook.com\/skaitytaknyga\/\" \/>\n<meta property=\"article:modified_time\" content=\"2026-01-27T10:49:43+00:00\" \/>\n<meta property=\"og:image\" content=\"https:\/\/skaitytaknyga.lt\/wp-content\/uploads\/2025\/04\/uzdraustoji-knyga-e1744702577694.jpg\" \/>\n\t<meta property=\"og:image:width\" content=\"369\" \/>\n\t<meta property=\"og:image:height\" content=\"550\" \/>\n\t<meta property=\"og:image:type\" content=\"image\/jpeg\" \/>\n<meta name=\"twitter:card\" content=\"summary_large_image\" \/>\n<meta name=\"twitter:label1\" content=\"Estimated reading time\" \/>\n\t<meta name=\"twitter:data1\" content=\"2 minutes\" \/>\n<script type=\"application\/ld+json\" class=\"yoast-schema-graph\">{\"@context\":\"https:\/\/schema.org\",\"@graph\":[{\"@type\":\"WebPage\",\"@id\":\"https:\/\/skaitytaknyga.lt\/produktas\/uzdraustoji-knyga\/\",\"url\":\"https:\/\/skaitytaknyga.lt\/produktas\/uzdraustoji-knyga\/\",\"name\":\"U\u017edraustoji knyga\",\"isPartOf\":{\"@id\":\"https:\/\/skaitytaknyga.lt\/#website\"},\"primaryImageOfPage\":{\"@id\":\"https:\/\/skaitytaknyga.lt\/produktas\/uzdraustoji-knyga\/#primaryimage\"},\"image\":{\"@id\":\"https:\/\/skaitytaknyga.lt\/produktas\/uzdraustoji-knyga\/#primaryimage\"},\"thumbnailUrl\":\"https:\/\/skaitytaknyga.lt\/wp-content\/uploads\/2025\/04\/uzdraustoji-knyga-e1744702577694.jpg\",\"datePublished\":\"2025-04-15T07:35:35+00:00\",\"dateModified\":\"2026-01-27T10:49:43+00:00\",\"description\":\"Tai \u2013 pati svarbiausia ir paskutin\u0117 Levo Tolstojaus knyga, trij\u0173 paskutini\u0173 jo gyvenimo de\u0161imtme\u010di\u0173 apm\u0105stym\u0173 rezultatas, u\u017edraustas ir nei\u0161leistas\",\"breadcrumb\":{\"@id\":\"https:\/\/skaitytaknyga.lt\/produktas\/uzdraustoji-knyga\/#breadcrumb\"},\"inLanguage\":\"en-GB\",\"potentialAction\":[{\"@type\":\"ReadAction\",\"target\":[\"https:\/\/skaitytaknyga.lt\/produktas\/uzdraustoji-knyga\/\"]}]},{\"@type\":\"ImageObject\",\"inLanguage\":\"en-GB\",\"@id\":\"https:\/\/skaitytaknyga.lt\/produktas\/uzdraustoji-knyga\/#primaryimage\",\"url\":\"https:\/\/skaitytaknyga.lt\/wp-content\/uploads\/2025\/04\/uzdraustoji-knyga-e1744702577694.jpg\",\"contentUrl\":\"https:\/\/skaitytaknyga.lt\/wp-content\/uploads\/2025\/04\/uzdraustoji-knyga-e1744702577694.jpg\",\"width\":369,\"height\":550,\"caption\":\"U\u017edraustoji knyga\"},{\"@type\":\"BreadcrumbList\",\"@id\":\"https:\/\/skaitytaknyga.lt\/produktas\/uzdraustoji-knyga\/#breadcrumb\",\"itemListElement\":[{\"@type\":\"ListItem\",\"position\":1,\"name\":\"Home\",\"item\":\"https:\/\/skaitytaknyga.lt\/\"},{\"@type\":\"ListItem\",\"position\":2,\"name\":\"Parduotuv\u0117\",\"item\":\"https:\/\/skaitytaknyga.lt\/knygu-parduotuve\/\"},{\"@type\":\"ListItem\",\"position\":3,\"name\":\"U\u017edraustoji knyga\"}]},{\"@type\":\"WebSite\",\"@id\":\"https:\/\/skaitytaknyga.lt\/#website\",\"url\":\"https:\/\/skaitytaknyga.lt\/\",\"name\":\"skaitytaknyga.lt\",\"description\":\"Skaitytaknyga.lt \u2013 tai ma\u017eas \u0161eimos verslas, kuris prasid\u0117jo nuo meil\u0117s knygoms ir siekio i\u0161gelb\u0117ti knygas nuo likimo prie konteinerio. Kas vienam nereikalingas daiktas \u2013 kitam lobis, o mes esame tarpininkai, kurie padeda abiems tapti laimingesniems ???? \u017dinome kaip nelengva i\u0161gyventi ma\u017eiems verslams, tad nuo \u0161iol, \u010dia rasite ir kit\u0173, ma\u017e\u0173 \u0161eim\u0173 versl\u0173, rank\u0173 darbo, dovan\u0173 sau ir artimiesiems.\",\"publisher\":{\"@id\":\"https:\/\/skaitytaknyga.lt\/#organization\"},\"potentialAction\":[{\"@type\":\"SearchAction\",\"target\":{\"@type\":\"EntryPoint\",\"urlTemplate\":\"https:\/\/skaitytaknyga.lt\/?s={search_term_string}\"},\"query-input\":{\"@type\":\"PropertyValueSpecification\",\"valueRequired\":true,\"valueName\":\"search_term_string\"}}],\"inLanguage\":\"en-GB\"},{\"@type\":\"Organization\",\"@id\":\"https:\/\/skaitytaknyga.lt\/#organization\",\"name\":\"skaitytaknyga.lt\",\"url\":\"https:\/\/skaitytaknyga.lt\/\",\"logo\":{\"@type\":\"ImageObject\",\"inLanguage\":\"en-GB\",\"@id\":\"https:\/\/skaitytaknyga.lt\/#\/schema\/logo\/image\/\",\"url\":\"https:\/\/skaitytaknyga.lt\/wp-content\/uploads\/2024\/05\/cropped-cropped-cropped-02_00843_jt3bggkj1j3HLc7SyY6rEUpg.jpeg\",\"contentUrl\":\"https:\/\/skaitytaknyga.lt\/wp-content\/uploads\/2024\/05\/cropped-cropped-cropped-02_00843_jt3bggkj1j3HLc7SyY6rEUpg.jpeg\",\"width\":1600,\"height\":1600,\"caption\":\"skaitytaknyga.lt\"},\"image\":{\"@id\":\"https:\/\/skaitytaknyga.lt\/#\/schema\/logo\/image\/\"},\"sameAs\":[\"https:\/\/www.facebook.com\/skaitytaknyga\/\"]}]}<\/script>\n<!-- \/ Yoast SEO plugin. -->","yoast_head_json":{"title":"U\u017edraustoji knyga","description":"Tai \u2013 pati svarbiausia ir paskutin\u0117 Levo Tolstojaus knyga, trij\u0173 paskutini\u0173 jo gyvenimo de\u0161imtme\u010di\u0173 apm\u0105stym\u0173 rezultatas, u\u017edraustas ir nei\u0161leistas","robots":{"index":"index","follow":"follow","max-snippet":"max-snippet:-1","max-image-preview":"max-image-preview:large","max-video-preview":"max-video-preview:-1"},"canonical":"https:\/\/skaitytaknyga.lt\/en\/produktas\/uzdraustoji-knyga\/","og_locale":"en_GB","og_type":"article","og_title":"[:lt]U\u017edraustoji knyga[:] - Skaitytaknyga","og_description":"Tai \u2013 pati svarbiausia ir paskutin\u0117 Levo Tolstojaus knyga, trij\u0173 paskutini\u0173 jo gyvenimo de\u0161imtme\u010di\u0173 apm\u0105stym\u0173 rezultatas, u\u017edraustas ir nei\u0161leistas","og_url":"https:\/\/skaitytaknyga.lt\/en\/produktas\/uzdraustoji-knyga\/","og_site_name":"Skaitytaknyga","article_publisher":"https:\/\/www.facebook.com\/skaitytaknyga\/","article_modified_time":"2026-01-27T10:49:43+00:00","og_image":[{"width":369,"height":550,"url":"https:\/\/skaitytaknyga.lt\/wp-content\/uploads\/2025\/04\/uzdraustoji-knyga-e1744702577694.jpg","type":"image\/jpeg"}],"twitter_card":"summary_large_image","twitter_misc":{"Estimated reading time":"2 minutes"},"schema":{"@context":"https:\/\/schema.org","@graph":[{"@type":"WebPage","@id":"https:\/\/skaitytaknyga.lt\/produktas\/uzdraustoji-knyga\/","url":"https:\/\/skaitytaknyga.lt\/produktas\/uzdraustoji-knyga\/","name":"U\u017edraustoji knyga","isPartOf":{"@id":"https:\/\/skaitytaknyga.lt\/#website"},"primaryImageOfPage":{"@id":"https:\/\/skaitytaknyga.lt\/produktas\/uzdraustoji-knyga\/#primaryimage"},"image":{"@id":"https:\/\/skaitytaknyga.lt\/produktas\/uzdraustoji-knyga\/#primaryimage"},"thumbnailUrl":"https:\/\/skaitytaknyga.lt\/wp-content\/uploads\/2025\/04\/uzdraustoji-knyga-e1744702577694.jpg","datePublished":"2025-04-15T07:35:35+00:00","dateModified":"2026-01-27T10:49:43+00:00","description":"Tai \u2013 pati svarbiausia ir paskutin\u0117 Levo Tolstojaus knyga, trij\u0173 paskutini\u0173 jo gyvenimo de\u0161imtme\u010di\u0173 apm\u0105stym\u0173 rezultatas, u\u017edraustas ir nei\u0161leistas","breadcrumb":{"@id":"https:\/\/skaitytaknyga.lt\/produktas\/uzdraustoji-knyga\/#breadcrumb"},"inLanguage":"en-GB","potentialAction":[{"@type":"ReadAction","target":["https:\/\/skaitytaknyga.lt\/produktas\/uzdraustoji-knyga\/"]}]},{"@type":"ImageObject","inLanguage":"en-GB","@id":"https:\/\/skaitytaknyga.lt\/produktas\/uzdraustoji-knyga\/#primaryimage","url":"https:\/\/skaitytaknyga.lt\/wp-content\/uploads\/2025\/04\/uzdraustoji-knyga-e1744702577694.jpg","contentUrl":"https:\/\/skaitytaknyga.lt\/wp-content\/uploads\/2025\/04\/uzdraustoji-knyga-e1744702577694.jpg","width":369,"height":550,"caption":"U\u017edraustoji knyga"},{"@type":"BreadcrumbList","@id":"https:\/\/skaitytaknyga.lt\/produktas\/uzdraustoji-knyga\/#breadcrumb","itemListElement":[{"@type":"ListItem","position":1,"name":"Home","item":"https:\/\/skaitytaknyga.lt\/"},{"@type":"ListItem","position":2,"name":"Parduotuv\u0117","item":"https:\/\/skaitytaknyga.lt\/knygu-parduotuve\/"},{"@type":"ListItem","position":3,"name":"U\u017edraustoji knyga"}]},{"@type":"WebSite","@id":"https:\/\/skaitytaknyga.lt\/#website","url":"https:\/\/skaitytaknyga.lt\/","name":"skaitytaknyga.lt","description":"Skaitytaknyga.lt \u2013 tai ma\u017eas \u0161eimos verslas, kuris prasid\u0117jo nuo meil\u0117s knygoms ir siekio i\u0161gelb\u0117ti knygas nuo likimo prie konteinerio. Kas vienam nereikalingas daiktas \u2013 kitam lobis, o mes esame tarpininkai, kurie padeda abiems tapti laimingesniems ???? \u017dinome kaip nelengva i\u0161gyventi ma\u017eiems verslams, tad nuo \u0161iol, \u010dia rasite ir kit\u0173, ma\u017e\u0173 \u0161eim\u0173 versl\u0173, rank\u0173 darbo, dovan\u0173 sau ir artimiesiems.","publisher":{"@id":"https:\/\/skaitytaknyga.lt\/#organization"},"potentialAction":[{"@type":"SearchAction","target":{"@type":"EntryPoint","urlTemplate":"https:\/\/skaitytaknyga.lt\/?s={search_term_string}"},"query-input":{"@type":"PropertyValueSpecification","valueRequired":true,"valueName":"search_term_string"}}],"inLanguage":"en-GB"},{"@type":"Organization","@id":"https:\/\/skaitytaknyga.lt\/#organization","name":"skaitytaknyga.lt","url":"https:\/\/skaitytaknyga.lt\/","logo":{"@type":"ImageObject","inLanguage":"en-GB","@id":"https:\/\/skaitytaknyga.lt\/#\/schema\/logo\/image\/","url":"https:\/\/skaitytaknyga.lt\/wp-content\/uploads\/2024\/05\/cropped-cropped-cropped-02_00843_jt3bggkj1j3HLc7SyY6rEUpg.jpeg","contentUrl":"https:\/\/skaitytaknyga.lt\/wp-content\/uploads\/2024\/05\/cropped-cropped-cropped-02_00843_jt3bggkj1j3HLc7SyY6rEUpg.jpeg","width":1600,"height":1600,"caption":"skaitytaknyga.lt"},"image":{"@id":"https:\/\/skaitytaknyga.lt\/#\/schema\/logo\/image\/"},"sameAs":["https:\/\/www.facebook.com\/skaitytaknyga\/"]}]}},"_links":{"self":[{"href":"https:\/\/skaitytaknyga.lt\/en\/wp-json\/wp\/v2\/product\/17798","targetHints":{"allow":["GET"]}}],"collection":[{"href":"https:\/\/skaitytaknyga.lt\/en\/wp-json\/wp\/v2\/product"}],"about":[{"href":"https:\/\/skaitytaknyga.lt\/en\/wp-json\/wp\/v2\/types\/product"}],"replies":[{"embeddable":true,"href":"https:\/\/skaitytaknyga.lt\/en\/wp-json\/wp\/v2\/comments?post=17798"}],"wp:featuredmedia":[{"embeddable":true,"href":"https:\/\/skaitytaknyga.lt\/en\/wp-json\/wp\/v2\/media\/17799"}],"wp:attachment":[{"href":"https:\/\/skaitytaknyga.lt\/en\/wp-json\/wp\/v2\/media?parent=17798"}],"wp:term":[{"taxonomy":"product_brand","embeddable":true,"href":"https:\/\/skaitytaknyga.lt\/en\/wp-json\/wp\/v2\/product_brand?post=17798"},{"taxonomy":"product_cat","embeddable":true,"href":"https:\/\/skaitytaknyga.lt\/en\/wp-json\/wp\/v2\/product_cat?post=17798"},{"taxonomy":"product_tag","embeddable":true,"href":"https:\/\/skaitytaknyga.lt\/en\/wp-json\/wp\/v2\/product_tag?post=17798"}],"curies":[{"name":"wp","href":"https:\/\/api.w.org\/{rel}","templated":true}]}}