{"id":17790,"date":"2025-04-15T10:11:55","date_gmt":"2025-04-15T07:11:55","guid":{"rendered":"https:\/\/skaitytaknyga.lt\/?post_type=product&#038;p=17790"},"modified":"2025-05-15T15:06:22","modified_gmt":"2025-05-15T12:06:22","slug":"fk-it-pajausk-vidine-ramybe-cia-ir-dabar","status":"publish","type":"product","link":"https:\/\/skaitytaknyga.lt\/en\/produktas\/fk-it-pajausk-vidine-ramybe-cia-ir-dabar\/","title":{"rendered":"F**k it. Pajausk vidin\u0119 ramyb\u0119 \u010dia ir dabar"},"content":{"rendered":"<p><i>Ar gyvenime jau\u010diate atotr\u016bk\u012f tarp savo l\u016bkes\u010di\u0173 ir tikrov\u0117s?<\/i><\/p>\n<p>Labai tik\u0117tina, kad taip. Ir tai skaudina. Atotr\u016bkis gali b\u016bti tarsi siauras ply\u0161elis arba didumo sulig gilia praraja, ta\u010diau kaip tik jis, ko gero, yra pagrindin\u0117 daugelio \u017emoni\u0173 skausmo ir nepasitenkinimo prie\u017eastis. Kad ir kas \u0161iuo metu jus kankina, skaudina arba trukdo susikurti tok\u012f gyvenim\u0105, kokio trok\u0161tate, nepasitenkinimo \u0161altinio reik\u0117t\u0173 ie\u0161koti \u0161iame atotr\u016bkyje.<br \/>\nO jeigu pasakytum\u0117te F**k it mintims apie tai, koks j\u016bs\u0173 gyvenimas tur\u0117t\u0173 b\u016bti, ir atrastum\u0117te vidin\u0119 ramyb\u0119 \u010dia ir dabar, nepaisydami nieko? \u0160ie \u017eod\u017eiai veiksmingiau nei bet kokia piliul\u0117 visk\u0105 sustatys \u012f savo vietas ir nuims nuo j\u016bs\u0173 pe\u010di\u0173 skausmo ir nepasitenkinimo na\u0161t\u0105.<\/p>\n<p>Vesdamas seminarus mokym\u0173 stovyklose F**k it \u017eod\u017eio meistras Johnas C. Parkinas suvok\u0117, kad norint panaikinti atotr\u016bk\u012f tarp savo l\u016bkes\u010di\u0173 ir tikrov\u0117s nereikia nei stengtis pasikeisti patiems ar pakeisti pasaul\u012f, nei mokytis vidin\u0117s ramyb\u0117s \u012fgijimo paslap\u010di\u0173 \u2013 pakanka tiesiog i\u0161tarti F**k it ir pajausti vidin\u0119 ramyb\u0119 \u010dia ir dabar, tokiame gyvenime, koks jis yra.<br \/>\n\u012egyti vidin\u0119 ramyb\u0119 neb\u016btinai rei\u0161kia tiesiog nusiraminti ir toli gra\u017eu ne tapti pasyviems; tai rei\u0161kia priimti gyvenim\u0105 su visomis jo spalvomis.<br \/>\nTai radikalus pasiry\u017eimas, galintis radikaliai pakeisti j\u016bs\u0173 po\u017ei\u016br\u012f \u012f gyvenim\u0105, koks jis yra \u010dia ir dabar.<\/p>\n<ul class=\"about-product d-none d-xl-block mt-4\">\n<li><strong>Originalus pavadinimas:<\/strong>\u00a0F**K IT BE Be at Peace with Life, Just as It Is. Eknyga<\/li>\n<li><strong>Autorius:<\/strong>\u00a0<a href=\"https:\/\/skaitytaknyga.lt\/?s=John+C.+Parkin&#038;post_type=product&#038;dgwt_wcas=1\">John C. Parkin<\/a><\/li>\n<li><strong>Leid\u0117jas<\/strong>\u00a0Alma littera<\/li>\n<li class=\"toggleable type-ebook-formats \"><strong>ISBN:<\/strong>\u00a09786090137239<\/li>\n<li class=\"toggleable type-ebook-formats \"><strong>Formatas:<\/strong>\u00a0ePub, MOBI<\/li>\n<li><strong>Kalba:<\/strong>\u00a0Lietuvi\u0173<\/li>\n<\/ul>\n","protected":false},"excerpt":{"rendered":"<p>Ar gyvenime jau\u010diate atotr\u016bk\u012f tarp savo l\u016bkes\u010di\u0173 ir tikrov\u0117s? Labai tik\u0117tina, kad taip. Ir tai skaudina. Atotr\u016bkis gali b\u016bti tarsi siauras ply\u0161elis arba didumo sulig gilia praraja, ta\u010diau kaip tik jis, ko gero, yra pagrindin\u0117 daugelio \u017emoni\u0173 skausmo ir nepasitenkinimo prie\u017eastis. Kad ir kas \u0161iuo metu jus kankina, skaudina arba trukdo susikurti tok\u012f gyvenim\u0105, kokio trok\u0161tate, nepasitenkinimo \u0161altinio reik\u0117t\u0173 ie\u0161koti \u0161iame atotr\u016bkyje. O jeigu pasakytum\u0117te F**k it mintims apie tai, koks j\u016bs\u0173 gyvenimas tur\u0117t\u0173 b\u016bti, ir atrastum\u0117te vidin\u0119 ramyb\u0119 \u010dia ir dabar, nepaisydami nieko? \u0160ie \u017eod\u017eiai veiksmingiau nei bet kokia piliul\u0117 visk\u0105 sustatys \u012f savo vietas ir nuims nuo j\u016bs\u0173 pe\u010di\u0173 skausmo ir nepasitenkinimo na\u0161t\u0105. Vesdamas seminarus mokym\u0173 stovyklose F**k it \u017eod\u017eio meistras Johnas C. Parkinas suvok\u0117, kad norint panaikinti atotr\u016bk\u012f tarp savo l\u016bkes\u010di\u0173 ir tikrov\u0117s nereikia nei stengtis pasikeisti patiems ar pakeisti pasaul\u012f, nei mokytis vidin\u0117s ramyb\u0117s \u012fgijimo paslap\u010di\u0173 \u2013 pakanka tiesiog i\u0161tarti F**k it ir pajausti vidin\u0119 ramyb\u0119 \u010dia ir dabar, tokiame gyvenime, koks jis yra. \u012egyti vidin\u0119 ramyb\u0119 neb\u016btinai rei\u0161kia tiesiog nusiraminti ir toli gra\u017eu ne tapti pasyviems; tai rei\u0161kia priimti gyvenim\u0105 su visomis jo spalvomis. Tai radikalus pasiry\u017eimas, galintis radikaliai pakeisti j\u016bs\u0173 po\u017ei\u016br\u012f \u012f gyvenim\u0105, koks jis yra \u010dia ir dabar. Originalus pavadinimas:\u00a0F**K IT BE Be at Peace with Life, Just as It Is. Eknyga Autorius:\u00a0John C. Parkin Leid\u0117jas\u00a0Alma littera ISBN:\u00a09786090137239 Formatas:\u00a0ePub, MOBI Kalba:\u00a0Lietuvi\u0173<\/p>\n","protected":false},"featured_media":17791,"comment_status":"open","ping_status":"closed","template":"","meta":{"_acf_changed":false,"site-sidebar-layout":"default","site-content-layout":"","ast-site-content-layout":"default","site-content-style":"default","site-sidebar-style":"default","ast-global-header-display":"","ast-banner-title-visibility":"","ast-main-header-display":"","ast-hfb-above-header-display":"","ast-hfb-below-header-display":"","ast-hfb-mobile-header-display":"","site-post-title":"","ast-breadcrumbs-content":"","ast-featured-img":"","footer-sml-layout":"","ast-disable-related-posts":"","theme-transparent-header-meta":"default","adv-header-id-meta":"","stick-header-meta":"","header-above-stick-meta":"","header-main-stick-meta":"","header-below-stick-meta":"","astra-migrate-meta-layouts":"set","ast-page-background-enabled":"default","ast-page-background-meta":{"desktop":{"background-color":"","background-image":"","background-repeat":"repeat","background-position":"center center","background-size":"auto","background-attachment":"scroll","background-type":"","background-media":"","overlay-type":"","overlay-color":"","overlay-opacity":"","overlay-gradient":""},"tablet":{"background-color":"","background-image":"","background-repeat":"repeat","background-position":"center center","background-size":"auto","background-attachment":"scroll","background-type":"","background-media":"","overlay-type":"","overlay-color":"","overlay-opacity":"","overlay-gradient":""},"mobile":{"background-color":"","background-image":"","background-repeat":"repeat","background-position":"center center","background-size":"auto","background-attachment":"scroll","background-type":"","background-media":"","overlay-type":"","overlay-color":"","overlay-opacity":"","overlay-gradient":""}},"ast-content-background-meta":{"desktop":{"background-color":"var(--ast-global-color-4)","background-image":"","background-repeat":"repeat","background-position":"center center","background-size":"auto","background-attachment":"scroll","background-type":"","background-media":"","overlay-type":"","overlay-color":"","overlay-opacity":"","overlay-gradient":""},"tablet":{"background-color":"var(--ast-global-color-4)","background-image":"","background-repeat":"repeat","background-position":"center center","background-size":"auto","background-attachment":"scroll","background-type":"","background-media":"","overlay-type":"","overlay-color":"","overlay-opacity":"","overlay-gradient":""},"mobile":{"background-color":"var(--ast-global-color-4)","background-image":"","background-repeat":"repeat","background-position":"center center","background-size":"auto","background-attachment":"scroll","background-type":"","background-media":"","overlay-type":"","overlay-color":"","overlay-opacity":"","overlay-gradient":""}}},"product_brand":[],"product_cat":[15,30],"product_tag":[3560,3561,3559,3557,3562,1995],"class_list":{"0":"post-17790","1":"product","2":"type-product","3":"status-publish","4":"has-post-thumbnail","6":"product_cat-uncategorized","7":"product_cat-psichologija-ir-saviugda","8":"product_tag-atsipalaidavimas","9":"product_tag-dabarties-momentas","10":"product_tag-gyvenimo-paprastumas","11":"product_tag-john-c-parkin","12":"product_tag-saves-priemimas","13":"product_tag-vidine-ramybe","14":"desktop-align-left","15":"tablet-align-left","16":"mobile-align-left","18":"first","19":"instock","20":"shipping-taxable","21":"purchasable","22":"product-type-simple"},"acf":[],"yoast_head":"<!-- This site is optimized with the Yoast SEO plugin v27.0 - https:\/\/yoast.com\/product\/yoast-seo-wordpress\/ -->\n<title>F**k it. Pajausk vidin\u0119 ramyb\u0119 \u010dia ir dabar<\/title>\n<meta name=\"description\" content=\"Ar gyvenime jau\u010diate atotr\u016bk\u012f tarp savo l\u016bkes\u010di\u0173 ir tikrov\u0117s? Labai tik\u0117tina, kad taip. Ir tai skaudina. Atotr\u016bkis gali b\u016bti tarsi siauras ply\u0161elis arba\" \/>\n<meta name=\"robots\" content=\"index, follow, max-snippet:-1, max-image-preview:large, max-video-preview:-1\" \/>\n<link rel=\"canonical\" href=\"https:\/\/skaitytaknyga.lt\/en\/produktas\/fk-it-pajausk-vidine-ramybe-cia-ir-dabar\/\" \/>\n<meta property=\"og:locale\" content=\"en_GB\" \/>\n<meta property=\"og:locale:alternate\" content=\"lt_LT\" \/>\n<meta property=\"og:type\" content=\"article\" \/>\n<meta property=\"og:title\" content=\"F**k it. Pajausk vidin\u0119 ramyb\u0119 \u010dia ir dabar\" \/>\n<meta property=\"og:description\" content=\"Ar gyvenime jau\u010diate atotr\u016bk\u012f tarp savo l\u016bkes\u010di\u0173 ir tikrov\u0117s? Labai tik\u0117tina, kad taip. Ir tai skaudina. Atotr\u016bkis gali b\u016bti tarsi siauras ply\u0161elis arba\" \/>\n<meta property=\"og:url\" content=\"https:\/\/skaitytaknyga.lt\/en\/produktas\/fk-it-pajausk-vidine-ramybe-cia-ir-dabar\/\" \/>\n<meta property=\"og:site_name\" content=\"Skaitytaknyga\" \/>\n<meta property=\"article:publisher\" content=\"https:\/\/www.facebook.com\/skaitytaknyga\/\" \/>\n<meta property=\"article:modified_time\" content=\"2025-05-15T12:06:22+00:00\" \/>\n<meta property=\"og:image\" content=\"https:\/\/skaitytaknyga.lt\/wp-content\/uploads\/2025\/04\/ff4b75b920801f86d3684c058623318bed7fba81_F__k_it_Pajausk_vidine_ramybe.webp\" \/>\n\t<meta property=\"og:image:width\" content=\"403\" \/>\n\t<meta property=\"og:image:height\" content=\"600\" \/>\n\t<meta property=\"og:image:type\" content=\"image\/webp\" \/>\n<meta name=\"twitter:card\" content=\"summary_large_image\" \/>\n<meta name=\"twitter:label1\" content=\"Estimated reading time\" \/>\n\t<meta name=\"twitter:data1\" content=\"2 minutes\" \/>\n<script type=\"application\/ld+json\" class=\"yoast-schema-graph\">{\"@context\":\"https:\/\/schema.org\",\"@graph\":[{\"@type\":\"WebPage\",\"@id\":\"https:\/\/skaitytaknyga.lt\/produktas\/fk-it-pajausk-vidine-ramybe-cia-ir-dabar\/\",\"url\":\"https:\/\/skaitytaknyga.lt\/produktas\/fk-it-pajausk-vidine-ramybe-cia-ir-dabar\/\",\"name\":\"F**k it. Pajausk vidin\u0119 ramyb\u0119 \u010dia ir dabar\",\"isPartOf\":{\"@id\":\"https:\/\/skaitytaknyga.lt\/#website\"},\"primaryImageOfPage\":{\"@id\":\"https:\/\/skaitytaknyga.lt\/produktas\/fk-it-pajausk-vidine-ramybe-cia-ir-dabar\/#primaryimage\"},\"image\":{\"@id\":\"https:\/\/skaitytaknyga.lt\/produktas\/fk-it-pajausk-vidine-ramybe-cia-ir-dabar\/#primaryimage\"},\"thumbnailUrl\":\"https:\/\/skaitytaknyga.lt\/wp-content\/uploads\/2025\/04\/ff4b75b920801f86d3684c058623318bed7fba81_F__k_it_Pajausk_vidine_ramybe.webp\",\"datePublished\":\"2025-04-15T07:11:55+00:00\",\"dateModified\":\"2025-05-15T12:06:22+00:00\",\"description\":\"Ar gyvenime jau\u010diate atotr\u016bk\u012f tarp savo l\u016bkes\u010di\u0173 ir tikrov\u0117s? Labai tik\u0117tina, kad taip. Ir tai skaudina. Atotr\u016bkis gali b\u016bti tarsi siauras ply\u0161elis arba\",\"breadcrumb\":{\"@id\":\"https:\/\/skaitytaknyga.lt\/produktas\/fk-it-pajausk-vidine-ramybe-cia-ir-dabar\/#breadcrumb\"},\"inLanguage\":\"en-GB\",\"potentialAction\":[{\"@type\":\"ReadAction\",\"target\":[\"https:\/\/skaitytaknyga.lt\/produktas\/fk-it-pajausk-vidine-ramybe-cia-ir-dabar\/\"]}]},{\"@type\":\"ImageObject\",\"inLanguage\":\"en-GB\",\"@id\":\"https:\/\/skaitytaknyga.lt\/produktas\/fk-it-pajausk-vidine-ramybe-cia-ir-dabar\/#primaryimage\",\"url\":\"https:\/\/skaitytaknyga.lt\/wp-content\/uploads\/2025\/04\/ff4b75b920801f86d3684c058623318bed7fba81_F__k_it_Pajausk_vidine_ramybe.webp\",\"contentUrl\":\"https:\/\/skaitytaknyga.lt\/wp-content\/uploads\/2025\/04\/ff4b75b920801f86d3684c058623318bed7fba81_F__k_it_Pajausk_vidine_ramybe.webp\",\"width\":403,\"height\":600,\"caption\":\"F**k it. Pajausk vidin\u0119 ramyb\u0119 \u010dia ir dabar\"},{\"@type\":\"BreadcrumbList\",\"@id\":\"https:\/\/skaitytaknyga.lt\/produktas\/fk-it-pajausk-vidine-ramybe-cia-ir-dabar\/#breadcrumb\",\"itemListElement\":[{\"@type\":\"ListItem\",\"position\":1,\"name\":\"Home\",\"item\":\"https:\/\/skaitytaknyga.lt\/\"},{\"@type\":\"ListItem\",\"position\":2,\"name\":\"Parduotuv\u0117\",\"item\":\"https:\/\/skaitytaknyga.lt\/knygu-parduotuve\/\"},{\"@type\":\"ListItem\",\"position\":3,\"name\":\"F**k it. Pajausk vidin\u0119 ramyb\u0119 \u010dia ir dabar\"}]},{\"@type\":\"WebSite\",\"@id\":\"https:\/\/skaitytaknyga.lt\/#website\",\"url\":\"https:\/\/skaitytaknyga.lt\/\",\"name\":\"skaitytaknyga.lt\",\"description\":\"Skaitytaknyga.lt \u2013 tai ma\u017eas \u0161eimos verslas, kuris prasid\u0117jo nuo meil\u0117s knygoms ir siekio i\u0161gelb\u0117ti knygas nuo likimo prie konteinerio. Kas vienam nereikalingas daiktas \u2013 kitam lobis, o mes esame tarpininkai, kurie padeda abiems tapti laimingesniems ???? \u017dinome kaip nelengva i\u0161gyventi ma\u017eiems verslams, tad nuo \u0161iol, \u010dia rasite ir kit\u0173, ma\u017e\u0173 \u0161eim\u0173 versl\u0173, rank\u0173 darbo, dovan\u0173 sau ir artimiesiems.\",\"publisher\":{\"@id\":\"https:\/\/skaitytaknyga.lt\/#organization\"},\"potentialAction\":[{\"@type\":\"SearchAction\",\"target\":{\"@type\":\"EntryPoint\",\"urlTemplate\":\"https:\/\/skaitytaknyga.lt\/?s={search_term_string}\"},\"query-input\":{\"@type\":\"PropertyValueSpecification\",\"valueRequired\":true,\"valueName\":\"search_term_string\"}}],\"inLanguage\":\"en-GB\"},{\"@type\":\"Organization\",\"@id\":\"https:\/\/skaitytaknyga.lt\/#organization\",\"name\":\"skaitytaknyga.lt\",\"url\":\"https:\/\/skaitytaknyga.lt\/\",\"logo\":{\"@type\":\"ImageObject\",\"inLanguage\":\"en-GB\",\"@id\":\"https:\/\/skaitytaknyga.lt\/#\/schema\/logo\/image\/\",\"url\":\"https:\/\/skaitytaknyga.lt\/wp-content\/uploads\/2024\/05\/cropped-cropped-cropped-02_00843_jt3bggkj1j3HLc7SyY6rEUpg.jpeg\",\"contentUrl\":\"https:\/\/skaitytaknyga.lt\/wp-content\/uploads\/2024\/05\/cropped-cropped-cropped-02_00843_jt3bggkj1j3HLc7SyY6rEUpg.jpeg\",\"width\":1600,\"height\":1600,\"caption\":\"skaitytaknyga.lt\"},\"image\":{\"@id\":\"https:\/\/skaitytaknyga.lt\/#\/schema\/logo\/image\/\"},\"sameAs\":[\"https:\/\/www.facebook.com\/skaitytaknyga\/\"]}]}<\/script>\n<!-- \/ Yoast SEO plugin. -->","yoast_head_json":{"title":"F**k it. Pajausk vidin\u0119 ramyb\u0119 \u010dia ir dabar","description":"Ar gyvenime jau\u010diate atotr\u016bk\u012f tarp savo l\u016bkes\u010di\u0173 ir tikrov\u0117s? Labai tik\u0117tina, kad taip. Ir tai skaudina. Atotr\u016bkis gali b\u016bti tarsi siauras ply\u0161elis arba","robots":{"index":"index","follow":"follow","max-snippet":"max-snippet:-1","max-image-preview":"max-image-preview:large","max-video-preview":"max-video-preview:-1"},"canonical":"https:\/\/skaitytaknyga.lt\/en\/produktas\/fk-it-pajausk-vidine-ramybe-cia-ir-dabar\/","og_locale":"en_GB","og_type":"article","og_title":"[:lt]F**k it. Pajausk vidin\u0119 ramyb\u0119 \u010dia ir dabar[:] - Skaitytaknyga","og_description":"Ar gyvenime jau\u010diate atotr\u016bk\u012f tarp savo l\u016bkes\u010di\u0173 ir tikrov\u0117s? Labai tik\u0117tina, kad taip. Ir tai skaudina. Atotr\u016bkis gali b\u016bti tarsi siauras ply\u0161elis arba","og_url":"https:\/\/skaitytaknyga.lt\/en\/produktas\/fk-it-pajausk-vidine-ramybe-cia-ir-dabar\/","og_site_name":"Skaitytaknyga","article_publisher":"https:\/\/www.facebook.com\/skaitytaknyga\/","article_modified_time":"2025-05-15T12:06:22+00:00","og_image":[{"width":403,"height":600,"url":"https:\/\/skaitytaknyga.lt\/wp-content\/uploads\/2025\/04\/ff4b75b920801f86d3684c058623318bed7fba81_F__k_it_Pajausk_vidine_ramybe.webp","type":"image\/webp"}],"twitter_card":"summary_large_image","twitter_misc":{"Estimated reading time":"2 minutes"},"schema":{"@context":"https:\/\/schema.org","@graph":[{"@type":"WebPage","@id":"https:\/\/skaitytaknyga.lt\/produktas\/fk-it-pajausk-vidine-ramybe-cia-ir-dabar\/","url":"https:\/\/skaitytaknyga.lt\/produktas\/fk-it-pajausk-vidine-ramybe-cia-ir-dabar\/","name":"F**k it. Pajausk vidin\u0119 ramyb\u0119 \u010dia ir dabar","isPartOf":{"@id":"https:\/\/skaitytaknyga.lt\/#website"},"primaryImageOfPage":{"@id":"https:\/\/skaitytaknyga.lt\/produktas\/fk-it-pajausk-vidine-ramybe-cia-ir-dabar\/#primaryimage"},"image":{"@id":"https:\/\/skaitytaknyga.lt\/produktas\/fk-it-pajausk-vidine-ramybe-cia-ir-dabar\/#primaryimage"},"thumbnailUrl":"https:\/\/skaitytaknyga.lt\/wp-content\/uploads\/2025\/04\/ff4b75b920801f86d3684c058623318bed7fba81_F__k_it_Pajausk_vidine_ramybe.webp","datePublished":"2025-04-15T07:11:55+00:00","dateModified":"2025-05-15T12:06:22+00:00","description":"Ar gyvenime jau\u010diate atotr\u016bk\u012f tarp savo l\u016bkes\u010di\u0173 ir tikrov\u0117s? Labai tik\u0117tina, kad taip. Ir tai skaudina. Atotr\u016bkis gali b\u016bti tarsi siauras ply\u0161elis arba","breadcrumb":{"@id":"https:\/\/skaitytaknyga.lt\/produktas\/fk-it-pajausk-vidine-ramybe-cia-ir-dabar\/#breadcrumb"},"inLanguage":"en-GB","potentialAction":[{"@type":"ReadAction","target":["https:\/\/skaitytaknyga.lt\/produktas\/fk-it-pajausk-vidine-ramybe-cia-ir-dabar\/"]}]},{"@type":"ImageObject","inLanguage":"en-GB","@id":"https:\/\/skaitytaknyga.lt\/produktas\/fk-it-pajausk-vidine-ramybe-cia-ir-dabar\/#primaryimage","url":"https:\/\/skaitytaknyga.lt\/wp-content\/uploads\/2025\/04\/ff4b75b920801f86d3684c058623318bed7fba81_F__k_it_Pajausk_vidine_ramybe.webp","contentUrl":"https:\/\/skaitytaknyga.lt\/wp-content\/uploads\/2025\/04\/ff4b75b920801f86d3684c058623318bed7fba81_F__k_it_Pajausk_vidine_ramybe.webp","width":403,"height":600,"caption":"F**k it. Pajausk vidin\u0119 ramyb\u0119 \u010dia ir dabar"},{"@type":"BreadcrumbList","@id":"https:\/\/skaitytaknyga.lt\/produktas\/fk-it-pajausk-vidine-ramybe-cia-ir-dabar\/#breadcrumb","itemListElement":[{"@type":"ListItem","position":1,"name":"Home","item":"https:\/\/skaitytaknyga.lt\/"},{"@type":"ListItem","position":2,"name":"Parduotuv\u0117","item":"https:\/\/skaitytaknyga.lt\/knygu-parduotuve\/"},{"@type":"ListItem","position":3,"name":"F**k it. Pajausk vidin\u0119 ramyb\u0119 \u010dia ir dabar"}]},{"@type":"WebSite","@id":"https:\/\/skaitytaknyga.lt\/#website","url":"https:\/\/skaitytaknyga.lt\/","name":"skaitytaknyga.lt","description":"Skaitytaknyga.lt \u2013 tai ma\u017eas \u0161eimos verslas, kuris prasid\u0117jo nuo meil\u0117s knygoms ir siekio i\u0161gelb\u0117ti knygas nuo likimo prie konteinerio. Kas vienam nereikalingas daiktas \u2013 kitam lobis, o mes esame tarpininkai, kurie padeda abiems tapti laimingesniems ???? \u017dinome kaip nelengva i\u0161gyventi ma\u017eiems verslams, tad nuo \u0161iol, \u010dia rasite ir kit\u0173, ma\u017e\u0173 \u0161eim\u0173 versl\u0173, rank\u0173 darbo, dovan\u0173 sau ir artimiesiems.","publisher":{"@id":"https:\/\/skaitytaknyga.lt\/#organization"},"potentialAction":[{"@type":"SearchAction","target":{"@type":"EntryPoint","urlTemplate":"https:\/\/skaitytaknyga.lt\/?s={search_term_string}"},"query-input":{"@type":"PropertyValueSpecification","valueRequired":true,"valueName":"search_term_string"}}],"inLanguage":"en-GB"},{"@type":"Organization","@id":"https:\/\/skaitytaknyga.lt\/#organization","name":"skaitytaknyga.lt","url":"https:\/\/skaitytaknyga.lt\/","logo":{"@type":"ImageObject","inLanguage":"en-GB","@id":"https:\/\/skaitytaknyga.lt\/#\/schema\/logo\/image\/","url":"https:\/\/skaitytaknyga.lt\/wp-content\/uploads\/2024\/05\/cropped-cropped-cropped-02_00843_jt3bggkj1j3HLc7SyY6rEUpg.jpeg","contentUrl":"https:\/\/skaitytaknyga.lt\/wp-content\/uploads\/2024\/05\/cropped-cropped-cropped-02_00843_jt3bggkj1j3HLc7SyY6rEUpg.jpeg","width":1600,"height":1600,"caption":"skaitytaknyga.lt"},"image":{"@id":"https:\/\/skaitytaknyga.lt\/#\/schema\/logo\/image\/"},"sameAs":["https:\/\/www.facebook.com\/skaitytaknyga\/"]}]}},"_links":{"self":[{"href":"https:\/\/skaitytaknyga.lt\/en\/wp-json\/wp\/v2\/product\/17790","targetHints":{"allow":["GET"]}}],"collection":[{"href":"https:\/\/skaitytaknyga.lt\/en\/wp-json\/wp\/v2\/product"}],"about":[{"href":"https:\/\/skaitytaknyga.lt\/en\/wp-json\/wp\/v2\/types\/product"}],"replies":[{"embeddable":true,"href":"https:\/\/skaitytaknyga.lt\/en\/wp-json\/wp\/v2\/comments?post=17790"}],"wp:featuredmedia":[{"embeddable":true,"href":"https:\/\/skaitytaknyga.lt\/en\/wp-json\/wp\/v2\/media\/17791"}],"wp:attachment":[{"href":"https:\/\/skaitytaknyga.lt\/en\/wp-json\/wp\/v2\/media?parent=17790"}],"wp:term":[{"taxonomy":"product_brand","embeddable":true,"href":"https:\/\/skaitytaknyga.lt\/en\/wp-json\/wp\/v2\/product_brand?post=17790"},{"taxonomy":"product_cat","embeddable":true,"href":"https:\/\/skaitytaknyga.lt\/en\/wp-json\/wp\/v2\/product_cat?post=17790"},{"taxonomy":"product_tag","embeddable":true,"href":"https:\/\/skaitytaknyga.lt\/en\/wp-json\/wp\/v2\/product_tag?post=17790"}],"curies":[{"name":"wp","href":"https:\/\/api.w.org\/{rel}","templated":true}]}}