{"id":17788,"date":"2025-04-15T10:09:00","date_gmt":"2025-04-15T07:09:00","guid":{"rendered":"https:\/\/skaitytaknyga.lt\/?post_type=product&#038;p=17788"},"modified":"2025-05-15T15:06:22","modified_gmt":"2025-05-15T12:06:22","slug":"fk-it-idealus-dvasinis-kelias","status":"publish","type":"product","link":"https:\/\/skaitytaknyga.lt\/en\/produktas\/fk-it-idealus-dvasinis-kelias\/","title":{"rendered":"F**k it. Idealus dvasinis kelias"},"content":{"rendered":"<p>Vos \u0117m\u0119s kartoti \u201ef**k it\u201c pajusi, kad tai, it \u0161iuolaikin\u0117 stebuklinga mantra, gali pakeisti gyvenim\u0105. Sakyti \u201ef**k it\u201c \u2013 gera. Labai gera liautis kovojus, pagaliau imtis to, kas patinka, gera nekreipti d\u0117mesio \u012f tai, k\u0105 sako kiti, ir \u017eengti savo keliu.<\/p>\n<p>\u0160ioje \u012fkvepian\u010dioje ir humoro kupinoje knygoje \u201e<strong>F**k it. Idealus dvasinis kelias\u201c Johnas C. Parkinas<\/strong>\u00a0teigia, kad \u201ef**k it\u201c sakymas idealiai i\u0161rei\u0161kia Ryt\u0173 dvasines id\u0117jas \u2013 nesilaikyti \u012fsikibus kasdieni\u0173 dalyk\u0173 ir tapti tikrai laisvam, suvokus, kad daug kas (o gal ir viskas) nesvarbu.<\/p>\n<p>Tai dvasinis kelias, \u017eengiant kuriuo nereikia giedoti, medituoti, av\u0117ti sandal\u0173 ar valgyti vien dar\u017eoves. B\u016btent \u0161ios ne\u0161vankyb\u0117s j\u0117ga tobulai i\u0161purto mus i\u0161 prasming\u0105 m\u016bs\u0173 gyvenim\u0105 valdan\u010dios streso ir susir\u016bpinimo b\u016bsenos.<\/p>\n<p>Padedami \u0161ios knygos, \u0161imtai t\u016bkstan\u010di\u0173 \u017emoni\u0173 visame pasaulyje dabar taria \u201ef**k it\u201c savo r\u016bpes\u010diams ir nerimui, visiems j\u0173 gyvenim\u0105 lemiantiems \u201etur\u0117\u010diau\u201c ir \u201eprival\u0117\u010diau\u201c ir pagaliau, nekreipdami d\u0117mesio \u012f kit\u0173 nuomon\u0119, ima daryti tai, k\u0105 nori.<\/p>\n<p>\u201eSaviugda neturintiems laiko ir negalintiems pak\u0119sti psichologini\u0173 plepal\u0173\u201c.<\/p>\n<ul class=\"about-product d-none d-xl-block mt-4\">\n<li><strong>Originalus pavadinimas:<\/strong>\u00a0F**k it. The ultimate spiritual way<\/li>\n<li><strong>Autorius:<\/strong>\u00a0<a href=\"https:\/\/skaitytaknyga.lt\/?s=John+C.+Parkin&#038;post_type=product&#038;dgwt_wcas=1\">John C. Parkin<\/a><\/li>\n<li><strong>Leid\u0117jas<\/strong>\u00a0Alma littera<\/li>\n<li><strong>Metai:<\/strong>\u00a02014<\/li>\n<li><strong>Puslapiai:<\/strong>\u00a0256<\/li>\n<li class=\"toggleable type-new-formats \"><strong>ISBN :\u00a0<\/strong>9786090116265<\/li>\n<li><strong>Versijos kodas:<\/strong>\u00a0PT.<\/li>\n<li class=\"toggleable type-new-formats \"><strong>Formatas:<\/strong>\u00a014,3 x 21,3 cm, mink\u0161ti vir\u0161eliai<\/li>\n<li><strong>Kalba:<\/strong>\u00a0Lietuvi\u0173<\/li>\n<\/ul>\n","protected":false},"excerpt":{"rendered":"<p>Vos \u0117m\u0119s kartoti \u201ef**k it\u201c pajusi, kad tai, it \u0161iuolaikin\u0117 stebuklinga mantra, gali pakeisti gyvenim\u0105. Sakyti \u201ef**k it\u201c \u2013 gera. Labai gera liautis kovojus, pagaliau imtis to, kas patinka, gera nekreipti d\u0117mesio \u012f tai, k\u0105 sako kiti, ir \u017eengti savo keliu. \u0160ioje \u012fkvepian\u010dioje ir humoro kupinoje knygoje \u201eF**k it. Idealus dvasinis kelias\u201c Johnas C. Parkinas\u00a0teigia, kad \u201ef**k it\u201c sakymas idealiai i\u0161rei\u0161kia Ryt\u0173 dvasines id\u0117jas \u2013 nesilaikyti \u012fsikibus kasdieni\u0173 dalyk\u0173 ir tapti tikrai laisvam, suvokus, kad daug kas (o gal ir viskas) nesvarbu. Tai dvasinis kelias, \u017eengiant kuriuo nereikia giedoti, medituoti, av\u0117ti sandal\u0173 ar valgyti vien dar\u017eoves. B\u016btent \u0161ios ne\u0161vankyb\u0117s j\u0117ga tobulai i\u0161purto mus i\u0161 prasming\u0105 m\u016bs\u0173 gyvenim\u0105 valdan\u010dios streso ir susir\u016bpinimo b\u016bsenos. Padedami \u0161ios knygos, \u0161imtai t\u016bkstan\u010di\u0173 \u017emoni\u0173 visame pasaulyje dabar taria \u201ef**k it\u201c savo r\u016bpes\u010diams ir nerimui, visiems j\u0173 gyvenim\u0105 lemiantiems \u201etur\u0117\u010diau\u201c ir \u201eprival\u0117\u010diau\u201c ir pagaliau, nekreipdami d\u0117mesio \u012f kit\u0173 nuomon\u0119, ima daryti tai, k\u0105 nori. \u201eSaviugda neturintiems laiko ir negalintiems pak\u0119sti psichologini\u0173 plepal\u0173\u201c. Originalus pavadinimas:\u00a0F**k it. The ultimate spiritual way Autorius:\u00a0John C. Parkin Leid\u0117jas\u00a0Alma littera Metai:\u00a02014 Puslapiai:\u00a0256 ISBN :\u00a09786090116265 Versijos kodas:\u00a0PT. Formatas:\u00a014,3 x 21,3 cm, mink\u0161ti vir\u0161eliai Kalba:\u00a0Lietuvi\u0173<\/p>\n","protected":false},"featured_media":17789,"comment_status":"open","ping_status":"closed","template":"","meta":{"_acf_changed":false,"site-sidebar-layout":"default","site-content-layout":"","ast-site-content-layout":"default","site-content-style":"default","site-sidebar-style":"default","ast-global-header-display":"","ast-banner-title-visibility":"","ast-main-header-display":"","ast-hfb-above-header-display":"","ast-hfb-below-header-display":"","ast-hfb-mobile-header-display":"","site-post-title":"","ast-breadcrumbs-content":"","ast-featured-img":"","footer-sml-layout":"","ast-disable-related-posts":"","theme-transparent-header-meta":"default","adv-header-id-meta":"","stick-header-meta":"","header-above-stick-meta":"","header-main-stick-meta":"","header-below-stick-meta":"","astra-migrate-meta-layouts":"set","ast-page-background-enabled":"default","ast-page-background-meta":{"desktop":{"background-color":"","background-image":"","background-repeat":"repeat","background-position":"center center","background-size":"auto","background-attachment":"scroll","background-type":"","background-media":"","overlay-type":"","overlay-color":"","overlay-opacity":"","overlay-gradient":""},"tablet":{"background-color":"","background-image":"","background-repeat":"repeat","background-position":"center center","background-size":"auto","background-attachment":"scroll","background-type":"","background-media":"","overlay-type":"","overlay-color":"","overlay-opacity":"","overlay-gradient":""},"mobile":{"background-color":"","background-image":"","background-repeat":"repeat","background-position":"center center","background-size":"auto","background-attachment":"scroll","background-type":"","background-media":"","overlay-type":"","overlay-color":"","overlay-opacity":"","overlay-gradient":""}},"ast-content-background-meta":{"desktop":{"background-color":"var(--ast-global-color-4)","background-image":"","background-repeat":"repeat","background-position":"center center","background-size":"auto","background-attachment":"scroll","background-type":"","background-media":"","overlay-type":"","overlay-color":"","overlay-opacity":"","overlay-gradient":""},"tablet":{"background-color":"var(--ast-global-color-4)","background-image":"","background-repeat":"repeat","background-position":"center center","background-size":"auto","background-attachment":"scroll","background-type":"","background-media":"","overlay-type":"","overlay-color":"","overlay-opacity":"","overlay-gradient":""},"mobile":{"background-color":"var(--ast-global-color-4)","background-image":"","background-repeat":"repeat","background-position":"center center","background-size":"auto","background-attachment":"scroll","background-type":"","background-media":"","overlay-type":"","overlay-color":"","overlay-opacity":"","overlay-gradient":""}}},"product_brand":[],"product_cat":[15,30],"product_tag":[1777,1627,3557,1968,2561],"class_list":{"0":"post-17788","1":"product","2":"type-product","3":"status-publish","4":"has-post-thumbnail","6":"product_cat-uncategorized","7":"product_cat-psichologija-ir-saviugda","8":"product_tag-dvasinis-kelias","9":"product_tag-gyvenimo-prasme","10":"product_tag-john-c-parkin","11":"product_tag-samoningumas","12":"product_tag-saves-pazinimas","13":"desktop-align-left","14":"tablet-align-left","15":"mobile-align-left","17":"first","18":"instock","19":"shipping-taxable","20":"purchasable","21":"product-type-simple"},"acf":[],"yoast_head":"<!-- This site is optimized with the Yoast SEO plugin v27.0 - https:\/\/yoast.com\/product\/yoast-seo-wordpress\/ -->\n<title>F**k it. Idealus dvasinis kelias<\/title>\n<meta name=\"description\" content=\"Vos \u0117m\u0119s kartoti \u201ef**k it\u201c pajusi, kad tai, it \u0161iuolaikin\u0117 stebuklinga mantra, gali pakeisti gyvenim\u0105. Sakyti \u201ef**k it\u201c \u2013 gera. Labai gera liautis\" \/>\n<meta name=\"robots\" content=\"index, follow, max-snippet:-1, max-image-preview:large, max-video-preview:-1\" \/>\n<link rel=\"canonical\" href=\"https:\/\/skaitytaknyga.lt\/en\/produktas\/fk-it-idealus-dvasinis-kelias\/\" \/>\n<meta property=\"og:locale\" content=\"en_GB\" \/>\n<meta property=\"og:locale:alternate\" content=\"lt_LT\" \/>\n<meta property=\"og:type\" content=\"article\" \/>\n<meta property=\"og:title\" content=\"F**k it. Idealus dvasinis kelias\" \/>\n<meta property=\"og:description\" content=\"Vos \u0117m\u0119s kartoti \u201ef**k it\u201c pajusi, kad tai, it \u0161iuolaikin\u0117 stebuklinga mantra, gali pakeisti gyvenim\u0105. Sakyti \u201ef**k it\u201c \u2013 gera. Labai gera liautis\" \/>\n<meta property=\"og:url\" content=\"https:\/\/skaitytaknyga.lt\/en\/produktas\/fk-it-idealus-dvasinis-kelias\/\" \/>\n<meta property=\"og:site_name\" content=\"Skaitytaknyga\" \/>\n<meta property=\"article:publisher\" content=\"https:\/\/www.facebook.com\/skaitytaknyga\/\" \/>\n<meta property=\"article:modified_time\" content=\"2025-05-15T12:06:22+00:00\" \/>\n<meta property=\"og:image\" content=\"https:\/\/skaitytaknyga.lt\/wp-content\/uploads\/2025\/04\/1462885456_cdbf-k-itz1.webp\" \/>\n\t<meta property=\"og:image:width\" content=\"500\" \/>\n\t<meta property=\"og:image:height\" content=\"745\" \/>\n\t<meta property=\"og:image:type\" content=\"image\/webp\" \/>\n<meta name=\"twitter:card\" content=\"summary_large_image\" \/>\n<meta name=\"twitter:label1\" content=\"Estimated reading time\" \/>\n\t<meta name=\"twitter:data1\" content=\"2 minutes\" \/>\n<script type=\"application\/ld+json\" class=\"yoast-schema-graph\">{\"@context\":\"https:\/\/schema.org\",\"@graph\":[{\"@type\":\"WebPage\",\"@id\":\"https:\/\/skaitytaknyga.lt\/produktas\/fk-it-idealus-dvasinis-kelias\/\",\"url\":\"https:\/\/skaitytaknyga.lt\/produktas\/fk-it-idealus-dvasinis-kelias\/\",\"name\":\"F**k it. Idealus dvasinis kelias\",\"isPartOf\":{\"@id\":\"https:\/\/skaitytaknyga.lt\/#website\"},\"primaryImageOfPage\":{\"@id\":\"https:\/\/skaitytaknyga.lt\/produktas\/fk-it-idealus-dvasinis-kelias\/#primaryimage\"},\"image\":{\"@id\":\"https:\/\/skaitytaknyga.lt\/produktas\/fk-it-idealus-dvasinis-kelias\/#primaryimage\"},\"thumbnailUrl\":\"https:\/\/skaitytaknyga.lt\/wp-content\/uploads\/2025\/04\/1462885456_cdbf-k-itz1.webp\",\"datePublished\":\"2025-04-15T07:09:00+00:00\",\"dateModified\":\"2025-05-15T12:06:22+00:00\",\"description\":\"Vos \u0117m\u0119s kartoti \u201ef**k it\u201c pajusi, kad tai, it \u0161iuolaikin\u0117 stebuklinga mantra, gali pakeisti gyvenim\u0105. Sakyti \u201ef**k it\u201c \u2013 gera. Labai gera liautis\",\"breadcrumb\":{\"@id\":\"https:\/\/skaitytaknyga.lt\/produktas\/fk-it-idealus-dvasinis-kelias\/#breadcrumb\"},\"inLanguage\":\"en-GB\",\"potentialAction\":[{\"@type\":\"ReadAction\",\"target\":[\"https:\/\/skaitytaknyga.lt\/produktas\/fk-it-idealus-dvasinis-kelias\/\"]}]},{\"@type\":\"ImageObject\",\"inLanguage\":\"en-GB\",\"@id\":\"https:\/\/skaitytaknyga.lt\/produktas\/fk-it-idealus-dvasinis-kelias\/#primaryimage\",\"url\":\"https:\/\/skaitytaknyga.lt\/wp-content\/uploads\/2025\/04\/1462885456_cdbf-k-itz1.webp\",\"contentUrl\":\"https:\/\/skaitytaknyga.lt\/wp-content\/uploads\/2025\/04\/1462885456_cdbf-k-itz1.webp\",\"width\":500,\"height\":745,\"caption\":\"F**k it. Idealus dvasinis kelias\"},{\"@type\":\"BreadcrumbList\",\"@id\":\"https:\/\/skaitytaknyga.lt\/produktas\/fk-it-idealus-dvasinis-kelias\/#breadcrumb\",\"itemListElement\":[{\"@type\":\"ListItem\",\"position\":1,\"name\":\"Home\",\"item\":\"https:\/\/skaitytaknyga.lt\/\"},{\"@type\":\"ListItem\",\"position\":2,\"name\":\"Parduotuv\u0117\",\"item\":\"https:\/\/skaitytaknyga.lt\/knygu-parduotuve\/\"},{\"@type\":\"ListItem\",\"position\":3,\"name\":\"F**k it. Idealus dvasinis kelias\"}]},{\"@type\":\"WebSite\",\"@id\":\"https:\/\/skaitytaknyga.lt\/#website\",\"url\":\"https:\/\/skaitytaknyga.lt\/\",\"name\":\"skaitytaknyga.lt\",\"description\":\"Skaitytaknyga.lt \u2013 tai ma\u017eas \u0161eimos verslas, kuris prasid\u0117jo nuo meil\u0117s knygoms ir siekio i\u0161gelb\u0117ti knygas nuo likimo prie konteinerio. Kas vienam nereikalingas daiktas \u2013 kitam lobis, o mes esame tarpininkai, kurie padeda abiems tapti laimingesniems ???? \u017dinome kaip nelengva i\u0161gyventi ma\u017eiems verslams, tad nuo \u0161iol, \u010dia rasite ir kit\u0173, ma\u017e\u0173 \u0161eim\u0173 versl\u0173, rank\u0173 darbo, dovan\u0173 sau ir artimiesiems.\",\"publisher\":{\"@id\":\"https:\/\/skaitytaknyga.lt\/#organization\"},\"potentialAction\":[{\"@type\":\"SearchAction\",\"target\":{\"@type\":\"EntryPoint\",\"urlTemplate\":\"https:\/\/skaitytaknyga.lt\/?s={search_term_string}\"},\"query-input\":{\"@type\":\"PropertyValueSpecification\",\"valueRequired\":true,\"valueName\":\"search_term_string\"}}],\"inLanguage\":\"en-GB\"},{\"@type\":\"Organization\",\"@id\":\"https:\/\/skaitytaknyga.lt\/#organization\",\"name\":\"skaitytaknyga.lt\",\"url\":\"https:\/\/skaitytaknyga.lt\/\",\"logo\":{\"@type\":\"ImageObject\",\"inLanguage\":\"en-GB\",\"@id\":\"https:\/\/skaitytaknyga.lt\/#\/schema\/logo\/image\/\",\"url\":\"https:\/\/skaitytaknyga.lt\/wp-content\/uploads\/2024\/05\/cropped-cropped-cropped-02_00843_jt3bggkj1j3HLc7SyY6rEUpg.jpeg\",\"contentUrl\":\"https:\/\/skaitytaknyga.lt\/wp-content\/uploads\/2024\/05\/cropped-cropped-cropped-02_00843_jt3bggkj1j3HLc7SyY6rEUpg.jpeg\",\"width\":1600,\"height\":1600,\"caption\":\"skaitytaknyga.lt\"},\"image\":{\"@id\":\"https:\/\/skaitytaknyga.lt\/#\/schema\/logo\/image\/\"},\"sameAs\":[\"https:\/\/www.facebook.com\/skaitytaknyga\/\"]}]}<\/script>\n<!-- \/ Yoast SEO plugin. -->","yoast_head_json":{"title":"F**k it. Idealus dvasinis kelias","description":"Vos \u0117m\u0119s kartoti \u201ef**k it\u201c pajusi, kad tai, it \u0161iuolaikin\u0117 stebuklinga mantra, gali pakeisti gyvenim\u0105. Sakyti \u201ef**k it\u201c \u2013 gera. Labai gera liautis","robots":{"index":"index","follow":"follow","max-snippet":"max-snippet:-1","max-image-preview":"max-image-preview:large","max-video-preview":"max-video-preview:-1"},"canonical":"https:\/\/skaitytaknyga.lt\/en\/produktas\/fk-it-idealus-dvasinis-kelias\/","og_locale":"en_GB","og_type":"article","og_title":"[:lt]F**k it. Idealus dvasinis kelias[:] - Skaitytaknyga","og_description":"Vos \u0117m\u0119s kartoti \u201ef**k it\u201c pajusi, kad tai, it \u0161iuolaikin\u0117 stebuklinga mantra, gali pakeisti gyvenim\u0105. Sakyti \u201ef**k it\u201c \u2013 gera. Labai gera liautis","og_url":"https:\/\/skaitytaknyga.lt\/en\/produktas\/fk-it-idealus-dvasinis-kelias\/","og_site_name":"Skaitytaknyga","article_publisher":"https:\/\/www.facebook.com\/skaitytaknyga\/","article_modified_time":"2025-05-15T12:06:22+00:00","og_image":[{"width":500,"height":745,"url":"https:\/\/skaitytaknyga.lt\/wp-content\/uploads\/2025\/04\/1462885456_cdbf-k-itz1.webp","type":"image\/webp"}],"twitter_card":"summary_large_image","twitter_misc":{"Estimated reading time":"2 minutes"},"schema":{"@context":"https:\/\/schema.org","@graph":[{"@type":"WebPage","@id":"https:\/\/skaitytaknyga.lt\/produktas\/fk-it-idealus-dvasinis-kelias\/","url":"https:\/\/skaitytaknyga.lt\/produktas\/fk-it-idealus-dvasinis-kelias\/","name":"F**k it. Idealus dvasinis kelias","isPartOf":{"@id":"https:\/\/skaitytaknyga.lt\/#website"},"primaryImageOfPage":{"@id":"https:\/\/skaitytaknyga.lt\/produktas\/fk-it-idealus-dvasinis-kelias\/#primaryimage"},"image":{"@id":"https:\/\/skaitytaknyga.lt\/produktas\/fk-it-idealus-dvasinis-kelias\/#primaryimage"},"thumbnailUrl":"https:\/\/skaitytaknyga.lt\/wp-content\/uploads\/2025\/04\/1462885456_cdbf-k-itz1.webp","datePublished":"2025-04-15T07:09:00+00:00","dateModified":"2025-05-15T12:06:22+00:00","description":"Vos \u0117m\u0119s kartoti \u201ef**k it\u201c pajusi, kad tai, it \u0161iuolaikin\u0117 stebuklinga mantra, gali pakeisti gyvenim\u0105. Sakyti \u201ef**k it\u201c \u2013 gera. Labai gera liautis","breadcrumb":{"@id":"https:\/\/skaitytaknyga.lt\/produktas\/fk-it-idealus-dvasinis-kelias\/#breadcrumb"},"inLanguage":"en-GB","potentialAction":[{"@type":"ReadAction","target":["https:\/\/skaitytaknyga.lt\/produktas\/fk-it-idealus-dvasinis-kelias\/"]}]},{"@type":"ImageObject","inLanguage":"en-GB","@id":"https:\/\/skaitytaknyga.lt\/produktas\/fk-it-idealus-dvasinis-kelias\/#primaryimage","url":"https:\/\/skaitytaknyga.lt\/wp-content\/uploads\/2025\/04\/1462885456_cdbf-k-itz1.webp","contentUrl":"https:\/\/skaitytaknyga.lt\/wp-content\/uploads\/2025\/04\/1462885456_cdbf-k-itz1.webp","width":500,"height":745,"caption":"F**k it. Idealus dvasinis kelias"},{"@type":"BreadcrumbList","@id":"https:\/\/skaitytaknyga.lt\/produktas\/fk-it-idealus-dvasinis-kelias\/#breadcrumb","itemListElement":[{"@type":"ListItem","position":1,"name":"Home","item":"https:\/\/skaitytaknyga.lt\/"},{"@type":"ListItem","position":2,"name":"Parduotuv\u0117","item":"https:\/\/skaitytaknyga.lt\/knygu-parduotuve\/"},{"@type":"ListItem","position":3,"name":"F**k it. Idealus dvasinis kelias"}]},{"@type":"WebSite","@id":"https:\/\/skaitytaknyga.lt\/#website","url":"https:\/\/skaitytaknyga.lt\/","name":"skaitytaknyga.lt","description":"Skaitytaknyga.lt \u2013 tai ma\u017eas \u0161eimos verslas, kuris prasid\u0117jo nuo meil\u0117s knygoms ir siekio i\u0161gelb\u0117ti knygas nuo likimo prie konteinerio. Kas vienam nereikalingas daiktas \u2013 kitam lobis, o mes esame tarpininkai, kurie padeda abiems tapti laimingesniems ???? \u017dinome kaip nelengva i\u0161gyventi ma\u017eiems verslams, tad nuo \u0161iol, \u010dia rasite ir kit\u0173, ma\u017e\u0173 \u0161eim\u0173 versl\u0173, rank\u0173 darbo, dovan\u0173 sau ir artimiesiems.","publisher":{"@id":"https:\/\/skaitytaknyga.lt\/#organization"},"potentialAction":[{"@type":"SearchAction","target":{"@type":"EntryPoint","urlTemplate":"https:\/\/skaitytaknyga.lt\/?s={search_term_string}"},"query-input":{"@type":"PropertyValueSpecification","valueRequired":true,"valueName":"search_term_string"}}],"inLanguage":"en-GB"},{"@type":"Organization","@id":"https:\/\/skaitytaknyga.lt\/#organization","name":"skaitytaknyga.lt","url":"https:\/\/skaitytaknyga.lt\/","logo":{"@type":"ImageObject","inLanguage":"en-GB","@id":"https:\/\/skaitytaknyga.lt\/#\/schema\/logo\/image\/","url":"https:\/\/skaitytaknyga.lt\/wp-content\/uploads\/2024\/05\/cropped-cropped-cropped-02_00843_jt3bggkj1j3HLc7SyY6rEUpg.jpeg","contentUrl":"https:\/\/skaitytaknyga.lt\/wp-content\/uploads\/2024\/05\/cropped-cropped-cropped-02_00843_jt3bggkj1j3HLc7SyY6rEUpg.jpeg","width":1600,"height":1600,"caption":"skaitytaknyga.lt"},"image":{"@id":"https:\/\/skaitytaknyga.lt\/#\/schema\/logo\/image\/"},"sameAs":["https:\/\/www.facebook.com\/skaitytaknyga\/"]}]}},"_links":{"self":[{"href":"https:\/\/skaitytaknyga.lt\/en\/wp-json\/wp\/v2\/product\/17788","targetHints":{"allow":["GET"]}}],"collection":[{"href":"https:\/\/skaitytaknyga.lt\/en\/wp-json\/wp\/v2\/product"}],"about":[{"href":"https:\/\/skaitytaknyga.lt\/en\/wp-json\/wp\/v2\/types\/product"}],"replies":[{"embeddable":true,"href":"https:\/\/skaitytaknyga.lt\/en\/wp-json\/wp\/v2\/comments?post=17788"}],"wp:featuredmedia":[{"embeddable":true,"href":"https:\/\/skaitytaknyga.lt\/en\/wp-json\/wp\/v2\/media\/17789"}],"wp:attachment":[{"href":"https:\/\/skaitytaknyga.lt\/en\/wp-json\/wp\/v2\/media?parent=17788"}],"wp:term":[{"taxonomy":"product_brand","embeddable":true,"href":"https:\/\/skaitytaknyga.lt\/en\/wp-json\/wp\/v2\/product_brand?post=17788"},{"taxonomy":"product_cat","embeddable":true,"href":"https:\/\/skaitytaknyga.lt\/en\/wp-json\/wp\/v2\/product_cat?post=17788"},{"taxonomy":"product_tag","embeddable":true,"href":"https:\/\/skaitytaknyga.lt\/en\/wp-json\/wp\/v2\/product_tag?post=17788"}],"curies":[{"name":"wp","href":"https:\/\/api.w.org\/{rel}","templated":true}]}}