{"id":17786,"date":"2025-04-15T10:07:36","date_gmt":"2025-04-15T07:07:36","guid":{"rendered":"https:\/\/skaitytaknyga.lt\/?post_type=product&#038;p=17786"},"modified":"2025-05-15T15:06:22","modified_gmt":"2025-05-15T12:06:22","slug":"fk-it-daryk-kas-patinka","status":"publish","type":"product","link":"https:\/\/skaitytaknyga.lt\/en\/produktas\/fk-it-daryk-kas-patinka\/","title":{"rendered":"F**k it: daryk, kas patinka"},"content":{"rendered":"<p>Apimtas streso, piktas ar nusimin\u0119s? I\u0161bandyk F**k It terapij\u0105.<\/p>\n<p>\u201eSunday Times Style Magazine&#8221;<\/p>\n<p>F**k It. Daryk, kas patinka. Mesk teis\u0117s studijas ir tapk virtuv\u0117s \u0161efu. Atsisakyk paauk\u0161tinimo darbe ir praleisk daugiau laiko su \u0161eima. Daryk, kas patinka. Pie\u0161k per prie\u0161pie\u010dius. Dainuok nuo\u0161ird\u017eiai d\u017eiaugdamasis. Daryk, kas patinka. Nustok pardavin\u0117j\u0119s tai, ko \u017emon\u0117ms nereikia, ir daryk masa\u017eus, kad \u017emon\u0117s pasijust\u0173 geriau. Daryk, kas tau teikia palaim\u0105, nes gyvenimas yra trumpas. U\u017esisakyk kavos ir sukurk svajoni\u0173 verslo plan\u0105. Plauk banglente. Ra\u0161yk poezij\u0105. Daryk ma\u017eiau, u\u017edirbk ma\u017eiau, planuok ma\u017eiau, galvok ma\u017eiau, kalb\u0117k ma\u017eiau. Daryk, kas patinka. Juokis daugiau, verk daugiau, \u0161ok daugiau, myl\u0117k daugiau, prarask daugiau, b\u016bk su savimi daugiau. Daryk, kas patinka. Atiduok nereikalingus daiktus labdarai. Pirk tai, kas patinka. Sukurk dain\u0105, praktikuok jog\u0105, ra\u0161yk tikrus lai\u0161kus ant tikro popieriaus tikru ra\u0161alu. Daryk, kas patinka. I\u0161dr\u012fsk palikti savo \u017eenkl\u0105. Pasitrauk \u012f \u0161al\u012f ir steb\u0117k praeinan\u010di\u0105 akimirk\u0105. \u012esiklausyk \u012f save ir tada kalb\u0117k su kitais. I\u0161klausyk kitus, tada&#8230; daryk, kas patinka. F**k It. Papras\u010diausiai daryk, kas patinka.<\/p>\n<p>Bestselerio<strong>\u00a0\u201eF**k It. Idealus dvasinis kelias&#8221;<\/strong>\u00a0autorius kvie\u010dia siekti i\u0161\u0161\u016bki\u0173.<\/p>\n<ul class=\"about-product d-none d-xl-block mt-4\">\n<li><strong>Originalus pavadinimas:<\/strong>\u00a0F**k it. Do What you Love<\/li>\n<li><strong>Autorius:<\/strong>\u00a0<a href=\"https:\/\/skaitytaknyga.lt\/?s=John+C.+Parkin&#038;post_type=product&#038;dgwt_wcas=1\">John C. Parkin<\/a><\/li>\n<li><strong>Leid\u0117jas<\/strong>\u00a0Alma littera<\/li>\n<li><strong>Metai:<\/strong>\u00a02016<\/li>\n<li><strong>Puslapiai:<\/strong>\u00a0304<\/li>\n<li class=\"toggleable type-new-formats \"><strong>ISBN :\u00a0<\/strong>9786090124925<\/li>\n<li><strong>Versijos kodas:<\/strong>\u00a0PT.<\/li>\n<li class=\"toggleable type-new-formats \"><strong>Formatas:<\/strong>\u00a014,3 x 21,3 x 2,2 cm, mink\u0161ti vir\u0161eliai<\/li>\n<li><strong>Kalba:<\/strong>\u00a0Lietuvi\u0173<\/li>\n<li><strong>Vert\u0117jas:<\/strong>\u00a0Egl\u0117 \u010cerniauskait\u0117<\/li>\n<\/ul>\n","protected":false},"excerpt":{"rendered":"<p>Apimtas streso, piktas ar nusimin\u0119s? I\u0161bandyk F**k It terapij\u0105. \u201eSunday Times Style Magazine&#8221; F**k It. Daryk, kas patinka. Mesk teis\u0117s studijas ir tapk virtuv\u0117s \u0161efu. Atsisakyk paauk\u0161tinimo darbe ir praleisk daugiau laiko su \u0161eima. Daryk, kas patinka. Pie\u0161k per prie\u0161pie\u010dius. Dainuok nuo\u0161ird\u017eiai d\u017eiaugdamasis. Daryk, kas patinka. Nustok pardavin\u0117j\u0119s tai, ko \u017emon\u0117ms nereikia, ir daryk masa\u017eus, kad \u017emon\u0117s pasijust\u0173 geriau. Daryk, kas tau teikia palaim\u0105, nes gyvenimas yra trumpas. U\u017esisakyk kavos ir sukurk svajoni\u0173 verslo plan\u0105. Plauk banglente. Ra\u0161yk poezij\u0105. Daryk ma\u017eiau, u\u017edirbk ma\u017eiau, planuok ma\u017eiau, galvok ma\u017eiau, kalb\u0117k ma\u017eiau. Daryk, kas patinka. Juokis daugiau, verk daugiau, \u0161ok daugiau, myl\u0117k daugiau, prarask daugiau, b\u016bk su savimi daugiau. Daryk, kas patinka. Atiduok nereikalingus daiktus labdarai. Pirk tai, kas patinka. Sukurk dain\u0105, praktikuok jog\u0105, ra\u0161yk tikrus lai\u0161kus ant tikro popieriaus tikru ra\u0161alu. Daryk, kas patinka. I\u0161dr\u012fsk palikti savo \u017eenkl\u0105. Pasitrauk \u012f \u0161al\u012f ir steb\u0117k praeinan\u010di\u0105 akimirk\u0105. \u012esiklausyk \u012f save ir tada kalb\u0117k su kitais. I\u0161klausyk kitus, tada&#8230; daryk, kas patinka. F**k It. Papras\u010diausiai daryk, kas patinka. Bestselerio\u00a0\u201eF**k It. Idealus dvasinis kelias&#8221;\u00a0autorius kvie\u010dia siekti i\u0161\u0161\u016bki\u0173. Originalus pavadinimas:\u00a0F**k it. Do What you Love Autorius:\u00a0John C. Parkin Leid\u0117jas\u00a0Alma littera Metai:\u00a02016 Puslapiai:\u00a0304 ISBN :\u00a09786090124925 Versijos kodas:\u00a0PT. Formatas:\u00a014,3 x 21,3 x 2,2 cm, mink\u0161ti vir\u0161eliai Kalba:\u00a0Lietuvi\u0173 Vert\u0117jas:\u00a0Egl\u0117 \u010cerniauskait\u0117<\/p>\n","protected":false},"featured_media":17787,"comment_status":"open","ping_status":"closed","template":"","meta":{"_acf_changed":false,"site-sidebar-layout":"default","site-content-layout":"","ast-site-content-layout":"default","site-content-style":"default","site-sidebar-style":"default","ast-global-header-display":"","ast-banner-title-visibility":"","ast-main-header-display":"","ast-hfb-above-header-display":"","ast-hfb-below-header-display":"","ast-hfb-mobile-header-display":"","site-post-title":"","ast-breadcrumbs-content":"","ast-featured-img":"","footer-sml-layout":"","ast-disable-related-posts":"","theme-transparent-header-meta":"default","adv-header-id-meta":"","stick-header-meta":"","header-above-stick-meta":"","header-main-stick-meta":"","header-below-stick-meta":"","astra-migrate-meta-layouts":"set","ast-page-background-enabled":"default","ast-page-background-meta":{"desktop":{"background-color":"","background-image":"","background-repeat":"repeat","background-position":"center center","background-size":"auto","background-attachment":"scroll","background-type":"","background-media":"","overlay-type":"","overlay-color":"","overlay-opacity":"","overlay-gradient":""},"tablet":{"background-color":"","background-image":"","background-repeat":"repeat","background-position":"center center","background-size":"auto","background-attachment":"scroll","background-type":"","background-media":"","overlay-type":"","overlay-color":"","overlay-opacity":"","overlay-gradient":""},"mobile":{"background-color":"","background-image":"","background-repeat":"repeat","background-position":"center center","background-size":"auto","background-attachment":"scroll","background-type":"","background-media":"","overlay-type":"","overlay-color":"","overlay-opacity":"","overlay-gradient":""}},"ast-content-background-meta":{"desktop":{"background-color":"var(--ast-global-color-4)","background-image":"","background-repeat":"repeat","background-position":"center center","background-size":"auto","background-attachment":"scroll","background-type":"","background-media":"","overlay-type":"","overlay-color":"","overlay-opacity":"","overlay-gradient":""},"tablet":{"background-color":"var(--ast-global-color-4)","background-image":"","background-repeat":"repeat","background-position":"center center","background-size":"auto","background-attachment":"scroll","background-type":"","background-media":"","overlay-type":"","overlay-color":"","overlay-opacity":"","overlay-gradient":""},"mobile":{"background-color":"var(--ast-global-color-4)","background-image":"","background-repeat":"repeat","background-position":"center center","background-size":"auto","background-attachment":"scroll","background-type":"","background-media":"","overlay-type":"","overlay-color":"","overlay-opacity":"","overlay-gradient":""}}},"product_brand":[],"product_cat":[15,30],"product_tag":[2056,1777,2003,1627,3557,3558,1968,2561,1412],"class_list":{"0":"post-17786","1":"product","2":"type-product","3":"status-publish","4":"has-post-thumbnail","6":"product_cat-uncategorized","7":"product_cat-psichologija-ir-saviugda","8":"product_tag-drasa","9":"product_tag-dvasinis-kelias","10":"product_tag-gyvenimo-dziaugsmas","11":"product_tag-gyvenimo-prasme","12":"product_tag-john-c-parkin","13":"product_tag-laisve","14":"product_tag-samoningumas","15":"product_tag-saves-pazinimas","16":"product_tag-saviraiska","17":"desktop-align-left","18":"tablet-align-left","19":"mobile-align-left","21":"first","22":"instock","23":"shipping-taxable","24":"purchasable","25":"product-type-simple"},"acf":[],"yoast_head":"<!-- This site is optimized with the Yoast SEO plugin v27.0 - https:\/\/yoast.com\/product\/yoast-seo-wordpress\/ -->\n<title>F**k it: daryk, kas patinka<\/title>\n<meta name=\"description\" content=\"Apimtas streso, piktas ar nusimin\u0119s? I\u0161bandyk F**k It terapij\u0105. \u201eSunday Times Style Magazine&quot; F**k It. Daryk, kas patinka. Mesk teis\u0117s studijas ir tapk\" \/>\n<meta name=\"robots\" content=\"index, follow, max-snippet:-1, max-image-preview:large, max-video-preview:-1\" \/>\n<link rel=\"canonical\" href=\"https:\/\/skaitytaknyga.lt\/en\/produktas\/fk-it-daryk-kas-patinka\/\" \/>\n<meta property=\"og:locale\" content=\"en_GB\" \/>\n<meta property=\"og:locale:alternate\" content=\"lt_LT\" \/>\n<meta property=\"og:type\" content=\"article\" \/>\n<meta property=\"og:title\" content=\"F**k it: daryk, kas patinka\" \/>\n<meta property=\"og:description\" content=\"Apimtas streso, piktas ar nusimin\u0119s? I\u0161bandyk F**k It terapij\u0105. \u201eSunday Times Style Magazine&quot; F**k It. Daryk, kas patinka. Mesk teis\u0117s studijas ir tapk\" \/>\n<meta property=\"og:url\" content=\"https:\/\/skaitytaknyga.lt\/en\/produktas\/fk-it-daryk-kas-patinka\/\" \/>\n<meta property=\"og:site_name\" content=\"Skaitytaknyga\" \/>\n<meta property=\"article:publisher\" content=\"https:\/\/www.facebook.com\/skaitytaknyga\/\" \/>\n<meta property=\"article:modified_time\" content=\"2025-05-15T12:06:22+00:00\" \/>\n<meta property=\"og:image\" content=\"https:\/\/skaitytaknyga.lt\/wp-content\/uploads\/2025\/04\/Fuck-it-daryk-kas-patinka.webp\" \/>\n\t<meta property=\"og:image:width\" content=\"268\" \/>\n\t<meta property=\"og:image:height\" content=\"398\" \/>\n\t<meta property=\"og:image:type\" content=\"image\/webp\" \/>\n<meta name=\"twitter:card\" content=\"summary_large_image\" \/>\n<meta name=\"twitter:label1\" content=\"Estimated reading time\" \/>\n\t<meta name=\"twitter:data1\" content=\"2 minutes\" \/>\n<script type=\"application\/ld+json\" class=\"yoast-schema-graph\">{\"@context\":\"https:\/\/schema.org\",\"@graph\":[{\"@type\":\"WebPage\",\"@id\":\"https:\/\/skaitytaknyga.lt\/produktas\/fk-it-daryk-kas-patinka\/\",\"url\":\"https:\/\/skaitytaknyga.lt\/produktas\/fk-it-daryk-kas-patinka\/\",\"name\":\"F**k it: daryk, kas patinka\",\"isPartOf\":{\"@id\":\"https:\/\/skaitytaknyga.lt\/#website\"},\"primaryImageOfPage\":{\"@id\":\"https:\/\/skaitytaknyga.lt\/produktas\/fk-it-daryk-kas-patinka\/#primaryimage\"},\"image\":{\"@id\":\"https:\/\/skaitytaknyga.lt\/produktas\/fk-it-daryk-kas-patinka\/#primaryimage\"},\"thumbnailUrl\":\"https:\/\/skaitytaknyga.lt\/wp-content\/uploads\/2025\/04\/Fuck-it-daryk-kas-patinka.webp\",\"datePublished\":\"2025-04-15T07:07:36+00:00\",\"dateModified\":\"2025-05-15T12:06:22+00:00\",\"description\":\"Apimtas streso, piktas ar nusimin\u0119s? I\u0161bandyk F**k It terapij\u0105. \u201eSunday Times Style Magazine\\\" F**k It. Daryk, kas patinka. Mesk teis\u0117s studijas ir tapk\",\"breadcrumb\":{\"@id\":\"https:\/\/skaitytaknyga.lt\/produktas\/fk-it-daryk-kas-patinka\/#breadcrumb\"},\"inLanguage\":\"en-GB\",\"potentialAction\":[{\"@type\":\"ReadAction\",\"target\":[\"https:\/\/skaitytaknyga.lt\/produktas\/fk-it-daryk-kas-patinka\/\"]}]},{\"@type\":\"ImageObject\",\"inLanguage\":\"en-GB\",\"@id\":\"https:\/\/skaitytaknyga.lt\/produktas\/fk-it-daryk-kas-patinka\/#primaryimage\",\"url\":\"https:\/\/skaitytaknyga.lt\/wp-content\/uploads\/2025\/04\/Fuck-it-daryk-kas-patinka.webp\",\"contentUrl\":\"https:\/\/skaitytaknyga.lt\/wp-content\/uploads\/2025\/04\/Fuck-it-daryk-kas-patinka.webp\",\"width\":268,\"height\":398,\"caption\":\"F**k it: daryk, kas patinka\"},{\"@type\":\"BreadcrumbList\",\"@id\":\"https:\/\/skaitytaknyga.lt\/produktas\/fk-it-daryk-kas-patinka\/#breadcrumb\",\"itemListElement\":[{\"@type\":\"ListItem\",\"position\":1,\"name\":\"Home\",\"item\":\"https:\/\/skaitytaknyga.lt\/\"},{\"@type\":\"ListItem\",\"position\":2,\"name\":\"Parduotuv\u0117\",\"item\":\"https:\/\/skaitytaknyga.lt\/knygu-parduotuve\/\"},{\"@type\":\"ListItem\",\"position\":3,\"name\":\"F**k it: daryk, kas patinka\"}]},{\"@type\":\"WebSite\",\"@id\":\"https:\/\/skaitytaknyga.lt\/#website\",\"url\":\"https:\/\/skaitytaknyga.lt\/\",\"name\":\"skaitytaknyga.lt\",\"description\":\"Skaitytaknyga.lt \u2013 tai ma\u017eas \u0161eimos verslas, kuris prasid\u0117jo nuo meil\u0117s knygoms ir siekio i\u0161gelb\u0117ti knygas nuo likimo prie konteinerio. Kas vienam nereikalingas daiktas \u2013 kitam lobis, o mes esame tarpininkai, kurie padeda abiems tapti laimingesniems ???? \u017dinome kaip nelengva i\u0161gyventi ma\u017eiems verslams, tad nuo \u0161iol, \u010dia rasite ir kit\u0173, ma\u017e\u0173 \u0161eim\u0173 versl\u0173, rank\u0173 darbo, dovan\u0173 sau ir artimiesiems.\",\"publisher\":{\"@id\":\"https:\/\/skaitytaknyga.lt\/#organization\"},\"potentialAction\":[{\"@type\":\"SearchAction\",\"target\":{\"@type\":\"EntryPoint\",\"urlTemplate\":\"https:\/\/skaitytaknyga.lt\/?s={search_term_string}\"},\"query-input\":{\"@type\":\"PropertyValueSpecification\",\"valueRequired\":true,\"valueName\":\"search_term_string\"}}],\"inLanguage\":\"en-GB\"},{\"@type\":\"Organization\",\"@id\":\"https:\/\/skaitytaknyga.lt\/#organization\",\"name\":\"skaitytaknyga.lt\",\"url\":\"https:\/\/skaitytaknyga.lt\/\",\"logo\":{\"@type\":\"ImageObject\",\"inLanguage\":\"en-GB\",\"@id\":\"https:\/\/skaitytaknyga.lt\/#\/schema\/logo\/image\/\",\"url\":\"https:\/\/skaitytaknyga.lt\/wp-content\/uploads\/2024\/05\/cropped-cropped-cropped-02_00843_jt3bggkj1j3HLc7SyY6rEUpg.jpeg\",\"contentUrl\":\"https:\/\/skaitytaknyga.lt\/wp-content\/uploads\/2024\/05\/cropped-cropped-cropped-02_00843_jt3bggkj1j3HLc7SyY6rEUpg.jpeg\",\"width\":1600,\"height\":1600,\"caption\":\"skaitytaknyga.lt\"},\"image\":{\"@id\":\"https:\/\/skaitytaknyga.lt\/#\/schema\/logo\/image\/\"},\"sameAs\":[\"https:\/\/www.facebook.com\/skaitytaknyga\/\"]}]}<\/script>\n<!-- \/ Yoast SEO plugin. -->","yoast_head_json":{"title":"F**k it: daryk, kas patinka","description":"Apimtas streso, piktas ar nusimin\u0119s? I\u0161bandyk F**k It terapij\u0105. \u201eSunday Times Style Magazine\" F**k It. Daryk, kas patinka. Mesk teis\u0117s studijas ir tapk","robots":{"index":"index","follow":"follow","max-snippet":"max-snippet:-1","max-image-preview":"max-image-preview:large","max-video-preview":"max-video-preview:-1"},"canonical":"https:\/\/skaitytaknyga.lt\/en\/produktas\/fk-it-daryk-kas-patinka\/","og_locale":"en_GB","og_type":"article","og_title":"[:lt]F**k it: daryk, kas patinka[:] - Skaitytaknyga","og_description":"Apimtas streso, piktas ar nusimin\u0119s? I\u0161bandyk F**k It terapij\u0105. \u201eSunday Times Style Magazine\" F**k It. Daryk, kas patinka. Mesk teis\u0117s studijas ir tapk","og_url":"https:\/\/skaitytaknyga.lt\/en\/produktas\/fk-it-daryk-kas-patinka\/","og_site_name":"Skaitytaknyga","article_publisher":"https:\/\/www.facebook.com\/skaitytaknyga\/","article_modified_time":"2025-05-15T12:06:22+00:00","og_image":[{"width":268,"height":398,"url":"https:\/\/skaitytaknyga.lt\/wp-content\/uploads\/2025\/04\/Fuck-it-daryk-kas-patinka.webp","type":"image\/webp"}],"twitter_card":"summary_large_image","twitter_misc":{"Estimated reading time":"2 minutes"},"schema":{"@context":"https:\/\/schema.org","@graph":[{"@type":"WebPage","@id":"https:\/\/skaitytaknyga.lt\/produktas\/fk-it-daryk-kas-patinka\/","url":"https:\/\/skaitytaknyga.lt\/produktas\/fk-it-daryk-kas-patinka\/","name":"F**k it: daryk, kas patinka","isPartOf":{"@id":"https:\/\/skaitytaknyga.lt\/#website"},"primaryImageOfPage":{"@id":"https:\/\/skaitytaknyga.lt\/produktas\/fk-it-daryk-kas-patinka\/#primaryimage"},"image":{"@id":"https:\/\/skaitytaknyga.lt\/produktas\/fk-it-daryk-kas-patinka\/#primaryimage"},"thumbnailUrl":"https:\/\/skaitytaknyga.lt\/wp-content\/uploads\/2025\/04\/Fuck-it-daryk-kas-patinka.webp","datePublished":"2025-04-15T07:07:36+00:00","dateModified":"2025-05-15T12:06:22+00:00","description":"Apimtas streso, piktas ar nusimin\u0119s? I\u0161bandyk F**k It terapij\u0105. \u201eSunday Times Style Magazine\" F**k It. Daryk, kas patinka. Mesk teis\u0117s studijas ir tapk","breadcrumb":{"@id":"https:\/\/skaitytaknyga.lt\/produktas\/fk-it-daryk-kas-patinka\/#breadcrumb"},"inLanguage":"en-GB","potentialAction":[{"@type":"ReadAction","target":["https:\/\/skaitytaknyga.lt\/produktas\/fk-it-daryk-kas-patinka\/"]}]},{"@type":"ImageObject","inLanguage":"en-GB","@id":"https:\/\/skaitytaknyga.lt\/produktas\/fk-it-daryk-kas-patinka\/#primaryimage","url":"https:\/\/skaitytaknyga.lt\/wp-content\/uploads\/2025\/04\/Fuck-it-daryk-kas-patinka.webp","contentUrl":"https:\/\/skaitytaknyga.lt\/wp-content\/uploads\/2025\/04\/Fuck-it-daryk-kas-patinka.webp","width":268,"height":398,"caption":"F**k it: daryk, kas patinka"},{"@type":"BreadcrumbList","@id":"https:\/\/skaitytaknyga.lt\/produktas\/fk-it-daryk-kas-patinka\/#breadcrumb","itemListElement":[{"@type":"ListItem","position":1,"name":"Home","item":"https:\/\/skaitytaknyga.lt\/"},{"@type":"ListItem","position":2,"name":"Parduotuv\u0117","item":"https:\/\/skaitytaknyga.lt\/knygu-parduotuve\/"},{"@type":"ListItem","position":3,"name":"F**k it: daryk, kas patinka"}]},{"@type":"WebSite","@id":"https:\/\/skaitytaknyga.lt\/#website","url":"https:\/\/skaitytaknyga.lt\/","name":"skaitytaknyga.lt","description":"Skaitytaknyga.lt \u2013 tai ma\u017eas \u0161eimos verslas, kuris prasid\u0117jo nuo meil\u0117s knygoms ir siekio i\u0161gelb\u0117ti knygas nuo likimo prie konteinerio. Kas vienam nereikalingas daiktas \u2013 kitam lobis, o mes esame tarpininkai, kurie padeda abiems tapti laimingesniems ???? \u017dinome kaip nelengva i\u0161gyventi ma\u017eiems verslams, tad nuo \u0161iol, \u010dia rasite ir kit\u0173, ma\u017e\u0173 \u0161eim\u0173 versl\u0173, rank\u0173 darbo, dovan\u0173 sau ir artimiesiems.","publisher":{"@id":"https:\/\/skaitytaknyga.lt\/#organization"},"potentialAction":[{"@type":"SearchAction","target":{"@type":"EntryPoint","urlTemplate":"https:\/\/skaitytaknyga.lt\/?s={search_term_string}"},"query-input":{"@type":"PropertyValueSpecification","valueRequired":true,"valueName":"search_term_string"}}],"inLanguage":"en-GB"},{"@type":"Organization","@id":"https:\/\/skaitytaknyga.lt\/#organization","name":"skaitytaknyga.lt","url":"https:\/\/skaitytaknyga.lt\/","logo":{"@type":"ImageObject","inLanguage":"en-GB","@id":"https:\/\/skaitytaknyga.lt\/#\/schema\/logo\/image\/","url":"https:\/\/skaitytaknyga.lt\/wp-content\/uploads\/2024\/05\/cropped-cropped-cropped-02_00843_jt3bggkj1j3HLc7SyY6rEUpg.jpeg","contentUrl":"https:\/\/skaitytaknyga.lt\/wp-content\/uploads\/2024\/05\/cropped-cropped-cropped-02_00843_jt3bggkj1j3HLc7SyY6rEUpg.jpeg","width":1600,"height":1600,"caption":"skaitytaknyga.lt"},"image":{"@id":"https:\/\/skaitytaknyga.lt\/#\/schema\/logo\/image\/"},"sameAs":["https:\/\/www.facebook.com\/skaitytaknyga\/"]}]}},"_links":{"self":[{"href":"https:\/\/skaitytaknyga.lt\/en\/wp-json\/wp\/v2\/product\/17786","targetHints":{"allow":["GET"]}}],"collection":[{"href":"https:\/\/skaitytaknyga.lt\/en\/wp-json\/wp\/v2\/product"}],"about":[{"href":"https:\/\/skaitytaknyga.lt\/en\/wp-json\/wp\/v2\/types\/product"}],"replies":[{"embeddable":true,"href":"https:\/\/skaitytaknyga.lt\/en\/wp-json\/wp\/v2\/comments?post=17786"}],"wp:featuredmedia":[{"embeddable":true,"href":"https:\/\/skaitytaknyga.lt\/en\/wp-json\/wp\/v2\/media\/17787"}],"wp:attachment":[{"href":"https:\/\/skaitytaknyga.lt\/en\/wp-json\/wp\/v2\/media?parent=17786"}],"wp:term":[{"taxonomy":"product_brand","embeddable":true,"href":"https:\/\/skaitytaknyga.lt\/en\/wp-json\/wp\/v2\/product_brand?post=17786"},{"taxonomy":"product_cat","embeddable":true,"href":"https:\/\/skaitytaknyga.lt\/en\/wp-json\/wp\/v2\/product_cat?post=17786"},{"taxonomy":"product_tag","embeddable":true,"href":"https:\/\/skaitytaknyga.lt\/en\/wp-json\/wp\/v2\/product_tag?post=17786"}],"curies":[{"name":"wp","href":"https:\/\/api.w.org\/{rel}","templated":true}]}}