{"id":17784,"date":"2025-04-15T10:06:04","date_gmt":"2025-04-15T07:06:04","guid":{"rendered":"https:\/\/skaitytaknyga.lt\/?post_type=product&#038;p=17784"},"modified":"2025-05-15T15:07:11","modified_gmt":"2025-05-15T12:07:11","slug":"mano-virtualieji-as","status":"publish","type":"product","link":"https:\/\/skaitytaknyga.lt\/en\/produktas\/mano-virtualieji-as\/","title":{"rendered":"Mano virtualieji a\u0161"},"content":{"rendered":"<p><strong>E-VOLIUCIJA AR RE-VOLIUCIJA?<\/strong><br \/>\nVadinkite, kaip norite, ta\u010diau socialin\u0117 \u017einiasklaida at\u0117jo ilgam. Ji kei\u010dia j\u016bs\u0173 gyvenim\u0105, darb\u0105 ir pasaul\u012f. \u010cia negali b\u016bti gr\u0119\u017eiojimosi atgal. \u017dinoma, i\u0161skyrus atgal \u012f viduram\u017eius.<\/p>\n<p>Virtualiose organizacijose nesvarbu, kas para\u0161yta j\u016bs\u0173 vizitin\u0117je kortel\u0117je.<br \/>\nVirtualiame pasaulyje galite pats save i\u0161rasti.<\/p>\n<p>Ta\u010diau nenustebkite, kad virtualiame pasaulyje j\u016bs\u0173 tapatyb\u0119 gali pavogti. Lygiai taip pat \u012fmanoma, kad ka\u017ekas jau suk\u016br\u0117 j\u016bs\u0173 tapatyb\u0119 be j\u016bs\u0173 \u017einios. Net galite su\u017einoti, kad j\u016bs\u0173 tapatyb\u0117 be j\u016bs\u0173 leidimo buvo pa\u0161alinta.<\/p>\n<p>\u0160i knyga apra\u0161o, vertina ir analizuoja Web 2.0 e. prover\u017eio varom\u0105sias j\u0117gas ir paai\u0161kina, k\u0105 tai rei\u0161kia jums \u2013 \u0161iandien, rytoj ir ateityje.<\/p>\n<p><em>\u201eTai knyga apie\u00a0\u012ftak\u0105\u00a0ir gali\u0105, kuri\u0105\u00a0suteikia internetas. Kartu \u2013 tai knyga apie reputacij\u0105, kuri\u0105, netinkamai naudojant interneto suteikt\u0105 \u012ftak\u0105 ir gali\u0105, galima labai lengvai sugriauti.\u201c<\/em><\/p>\n<p>Art\u016bras Ra\u010das, BNS Vyriausiasis redaktorius ir Met\u0173 interneto \u017emogus (Login 2009)<\/p>\n<ul class=\"about-product d-none d-xl-block mt-4\">\n<li><strong>Autorius:<\/strong>\u00a0Matthew Fraser,\u00a0Soumitra Dutta<\/li>\n<li><strong>Leid\u0117jas<\/strong>\u00a0Eugrimas<\/li>\n<li><strong>Metai:<\/strong>\u00a02010<\/li>\n<li><strong>Puslapiai:<\/strong>\u00a0476<\/li>\n<li class=\"toggleable type-new-formats \"><strong>ISBN :\u00a0<\/strong>9789955790785<\/li>\n<li><strong>Versijos kodas:<\/strong>\u00a0PT.<\/li>\n<li class=\"toggleable type-new-formats \"><strong>Formatas:<\/strong>\u00a013,5 x 20,5 cm, mink\u0161ti vir\u0161eliai<\/li>\n<li><strong>Kalba:<\/strong>\u00a0Lietuvi\u0173<\/li>\n<li><strong>Vert\u0117jas:<\/strong>\u00a0Aidas Jura\u0161ius<\/li>\n<\/ul>\n","protected":false},"excerpt":{"rendered":"<p>E-VOLIUCIJA AR RE-VOLIUCIJA? Vadinkite, kaip norite, ta\u010diau socialin\u0117 \u017einiasklaida at\u0117jo ilgam. Ji kei\u010dia j\u016bs\u0173 gyvenim\u0105, darb\u0105 ir pasaul\u012f. \u010cia negali b\u016bti gr\u0119\u017eiojimosi atgal. \u017dinoma, i\u0161skyrus atgal \u012f viduram\u017eius. Virtualiose organizacijose nesvarbu, kas para\u0161yta j\u016bs\u0173 vizitin\u0117je kortel\u0117je. Virtualiame pasaulyje galite pats save i\u0161rasti. Ta\u010diau nenustebkite, kad virtualiame pasaulyje j\u016bs\u0173 tapatyb\u0119 gali pavogti. Lygiai taip pat \u012fmanoma, kad ka\u017ekas jau suk\u016br\u0117 j\u016bs\u0173 tapatyb\u0119 be j\u016bs\u0173 \u017einios. Net galite su\u017einoti, kad j\u016bs\u0173 tapatyb\u0117 be j\u016bs\u0173 leidimo buvo pa\u0161alinta. \u0160i knyga apra\u0161o, vertina ir analizuoja Web 2.0 e. prover\u017eio varom\u0105sias j\u0117gas ir paai\u0161kina, k\u0105 tai rei\u0161kia jums \u2013 \u0161iandien, rytoj ir ateityje. \u201eTai knyga apie\u00a0\u012ftak\u0105\u00a0ir gali\u0105, kuri\u0105\u00a0suteikia internetas. Kartu \u2013 tai knyga apie reputacij\u0105, kuri\u0105, netinkamai naudojant interneto suteikt\u0105 \u012ftak\u0105 ir gali\u0105, galima labai lengvai sugriauti.\u201c Art\u016bras Ra\u010das, BNS Vyriausiasis redaktorius ir Met\u0173 interneto \u017emogus (Login 2009) Autorius:\u00a0Matthew Fraser,\u00a0Soumitra Dutta Leid\u0117jas\u00a0Eugrimas Metai:\u00a02010 Puslapiai:\u00a0476 ISBN :\u00a09789955790785 Versijos kodas:\u00a0PT. Formatas:\u00a013,5 x 20,5 cm, mink\u0161ti vir\u0161eliai Kalba:\u00a0Lietuvi\u0173 Vert\u0117jas:\u00a0Aidas Jura\u0161ius<\/p>\n","protected":false},"featured_media":17785,"comment_status":"open","ping_status":"closed","template":"","meta":{"_acf_changed":false,"site-sidebar-layout":"default","site-content-layout":"","ast-site-content-layout":"default","site-content-style":"default","site-sidebar-style":"default","ast-global-header-display":"","ast-banner-title-visibility":"","ast-main-header-display":"","ast-hfb-above-header-display":"","ast-hfb-below-header-display":"","ast-hfb-mobile-header-display":"","site-post-title":"","ast-breadcrumbs-content":"","ast-featured-img":"","footer-sml-layout":"","ast-disable-related-posts":"","theme-transparent-header-meta":"default","adv-header-id-meta":"","stick-header-meta":"","header-above-stick-meta":"","header-main-stick-meta":"","header-below-stick-meta":"","astra-migrate-meta-layouts":"set","ast-page-background-enabled":"default","ast-page-background-meta":{"desktop":{"background-color":"","background-image":"","background-repeat":"repeat","background-position":"center center","background-size":"auto","background-attachment":"scroll","background-type":"","background-media":"","overlay-type":"","overlay-color":"","overlay-opacity":"","overlay-gradient":""},"tablet":{"background-color":"","background-image":"","background-repeat":"repeat","background-position":"center center","background-size":"auto","background-attachment":"scroll","background-type":"","background-media":"","overlay-type":"","overlay-color":"","overlay-opacity":"","overlay-gradient":""},"mobile":{"background-color":"","background-image":"","background-repeat":"repeat","background-position":"center center","background-size":"auto","background-attachment":"scroll","background-type":"","background-media":"","overlay-type":"","overlay-color":"","overlay-opacity":"","overlay-gradient":""}},"ast-content-background-meta":{"desktop":{"background-color":"var(--ast-global-color-4)","background-image":"","background-repeat":"repeat","background-position":"center center","background-size":"auto","background-attachment":"scroll","background-type":"","background-media":"","overlay-type":"","overlay-color":"","overlay-opacity":"","overlay-gradient":""},"tablet":{"background-color":"var(--ast-global-color-4)","background-image":"","background-repeat":"repeat","background-position":"center center","background-size":"auto","background-attachment":"scroll","background-type":"","background-media":"","overlay-type":"","overlay-color":"","overlay-opacity":"","overlay-gradient":""},"mobile":{"background-color":"var(--ast-global-color-4)","background-image":"","background-repeat":"repeat","background-position":"center center","background-size":"auto","background-attachment":"scroll","background-type":"","background-media":"","overlay-type":"","overlay-color":"","overlay-opacity":"","overlay-gradient":""}}},"product_brand":[],"product_cat":[26,15],"product_tag":[3602,3601,3599,3603,3598,3600],"class_list":{"0":"post-17784","1":"product","2":"type-product","3":"status-publish","4":"has-post-thumbnail","6":"product_cat-verslas-vadyba-ir-finansai","7":"product_cat-uncategorized","8":"product_tag-autorius-matthew-fraser","9":"product_tag-saves-suvokimas","10":"product_tag-skaitmenine-tapatybe","11":"product_tag-soumitra-dutta","12":"product_tag-technologijos","13":"product_tag-virtualios-realybes","14":"desktop-align-left","15":"tablet-align-left","16":"mobile-align-left","18":"first","19":"instock","20":"shipping-taxable","21":"purchasable","22":"product-type-simple"},"acf":[],"yoast_head":"<!-- This site is optimized with the Yoast SEO plugin v27.4 - https:\/\/yoast.com\/product\/yoast-seo-wordpress\/ -->\n<title>Mano virtualieji a\u0161<\/title>\n<meta name=\"description\" content=\"E-VOLIUCIJA AR RE-VOLIUCIJA? Vadinkite, kaip norite, ta\u010diau socialin\u0117 \u017einiasklaida at\u0117jo ilgam. Ji kei\u010dia j\u016bs\u0173 gyvenim\u0105, darb\u0105 ir pasaul\u012f. \u010cia negali b\u016bti\" \/>\n<meta name=\"robots\" content=\"index, follow, max-snippet:-1, max-image-preview:large, max-video-preview:-1\" \/>\n<link rel=\"canonical\" href=\"https:\/\/skaitytaknyga.lt\/en\/produktas\/mano-virtualieji-as\/\" \/>\n<meta property=\"og:locale\" content=\"en_GB\" \/>\n<meta property=\"og:locale:alternate\" content=\"lt_LT\" \/>\n<meta property=\"og:type\" content=\"article\" \/>\n<meta property=\"og:title\" content=\"Mano virtualieji a\u0161\" \/>\n<meta property=\"og:description\" content=\"E-VOLIUCIJA AR RE-VOLIUCIJA? Vadinkite, kaip norite, ta\u010diau socialin\u0117 \u017einiasklaida at\u0117jo ilgam. Ji kei\u010dia j\u016bs\u0173 gyvenim\u0105, darb\u0105 ir pasaul\u012f. \u010cia negali b\u016bti\" \/>\n<meta property=\"og:url\" content=\"https:\/\/skaitytaknyga.lt\/en\/produktas\/mano-virtualieji-as\/\" \/>\n<meta property=\"og:site_name\" content=\"Skaitytaknyga\" \/>\n<meta property=\"article:publisher\" content=\"https:\/\/www.facebook.com\/skaitytaknyga\/\" \/>\n<meta property=\"article:modified_time\" content=\"2025-05-15T12:07:11+00:00\" \/>\n<meta property=\"og:image\" content=\"https:\/\/skaitytaknyga.lt\/wp-content\/uploads\/2025\/04\/Mano-virtualieji-as.webp\" \/>\n\t<meta property=\"og:image:width\" content=\"364\" \/>\n\t<meta property=\"og:image:height\" content=\"595\" \/>\n\t<meta property=\"og:image:type\" content=\"image\/webp\" \/>\n<meta name=\"twitter:card\" content=\"summary_large_image\" \/>\n<meta name=\"twitter:label1\" content=\"Estimated reading time\" \/>\n\t<meta name=\"twitter:data1\" content=\"2 minutes\" \/>\n<script type=\"application\/ld+json\" class=\"yoast-schema-graph\">{\"@context\":\"https:\\\/\\\/schema.org\",\"@graph\":[{\"@type\":\"WebPage\",\"@id\":\"https:\\\/\\\/skaitytaknyga.lt\\\/produktas\\\/mano-virtualieji-as\\\/\",\"url\":\"https:\\\/\\\/skaitytaknyga.lt\\\/produktas\\\/mano-virtualieji-as\\\/\",\"name\":\"Mano virtualieji a\u0161\",\"isPartOf\":{\"@id\":\"https:\\\/\\\/skaitytaknyga.lt\\\/#website\"},\"primaryImageOfPage\":{\"@id\":\"https:\\\/\\\/skaitytaknyga.lt\\\/produktas\\\/mano-virtualieji-as\\\/#primaryimage\"},\"image\":{\"@id\":\"https:\\\/\\\/skaitytaknyga.lt\\\/produktas\\\/mano-virtualieji-as\\\/#primaryimage\"},\"thumbnailUrl\":\"https:\\\/\\\/skaitytaknyga.lt\\\/wp-content\\\/uploads\\\/2025\\\/04\\\/Mano-virtualieji-as.webp\",\"datePublished\":\"2025-04-15T07:06:04+00:00\",\"dateModified\":\"2025-05-15T12:07:11+00:00\",\"description\":\"E-VOLIUCIJA AR RE-VOLIUCIJA? Vadinkite, kaip norite, ta\u010diau socialin\u0117 \u017einiasklaida at\u0117jo ilgam. Ji kei\u010dia j\u016bs\u0173 gyvenim\u0105, darb\u0105 ir pasaul\u012f. \u010cia negali b\u016bti\",\"breadcrumb\":{\"@id\":\"https:\\\/\\\/skaitytaknyga.lt\\\/produktas\\\/mano-virtualieji-as\\\/#breadcrumb\"},\"inLanguage\":\"en-GB\",\"potentialAction\":[{\"@type\":\"ReadAction\",\"target\":[\"https:\\\/\\\/skaitytaknyga.lt\\\/produktas\\\/mano-virtualieji-as\\\/\"]}]},{\"@type\":\"ImageObject\",\"inLanguage\":\"en-GB\",\"@id\":\"https:\\\/\\\/skaitytaknyga.lt\\\/produktas\\\/mano-virtualieji-as\\\/#primaryimage\",\"url\":\"https:\\\/\\\/skaitytaknyga.lt\\\/wp-content\\\/uploads\\\/2025\\\/04\\\/Mano-virtualieji-as.webp\",\"contentUrl\":\"https:\\\/\\\/skaitytaknyga.lt\\\/wp-content\\\/uploads\\\/2025\\\/04\\\/Mano-virtualieji-as.webp\",\"width\":364,\"height\":595,\"caption\":\"Mano virtualieji a\u0161\"},{\"@type\":\"BreadcrumbList\",\"@id\":\"https:\\\/\\\/skaitytaknyga.lt\\\/produktas\\\/mano-virtualieji-as\\\/#breadcrumb\",\"itemListElement\":[{\"@type\":\"ListItem\",\"position\":1,\"name\":\"Home\",\"item\":\"https:\\\/\\\/skaitytaknyga.lt\\\/\"},{\"@type\":\"ListItem\",\"position\":2,\"name\":\"Parduotuv\u0117\",\"item\":\"https:\\\/\\\/skaitytaknyga.lt\\\/knygu-parduotuve\\\/\"},{\"@type\":\"ListItem\",\"position\":3,\"name\":\"Mano virtualieji a\u0161\"}]},{\"@type\":\"WebSite\",\"@id\":\"https:\\\/\\\/skaitytaknyga.lt\\\/#website\",\"url\":\"https:\\\/\\\/skaitytaknyga.lt\\\/\",\"name\":\"skaitytaknyga.lt\",\"description\":\"Skaitytaknyga.lt \u2013 tai ma\u017eas \u0161eimos verslas, kuris prasid\u0117jo nuo meil\u0117s knygoms ir siekio i\u0161gelb\u0117ti knygas nuo likimo prie konteinerio. Kas vienam nereikalingas daiktas \u2013 kitam lobis, o mes esame tarpininkai, kurie padeda abiems tapti laimingesniems ???? \u017dinome kaip nelengva i\u0161gyventi ma\u017eiems verslams, tad nuo \u0161iol, \u010dia rasite ir kit\u0173, ma\u017e\u0173 \u0161eim\u0173 versl\u0173, rank\u0173 darbo, dovan\u0173 sau ir artimiesiems.\",\"publisher\":{\"@id\":\"https:\\\/\\\/skaitytaknyga.lt\\\/#organization\"},\"potentialAction\":[{\"@type\":\"SearchAction\",\"target\":{\"@type\":\"EntryPoint\",\"urlTemplate\":\"https:\\\/\\\/skaitytaknyga.lt\\\/?s={search_term_string}\"},\"query-input\":{\"@type\":\"PropertyValueSpecification\",\"valueRequired\":true,\"valueName\":\"search_term_string\"}}],\"inLanguage\":\"en-GB\"},{\"@type\":\"Organization\",\"@id\":\"https:\\\/\\\/skaitytaknyga.lt\\\/#organization\",\"name\":\"skaitytaknyga.lt\",\"url\":\"https:\\\/\\\/skaitytaknyga.lt\\\/\",\"logo\":{\"@type\":\"ImageObject\",\"inLanguage\":\"en-GB\",\"@id\":\"https:\\\/\\\/skaitytaknyga.lt\\\/#\\\/schema\\\/logo\\\/image\\\/\",\"url\":\"https:\\\/\\\/skaitytaknyga.lt\\\/wp-content\\\/uploads\\\/2024\\\/05\\\/cropped-cropped-cropped-02_00843_jt3bggkj1j3HLc7SyY6rEUpg.jpeg\",\"contentUrl\":\"https:\\\/\\\/skaitytaknyga.lt\\\/wp-content\\\/uploads\\\/2024\\\/05\\\/cropped-cropped-cropped-02_00843_jt3bggkj1j3HLc7SyY6rEUpg.jpeg\",\"width\":1600,\"height\":1600,\"caption\":\"skaitytaknyga.lt\"},\"image\":{\"@id\":\"https:\\\/\\\/skaitytaknyga.lt\\\/#\\\/schema\\\/logo\\\/image\\\/\"},\"sameAs\":[\"https:\\\/\\\/www.facebook.com\\\/skaitytaknyga\\\/\"]}]}<\/script>\n<!-- \/ Yoast SEO plugin. -->","yoast_head_json":{"title":"Mano virtualieji a\u0161","description":"E-VOLIUCIJA AR RE-VOLIUCIJA? Vadinkite, kaip norite, ta\u010diau socialin\u0117 \u017einiasklaida at\u0117jo ilgam. Ji kei\u010dia j\u016bs\u0173 gyvenim\u0105, darb\u0105 ir pasaul\u012f. \u010cia negali b\u016bti","robots":{"index":"index","follow":"follow","max-snippet":"max-snippet:-1","max-image-preview":"max-image-preview:large","max-video-preview":"max-video-preview:-1"},"canonical":"https:\/\/skaitytaknyga.lt\/en\/produktas\/mano-virtualieji-as\/","og_locale":"en_GB","og_type":"article","og_title":"[:lt]Mano virtualieji a\u0161[:] - Skaitytaknyga","og_description":"E-VOLIUCIJA AR RE-VOLIUCIJA? Vadinkite, kaip norite, ta\u010diau socialin\u0117 \u017einiasklaida at\u0117jo ilgam. Ji kei\u010dia j\u016bs\u0173 gyvenim\u0105, darb\u0105 ir pasaul\u012f. \u010cia negali b\u016bti","og_url":"https:\/\/skaitytaknyga.lt\/en\/produktas\/mano-virtualieji-as\/","og_site_name":"Skaitytaknyga","article_publisher":"https:\/\/www.facebook.com\/skaitytaknyga\/","article_modified_time":"2025-05-15T12:07:11+00:00","og_image":[{"width":364,"height":595,"url":"https:\/\/skaitytaknyga.lt\/wp-content\/uploads\/2025\/04\/Mano-virtualieji-as.webp","type":"image\/webp"}],"twitter_card":"summary_large_image","twitter_misc":{"Estimated reading time":"2 minutes"},"schema":{"@context":"https:\/\/schema.org","@graph":[{"@type":"WebPage","@id":"https:\/\/skaitytaknyga.lt\/produktas\/mano-virtualieji-as\/","url":"https:\/\/skaitytaknyga.lt\/produktas\/mano-virtualieji-as\/","name":"Mano virtualieji a\u0161","isPartOf":{"@id":"https:\/\/skaitytaknyga.lt\/#website"},"primaryImageOfPage":{"@id":"https:\/\/skaitytaknyga.lt\/produktas\/mano-virtualieji-as\/#primaryimage"},"image":{"@id":"https:\/\/skaitytaknyga.lt\/produktas\/mano-virtualieji-as\/#primaryimage"},"thumbnailUrl":"https:\/\/skaitytaknyga.lt\/wp-content\/uploads\/2025\/04\/Mano-virtualieji-as.webp","datePublished":"2025-04-15T07:06:04+00:00","dateModified":"2025-05-15T12:07:11+00:00","description":"E-VOLIUCIJA AR RE-VOLIUCIJA? Vadinkite, kaip norite, ta\u010diau socialin\u0117 \u017einiasklaida at\u0117jo ilgam. Ji kei\u010dia j\u016bs\u0173 gyvenim\u0105, darb\u0105 ir pasaul\u012f. \u010cia negali b\u016bti","breadcrumb":{"@id":"https:\/\/skaitytaknyga.lt\/produktas\/mano-virtualieji-as\/#breadcrumb"},"inLanguage":"en-GB","potentialAction":[{"@type":"ReadAction","target":["https:\/\/skaitytaknyga.lt\/produktas\/mano-virtualieji-as\/"]}]},{"@type":"ImageObject","inLanguage":"en-GB","@id":"https:\/\/skaitytaknyga.lt\/produktas\/mano-virtualieji-as\/#primaryimage","url":"https:\/\/skaitytaknyga.lt\/wp-content\/uploads\/2025\/04\/Mano-virtualieji-as.webp","contentUrl":"https:\/\/skaitytaknyga.lt\/wp-content\/uploads\/2025\/04\/Mano-virtualieji-as.webp","width":364,"height":595,"caption":"Mano virtualieji a\u0161"},{"@type":"BreadcrumbList","@id":"https:\/\/skaitytaknyga.lt\/produktas\/mano-virtualieji-as\/#breadcrumb","itemListElement":[{"@type":"ListItem","position":1,"name":"Home","item":"https:\/\/skaitytaknyga.lt\/"},{"@type":"ListItem","position":2,"name":"Parduotuv\u0117","item":"https:\/\/skaitytaknyga.lt\/knygu-parduotuve\/"},{"@type":"ListItem","position":3,"name":"Mano virtualieji a\u0161"}]},{"@type":"WebSite","@id":"https:\/\/skaitytaknyga.lt\/#website","url":"https:\/\/skaitytaknyga.lt\/","name":"skaitytaknyga.lt","description":"Skaitytaknyga.lt \u2013 tai ma\u017eas \u0161eimos verslas, kuris prasid\u0117jo nuo meil\u0117s knygoms ir siekio i\u0161gelb\u0117ti knygas nuo likimo prie konteinerio. Kas vienam nereikalingas daiktas \u2013 kitam lobis, o mes esame tarpininkai, kurie padeda abiems tapti laimingesniems ???? \u017dinome kaip nelengva i\u0161gyventi ma\u017eiems verslams, tad nuo \u0161iol, \u010dia rasite ir kit\u0173, ma\u017e\u0173 \u0161eim\u0173 versl\u0173, rank\u0173 darbo, dovan\u0173 sau ir artimiesiems.","publisher":{"@id":"https:\/\/skaitytaknyga.lt\/#organization"},"potentialAction":[{"@type":"SearchAction","target":{"@type":"EntryPoint","urlTemplate":"https:\/\/skaitytaknyga.lt\/?s={search_term_string}"},"query-input":{"@type":"PropertyValueSpecification","valueRequired":true,"valueName":"search_term_string"}}],"inLanguage":"en-GB"},{"@type":"Organization","@id":"https:\/\/skaitytaknyga.lt\/#organization","name":"skaitytaknyga.lt","url":"https:\/\/skaitytaknyga.lt\/","logo":{"@type":"ImageObject","inLanguage":"en-GB","@id":"https:\/\/skaitytaknyga.lt\/#\/schema\/logo\/image\/","url":"https:\/\/skaitytaknyga.lt\/wp-content\/uploads\/2024\/05\/cropped-cropped-cropped-02_00843_jt3bggkj1j3HLc7SyY6rEUpg.jpeg","contentUrl":"https:\/\/skaitytaknyga.lt\/wp-content\/uploads\/2024\/05\/cropped-cropped-cropped-02_00843_jt3bggkj1j3HLc7SyY6rEUpg.jpeg","width":1600,"height":1600,"caption":"skaitytaknyga.lt"},"image":{"@id":"https:\/\/skaitytaknyga.lt\/#\/schema\/logo\/image\/"},"sameAs":["https:\/\/www.facebook.com\/skaitytaknyga\/"]}]}},"_links":{"self":[{"href":"https:\/\/skaitytaknyga.lt\/en\/wp-json\/wp\/v2\/product\/17784","targetHints":{"allow":["GET"]}}],"collection":[{"href":"https:\/\/skaitytaknyga.lt\/en\/wp-json\/wp\/v2\/product"}],"about":[{"href":"https:\/\/skaitytaknyga.lt\/en\/wp-json\/wp\/v2\/types\/product"}],"replies":[{"embeddable":true,"href":"https:\/\/skaitytaknyga.lt\/en\/wp-json\/wp\/v2\/comments?post=17784"}],"wp:featuredmedia":[{"embeddable":true,"href":"https:\/\/skaitytaknyga.lt\/en\/wp-json\/wp\/v2\/media\/17785"}],"wp:attachment":[{"href":"https:\/\/skaitytaknyga.lt\/en\/wp-json\/wp\/v2\/media?parent=17784"}],"wp:term":[{"taxonomy":"product_brand","embeddable":true,"href":"https:\/\/skaitytaknyga.lt\/en\/wp-json\/wp\/v2\/product_brand?post=17784"},{"taxonomy":"product_cat","embeddable":true,"href":"https:\/\/skaitytaknyga.lt\/en\/wp-json\/wp\/v2\/product_cat?post=17784"},{"taxonomy":"product_tag","embeddable":true,"href":"https:\/\/skaitytaknyga.lt\/en\/wp-json\/wp\/v2\/product_tag?post=17784"}],"curies":[{"name":"wp","href":"https:\/\/api.w.org\/{rel}","templated":true}]}}