{"id":17775,"date":"2025-04-15T09:32:10","date_gmt":"2025-04-15T06:32:10","guid":{"rendered":"https:\/\/skaitytaknyga.lt\/?post_type=product&#038;p=17775"},"modified":"2026-03-18T12:43:05","modified_gmt":"2026-03-18T10:43:05","slug":"cempionu-pusryciai","status":"publish","type":"product","link":"https:\/\/skaitytaknyga.lt\/en\/produktas\/cempionu-pusryciai\/","title":{"rendered":"\u010cempion\u0173 pusry\u010diai (su defektu)"},"content":{"rendered":"<p><strong>\u201e\u010cempion\u0173 pusry\u010diai\u201c\u00a0<\/strong>\u2013 groteski\u0161ka, politi\u0161kai nekorekti\u0161ka, \u0161iek tiek ne\u0161vanki, socialiai kriti\u0161ka ir labai juokinga knyga. Ji pirm\u0105 kart\u0105 i\u0161leista 1973 m., ta\u010diau puikiai dera prie \u0161iandien\u0117s Lietuvos gyvenimo, kur \u012fsigal\u0117jo vartotoji\u0161kas gyvenimo b\u016bdas, karjerizmas, masin\u0117 ir reklamos kult\u016bra su visais jiems b\u016bdingais absurdais ir kvailyb\u0117m.<\/p>\n<p>Respektabilus verslininkas Dveinas Huveris i\u0161keliauja \u012f men\u0173 festival\u012f Midlende, \u012f kur\u012f atvyksta ir mokslin\u0117s fantastikos ra\u0161ytojas Kilgoras Trautas. Jo romanas atskleid\u017eia Dveinui \u201eties\u0105\u201c, kad visas j\u012f supantis pasaulis t\u0117ra piktavalis Visatos k\u016br\u0117jo eksperimentas, o visi \u017emon\u0117s \u2013 robotai, bejausm\u0117s ma\u0161inos, kurios gyvena kasdien\u012f nuobod\u0173 gyvenim\u0105, dauginasi, kariauja, \u017eudo viena kit\u0105, ter\u0161ia gamt\u0105, alina ir naikin\u0105 savo planet\u0105&#8230;<\/p>\n<p><strong>Kurtas Vonnegutas<\/strong>\u00a0\u2013 i\u0161eivio i\u0161 Vokietijos proan\u016bkis, gim\u0117 1922 m. Indianapolyje (Indianos valstija). S\u0105junginink\u0173 armijoje dalyvavo Antrajame pasauliniame kare, buvo patek\u0119s \u012f hitlerinink\u0173 nelaisv\u0119. Prie\u0161 kar\u0105 studijavo biochemij\u0105, po karo \u2013 antropologij\u0105, o \u0161e\u0161tojo de\u0161imtme\u010dio prad\u017eioje atsid\u0117jo vien literat\u016brai. Suk\u016br\u0117 unikal\u0173 literat\u016brin\u012f stili\u0173, jungiant\u012f mokslin\u0119 fantastik\u0105 su juoduoju humoru bei socialine satyra.<\/p>\n<ul class=\"about-product d-none d-xl-block mt-4\">\n<li><strong>Originalus pavadinimas:<\/strong>\u00a0Breakfast of Champions<\/li>\n<li><strong>Autorius:<\/strong>\u00a0<a href=\"https:\/\/skaitytaknyga.lt\/?s=vonegut&#038;post_type=product&#038;dgwt_wcas=1\">Kurt Vonnegut<\/a><\/li>\n<li><strong>Leid\u0117jas<\/strong>\u00a0Kitos knygos<\/li>\n<li><strong>Metai:<\/strong>\u00a02017<\/li>\n<li><strong>Puslapiai:<\/strong>\u00a0272<\/li>\n<li class=\"toggleable type-new-formats \"><strong>ISBN :\u00a0<\/strong>9786094272608<\/li>\n<li><strong>Versijos kodas:<\/strong>\u00a0PT.<\/li>\n<li class=\"toggleable type-new-formats \"><strong>Formatas:<\/strong>\u00a015,5 x 20,5 x 2,8 cm, kieti vir\u0161eliai<\/li>\n<li><strong>Kalba:<\/strong>\u00a0Lietuvi\u0173<\/li>\n<li><strong>Vert\u0117jas:<\/strong>\u00a0Povilas Gasiulis<\/li>\n<\/ul>\n","protected":false},"excerpt":{"rendered":"<p>\u201e\u010cempion\u0173 pusry\u010diai\u201c\u00a0\u2013 groteski\u0161ka, politi\u0161kai nekorekti\u0161ka, \u0161iek tiek ne\u0161vanki, socialiai kriti\u0161ka ir labai juokinga knyga. Ji pirm\u0105 kart\u0105 i\u0161leista 1973 m., ta\u010diau puikiai dera prie \u0161iandien\u0117s Lietuvos gyvenimo, kur \u012fsigal\u0117jo vartotoji\u0161kas gyvenimo b\u016bdas, karjerizmas, masin\u0117 ir reklamos kult\u016bra su visais jiems b\u016bdingais absurdais ir kvailyb\u0117m. Respektabilus verslininkas Dveinas Huveris i\u0161keliauja \u012f men\u0173 festival\u012f Midlende, \u012f kur\u012f atvyksta ir mokslin\u0117s fantastikos ra\u0161ytojas Kilgoras Trautas. Jo romanas atskleid\u017eia Dveinui \u201eties\u0105\u201c, kad visas j\u012f supantis pasaulis t\u0117ra piktavalis Visatos k\u016br\u0117jo eksperimentas, o visi \u017emon\u0117s \u2013 robotai, bejausm\u0117s ma\u0161inos, kurios gyvena kasdien\u012f nuobod\u0173 gyvenim\u0105, dauginasi, kariauja, \u017eudo viena kit\u0105, ter\u0161ia gamt\u0105, alina ir naikin\u0105 savo planet\u0105&#8230; Kurtas Vonnegutas\u00a0\u2013 i\u0161eivio i\u0161 Vokietijos proan\u016bkis, gim\u0117 1922 m. Indianapolyje (Indianos valstija). S\u0105junginink\u0173 armijoje dalyvavo Antrajame pasauliniame kare, buvo patek\u0119s \u012f hitlerinink\u0173 nelaisv\u0119. Prie\u0161 kar\u0105 studijavo biochemij\u0105, po karo \u2013 antropologij\u0105, o \u0161e\u0161tojo de\u0161imtme\u010dio prad\u017eioje atsid\u0117jo vien literat\u016brai. Suk\u016br\u0117 unikal\u0173 literat\u016brin\u012f stili\u0173, jungiant\u012f mokslin\u0119 fantastik\u0105 su juoduoju humoru bei socialine satyra. Originalus pavadinimas:\u00a0Breakfast of Champions Autorius:\u00a0Kurt Vonnegut Leid\u0117jas\u00a0Kitos knygos Metai:\u00a02017 Puslapiai:\u00a0272 ISBN :\u00a09786094272608 Versijos kodas:\u00a0PT. Formatas:\u00a015,5 x 20,5 x 2,8 cm, kieti vir\u0161eliai Kalba:\u00a0Lietuvi\u0173 Vert\u0117jas:\u00a0Povilas Gasiulis<\/p>\n","protected":false},"featured_media":17776,"comment_status":"open","ping_status":"closed","template":"","meta":{"_acf_changed":false,"site-sidebar-layout":"default","site-content-layout":"","ast-site-content-layout":"default","site-content-style":"default","site-sidebar-style":"default","ast-global-header-display":"","ast-banner-title-visibility":"","ast-main-header-display":"","ast-hfb-above-header-display":"","ast-hfb-below-header-display":"","ast-hfb-mobile-header-display":"","site-post-title":"","ast-breadcrumbs-content":"","ast-featured-img":"","footer-sml-layout":"","ast-disable-related-posts":"","theme-transparent-header-meta":"default","adv-header-id-meta":"","stick-header-meta":"","header-above-stick-meta":"","header-main-stick-meta":"","header-below-stick-meta":"","astra-migrate-meta-layouts":"set","ast-page-background-enabled":"default","ast-page-background-meta":{"desktop":{"background-color":"","background-image":"","background-repeat":"repeat","background-position":"center center","background-size":"auto","background-attachment":"scroll","background-type":"","background-media":"","overlay-type":"","overlay-color":"","overlay-opacity":"","overlay-gradient":""},"tablet":{"background-color":"","background-image":"","background-repeat":"repeat","background-position":"center center","background-size":"auto","background-attachment":"scroll","background-type":"","background-media":"","overlay-type":"","overlay-color":"","overlay-opacity":"","overlay-gradient":""},"mobile":{"background-color":"","background-image":"","background-repeat":"repeat","background-position":"center center","background-size":"auto","background-attachment":"scroll","background-type":"","background-media":"","overlay-type":"","overlay-color":"","overlay-opacity":"","overlay-gradient":""}},"ast-content-background-meta":{"desktop":{"background-color":"var(--ast-global-color-4)","background-image":"","background-repeat":"repeat","background-position":"center center","background-size":"auto","background-attachment":"scroll","background-type":"","background-media":"","overlay-type":"","overlay-color":"","overlay-opacity":"","overlay-gradient":""},"tablet":{"background-color":"var(--ast-global-color-4)","background-image":"","background-repeat":"repeat","background-position":"center center","background-size":"auto","background-attachment":"scroll","background-type":"","background-media":"","overlay-type":"","overlay-color":"","overlay-opacity":"","overlay-gradient":""},"mobile":{"background-color":"var(--ast-global-color-4)","background-image":"","background-repeat":"repeat","background-position":"center center","background-size":"auto","background-attachment":"scroll","background-type":"","background-media":"","overlay-type":"","overlay-color":"","overlay-opacity":"","overlay-gradient":""}}},"product_brand":[],"product_cat":[31],"product_tag":[5662,5658,5661,5664,2187,2190,5659,5665,2189,5660,5663],"class_list":{"0":"post-17775","1":"product","2":"type-product","3":"status-publish","4":"has-post-thumbnail","6":"product_cat-grozine-literatura","7":"product_tag-5662","8":"product_tag-groteskiska","9":"product_tag-juokinga","10":"product_tag-karjerizmas","11":"product_tag-kurt-vonnegut","12":"product_tag-moksline-fantastika","13":"product_tag-politiskai-nekorektiska","14":"product_tag-reklamos-kultura","15":"product_tag-satyra","16":"product_tag-socialiai-kritiska","17":"product_tag-vartotojiskas-gyvenimo-budas","18":"desktop-align-left","19":"tablet-align-left","20":"mobile-align-left","22":"first","23":"instock","24":"shipping-taxable","25":"purchasable","26":"product-type-simple"},"acf":[],"yoast_head":"<!-- This site is optimized with the Yoast SEO plugin v27.0 - https:\/\/yoast.com\/product\/yoast-seo-wordpress\/ -->\n<title>\u010cempion\u0173 pusry\u010diai (su defektu)<\/title>\n<meta name=\"description\" content=\"\u201e\u010cempion\u0173 pusry\u010diai\u201c\u00a0\u2013 groteski\u0161ka, politi\u0161kai nekorekti\u0161ka, \u0161iek tiek ne\u0161vanki, socialiai kriti\u0161ka ir labai juokinga knyga. Ji pirm\u0105 kart\u0105 i\u0161leista 1973\" \/>\n<meta name=\"robots\" content=\"index, follow, max-snippet:-1, max-image-preview:large, max-video-preview:-1\" \/>\n<link rel=\"canonical\" href=\"https:\/\/skaitytaknyga.lt\/en\/produktas\/cempionu-pusryciai\/\" \/>\n<meta property=\"og:locale\" content=\"en_GB\" \/>\n<meta property=\"og:locale:alternate\" content=\"lt_LT\" \/>\n<meta property=\"og:type\" content=\"article\" \/>\n<meta property=\"og:title\" content=\"\u010cempion\u0173 pusry\u010diai (su defektu)\" \/>\n<meta property=\"og:description\" content=\"\u201e\u010cempion\u0173 pusry\u010diai\u201c\u00a0\u2013 groteski\u0161ka, politi\u0161kai nekorekti\u0161ka, \u0161iek tiek ne\u0161vanki, socialiai kriti\u0161ka ir labai juokinga knyga. Ji pirm\u0105 kart\u0105 i\u0161leista 1973\" \/>\n<meta property=\"og:url\" content=\"https:\/\/skaitytaknyga.lt\/en\/produktas\/cempionu-pusryciai\/\" \/>\n<meta property=\"og:site_name\" content=\"Skaitytaknyga\" \/>\n<meta property=\"article:publisher\" content=\"https:\/\/www.facebook.com\/skaitytaknyga\/\" \/>\n<meta property=\"article:modified_time\" content=\"2026-03-18T10:43:05+00:00\" \/>\n<meta property=\"og:image\" content=\"https:\/\/skaitytaknyga.lt\/wp-content\/uploads\/2025\/04\/Cempionu-pusryciai.webp\" \/>\n\t<meta property=\"og:image:width\" content=\"567\" \/>\n\t<meta property=\"og:image:height\" content=\"800\" \/>\n\t<meta property=\"og:image:type\" content=\"image\/webp\" \/>\n<meta name=\"twitter:card\" content=\"summary_large_image\" \/>\n<meta name=\"twitter:label1\" content=\"Estimated reading time\" \/>\n\t<meta name=\"twitter:data1\" content=\"2 minutes\" \/>\n<script type=\"application\/ld+json\" class=\"yoast-schema-graph\">{\"@context\":\"https:\/\/schema.org\",\"@graph\":[{\"@type\":\"WebPage\",\"@id\":\"https:\/\/skaitytaknyga.lt\/produktas\/cempionu-pusryciai\/\",\"url\":\"https:\/\/skaitytaknyga.lt\/produktas\/cempionu-pusryciai\/\",\"name\":\"\u010cempion\u0173 pusry\u010diai (su defektu)\",\"isPartOf\":{\"@id\":\"https:\/\/skaitytaknyga.lt\/#website\"},\"primaryImageOfPage\":{\"@id\":\"https:\/\/skaitytaknyga.lt\/produktas\/cempionu-pusryciai\/#primaryimage\"},\"image\":{\"@id\":\"https:\/\/skaitytaknyga.lt\/produktas\/cempionu-pusryciai\/#primaryimage\"},\"thumbnailUrl\":\"https:\/\/skaitytaknyga.lt\/wp-content\/uploads\/2025\/04\/Cempionu-pusryciai.webp\",\"datePublished\":\"2025-04-15T06:32:10+00:00\",\"dateModified\":\"2026-03-18T10:43:05+00:00\",\"description\":\"\u201e\u010cempion\u0173 pusry\u010diai\u201c\u00a0\u2013 groteski\u0161ka, politi\u0161kai nekorekti\u0161ka, \u0161iek tiek ne\u0161vanki, socialiai kriti\u0161ka ir labai juokinga knyga. Ji pirm\u0105 kart\u0105 i\u0161leista 1973\",\"breadcrumb\":{\"@id\":\"https:\/\/skaitytaknyga.lt\/produktas\/cempionu-pusryciai\/#breadcrumb\"},\"inLanguage\":\"en-GB\",\"potentialAction\":[{\"@type\":\"ReadAction\",\"target\":[\"https:\/\/skaitytaknyga.lt\/produktas\/cempionu-pusryciai\/\"]}]},{\"@type\":\"ImageObject\",\"inLanguage\":\"en-GB\",\"@id\":\"https:\/\/skaitytaknyga.lt\/produktas\/cempionu-pusryciai\/#primaryimage\",\"url\":\"https:\/\/skaitytaknyga.lt\/wp-content\/uploads\/2025\/04\/Cempionu-pusryciai.webp\",\"contentUrl\":\"https:\/\/skaitytaknyga.lt\/wp-content\/uploads\/2025\/04\/Cempionu-pusryciai.webp\",\"width\":567,\"height\":800,\"caption\":\"\u010cempion\u0173 pusry\u010diai\"},{\"@type\":\"BreadcrumbList\",\"@id\":\"https:\/\/skaitytaknyga.lt\/produktas\/cempionu-pusryciai\/#breadcrumb\",\"itemListElement\":[{\"@type\":\"ListItem\",\"position\":1,\"name\":\"Home\",\"item\":\"https:\/\/skaitytaknyga.lt\/\"},{\"@type\":\"ListItem\",\"position\":2,\"name\":\"Parduotuv\u0117\",\"item\":\"https:\/\/skaitytaknyga.lt\/knygu-parduotuve\/\"},{\"@type\":\"ListItem\",\"position\":3,\"name\":\"\u010cempion\u0173 pusry\u010diai (su defektu)\"}]},{\"@type\":\"WebSite\",\"@id\":\"https:\/\/skaitytaknyga.lt\/#website\",\"url\":\"https:\/\/skaitytaknyga.lt\/\",\"name\":\"skaitytaknyga.lt\",\"description\":\"Skaitytaknyga.lt \u2013 tai ma\u017eas \u0161eimos verslas, kuris prasid\u0117jo nuo meil\u0117s knygoms ir siekio i\u0161gelb\u0117ti knygas nuo likimo prie konteinerio. Kas vienam nereikalingas daiktas \u2013 kitam lobis, o mes esame tarpininkai, kurie padeda abiems tapti laimingesniems ???? \u017dinome kaip nelengva i\u0161gyventi ma\u017eiems verslams, tad nuo \u0161iol, \u010dia rasite ir kit\u0173, ma\u017e\u0173 \u0161eim\u0173 versl\u0173, rank\u0173 darbo, dovan\u0173 sau ir artimiesiems.\",\"publisher\":{\"@id\":\"https:\/\/skaitytaknyga.lt\/#organization\"},\"potentialAction\":[{\"@type\":\"SearchAction\",\"target\":{\"@type\":\"EntryPoint\",\"urlTemplate\":\"https:\/\/skaitytaknyga.lt\/?s={search_term_string}\"},\"query-input\":{\"@type\":\"PropertyValueSpecification\",\"valueRequired\":true,\"valueName\":\"search_term_string\"}}],\"inLanguage\":\"en-GB\"},{\"@type\":\"Organization\",\"@id\":\"https:\/\/skaitytaknyga.lt\/#organization\",\"name\":\"skaitytaknyga.lt\",\"url\":\"https:\/\/skaitytaknyga.lt\/\",\"logo\":{\"@type\":\"ImageObject\",\"inLanguage\":\"en-GB\",\"@id\":\"https:\/\/skaitytaknyga.lt\/#\/schema\/logo\/image\/\",\"url\":\"https:\/\/skaitytaknyga.lt\/wp-content\/uploads\/2024\/05\/cropped-cropped-cropped-02_00843_jt3bggkj1j3HLc7SyY6rEUpg.jpeg\",\"contentUrl\":\"https:\/\/skaitytaknyga.lt\/wp-content\/uploads\/2024\/05\/cropped-cropped-cropped-02_00843_jt3bggkj1j3HLc7SyY6rEUpg.jpeg\",\"width\":1600,\"height\":1600,\"caption\":\"skaitytaknyga.lt\"},\"image\":{\"@id\":\"https:\/\/skaitytaknyga.lt\/#\/schema\/logo\/image\/\"},\"sameAs\":[\"https:\/\/www.facebook.com\/skaitytaknyga\/\"]}]}<\/script>\n<!-- \/ Yoast SEO plugin. -->","yoast_head_json":{"title":"\u010cempion\u0173 pusry\u010diai (su defektu)","description":"\u201e\u010cempion\u0173 pusry\u010diai\u201c\u00a0\u2013 groteski\u0161ka, politi\u0161kai nekorekti\u0161ka, \u0161iek tiek ne\u0161vanki, socialiai kriti\u0161ka ir labai juokinga knyga. Ji pirm\u0105 kart\u0105 i\u0161leista 1973","robots":{"index":"index","follow":"follow","max-snippet":"max-snippet:-1","max-image-preview":"max-image-preview:large","max-video-preview":"max-video-preview:-1"},"canonical":"https:\/\/skaitytaknyga.lt\/en\/produktas\/cempionu-pusryciai\/","og_locale":"en_GB","og_type":"article","og_title":"[:lt]\u010cempion\u0173 pusry\u010diai (su defektu)[:] - Skaitytaknyga","og_description":"\u201e\u010cempion\u0173 pusry\u010diai\u201c\u00a0\u2013 groteski\u0161ka, politi\u0161kai nekorekti\u0161ka, \u0161iek tiek ne\u0161vanki, socialiai kriti\u0161ka ir labai juokinga knyga. Ji pirm\u0105 kart\u0105 i\u0161leista 1973","og_url":"https:\/\/skaitytaknyga.lt\/en\/produktas\/cempionu-pusryciai\/","og_site_name":"Skaitytaknyga","article_publisher":"https:\/\/www.facebook.com\/skaitytaknyga\/","article_modified_time":"2026-03-18T10:43:05+00:00","og_image":[{"width":567,"height":800,"url":"https:\/\/skaitytaknyga.lt\/wp-content\/uploads\/2025\/04\/Cempionu-pusryciai.webp","type":"image\/webp"}],"twitter_card":"summary_large_image","twitter_misc":{"Estimated reading time":"2 minutes"},"schema":{"@context":"https:\/\/schema.org","@graph":[{"@type":"WebPage","@id":"https:\/\/skaitytaknyga.lt\/produktas\/cempionu-pusryciai\/","url":"https:\/\/skaitytaknyga.lt\/produktas\/cempionu-pusryciai\/","name":"\u010cempion\u0173 pusry\u010diai (su defektu)","isPartOf":{"@id":"https:\/\/skaitytaknyga.lt\/#website"},"primaryImageOfPage":{"@id":"https:\/\/skaitytaknyga.lt\/produktas\/cempionu-pusryciai\/#primaryimage"},"image":{"@id":"https:\/\/skaitytaknyga.lt\/produktas\/cempionu-pusryciai\/#primaryimage"},"thumbnailUrl":"https:\/\/skaitytaknyga.lt\/wp-content\/uploads\/2025\/04\/Cempionu-pusryciai.webp","datePublished":"2025-04-15T06:32:10+00:00","dateModified":"2026-03-18T10:43:05+00:00","description":"\u201e\u010cempion\u0173 pusry\u010diai\u201c\u00a0\u2013 groteski\u0161ka, politi\u0161kai nekorekti\u0161ka, \u0161iek tiek ne\u0161vanki, socialiai kriti\u0161ka ir labai juokinga knyga. Ji pirm\u0105 kart\u0105 i\u0161leista 1973","breadcrumb":{"@id":"https:\/\/skaitytaknyga.lt\/produktas\/cempionu-pusryciai\/#breadcrumb"},"inLanguage":"en-GB","potentialAction":[{"@type":"ReadAction","target":["https:\/\/skaitytaknyga.lt\/produktas\/cempionu-pusryciai\/"]}]},{"@type":"ImageObject","inLanguage":"en-GB","@id":"https:\/\/skaitytaknyga.lt\/produktas\/cempionu-pusryciai\/#primaryimage","url":"https:\/\/skaitytaknyga.lt\/wp-content\/uploads\/2025\/04\/Cempionu-pusryciai.webp","contentUrl":"https:\/\/skaitytaknyga.lt\/wp-content\/uploads\/2025\/04\/Cempionu-pusryciai.webp","width":567,"height":800,"caption":"\u010cempion\u0173 pusry\u010diai"},{"@type":"BreadcrumbList","@id":"https:\/\/skaitytaknyga.lt\/produktas\/cempionu-pusryciai\/#breadcrumb","itemListElement":[{"@type":"ListItem","position":1,"name":"Home","item":"https:\/\/skaitytaknyga.lt\/"},{"@type":"ListItem","position":2,"name":"Parduotuv\u0117","item":"https:\/\/skaitytaknyga.lt\/knygu-parduotuve\/"},{"@type":"ListItem","position":3,"name":"\u010cempion\u0173 pusry\u010diai (su defektu)"}]},{"@type":"WebSite","@id":"https:\/\/skaitytaknyga.lt\/#website","url":"https:\/\/skaitytaknyga.lt\/","name":"skaitytaknyga.lt","description":"Skaitytaknyga.lt \u2013 tai ma\u017eas \u0161eimos verslas, kuris prasid\u0117jo nuo meil\u0117s knygoms ir siekio i\u0161gelb\u0117ti knygas nuo likimo prie konteinerio. Kas vienam nereikalingas daiktas \u2013 kitam lobis, o mes esame tarpininkai, kurie padeda abiems tapti laimingesniems ???? \u017dinome kaip nelengva i\u0161gyventi ma\u017eiems verslams, tad nuo \u0161iol, \u010dia rasite ir kit\u0173, ma\u017e\u0173 \u0161eim\u0173 versl\u0173, rank\u0173 darbo, dovan\u0173 sau ir artimiesiems.","publisher":{"@id":"https:\/\/skaitytaknyga.lt\/#organization"},"potentialAction":[{"@type":"SearchAction","target":{"@type":"EntryPoint","urlTemplate":"https:\/\/skaitytaknyga.lt\/?s={search_term_string}"},"query-input":{"@type":"PropertyValueSpecification","valueRequired":true,"valueName":"search_term_string"}}],"inLanguage":"en-GB"},{"@type":"Organization","@id":"https:\/\/skaitytaknyga.lt\/#organization","name":"skaitytaknyga.lt","url":"https:\/\/skaitytaknyga.lt\/","logo":{"@type":"ImageObject","inLanguage":"en-GB","@id":"https:\/\/skaitytaknyga.lt\/#\/schema\/logo\/image\/","url":"https:\/\/skaitytaknyga.lt\/wp-content\/uploads\/2024\/05\/cropped-cropped-cropped-02_00843_jt3bggkj1j3HLc7SyY6rEUpg.jpeg","contentUrl":"https:\/\/skaitytaknyga.lt\/wp-content\/uploads\/2024\/05\/cropped-cropped-cropped-02_00843_jt3bggkj1j3HLc7SyY6rEUpg.jpeg","width":1600,"height":1600,"caption":"skaitytaknyga.lt"},"image":{"@id":"https:\/\/skaitytaknyga.lt\/#\/schema\/logo\/image\/"},"sameAs":["https:\/\/www.facebook.com\/skaitytaknyga\/"]}]}},"_links":{"self":[{"href":"https:\/\/skaitytaknyga.lt\/en\/wp-json\/wp\/v2\/product\/17775","targetHints":{"allow":["GET"]}}],"collection":[{"href":"https:\/\/skaitytaknyga.lt\/en\/wp-json\/wp\/v2\/product"}],"about":[{"href":"https:\/\/skaitytaknyga.lt\/en\/wp-json\/wp\/v2\/types\/product"}],"replies":[{"embeddable":true,"href":"https:\/\/skaitytaknyga.lt\/en\/wp-json\/wp\/v2\/comments?post=17775"}],"wp:featuredmedia":[{"embeddable":true,"href":"https:\/\/skaitytaknyga.lt\/en\/wp-json\/wp\/v2\/media\/17776"}],"wp:attachment":[{"href":"https:\/\/skaitytaknyga.lt\/en\/wp-json\/wp\/v2\/media?parent=17775"}],"wp:term":[{"taxonomy":"product_brand","embeddable":true,"href":"https:\/\/skaitytaknyga.lt\/en\/wp-json\/wp\/v2\/product_brand?post=17775"},{"taxonomy":"product_cat","embeddable":true,"href":"https:\/\/skaitytaknyga.lt\/en\/wp-json\/wp\/v2\/product_cat?post=17775"},{"taxonomy":"product_tag","embeddable":true,"href":"https:\/\/skaitytaknyga.lt\/en\/wp-json\/wp\/v2\/product_tag?post=17775"}],"curies":[{"name":"wp","href":"https:\/\/api.w.org\/{rel}","templated":true}]}}