{"id":17773,"date":"2025-04-15T09:28:56","date_gmt":"2025-04-15T06:28:56","guid":{"rendered":"https:\/\/skaitytaknyga.lt\/?post_type=product&#038;p=17773"},"modified":"2025-06-03T17:44:42","modified_gmt":"2025-06-03T14:44:42","slug":"skerdykla-nr-5","status":"publish","type":"product","link":"https:\/\/skaitytaknyga.lt\/en\/produktas\/skerdykla-nr-5\/","title":{"rendered":"Skerdykla Nr. 5"},"content":{"rendered":"<p><strong>\u201eSkerdykla Nr. 5\u201c<\/strong>\u00a0laikoma\u00a0<strong>Kurto Vonneguto<\/strong>\u00a0k\u016brybos vir\u0161\u016bne, vienu \u017eymiausi\u0173 antikarini\u0173 roman\u0173, absurdo literat\u016bros bei juodosios komedijos klasika.<\/p>\n<p>Romane autorius suplaka a\u0161tri\u0105 satyr\u0105, juod\u0105j\u012f humor\u0105 su mokslin\u0117s fantastikos elementais ir papildo tai sukre\u010dian\u010diais autenti\u0161kais prisiminimais apie savo paties i\u0161gyvent\u0105 Antr\u0105j\u012f pasaulin\u012f kar\u0105.<\/p>\n<p>\u201ePaklausykit! Bilis Piligrimas slidin\u0117ja po laik\u0105&#8230;.\u201c Jis vis i\u0161 naujo i\u0161gyvena Dresdeno bombardavim\u0105, po karo gr\u012f\u017eta \u012f Amerik\u0105, veda, patenka \u012f l\u0117ktuvo katastrof\u0105, per kuri\u0105 jam su\u017ealojamos smegenys, apsilanko Tralfamadoro planetoje \u2013 ten drauge su i\u0161 \u017dem\u0117s pagrobta porno\u017evaig\u017ede gyvena Tralfamadoro zoologijos sode stikliniame kambaryje&#8230; \u00a0\u012eprastin\u0117 laiko t\u0117km\u0117 neegzistuoja ir bet kada galima sugr\u012f\u017eti \u012f praeit\u012f ar nusikelti \u012f ateit\u012f.<\/p>\n<div>\u201eKieta ir juokinga&#8230; li\u016bdna ir \u017eavi&#8230; labai voneguti\u0161ka\u201c<\/div>\n<div>New York Times<\/div>\n<div><\/div>\n<div>\u201ePuiku ir meni\u0161ka&#8230; juokinga knyga, i\u0161 kurios negalima juoktis\u201c<\/div>\n<div>Life<\/div>\n<div>\n<ul class=\"about-product d-none d-xl-block mt-4\">\n<li><strong>Originalus pavadinimas:<\/strong>\u00a0Slaughterhouse-Five<\/li>\n<li><strong>Autorius:<\/strong>\u00a0<a href=\"https:\/\/skaitytaknyga.lt\/?s=vonegut&#038;post_type=product&#038;dgwt_wcas=1\">Kurt Vonnegut<\/a><\/li>\n<li><strong>Leid\u0117jas<\/strong>\u00a0Kitos knygos<\/li>\n<li><strong>Metai:<\/strong>\u00a02017<\/li>\n<li><strong>Puslapiai:<\/strong>\u00a0200<\/li>\n<li class=\"toggleable type-new-formats \"><strong>ISBN :\u00a0<\/strong>9786094272615<\/li>\n<li><strong>Prek\u0117s kodas:<\/strong>\u00a09786094271878<\/li>\n<li><strong>Versijos kodas:<\/strong>\u00a0PT.<\/li>\n<li class=\"toggleable type-new-formats \"><strong>Formatas:<\/strong>\u00a014,8 x 20 x 2 cm, kieti vir\u0161eliai<\/li>\n<li><strong>Kalba:<\/strong>\u00a0Lietuvi\u0173<\/li>\n<li><strong>Vert\u0117jas:<\/strong>\u00a0Povilas Gasiulis<\/li>\n<\/ul>\n<\/div>\n","protected":false},"excerpt":{"rendered":"<p>\u201eSkerdykla Nr. 5\u201c\u00a0laikoma\u00a0Kurto Vonneguto\u00a0k\u016brybos vir\u0161\u016bne, vienu \u017eymiausi\u0173 antikarini\u0173 roman\u0173, absurdo literat\u016bros bei juodosios komedijos klasika. Romane autorius suplaka a\u0161tri\u0105 satyr\u0105, juod\u0105j\u012f humor\u0105 su mokslin\u0117s fantastikos elementais ir papildo tai sukre\u010dian\u010diais autenti\u0161kais prisiminimais apie savo paties i\u0161gyvent\u0105 Antr\u0105j\u012f pasaulin\u012f kar\u0105. \u201ePaklausykit! Bilis Piligrimas slidin\u0117ja po laik\u0105&#8230;.\u201c Jis vis i\u0161 naujo i\u0161gyvena Dresdeno bombardavim\u0105, po karo gr\u012f\u017eta \u012f Amerik\u0105, veda, patenka \u012f l\u0117ktuvo katastrof\u0105, per kuri\u0105 jam su\u017ealojamos smegenys, apsilanko Tralfamadoro planetoje \u2013 ten drauge su i\u0161 \u017dem\u0117s pagrobta porno\u017evaig\u017ede gyvena Tralfamadoro zoologijos sode stikliniame kambaryje&#8230; \u00a0\u012eprastin\u0117 laiko t\u0117km\u0117 neegzistuoja ir bet kada galima sugr\u012f\u017eti \u012f praeit\u012f ar nusikelti \u012f ateit\u012f. \u201eKieta ir juokinga&#8230; li\u016bdna ir \u017eavi&#8230; labai voneguti\u0161ka\u201c New York Times \u201ePuiku ir meni\u0161ka&#8230; juokinga knyga, i\u0161 kurios negalima juoktis\u201c Life Originalus pavadinimas:\u00a0Slaughterhouse-Five Autorius:\u00a0Kurt Vonnegut Leid\u0117jas\u00a0Kitos knygos Metai:\u00a02017 Puslapiai:\u00a0200 ISBN :\u00a09786094272615 Prek\u0117s kodas:\u00a09786094271878 Versijos kodas:\u00a0PT. Formatas:\u00a014,8 x 20 x 2 cm, kieti vir\u0161eliai Kalba:\u00a0Lietuvi\u0173 Vert\u0117jas:\u00a0Povilas Gasiulis<\/p>\n","protected":false},"featured_media":17774,"comment_status":"open","ping_status":"closed","template":"","meta":{"_acf_changed":false,"site-sidebar-layout":"default","site-content-layout":"","ast-site-content-layout":"default","site-content-style":"default","site-sidebar-style":"default","ast-global-header-display":"","ast-banner-title-visibility":"","ast-main-header-display":"","ast-hfb-above-header-display":"","ast-hfb-below-header-display":"","ast-hfb-mobile-header-display":"","site-post-title":"","ast-breadcrumbs-content":"","ast-featured-img":"","footer-sml-layout":"","ast-disable-related-posts":"","theme-transparent-header-meta":"default","adv-header-id-meta":"","stick-header-meta":"","header-above-stick-meta":"","header-main-stick-meta":"","header-below-stick-meta":"","astra-migrate-meta-layouts":"set","ast-page-background-enabled":"default","ast-page-background-meta":{"desktop":{"background-color":"","background-image":"","background-repeat":"repeat","background-position":"center center","background-size":"auto","background-attachment":"scroll","background-type":"","background-media":"","overlay-type":"","overlay-color":"","overlay-opacity":"","overlay-gradient":""},"tablet":{"background-color":"","background-image":"","background-repeat":"repeat","background-position":"center center","background-size":"auto","background-attachment":"scroll","background-type":"","background-media":"","overlay-type":"","overlay-color":"","overlay-opacity":"","overlay-gradient":""},"mobile":{"background-color":"","background-image":"","background-repeat":"repeat","background-position":"center center","background-size":"auto","background-attachment":"scroll","background-type":"","background-media":"","overlay-type":"","overlay-color":"","overlay-opacity":"","overlay-gradient":""}},"ast-content-background-meta":{"desktop":{"background-color":"var(--ast-global-color-4)","background-image":"","background-repeat":"repeat","background-position":"center center","background-size":"auto","background-attachment":"scroll","background-type":"","background-media":"","overlay-type":"","overlay-color":"","overlay-opacity":"","overlay-gradient":""},"tablet":{"background-color":"var(--ast-global-color-4)","background-image":"","background-repeat":"repeat","background-position":"center center","background-size":"auto","background-attachment":"scroll","background-type":"","background-media":"","overlay-type":"","overlay-color":"","overlay-opacity":"","overlay-gradient":""},"mobile":{"background-color":"var(--ast-global-color-4)","background-image":"","background-repeat":"repeat","background-position":"center center","background-size":"auto","background-attachment":"scroll","background-type":"","background-media":"","overlay-type":"","overlay-color":"","overlay-opacity":"","overlay-gradient":""}}},"product_brand":[],"product_cat":[31,15],"product_tag":[2188,1459,2187,2148,2190,2189,2191],"class_list":{"0":"post-17773","1":"product","2":"type-product","3":"status-publish","4":"has-post-thumbnail","6":"product_cat-grozine-literatura","7":"product_cat-uncategorized","8":"product_tag-antiutopija","9":"product_tag-karas","10":"product_tag-kurt-vonnegut","11":"product_tag-literaturos-klasika","12":"product_tag-moksline-fantastika","13":"product_tag-satyra","14":"product_tag-skerdykla-nr-5","15":"desktop-align-left","16":"tablet-align-left","17":"mobile-align-left","19":"first","20":"outofstock","21":"shipping-taxable","22":"purchasable","23":"product-type-simple"},"acf":[],"yoast_head":"<!-- This site is optimized with the Yoast SEO plugin v27.0 - https:\/\/yoast.com\/product\/yoast-seo-wordpress\/ -->\n<title>Skerdykla Nr. 5<\/title>\n<meta name=\"description\" content=\"\u201eSkerdykla Nr. 5\u201c\u00a0laikoma\u00a0Kurto Vonneguto\u00a0k\u016brybos vir\u0161\u016bne, vienu \u017eymiausi\u0173 antikarini\u0173 roman\u0173, absurdo literat\u016bros bei juodosios komedijos klasika. Romane\" \/>\n<meta name=\"robots\" content=\"index, follow, max-snippet:-1, max-image-preview:large, max-video-preview:-1\" \/>\n<link rel=\"canonical\" href=\"https:\/\/skaitytaknyga.lt\/en\/produktas\/skerdykla-nr-5\/\" \/>\n<meta property=\"og:locale\" content=\"en_GB\" \/>\n<meta property=\"og:locale:alternate\" content=\"lt_LT\" \/>\n<meta property=\"og:type\" content=\"article\" \/>\n<meta property=\"og:title\" content=\"Skerdykla Nr. 5\" \/>\n<meta property=\"og:description\" content=\"\u201eSkerdykla Nr. 5\u201c\u00a0laikoma\u00a0Kurto Vonneguto\u00a0k\u016brybos vir\u0161\u016bne, vienu \u017eymiausi\u0173 antikarini\u0173 roman\u0173, absurdo literat\u016bros bei juodosios komedijos klasika. Romane\" \/>\n<meta property=\"og:url\" content=\"https:\/\/skaitytaknyga.lt\/en\/produktas\/skerdykla-nr-5\/\" \/>\n<meta property=\"og:site_name\" content=\"Skaitytaknyga\" \/>\n<meta property=\"article:publisher\" content=\"https:\/\/www.facebook.com\/skaitytaknyga\/\" \/>\n<meta property=\"article:modified_time\" content=\"2025-06-03T14:44:42+00:00\" \/>\n<meta property=\"og:image\" content=\"https:\/\/skaitytaknyga.lt\/wp-content\/uploads\/2025\/04\/Skerdykla-Nr.-5.webp\" \/>\n\t<meta property=\"og:image:width\" content=\"500\" \/>\n\t<meta property=\"og:image:height\" content=\"705\" \/>\n\t<meta property=\"og:image:type\" content=\"image\/webp\" \/>\n<meta name=\"twitter:card\" content=\"summary_large_image\" \/>\n<meta name=\"twitter:label1\" content=\"Estimated reading time\" \/>\n\t<meta name=\"twitter:data1\" content=\"2 minutes\" \/>\n<script type=\"application\/ld+json\" class=\"yoast-schema-graph\">{\"@context\":\"https:\/\/schema.org\",\"@graph\":[{\"@type\":\"WebPage\",\"@id\":\"https:\/\/skaitytaknyga.lt\/produktas\/skerdykla-nr-5\/\",\"url\":\"https:\/\/skaitytaknyga.lt\/produktas\/skerdykla-nr-5\/\",\"name\":\"Skerdykla Nr. 5\",\"isPartOf\":{\"@id\":\"https:\/\/skaitytaknyga.lt\/#website\"},\"primaryImageOfPage\":{\"@id\":\"https:\/\/skaitytaknyga.lt\/produktas\/skerdykla-nr-5\/#primaryimage\"},\"image\":{\"@id\":\"https:\/\/skaitytaknyga.lt\/produktas\/skerdykla-nr-5\/#primaryimage\"},\"thumbnailUrl\":\"https:\/\/skaitytaknyga.lt\/wp-content\/uploads\/2025\/04\/Skerdykla-Nr.-5.webp\",\"datePublished\":\"2025-04-15T06:28:56+00:00\",\"dateModified\":\"2025-06-03T14:44:42+00:00\",\"description\":\"\u201eSkerdykla Nr. 5\u201c\u00a0laikoma\u00a0Kurto Vonneguto\u00a0k\u016brybos vir\u0161\u016bne, vienu \u017eymiausi\u0173 antikarini\u0173 roman\u0173, absurdo literat\u016bros bei juodosios komedijos klasika. Romane\",\"breadcrumb\":{\"@id\":\"https:\/\/skaitytaknyga.lt\/produktas\/skerdykla-nr-5\/#breadcrumb\"},\"inLanguage\":\"en-GB\",\"potentialAction\":[{\"@type\":\"ReadAction\",\"target\":[\"https:\/\/skaitytaknyga.lt\/produktas\/skerdykla-nr-5\/\"]}]},{\"@type\":\"ImageObject\",\"inLanguage\":\"en-GB\",\"@id\":\"https:\/\/skaitytaknyga.lt\/produktas\/skerdykla-nr-5\/#primaryimage\",\"url\":\"https:\/\/skaitytaknyga.lt\/wp-content\/uploads\/2025\/04\/Skerdykla-Nr.-5.webp\",\"contentUrl\":\"https:\/\/skaitytaknyga.lt\/wp-content\/uploads\/2025\/04\/Skerdykla-Nr.-5.webp\",\"width\":500,\"height\":705,\"caption\":\"Skerdykla Nr. 5\"},{\"@type\":\"BreadcrumbList\",\"@id\":\"https:\/\/skaitytaknyga.lt\/produktas\/skerdykla-nr-5\/#breadcrumb\",\"itemListElement\":[{\"@type\":\"ListItem\",\"position\":1,\"name\":\"Home\",\"item\":\"https:\/\/skaitytaknyga.lt\/\"},{\"@type\":\"ListItem\",\"position\":2,\"name\":\"Parduotuv\u0117\",\"item\":\"https:\/\/skaitytaknyga.lt\/knygu-parduotuve\/\"},{\"@type\":\"ListItem\",\"position\":3,\"name\":\"Skerdykla Nr. 5\"}]},{\"@type\":\"WebSite\",\"@id\":\"https:\/\/skaitytaknyga.lt\/#website\",\"url\":\"https:\/\/skaitytaknyga.lt\/\",\"name\":\"skaitytaknyga.lt\",\"description\":\"Skaitytaknyga.lt \u2013 tai ma\u017eas \u0161eimos verslas, kuris prasid\u0117jo nuo meil\u0117s knygoms ir siekio i\u0161gelb\u0117ti knygas nuo likimo prie konteinerio. Kas vienam nereikalingas daiktas \u2013 kitam lobis, o mes esame tarpininkai, kurie padeda abiems tapti laimingesniems ???? \u017dinome kaip nelengva i\u0161gyventi ma\u017eiems verslams, tad nuo \u0161iol, \u010dia rasite ir kit\u0173, ma\u017e\u0173 \u0161eim\u0173 versl\u0173, rank\u0173 darbo, dovan\u0173 sau ir artimiesiems.\",\"publisher\":{\"@id\":\"https:\/\/skaitytaknyga.lt\/#organization\"},\"potentialAction\":[{\"@type\":\"SearchAction\",\"target\":{\"@type\":\"EntryPoint\",\"urlTemplate\":\"https:\/\/skaitytaknyga.lt\/?s={search_term_string}\"},\"query-input\":{\"@type\":\"PropertyValueSpecification\",\"valueRequired\":true,\"valueName\":\"search_term_string\"}}],\"inLanguage\":\"en-GB\"},{\"@type\":\"Organization\",\"@id\":\"https:\/\/skaitytaknyga.lt\/#organization\",\"name\":\"skaitytaknyga.lt\",\"url\":\"https:\/\/skaitytaknyga.lt\/\",\"logo\":{\"@type\":\"ImageObject\",\"inLanguage\":\"en-GB\",\"@id\":\"https:\/\/skaitytaknyga.lt\/#\/schema\/logo\/image\/\",\"url\":\"https:\/\/skaitytaknyga.lt\/wp-content\/uploads\/2024\/05\/cropped-cropped-cropped-02_00843_jt3bggkj1j3HLc7SyY6rEUpg.jpeg\",\"contentUrl\":\"https:\/\/skaitytaknyga.lt\/wp-content\/uploads\/2024\/05\/cropped-cropped-cropped-02_00843_jt3bggkj1j3HLc7SyY6rEUpg.jpeg\",\"width\":1600,\"height\":1600,\"caption\":\"skaitytaknyga.lt\"},\"image\":{\"@id\":\"https:\/\/skaitytaknyga.lt\/#\/schema\/logo\/image\/\"},\"sameAs\":[\"https:\/\/www.facebook.com\/skaitytaknyga\/\"]}]}<\/script>\n<!-- \/ Yoast SEO plugin. -->","yoast_head_json":{"title":"Skerdykla Nr. 5","description":"\u201eSkerdykla Nr. 5\u201c\u00a0laikoma\u00a0Kurto Vonneguto\u00a0k\u016brybos vir\u0161\u016bne, vienu \u017eymiausi\u0173 antikarini\u0173 roman\u0173, absurdo literat\u016bros bei juodosios komedijos klasika. Romane","robots":{"index":"index","follow":"follow","max-snippet":"max-snippet:-1","max-image-preview":"max-image-preview:large","max-video-preview":"max-video-preview:-1"},"canonical":"https:\/\/skaitytaknyga.lt\/en\/produktas\/skerdykla-nr-5\/","og_locale":"en_GB","og_type":"article","og_title":"[:lt]Skerdykla Nr. 5[:] - Skaitytaknyga","og_description":"\u201eSkerdykla Nr. 5\u201c\u00a0laikoma\u00a0Kurto Vonneguto\u00a0k\u016brybos vir\u0161\u016bne, vienu \u017eymiausi\u0173 antikarini\u0173 roman\u0173, absurdo literat\u016bros bei juodosios komedijos klasika. Romane","og_url":"https:\/\/skaitytaknyga.lt\/en\/produktas\/skerdykla-nr-5\/","og_site_name":"Skaitytaknyga","article_publisher":"https:\/\/www.facebook.com\/skaitytaknyga\/","article_modified_time":"2025-06-03T14:44:42+00:00","og_image":[{"width":500,"height":705,"url":"https:\/\/skaitytaknyga.lt\/wp-content\/uploads\/2025\/04\/Skerdykla-Nr.-5.webp","type":"image\/webp"}],"twitter_card":"summary_large_image","twitter_misc":{"Estimated reading time":"2 minutes"},"schema":{"@context":"https:\/\/schema.org","@graph":[{"@type":"WebPage","@id":"https:\/\/skaitytaknyga.lt\/produktas\/skerdykla-nr-5\/","url":"https:\/\/skaitytaknyga.lt\/produktas\/skerdykla-nr-5\/","name":"Skerdykla Nr. 5","isPartOf":{"@id":"https:\/\/skaitytaknyga.lt\/#website"},"primaryImageOfPage":{"@id":"https:\/\/skaitytaknyga.lt\/produktas\/skerdykla-nr-5\/#primaryimage"},"image":{"@id":"https:\/\/skaitytaknyga.lt\/produktas\/skerdykla-nr-5\/#primaryimage"},"thumbnailUrl":"https:\/\/skaitytaknyga.lt\/wp-content\/uploads\/2025\/04\/Skerdykla-Nr.-5.webp","datePublished":"2025-04-15T06:28:56+00:00","dateModified":"2025-06-03T14:44:42+00:00","description":"\u201eSkerdykla Nr. 5\u201c\u00a0laikoma\u00a0Kurto Vonneguto\u00a0k\u016brybos vir\u0161\u016bne, vienu \u017eymiausi\u0173 antikarini\u0173 roman\u0173, absurdo literat\u016bros bei juodosios komedijos klasika. Romane","breadcrumb":{"@id":"https:\/\/skaitytaknyga.lt\/produktas\/skerdykla-nr-5\/#breadcrumb"},"inLanguage":"en-GB","potentialAction":[{"@type":"ReadAction","target":["https:\/\/skaitytaknyga.lt\/produktas\/skerdykla-nr-5\/"]}]},{"@type":"ImageObject","inLanguage":"en-GB","@id":"https:\/\/skaitytaknyga.lt\/produktas\/skerdykla-nr-5\/#primaryimage","url":"https:\/\/skaitytaknyga.lt\/wp-content\/uploads\/2025\/04\/Skerdykla-Nr.-5.webp","contentUrl":"https:\/\/skaitytaknyga.lt\/wp-content\/uploads\/2025\/04\/Skerdykla-Nr.-5.webp","width":500,"height":705,"caption":"Skerdykla Nr. 5"},{"@type":"BreadcrumbList","@id":"https:\/\/skaitytaknyga.lt\/produktas\/skerdykla-nr-5\/#breadcrumb","itemListElement":[{"@type":"ListItem","position":1,"name":"Home","item":"https:\/\/skaitytaknyga.lt\/"},{"@type":"ListItem","position":2,"name":"Parduotuv\u0117","item":"https:\/\/skaitytaknyga.lt\/knygu-parduotuve\/"},{"@type":"ListItem","position":3,"name":"Skerdykla Nr. 5"}]},{"@type":"WebSite","@id":"https:\/\/skaitytaknyga.lt\/#website","url":"https:\/\/skaitytaknyga.lt\/","name":"skaitytaknyga.lt","description":"Skaitytaknyga.lt \u2013 tai ma\u017eas \u0161eimos verslas, kuris prasid\u0117jo nuo meil\u0117s knygoms ir siekio i\u0161gelb\u0117ti knygas nuo likimo prie konteinerio. Kas vienam nereikalingas daiktas \u2013 kitam lobis, o mes esame tarpininkai, kurie padeda abiems tapti laimingesniems ???? \u017dinome kaip nelengva i\u0161gyventi ma\u017eiems verslams, tad nuo \u0161iol, \u010dia rasite ir kit\u0173, ma\u017e\u0173 \u0161eim\u0173 versl\u0173, rank\u0173 darbo, dovan\u0173 sau ir artimiesiems.","publisher":{"@id":"https:\/\/skaitytaknyga.lt\/#organization"},"potentialAction":[{"@type":"SearchAction","target":{"@type":"EntryPoint","urlTemplate":"https:\/\/skaitytaknyga.lt\/?s={search_term_string}"},"query-input":{"@type":"PropertyValueSpecification","valueRequired":true,"valueName":"search_term_string"}}],"inLanguage":"en-GB"},{"@type":"Organization","@id":"https:\/\/skaitytaknyga.lt\/#organization","name":"skaitytaknyga.lt","url":"https:\/\/skaitytaknyga.lt\/","logo":{"@type":"ImageObject","inLanguage":"en-GB","@id":"https:\/\/skaitytaknyga.lt\/#\/schema\/logo\/image\/","url":"https:\/\/skaitytaknyga.lt\/wp-content\/uploads\/2024\/05\/cropped-cropped-cropped-02_00843_jt3bggkj1j3HLc7SyY6rEUpg.jpeg","contentUrl":"https:\/\/skaitytaknyga.lt\/wp-content\/uploads\/2024\/05\/cropped-cropped-cropped-02_00843_jt3bggkj1j3HLc7SyY6rEUpg.jpeg","width":1600,"height":1600,"caption":"skaitytaknyga.lt"},"image":{"@id":"https:\/\/skaitytaknyga.lt\/#\/schema\/logo\/image\/"},"sameAs":["https:\/\/www.facebook.com\/skaitytaknyga\/"]}]}},"_links":{"self":[{"href":"https:\/\/skaitytaknyga.lt\/en\/wp-json\/wp\/v2\/product\/17773","targetHints":{"allow":["GET"]}}],"collection":[{"href":"https:\/\/skaitytaknyga.lt\/en\/wp-json\/wp\/v2\/product"}],"about":[{"href":"https:\/\/skaitytaknyga.lt\/en\/wp-json\/wp\/v2\/types\/product"}],"replies":[{"embeddable":true,"href":"https:\/\/skaitytaknyga.lt\/en\/wp-json\/wp\/v2\/comments?post=17773"}],"wp:featuredmedia":[{"embeddable":true,"href":"https:\/\/skaitytaknyga.lt\/en\/wp-json\/wp\/v2\/media\/17774"}],"wp:attachment":[{"href":"https:\/\/skaitytaknyga.lt\/en\/wp-json\/wp\/v2\/media?parent=17773"}],"wp:term":[{"taxonomy":"product_brand","embeddable":true,"href":"https:\/\/skaitytaknyga.lt\/en\/wp-json\/wp\/v2\/product_brand?post=17773"},{"taxonomy":"product_cat","embeddable":true,"href":"https:\/\/skaitytaknyga.lt\/en\/wp-json\/wp\/v2\/product_cat?post=17773"},{"taxonomy":"product_tag","embeddable":true,"href":"https:\/\/skaitytaknyga.lt\/en\/wp-json\/wp\/v2\/product_tag?post=17773"}],"curies":[{"name":"wp","href":"https:\/\/api.w.org\/{rel}","templated":true}]}}