{"id":17768,"date":"2025-04-14T10:22:17","date_gmt":"2025-04-14T07:22:17","guid":{"rendered":"https:\/\/skaitytaknyga.lt\/?post_type=product&#038;p=17768"},"modified":"2025-05-15T15:09:31","modified_gmt":"2025-05-15T12:09:31","slug":"nutikimai","status":"publish","type":"product","link":"https:\/\/skaitytaknyga.lt\/en\/produktas\/nutikimai\/","title":{"rendered":"Nutikimai"},"content":{"rendered":"<p><em>Mane pavadino i\u0161gama.<\/em><br \/>\n<em>O argi tai tiesa?<\/em><br \/>\n<em>Ne, tai netiesa. \u012erodym\u0173 a\u0161 nepateikin\u0117siu.<\/em><\/p>\n<p><strong>Daniilas Charmsas<\/strong>\u00a0(1905\u20131942); tikroji pavard\u0117 Daniil Juva\u010diov \u2013 ra\u0161ytojas, palik\u0119s ry\u0161k\u0173 p\u0117dsak\u0105 rus\u0173 literat\u016broje. XX a. tre\u010diajame de\u0161imtmetyje Charmsas su bendramin\u010diais \u012fk\u016br\u0117 Realiojo meno susivienijim\u0105, kuris \u0117m\u0117 skelbti \u201enauj\u0105 pasaul\u0117jaut\u0105 ir nauj\u0105 men\u0105\u201c; ta\u010diau soviet\u0173 vald\u017eia literat\u016bros reformuotojus pavadino chuliganais ir prilygino juos klasiniams prie\u0161ams. Charmsui gyvenimas tapo absurdi\u0161kas ir negailestingas: nepritekliai, tremtis, literat\u016brin\u0117 izoliacija, su\u0117mimai. Antrojo pasaulinio karo prad\u017eioje ra\u0161ytojas buvo suimtas, pripa\u017eintas nepakaltinamu, i\u0161si\u0173stas priverstinai gydyti \u012f psichiatrijos ligonin\u0119 ir netrukus mir\u0117.<\/p>\n<p>\u201eNutikimai\u201c \u2013 apsakym\u0173 ir apysak\u0173 ciklas, atspindintis XX a. ketvirtojo de\u0161imtme\u010dio Soviet\u0173 S\u0105jungos buit\u012f ir keist\u0105, i\u0161kreipt\u0105 b\u016bt\u012f. Gyvenimo siaubai ir nes\u0105mon\u0117s yra ne vien fonas, kuriame vyksta absurdi\u0161kas veiksmas, bet ir prie\u017eastis, lemianti absurd\u0105 ir absurdi\u0161k\u0105 m\u0105stym\u0105. Absurdi\u0161kas humoras, iracionalios, o drauge ir buiti\u0161kos situacijos nepasiduoda logikai; k\u016briniai \u2013 tarsi sapnai, kur tiksliai vaizduojamos realaus sovietinio gyvenimo detal\u0117s virsta kraupaus, bet juokingo veiksmo scena.<\/p>\n<ul class=\"about-product d-none d-xl-block mt-4\">\n<li><strong>Autorius:<\/strong>\u00a0Danil Charms<\/li>\n<li><strong>Leid\u0117jas:<\/strong>\u00a0Tyto alba<\/li>\n<li><strong>Metai:<\/strong>\u00a02007<\/li>\n<li><strong>Puslapiai:<\/strong>\u00a0198<\/li>\n<li class=\"toggleable type-new-formats \"><strong>ISBN:<\/strong>\u00a09789986165514<\/li>\n<li><strong>Versijos kodas:<\/strong>\u00a0PT.<\/li>\n<li class=\"toggleable type-new-formats \"><strong>Formatas:<\/strong>\u00a014,5 x 22 cm, kieti vir\u0161eliai<\/li>\n<li><strong>Kalba:<\/strong>\u00a0Lietuvi\u0173<\/li>\n<li><strong>Vert\u0117jas:<\/strong>\u00a0Sigitas Parulskis<\/li>\n<\/ul>\n","protected":false},"excerpt":{"rendered":"<p>Mane pavadino i\u0161gama. O argi tai tiesa? Ne, tai netiesa. \u012erodym\u0173 a\u0161 nepateikin\u0117siu. Daniilas Charmsas\u00a0(1905\u20131942); tikroji pavard\u0117 Daniil Juva\u010diov \u2013 ra\u0161ytojas, palik\u0119s ry\u0161k\u0173 p\u0117dsak\u0105 rus\u0173 literat\u016broje. XX a. tre\u010diajame de\u0161imtmetyje Charmsas su bendramin\u010diais \u012fk\u016br\u0117 Realiojo meno susivienijim\u0105, kuris \u0117m\u0117 skelbti \u201enauj\u0105 pasaul\u0117jaut\u0105 ir nauj\u0105 men\u0105\u201c; ta\u010diau soviet\u0173 vald\u017eia literat\u016bros reformuotojus pavadino chuliganais ir prilygino juos klasiniams prie\u0161ams. Charmsui gyvenimas tapo absurdi\u0161kas ir negailestingas: nepritekliai, tremtis, literat\u016brin\u0117 izoliacija, su\u0117mimai. Antrojo pasaulinio karo prad\u017eioje ra\u0161ytojas buvo suimtas, pripa\u017eintas nepakaltinamu, i\u0161si\u0173stas priverstinai gydyti \u012f psichiatrijos ligonin\u0119 ir netrukus mir\u0117. \u201eNutikimai\u201c \u2013 apsakym\u0173 ir apysak\u0173 ciklas, atspindintis XX a. ketvirtojo de\u0161imtme\u010dio Soviet\u0173 S\u0105jungos buit\u012f ir keist\u0105, i\u0161kreipt\u0105 b\u016bt\u012f. Gyvenimo siaubai ir nes\u0105mon\u0117s yra ne vien fonas, kuriame vyksta absurdi\u0161kas veiksmas, bet ir prie\u017eastis, lemianti absurd\u0105 ir absurdi\u0161k\u0105 m\u0105stym\u0105. Absurdi\u0161kas humoras, iracionalios, o drauge ir buiti\u0161kos situacijos nepasiduoda logikai; k\u016briniai \u2013 tarsi sapnai, kur tiksliai vaizduojamos realaus sovietinio gyvenimo detal\u0117s virsta kraupaus, bet juokingo veiksmo scena. Autorius:\u00a0Danil Charms Leid\u0117jas:\u00a0Tyto alba Metai:\u00a02007 Puslapiai:\u00a0198 ISBN:\u00a09789986165514 Versijos kodas:\u00a0PT. Formatas:\u00a014,5 x 22 cm, kieti vir\u0161eliai Kalba:\u00a0Lietuvi\u0173 Vert\u0117jas:\u00a0Sigitas Parulskis<\/p>\n","protected":false},"featured_media":17769,"comment_status":"open","ping_status":"closed","template":"","meta":{"_acf_changed":false,"site-sidebar-layout":"default","site-content-layout":"","ast-site-content-layout":"default","site-content-style":"default","site-sidebar-style":"default","ast-global-header-display":"","ast-banner-title-visibility":"","ast-main-header-display":"","ast-hfb-above-header-display":"","ast-hfb-below-header-display":"","ast-hfb-mobile-header-display":"","site-post-title":"","ast-breadcrumbs-content":"","ast-featured-img":"","footer-sml-layout":"","ast-disable-related-posts":"","theme-transparent-header-meta":"default","adv-header-id-meta":"","stick-header-meta":"","header-above-stick-meta":"","header-main-stick-meta":"","header-below-stick-meta":"","astra-migrate-meta-layouts":"set","ast-page-background-enabled":"default","ast-page-background-meta":{"desktop":{"background-color":"","background-image":"","background-repeat":"repeat","background-position":"center center","background-size":"auto","background-attachment":"scroll","background-type":"","background-media":"","overlay-type":"","overlay-color":"","overlay-opacity":"","overlay-gradient":""},"tablet":{"background-color":"","background-image":"","background-repeat":"repeat","background-position":"center center","background-size":"auto","background-attachment":"scroll","background-type":"","background-media":"","overlay-type":"","overlay-color":"","overlay-opacity":"","overlay-gradient":""},"mobile":{"background-color":"","background-image":"","background-repeat":"repeat","background-position":"center center","background-size":"auto","background-attachment":"scroll","background-type":"","background-media":"","overlay-type":"","overlay-color":"","overlay-opacity":"","overlay-gradient":""}},"ast-content-background-meta":{"desktop":{"background-color":"var(--ast-global-color-4)","background-image":"","background-repeat":"repeat","background-position":"center center","background-size":"auto","background-attachment":"scroll","background-type":"","background-media":"","overlay-type":"","overlay-color":"","overlay-opacity":"","overlay-gradient":""},"tablet":{"background-color":"var(--ast-global-color-4)","background-image":"","background-repeat":"repeat","background-position":"center center","background-size":"auto","background-attachment":"scroll","background-type":"","background-media":"","overlay-type":"","overlay-color":"","overlay-opacity":"","overlay-gradient":""},"mobile":{"background-color":"var(--ast-global-color-4)","background-image":"","background-repeat":"repeat","background-position":"center center","background-size":"auto","background-attachment":"scroll","background-type":"","background-media":"","overlay-type":"","overlay-color":"","overlay-opacity":"","overlay-gradient":""}}},"product_brand":[],"product_cat":[31,15],"product_tag":[3625,3624,3627,3628,1492,3629,3626],"class_list":{"0":"post-17768","1":"product","2":"type-product","3":"status-publish","4":"has-post-thumbnail","6":"product_cat-grozine-literatura","7":"product_cat-uncategorized","8":"product_tag-absurdiskas-humoras","9":"product_tag-daniil-charms","10":"product_tag-gyvenimo-absurdas","11":"product_tag-keistumas","12":"product_tag-literatura","13":"product_tag-sapnai","14":"product_tag-sovietu-sajunga","15":"desktop-align-left","16":"tablet-align-left","17":"mobile-align-left","19":"first","20":"outofstock","21":"shipping-taxable","22":"purchasable","23":"product-type-simple"},"acf":[],"yoast_head":"<!-- This site is optimized with the Yoast SEO plugin v27.0 - https:\/\/yoast.com\/product\/yoast-seo-wordpress\/ -->\n<title>Nutikimai<\/title>\n<meta name=\"description\" content=\"Mane pavadino i\u0161gama. O argi tai tiesa? Ne, tai netiesa. \u012erodym\u0173 a\u0161 nepateikin\u0117siu. Daniilas Charmsas\u00a0(1905\u20131942); tikroji pavard\u0117 Daniil Juva\u010diov \u2013\" \/>\n<meta name=\"robots\" content=\"index, follow, max-snippet:-1, max-image-preview:large, max-video-preview:-1\" \/>\n<link rel=\"canonical\" href=\"https:\/\/skaitytaknyga.lt\/en\/produktas\/nutikimai\/\" \/>\n<meta property=\"og:locale\" content=\"en_GB\" \/>\n<meta property=\"og:locale:alternate\" content=\"lt_LT\" \/>\n<meta property=\"og:type\" content=\"article\" \/>\n<meta property=\"og:title\" content=\"Nutikimai\" \/>\n<meta property=\"og:description\" content=\"Mane pavadino i\u0161gama. O argi tai tiesa? Ne, tai netiesa. \u012erodym\u0173 a\u0161 nepateikin\u0117siu. Daniilas Charmsas\u00a0(1905\u20131942); tikroji pavard\u0117 Daniil Juva\u010diov \u2013\" \/>\n<meta property=\"og:url\" content=\"https:\/\/skaitytaknyga.lt\/en\/produktas\/nutikimai\/\" \/>\n<meta property=\"og:site_name\" content=\"Skaitytaknyga\" \/>\n<meta property=\"article:publisher\" content=\"https:\/\/www.facebook.com\/skaitytaknyga\/\" \/>\n<meta property=\"article:modified_time\" content=\"2025-05-15T12:09:31+00:00\" \/>\n<meta property=\"og:image\" content=\"https:\/\/skaitytaknyga.lt\/wp-content\/uploads\/2025\/04\/Nutikimai.webp\" \/>\n\t<meta property=\"og:image:width\" content=\"533\" \/>\n\t<meta property=\"og:image:height\" content=\"800\" \/>\n\t<meta property=\"og:image:type\" content=\"image\/webp\" \/>\n<meta name=\"twitter:card\" content=\"summary_large_image\" \/>\n<meta name=\"twitter:label1\" content=\"Estimated reading time\" \/>\n\t<meta name=\"twitter:data1\" content=\"2 minutes\" \/>\n<script type=\"application\/ld+json\" class=\"yoast-schema-graph\">{\"@context\":\"https:\/\/schema.org\",\"@graph\":[{\"@type\":\"WebPage\",\"@id\":\"https:\/\/skaitytaknyga.lt\/produktas\/nutikimai\/\",\"url\":\"https:\/\/skaitytaknyga.lt\/produktas\/nutikimai\/\",\"name\":\"Nutikimai\",\"isPartOf\":{\"@id\":\"https:\/\/skaitytaknyga.lt\/#website\"},\"primaryImageOfPage\":{\"@id\":\"https:\/\/skaitytaknyga.lt\/produktas\/nutikimai\/#primaryimage\"},\"image\":{\"@id\":\"https:\/\/skaitytaknyga.lt\/produktas\/nutikimai\/#primaryimage\"},\"thumbnailUrl\":\"https:\/\/skaitytaknyga.lt\/wp-content\/uploads\/2025\/04\/Nutikimai.webp\",\"datePublished\":\"2025-04-14T07:22:17+00:00\",\"dateModified\":\"2025-05-15T12:09:31+00:00\",\"description\":\"Mane pavadino i\u0161gama. O argi tai tiesa? Ne, tai netiesa. \u012erodym\u0173 a\u0161 nepateikin\u0117siu. Daniilas Charmsas\u00a0(1905\u20131942); tikroji pavard\u0117 Daniil Juva\u010diov \u2013\",\"breadcrumb\":{\"@id\":\"https:\/\/skaitytaknyga.lt\/produktas\/nutikimai\/#breadcrumb\"},\"inLanguage\":\"en-GB\",\"potentialAction\":[{\"@type\":\"ReadAction\",\"target\":[\"https:\/\/skaitytaknyga.lt\/produktas\/nutikimai\/\"]}]},{\"@type\":\"ImageObject\",\"inLanguage\":\"en-GB\",\"@id\":\"https:\/\/skaitytaknyga.lt\/produktas\/nutikimai\/#primaryimage\",\"url\":\"https:\/\/skaitytaknyga.lt\/wp-content\/uploads\/2025\/04\/Nutikimai.webp\",\"contentUrl\":\"https:\/\/skaitytaknyga.lt\/wp-content\/uploads\/2025\/04\/Nutikimai.webp\",\"width\":533,\"height\":800,\"caption\":\"Nutikimai\"},{\"@type\":\"BreadcrumbList\",\"@id\":\"https:\/\/skaitytaknyga.lt\/produktas\/nutikimai\/#breadcrumb\",\"itemListElement\":[{\"@type\":\"ListItem\",\"position\":1,\"name\":\"Home\",\"item\":\"https:\/\/skaitytaknyga.lt\/\"},{\"@type\":\"ListItem\",\"position\":2,\"name\":\"Parduotuv\u0117\",\"item\":\"https:\/\/skaitytaknyga.lt\/knygu-parduotuve\/\"},{\"@type\":\"ListItem\",\"position\":3,\"name\":\"Nutikimai\"}]},{\"@type\":\"WebSite\",\"@id\":\"https:\/\/skaitytaknyga.lt\/#website\",\"url\":\"https:\/\/skaitytaknyga.lt\/\",\"name\":\"skaitytaknyga.lt\",\"description\":\"Skaitytaknyga.lt \u2013 tai ma\u017eas \u0161eimos verslas, kuris prasid\u0117jo nuo meil\u0117s knygoms ir siekio i\u0161gelb\u0117ti knygas nuo likimo prie konteinerio. Kas vienam nereikalingas daiktas \u2013 kitam lobis, o mes esame tarpininkai, kurie padeda abiems tapti laimingesniems ???? \u017dinome kaip nelengva i\u0161gyventi ma\u017eiems verslams, tad nuo \u0161iol, \u010dia rasite ir kit\u0173, ma\u017e\u0173 \u0161eim\u0173 versl\u0173, rank\u0173 darbo, dovan\u0173 sau ir artimiesiems.\",\"publisher\":{\"@id\":\"https:\/\/skaitytaknyga.lt\/#organization\"},\"potentialAction\":[{\"@type\":\"SearchAction\",\"target\":{\"@type\":\"EntryPoint\",\"urlTemplate\":\"https:\/\/skaitytaknyga.lt\/?s={search_term_string}\"},\"query-input\":{\"@type\":\"PropertyValueSpecification\",\"valueRequired\":true,\"valueName\":\"search_term_string\"}}],\"inLanguage\":\"en-GB\"},{\"@type\":\"Organization\",\"@id\":\"https:\/\/skaitytaknyga.lt\/#organization\",\"name\":\"skaitytaknyga.lt\",\"url\":\"https:\/\/skaitytaknyga.lt\/\",\"logo\":{\"@type\":\"ImageObject\",\"inLanguage\":\"en-GB\",\"@id\":\"https:\/\/skaitytaknyga.lt\/#\/schema\/logo\/image\/\",\"url\":\"https:\/\/skaitytaknyga.lt\/wp-content\/uploads\/2024\/05\/cropped-cropped-cropped-02_00843_jt3bggkj1j3HLc7SyY6rEUpg.jpeg\",\"contentUrl\":\"https:\/\/skaitytaknyga.lt\/wp-content\/uploads\/2024\/05\/cropped-cropped-cropped-02_00843_jt3bggkj1j3HLc7SyY6rEUpg.jpeg\",\"width\":1600,\"height\":1600,\"caption\":\"skaitytaknyga.lt\"},\"image\":{\"@id\":\"https:\/\/skaitytaknyga.lt\/#\/schema\/logo\/image\/\"},\"sameAs\":[\"https:\/\/www.facebook.com\/skaitytaknyga\/\"]}]}<\/script>\n<!-- \/ Yoast SEO plugin. -->","yoast_head_json":{"title":"Nutikimai","description":"Mane pavadino i\u0161gama. O argi tai tiesa? Ne, tai netiesa. \u012erodym\u0173 a\u0161 nepateikin\u0117siu. Daniilas Charmsas\u00a0(1905\u20131942); tikroji pavard\u0117 Daniil Juva\u010diov \u2013","robots":{"index":"index","follow":"follow","max-snippet":"max-snippet:-1","max-image-preview":"max-image-preview:large","max-video-preview":"max-video-preview:-1"},"canonical":"https:\/\/skaitytaknyga.lt\/en\/produktas\/nutikimai\/","og_locale":"en_GB","og_type":"article","og_title":"[:lt]Nutikimai[:] - Skaitytaknyga","og_description":"Mane pavadino i\u0161gama. O argi tai tiesa? Ne, tai netiesa. \u012erodym\u0173 a\u0161 nepateikin\u0117siu. Daniilas Charmsas\u00a0(1905\u20131942); tikroji pavard\u0117 Daniil Juva\u010diov \u2013","og_url":"https:\/\/skaitytaknyga.lt\/en\/produktas\/nutikimai\/","og_site_name":"Skaitytaknyga","article_publisher":"https:\/\/www.facebook.com\/skaitytaknyga\/","article_modified_time":"2025-05-15T12:09:31+00:00","og_image":[{"width":533,"height":800,"url":"https:\/\/skaitytaknyga.lt\/wp-content\/uploads\/2025\/04\/Nutikimai.webp","type":"image\/webp"}],"twitter_card":"summary_large_image","twitter_misc":{"Estimated reading time":"2 minutes"},"schema":{"@context":"https:\/\/schema.org","@graph":[{"@type":"WebPage","@id":"https:\/\/skaitytaknyga.lt\/produktas\/nutikimai\/","url":"https:\/\/skaitytaknyga.lt\/produktas\/nutikimai\/","name":"Nutikimai","isPartOf":{"@id":"https:\/\/skaitytaknyga.lt\/#website"},"primaryImageOfPage":{"@id":"https:\/\/skaitytaknyga.lt\/produktas\/nutikimai\/#primaryimage"},"image":{"@id":"https:\/\/skaitytaknyga.lt\/produktas\/nutikimai\/#primaryimage"},"thumbnailUrl":"https:\/\/skaitytaknyga.lt\/wp-content\/uploads\/2025\/04\/Nutikimai.webp","datePublished":"2025-04-14T07:22:17+00:00","dateModified":"2025-05-15T12:09:31+00:00","description":"Mane pavadino i\u0161gama. O argi tai tiesa? Ne, tai netiesa. \u012erodym\u0173 a\u0161 nepateikin\u0117siu. Daniilas Charmsas\u00a0(1905\u20131942); tikroji pavard\u0117 Daniil Juva\u010diov \u2013","breadcrumb":{"@id":"https:\/\/skaitytaknyga.lt\/produktas\/nutikimai\/#breadcrumb"},"inLanguage":"en-GB","potentialAction":[{"@type":"ReadAction","target":["https:\/\/skaitytaknyga.lt\/produktas\/nutikimai\/"]}]},{"@type":"ImageObject","inLanguage":"en-GB","@id":"https:\/\/skaitytaknyga.lt\/produktas\/nutikimai\/#primaryimage","url":"https:\/\/skaitytaknyga.lt\/wp-content\/uploads\/2025\/04\/Nutikimai.webp","contentUrl":"https:\/\/skaitytaknyga.lt\/wp-content\/uploads\/2025\/04\/Nutikimai.webp","width":533,"height":800,"caption":"Nutikimai"},{"@type":"BreadcrumbList","@id":"https:\/\/skaitytaknyga.lt\/produktas\/nutikimai\/#breadcrumb","itemListElement":[{"@type":"ListItem","position":1,"name":"Home","item":"https:\/\/skaitytaknyga.lt\/"},{"@type":"ListItem","position":2,"name":"Parduotuv\u0117","item":"https:\/\/skaitytaknyga.lt\/knygu-parduotuve\/"},{"@type":"ListItem","position":3,"name":"Nutikimai"}]},{"@type":"WebSite","@id":"https:\/\/skaitytaknyga.lt\/#website","url":"https:\/\/skaitytaknyga.lt\/","name":"skaitytaknyga.lt","description":"Skaitytaknyga.lt \u2013 tai ma\u017eas \u0161eimos verslas, kuris prasid\u0117jo nuo meil\u0117s knygoms ir siekio i\u0161gelb\u0117ti knygas nuo likimo prie konteinerio. Kas vienam nereikalingas daiktas \u2013 kitam lobis, o mes esame tarpininkai, kurie padeda abiems tapti laimingesniems ???? \u017dinome kaip nelengva i\u0161gyventi ma\u017eiems verslams, tad nuo \u0161iol, \u010dia rasite ir kit\u0173, ma\u017e\u0173 \u0161eim\u0173 versl\u0173, rank\u0173 darbo, dovan\u0173 sau ir artimiesiems.","publisher":{"@id":"https:\/\/skaitytaknyga.lt\/#organization"},"potentialAction":[{"@type":"SearchAction","target":{"@type":"EntryPoint","urlTemplate":"https:\/\/skaitytaknyga.lt\/?s={search_term_string}"},"query-input":{"@type":"PropertyValueSpecification","valueRequired":true,"valueName":"search_term_string"}}],"inLanguage":"en-GB"},{"@type":"Organization","@id":"https:\/\/skaitytaknyga.lt\/#organization","name":"skaitytaknyga.lt","url":"https:\/\/skaitytaknyga.lt\/","logo":{"@type":"ImageObject","inLanguage":"en-GB","@id":"https:\/\/skaitytaknyga.lt\/#\/schema\/logo\/image\/","url":"https:\/\/skaitytaknyga.lt\/wp-content\/uploads\/2024\/05\/cropped-cropped-cropped-02_00843_jt3bggkj1j3HLc7SyY6rEUpg.jpeg","contentUrl":"https:\/\/skaitytaknyga.lt\/wp-content\/uploads\/2024\/05\/cropped-cropped-cropped-02_00843_jt3bggkj1j3HLc7SyY6rEUpg.jpeg","width":1600,"height":1600,"caption":"skaitytaknyga.lt"},"image":{"@id":"https:\/\/skaitytaknyga.lt\/#\/schema\/logo\/image\/"},"sameAs":["https:\/\/www.facebook.com\/skaitytaknyga\/"]}]}},"_links":{"self":[{"href":"https:\/\/skaitytaknyga.lt\/en\/wp-json\/wp\/v2\/product\/17768","targetHints":{"allow":["GET"]}}],"collection":[{"href":"https:\/\/skaitytaknyga.lt\/en\/wp-json\/wp\/v2\/product"}],"about":[{"href":"https:\/\/skaitytaknyga.lt\/en\/wp-json\/wp\/v2\/types\/product"}],"replies":[{"embeddable":true,"href":"https:\/\/skaitytaknyga.lt\/en\/wp-json\/wp\/v2\/comments?post=17768"}],"wp:featuredmedia":[{"embeddable":true,"href":"https:\/\/skaitytaknyga.lt\/en\/wp-json\/wp\/v2\/media\/17769"}],"wp:attachment":[{"href":"https:\/\/skaitytaknyga.lt\/en\/wp-json\/wp\/v2\/media?parent=17768"}],"wp:term":[{"taxonomy":"product_brand","embeddable":true,"href":"https:\/\/skaitytaknyga.lt\/en\/wp-json\/wp\/v2\/product_brand?post=17768"},{"taxonomy":"product_cat","embeddable":true,"href":"https:\/\/skaitytaknyga.lt\/en\/wp-json\/wp\/v2\/product_cat?post=17768"},{"taxonomy":"product_tag","embeddable":true,"href":"https:\/\/skaitytaknyga.lt\/en\/wp-json\/wp\/v2\/product_tag?post=17768"}],"curies":[{"name":"wp","href":"https:\/\/api.w.org\/{rel}","templated":true}]}}