{"id":17766,"date":"2025-04-14T10:17:21","date_gmt":"2025-04-14T07:17:21","guid":{"rendered":"https:\/\/skaitytaknyga.lt\/?post_type=product&#038;p=17766"},"modified":"2025-05-15T15:09:31","modified_gmt":"2025-05-15T12:09:31","slug":"16-menuliu","status":"publish","type":"product","link":"https:\/\/skaitytaknyga.lt\/en\/produktas\/16-menuliu\/","title":{"rendered":"16 m\u0117nuli\u0173"},"content":{"rendered":"<p>Lina Dukein nepana\u0161i \u012f niek\u0105, k\u0105 lig \u0161iol buvo reg\u0117j\u0119s ma\u017eas pietieti\u0161kas Gatlino miestelis, ir ji stengiasi nusl\u0117pti savo gali\u0105 bei prakeiksm\u0105, persekiojant\u012f jos \u0161eim\u0105 i\u0161 kartos \u012f kart\u0105. Vis d\u0117lto net sodais apaugusiuose, vis\u0173 u\u017emir\u0161tuose Pietuose, kur pilna drumzlin\u0173 pelki\u0173 ir yran\u010di\u0173 kapini\u0173, am\u017einai paslapties nei\u0161saugosi.<\/p>\n<p>Itan\u0105 Veit\u0105, lig \u0161iol skai\u010diavus\u012f m\u0117nesius, kada gal\u0117s i\u0161tr\u016bkti i\u0161 Gatlino, persekioja nakties ko\u0161marai: jam sapnuojasi anks\u010diau nematyta gra\u017ei mergina. Kai Lina atsikrausto \u012f seniausi\u0105 ir li\u016bdniausiai pagars\u0117jusi\u0105 miestelio plantacij\u0105, Itanas pajunta jai nepaai\u0161kinam\u0105 trauk\u0105 ir pasiry\u017eta atskleisti judviej\u0173 ry\u0161\u012f.<\/p>\n<p>Miestelyje, kuriame staigmen\u0173 neb\u016bna, visk\u0105 gali pakeisti viena paslaptis.<\/p>\n<p>Tai kvap\u0105 gniau\u017eianti istorija apie paprasto jaunuolio ir ypating\u0173 gali\u0173 turin\u010dios merginos meil\u0119.<\/p>\n<p>\u201e16 m\u0117nuli\u0173\u201c \u2013 debiutinis dviej\u0173 jaun\u0173 autori\u0173 romanas. Jis jau ver\u010diamas \u012f 24 kalbas. T\u0119sinys vadinsis \u201e<a href=\"https:\/\/skaitytaknyga.lt\/produktas\/17-menuliu\/\">17 m\u0117nuli\u0173<\/a>\u201c.<\/p>\n<ul class=\"about-product d-none d-xl-block mt-4\">\n<li><strong>Autorius:<\/strong>\u00a0Kami Garcia,\u00a0Margaret Stohl<\/li>\n<li><strong>Leid\u0117jas:<\/strong>\u00a0Alma littera<\/li>\n<li><strong>Metai:<\/strong>\u00a02011<\/li>\n<li><strong>Puslapiai:<\/strong>\u00a0584<\/li>\n<li class=\"toggleable type-new-formats \"><strong>ISBN:<\/strong>\u00a09789955389866<\/li>\n<li><strong>Versijos kodas:<\/strong>\u00a0PT.<\/li>\n<li class=\"toggleable type-new-formats \"><strong>Formatas:<\/strong>\u00a015 x 22 cm, kieti vir\u0161eliai<\/li>\n<li><strong>Kalba:<\/strong>\u00a0Lietuvi\u0173<\/li>\n<li><strong>Vert\u0117jas:<\/strong>\u00a0Vilija Vitk\u016bnien\u0117<\/li>\n<\/ul>\n","protected":false},"excerpt":{"rendered":"<p>Lina Dukein nepana\u0161i \u012f niek\u0105, k\u0105 lig \u0161iol buvo reg\u0117j\u0119s ma\u017eas pietieti\u0161kas Gatlino miestelis, ir ji stengiasi nusl\u0117pti savo gali\u0105 bei prakeiksm\u0105, persekiojant\u012f jos \u0161eim\u0105 i\u0161 kartos \u012f kart\u0105. Vis d\u0117lto net sodais apaugusiuose, vis\u0173 u\u017emir\u0161tuose Pietuose, kur pilna drumzlin\u0173 pelki\u0173 ir yran\u010di\u0173 kapini\u0173, am\u017einai paslapties nei\u0161saugosi. Itan\u0105 Veit\u0105, lig \u0161iol skai\u010diavus\u012f m\u0117nesius, kada gal\u0117s i\u0161tr\u016bkti i\u0161 Gatlino, persekioja nakties ko\u0161marai: jam sapnuojasi anks\u010diau nematyta gra\u017ei mergina. Kai Lina atsikrausto \u012f seniausi\u0105 ir li\u016bdniausiai pagars\u0117jusi\u0105 miestelio plantacij\u0105, Itanas pajunta jai nepaai\u0161kinam\u0105 trauk\u0105 ir pasiry\u017eta atskleisti judviej\u0173 ry\u0161\u012f. Miestelyje, kuriame staigmen\u0173 neb\u016bna, visk\u0105 gali pakeisti viena paslaptis. Tai kvap\u0105 gniau\u017eianti istorija apie paprasto jaunuolio ir ypating\u0173 gali\u0173 turin\u010dios merginos meil\u0119. \u201e16 m\u0117nuli\u0173\u201c \u2013 debiutinis dviej\u0173 jaun\u0173 autori\u0173 romanas. Jis jau ver\u010diamas \u012f 24 kalbas. T\u0119sinys vadinsis \u201e17 m\u0117nuli\u0173\u201c. Autorius:\u00a0Kami Garcia,\u00a0Margaret Stohl Leid\u0117jas:\u00a0Alma littera Metai:\u00a02011 Puslapiai:\u00a0584 ISBN:\u00a09789955389866 Versijos kodas:\u00a0PT. Formatas:\u00a015 x 22 cm, kieti vir\u0161eliai Kalba:\u00a0Lietuvi\u0173 Vert\u0117jas:\u00a0Vilija Vitk\u016bnien\u0117<\/p>\n","protected":false},"featured_media":17767,"comment_status":"closed","ping_status":"closed","template":"","meta":{"_acf_changed":false,"site-sidebar-layout":"default","site-content-layout":"","ast-site-content-layout":"default","site-content-style":"default","site-sidebar-style":"default","ast-global-header-display":"","ast-banner-title-visibility":"","ast-main-header-display":"","ast-hfb-above-header-display":"","ast-hfb-below-header-display":"","ast-hfb-mobile-header-display":"","site-post-title":"","ast-breadcrumbs-content":"","ast-featured-img":"","footer-sml-layout":"","ast-disable-related-posts":"","theme-transparent-header-meta":"default","adv-header-id-meta":"","stick-header-meta":"","header-above-stick-meta":"","header-main-stick-meta":"","header-below-stick-meta":"","astra-migrate-meta-layouts":"set","ast-page-background-enabled":"default","ast-page-background-meta":{"desktop":{"background-color":"","background-image":"","background-repeat":"repeat","background-position":"center center","background-size":"auto","background-attachment":"scroll","background-type":"","background-media":"","overlay-type":"","overlay-color":"","overlay-opacity":"","overlay-gradient":""},"tablet":{"background-color":"","background-image":"","background-repeat":"repeat","background-position":"center center","background-size":"auto","background-attachment":"scroll","background-type":"","background-media":"","overlay-type":"","overlay-color":"","overlay-opacity":"","overlay-gradient":""},"mobile":{"background-color":"","background-image":"","background-repeat":"repeat","background-position":"center center","background-size":"auto","background-attachment":"scroll","background-type":"","background-media":"","overlay-type":"","overlay-color":"","overlay-opacity":"","overlay-gradient":""}},"ast-content-background-meta":{"desktop":{"background-color":"var(--ast-global-color-4)","background-image":"","background-repeat":"repeat","background-position":"center center","background-size":"auto","background-attachment":"scroll","background-type":"","background-media":"","overlay-type":"","overlay-color":"","overlay-opacity":"","overlay-gradient":""},"tablet":{"background-color":"var(--ast-global-color-4)","background-image":"","background-repeat":"repeat","background-position":"center center","background-size":"auto","background-attachment":"scroll","background-type":"","background-media":"","overlay-type":"","overlay-color":"","overlay-opacity":"","overlay-gradient":""},"mobile":{"background-color":"var(--ast-global-color-4)","background-image":"","background-repeat":"repeat","background-position":"center center","background-size":"auto","background-attachment":"scroll","background-type":"","background-media":"","overlay-type":"","overlay-color":"","overlay-opacity":"","overlay-gradient":""}}},"product_brand":[],"product_cat":[31],"product_tag":[3622,2486,1755,2487,1796,2944,3621,1478],"class_list":{"0":"post-17766","1":"product","2":"type-product","3":"status-publish","4":"has-post-thumbnail","6":"product_cat-grozine-literatura","7":"product_tag-jauni-herojai","8":"product_tag-kami-garcia","9":"product_tag-magija","10":"product_tag-margaret-stohl","11":"product_tag-meile","12":"product_tag-mistika","13":"product_tag-paranormalus","14":"product_tag-paslaptys","15":"desktop-align-left","16":"tablet-align-left","17":"mobile-align-left","19":"first","20":"instock","21":"shipping-taxable","22":"purchasable","23":"product-type-simple"},"acf":[],"yoast_head":"<!-- This site is optimized with the Yoast SEO plugin v27.4 - https:\/\/yoast.com\/product\/yoast-seo-wordpress\/ -->\n<title>16 m\u0117nuli\u0173<\/title>\n<meta name=\"description\" content=\"Lina Dukein nepana\u0161i \u012f niek\u0105, k\u0105 lig \u0161iol buvo reg\u0117j\u0119s ma\u017eas pietieti\u0161kas Gatlino miestelis, ir ji stengiasi nusl\u0117pti savo gali\u0105 bei prakeiksm\u0105,\" \/>\n<meta name=\"robots\" content=\"index, follow, max-snippet:-1, max-image-preview:large, max-video-preview:-1\" \/>\n<link rel=\"canonical\" href=\"https:\/\/skaitytaknyga.lt\/en\/produktas\/16-menuliu\/\" \/>\n<meta property=\"og:locale\" content=\"en_GB\" \/>\n<meta property=\"og:locale:alternate\" content=\"lt_LT\" \/>\n<meta property=\"og:type\" content=\"article\" \/>\n<meta property=\"og:title\" content=\"16 m\u0117nuli\u0173\" \/>\n<meta property=\"og:description\" content=\"Lina Dukein nepana\u0161i \u012f niek\u0105, k\u0105 lig \u0161iol buvo reg\u0117j\u0119s ma\u017eas pietieti\u0161kas Gatlino miestelis, ir ji stengiasi nusl\u0117pti savo gali\u0105 bei prakeiksm\u0105,\" \/>\n<meta property=\"og:url\" content=\"https:\/\/skaitytaknyga.lt\/en\/produktas\/16-menuliu\/\" \/>\n<meta property=\"og:site_name\" content=\"Skaitytaknyga\" \/>\n<meta property=\"article:publisher\" content=\"https:\/\/www.facebook.com\/skaitytaknyga\/\" \/>\n<meta property=\"article:modified_time\" content=\"2025-05-15T12:09:31+00:00\" \/>\n<meta property=\"og:image\" content=\"https:\/\/skaitytaknyga.lt\/wp-content\/uploads\/2025\/04\/16-menuliu.webp\" \/>\n\t<meta property=\"og:image:width\" content=\"399\" \/>\n\t<meta property=\"og:image:height\" content=\"614\" \/>\n\t<meta property=\"og:image:type\" content=\"image\/webp\" \/>\n<meta name=\"twitter:card\" content=\"summary_large_image\" \/>\n<meta name=\"twitter:label1\" content=\"Estimated reading time\" \/>\n\t<meta name=\"twitter:data1\" content=\"2 minutes\" \/>\n<script type=\"application\/ld+json\" class=\"yoast-schema-graph\">{\"@context\":\"https:\\\/\\\/schema.org\",\"@graph\":[{\"@type\":\"WebPage\",\"@id\":\"https:\\\/\\\/skaitytaknyga.lt\\\/produktas\\\/16-menuliu\\\/\",\"url\":\"https:\\\/\\\/skaitytaknyga.lt\\\/produktas\\\/16-menuliu\\\/\",\"name\":\"16 m\u0117nuli\u0173\",\"isPartOf\":{\"@id\":\"https:\\\/\\\/skaitytaknyga.lt\\\/#website\"},\"primaryImageOfPage\":{\"@id\":\"https:\\\/\\\/skaitytaknyga.lt\\\/produktas\\\/16-menuliu\\\/#primaryimage\"},\"image\":{\"@id\":\"https:\\\/\\\/skaitytaknyga.lt\\\/produktas\\\/16-menuliu\\\/#primaryimage\"},\"thumbnailUrl\":\"https:\\\/\\\/skaitytaknyga.lt\\\/wp-content\\\/uploads\\\/2025\\\/04\\\/16-menuliu.webp\",\"datePublished\":\"2025-04-14T07:17:21+00:00\",\"dateModified\":\"2025-05-15T12:09:31+00:00\",\"description\":\"Lina Dukein nepana\u0161i \u012f niek\u0105, k\u0105 lig \u0161iol buvo reg\u0117j\u0119s ma\u017eas pietieti\u0161kas Gatlino miestelis, ir ji stengiasi nusl\u0117pti savo gali\u0105 bei prakeiksm\u0105,\",\"breadcrumb\":{\"@id\":\"https:\\\/\\\/skaitytaknyga.lt\\\/produktas\\\/16-menuliu\\\/#breadcrumb\"},\"inLanguage\":\"en-GB\",\"potentialAction\":[{\"@type\":\"ReadAction\",\"target\":[\"https:\\\/\\\/skaitytaknyga.lt\\\/produktas\\\/16-menuliu\\\/\"]}]},{\"@type\":\"ImageObject\",\"inLanguage\":\"en-GB\",\"@id\":\"https:\\\/\\\/skaitytaknyga.lt\\\/produktas\\\/16-menuliu\\\/#primaryimage\",\"url\":\"https:\\\/\\\/skaitytaknyga.lt\\\/wp-content\\\/uploads\\\/2025\\\/04\\\/16-menuliu.webp\",\"contentUrl\":\"https:\\\/\\\/skaitytaknyga.lt\\\/wp-content\\\/uploads\\\/2025\\\/04\\\/16-menuliu.webp\",\"width\":399,\"height\":614,\"caption\":\"16 m\u0117nuli\u0173\"},{\"@type\":\"BreadcrumbList\",\"@id\":\"https:\\\/\\\/skaitytaknyga.lt\\\/produktas\\\/16-menuliu\\\/#breadcrumb\",\"itemListElement\":[{\"@type\":\"ListItem\",\"position\":1,\"name\":\"Home\",\"item\":\"https:\\\/\\\/skaitytaknyga.lt\\\/\"},{\"@type\":\"ListItem\",\"position\":2,\"name\":\"Parduotuv\u0117\",\"item\":\"https:\\\/\\\/skaitytaknyga.lt\\\/knygu-parduotuve\\\/\"},{\"@type\":\"ListItem\",\"position\":3,\"name\":\"16 m\u0117nuli\u0173\"}]},{\"@type\":\"WebSite\",\"@id\":\"https:\\\/\\\/skaitytaknyga.lt\\\/#website\",\"url\":\"https:\\\/\\\/skaitytaknyga.lt\\\/\",\"name\":\"skaitytaknyga.lt\",\"description\":\"Skaitytaknyga.lt \u2013 tai ma\u017eas \u0161eimos verslas, kuris prasid\u0117jo nuo meil\u0117s knygoms ir siekio i\u0161gelb\u0117ti knygas nuo likimo prie konteinerio. Kas vienam nereikalingas daiktas \u2013 kitam lobis, o mes esame tarpininkai, kurie padeda abiems tapti laimingesniems ???? \u017dinome kaip nelengva i\u0161gyventi ma\u017eiems verslams, tad nuo \u0161iol, \u010dia rasite ir kit\u0173, ma\u017e\u0173 \u0161eim\u0173 versl\u0173, rank\u0173 darbo, dovan\u0173 sau ir artimiesiems.\",\"publisher\":{\"@id\":\"https:\\\/\\\/skaitytaknyga.lt\\\/#organization\"},\"potentialAction\":[{\"@type\":\"SearchAction\",\"target\":{\"@type\":\"EntryPoint\",\"urlTemplate\":\"https:\\\/\\\/skaitytaknyga.lt\\\/?s={search_term_string}\"},\"query-input\":{\"@type\":\"PropertyValueSpecification\",\"valueRequired\":true,\"valueName\":\"search_term_string\"}}],\"inLanguage\":\"en-GB\"},{\"@type\":\"Organization\",\"@id\":\"https:\\\/\\\/skaitytaknyga.lt\\\/#organization\",\"name\":\"skaitytaknyga.lt\",\"url\":\"https:\\\/\\\/skaitytaknyga.lt\\\/\",\"logo\":{\"@type\":\"ImageObject\",\"inLanguage\":\"en-GB\",\"@id\":\"https:\\\/\\\/skaitytaknyga.lt\\\/#\\\/schema\\\/logo\\\/image\\\/\",\"url\":\"https:\\\/\\\/skaitytaknyga.lt\\\/wp-content\\\/uploads\\\/2024\\\/05\\\/cropped-cropped-cropped-02_00843_jt3bggkj1j3HLc7SyY6rEUpg.jpeg\",\"contentUrl\":\"https:\\\/\\\/skaitytaknyga.lt\\\/wp-content\\\/uploads\\\/2024\\\/05\\\/cropped-cropped-cropped-02_00843_jt3bggkj1j3HLc7SyY6rEUpg.jpeg\",\"width\":1600,\"height\":1600,\"caption\":\"skaitytaknyga.lt\"},\"image\":{\"@id\":\"https:\\\/\\\/skaitytaknyga.lt\\\/#\\\/schema\\\/logo\\\/image\\\/\"},\"sameAs\":[\"https:\\\/\\\/www.facebook.com\\\/skaitytaknyga\\\/\"]}]}<\/script>\n<!-- \/ Yoast SEO plugin. -->","yoast_head_json":{"title":"16 m\u0117nuli\u0173","description":"Lina Dukein nepana\u0161i \u012f niek\u0105, k\u0105 lig \u0161iol buvo reg\u0117j\u0119s ma\u017eas pietieti\u0161kas Gatlino miestelis, ir ji stengiasi nusl\u0117pti savo gali\u0105 bei prakeiksm\u0105,","robots":{"index":"index","follow":"follow","max-snippet":"max-snippet:-1","max-image-preview":"max-image-preview:large","max-video-preview":"max-video-preview:-1"},"canonical":"https:\/\/skaitytaknyga.lt\/en\/produktas\/16-menuliu\/","og_locale":"en_GB","og_type":"article","og_title":"[:lt]16 m\u0117nuli\u0173[:] - Skaitytaknyga","og_description":"Lina Dukein nepana\u0161i \u012f niek\u0105, k\u0105 lig \u0161iol buvo reg\u0117j\u0119s ma\u017eas pietieti\u0161kas Gatlino miestelis, ir ji stengiasi nusl\u0117pti savo gali\u0105 bei prakeiksm\u0105,","og_url":"https:\/\/skaitytaknyga.lt\/en\/produktas\/16-menuliu\/","og_site_name":"Skaitytaknyga","article_publisher":"https:\/\/www.facebook.com\/skaitytaknyga\/","article_modified_time":"2025-05-15T12:09:31+00:00","og_image":[{"width":399,"height":614,"url":"https:\/\/skaitytaknyga.lt\/wp-content\/uploads\/2025\/04\/16-menuliu.webp","type":"image\/webp"}],"twitter_card":"summary_large_image","twitter_misc":{"Estimated reading time":"2 minutes"},"schema":{"@context":"https:\/\/schema.org","@graph":[{"@type":"WebPage","@id":"https:\/\/skaitytaknyga.lt\/produktas\/16-menuliu\/","url":"https:\/\/skaitytaknyga.lt\/produktas\/16-menuliu\/","name":"16 m\u0117nuli\u0173","isPartOf":{"@id":"https:\/\/skaitytaknyga.lt\/#website"},"primaryImageOfPage":{"@id":"https:\/\/skaitytaknyga.lt\/produktas\/16-menuliu\/#primaryimage"},"image":{"@id":"https:\/\/skaitytaknyga.lt\/produktas\/16-menuliu\/#primaryimage"},"thumbnailUrl":"https:\/\/skaitytaknyga.lt\/wp-content\/uploads\/2025\/04\/16-menuliu.webp","datePublished":"2025-04-14T07:17:21+00:00","dateModified":"2025-05-15T12:09:31+00:00","description":"Lina Dukein nepana\u0161i \u012f niek\u0105, k\u0105 lig \u0161iol buvo reg\u0117j\u0119s ma\u017eas pietieti\u0161kas Gatlino miestelis, ir ji stengiasi nusl\u0117pti savo gali\u0105 bei prakeiksm\u0105,","breadcrumb":{"@id":"https:\/\/skaitytaknyga.lt\/produktas\/16-menuliu\/#breadcrumb"},"inLanguage":"en-GB","potentialAction":[{"@type":"ReadAction","target":["https:\/\/skaitytaknyga.lt\/produktas\/16-menuliu\/"]}]},{"@type":"ImageObject","inLanguage":"en-GB","@id":"https:\/\/skaitytaknyga.lt\/produktas\/16-menuliu\/#primaryimage","url":"https:\/\/skaitytaknyga.lt\/wp-content\/uploads\/2025\/04\/16-menuliu.webp","contentUrl":"https:\/\/skaitytaknyga.lt\/wp-content\/uploads\/2025\/04\/16-menuliu.webp","width":399,"height":614,"caption":"16 m\u0117nuli\u0173"},{"@type":"BreadcrumbList","@id":"https:\/\/skaitytaknyga.lt\/produktas\/16-menuliu\/#breadcrumb","itemListElement":[{"@type":"ListItem","position":1,"name":"Home","item":"https:\/\/skaitytaknyga.lt\/"},{"@type":"ListItem","position":2,"name":"Parduotuv\u0117","item":"https:\/\/skaitytaknyga.lt\/knygu-parduotuve\/"},{"@type":"ListItem","position":3,"name":"16 m\u0117nuli\u0173"}]},{"@type":"WebSite","@id":"https:\/\/skaitytaknyga.lt\/#website","url":"https:\/\/skaitytaknyga.lt\/","name":"skaitytaknyga.lt","description":"Skaitytaknyga.lt \u2013 tai ma\u017eas \u0161eimos verslas, kuris prasid\u0117jo nuo meil\u0117s knygoms ir siekio i\u0161gelb\u0117ti knygas nuo likimo prie konteinerio. Kas vienam nereikalingas daiktas \u2013 kitam lobis, o mes esame tarpininkai, kurie padeda abiems tapti laimingesniems ???? \u017dinome kaip nelengva i\u0161gyventi ma\u017eiems verslams, tad nuo \u0161iol, \u010dia rasite ir kit\u0173, ma\u017e\u0173 \u0161eim\u0173 versl\u0173, rank\u0173 darbo, dovan\u0173 sau ir artimiesiems.","publisher":{"@id":"https:\/\/skaitytaknyga.lt\/#organization"},"potentialAction":[{"@type":"SearchAction","target":{"@type":"EntryPoint","urlTemplate":"https:\/\/skaitytaknyga.lt\/?s={search_term_string}"},"query-input":{"@type":"PropertyValueSpecification","valueRequired":true,"valueName":"search_term_string"}}],"inLanguage":"en-GB"},{"@type":"Organization","@id":"https:\/\/skaitytaknyga.lt\/#organization","name":"skaitytaknyga.lt","url":"https:\/\/skaitytaknyga.lt\/","logo":{"@type":"ImageObject","inLanguage":"en-GB","@id":"https:\/\/skaitytaknyga.lt\/#\/schema\/logo\/image\/","url":"https:\/\/skaitytaknyga.lt\/wp-content\/uploads\/2024\/05\/cropped-cropped-cropped-02_00843_jt3bggkj1j3HLc7SyY6rEUpg.jpeg","contentUrl":"https:\/\/skaitytaknyga.lt\/wp-content\/uploads\/2024\/05\/cropped-cropped-cropped-02_00843_jt3bggkj1j3HLc7SyY6rEUpg.jpeg","width":1600,"height":1600,"caption":"skaitytaknyga.lt"},"image":{"@id":"https:\/\/skaitytaknyga.lt\/#\/schema\/logo\/image\/"},"sameAs":["https:\/\/www.facebook.com\/skaitytaknyga\/"]}]}},"_links":{"self":[{"href":"https:\/\/skaitytaknyga.lt\/en\/wp-json\/wp\/v2\/product\/17766","targetHints":{"allow":["GET"]}}],"collection":[{"href":"https:\/\/skaitytaknyga.lt\/en\/wp-json\/wp\/v2\/product"}],"about":[{"href":"https:\/\/skaitytaknyga.lt\/en\/wp-json\/wp\/v2\/types\/product"}],"replies":[{"embeddable":true,"href":"https:\/\/skaitytaknyga.lt\/en\/wp-json\/wp\/v2\/comments?post=17766"}],"wp:featuredmedia":[{"embeddable":true,"href":"https:\/\/skaitytaknyga.lt\/en\/wp-json\/wp\/v2\/media\/17767"}],"wp:attachment":[{"href":"https:\/\/skaitytaknyga.lt\/en\/wp-json\/wp\/v2\/media?parent=17766"}],"wp:term":[{"taxonomy":"product_brand","embeddable":true,"href":"https:\/\/skaitytaknyga.lt\/en\/wp-json\/wp\/v2\/product_brand?post=17766"},{"taxonomy":"product_cat","embeddable":true,"href":"https:\/\/skaitytaknyga.lt\/en\/wp-json\/wp\/v2\/product_cat?post=17766"},{"taxonomy":"product_tag","embeddable":true,"href":"https:\/\/skaitytaknyga.lt\/en\/wp-json\/wp\/v2\/product_tag?post=17766"}],"curies":[{"name":"wp","href":"https:\/\/api.w.org\/{rel}","templated":true}]}}